{"id":4210,"date":"2020-11-15T11:47:56","date_gmt":"2020-11-15T11:47:56","guid":{"rendered":"http:\/\/cozinhadave.com\/?page_id=4210"},"modified":"2022-04-18T08:29:32","modified_gmt":"2022-04-18T08:29:32","slug":"affiliate-disclosure","status":"publish","type":"page","link":"https:\/\/cozinhadave.com\/sv\/affiliate-disclosure\/","title":{"rendered":"Affiliate-marknadsf\u00f6ring"},"content":{"rendered":"<section class=\"wp-block-uagb-columns uagb-columns__wrap uagb-columns__background-undefined uagb-columns__stack-mobile uagb-columns__valign-undefined uagb-columns__gap-10 alignundefined uagb-block-1c755a60\"><div class=\"uagb-columns__overlay\"><\/div><div class=\"uagb-columns__inner-wrap uagb-columns__columns-3\">\n<div class=\"wp-block-uagb-column uagb-column__wrap uagb-column__background-undefined uagb-block-03b8b2d1\"><div class=\"uagb-column__overlay\"><\/div><div class=\"uagb-column__inner-wrap\"><\/div><\/div>\n\n\n\n<div class=\"wp-block-uagb-column uagb-column__wrap uagb-column__background-undefined uagb-block-c2637f0a\"><div class=\"uagb-column__overlay\"><\/div><div class=\"uagb-column__inner-wrap\">\n<h2 class=\"has-text-align-center wp-block-heading\">AFFILIATE UPPLYSNING<\/h2>\n\n\n\n<p>Hemsidan <a href=\"http:\/\/cozinhadave.com\/sv\/\">Cozinhadave.com<\/a> Du \u00e4r en affiliate till n\u00e5gra f\u00f6retag i din aff\u00e4rsnisch, detta \u00e4r ett av s\u00e4tten vi hittar f\u00f6r att st\u00f6dja v\u00e5rt arbete p\u00e5 l\u00f6pande basis och f\u00f6rb\u00e4ttra kvaliteten p\u00e5 inneh\u00e5llet vi erbjuder p\u00e5 v\u00e5r webbplats, s\u00e5v\u00e4l som p\u00e5 v\u00e5r YouTube-kanal.<\/p>\n\n\n\n<p>Affiliate-l\u00e4nkar fungerar enligt f\u00f6ljande, n\u00e4rhelst en webbplatsbes\u00f6kare klickar p\u00e5 l\u00e4nken omdirigeras de till affiliatewebbplatsen (till exempel Amazon.com.br) och p\u00e5 webbplatsen n\u00e4rhelst de k\u00f6per en artikel, <a href=\"http:\/\/cozinhadave.com\/sv\/\">Cozinhadave.com<\/a> du kommer att f\u00e5 en liten provision p\u00e5 f\u00f6rs\u00e4ljningen av varan\/varorna, utan att k\u00f6paren skadas vad g\u00e4ller det belopp som ska betalas, eftersom de alltid kommer att betala det normala beloppet, eller till och med l\u00e4gre belopp n\u00e4r det finns exklusiva kampanjer.<\/p>\n\n\n\n<p><\/p>\n\n\n\n<p>Dessutom informerar vi dig om att cuisinedave.com deltar i Amazon associates-programmet, en f\u00f6rmedlingstj\u00e4nst mellan Amazon och kunder, som betalar f\u00f6r inkluderingen av l\u00e4nkar till Amazons webbplats och anslutna webbplatser.<\/p>\n\n\n\n<p>Senaste granskning gjord 2021-01-23<\/p>\n<\/div><\/div>\n\n\n\n<div class=\"wp-block-uagb-column uagb-column__wrap uagb-column__background-undefined uagb-block-8d13cf53\"><div class=\"uagb-column__overlay\"><\/div><div class=\"uagb-column__inner-wrap\"><\/div><\/div>\n<\/div><\/section>","protected":false},"excerpt":{"rendered":"<p>DIVULGA\u00c7\u00c3O DE AFILIADOS O site cozinhadave.com \u00e9 afiliado de algumas empresas do seu nicho de neg\u00f3cio, esta \u00e9 uma das formas que encontramos para apoiar o nosso trabalho de forma cont\u00ednua e melhorar a qualidade do conte\u00fado que oferecemos no nosso website, bem como no nosso canal de Youtube. O links de afiliados funcionam da&hellip;&nbsp;<\/p>\n<div class=\"read-more-wrapper\"><a href=\"https:\/\/cozinhadave.com\/sv\/affiliate-disclosure\/\" class=\"button button-secondary\" rel=\"bookmark\">L\u00e4s mer \"<span class=\"screen-reader-text\">Affiliate-marknadsf\u00f6ring<\/span><\/a><\/div>","protected":false},"author":1,"featured_media":0,"parent":0,"menu_order":0,"comment_status":"closed","ping_status":"closed","template":"elementor_theme","meta":{"_uag_custom_page_level_css":"","wprm-recipe-roundup-name":"","wprm-recipe-roundup-description":"","neve_meta_sidebar":"","neve_meta_container":"","neve_meta_enable_content_width":"","neve_meta_content_width":0,"neve_meta_title_alignment":"","neve_meta_author_avatar":"","neve_post_elements_order":"","neve_meta_disable_header":"","neve_meta_disable_footer":"","neve_meta_disable_title":"","neve_meta_reading_time":"","footnotes":""},"class_list":["post-4210","page","type-page","status-publish","hentry"],"uagb_featured_image_src":{"full":false,"thumbnail":false,"medium":false,"medium_large":false,"large":false,"1536x1536":false,"2048x2048":false,"trp-custom-language-flag":false,"ultp_layout_landscape_large":false,"ultp_layout_landscape":false,"ultp_layout_portrait":false,"ultp_layout_square":false,"wprm-metadata-1_1":false,"wprm-metadata-4_3":false,"wprm-metadata-16_9":false,"neve-blog":false},"uagb_author_info":{"display_name":"cozinhadave","author_link":"https:\/\/cozinhadave.com\/sv\/author\/cozinhadave\/"},"uagb_comment_info":0,"uagb_excerpt":"DIVULGA\u00c7\u00c3O DE AFILIADOS O site cozinhadave.com \u00e9 afiliado de algumas empresas do seu nicho de neg\u00f3cio, esta \u00e9 uma das formas que encontramos para apoiar o nosso trabalho de forma cont\u00ednua e melhorar a qualidade do conte\u00fado que oferecemos no nosso website, bem como no nosso canal de Youtube. O links de afiliados funcionam da&hellip;&nbsp;Ler&hellip;","_links":{"self":[{"href":"https:\/\/cozinhadave.com\/sv\/wp-json\/wp\/v2\/pages\/4210","targetHints":{"allow":["GET"]}}],"collection":[{"href":"https:\/\/cozinhadave.com\/sv\/wp-json\/wp\/v2\/pages"}],"about":[{"href":"https:\/\/cozinhadave.com\/sv\/wp-json\/wp\/v2\/types\/page"}],"author":[{"embeddable":true,"href":"https:\/\/cozinhadave.com\/sv\/wp-json\/wp\/v2\/users\/1"}],"replies":[{"embeddable":true,"href":"https:\/\/cozinhadave.com\/sv\/wp-json\/wp\/v2\/comments?post=4210"}],"version-history":[{"count":0,"href":"https:\/\/cozinhadave.com\/sv\/wp-json\/wp\/v2\/pages\/4210\/revisions"}],"wp:attachment":[{"href":"https:\/\/cozinhadave.com\/sv\/wp-json\/wp\/v2\/media?parent=4210"}],"curies":[{"name":"wp","href":"https:\/\/api.w.org\/{rel}","templated":true}]}}