{"id":21193,"date":"2024-07-02T08:28:02","date_gmt":"2024-07-02T08:28:02","guid":{"rendered":"http:\/\/cozinhadave.com\/?page_id=21193"},"modified":"2024-07-02T10:15:45","modified_gmt":"2024-07-02T10:15:45","slug":"recept","status":"publish","type":"page","link":"https:\/\/cozinhadave.com\/sv\/recept\/","title":{"rendered":"INT\u00c4KTER"},"content":{"rendered":"<div class=\"wp-block-uagb-advanced-heading uagb-block-ca604257\"><h2 class=\"uagb-heading-text\">KULINARISKA RECEPT<\/h2><p class=\"uagb-desc-text\">Kolla in v\u00e5ra matlagningsrecept<\/p><\/div>\n\n\n\n<div class=\"wp-block-uagb-container uagb-block-26a8be47 alignfull uagb-is-root-container\"><div class=\"uagb-container-inner-blocks-wrap\">\n<div class=\"wp-block-uagb-container uagb-block-71bdc037\"><\/div>\n\n\n\n<div class=\"wp-block-uagb-container uagb-block-46bd2a80\">\n<p>Inget snack om saken, bara riktig mat. Bl\u00e4ddra bland hundratals enkla recept med enkla ingredienser fr\u00e5n riktiga livsmedel. De kommer att tillfredsst\u00e4lla \u00e4ven de mest kr\u00e4sna!&nbsp;<\/p>\n\n\n\n<p>Den inneh\u00e5ller alla typer av recept, med fokus p\u00e5 det luso-brasilianska k\u00f6ket. Recepten \u00e4r rigor\u00f6st testade s\u00e5 att du alltid f\u00e5r ett idiots\u00e4kert resultat, med steg-f\u00f6r-steg-foton och videor s\u00e5 att du f\u00e5r allt st\u00f6d du beh\u00f6ver.<\/p>\n\n\n<div  class=\"wp-block-ultimate-post-advanced-search ultp-block-f6cd4a\"><div class=\"ultp-block-wrapper\"><div class=\"ultp-search-container ultp-search-frontend\"  data-ajax=\"1\" data-gosearch=\"1\" data-enablenewtab=\"\" data-blockid=\"f6cd4a\" \n                    data-image=\"1\"  data-author= \"data-date=\"\"\" data-excerpt=\"1\" data-excerptlimit=\"25\" data-allresult=\"1\" data-catenable=\"\"  data-postno=\"3\"  data-noresultext=\"N\u00e3o foram encontrados resultados\"  data-viewmoretext=\"View More Results\"  data-popupposition=\"right\" data-searchposttype=\"\"><div class=\"ultp-searchform-content ultp-searchform-input1\"><div class=\"ultp-search-inputwrap\"> <input type=\"text\" value=\"\" class=\"ultp-searchres-input\"  placeholder=\"S\u00f6k efter recept\"\/> <span class=\"ultp-search-clear\" data-blockid=\"f6cd4a\"><svg xmlns=\"http:\/\/www.w3.org\/2000\/svg\" fill=\"none\" viewbox=\"0 0 24 24\">\n  <path stroke=\"currentColor\" stroke-linecap=\"round\" stroke-width=\"1.5\" d=\"m6 6 6 6m0 0 6 6m-6-6 6-6m-6 6-6 6\"\/>\n<\/svg>\n<\/span> <\/div><div class=\"ultp-search-button\"><svg xmlns=\"http:\/\/www.w3.org\/2000\/svg\" fill=\"none\" viewbox=\"0 0 24 24\">\n  <path stroke=\"currentColor\" stroke-linecap=\"round\" stroke-linejoin=\"round\" stroke-width=\"1.5\" d=\"M11 19a8 8 0 1 0 0-16 8 8 0 0 0 0 16Zm10 2-4.35-4.35\"\/>\n<\/svg>\n<span class=\"ultp-search-button__text\"> S\u00f6k p\u00e5 <\/span><\/div><\/div><\/div><\/div><\/div><\/div>\n\n\n\n<div class=\"wp-block-uagb-container uagb-block-59e8365b\"><\/div>\n<\/div><\/div>\n\n\n\n<div class=\"wp-block-uagb-container uagb-block-bb890383 alignfull uagb-is-root-container\"><div class=\"uagb-container-inner-blocks-wrap\">\n<div class=\"wp-block-uagb-container uagb-block-07f24e17\"><\/div>\n\n\n\n<div class=\"wp-block-uagb-container uagb-block-894989ec\"><div  class=\"ultp-post-grid-block wp-block-ultimate-post-post-list-3 ultp-block-e931a7\"><div class=\"ultp-block-wrapper\"><div class=\"ultp-loading\"><div class=\"ultp-loading-blocks\" style=\"width:100%;height:100%;\"><div style=\"left: 0;top: 0;animation-delay:0s;\"><\/div><div style=\"left: 21px;top: 0;animation-delay:0.125s;\"><\/div><div style=\"left: 42px;top: 0;animation-delay:0.25s;\"><\/div><div style=\"left: 0;top: 21px;animation-delay:0.875s;\"><\/div><div style=\"left: 42px;top: 21px;animation-delay:0.375s;\"><\/div><div style=\"left: 0;top: 42px;animation-delay:0.75s;\"><\/div><div style=\"left: 42px;top: 42px;animation-delay:0.625s;\"><\/div><div style=\"left: 21px;top: 42px;animation-delay:0.5s;\"><\/div><\/div><\/div><div class=\"ultp-heading-filter\"><div class=\"ultp-heading-filter-in\"><div class=\"ultp-filter-navigation\"><div class=\"ultp-filter-wrap\" data-taxtype=\"category\" data-blockid=\"e931a7\" data-blockname=\"ultimate-post_post-list-3\" data-postid=\"21193\"data-selfpostid=\"yes\"><ul  data-name=\"More\"><li class=\"filter-item\"><a class=\"filter-active\" data-taxonomy=\"\" href=\"#\">ALLA<\/a><\/li><li class=\"filter-item\"><a data-taxonomy=\"bebidas\" href=\"#\">DRYCKER<\/a><\/li><li class=\"filter-item\"><a data-taxonomy=\"pratos-principais\" href=\"#\">HUVUDR\u00c4TTER<\/a><\/li><li class=\"filter-item\"><a data-taxonomy=\"petiscos\" href=\"#\">SALTA MELLANM\u00c5L<\/a><\/li><li class=\"filter-item\"><a data-taxonomy=\"doces-sobremesas\" href=\"#\">DESSERTS<\/a><\/li><li class=\"filter-item\"><a data-taxonomy=\"acompanhamentos\" href=\"#\">BIFR\u00c5N OCH UPP<\/a><\/li><li class=\"filter-item\"><a data-taxonomy=\"sopas\" href=\"#\">SOPPOR<\/a><\/li><li class=\"filter-item\"><a data-taxonomy=\"saladas\" href=\"#\">SALLADER<\/a><\/li><li class=\"filter-item\"><a data-taxonomy=\"molhos-cremes\" href=\"#\">SOULS<\/a><\/li><li class=\"filter-item\"><a data-taxonomy=\"massas\" href=\"#\">DEGAR<\/a><\/li><li class=\"filter-item\"><a data-taxonomy=\"comidas-saudaveis\" href=\"#\">H\u00c4LSOSAM MAT<\/a><\/li><li class=\"filter-item\"><a data-taxonomy=\"low-carb\" href=\"#\">L\u00c5G KOLHYDRATHALT<\/a><\/li><\/ul><\/div><\/div><\/div><\/div><div class=\"ultp-block-items-wrap ultp-block-row ultp-block-column-1 ultp-block-content-middle ultp-layout1\"><div class=\"ultp-block-item ultp-block-media post-id-3404\"><div class=\"ultp-block-content-wrap\"><div class=\"ultp-block-image ultp-block-image-opacity\"><a href=\"https:\/\/cozinhadave.com\/sv\/morotspannkaka\/\"><img decoding=\"async\"  alt=\"passar morotspannkaka\"  src=\"https:\/\/cozinhadave.com\/wp-content\/uploads\/2020\/09\/panqueca-de-cenoura.jpg\" \/><\/a><\/div><div class=\"ultp-block-content\"><div class=\"ultp-category-grid ultp-category-classic ultp-category-aboveTitle\"><div class=\"ultp-category-in\"><a class=\"ultp-cat-pratos-principais\" href=\"https:\/\/cozinhadave.com\/sv\/kategori\/recept\/fisk\/\">HUVUDR\u00c4TTER<\/a><\/div><\/div><h3 class=\"ultp-block-title\"><a href=\"https:\/\/cozinhadave.com\/sv\/morotspannkaka\/\">morotspannkaka<\/a><\/h3><div class=\"ultp-block-excerpt\"><p>Panqueca de Cenoura Quem n\u00e3o gosta de uma deliciosa panqueca? Eu amo! E bem sei que muitos de voc\u00eas tamb\u00e9m, porque recebi muitos pedidos para fazer uma panqueca deliciosa. Hoje chegou esse dia em que vou mostrar para voc\u00ea como&hellip;<\/p>\n<\/div><div class=\"ultp-block-readmore\"><a aria-label=\"morotspannkaka\" href=\"https:\/\/cozinhadave.com\/sv\/morotspannkaka\/\">L\u00e4r dig mer<svg xmlns=\"http:\/\/www.w3.org\/2000\/svg\" fill=\"none\" viewbox=\"0 0 24 24\">\n  <path stroke=\"currentColor\" stroke-linecap=\"round\" stroke-linejoin=\"round\" stroke-width=\"1.5\" d=\"m12 20.5 8.5-8.5m0 0L12 3.5m8.5 8.5h-17\"\/>\n<\/svg>\n<\/a><\/div><\/div><\/div><\/div><div class=\"ultp-block-item ultp-block-media post-id-13634\"><div class=\"ultp-block-content-wrap\"><div class=\"ultp-block-image ultp-block-image-opacity\"><a href=\"https:\/\/cozinhadave.com\/sv\/kramig-bonsoppa\/\"><img decoding=\"async\"  alt=\"Kr\u00e4mig b\u00f6nsoppa\"  src=\"https:\/\/cozinhadave.com\/wp-content\/uploads\/2022\/09\/017-Sopa-cremosa-de-feijao-2-1-600x600.webp\" \/><\/a><\/div><div class=\"ultp-block-content\"><div class=\"ultp-category-grid ultp-category-classic ultp-category-aboveTitle\"><div class=\"ultp-category-in\"><a class=\"ultp-cat-sopas\" href=\"https:\/\/cozinhadave.com\/sv\/kategori\/recept\/soppor\/\">SOPPOR<\/a><\/div><\/div><h3 class=\"ultp-block-title\"><a href=\"https:\/\/cozinhadave.com\/sv\/kramig-bonsoppa\/\">Kr\u00e4mig b\u00f6nsoppa<\/a><\/h3><div class=\"ultp-block-excerpt\"><p>Na receita de hoje voc\u00ea vai aprender a fazer uma sopa cremosa de feij\u00e3o. Este \u00e9 um prato ideal para se alimentar e dar aquela aquecida em todos nos dias mais frios. Al\u00e9m disso, seu preparo \u00e9 f\u00e1cil e relativamente&hellip;<\/p>\n<\/div><div class=\"ultp-block-readmore\"><a aria-label=\"Kr\u00e4mig b\u00f6nsoppa\" href=\"https:\/\/cozinhadave.com\/sv\/kramig-bonsoppa\/\">L\u00e4r dig mer<svg xmlns=\"http:\/\/www.w3.org\/2000\/svg\" fill=\"none\" viewbox=\"0 0 24 24\">\n  <path stroke=\"currentColor\" stroke-linecap=\"round\" stroke-linejoin=\"round\" stroke-width=\"1.5\" d=\"m12 20.5 8.5-8.5m0 0L12 3.5m8.5 8.5h-17\"\/>\n<\/svg>\n<\/a><\/div><\/div><\/div><\/div><div class=\"ultp-block-item ultp-block-media post-id-2597\"><div class=\"ultp-block-content-wrap\"><div class=\"ultp-block-image ultp-block-image-opacity\"><a href=\"https:\/\/cozinhadave.com\/sv\/pastell-de-belem\/\"><img decoding=\"async\"  alt=\"Pastell de Bel\u00e9m\"  src=\"https:\/\/cozinhadave.com\/wp-content\/uploads\/2020\/06\/Pastel-de-Belem-R.png\" \/><\/a><\/div><div class=\"ultp-block-content\"><div class=\"ultp-category-grid ultp-category-classic ultp-category-aboveTitle\"><div class=\"ultp-category-in\"><a class=\"ultp-cat-doces-sobremesas\" href=\"https:\/\/cozinhadave.com\/sv\/kategori\/recept\/sota-desserter\/\">DESSERTS<\/a><\/div><\/div><h3 class=\"ultp-block-title\"><a href=\"https:\/\/cozinhadave.com\/sv\/pastell-de-belem\/\">Pastell de Bel\u00e9m<\/a><\/h3><div class=\"ultp-block-excerpt\"><p>Ol\u00e1 meus queridos! Hoje \u00e9 um dia muito especial, pois decidi fazer uma das sobremesas que mais gosto, desde que cheguei em Portugal. O famoso e indescrit\u00edvel Pastel de Bel\u00e9m, ou como dizem os portugueses o &#8220;pastel de nata&#8221;. Espero&hellip;<\/p>\n<\/div><div class=\"ultp-block-readmore\"><a aria-label=\"Pastell de Bel\u00e9m\" href=\"https:\/\/cozinhadave.com\/sv\/pastell-de-belem\/\">L\u00e4r dig mer<svg xmlns=\"http:\/\/www.w3.org\/2000\/svg\" fill=\"none\" viewbox=\"0 0 24 24\">\n  <path stroke=\"currentColor\" stroke-linecap=\"round\" stroke-linejoin=\"round\" stroke-width=\"1.5\" d=\"m12 20.5 8.5-8.5m0 0L12 3.5m8.5 8.5h-17\"\/>\n<\/svg>\n<\/a><\/div><\/div><\/div><\/div><div class=\"ultp-block-item ultp-block-media post-id-3603\"><div class=\"ultp-block-content-wrap\"><div class=\"ultp-block-image ultp-block-image-opacity\"><a href=\"https:\/\/cozinhadave.com\/sv\/creme-of-the-him-recept\/\"><img decoding=\"async\"  alt=\"L\u00e4r dig hur du g\u00f6r Natas do C\u00e9u recept\"  src=\"https:\/\/cozinhadave.com\/wp-content\/uploads\/2020\/09\/Natas-do-ceu-blog.jpg\" \/><\/a><\/div><div class=\"ultp-block-content\"><div class=\"ultp-category-grid ultp-category-classic ultp-category-aboveTitle\"><div class=\"ultp-category-in\"><a class=\"ultp-cat-doces-sobremesas\" href=\"https:\/\/cozinhadave.com\/sv\/kategori\/recept\/sota-desserter\/\">DESSERTS<\/a><\/div><\/div><h3 class=\"ultp-block-title\"><a href=\"https:\/\/cozinhadave.com\/sv\/creme-of-the-him-recept\/\">L\u00e4r dig hur du g\u00f6r Natas do C\u00e9u recept<\/a><\/h3><div class=\"ultp-block-excerpt\"><p>Voc\u00ea gosta de uma sobremesa que se desfaz na boca? Eu adoro Hoje voc\u00ea vai conhecer a receita de natas do c\u00e9u, que \u00e9 uma sobremesa portuguesa maravilhosa. Venha dai conferir! Receita de natas do c\u00e9u Assim hoje decidi mostrar&hellip;<\/p>\n<\/div><div class=\"ultp-block-readmore\"><a aria-label=\"L\u00e4r dig hur du g\u00f6r Natas do C\u00e9u recept\" href=\"https:\/\/cozinhadave.com\/sv\/creme-of-the-him-recept\/\">L\u00e4r dig mer<svg xmlns=\"http:\/\/www.w3.org\/2000\/svg\" fill=\"none\" viewbox=\"0 0 24 24\">\n  <path stroke=\"currentColor\" stroke-linecap=\"round\" stroke-linejoin=\"round\" stroke-width=\"1.5\" d=\"m12 20.5 8.5-8.5m0 0L12 3.5m8.5 8.5h-17\"\/>\n<\/svg>\n<\/a><\/div><\/div><\/div><\/div><div class=\"ultp-block-item ultp-block-media post-id-3088\"><div class=\"ultp-block-content-wrap\"><div class=\"ultp-block-image ultp-block-image-opacity\"><a href=\"https:\/\/cozinhadave.com\/sv\/recept-pa-kycklingfrikass\/\"><img decoding=\"async\"  alt=\"recept p\u00e5 kycklingfrikass\u00e9\"  src=\"https:\/\/cozinhadave.com\/wp-content\/uploads\/2020\/08\/Fricass\u00ea-de-frango-blog.png\" \/><\/a><\/div><div class=\"ultp-block-content\"><div class=\"ultp-category-grid ultp-category-classic ultp-category-aboveTitle\"><div class=\"ultp-category-in\"><a class=\"ultp-cat-pratos-principais\" href=\"https:\/\/cozinhadave.com\/sv\/kategori\/recept\/fisk\/\">HUVUDR\u00c4TTER<\/a><\/div><\/div><h3 class=\"ultp-block-title\"><a href=\"https:\/\/cozinhadave.com\/sv\/recept-pa-kycklingfrikass\/\">Recept p\u00e5 kycklingfrikass\u00e9<\/a><\/h3><div class=\"ultp-block-excerpt\"><p>Receita de Fricass\u00ea de Frango Hoje vou preparar para voc\u00eas um prato muito especial, pois \u00e9 das comidas mais cremosas e saborosas ao mesmo tempo que tive o prazer de comer at\u00e9 hoje. Por isso mesmo decidi fazer esta maravilhosa&hellip;<\/p>\n<\/div><div class=\"ultp-block-readmore\"><a aria-label=\"Recept p\u00e5 kycklingfrikass\u00e9\" href=\"https:\/\/cozinhadave.com\/sv\/recept-pa-kycklingfrikass\/\">L\u00e4r dig mer<svg xmlns=\"http:\/\/www.w3.org\/2000\/svg\" fill=\"none\" viewbox=\"0 0 24 24\">\n  <path stroke=\"currentColor\" stroke-linecap=\"round\" stroke-linejoin=\"round\" stroke-width=\"1.5\" d=\"m12 20.5 8.5-8.5m0 0L12 3.5m8.5 8.5h-17\"\/>\n<\/svg>\n<\/a><\/div><\/div><\/div><\/div><div class=\"ultp-block-item ultp-block-media post-id-8531\"><div class=\"ultp-block-content-wrap\"><div class=\"ultp-block-image ultp-block-image-opacity\"><a href=\"https:\/\/cozinhadave.com\/sv\/kycklingklubba-for-nyborjare\/\"><img decoding=\"async\"  alt=\"recept p\u00e5 kycklingklubbor f\u00f6r nyb\u00f6rjare\"  src=\"https:\/\/cozinhadave.com\/wp-content\/uploads\/2021\/09\/coxinha-de-frango.jpg\" \/><\/a><\/div><div class=\"ultp-block-content\"><div class=\"ultp-category-grid ultp-category-classic ultp-category-aboveTitle\"><div class=\"ultp-category-in\"><a class=\"ultp-cat-petiscos\" href=\"https:\/\/cozinhadave.com\/sv\/kategori\/recept\/snacks\/\">SALTA MELLANM\u00c5L<\/a><\/div><\/div><h3 class=\"ultp-block-title\"><a href=\"https:\/\/cozinhadave.com\/sv\/kycklingklubba-for-nyborjare\/\">Enkla kycklingklubbor f\u00f6r nyb\u00f6rjare<\/a><\/h3><div class=\"ultp-block-excerpt\"><p>Quem n\u00e3o ama uma deliciosa e suculenta coxinha de frango acabadinha de fritar? Assim trago hoje para voc\u00eas uma receita de coxinha de frango simples para iniciantes! Esta receita pode conter links de afiliados, confira a pol\u00edtica de privacidade e&hellip;<\/p>\n<\/div><div class=\"ultp-block-readmore\"><a aria-label=\"Enkla kycklingklubbor f\u00f6r nyb\u00f6rjare\" href=\"https:\/\/cozinhadave.com\/sv\/kycklingklubba-for-nyborjare\/\">L\u00e4r dig mer<svg xmlns=\"http:\/\/www.w3.org\/2000\/svg\" fill=\"none\" viewbox=\"0 0 24 24\">\n  <path stroke=\"currentColor\" stroke-linecap=\"round\" stroke-linejoin=\"round\" stroke-width=\"1.5\" d=\"m12 20.5 8.5-8.5m0 0L12 3.5m8.5 8.5h-17\"\/>\n<\/svg>\n<\/a><\/div><\/div><\/div><\/div><div class=\"ultp-block-item ultp-block-media post-id-14735\"><div class=\"ultp-block-content-wrap\"><div class=\"ultp-block-image ultp-block-image-opacity\"><a href=\"https:\/\/cozinhadave.com\/sv\/trefargad-sallad\/\"><img decoding=\"async\"  alt=\"tref\u00e4rgad sallad\"  src=\"https:\/\/cozinhadave.com\/wp-content\/uploads\/2023\/01\/053-salada-tricolor-600x600.webp\" \/><\/a><\/div><div class=\"ultp-block-content\"><div class=\"ultp-category-grid ultp-category-classic ultp-category-aboveTitle\"><div class=\"ultp-category-in\"><a class=\"ultp-cat-saladas\" href=\"https:\/\/cozinhadave.com\/sv\/kategori\/recept\/sallader\/\">SALLADER<\/a><\/div><\/div><h3 class=\"ultp-block-title\"><a href=\"https:\/\/cozinhadave.com\/sv\/trefargad-sallad\/\">Trikolorsallad<\/a><\/h3><div class=\"ultp-block-excerpt\"><p>O que voc\u00ea acha de aprender a fazer uma saborosa salada tricolor para enfeitar o seu prato? Al\u00e9m de muito saud\u00e1vel, esse prato \u00e9 super r\u00e1pido de fazer. E ele fica muito gostoso, podendo servir como acompanhamento para diversos pratos.&hellip;<\/p>\n<\/div><div class=\"ultp-block-readmore\"><a aria-label=\"Trikolorsallad\" href=\"https:\/\/cozinhadave.com\/sv\/trefargad-sallad\/\">L\u00e4r dig mer<svg xmlns=\"http:\/\/www.w3.org\/2000\/svg\" fill=\"none\" viewbox=\"0 0 24 24\">\n  <path stroke=\"currentColor\" stroke-linecap=\"round\" stroke-linejoin=\"round\" stroke-width=\"1.5\" d=\"m12 20.5 8.5-8.5m0 0L12 3.5m8.5 8.5h-17\"\/>\n<\/svg>\n<\/a><\/div><\/div><\/div><\/div><div class=\"ultp-block-item ultp-block-media post-id-8958\"><div class=\"ultp-block-content-wrap\"><div class=\"ultp-block-image ultp-block-image-opacity\"><a href=\"https:\/\/cozinhadave.com\/sv\/kyckling-och-skinka-ost-lasagne-recept\/\"><img decoding=\"async\"  alt=\"Hur man g\u00f6r kycklinglasagne\"  src=\"https:\/\/cozinhadave.com\/wp-content\/uploads\/2021\/11\/Como-fazer-lasanha-de-frango-2.jpg\" \/><\/a><\/div><div class=\"ultp-block-content\"><div class=\"ultp-category-grid ultp-category-classic ultp-category-aboveTitle\"><div class=\"ultp-category-in\"><a class=\"ultp-cat-pratos-principais\" href=\"https:\/\/cozinhadave.com\/sv\/kategori\/recept\/fisk\/\">HUVUDR\u00c4TTER<\/a><\/div><\/div><h3 class=\"ultp-block-title\"><a href=\"https:\/\/cozinhadave.com\/sv\/kyckling-och-skinka-ost-lasagne-recept\/\">Kycklinglasagne med ost och skinka recept<\/a><\/h3><div class=\"ultp-block-excerpt\"><p>Hoje trago para voc\u00eas uma deliciosa receita de&nbsp;lasanha de frango com queijo e presunto,&nbsp;o frango bem desfiado com presunto e mussarela bem derretidinho\u2026 huuummmmm \u00e9 de chorar por mais! Esta receita pode conter links de afiliados, confira a pol\u00edtica de&hellip;<\/p>\n<\/div><div class=\"ultp-block-readmore\"><a aria-label=\"Kycklinglasagne med ost och skinka recept\" href=\"https:\/\/cozinhadave.com\/sv\/kyckling-och-skinka-ost-lasagne-recept\/\">L\u00e4r dig mer<svg xmlns=\"http:\/\/www.w3.org\/2000\/svg\" fill=\"none\" viewbox=\"0 0 24 24\">\n  <path stroke=\"currentColor\" stroke-linecap=\"round\" stroke-linejoin=\"round\" stroke-width=\"1.5\" d=\"m12 20.5 8.5-8.5m0 0L12 3.5m8.5 8.5h-17\"\/>\n<\/svg>\n<\/a><\/div><\/div><\/div><\/div><div class=\"ultp-block-item ultp-block-media post-id-2183\"><div class=\"ultp-block-content-wrap\"><div class=\"ultp-block-image ultp-block-image-opacity\"><a href=\"https:\/\/cozinhadave.com\/sv\/choklad-cupcake-recept\/\"><img decoding=\"async\"  alt=\"Choklad Cupcake recept\"  src=\"https:\/\/cozinhadave.com\/wp-content\/uploads\/2020\/04\/cupcakes-de-chocolate.jpg\" \/><\/a><\/div><div class=\"ultp-block-content\"><div class=\"ultp-category-grid ultp-category-classic ultp-category-aboveTitle\"><div class=\"ultp-category-in\"><a class=\"ultp-cat-doces-sobremesas\" href=\"https:\/\/cozinhadave.com\/sv\/kategori\/recept\/sota-desserter\/\">DESSERTS<\/a><\/div><\/div><h3 class=\"ultp-block-title\"><a href=\"https:\/\/cozinhadave.com\/sv\/choklad-cupcake-recept\/\">Choklad Cupcake recept<\/a><\/h3><div class=\"ultp-block-excerpt\"><p>O cupcake, \u00e9 uma receita americana que trouxe praticidade, economia e muito sabor em meio ao universo do bolo, se reinventa sempre, embora, o cupcake de chocolate seja sempre o preferido. Assim hoje trago para voc\u00eas como fazer esta deliciosa&hellip;<\/p>\n<\/div><div class=\"ultp-block-readmore\"><a aria-label=\"Choklad Cupcake recept\" href=\"https:\/\/cozinhadave.com\/sv\/choklad-cupcake-recept\/\">L\u00e4r dig mer<svg xmlns=\"http:\/\/www.w3.org\/2000\/svg\" fill=\"none\" viewbox=\"0 0 24 24\">\n  <path stroke=\"currentColor\" stroke-linecap=\"round\" stroke-linejoin=\"round\" stroke-width=\"1.5\" d=\"m12 20.5 8.5-8.5m0 0L12 3.5m8.5 8.5h-17\"\/>\n<\/svg>\n<\/a><\/div><\/div><\/div><\/div><div class=\"ultp-block-item ultp-block-media post-id-3375\"><div class=\"ultp-block-content-wrap\"><div class=\"ultp-block-image ultp-block-image-opacity\"><a href=\"https:\/\/cozinhadave.com\/sv\/hur-man-far-kamel-att-dregla\/\"><img decoding=\"async\"  alt=\"hur man f\u00e5r kamel att dregla\"  src=\"https:\/\/cozinhadave.com\/wp-content\/uploads\/2020\/08\/Baba-de-camelo-blog.jpg\" \/><\/a><\/div><div class=\"ultp-block-content\"><div class=\"ultp-category-grid ultp-category-classic ultp-category-aboveTitle\"><div class=\"ultp-category-in\"><a class=\"ultp-cat-doces-sobremesas\" href=\"https:\/\/cozinhadave.com\/sv\/kategori\/recept\/sota-desserter\/\">DESSERTS<\/a><\/div><\/div><h3 class=\"ultp-block-title\"><a href=\"https:\/\/cozinhadave.com\/sv\/hur-man-far-kamel-att-dregla\/\">Hur man g\u00f6r Camel Baba<\/a><\/h3><div class=\"ultp-block-excerpt\"><p>N\u00e3o sei bem o que estava esperando quando li sobre a baba dos camelos portugueses, mas n\u00e3o era isto. Aparentemente, em Portugal, existe um tipo de doce feito de saliva de camelo. Que nojo! Quem teria pensado que algo t\u00e3o&hellip;<\/p>\n<\/div><div class=\"ultp-block-readmore\"><a aria-label=\"Hur man g\u00f6r Camel Baba\" href=\"https:\/\/cozinhadave.com\/sv\/hur-man-far-kamel-att-dregla\/\">L\u00e4r dig mer<svg xmlns=\"http:\/\/www.w3.org\/2000\/svg\" fill=\"none\" viewbox=\"0 0 24 24\">\n  <path stroke=\"currentColor\" stroke-linecap=\"round\" stroke-linejoin=\"round\" stroke-width=\"1.5\" d=\"m12 20.5 8.5-8.5m0 0L12 3.5m8.5 8.5h-17\"\/>\n<\/svg>\n<\/a><\/div><\/div><\/div><\/div><\/div><div class=\"ultp-loadmore\"><span class=\"ultp-loadmore-action\" tabindex=\"0\" role=\"button\" data-pages=\"21\" data-pagenum=\"1\"  data-expost=\"\" data-blockid=\"e931a7\" data-blockname=\"ultimate-post_post-list-3\" data-postid=\"21193\" data-selfpostid=\"yes\">Se mer om <span class=\"ultp-spin\"><svg xmlns=\"http:\/\/www.w3.org\/2000\/svg\" fill=\"none\" viewbox=\"0 0 24 24\">\n  <path stroke=\"currentColor\" stroke-linecap=\"round\" stroke-linejoin=\"round\" stroke-width=\"1.5\" d=\"M21 12a9 9 0 0 1-17 4.127M3 12a9 9 0 0 1 17-4.127M20 3v5h-5M4 21v-5h5\"\/>\n<\/svg>\n<\/span><\/span><\/div><\/div><div class=\"pagination-block-html\" aria-hidden=\"true\" style=\"display: none;\"><\/div><\/div><\/div>\n\n\n\n<div class=\"wp-block-uagb-container uagb-block-179d179f\"><\/div>\n<\/div><\/div>","protected":false},"excerpt":{"rendered":"<p>RECEITAS DE CULIN\u00c1RIA Confira as nossas receitas de culin\u00e1ria Sem rodeios; apenas comida verdadeira. Procure centenas de receitas f\u00e1ceis, utilizando ingredientes alimentares simples e reais. Ir\u00e3o agradar at\u00e9 aos mais exigentes dos comedores!&nbsp; Inclui op\u00e7\u00f5es de todo o tipos de receitas, sendo o foco na culin\u00e1ria luso-brasileira. Estas receitas s\u00e3o rigorosamente testadas, de modo a&hellip;&nbsp;<\/p>\n<div class=\"read-more-wrapper\"><a href=\"https:\/\/cozinhadave.com\/sv\/recept\/\" class=\"button button-secondary\" rel=\"bookmark\">L\u00e4s mer \"<span class=\"screen-reader-text\">INT\u00c4KTER<\/span><\/a><\/div>","protected":false},"author":10,"featured_media":0,"parent":0,"menu_order":0,"comment_status":"closed","ping_status":"closed","template":"","meta":{"_uag_custom_page_level_css":"","wprm-recipe-roundup-name":"","wprm-recipe-roundup-description":"","neve_meta_sidebar":"","neve_meta_container":"","neve_meta_enable_content_width":"","neve_meta_content_width":0,"neve_meta_title_alignment":"","neve_meta_author_avatar":"","neve_post_elements_order":"","neve_meta_disable_header":"","neve_meta_disable_footer":"","neve_meta_disable_title":"","neve_meta_reading_time":"","footnotes":""},"class_list":["post-21193","page","type-page","status-publish","hentry"],"uagb_featured_image_src":{"full":false,"thumbnail":false,"medium":false,"medium_large":false,"large":false,"1536x1536":false,"2048x2048":false,"trp-custom-language-flag":false,"ultp_layout_landscape_large":false,"ultp_layout_landscape":false,"ultp_layout_portrait":false,"ultp_layout_square":false,"wprm-metadata-1_1":false,"wprm-metadata-4_3":false,"wprm-metadata-16_9":false,"neve-blog":false},"uagb_author_info":{"display_name":"Paulo RIbeiro","author_link":"https:\/\/cozinhadave.com\/sv\/author\/paulomiguelribeirogmail-com\/"},"uagb_comment_info":0,"uagb_excerpt":"RECEITAS DE CULIN\u00c1RIA Confira as nossas receitas de culin\u00e1ria Sem rodeios; apenas comida verdadeira. Procure centenas de receitas f\u00e1ceis, utilizando ingredientes alimentares simples e reais. Ir\u00e3o agradar at\u00e9 aos mais exigentes dos comedores!&nbsp; Inclui op\u00e7\u00f5es de todo o tipos de receitas, sendo o foco na culin\u00e1ria luso-brasileira. Estas receitas s\u00e3o rigorosamente testadas, de modo a&hellip;&nbsp;Ler&hellip;","_links":{"self":[{"href":"https:\/\/cozinhadave.com\/sv\/wp-json\/wp\/v2\/pages\/21193","targetHints":{"allow":["GET"]}}],"collection":[{"href":"https:\/\/cozinhadave.com\/sv\/wp-json\/wp\/v2\/pages"}],"about":[{"href":"https:\/\/cozinhadave.com\/sv\/wp-json\/wp\/v2\/types\/page"}],"author":[{"embeddable":true,"href":"https:\/\/cozinhadave.com\/sv\/wp-json\/wp\/v2\/users\/10"}],"replies":[{"embeddable":true,"href":"https:\/\/cozinhadave.com\/sv\/wp-json\/wp\/v2\/comments?post=21193"}],"version-history":[{"count":0,"href":"https:\/\/cozinhadave.com\/sv\/wp-json\/wp\/v2\/pages\/21193\/revisions"}],"wp:attachment":[{"href":"https:\/\/cozinhadave.com\/sv\/wp-json\/wp\/v2\/media?parent=21193"}],"curies":[{"name":"wp","href":"https:\/\/api.w.org\/{rel}","templated":true}]}}