{"id":21097,"date":"2024-05-05T12:10:30","date_gmt":"2024-05-05T12:10:30","guid":{"rendered":"http:\/\/cozinhadave.com\/?page_id=21097"},"modified":"2024-05-05T12:32:23","modified_gmt":"2024-05-05T12:32:23","slug":"kuriosa","status":"publish","type":"page","link":"https:\/\/cozinhadave.com\/sv\/kuriosa\/","title":{"rendered":"CURIOSITIES"},"content":{"rendered":"<div class=\"wp-block-uagb-advanced-heading uagb-block-ca604257\"><h2 class=\"uagb-heading-text\">CURIOSITIES<\/h2><\/div>\n\n\n\n<div class=\"wp-block-uagb-container uagb-block-26a8be47 alignfull uagb-is-root-container\"><div class=\"uagb-container-inner-blocks-wrap\">\n<div class=\"wp-block-uagb-container uagb-block-71bdc037\"><\/div>\n\n\n\n<div class=\"wp-block-uagb-container uagb-block-46bd2a80\">\n<p>H\u00e4r hittar du en fascinerande samling av sp\u00e4nnande och \u00f6verraskande kuriosa med anknytning till gastronomins v\u00e4rld. <\/p>\n\n\n\n<p>Fr\u00e5n historiska fakta om ikoniska r\u00e4tter till mindre k\u00e4nda hemligheter om vanliga ingredienser - varje artikel \u00e4r en sp\u00e4nnande resa genom det kulinariska universumet. <\/p>\n\n\n\n<p>G\u00f6r dig redo att bli f\u00f6rtrollad och inspirerad av de kuriosa som avsl\u00f6jar backstage och egenheterna bakom de smaker vi \u00e4lskar. <\/p>\n\n\n\n<p>Utforska v\u00e5rt urval av artiklar och f\u00f6rdjupa dig i en v\u00e4rld av kulinariska uppt\u00e4ckter som kommer att v\u00e4cka din nyfikenhet och vidga dina vyer i k\u00f6ket.<\/p>\n\n\n<div  class=\"wp-block-ultimate-post-advanced-search ultp-block-14786a\"><div class=\"ultp-block-wrapper\"><div class=\"ultp-search-container ultp-search-frontend\"  data-ajax=\"1\" data-gosearch=\"1\" data-enablenewtab=\"\" data-blockid=\"14786a\" \n                    data-image=\"1\"  data-author= \"data-date=\"\"\" data-excerpt=\"\" data-excerptlimit=\"25\" data-allresult=\"\" data-catenable=\"\"  data-postno=\"3\"  data-noresultext=\"N\u00e3o foram encontrados resultados\"   data-popupposition=\"right\" data-searchposttype=\"\"><div class=\"ultp-searchform-content ultp-searchform-input1\"><div class=\"ultp-search-inputwrap\"> <input type=\"text\" value=\"\" class=\"ultp-searchres-input\"  placeholder=\"Skriv h\u00e4r vad du letar efter\"\/> <span class=\"ultp-search-clear\" data-blockid=\"14786a\"><svg xmlns=\"http:\/\/www.w3.org\/2000\/svg\" fill=\"none\" viewbox=\"0 0 24 24\">\n  <path stroke=\"currentColor\" stroke-linecap=\"round\" stroke-width=\"1.5\" d=\"m6 6 6 6m0 0 6 6m-6-6 6-6m-6 6-6 6\"\/>\n<\/svg>\n<\/span> <\/div><div class=\"ultp-search-button\"><svg xmlns=\"http:\/\/www.w3.org\/2000\/svg\" fill=\"none\" viewbox=\"0 0 24 24\">\n  <path stroke=\"currentColor\" stroke-linecap=\"round\" stroke-linejoin=\"round\" stroke-width=\"1.5\" d=\"M11 19a8 8 0 1 0 0-16 8 8 0 0 0 0 16Zm10 2-4.35-4.35\"\/>\n<\/svg>\n<span class=\"ultp-search-button__text\"> S\u00f6k p\u00e5 <\/span><\/div><\/div><\/div><\/div><\/div><\/div>\n\n\n\n<div class=\"wp-block-uagb-container uagb-block-59e8365b\"><\/div>\n<\/div><\/div>\n\n\n\n<div class=\"nv-cv-d nv-cv-m wp-block-uagb-container uagb-block-bb890383 alignfull uagb-is-root-container\"><div class=\"uagb-container-inner-blocks-wrap\">\n<div class=\"wp-block-uagb-container uagb-block-07f24e17\"><\/div>\n\n\n\n<div class=\"wp-block-uagb-container uagb-block-894989ec\"><div  class=\"ultp-post-grid-block wp-block-ultimate-post-post-list-3 ultp-block-90be0d\"><div class=\"ultp-block-wrapper\"><div class=\"ultp-loading\"><div class=\"ultp-loading-blocks\" style=\"width:100%;height:100%;\"><div style=\"left: 0;top: 0;animation-delay:0s;\"><\/div><div style=\"left: 21px;top: 0;animation-delay:0.125s;\"><\/div><div style=\"left: 42px;top: 0;animation-delay:0.25s;\"><\/div><div style=\"left: 0;top: 21px;animation-delay:0.875s;\"><\/div><div style=\"left: 42px;top: 21px;animation-delay:0.375s;\"><\/div><div style=\"left: 0;top: 42px;animation-delay:0.75s;\"><\/div><div style=\"left: 42px;top: 42px;animation-delay:0.625s;\"><\/div><div style=\"left: 21px;top: 42px;animation-delay:0.5s;\"><\/div><\/div><\/div><div class=\"ultp-heading-filter\"><div class=\"ultp-heading-filter-in\"><div class=\"ultp-filter-navigation\"><\/div><\/div><\/div><div class=\"ultp-block-items-wrap ultp-block-row ultp-block-column-1 ultp-block-content-middle ultp-layout1\"><div class=\"ultp-block-item ultp-block-media post-id-18597\"><div class=\"ultp-block-content-wrap\"><div class=\"ultp-block-image ultp-block-image-opacity\"><a href=\"https:\/\/cozinhadave.com\/sv\/invencao-e-evolucao-do-sushi\/\"><img decoding=\"async\"  alt=\"Kuri\u00f6sa fakta om uppfinningen och utvecklingen av sushi\"  src=\"https:\/\/cozinhadave.com\/wp-content\/uploads\/2023\/08\/Fatos-curiosos-sobre-a-invencao-e-evolucao-do-sushi-600x600.jpg\" \/><\/a><\/div><div class=\"ultp-block-content\"><div class=\"ultp-category-grid ultp-category-classic ultp-category-aboveTitle\"><div class=\"ultp-category-in\"><a class=\"ultp-cat-curiosidades\" href=\"https:\/\/cozinhadave.com\/sv\/kategori\/kuriosa\/\">CURIOSITIES<\/a><\/div><\/div><h3 class=\"ultp-block-title\"><a href=\"https:\/\/cozinhadave.com\/sv\/invencao-e-evolucao-do-sushi\/\">Kuri\u00f6sa fakta om uppfinningen och utvecklingen av sushi<\/a><\/h3><div class=\"ultp-block-excerpt\"><p>N\u00e3o h\u00e1 d\u00favidas de que o sushi \u00e9 um dos pratos mais populares em todo o mundo. Mas voc\u00ea sabia que essa iguaria japonesa tem uma hist\u00f3ria fascinante? Desde suas origens humildes at\u00e9 sua dissemina\u00e7\u00e3o global, o sushi evoluiu muito&hellip;<\/p>\n<\/div><div class=\"ultp-block-readmore\"><a aria-label=\"Kuri\u00f6sa fakta om uppfinningen och utvecklingen av sushi\" href=\"https:\/\/cozinhadave.com\/sv\/invencao-e-evolucao-do-sushi\/\">L\u00e4r dig mer<svg xmlns=\"http:\/\/www.w3.org\/2000\/svg\" fill=\"none\" viewbox=\"0 0 24 24\">\n  <path stroke=\"currentColor\" stroke-linecap=\"round\" stroke-linejoin=\"round\" stroke-width=\"1.5\" d=\"m12 20.5 8.5-8.5m0 0L12 3.5m8.5 8.5h-17\"\/>\n<\/svg>\n<\/a><\/div><\/div><\/div><\/div><div class=\"ultp-block-item ultp-block-media post-id-16329\"><div class=\"ultp-block-content-wrap\"><div class=\"ultp-block-image ultp-block-image-opacity\"><a href=\"https:\/\/cozinhadave.com\/sv\/du-kan-varma-beetrot-i-mikrovagsugnen\/\"><img decoding=\"async\"  alt=\"uppv\u00e4rmning av r\u00f6dbetor i mikrov\u00e5gsugn\"  src=\"https:\/\/cozinhadave.com\/wp-content\/uploads\/2023\/08\/aquecer-beterraba-no-microondas-600x600.jpg\" \/><\/a><\/div><div class=\"ultp-block-content\"><div class=\"ultp-category-grid ultp-category-classic ultp-category-aboveTitle\"><div class=\"ultp-category-in\"><a class=\"ultp-cat-curiosidades\" href=\"https:\/\/cozinhadave.com\/sv\/kategori\/kuriosa\/\">CURIOSITIES<\/a><\/div><\/div><h3 class=\"ultp-block-title\"><a href=\"https:\/\/cozinhadave.com\/sv\/du-kan-varma-beetrot-i-mikrovagsugnen\/\">Du kan v\u00e4rma r\u00f6dbetor i mikrov\u00e5gsugnen<\/a><\/h3><div class=\"ultp-block-excerpt\"><p>O microondas \u00e9 uma op\u00e7\u00e3o conveniente e r\u00e1pida para aquecer beterrabas. Embora seja importante ter em mente que alguns nutrientes podem ser perdidos durante o processo de aquecimento, a maioria dos benef\u00edcios da beterraba ainda \u00e9 preservada. Al\u00e9m disso, ao&hellip;<\/p>\n<\/div><div class=\"ultp-block-readmore\"><a aria-label=\"Du kan v\u00e4rma r\u00f6dbetor i mikrov\u00e5gsugnen\" href=\"https:\/\/cozinhadave.com\/sv\/du-kan-varma-beetrot-i-mikrovagsugnen\/\">L\u00e4r dig mer<svg xmlns=\"http:\/\/www.w3.org\/2000\/svg\" fill=\"none\" viewbox=\"0 0 24 24\">\n  <path stroke=\"currentColor\" stroke-linecap=\"round\" stroke-linejoin=\"round\" stroke-width=\"1.5\" d=\"m12 20.5 8.5-8.5m0 0L12 3.5m8.5 8.5h-17\"\/>\n<\/svg>\n<\/a><\/div><\/div><\/div><\/div><div class=\"ultp-block-item ultp-block-media post-id-16633\"><div class=\"ultp-block-content-wrap\"><div class=\"ultp-block-image ultp-block-image-opacity\"><a href=\"https:\/\/cozinhadave.com\/sv\/hur-man-skyddar-airfryer-teflon\/\"><img decoding=\"async\"  alt=\"Hur man skyddar luftfryser Teflon\"  src=\"https:\/\/cozinhadave.com\/wp-content\/uploads\/2023\/09\/Como-proteger-o-Teflon-da-airfryer-1-600x585.jpg\" \/><\/a><\/div><div class=\"ultp-block-content\"><div class=\"ultp-category-grid ultp-category-classic ultp-category-aboveTitle\"><div class=\"ultp-category-in\"><a class=\"ultp-cat-curiosidades\" href=\"https:\/\/cozinhadave.com\/sv\/kategori\/kuriosa\/\">CURIOSITIES<\/a><\/div><\/div><h3 class=\"ultp-block-title\"><a href=\"https:\/\/cozinhadave.com\/sv\/hur-man-skyddar-airfryer-teflon\/\">Hur skyddar du airfryerns teflon och h\u00e5ller din frit\u00f6s fl\u00e4ckfri?<\/a><\/h3><div class=\"ultp-block-excerpt\"><p>Ol\u00e1, queridos leitores! Aqui \u00e9 o(a) expert em culin\u00e1ria e hoje vamos falar sobre um assunto que \u00e9 importante para quem adora cozinhar com a airfryer: como proteger o Teflon da sua fritadeira e garantir que ela dure por muito&hellip;<\/p>\n<\/div><div class=\"ultp-block-readmore\"><a aria-label=\"Hur skyddar du airfryerns teflon och h\u00e5ller din frit\u00f6s fl\u00e4ckfri?\" href=\"https:\/\/cozinhadave.com\/sv\/hur-man-skyddar-airfryer-teflon\/\">L\u00e4r dig mer<svg xmlns=\"http:\/\/www.w3.org\/2000\/svg\" fill=\"none\" viewbox=\"0 0 24 24\">\n  <path stroke=\"currentColor\" stroke-linecap=\"round\" stroke-linejoin=\"round\" stroke-width=\"1.5\" d=\"m12 20.5 8.5-8.5m0 0L12 3.5m8.5 8.5h-17\"\/>\n<\/svg>\n<\/a><\/div><\/div><\/div><\/div><div class=\"ultp-block-item ultp-block-media post-id-20606\"><div class=\"ultp-block-content-wrap\"><div class=\"ultp-block-image ultp-block-image-opacity\"><a href=\"https:\/\/cozinhadave.com\/sv\/vad-ar-ekologisk-kassava-2\/\"><img decoding=\"async\"  alt=\"Aipim\"  src=\"https:\/\/cozinhadave.com\/wp-content\/uploads\/2023\/09\/Aipim5-1-600x585.jpg\" \/><\/a><\/div><div class=\"ultp-block-content\"><div class=\"ultp-category-grid ultp-category-classic ultp-category-aboveTitle\"><div class=\"ultp-category-in\"><a class=\"ultp-cat-curiosidades\" href=\"https:\/\/cozinhadave.com\/sv\/kategori\/kuriosa\/\">CURIOSITIES<\/a><\/div><\/div><h3 class=\"ultp-block-title\"><a href=\"https:\/\/cozinhadave.com\/sv\/vad-ar-ekologisk-kassava-2\/\">Att reda ut mysteriet: Vad \u00e4r egentligen organisk kassava?<\/a><\/h3><div class=\"ultp-block-excerpt\"><p>Hej p\u00e5 er alla! V\u00e4lkommen till \u00e4nnu en sp\u00e4nnande artikel om h\u00e4lsosam och n\u00e4ringsrik mat. I det h\u00e4r avsnittet ska vi utforska en ingrediens som tar allt st\u00f6rre plats p\u00e5 brasilianarnas tallrikar: ekologisk kassava. Avsl\u00f6ja mysteriet: Vad \u00e4r...<\/p>\n<\/div><div class=\"ultp-block-readmore\"><a aria-label=\"Att reda ut mysteriet: Vad \u00e4r egentligen organisk kassava?\" href=\"https:\/\/cozinhadave.com\/sv\/vad-ar-ekologisk-kassava-2\/\">L\u00e4r dig mer<svg xmlns=\"http:\/\/www.w3.org\/2000\/svg\" fill=\"none\" viewbox=\"0 0 24 24\">\n  <path stroke=\"currentColor\" stroke-linecap=\"round\" stroke-linejoin=\"round\" stroke-width=\"1.5\" d=\"m12 20.5 8.5-8.5m0 0L12 3.5m8.5 8.5h-17\"\/>\n<\/svg>\n<\/a><\/div><\/div><\/div><\/div><div class=\"ultp-block-item ultp-block-media post-id-20464\"><div class=\"ultp-block-content-wrap\"><div class=\"ultp-block-image ultp-block-image-opacity\"><a href=\"https:\/\/cozinhadave.com\/sv\/pode-comer-a-casca-da-fruta-do-conde\/\"><img decoding=\"async\"  alt=\"kan du \u00e4ta skalet p\u00e5 condefrukten\"  src=\"https:\/\/cozinhadave.com\/wp-content\/uploads\/2023\/09\/pode-comer-a-casca-da-fruta-do-conde-600x600.jpg\" \/><\/a><\/div><div class=\"ultp-block-content\"><div class=\"ultp-category-grid ultp-category-classic ultp-category-aboveTitle\"><div class=\"ultp-category-in\"><a class=\"ultp-cat-curiosidades\" href=\"https:\/\/cozinhadave.com\/sv\/kategori\/kuriosa\/\">CURIOSITIES<\/a><\/div><\/div><h3 class=\"ultp-block-title\"><a href=\"https:\/\/cozinhadave.com\/sv\/pode-comer-a-casca-da-fruta-do-conde\/\">Kan du \u00e4ta skalet p\u00e5 condefrukten? L\u00e5t oss ta reda p\u00e5!<\/a><\/h3><div class=\"ultp-block-excerpt\"><p>Hej p\u00e5 er alla! Om du \u00e4r som jag s\u00e5 \u00e4lskar du att prova nya saker i k\u00f6ket. Och n\u00e4r det g\u00e4ller exotiska frukter \u00e4r condefrukten en av mina favoriter. Men kan man \u00e4ta skalet p\u00e5 den h\u00e4r goda frukten? L\u00e5t oss unders\u00f6ka saken! Du kan \u00e4ta...<\/p>\n<\/div><div class=\"ultp-block-readmore\"><a aria-label=\"Kan du \u00e4ta skalet p\u00e5 condefrukten? L\u00e5t oss ta reda p\u00e5!\" href=\"https:\/\/cozinhadave.com\/sv\/pode-comer-a-casca-da-fruta-do-conde\/\">L\u00e4r dig mer<svg xmlns=\"http:\/\/www.w3.org\/2000\/svg\" fill=\"none\" viewbox=\"0 0 24 24\">\n  <path stroke=\"currentColor\" stroke-linecap=\"round\" stroke-linejoin=\"round\" stroke-width=\"1.5\" d=\"m12 20.5 8.5-8.5m0 0L12 3.5m8.5 8.5h-17\"\/>\n<\/svg>\n<\/a><\/div><\/div><\/div><\/div><div class=\"ultp-block-item ultp-block-media post-id-18701\"><div class=\"ultp-block-content-wrap\"><div class=\"ultp-block-image ultp-block-image-opacity\"><a href=\"https:\/\/cozinhadave.com\/sv\/fatos-curiosos-de-alimentos-afrodisiacos\/\"><img decoding=\"async\"  alt=\"Afrodisiakum mat: nyfikna fakta och myter avsl\u00f6jade\"  src=\"https:\/\/cozinhadave.com\/wp-content\/uploads\/2023\/08\/Alimentos-afrodisiacos-fatos-curiosos-e-mitos-desvendados-600x600.jpg\" \/><\/a><\/div><div class=\"ultp-block-content\"><div class=\"ultp-category-grid ultp-category-classic ultp-category-aboveTitle\"><div class=\"ultp-category-in\"><a class=\"ultp-cat-curiosidades\" href=\"https:\/\/cozinhadave.com\/sv\/kategori\/kuriosa\/\">CURIOSITIES<\/a><\/div><\/div><h3 class=\"ultp-block-title\"><a href=\"https:\/\/cozinhadave.com\/sv\/fatos-curiosos-de-alimentos-afrodisiacos\/\">Vi avsl\u00f6jar myter och nyfikna fakta om afrodisiakummat<\/a><\/h3><div class=\"ultp-block-excerpt\"><p>Ol\u00e1 amantes da gastronomia! Este artigo \u00e9 para voc\u00eas! Hoje, vamos explorar os mist\u00e9rios por tr\u00e1s de alimentos afrodis\u00edacos. Desvendamos Mitos e Fatos Curiosos de Alimentos Afrodis\u00edacos Muitas lendas cercam esses alimentos, mas ser\u00e1 que eles realmente funcionam para aumentar&hellip;<\/p>\n<\/div><div class=\"ultp-block-readmore\"><a aria-label=\"Vi avsl\u00f6jar myter och nyfikna fakta om afrodisiakummat\" href=\"https:\/\/cozinhadave.com\/sv\/fatos-curiosos-de-alimentos-afrodisiacos\/\">L\u00e4r dig mer<svg xmlns=\"http:\/\/www.w3.org\/2000\/svg\" fill=\"none\" viewbox=\"0 0 24 24\">\n  <path stroke=\"currentColor\" stroke-linecap=\"round\" stroke-linejoin=\"round\" stroke-width=\"1.5\" d=\"m12 20.5 8.5-8.5m0 0L12 3.5m8.5 8.5h-17\"\/>\n<\/svg>\n<\/a><\/div><\/div><\/div><\/div><div class=\"ultp-block-item ultp-block-media post-id-20196\"><div class=\"ultp-block-content-wrap\"><div class=\"ultp-block-image ultp-block-image-opacity\"><a href=\"https:\/\/cozinhadave.com\/sv\/quais-sao-os-tipos-de-abacaxi\/\"><img decoding=\"async\"  alt=\"Vilka \u00e4r typerna av ananas? Ta reda p\u00e5 det med oss!\"  src=\"https:\/\/cozinhadave.com\/wp-content\/uploads\/2023\/09\/abacaxi-5-1-600x585.jpg\" \/><\/a><\/div><div class=\"ultp-block-content\"><div class=\"ultp-category-grid ultp-category-classic ultp-category-aboveTitle\"><div class=\"ultp-category-in\"><a class=\"ultp-cat-curiosidades\" href=\"https:\/\/cozinhadave.com\/sv\/kategori\/kuriosa\/\">CURIOSITIES<\/a><\/div><\/div><h3 class=\"ultp-block-title\"><a href=\"https:\/\/cozinhadave.com\/sv\/quais-sao-os-tipos-de-abacaxi\/\">Vilka \u00e4r typerna av ananas? Ta reda p\u00e5 det med oss!<\/a><\/h3><div class=\"ultp-block-excerpt\"><p>Bem-vindos, queridos leitores! Hoje vamos falar sobre uma fruta tropical que amamos: o abacaxi. Al\u00e9m de ser uma del\u00edcia, essa fruta vers\u00e1til possui diversos tipos e variedades, cada um com suas caracter\u00edsticas \u00fanicas. Ent\u00e3o, se voc\u00ea quer saber quais s\u00e3o&hellip;<\/p>\n<\/div><div class=\"ultp-block-readmore\"><a aria-label=\"Vilka \u00e4r typerna av ananas? Ta reda p\u00e5 det med oss!\" href=\"https:\/\/cozinhadave.com\/sv\/quais-sao-os-tipos-de-abacaxi\/\">L\u00e4r dig mer<svg xmlns=\"http:\/\/www.w3.org\/2000\/svg\" fill=\"none\" viewbox=\"0 0 24 24\">\n  <path stroke=\"currentColor\" stroke-linecap=\"round\" stroke-linejoin=\"round\" stroke-width=\"1.5\" d=\"m12 20.5 8.5-8.5m0 0L12 3.5m8.5 8.5h-17\"\/>\n<\/svg>\n<\/a><\/div><\/div><\/div><\/div><div class=\"ultp-block-item ultp-block-media post-id-16624\"><div class=\"ultp-block-content-wrap\"><div class=\"ultp-block-image ultp-block-image-opacity\"><a href=\"https:\/\/cozinhadave.com\/sv\/du-kan-varma-bonor-i-airfryer\/\"><img decoding=\"async\"  alt=\"Du kan v\u00e4rma b\u00f6nor i airfryer\"  src=\"https:\/\/cozinhadave.com\/wp-content\/uploads\/2023\/08\/Pode-esquentar-feijao-na-airfryer-600x576.jpg\" \/><\/a><\/div><div class=\"ultp-block-content\"><div class=\"ultp-category-grid ultp-category-classic ultp-category-aboveTitle\"><div class=\"ultp-category-in\"><a class=\"ultp-cat-curiosidades\" href=\"https:\/\/cozinhadave.com\/sv\/kategori\/kuriosa\/\">CURIOSITIES<\/a><\/div><\/div><h3 class=\"ultp-block-title\"><a href=\"https:\/\/cozinhadave.com\/sv\/du-kan-varma-bonor-i-airfryer\/\">Kan man v\u00e4rma b\u00f6nor i en airfryer? Ta reda p\u00e5 svaret h\u00e4r!<\/a><\/h3><div class=\"ultp-block-excerpt\"><p>Ol\u00e1, pessoal! Sou um apreciador da culin\u00e1ria e hoje vamos descobrir se \u00e9 poss\u00edvel esquentar feij\u00e3o na airfryer. Sabemos que o feij\u00e3o \u00e9 um prato t\u00edpico e muito consumido no Brasil, por isso, nada melhor do que aprender uma maneira&hellip;<\/p>\n<\/div><div class=\"ultp-block-readmore\"><a aria-label=\"Kan man v\u00e4rma b\u00f6nor i en airfryer? Ta reda p\u00e5 svaret h\u00e4r!\" href=\"https:\/\/cozinhadave.com\/sv\/du-kan-varma-bonor-i-airfryer\/\">L\u00e4r dig mer<svg xmlns=\"http:\/\/www.w3.org\/2000\/svg\" fill=\"none\" viewbox=\"0 0 24 24\">\n  <path stroke=\"currentColor\" stroke-linecap=\"round\" stroke-linejoin=\"round\" stroke-width=\"1.5\" d=\"m12 20.5 8.5-8.5m0 0L12 3.5m8.5 8.5h-17\"\/>\n<\/svg>\n<\/a><\/div><\/div><\/div><\/div><div class=\"ultp-block-item ultp-block-media post-id-17467\"><div class=\"ultp-block-content-wrap\"><div class=\"ultp-block-image ultp-block-image-opacity\"><a href=\"https:\/\/cozinhadave.com\/sv\/pode-usar-saco-de-assar-na-airfryer\/\"><img decoding=\"async\"  alt=\"Airfryer-p\u00e5se\"  src=\"https:\/\/cozinhadave.com\/wp-content\/uploads\/2023\/08\/saco-de-assar-na-airfryer-600x576.jpg\" \/><\/a><\/div><div class=\"ultp-block-content\"><div class=\"ultp-category-grid ultp-category-classic ultp-category-aboveTitle\"><div class=\"ultp-category-in\"><a class=\"ultp-cat-curiosidades\" href=\"https:\/\/cozinhadave.com\/sv\/kategori\/kuriosa\/\">CURIOSITIES<\/a><\/div><\/div><h3 class=\"ultp-block-title\"><a href=\"https:\/\/cozinhadave.com\/sv\/pode-usar-saco-de-assar-na-airfryer\/\">Kan du anv\u00e4nda en stekp\u00e5se i airfryern? Ta reda p\u00e5 det nu och vinn!<\/a><\/h3><div class=\"ultp-block-excerpt\"><p>Se voc\u00ea \u00e9 daquelas pessoas que adoram preparar alimentos na airfryer, mas fica com receio de utilizar o saco de assar, eu tenho uma boa not\u00edcia pra voc\u00ea: \u00e9 poss\u00edvel sim usar o saco de assar na airfryer! E o&hellip;<\/p>\n<\/div><div class=\"ultp-block-readmore\"><a aria-label=\"Kan du anv\u00e4nda en stekp\u00e5se i airfryern? Ta reda p\u00e5 det nu och vinn!\" href=\"https:\/\/cozinhadave.com\/sv\/pode-usar-saco-de-assar-na-airfryer\/\">L\u00e4r dig mer<svg xmlns=\"http:\/\/www.w3.org\/2000\/svg\" fill=\"none\" viewbox=\"0 0 24 24\">\n  <path stroke=\"currentColor\" stroke-linecap=\"round\" stroke-linejoin=\"round\" stroke-width=\"1.5\" d=\"m12 20.5 8.5-8.5m0 0L12 3.5m8.5 8.5h-17\"\/>\n<\/svg>\n<\/a><\/div><\/div><\/div><\/div><div class=\"ultp-block-item ultp-block-media post-id-20394\"><div class=\"ultp-block-content-wrap\"><div class=\"ultp-block-image ultp-block-image-opacity\"><a href=\"https:\/\/cozinhadave.com\/sv\/uva-passa-seca-tem-acucar\/\"><img decoding=\"async\"  alt=\"torkade russin inneh\u00e5ller socker\"  src=\"https:\/\/cozinhadave.com\/wp-content\/uploads\/2023\/09\/uva-passa-seca-tem-acucar-600x600.jpg\" \/><\/a><\/div><div class=\"ultp-block-content\"><div class=\"ultp-category-grid ultp-category-classic ultp-category-aboveTitle\"><div class=\"ultp-category-in\"><a class=\"ultp-cat-curiosidades\" href=\"https:\/\/cozinhadave.com\/sv\/kategori\/kuriosa\/\">CURIOSITIES<\/a><\/div><\/div><h3 class=\"ultp-block-title\"><a href=\"https:\/\/cozinhadave.com\/sv\/uva-passa-seca-tem-acucar\/\">Har torkade russin socker? L\u00e5t oss ta reda p\u00e5 det tillsammans!<\/a><\/h3><div class=\"ultp-block-excerpt\"><p>Ol\u00e1, leitores! Sejam bem-vindos a mais uma investiga\u00e7\u00e3o sobre um alimento popular. Dessa vez, vamos explorar a uva passa seca e descobrir se ela cont\u00e9m a\u00e7\u00facar. Al\u00e9m disso, vamos falar sobre sua composi\u00e7\u00e3o e benef\u00edcios \u00e0 sa\u00fade. Afinal, a uva&hellip;<\/p>\n<\/div><div class=\"ultp-block-readmore\"><a aria-label=\"Har torkade russin socker? L\u00e5t oss ta reda p\u00e5 det tillsammans!\" href=\"https:\/\/cozinhadave.com\/sv\/uva-passa-seca-tem-acucar\/\">L\u00e4r dig mer<svg xmlns=\"http:\/\/www.w3.org\/2000\/svg\" fill=\"none\" viewbox=\"0 0 24 24\">\n  <path stroke=\"currentColor\" stroke-linecap=\"round\" stroke-linejoin=\"round\" stroke-width=\"1.5\" d=\"m12 20.5 8.5-8.5m0 0L12 3.5m8.5 8.5h-17\"\/>\n<\/svg>\n<\/a><\/div><\/div><\/div><\/div><\/div><div class=\"ultp-loadmore\"><span class=\"ultp-loadmore-action\" tabindex=\"0\" role=\"button\" data-pages=\"13\" data-pagenum=\"1\"  data-expost=\"\" data-blockid=\"90be0d\" data-blockname=\"ultimate-post_post-list-3\" data-postid=\"21097\" data-selfpostid=\"yes\">Se mer om <span class=\"ultp-spin\"><svg xmlns=\"http:\/\/www.w3.org\/2000\/svg\" fill=\"none\" viewbox=\"0 0 24 24\">\n  <path stroke=\"currentColor\" stroke-linecap=\"round\" stroke-linejoin=\"round\" stroke-width=\"1.5\" d=\"M21 12a9 9 0 0 1-17 4.127M3 12a9 9 0 0 1 17-4.127M20 3v5h-5M4 21v-5h5\"\/>\n<\/svg>\n<\/span><\/span><\/div><\/div><div class=\"pagination-block-html\" aria-hidden=\"true\" style=\"display: none;\"><\/div><\/div><\/div>\n\n\n\n<div class=\"wp-block-uagb-container uagb-block-179d179f\"><\/div>\n<\/div><\/div>","protected":false},"excerpt":{"rendered":"<p>CURIOSIDADES Aqui, voc\u00ea encontrar\u00e1 uma cole\u00e7\u00e3o fascinante de curiosidades intrigantes e surpreendentes relacionadas ao mundo da gastronomia. Desde fatos hist\u00f3ricos sobre pratos ic\u00f4nicos at\u00e9 segredos pouco conhecidos sobre ingredientes comuns, cada artigo \u00e9 uma viagem emocionante pelo universo da culin\u00e1ria. Prepare-se para se encantar e se inspirar com as curiosidades que revelam os bastidores e&hellip;&nbsp;<\/p>\n<div class=\"read-more-wrapper\"><a href=\"https:\/\/cozinhadave.com\/sv\/kuriosa\/\" class=\"button button-secondary\" rel=\"bookmark\">L\u00e4s mer \"<span class=\"screen-reader-text\">CURIOSITIES<\/span><\/a><\/div>","protected":false},"author":10,"featured_media":0,"parent":0,"menu_order":0,"comment_status":"closed","ping_status":"closed","template":"","meta":{"_uag_custom_page_level_css":"","wprm-recipe-roundup-name":"","wprm-recipe-roundup-description":"","neve_meta_sidebar":"","neve_meta_container":"","neve_meta_enable_content_width":"","neve_meta_content_width":0,"neve_meta_title_alignment":"","neve_meta_author_avatar":"","neve_post_elements_order":"","neve_meta_disable_header":"","neve_meta_disable_footer":"","neve_meta_disable_title":"","neve_meta_reading_time":"","footnotes":""},"class_list":["post-21097","page","type-page","status-publish","hentry"],"uagb_featured_image_src":{"full":false,"thumbnail":false,"medium":false,"medium_large":false,"large":false,"1536x1536":false,"2048x2048":false,"trp-custom-language-flag":false,"ultp_layout_landscape_large":false,"ultp_layout_landscape":false,"ultp_layout_portrait":false,"ultp_layout_square":false,"wprm-metadata-1_1":false,"wprm-metadata-4_3":false,"wprm-metadata-16_9":false,"neve-blog":false},"uagb_author_info":{"display_name":"Paulo RIbeiro","author_link":"https:\/\/cozinhadave.com\/sv\/author\/paulomiguelribeirogmail-com\/"},"uagb_comment_info":0,"uagb_excerpt":"CURIOSIDADES Aqui, voc\u00ea encontrar\u00e1 uma cole\u00e7\u00e3o fascinante de curiosidades intrigantes e surpreendentes relacionadas ao mundo da gastronomia. Desde fatos hist\u00f3ricos sobre pratos ic\u00f4nicos at\u00e9 segredos pouco conhecidos sobre ingredientes comuns, cada artigo \u00e9 uma viagem emocionante pelo universo da culin\u00e1ria. Prepare-se para se encantar e se inspirar com as curiosidades que revelam os bastidores e&hellip;&nbsp;Ler&hellip;","_links":{"self":[{"href":"https:\/\/cozinhadave.com\/sv\/wp-json\/wp\/v2\/pages\/21097","targetHints":{"allow":["GET"]}}],"collection":[{"href":"https:\/\/cozinhadave.com\/sv\/wp-json\/wp\/v2\/pages"}],"about":[{"href":"https:\/\/cozinhadave.com\/sv\/wp-json\/wp\/v2\/types\/page"}],"author":[{"embeddable":true,"href":"https:\/\/cozinhadave.com\/sv\/wp-json\/wp\/v2\/users\/10"}],"replies":[{"embeddable":true,"href":"https:\/\/cozinhadave.com\/sv\/wp-json\/wp\/v2\/comments?post=21097"}],"version-history":[{"count":0,"href":"https:\/\/cozinhadave.com\/sv\/wp-json\/wp\/v2\/pages\/21097\/revisions"}],"wp:attachment":[{"href":"https:\/\/cozinhadave.com\/sv\/wp-json\/wp\/v2\/media?parent=21097"}],"curies":[{"name":"wp","href":"https:\/\/api.w.org\/{rel}","templated":true}]}}