{"id":21056,"date":"2024-05-04T19:42:44","date_gmt":"2024-05-04T19:42:44","guid":{"rendered":"http:\/\/cozinhadave.com\/?page_id=21056"},"modified":"2024-05-05T12:28:55","modified_gmt":"2024-05-05T12:28:55","slug":"ingredienser","status":"publish","type":"page","link":"https:\/\/cozinhadave.com\/sv\/ingredienser\/","title":{"rendered":"INGREDIENSER"},"content":{"rendered":"<div class=\"wp-block-uagb-advanced-heading uagb-block-ca604257\"><h2 class=\"uagb-heading-text\">INGREDIENSER<\/h2><\/div>\n\n\n\n<div class=\"wp-block-uagb-container uagb-block-26a8be47 alignfull uagb-is-root-container\"><div class=\"uagb-container-inner-blocks-wrap\">\n<div class=\"wp-block-uagb-container uagb-block-71bdc037\"><\/div>\n\n\n\n<div class=\"wp-block-uagb-container uagb-block-46bd2a80\">\n<p class=\"has-neve-text-color-color has-text-color has-link-color wp-elements-96b20d9dd996dfb8caa09f5c806e99b4\">F\u00f6r att f\u00e5 ett uts\u00f6kt recept m\u00e5ste du alltid v\u00e4lja r\u00e4tt ingredienser. F\u00f6r att g\u00f6ra detta m\u00e5ste du identifiera om ingredienserna \u00e4r de r\u00e4tta f\u00f6r det recept du f\u00f6rbereder.&nbsp;<\/p>\n\n\n\n<p class=\"has-neve-text-color-color has-text-color has-link-color wp-elements-4235dfc56ac7d7634b643e3f4a0e2fe2\">H\u00e4r erbjuder vi flera gratis guider om de mest varierande ingredienserna som vi normalt anv\u00e4nder i v\u00e5ra recept, men det b\u00e4sta \u00e4r att du fr\u00e5n och med idag kommer att f\u00f6rst\u00e5 alla \u00e4mnen om ingredienser.<\/p>\n\n\n\n<p class=\"has-neve-text-color-color has-text-color has-link-color wp-elements-3b1cca380c5bf00ef1d1f560de1888d4\">&nbsp;Fr\u00e5n deras historia, hur de produceras, deras h\u00e4lsof\u00f6rdelar, n\u00e4ringsv\u00e4rden och naturligtvis hur de anv\u00e4nds i de mest popul\u00e4ra recepten, liksom m\u00e5nga andra saker ...<\/p>\n\n\n<div  class=\"wp-block-ultimate-post-advanced-search ultp-block-477790\"><div class=\"ultp-block-wrapper\"><div class=\"ultp-search-container ultp-search-frontend\"  data-ajax=\"1\" data-gosearch=\"1\" data-enablenewtab=\"\" data-blockid=\"477790\" \n                    data-image=\"1\"  data-author= \"data-date=\"\"\" data-excerpt=\"\" data-excerptlimit=\"25\" data-allresult=\"\" data-catenable=\"\"  data-postno=\"3\"  data-noresultext=\"N\u00e3o foram encontrados resultados\"   data-popupposition=\"right\" data-searchposttype=\"\"><div class=\"ultp-searchform-content ultp-searchform-input1\"><div class=\"ultp-search-inputwrap\"> <input type=\"text\" value=\"\" class=\"ultp-searchres-input\"  placeholder=\"S\u00f6k efter ingredienser\"\/> <span class=\"ultp-search-clear\" data-blockid=\"477790\"><svg xmlns=\"http:\/\/www.w3.org\/2000\/svg\" fill=\"none\" viewbox=\"0 0 24 24\">\n  <path stroke=\"currentColor\" stroke-linecap=\"round\" stroke-width=\"1.5\" d=\"m6 6 6 6m0 0 6 6m-6-6 6-6m-6 6-6 6\"\/>\n<\/svg>\n<\/span> <\/div><div class=\"ultp-search-button\"><svg xmlns=\"http:\/\/www.w3.org\/2000\/svg\" fill=\"none\" viewbox=\"0 0 24 24\">\n  <path stroke=\"currentColor\" stroke-linecap=\"round\" stroke-linejoin=\"round\" stroke-width=\"1.5\" d=\"M11 19a8 8 0 1 0 0-16 8 8 0 0 0 0 16Zm10 2-4.35-4.35\"\/>\n<\/svg>\n<span class=\"ultp-search-button__text\"> S\u00f6k p\u00e5 <\/span><\/div><\/div><\/div><\/div><\/div><\/div>\n\n\n\n<div class=\"wp-block-uagb-container uagb-block-59e8365b\"><\/div>\n<\/div><\/div>\n\n\n\n<div class=\"nv-cv-d nv-cv-m wp-block-uagb-container uagb-block-bb890383 alignfull uagb-is-root-container\"><div class=\"uagb-container-inner-blocks-wrap\">\n<div class=\"wp-block-uagb-container uagb-block-07f24e17\"><\/div>\n\n\n\n<div class=\"wp-block-uagb-container uagb-block-894989ec\"><div  class=\"ultp-post-grid-block wp-block-ultimate-post-post-list-3 ultp-block-3f3328\"><div class=\"ultp-block-wrapper\"><div class=\"ultp-loading\"><div class=\"ultp-loading-blocks\" style=\"width:100%;height:100%;\"><div style=\"left: 0;top: 0;animation-delay:0s;\"><\/div><div style=\"left: 21px;top: 0;animation-delay:0.125s;\"><\/div><div style=\"left: 42px;top: 0;animation-delay:0.25s;\"><\/div><div style=\"left: 0;top: 21px;animation-delay:0.875s;\"><\/div><div style=\"left: 42px;top: 21px;animation-delay:0.375s;\"><\/div><div style=\"left: 0;top: 42px;animation-delay:0.75s;\"><\/div><div style=\"left: 42px;top: 42px;animation-delay:0.625s;\"><\/div><div style=\"left: 21px;top: 42px;animation-delay:0.5s;\"><\/div><\/div><\/div><div class=\"ultp-heading-filter\"><div class=\"ultp-heading-filter-in\"><div class=\"ultp-filter-navigation\"><div class=\"ultp-filter-wrap\" data-taxtype=\"category\" data-blockid=\"3f3328\" data-blockname=\"ultimate-post_post-list-3\" data-postid=\"21056\"data-selfpostid=\"yes\"><ul class=\"ultp-flex-menu\" data-name=\"More\"><li class=\"filter-item\"><a class=\"filter-active\" data-taxonomy=\"\" href=\"#\">ALLA<\/a><\/li><li class=\"filter-item\"><a data-taxonomy=\"condimentos\" href=\"#\">KONDIMENTER<\/a><\/li><li class=\"filter-item\"><a data-taxonomy=\"frutas\" href=\"#\">FRUKT<\/a><\/li><li class=\"filter-item\"><a data-taxonomy=\"legumes\" href=\"#\">LEGUMEN<\/a><\/li><li class=\"filter-item\"><a data-taxonomy=\"verduras\" href=\"#\">VEGETABLER<\/a><\/li><li class=\"filter-item\"><a data-taxonomy=\"queijos\" href=\"#\">OST<\/a><\/li><\/ul><\/div><\/div><\/div><\/div><div class=\"ultp-block-items-wrap ultp-block-row ultp-block-column-1 ultp-block-content-middle ultp-layout1\"><div class=\"ultp-block-item ultp-block-media post-id-17101\"><div class=\"ultp-block-content-wrap\"><div class=\"ultp-block-image ultp-block-image-opacity\"><a href=\"https:\/\/cozinhadave.com\/sv\/coentro-em-po\/\"><img decoding=\"async\"  alt=\"Det otroliga korianderpulvret: vinner hj\u00e4rtan i det brasilianska k\u00f6ket\"  src=\"https:\/\/cozinhadave.com\/wp-content\/uploads\/2023\/09\/Coentro-em-po-2-1-600x585.jpg\" \/><\/a><\/div><div class=\"ultp-block-content\"><div class=\"ultp-category-grid ultp-category-classic ultp-category-aboveTitle\"><div class=\"ultp-category-in\"><a class=\"ultp-cat-ingredientes\" href=\"https:\/\/cozinhadave.com\/sv\/kategori\/ingredienser\/\">INGREDIENSER<\/a><a class=\"ultp-cat-condimentos\" href=\"https:\/\/cozinhadave.com\/sv\/kategori\/ingredienser\/condimentos\/\">KONDIMENTER<\/a><\/div><\/div><h3 class=\"ultp-block-title\"><a href=\"https:\/\/cozinhadave.com\/sv\/coentro-em-po\/\">Det otroliga korianderpulvret: vinner hj\u00e4rtan i det brasilianska k\u00f6ket<\/a><\/h3><div class=\"ultp-block-excerpt\"><p>Eu sou uma grande entusiasta da culin\u00e1ria, sempre buscando novos ingredientes para adicionar um toque especial nas minhas receitas. E ultimamente tenho me apaixonado cada vez mais pelo coentro em p\u00f3. Sua versatilidade na cozinha e sua capacidade de dar&hellip;<\/p>\n<\/div><div class=\"ultp-block-readmore\"><a aria-label=\"Det otroliga korianderpulvret: vinner hj\u00e4rtan i det brasilianska k\u00f6ket\" href=\"https:\/\/cozinhadave.com\/sv\/coentro-em-po\/\">L\u00e4r dig mer<svg xmlns=\"http:\/\/www.w3.org\/2000\/svg\" fill=\"none\" viewbox=\"0 0 24 24\">\n  <path stroke=\"currentColor\" stroke-linecap=\"round\" stroke-linejoin=\"round\" stroke-width=\"1.5\" d=\"m12 20.5 8.5-8.5m0 0L12 3.5m8.5 8.5h-17\"\/>\n<\/svg>\n<\/a><\/div><\/div><\/div><\/div><div class=\"ultp-block-item ultp-block-media post-id-17847\"><div class=\"ultp-block-content-wrap\"><div class=\"ultp-block-image ultp-block-image-opacity\"><a href=\"https:\/\/cozinhadave.com\/sv\/chouchou\/\"><img decoding=\"async\"  alt=\"chouchou 4\"  src=\"https:\/\/cozinhadave.com\/wp-content\/uploads\/2023\/08\/xuxu-4-1-600x585.jpg\" \/><\/a><\/div><div class=\"ultp-block-content\"><div class=\"ultp-category-grid ultp-category-classic ultp-category-aboveTitle\"><div class=\"ultp-category-in\"><a class=\"ultp-cat-ingredientes\" href=\"https:\/\/cozinhadave.com\/sv\/kategori\/ingredienser\/\">INGREDIENSER<\/a><a class=\"ultp-cat-legumes\" href=\"https:\/\/cozinhadave.com\/sv\/kategori\/ingredienser\/gronsaker\/\">LEGUMEN<\/a><\/div><\/div><h3 class=\"ultp-block-title\"><a href=\"https:\/\/cozinhadave.com\/sv\/chouchou\/\">Xuxu: Den magiska ingrediensen som kommer att f\u00f6r\u00e4ndra dina recept<\/a><\/h3><div class=\"ultp-block-excerpt\"><p>Xuxu: O ingrediente m\u00e1gico que vai transformar suas receitas Prepare-se para descobrir o segredo por tr\u00e1s de uma das hortali\u00e7as mais subestimadas do mercado. \u00c9 isso mesmo, estou falando do Xuxu! Se voc\u00ea j\u00e1 torceu o nariz para essa iguaria,&hellip;<\/p>\n<\/div><div class=\"ultp-block-readmore\"><a aria-label=\"Xuxu: Den magiska ingrediensen som kommer att f\u00f6r\u00e4ndra dina recept\" href=\"https:\/\/cozinhadave.com\/sv\/chouchou\/\">L\u00e4r dig mer<svg xmlns=\"http:\/\/www.w3.org\/2000\/svg\" fill=\"none\" viewbox=\"0 0 24 24\">\n  <path stroke=\"currentColor\" stroke-linecap=\"round\" stroke-linejoin=\"round\" stroke-width=\"1.5\" d=\"m12 20.5 8.5-8.5m0 0L12 3.5m8.5 8.5h-17\"\/>\n<\/svg>\n<\/a><\/div><\/div><\/div><\/div><div class=\"ultp-block-item ultp-block-media post-id-20880\"><div class=\"ultp-block-content-wrap\"><div class=\"ultp-block-image ultp-block-image-opacity\"><a href=\"https:\/\/cozinhadave.com\/sv\/vad-kannetecknar-jordgubbar\/\"><img decoding=\"async\"  alt=\"vad k\u00e4nnetecknar jordgubbar\"  src=\"https:\/\/cozinhadave.com\/wp-content\/uploads\/2023\/11\/qual-e-a-caracteristica-de-morango-600x600.jpg\" \/><\/a><\/div><div class=\"ultp-block-content\"><div class=\"ultp-category-grid ultp-category-classic ultp-category-aboveTitle\"><div class=\"ultp-category-in\"><a class=\"ultp-cat-ingredientes\" href=\"https:\/\/cozinhadave.com\/sv\/kategori\/ingredienser\/\">INGREDIENSER<\/a><a class=\"ultp-cat-frutas\" href=\"https:\/\/cozinhadave.com\/sv\/kategori\/ingredienser\/frukt\/\">FRUKT<\/a><\/div><\/div><h3 class=\"ultp-block-title\"><a href=\"https:\/\/cozinhadave.com\/sv\/vad-kannetecknar-jordgubbar\/\">Uppt\u00e4ck vad som \u00e4r det dominerande k\u00e4nnetecknet f\u00f6r jordgubbar<\/a><\/h3><div class=\"ultp-block-excerpt\"><p>Se voc\u00ea \u00e9 f\u00e3 de morangos, j\u00e1 deve ter percebido que essa fruta possui caracter\u00edsticas \u00fanicas que a tornam t\u00e3o especial. Nesta se\u00e7\u00e3o, vamos explorar qual \u00e9 a caracter\u00edstica mais marcante do morango e suas principais caracter\u00edsticas. O morango \u00e9&hellip;<\/p>\n<\/div><div class=\"ultp-block-readmore\"><a aria-label=\"Uppt\u00e4ck vad som \u00e4r det dominerande k\u00e4nnetecknet f\u00f6r jordgubbar\" href=\"https:\/\/cozinhadave.com\/sv\/vad-kannetecknar-jordgubbar\/\">L\u00e4r dig mer<svg xmlns=\"http:\/\/www.w3.org\/2000\/svg\" fill=\"none\" viewbox=\"0 0 24 24\">\n  <path stroke=\"currentColor\" stroke-linecap=\"round\" stroke-linejoin=\"round\" stroke-width=\"1.5\" d=\"m12 20.5 8.5-8.5m0 0L12 3.5m8.5 8.5h-17\"\/>\n<\/svg>\n<\/a><\/div><\/div><\/div><\/div><div class=\"ultp-block-item ultp-block-media post-id-16763\"><div class=\"ultp-block-content-wrap\"><div class=\"ultp-block-image ultp-block-image-opacity\"><a href=\"https:\/\/cozinhadave.com\/sv\/ansikte-moela\/\"><img decoding=\"async\"  alt=\"Car\u00e1 Moela\"  src=\"https:\/\/cozinhadave.com\/wp-content\/uploads\/2023\/08\/Cara-Moela-1-600x576.jpg\" \/><\/a><\/div><div class=\"ultp-block-content\"><div class=\"ultp-category-grid ultp-category-classic ultp-category-aboveTitle\"><div class=\"ultp-category-in\"><a class=\"ultp-cat-ingredientes\" href=\"https:\/\/cozinhadave.com\/sv\/kategori\/ingredienser\/\">INGREDIENSER<\/a><a class=\"ultp-cat-legumes\" href=\"https:\/\/cozinhadave.com\/sv\/kategori\/ingredienser\/gronsaker\/\">LEGUMEN<\/a><\/div><\/div><h3 class=\"ultp-block-title\"><a href=\"https:\/\/cozinhadave.com\/sv\/ansikte-moela\/\">Car\u00e1 Moela: Desvendando os segredos dessa del\u00edcia brasileira<\/a><\/h3><div class=\"ultp-block-excerpt\"><p>Eu sempre fui uma apaixonada por comida brasileira e, recentemente, descobri uma verdadeira p\u00e9rola culin\u00e1ria pouco conhecida: o Car\u00e1 Moela. Apesar de n\u00e3o ser t\u00e3o popular quanto outros pratos t\u00edpicos, essa iguaria nordestina tem um sabor \u00fanico e \u00e9 realmente&hellip;<\/p>\n<\/div><div class=\"ultp-block-readmore\"><a aria-label=\"Car\u00e1 Moela: Desvendando os segredos dessa del\u00edcia brasileira\" href=\"https:\/\/cozinhadave.com\/sv\/ansikte-moela\/\">L\u00e4r dig mer<svg xmlns=\"http:\/\/www.w3.org\/2000\/svg\" fill=\"none\" viewbox=\"0 0 24 24\">\n  <path stroke=\"currentColor\" stroke-linecap=\"round\" stroke-linejoin=\"round\" stroke-width=\"1.5\" d=\"m12 20.5 8.5-8.5m0 0L12 3.5m8.5 8.5h-17\"\/>\n<\/svg>\n<\/a><\/div><\/div><\/div><\/div><div class=\"ultp-block-item ultp-block-media post-id-17821\"><div class=\"ultp-block-content-wrap\"><div class=\"ultp-block-image ultp-block-image-opacity\"><a href=\"https:\/\/cozinhadave.com\/sv\/feijao-branco\/\"><img decoding=\"async\"  alt=\"vita b\u00f6nor\"  src=\"https:\/\/cozinhadave.com\/wp-content\/uploads\/2023\/08\/feijao-branco-7-600x585.jpg\" \/><\/a><\/div><div class=\"ultp-block-content\"><div class=\"ultp-category-grid ultp-category-classic ultp-category-aboveTitle\"><div class=\"ultp-category-in\"><a class=\"ultp-cat-ingredientes\" href=\"https:\/\/cozinhadave.com\/sv\/kategori\/ingredienser\/\">INGREDIENSER<\/a><a class=\"ultp-cat-legumes\" href=\"https:\/\/cozinhadave.com\/sv\/kategori\/ingredienser\/gronsaker\/\">LEGUMEN<\/a><\/div><\/div><h3 class=\"ultp-block-title\"><a href=\"https:\/\/cozinhadave.com\/sv\/feijao-branco\/\">Vita b\u00f6nor: de l\u00e4ckra hemligheterna jag uppt\u00e4ckte!<\/a><\/h3><div class=\"ultp-block-excerpt\"><p>Como jornalista gastron\u00f4mico, eu sempre estou em busca de ingredientes \u00fanicos que podem transformar uma receita comum em algo extraordin\u00e1rio. Recentemente, eu descobri o Feij\u00e3o branco e fiquei impressionado com suas propriedades e versatilidade na cozinha. Desde ent\u00e3o, tenho explorado&hellip;<\/p>\n<\/div><div class=\"ultp-block-readmore\"><a aria-label=\"Vita b\u00f6nor: de l\u00e4ckra hemligheterna jag uppt\u00e4ckte!\" href=\"https:\/\/cozinhadave.com\/sv\/feijao-branco\/\">L\u00e4r dig mer<svg xmlns=\"http:\/\/www.w3.org\/2000\/svg\" fill=\"none\" viewbox=\"0 0 24 24\">\n  <path stroke=\"currentColor\" stroke-linecap=\"round\" stroke-linejoin=\"round\" stroke-width=\"1.5\" d=\"m12 20.5 8.5-8.5m0 0L12 3.5m8.5 8.5h-17\"\/>\n<\/svg>\n<\/a><\/div><\/div><\/div><\/div><div class=\"ultp-block-item ultp-block-media post-id-17870\"><div class=\"ultp-block-content-wrap\"><div class=\"ultp-block-image ultp-block-image-opacity\"><a href=\"https:\/\/cozinhadave.com\/sv\/cambuquira\/\"><img decoding=\"async\"  alt=\"Cambuquira\"  src=\"https:\/\/cozinhadave.com\/wp-content\/uploads\/2023\/08\/Cambuquira-1-600x576.jpg\" \/><\/a><\/div><div class=\"ultp-block-content\"><div class=\"ultp-category-grid ultp-category-classic ultp-category-aboveTitle\"><div class=\"ultp-category-in\"><a class=\"ultp-cat-ingredientes\" href=\"https:\/\/cozinhadave.com\/sv\/kategori\/ingredienser\/\">INGREDIENSER<\/a><a class=\"ultp-cat-legumes\" href=\"https:\/\/cozinhadave.com\/sv\/kategori\/ingredienser\/gronsaker\/\">LEGUMEN<\/a><\/div><\/div><h3 class=\"ultp-block-title\"><a href=\"https:\/\/cozinhadave.com\/sv\/cambuquira\/\">Cambuquira: Uppt\u00e4ck denna l\u00e4ckra kulinariska ingrediens<\/a><\/h3><div class=\"ultp-block-excerpt\"><p>Se voc\u00ea \u00e9 um apaixonado por culin\u00e1ria, com certeza j\u00e1 ouviu falar da cambuquira. Eu, como jornalista especializado em gastronomia, pude comprovar que essa flor comest\u00edvel \u00e9 um verdadeiro tesouro da culin\u00e1ria brasileira. Cambuquira: Descubra este delicioso ingrediente culin\u00e1rio Se&hellip;<\/p>\n<\/div><div class=\"ultp-block-readmore\"><a aria-label=\"Cambuquira: Uppt\u00e4ck denna l\u00e4ckra kulinariska ingrediens\" href=\"https:\/\/cozinhadave.com\/sv\/cambuquira\/\">L\u00e4r dig mer<svg xmlns=\"http:\/\/www.w3.org\/2000\/svg\" fill=\"none\" viewbox=\"0 0 24 24\">\n  <path stroke=\"currentColor\" stroke-linecap=\"round\" stroke-linejoin=\"round\" stroke-width=\"1.5\" d=\"m12 20.5 8.5-8.5m0 0L12 3.5m8.5 8.5h-17\"\/>\n<\/svg>\n<\/a><\/div><\/div><\/div><\/div><div class=\"ultp-block-item ultp-block-media post-id-17900\"><div class=\"ultp-block-content-wrap\"><div class=\"ultp-block-image ultp-block-image-opacity\"><a href=\"https:\/\/cozinhadave.com\/sv\/nektarin\/\"><img decoding=\"async\"  alt=\"Nektarin\"  src=\"https:\/\/cozinhadave.com\/wp-content\/uploads\/2023\/08\/Nectarina-600x576.jpg\" \/><\/a><\/div><div class=\"ultp-block-content\"><div class=\"ultp-category-grid ultp-category-classic ultp-category-aboveTitle\"><div class=\"ultp-category-in\"><a class=\"ultp-cat-ingredientes\" href=\"https:\/\/cozinhadave.com\/sv\/kategori\/ingredienser\/\">INGREDIENSER<\/a><a class=\"ultp-cat-frutas\" href=\"https:\/\/cozinhadave.com\/sv\/kategori\/ingredienser\/frukt\/\">FRUKT<\/a><\/div><\/div><h3 class=\"ultp-block-title\"><a href=\"https:\/\/cozinhadave.com\/sv\/nektarin\/\">Nektarin: Den l\u00e4ckra frukten som er\u00f6vrade den brasilianska gommen<\/a><\/h3><div class=\"ultp-block-excerpt\"><p>Se voc\u00ea ainda n\u00e3o experimentou uma nectarina, est\u00e1 perdendo uma das frutas mais deliciosas j\u00e1 criadas pela natureza. Quando ouvi falar pela primeira vez sobre essa fruta, pensei que era apenas uma varia\u00e7\u00e3o do p\u00eassego. Mas depois de provar, descobri&hellip;<\/p>\n<\/div><div class=\"ultp-block-readmore\"><a aria-label=\"Nektarin: Den l\u00e4ckra frukten som er\u00f6vrade den brasilianska gommen\" href=\"https:\/\/cozinhadave.com\/sv\/nektarin\/\">L\u00e4r dig mer<svg xmlns=\"http:\/\/www.w3.org\/2000\/svg\" fill=\"none\" viewbox=\"0 0 24 24\">\n  <path stroke=\"currentColor\" stroke-linecap=\"round\" stroke-linejoin=\"round\" stroke-width=\"1.5\" d=\"m12 20.5 8.5-8.5m0 0L12 3.5m8.5 8.5h-17\"\/>\n<\/svg>\n<\/a><\/div><\/div><\/div><\/div><div class=\"ultp-block-item ultp-block-media post-id-17113\"><div class=\"ultp-block-content-wrap\"><div class=\"ultp-block-image ultp-block-image-opacity\"><a href=\"https:\/\/cozinhadave.com\/sv\/massala\/\"><img decoding=\"async\"  alt=\"massala 5\"  src=\"https:\/\/cozinhadave.com\/wp-content\/uploads\/2023\/09\/Estragao-Russo-5-1-600x585.jpg\" \/><\/a><\/div><div class=\"ultp-block-content\"><div class=\"ultp-category-grid ultp-category-classic ultp-category-aboveTitle\"><div class=\"ultp-category-in\"><a class=\"ultp-cat-ingredientes\" href=\"https:\/\/cozinhadave.com\/sv\/kategori\/ingredienser\/\">INGREDIENSER<\/a><a class=\"ultp-cat-condimentos\" href=\"https:\/\/cozinhadave.com\/sv\/kategori\/ingredienser\/condimentos\/\">KONDIMENTER<\/a><\/div><\/div><h3 class=\"ultp-block-title\"><a href=\"https:\/\/cozinhadave.com\/sv\/massala\/\">Uppt\u00e4ck Massala: kryddan som kommer att revolutionera din matlagning i Brasilien<\/a><\/h3><div class=\"ultp-block-excerpt\"><p>Se voc\u00ea \u00e9 um amante da comida com um paladar exigente, provavelmente j\u00e1 experimentou diversos temperos e especiarias para dar um toque especial \u00e0s suas cria\u00e7\u00f5es culin\u00e1rias. Mas h\u00e1 um tempero que est\u00e1 ganhando cada vez mais espa\u00e7o em cozinhas&hellip;<\/p>\n<\/div><div class=\"ultp-block-readmore\"><a aria-label=\"Uppt\u00e4ck Massala: kryddan som kommer att revolutionera din matlagning i Brasilien\" href=\"https:\/\/cozinhadave.com\/sv\/massala\/\">L\u00e4r dig mer<svg xmlns=\"http:\/\/www.w3.org\/2000\/svg\" fill=\"none\" viewbox=\"0 0 24 24\">\n  <path stroke=\"currentColor\" stroke-linecap=\"round\" stroke-linejoin=\"round\" stroke-width=\"1.5\" d=\"m12 20.5 8.5-8.5m0 0L12 3.5m8.5 8.5h-17\"\/>\n<\/svg>\n<\/a><\/div><\/div><\/div><\/div><div class=\"ultp-block-item ultp-block-media post-id-17197\"><div class=\"ultp-block-content-wrap\"><div class=\"ultp-block-image ultp-block-image-opacity\"><a href=\"https:\/\/cozinhadave.com\/sv\/erva-de-provence\/\"><img decoding=\"async\"  alt=\"Herb de Provence\"  src=\"https:\/\/cozinhadave.com\/wp-content\/uploads\/2023\/09\/Erva-de-provence-1-600x585.jpg\" \/><\/a><\/div><div class=\"ultp-block-content\"><div class=\"ultp-category-grid ultp-category-classic ultp-category-aboveTitle\"><div class=\"ultp-category-in\"><a class=\"ultp-cat-ingredientes\" href=\"https:\/\/cozinhadave.com\/sv\/kategori\/ingredienser\/\">INGREDIENSER<\/a><a class=\"ultp-cat-condimentos\" href=\"https:\/\/cozinhadave.com\/sv\/kategori\/ingredienser\/condimentos\/\">KONDIMENTER<\/a><\/div><\/div><h3 class=\"ultp-block-title\"><a href=\"https:\/\/cozinhadave.com\/sv\/erva-de-provence\/\">Erba de Provence: Uppt\u00e4ck hemligheten med franska \u00f6rter i Brasilien<\/a><\/h3><div class=\"ultp-block-excerpt\"><p>Ol\u00e1, eu sou um jornalista especializado em copywriting e hoje estou aqui para falar sobre um ingrediente que chegou recentemente ao Brasil, mas que j\u00e1 conquistou muitos cora\u00e7\u00f5es culin\u00e1rios: a Erva de Provence. Erva de Provence: Descubra o segredo das&hellip;<\/p>\n<\/div><div class=\"ultp-block-readmore\"><a aria-label=\"Erba de Provence: Uppt\u00e4ck hemligheten med franska \u00f6rter i Brasilien\" href=\"https:\/\/cozinhadave.com\/sv\/erva-de-provence\/\">L\u00e4r dig mer<svg xmlns=\"http:\/\/www.w3.org\/2000\/svg\" fill=\"none\" viewbox=\"0 0 24 24\">\n  <path stroke=\"currentColor\" stroke-linecap=\"round\" stroke-linejoin=\"round\" stroke-width=\"1.5\" d=\"m12 20.5 8.5-8.5m0 0L12 3.5m8.5 8.5h-17\"\/>\n<\/svg>\n<\/a><\/div><\/div><\/div><\/div><div class=\"ultp-block-item ultp-block-media post-id-17065\"><div class=\"ultp-block-content-wrap\"><div class=\"ultp-block-image ultp-block-image-opacity\"><a href=\"https:\/\/cozinhadave.com\/sv\/aipo-em-po\/\"><img decoding=\"async\"  alt=\"Selleri5\"  src=\"https:\/\/cozinhadave.com\/wp-content\/uploads\/2023\/09\/aipo5-600x585.jpg\" \/><\/a><\/div><div class=\"ultp-block-content\"><div class=\"ultp-category-grid ultp-category-classic ultp-category-aboveTitle\"><div class=\"ultp-category-in\"><a class=\"ultp-cat-ingredientes\" href=\"https:\/\/cozinhadave.com\/sv\/kategori\/ingredienser\/\">INGREDIENSER<\/a><a class=\"ultp-cat-condimentos\" href=\"https:\/\/cozinhadave.com\/sv\/kategori\/ingredienser\/condimentos\/\">KONDIMENTER<\/a><\/div><\/div><h3 class=\"ultp-block-title\"><a href=\"https:\/\/cozinhadave.com\/sv\/aipo-em-po\/\">Selleripulver: Den v\u00e4lsmakande och h\u00e4lsosamma hemligheten i mitt k\u00f6k<\/a><\/h3><div class=\"ultp-block-excerpt\"><p>Eu amo cozinhar, mas sempre estou em busca de ingredientes que possam tornar minhas receitas ainda mais saborosas e saud\u00e1veis. E recentemente, descobri o Aipo em P\u00f3 &#8211; um tempero rico em sabor e benef\u00edcios para a sa\u00fade. Aipo em&hellip;<\/p>\n<\/div><div class=\"ultp-block-readmore\"><a aria-label=\"Selleripulver: Den v\u00e4lsmakande och h\u00e4lsosamma hemligheten i mitt k\u00f6k\" href=\"https:\/\/cozinhadave.com\/sv\/aipo-em-po\/\">L\u00e4r dig mer<svg xmlns=\"http:\/\/www.w3.org\/2000\/svg\" fill=\"none\" viewbox=\"0 0 24 24\">\n  <path stroke=\"currentColor\" stroke-linecap=\"round\" stroke-linejoin=\"round\" stroke-width=\"1.5\" d=\"m12 20.5 8.5-8.5m0 0L12 3.5m8.5 8.5h-17\"\/>\n<\/svg>\n<\/a><\/div><\/div><\/div><\/div><\/div><div class=\"ultp-loadmore\"><span class=\"ultp-loadmore-action\" tabindex=\"0\" role=\"button\" data-pages=\"10\" data-pagenum=\"1\"  data-expost=\"\" data-blockid=\"3f3328\" data-blockname=\"ultimate-post_post-list-3\" data-postid=\"21056\" data-selfpostid=\"yes\">Se mer om <span class=\"ultp-spin\"><svg xmlns=\"http:\/\/www.w3.org\/2000\/svg\" fill=\"none\" viewbox=\"0 0 24 24\">\n  <path stroke=\"currentColor\" stroke-linecap=\"round\" stroke-linejoin=\"round\" stroke-width=\"1.5\" d=\"M21 12a9 9 0 0 1-17 4.127M3 12a9 9 0 0 1 17-4.127M20 3v5h-5M4 21v-5h5\"\/>\n<\/svg>\n<\/span><\/span><\/div><\/div><div class=\"pagination-block-html\" aria-hidden=\"true\" style=\"display: none;\"><\/div><\/div><\/div>\n\n\n\n<div class=\"wp-block-uagb-container uagb-block-179d179f\"><\/div>\n<\/div><\/div>","protected":false},"excerpt":{"rendered":"<p>INGREDIENTES Para uma deliciosa receita, \u00e9 sempre necess\u00e1rio escolher os ingredientes mais adequados. Para que isso aconte\u00e7a voc\u00ea dever\u00e1 identificar se os ingredientes s\u00e3o os mais indicados para a receita que vai preparar.&nbsp; Neste espa\u00e7o oferecemos diversos guias gratuitos sobre os mais variados ingredientes, que normalmente utilizamos nas nossas receitas, mas a parte melhor \u00e9&hellip;&nbsp;<\/p>\n<div class=\"read-more-wrapper\"><a href=\"https:\/\/cozinhadave.com\/sv\/ingredienser\/\" class=\"button button-secondary\" rel=\"bookmark\">L\u00e4s mer \"<span class=\"screen-reader-text\">INGREDIENSER<\/span><\/a><\/div>","protected":false},"author":10,"featured_media":0,"parent":0,"menu_order":0,"comment_status":"closed","ping_status":"closed","template":"","meta":{"_uag_custom_page_level_css":"","wprm-recipe-roundup-name":"","wprm-recipe-roundup-description":"","neve_meta_sidebar":"","neve_meta_container":"","neve_meta_enable_content_width":"","neve_meta_content_width":0,"neve_meta_title_alignment":"","neve_meta_author_avatar":"","neve_post_elements_order":"","neve_meta_disable_header":"","neve_meta_disable_footer":"","neve_meta_disable_title":"","neve_meta_reading_time":"","footnotes":""},"class_list":["post-21056","page","type-page","status-publish","hentry"],"uagb_featured_image_src":{"full":false,"thumbnail":false,"medium":false,"medium_large":false,"large":false,"1536x1536":false,"2048x2048":false,"trp-custom-language-flag":false,"ultp_layout_landscape_large":false,"ultp_layout_landscape":false,"ultp_layout_portrait":false,"ultp_layout_square":false,"wprm-metadata-1_1":false,"wprm-metadata-4_3":false,"wprm-metadata-16_9":false,"neve-blog":false},"uagb_author_info":{"display_name":"Paulo RIbeiro","author_link":"https:\/\/cozinhadave.com\/sv\/author\/paulomiguelribeirogmail-com\/"},"uagb_comment_info":0,"uagb_excerpt":"INGREDIENTES Para uma deliciosa receita, \u00e9 sempre necess\u00e1rio escolher os ingredientes mais adequados. Para que isso aconte\u00e7a voc\u00ea dever\u00e1 identificar se os ingredientes s\u00e3o os mais indicados para a receita que vai preparar.&nbsp; Neste espa\u00e7o oferecemos diversos guias gratuitos sobre os mais variados ingredientes, que normalmente utilizamos nas nossas receitas, mas a parte melhor \u00e9&hellip;&nbsp;Ler&hellip;","_links":{"self":[{"href":"https:\/\/cozinhadave.com\/sv\/wp-json\/wp\/v2\/pages\/21056","targetHints":{"allow":["GET"]}}],"collection":[{"href":"https:\/\/cozinhadave.com\/sv\/wp-json\/wp\/v2\/pages"}],"about":[{"href":"https:\/\/cozinhadave.com\/sv\/wp-json\/wp\/v2\/types\/page"}],"author":[{"embeddable":true,"href":"https:\/\/cozinhadave.com\/sv\/wp-json\/wp\/v2\/users\/10"}],"replies":[{"embeddable":true,"href":"https:\/\/cozinhadave.com\/sv\/wp-json\/wp\/v2\/comments?post=21056"}],"version-history":[{"count":0,"href":"https:\/\/cozinhadave.com\/sv\/wp-json\/wp\/v2\/pages\/21056\/revisions"}],"wp:attachment":[{"href":"https:\/\/cozinhadave.com\/sv\/wp-json\/wp\/v2\/media?parent=21056"}],"curies":[{"name":"wp","href":"https:\/\/api.w.org\/{rel}","templated":true}]}}