{"id":143,"date":"2019-08-20T06:04:10","date_gmt":"2019-08-20T06:04:10","guid":{"rendered":"https:\/\/websitedemos.net\/nutritionist-02-wip\/?page_id=143"},"modified":"2024-05-17T11:57:08","modified_gmt":"2024-05-17T11:57:08","slug":"kontakt","status":"publish","type":"page","link":"https:\/\/cozinhadave.com\/sv\/kontakt\/","title":{"rendered":"Kontakt"},"content":{"rendered":"<div class=\"wp-block-uagb-container uagb-block-ffd1b90d alignwide uagb-is-root-container\">\n<div class=\"wp-block-uagb-container uagb-block-c7f00a9d\"><\/div>\n\n\n\n<div class=\"wp-block-uagb-container uagb-block-458e407f\">\n<div style=\"height:30px\" aria-hidden=\"true\" class=\"wp-block-spacer\"><\/div>\n\n\n\n<div class=\"wp-block-uagb-advanced-heading uagb-block-8fd913c6\" id=\"ENTRE_EM_CONTATO\"><h2 class=\"uagb-heading-text\">KONTAKT<\/h2><\/div>\n\n\n<div  class=\"wp-block-ultimate-post-image ultp-block-17ded4\"><div class=\"ultp-block-wrapper\"><figure class=\"ultp-image-block-wrapper\"><div class=\"ultp-image-block ultp-image-block-none\"><img decoding=\"async\"  class=\"ultp-image\"  alt=\"Bild inte hittad\"  src=\"http:\/\/cozinhadave.com\/wp-content\/uploads\/2022\/02\/veronica-300x300.png\" \/><\/div><\/figure><\/div><\/div>\n\n\n<p>Om du vill kontakta V\u00ea's Kitchen-teamet \u00e4r det enklast att skriva ditt meddelande i formul\u00e4ret nedan.<\/p>\n\n\n<div class='fluentform ff-default fluentform_wrapper_4 ffs_custom_wrap'><form data-form_id=\"4\" id=\"fluentform_4\" class=\"frm-fluent-form fluent_form_4 ff-el-form-top ff_form_instance_4_1 ff-form-loading ff_has_v3_recptcha ffs_custom\" data-form_instance=\"ff_form_instance_4_1\" method=\"POST\" data-recptcha_key=\"6LdE2_grAAAAAL5FPbvCHxC9tTPnBQr3XIQDKoiO\" action=\"\" ><fieldset  style=\"border: none!important;margin: 0!important;padding: 0!important;background-color: transparent!important;box-shadow: none!important;outline: none!important; min-inline-size: 100%;\">\n                    <legend class=\"ff_screen_reader_title\" style=\"display: block; margin: 0!important;padding: 0!important;height: 0!important;text-indent: -999999px;width: 0!important;overflow:hidden;\">Kontaktformul\u00e4r<\/legend><p style=\"display: none !important;\" class=\"akismet-fields-container\" data-prefix=\"ak_\"><label>&#916;<textarea name=\"ak_hp_textarea\" cols=\"45\" rows=\"8\" maxlength=\"100\"><\/textarea><\/label><input type=\"hidden\" id=\"ak_js_1\" name=\"ak_js\" value=\"190\"\/><script>document.getElementById( \"ak_js_1\" ).setAttribute( \"value\", ( new Date() ).getTime() );<\/script><\/p><input type='hidden' name='__fluent_form_embded_post_id' value='143' \/><input type=\"hidden\" id=\"_fluentform_4_fluentformnonce\" name=\"_fluentform_4_fluentformnonce\" value=\"49e43ec255\" \/><input type=\"hidden\" name=\"_wp_http_referer\" value=\"\/sv\/wp-json\/wp\/v2\/pages\/143\" \/><div data-type=\"name-element\" data-name=\"names\" class=\"ff-field_container ff-name-field-wrapper\" ><div class='ff-t-container'><div class='ff-t-cell'><div class='ff-el-group'><div class=\"ff-el-input--label ff-el-is-required asterisk-right\"><label for='ff_4_names_first_name_' id='label_ff_4_names_first_name_' >namn<\/label><\/div><div class='ff-el-input--content'><input type=\"text\" name=\"names[first_name]\" id=\"ff_4_names_first_name_\" class=\"ff-el-form-control\" placeholder=\"Ange ditt namn\" aria-invalid=\"false\" aria-required=\"true\"><\/div><\/div><\/div><div class='ff-t-cell'><div class='ff-el-group'><div class=\"ff-el-input--label asterisk-right\"><label for='ff_4_names_last_name_' id='label_ff_4_names_last_name_' >Efternamn<\/label><\/div><div class='ff-el-input--content'><input type=\"text\" name=\"names[last_name]\" id=\"ff_4_names_last_name_\" class=\"ff-el-form-control\" placeholder=\"Ange ditt efternamn\" aria-invalid=\"false\" aria-required=\"false\"><\/div><\/div><\/div><\/div><\/div><div class='ff-el-group'><div class=\"ff-el-input--label ff-el-is-required asterisk-right\"><label for='ff_4_email' id='label_ff_4_email' aria-label=\"E-post\">E-post<\/label><\/div><div class='ff-el-input--content'><input type=\"email\" name=\"email\" id=\"ff_4_email\" class=\"ff-el-form-control\" placeholder=\"Ange din e-postadress\" data-name=\"email\"  aria-invalid=\"false\" aria-required=\"true\"><\/div><\/div><div class='ff-el-group'><div class=\"ff-el-input--label ff-el-is-required asterisk-right\"><label   aria-label=\"Typ av kontakt\">Typ av kontakt<\/label><\/div><div class='ff-el-input--content'><div class='ff-el-form-check ff-el-form-check-'><label class='ff-el-form-check-label' for='input_radio_6c2031d6ba7102d4ebfe6802748026f1'><input  type=\"radio\" name=\"input_radio\" data-name=\"input_radio\" class=\"ff-el-form-check-input ff-el-form-check-radio\" value=\"Sugest\u00e3o de melhoria do site.\"  id='input_radio_6c2031d6ba7102d4ebfe6802748026f1' aria-label='F\u00f6rslag till f\u00f6rb\u00e4ttring av webbplatsen.' aria-invalid='false' aria-required=\"true\"> <span>F\u00f6rslag till f\u00f6rb\u00e4ttring av webbplatsen.<\/span><\/label><\/div><div class='ff-el-form-check ff-el-form-check-'><label class='ff-el-form-check-label' for='input_radio_9ed0833a4e5b9160747b5c8a587b839a'><input  type=\"radio\" name=\"input_radio\" data-name=\"input_radio\" class=\"ff-el-form-check-input ff-el-form-check-radio\" value=\"D\u00favidas ou quest\u00f5es sobre o conte\u00fado\"  id='input_radio_9ed0833a4e5b9160747b5c8a587b839a' aria-label='Fr\u00e5gor eller fr\u00e5gor om inneh\u00e5llet' aria-invalid='false' aria-required=\"true\"> <span>Fr\u00e5gor eller fr\u00e5gor om inneh\u00e5llet<\/span><\/label><\/div><div class='ff-el-form-check ff-el-form-check-'><label class='ff-el-form-check-label' for='input_radio_11953d1c8584daac8a1734eeb6cbb8dc'><input  type=\"radio\" name=\"input_radio\" data-name=\"input_radio\" class=\"ff-el-form-check-input ff-el-form-check-radio\" value=\"Contato de Parceria ou compra de Publicidade\"  id='input_radio_11953d1c8584daac8a1734eeb6cbb8dc' aria-label='Kontakta oss f\u00f6r partnerskap eller k\u00f6p av annonser' aria-invalid='false' aria-required=\"true\"> <span>Kontakta oss f\u00f6r partnerskap eller k\u00f6p av annonser<\/span><\/label><\/div><\/div><\/div><div class='ff-el-group'><div class=\"ff-el-input--label ff-el-is-required asterisk-right\"><label for='ff_4_subject' id='label_ff_4_subject' aria-label=\"\u00c4mne\">\u00c4mne<\/label><\/div><div class='ff-el-input--content'><input type=\"text\" name=\"subject\" class=\"ff-el-form-control\" placeholder=\"Skriv in det \u00e4mne du vill skriva om.\" data-name=\"subject\" id=\"ff_4_subject\"  aria-invalid=\"false\" aria-required=\"true\"><\/div><\/div><div class='ff-el-group'><div class=\"ff-el-input--label ff-el-is-required asterisk-right\"><label for='ff_4_message' id='label_ff_4_message' aria-label=\"Meddelande\">Meddelande<\/label><\/div><div class='ff-el-input--content'><textarea aria-required=\"true\" aria-labelledby=\"label_ff_4_message\" name=\"message\" id=\"ff_4_message\" class=\"ff-el-form-control\" placeholder=\"Skriv ditt meddelande s\u00e5 detaljerat som m\u00f6jligt.\" rows=\"4\" cols=\"2\" data-name=\"message\" ><\/textarea><\/div><\/div><div class='ff-el-group ff-text-center ff_submit_btn_wrapper'><button type=\"submit\" class=\"ff-btn ff-btn-submit ff-btn-lg ff_btn_style\"  aria-label=\"SKICKA MEDDELANDE\">SKICKA MEDDELANDE<\/button><\/div><\/fieldset><input type=\"hidden\" name=\"trp-form-language\" value=\"sv\"\/><\/form><div id='fluentform_4_errors' class='ff-errors-in-stack ff_form_instance_4_1 ff-form-loading_errors ff_form_instance_4_1_errors'><\/div><\/div>            <script type=\"text\/javascript\">\n                window.fluent_form_ff_form_instance_4_1 = {\"id\":\"4\",\"settings\":{\"layout\":{\"labelPlacement\":\"top\",\"helpMessagePlacement\":\"with_label\",\"errorMessagePlacement\":\"inline\",\"cssClassName\":\"\",\"asteriskPlacement\":\"asterisk-right\"},\"restrictions\":{\"denyEmptySubmission\":{\"enabled\":false}}},\"form_instance\":\"ff_form_instance_4_1\",\"form_id_selector\":\"fluentform_4\",\"rules\":{\"names[first_name]\":{\"required\":{\"value\":true,\"message\":\"Este campo \\u00e9 obrigat\\u00f3rio.\",\"global\":false,\"global_message\":\"This field is required\"}},\"names[middle_name]\":{\"required\":{\"value\":false,\"message\":\"This field is required\",\"global\":false,\"global_message\":\"This field is required\"}},\"names[last_name]\":{\"required\":{\"value\":false,\"message\":\"This field is required\",\"global\":false,\"global_message\":\"This field is required\"}},\"email\":{\"required\":{\"value\":true,\"message\":\"Este campo \\u00e9 obrigat\\u00f3rio.\",\"global\":false,\"global_message\":\"This field is required\"},\"email\":{\"value\":true,\"message\":\"O seu e-mail n\\u00e3o foi validado, verifique se digitou o nome do e-mail correto.\",\"global\":false,\"global_message\":\"This field must contain a valid email\"}},\"input_radio\":{\"required\":{\"value\":true,\"message\":\"Este campo \\u00e9 obrigat\\u00f3rio\",\"global\":false,\"global_message\":\"This field is required\"}},\"subject\":{\"required\":{\"value\":true,\"message\":\"Este campo \\u00e9 obrigat\\u00f3rio.\",\"global\":false,\"global_message\":\"This field is required\"}},\"message\":{\"required\":{\"value\":true,\"message\":\"Este campo \\u00e9 obrigat\\u00f3rio.\",\"global\":false,\"global_message\":\"This field is required\"}},\"g-recaptcha-response\":[]},\"debounce_time\":300};\n                            <\/script>\n            \n<\/div>\n\n\n\n<div class=\"wp-block-uagb-container uagb-block-29a1f389\"><\/div>\n<\/div>\n\n\n\n<div style=\"height:60px\" aria-hidden=\"true\" class=\"wp-block-spacer\"><\/div>\n\n\n\n<div style=\"height:50px\" aria-hidden=\"true\" class=\"wp-block-spacer\"><\/div>","protected":false},"excerpt":{"rendered":"<p>ENTRE EM CONTATO Se pretender entrar em contato com a equipe da Cozinha da V\u00ea, esta \u00e9 a forma mais simples , escrever no formul\u00e1rio abaixo a sua mensagem.<\/p>","protected":false},"author":1,"featured_media":0,"parent":0,"menu_order":0,"comment_status":"closed","ping_status":"closed","template":"","meta":{"_uag_custom_page_level_css":"","wprm-recipe-roundup-name":"","wprm-recipe-roundup-description":"","neve_meta_sidebar":"","neve_meta_container":"contained","neve_meta_enable_content_width":"on","neve_meta_content_width":100,"neve_meta_title_alignment":"","neve_meta_author_avatar":"","neve_post_elements_order":"","neve_meta_disable_header":"","neve_meta_disable_footer":"","neve_meta_disable_title":"on","neve_meta_reading_time":"","footnotes":""},"class_list":["post-143","page","type-page","status-publish","hentry"],"uagb_featured_image_src":{"full":false,"thumbnail":false,"medium":false,"medium_large":false,"large":false,"1536x1536":false,"2048x2048":false,"trp-custom-language-flag":false,"ultp_layout_landscape_large":false,"ultp_layout_landscape":false,"ultp_layout_portrait":false,"ultp_layout_square":false,"wprm-metadata-1_1":false,"wprm-metadata-4_3":false,"wprm-metadata-16_9":false,"neve-blog":false},"uagb_author_info":{"display_name":"cozinhadave","author_link":"https:\/\/cozinhadave.com\/sv\/author\/cozinhadave\/"},"uagb_comment_info":0,"uagb_excerpt":"ENTRE EM CONTATO Se pretender entrar em contato com a equipe da Cozinha da V\u00ea, esta \u00e9 a forma mais simples , escrever no formul\u00e1rio abaixo a sua mensagem.","_links":{"self":[{"href":"https:\/\/cozinhadave.com\/sv\/wp-json\/wp\/v2\/pages\/143","targetHints":{"allow":["GET"]}}],"collection":[{"href":"https:\/\/cozinhadave.com\/sv\/wp-json\/wp\/v2\/pages"}],"about":[{"href":"https:\/\/cozinhadave.com\/sv\/wp-json\/wp\/v2\/types\/page"}],"author":[{"embeddable":true,"href":"https:\/\/cozinhadave.com\/sv\/wp-json\/wp\/v2\/users\/1"}],"replies":[{"embeddable":true,"href":"https:\/\/cozinhadave.com\/sv\/wp-json\/wp\/v2\/comments?post=143"}],"version-history":[{"count":0,"href":"https:\/\/cozinhadave.com\/sv\/wp-json\/wp\/v2\/pages\/143\/revisions"}],"wp:attachment":[{"href":"https:\/\/cozinhadave.com\/sv\/wp-json\/wp\/v2\/media?parent=143"}],"curies":[{"name":"wp","href":"https:\/\/api.w.org\/{rel}","templated":true}]}}