{"id":21193,"date":"2024-07-02T08:28:02","date_gmt":"2024-07-02T08:28:02","guid":{"rendered":"http:\/\/cozinhadave.com\/?page_id=21193"},"modified":"2024-07-02T10:15:45","modified_gmt":"2024-07-02T10:15:45","slug":"recepten","status":"publish","type":"page","link":"https:\/\/cozinhadave.com\/nl\/recepten\/","title":{"rendered":"INKOMSTEN"},"content":{"rendered":"<div class=\"wp-block-uagb-advanced-heading uagb-block-ca604257\"><h2 class=\"uagb-heading-text\">CULINAIRE RECEPTEN<\/h2><p class=\"uagb-desc-text\">Bekijk onze kookrecepten<\/p><\/div>\n\n\n\n<div class=\"wp-block-uagb-container uagb-block-26a8be47 alignfull uagb-is-root-container\"><div class=\"uagb-container-inner-blocks-wrap\">\n<div class=\"wp-block-uagb-container uagb-block-71bdc037\"><\/div>\n\n\n\n<div class=\"wp-block-uagb-container uagb-block-46bd2a80\">\n<p>Botweg; gewoon echt eten. Blader door honderden eenvoudige recepten met eenvoudige, echte voedselingredi\u00ebnten. Ze zullen zelfs de meest kieskeurige eters tevreden stellen!&nbsp;<\/p>\n\n\n\n<p>Het bevat opties voor alle soorten recepten, met de nadruk op de Portugees-Braziliaanse keuken. Deze recepten zijn uitvoerig getest, zodat u altijd een onfeilbaar resultaat krijgt, met stapsgewijze foto&#039;s en video&#039;s, zodat u alle ondersteuning krijgt die u nodig heeft.<\/p>\n\n\n<div  class=\"wp-block-ultimate-post-advanced-search ultp-block-f6cd4a\"><div class=\"ultp-block-wrapper\"><div class=\"ultp-search-container ultp-search-frontend\"  data-ajax=\"1\" data-gosearch=\"1\" data-enablenewtab=\"\" data-blockid=\"f6cd4a\" \n                    data-image=\"1\"  data-author= \"data-date=\"\"\" data-excerpt=\"1\" data-excerptlimit=\"25\" data-allresult=\"1\" data-catenable=\"\"  data-postno=\"3\"  data-noresultext=\"N\u00e3o foram encontrados resultados\"  data-viewmoretext=\"View More Results\"  data-popupposition=\"right\" data-searchposttype=\"\"><div class=\"ultp-searchform-content ultp-searchform-input1\"><div class=\"ultp-search-inputwrap\"> <input type=\"text\" value=\"\" class=\"ultp-searchres-input\"  placeholder=\"Recepten zoeken\"\/> <span class=\"ultp-search-clear\" data-blockid=\"f6cd4a\"><svg xmlns=\"http:\/\/www.w3.org\/2000\/svg\" fill=\"none\" viewbox=\"0 0 24 24\">\n  <path stroke=\"currentColor\" stroke-linecap=\"round\" stroke-width=\"1.5\" d=\"m6 6 6 6m0 0 6 6m-6-6 6-6m-6 6-6 6\"\/>\n<\/svg>\n<\/span> <\/div><div class=\"ultp-search-button\"><svg xmlns=\"http:\/\/www.w3.org\/2000\/svg\" fill=\"none\" viewbox=\"0 0 24 24\">\n  <path stroke=\"currentColor\" stroke-linecap=\"round\" stroke-linejoin=\"round\" stroke-width=\"1.5\" d=\"M11 19a8 8 0 1 0 0-16 8 8 0 0 0 0 16Zm10 2-4.35-4.35\"\/>\n<\/svg>\n<span class=\"ultp-search-button__text\"> Zoek op <\/span><\/div><\/div><\/div><\/div><\/div><\/div>\n\n\n\n<div class=\"wp-block-uagb-container uagb-block-59e8365b\"><\/div>\n<\/div><\/div>\n\n\n\n<div class=\"wp-block-uagb-container uagb-block-bb890383 alignfull uagb-is-root-container\"><div class=\"uagb-container-inner-blocks-wrap\">\n<div class=\"wp-block-uagb-container uagb-block-07f24e17\"><\/div>\n\n\n\n<div class=\"wp-block-uagb-container uagb-block-894989ec\"><div  class=\"ultp-post-grid-block wp-block-ultimate-post-post-list-3 ultp-block-e931a7\"><div class=\"ultp-block-wrapper\"><div class=\"ultp-loading\"><div class=\"ultp-loading-blocks\" style=\"width:100%;height:100%;\"><div style=\"left: 0;top: 0;animation-delay:0s;\"><\/div><div style=\"left: 21px;top: 0;animation-delay:0.125s;\"><\/div><div style=\"left: 42px;top: 0;animation-delay:0.25s;\"><\/div><div style=\"left: 0;top: 21px;animation-delay:0.875s;\"><\/div><div style=\"left: 42px;top: 21px;animation-delay:0.375s;\"><\/div><div style=\"left: 0;top: 42px;animation-delay:0.75s;\"><\/div><div style=\"left: 42px;top: 42px;animation-delay:0.625s;\"><\/div><div style=\"left: 21px;top: 42px;animation-delay:0.5s;\"><\/div><\/div><\/div><div class=\"ultp-heading-filter\"><div class=\"ultp-heading-filter-in\"><div class=\"ultp-filter-navigation\"><div class=\"ultp-filter-wrap\" data-taxtype=\"category\" data-blockid=\"e931a7\" data-blockname=\"ultimate-post_post-list-3\" data-postid=\"21193\"data-selfpostid=\"yes\"><ul  data-name=\"More\"><li class=\"filter-item\"><a class=\"filter-active\" data-taxonomy=\"\" href=\"#\">ALLE<\/a><\/li><li class=\"filter-item\"><a data-taxonomy=\"bebidas\" href=\"#\">DRANKJES<\/a><\/li><li class=\"filter-item\"><a data-taxonomy=\"pratos-principais\" href=\"#\">HOOFDGERECHTEN<\/a><\/li><li class=\"filter-item\"><a data-taxonomy=\"petiscos\" href=\"#\">ZOUTE SNACKS<\/a><\/li><li class=\"filter-item\"><a data-taxonomy=\"doces-sobremesas\" href=\"#\">DESSERTS<\/a><\/li><li class=\"filter-item\"><a data-taxonomy=\"acompanhamentos\" href=\"#\">BIJGERECHTEN<\/a><\/li><li class=\"filter-item\"><a data-taxonomy=\"sopas\" href=\"#\">SOEPEN<\/a><\/li><li class=\"filter-item\"><a data-taxonomy=\"saladas\" href=\"#\">SALADES<\/a><\/li><li class=\"filter-item\"><a data-taxonomy=\"molhos-cremes\" href=\"#\">SOULS<\/a><\/li><li class=\"filter-item\"><a data-taxonomy=\"massas\" href=\"#\">DOUGHS<\/a><\/li><li class=\"filter-item\"><a data-taxonomy=\"comidas-saudaveis\" href=\"#\">GEZOND ETEN<\/a><\/li><li class=\"filter-item\"><a data-taxonomy=\"low-carb\" href=\"#\">LAAG CARB<\/a><\/li><\/ul><\/div><\/div><\/div><\/div><div class=\"ultp-block-items-wrap ultp-block-row ultp-block-column-1 ultp-block-content-middle ultp-layout1\"><div class=\"ultp-block-item ultp-block-media post-id-13499\"><div class=\"ultp-block-content-wrap\"><div class=\"ultp-block-image ultp-block-image-opacity\"><a href=\"https:\/\/cozinhadave.com\/nl\/kabeljauw-met-room-in-de-oven\/\"><img decoding=\"async\"  alt=\"Kabeljauw met room in de oven\"  src=\"https:\/\/cozinhadave.com\/wp-content\/uploads\/2022\/09\/Bacalhau-com-natas-no-forno-2-600x600.webp\" \/><\/a><\/div><div class=\"ultp-block-content\"><div class=\"ultp-category-grid ultp-category-classic ultp-category-aboveTitle\"><div class=\"ultp-category-in\"><a class=\"ultp-cat-pratos-principais\" href=\"https:\/\/cozinhadave.com\/nl\/categorie\/recepten\/vis\/\">HOOFDGERECHTEN<\/a><\/div><\/div><h3 class=\"ultp-block-title\"><a href=\"https:\/\/cozinhadave.com\/nl\/kabeljauw-met-room-in-de-oven\/\">Kabeljauw met room in de oven<\/a><\/h3><div class=\"ultp-block-excerpt\"><p>O bacalhau com natas no forno, \u00e9 um prato tipicamente portugu\u00eas que convive com a cultura portuguesa desde h\u00e1 muitas d\u00e9cadas e \u00e9 sobre ele que dedicamos a nossa receita de hoje. Esta receita pode conter links de afiliados, confira&hellip;<\/p>\n<\/div><div class=\"ultp-block-readmore\"><a aria-label=\"Kabeljauw met room in de oven\" href=\"https:\/\/cozinhadave.com\/nl\/kabeljauw-met-room-in-de-oven\/\">Meer leren<svg xmlns=\"http:\/\/www.w3.org\/2000\/svg\" fill=\"none\" viewbox=\"0 0 24 24\">\n  <path stroke=\"currentColor\" stroke-linecap=\"round\" stroke-linejoin=\"round\" stroke-width=\"1.5\" d=\"m12 20.5 8.5-8.5m0 0L12 3.5m8.5 8.5h-17\"\/>\n<\/svg>\n<\/a><\/div><\/div><\/div><\/div><div class=\"ultp-block-item ultp-block-media post-id-3137\"><div class=\"ultp-block-content-wrap\"><div class=\"ultp-block-image ultp-block-image-opacity\"><a href=\"https:\/\/cozinhadave.com\/nl\/hoe-gelatine-ijs-te-maken\/\"><img decoding=\"async\"  alt=\"hoe maak je gelatine-ijs?\"  src=\"https:\/\/cozinhadave.com\/wp-content\/uploads\/2020\/08\/Sorvete-de-gelado-blog-3.jpg\" \/><\/a><\/div><div class=\"ultp-block-content\"><div class=\"ultp-category-grid ultp-category-classic ultp-category-aboveTitle\"><div class=\"ultp-category-in\"><a class=\"ultp-cat-doces-sobremesas\" href=\"https:\/\/cozinhadave.com\/nl\/categorie\/recepten\/zoete-desserts\/\">DESSERTS<\/a><\/div><\/div><h3 class=\"ultp-block-title\"><a href=\"https:\/\/cozinhadave.com\/nl\/hoe-gelatine-ijs-te-maken\/\">Hoe maak je gelatine-ijs<\/a><\/h3><div class=\"ultp-block-excerpt\"><p>N\u00e3o h\u00e1 nada como o sabor de sorvete caseiro. E n\u00e3o h\u00e1 nada como a satisfa\u00e7\u00e3o de saber exatamente quais s\u00e3o os ingredientes de seu sorvete. Esta receita de sorvete de gelatina caseiro \u00e9 uma alternativa saud\u00e1vel e deliciosa para&hellip;<\/p>\n<\/div><div class=\"ultp-block-readmore\"><a aria-label=\"Hoe maak je gelatine-ijs\" href=\"https:\/\/cozinhadave.com\/nl\/hoe-gelatine-ijs-te-maken\/\">Meer leren<svg xmlns=\"http:\/\/www.w3.org\/2000\/svg\" fill=\"none\" viewbox=\"0 0 24 24\">\n  <path stroke=\"currentColor\" stroke-linecap=\"round\" stroke-linejoin=\"round\" stroke-width=\"1.5\" d=\"m12 20.5 8.5-8.5m0 0L12 3.5m8.5 8.5h-17\"\/>\n<\/svg>\n<\/a><\/div><\/div><\/div><\/div><div class=\"ultp-block-item ultp-block-media post-id-2849\"><div class=\"ultp-block-content-wrap\"><div class=\"ultp-block-image ultp-block-image-opacity\"><a href=\"https:\/\/cozinhadave.com\/nl\/wortel-rijst\/\"><img decoding=\"async\"  alt=\"wortel rijst recept\"  src=\"https:\/\/cozinhadave.com\/wp-content\/uploads\/2020\/07\/arroz-de-cenoura-Laranja.png\" \/><\/a><\/div><div class=\"ultp-block-content\"><div class=\"ultp-category-grid ultp-category-classic ultp-category-aboveTitle\"><div class=\"ultp-category-in\"><a class=\"ultp-cat-acompanhamentos\" href=\"https:\/\/cozinhadave.com\/nl\/categorie\/recepten\/bijgerechten\/\">BIJGERECHTEN<\/a><\/div><\/div><h3 class=\"ultp-block-title\"><a href=\"https:\/\/cozinhadave.com\/nl\/wortel-rijst\/\">Wortel rijst<\/a><\/h3><div class=\"ultp-block-excerpt\"><p>A cenoura \u00e9 um daqueles vegetais que quando \u00e9 ralado e misturado com arroz , oferece uma mistura de sabores inesquec\u00edveis! Assim hoje proponho ensinar para voc\u00eas como fazer arroz com cenoura muito saboroso e ao mesmo tempo bem f\u00e1cil&hellip;<\/p>\n<\/div><div class=\"ultp-block-readmore\"><a aria-label=\"Wortel rijst\" href=\"https:\/\/cozinhadave.com\/nl\/wortel-rijst\/\">Meer leren<svg xmlns=\"http:\/\/www.w3.org\/2000\/svg\" fill=\"none\" viewbox=\"0 0 24 24\">\n  <path stroke=\"currentColor\" stroke-linecap=\"round\" stroke-linejoin=\"round\" stroke-width=\"1.5\" d=\"m12 20.5 8.5-8.5m0 0L12 3.5m8.5 8.5h-17\"\/>\n<\/svg>\n<\/a><\/div><\/div><\/div><\/div><div class=\"ultp-block-item ultp-block-media post-id-14483\"><div class=\"ultp-block-content-wrap\"><div class=\"ultp-block-image ultp-block-image-opacity\"><a href=\"https:\/\/cozinhadave.com\/nl\/linzensoep-met-pasta\/\"><img decoding=\"async\"  alt=\"linzensoep met pasta\"  src=\"https:\/\/cozinhadave.com\/wp-content\/uploads\/2022\/11\/sopa-de-lentilha-com-macarrao-1-600x600.jpg\" \/><\/a><\/div><div class=\"ultp-block-content\"><div class=\"ultp-category-grid ultp-category-classic ultp-category-aboveTitle\"><div class=\"ultp-category-in\"><a class=\"ultp-cat-sopas\" href=\"https:\/\/cozinhadave.com\/nl\/categorie\/recepten\/soepen\/\">SOEPEN<\/a><\/div><\/div><h3 class=\"ultp-block-title\"><a href=\"https:\/\/cozinhadave.com\/nl\/linzensoep-met-pasta\/\">Linzensoep Met Pasta<\/a><\/h3><div class=\"ultp-block-excerpt\"><p>O que voc\u00ea acha de aprender a fazer uma \u00f3tima sopa de lentilha com macarr\u00e3o? Este \u00e9 um prato super nutritivo, que re\u00fane sabor e \u00e9 capaz de alimentar e proporcionar saciedade completa. Isso sem contar que a combina\u00e7\u00e3o de&hellip;<\/p>\n<\/div><div class=\"ultp-block-readmore\"><a aria-label=\"Linzensoep Met Pasta\" href=\"https:\/\/cozinhadave.com\/nl\/linzensoep-met-pasta\/\">Meer leren<svg xmlns=\"http:\/\/www.w3.org\/2000\/svg\" fill=\"none\" viewbox=\"0 0 24 24\">\n  <path stroke=\"currentColor\" stroke-linecap=\"round\" stroke-linejoin=\"round\" stroke-width=\"1.5\" d=\"m12 20.5 8.5-8.5m0 0L12 3.5m8.5 8.5h-17\"\/>\n<\/svg>\n<\/a><\/div><\/div><\/div><\/div><div class=\"ultp-block-item ultp-block-media post-id-2312\"><div class=\"ultp-block-content-wrap\"><div class=\"ultp-block-image ultp-block-image-opacity\"><a href=\"https:\/\/cozinhadave.com\/nl\/gewoon-ijs-kokos-cake\/\"><img decoding=\"async\"  alt=\"Bevroren kokoscake\"  src=\"https:\/\/cozinhadave.com\/wp-content\/uploads\/2020\/05\/bolo-de-coco-gelado-2.jpeg\" \/><\/a><\/div><div class=\"ultp-block-content\"><div class=\"ultp-category-grid ultp-category-classic ultp-category-aboveTitle\"><div class=\"ultp-category-in\"><a class=\"ultp-cat-doces-sobremesas\" href=\"https:\/\/cozinhadave.com\/nl\/categorie\/recepten\/zoete-desserts\/\">DESSERTS<\/a><\/div><\/div><h3 class=\"ultp-block-title\"><a href=\"https:\/\/cozinhadave.com\/nl\/gewoon-ijs-kokos-cake\/\">Bevroren kokoscake<\/a><\/h3><div class=\"ultp-block-excerpt\"><p>Ol\u00e1 meus queridos! Bem vindos a mais uma receita da cozinha da V\u00ea. Hoje vou fazer para voc\u00eas uma sobremesa que amei desde o primeiro dia em que a provei.&nbsp; \u00c9 o bolo de c\u00f4co gelado cremoso simples e r\u00e1pido&hellip;<\/p>\n<\/div><div class=\"ultp-block-readmore\"><a aria-label=\"Bevroren kokoscake\" href=\"https:\/\/cozinhadave.com\/nl\/gewoon-ijs-kokos-cake\/\">Meer leren<svg xmlns=\"http:\/\/www.w3.org\/2000\/svg\" fill=\"none\" viewbox=\"0 0 24 24\">\n  <path stroke=\"currentColor\" stroke-linecap=\"round\" stroke-linejoin=\"round\" stroke-width=\"1.5\" d=\"m12 20.5 8.5-8.5m0 0L12 3.5m8.5 8.5h-17\"\/>\n<\/svg>\n<\/a><\/div><\/div><\/div><\/div><div class=\"ultp-block-item ultp-block-media post-id-13701\"><div class=\"ultp-block-content-wrap\"><div class=\"ultp-block-image ultp-block-image-opacity\"><a href=\"https:\/\/cozinhadave.com\/nl\/raapsoep\/\"><img decoding=\"async\"  alt=\"raapsoep\"  src=\"https:\/\/cozinhadave.com\/wp-content\/uploads\/2022\/09\/Sopa-de-nabos-2-600x600.webp\" \/><\/a><\/div><div class=\"ultp-block-content\"><div class=\"ultp-category-grid ultp-category-classic ultp-category-aboveTitle\"><div class=\"ultp-category-in\"><a class=\"ultp-cat-sopas\" href=\"https:\/\/cozinhadave.com\/nl\/categorie\/recepten\/soepen\/\">SOEPEN<\/a><\/div><\/div><h3 class=\"ultp-block-title\"><a href=\"https:\/\/cozinhadave.com\/nl\/raapsoep\/\">raapsoep<\/a><\/h3><div class=\"ultp-block-excerpt\"><p>Hoje voc\u00ea vai aprender uma excelente receita de sopa de nabos. Esta \u00e9 uma receita super r\u00e1pida e pr\u00e1tica de se preparar, al\u00e9m de ser bem saborosa. E claro, seu principal ingrediente tem muitas vitaminas e minerais, sendo uma op\u00e7\u00e3o&hellip;<\/p>\n<\/div><div class=\"ultp-block-readmore\"><a aria-label=\"raapsoep\" href=\"https:\/\/cozinhadave.com\/nl\/raapsoep\/\">Meer leren<svg xmlns=\"http:\/\/www.w3.org\/2000\/svg\" fill=\"none\" viewbox=\"0 0 24 24\">\n  <path stroke=\"currentColor\" stroke-linecap=\"round\" stroke-linejoin=\"round\" stroke-width=\"1.5\" d=\"m12 20.5 8.5-8.5m0 0L12 3.5m8.5 8.5h-17\"\/>\n<\/svg>\n<\/a><\/div><\/div><\/div><\/div><div class=\"ultp-block-item ultp-block-media post-id-3943\"><div class=\"ultp-block-content-wrap\"><div class=\"ultp-block-image ultp-block-image-opacity\"><a href=\"https:\/\/cozinhadave.com\/nl\/aardbeiensmoothie\/\"><img decoding=\"async\"  alt=\"aardbeiensmoothie\"  src=\"https:\/\/cozinhadave.com\/wp-content\/uploads\/2020\/10\/Smoothie-de-morango-para-emagrecer-Blog.jpg\" \/><\/a><\/div><div class=\"ultp-block-content\"><div class=\"ultp-category-grid ultp-category-classic ultp-category-aboveTitle\"><div class=\"ultp-category-in\"><a class=\"ultp-cat-bebidas\" href=\"https:\/\/cozinhadave.com\/nl\/categorie\/recepten\/drankjes\/\">DRANKJES<\/a><a class=\"ultp-cat-comidas-saudaveis\" href=\"https:\/\/cozinhadave.com\/nl\/categorie\/recepten\/gezond-eten\/\">GEZOND ETEN<\/a><\/div><\/div><h3 class=\"ultp-block-title\"><a href=\"https:\/\/cozinhadave.com\/nl\/aardbeiensmoothie\/\">Heerlijke aardbeiensmoothie om af te vallen<\/a><\/h3><div class=\"ultp-block-excerpt\"><p>Voc\u00ea est\u00e1 procurando por um delicioso smoothie que ajude em seus objetivos de perda de peso? Se sim, ent\u00e3o este smoothie de morango para emagrecer \u00e9 perfeito para voc\u00ea! Ele est\u00e1 cheio de nutrientes e fibras, o que ajudar\u00e1 a&hellip;<\/p>\n<\/div><div class=\"ultp-block-readmore\"><a aria-label=\"Heerlijke aardbeiensmoothie om af te vallen\" href=\"https:\/\/cozinhadave.com\/nl\/aardbeiensmoothie\/\">Meer leren<svg xmlns=\"http:\/\/www.w3.org\/2000\/svg\" fill=\"none\" viewbox=\"0 0 24 24\">\n  <path stroke=\"currentColor\" stroke-linecap=\"round\" stroke-linejoin=\"round\" stroke-width=\"1.5\" d=\"m12 20.5 8.5-8.5m0 0L12 3.5m8.5 8.5h-17\"\/>\n<\/svg>\n<\/a><\/div><\/div><\/div><\/div><div class=\"ultp-block-item ultp-block-media post-id-13560\"><div class=\"ultp-block-content-wrap\"><div class=\"ultp-block-image ultp-block-image-opacity\"><a href=\"https:\/\/cozinhadave.com\/nl\/recept-voor-kippenborstsoep\/\"><img decoding=\"async\"  alt=\"Kippenborstsoep recept 2\"  src=\"https:\/\/cozinhadave.com\/wp-content\/uploads\/2022\/09\/Receita-de-sopa-de-peito-de-frango-2-600x600.webp\" \/><\/a><\/div><div class=\"ultp-block-content\"><div class=\"ultp-category-grid ultp-category-classic ultp-category-aboveTitle\"><div class=\"ultp-category-in\"><a class=\"ultp-cat-sopas\" href=\"https:\/\/cozinhadave.com\/nl\/categorie\/recepten\/soepen\/\">SOEPEN<\/a><\/div><\/div><h3 class=\"ultp-block-title\"><a href=\"https:\/\/cozinhadave.com\/nl\/recept-voor-kippenborstsoep\/\">recept voor kippenborstsoep<\/a><\/h3><div class=\"ultp-block-excerpt\"><p>Hoje voc\u00ea vai aprender a fazer uma deliciosa receita de sopa de peito de frango. Utilizando essa carne branca como elemento principal, voc\u00ea pode ter uma receita super nutritiva. E conforme os ingredientes que colocar, poder\u00e1 ter tanto uma refei\u00e7\u00e3o&hellip;<\/p>\n<\/div><div class=\"ultp-block-readmore\"><a aria-label=\"recept voor kippenborstsoep\" href=\"https:\/\/cozinhadave.com\/nl\/recept-voor-kippenborstsoep\/\">Meer leren<svg xmlns=\"http:\/\/www.w3.org\/2000\/svg\" fill=\"none\" viewbox=\"0 0 24 24\">\n  <path stroke=\"currentColor\" stroke-linecap=\"round\" stroke-linejoin=\"round\" stroke-width=\"1.5\" d=\"m12 20.5 8.5-8.5m0 0L12 3.5m8.5 8.5h-17\"\/>\n<\/svg>\n<\/a><\/div><\/div><\/div><\/div><div class=\"ultp-block-item ultp-block-media post-id-2880\"><div class=\"ultp-block-content-wrap\"><div class=\"ultp-block-image ultp-block-image-opacity\"><a href=\"https:\/\/cozinhadave.com\/nl\/hoe-maak-je-boterkruimels\/\"><img decoding=\"async\"  alt=\"hoe maak je boterkruimels?\"  src=\"https:\/\/cozinhadave.com\/wp-content\/uploads\/2020\/07\/Farofa-de-manteiga.jpg\" \/><\/a><\/div><div class=\"ultp-block-content\"><div class=\"ultp-category-grid ultp-category-classic ultp-category-aboveTitle\"><div class=\"ultp-category-in\"><a class=\"ultp-cat-acompanhamentos\" href=\"https:\/\/cozinhadave.com\/nl\/categorie\/recepten\/bijgerechten\/\">BIJGERECHTEN<\/a><\/div><\/div><h3 class=\"ultp-block-title\"><a href=\"https:\/\/cozinhadave.com\/nl\/hoe-maak-je-boterkruimels\/\">Hoe maak je boter Farofa<\/a><\/h3><div class=\"ultp-block-excerpt\"><p>Todo o brasileiro que ama churrasco, n\u00e3o consegue ficar sem uma deliciosa farofa de manteiga! O segredo est\u00e1 em preparar a farofa com manteiga de mandioca para dar aquele sabor. Esta receita pode conter links de afiliados, confira a pol\u00edtica&hellip;<\/p>\n<\/div><div class=\"ultp-block-readmore\"><a aria-label=\"Hoe maak je boter Farofa\" href=\"https:\/\/cozinhadave.com\/nl\/hoe-maak-je-boterkruimels\/\">Meer leren<svg xmlns=\"http:\/\/www.w3.org\/2000\/svg\" fill=\"none\" viewbox=\"0 0 24 24\">\n  <path stroke=\"currentColor\" stroke-linecap=\"round\" stroke-linejoin=\"round\" stroke-width=\"1.5\" d=\"m12 20.5 8.5-8.5m0 0L12 3.5m8.5 8.5h-17\"\/>\n<\/svg>\n<\/a><\/div><\/div><\/div><\/div><div class=\"ultp-block-item ultp-block-media post-id-12788\"><div class=\"ultp-block-content-wrap\"><div class=\"ultp-block-image ultp-block-image-opacity\"><a href=\"https:\/\/cozinhadave.com\/nl\/magnetron-gekookte-aardappelen\/\"><img decoding=\"async\"  alt=\"Hoe aardappelen in de magnetron te koken\"  src=\"https:\/\/cozinhadave.com\/wp-content\/uploads\/2022\/08\/Como-fazer-batatas-cozidas-no-microondas.webp\" \/><\/a><\/div><div class=\"ultp-block-content\"><div class=\"ultp-category-grid ultp-category-classic ultp-category-aboveTitle\"><div class=\"ultp-category-in\"><a class=\"ultp-cat-truques-dicas\" href=\"https:\/\/cozinhadave.com\/nl\/categorie\/trucs-tips\/\">TRUCS &amp; TIPS<\/a><a class=\"ultp-cat-acompanhamentos\" href=\"https:\/\/cozinhadave.com\/nl\/categorie\/recepten\/bijgerechten\/\">BIJGERECHTEN<\/a><\/div><\/div><h3 class=\"ultp-block-title\"><a href=\"https:\/\/cozinhadave.com\/nl\/magnetron-gekookte-aardappelen\/\">Hoe maak je snel en gemakkelijk magnetronaardappelen?<\/a><\/h3><div class=\"ultp-block-excerpt\"><p>Voc\u00ea adora batatas cozidas, mas n\u00e3o tem tempo para coz\u00ea-las na panela? N\u00e3o se preocupe, pois o Microondas \u00e9 nosso amigo e vai salvar-nos! Neste artigo, vou mostrar a voc\u00ea como fazer batatas cozidas no microondas de forma r\u00e1pida e&hellip;<\/p>\n<\/div><div class=\"ultp-block-readmore\"><a aria-label=\"Hoe maak je snel en gemakkelijk magnetronaardappelen?\" href=\"https:\/\/cozinhadave.com\/nl\/magnetron-gekookte-aardappelen\/\">Meer leren<svg xmlns=\"http:\/\/www.w3.org\/2000\/svg\" fill=\"none\" viewbox=\"0 0 24 24\">\n  <path stroke=\"currentColor\" stroke-linecap=\"round\" stroke-linejoin=\"round\" stroke-width=\"1.5\" d=\"m12 20.5 8.5-8.5m0 0L12 3.5m8.5 8.5h-17\"\/>\n<\/svg>\n<\/a><\/div><\/div><\/div><\/div><\/div><div class=\"ultp-loadmore\"><span class=\"ultp-loadmore-action\" tabindex=\"0\" role=\"button\" data-pages=\"21\" data-pagenum=\"1\"  data-expost=\"\" data-blockid=\"e931a7\" data-blockname=\"ultimate-post_post-list-3\" data-postid=\"21193\" data-selfpostid=\"yes\">Meer zien <span class=\"ultp-spin\"><svg xmlns=\"http:\/\/www.w3.org\/2000\/svg\" fill=\"none\" viewbox=\"0 0 24 24\">\n  <path stroke=\"currentColor\" stroke-linecap=\"round\" stroke-linejoin=\"round\" stroke-width=\"1.5\" d=\"M21 12a9 9 0 0 1-17 4.127M3 12a9 9 0 0 1 17-4.127M20 3v5h-5M4 21v-5h5\"\/>\n<\/svg>\n<\/span><\/span><\/div><\/div><div class=\"pagination-block-html\" aria-hidden=\"true\" style=\"display: none;\"><\/div><\/div><\/div>\n\n\n\n<div class=\"wp-block-uagb-container uagb-block-179d179f\"><\/div>\n<\/div><\/div>","protected":false},"excerpt":{"rendered":"<p>RECEITAS DE CULIN\u00c1RIA Confira as nossas receitas de culin\u00e1ria Sem rodeios; apenas comida verdadeira. Procure centenas de receitas f\u00e1ceis, utilizando ingredientes alimentares simples e reais. Ir\u00e3o agradar at\u00e9 aos mais exigentes dos comedores!&nbsp; Inclui op\u00e7\u00f5es de todo o tipos de receitas, sendo o foco na culin\u00e1ria luso-brasileira. Estas receitas s\u00e3o rigorosamente testadas, de modo a&hellip;&nbsp;<\/p>\n<div class=\"read-more-wrapper\"><a href=\"https:\/\/cozinhadave.com\/nl\/recepten\/\" class=\"button button-secondary\" rel=\"bookmark\">Lees meer \"<span class=\"screen-reader-text\">INKOMSTEN<\/span><\/a><\/div>","protected":false},"author":10,"featured_media":0,"parent":0,"menu_order":0,"comment_status":"closed","ping_status":"closed","template":"","meta":{"_uag_custom_page_level_css":"","wprm-recipe-roundup-name":"","wprm-recipe-roundup-description":"","neve_meta_sidebar":"","neve_meta_container":"","neve_meta_enable_content_width":"","neve_meta_content_width":0,"neve_meta_title_alignment":"","neve_meta_author_avatar":"","neve_post_elements_order":"","neve_meta_disable_header":"","neve_meta_disable_footer":"","neve_meta_disable_title":"","neve_meta_reading_time":"","footnotes":""},"class_list":["post-21193","page","type-page","status-publish","hentry"],"uagb_featured_image_src":{"full":false,"thumbnail":false,"medium":false,"medium_large":false,"large":false,"1536x1536":false,"2048x2048":false,"trp-custom-language-flag":false,"ultp_layout_landscape_large":false,"ultp_layout_landscape":false,"ultp_layout_portrait":false,"ultp_layout_square":false,"wprm-metadata-1_1":false,"wprm-metadata-4_3":false,"wprm-metadata-16_9":false,"neve-blog":false},"uagb_author_info":{"display_name":"Paulo RIbeiro","author_link":"https:\/\/cozinhadave.com\/nl\/author\/paulomiguelribeirogmail-com\/"},"uagb_comment_info":0,"uagb_excerpt":"RECEITAS DE CULIN\u00c1RIA Confira as nossas receitas de culin\u00e1ria Sem rodeios; apenas comida verdadeira. Procure centenas de receitas f\u00e1ceis, utilizando ingredientes alimentares simples e reais. Ir\u00e3o agradar at\u00e9 aos mais exigentes dos comedores!&nbsp; Inclui op\u00e7\u00f5es de todo o tipos de receitas, sendo o foco na culin\u00e1ria luso-brasileira. Estas receitas s\u00e3o rigorosamente testadas, de modo a&hellip;&nbsp;Ler&hellip;","_links":{"self":[{"href":"https:\/\/cozinhadave.com\/nl\/wp-json\/wp\/v2\/pages\/21193","targetHints":{"allow":["GET"]}}],"collection":[{"href":"https:\/\/cozinhadave.com\/nl\/wp-json\/wp\/v2\/pages"}],"about":[{"href":"https:\/\/cozinhadave.com\/nl\/wp-json\/wp\/v2\/types\/page"}],"author":[{"embeddable":true,"href":"https:\/\/cozinhadave.com\/nl\/wp-json\/wp\/v2\/users\/10"}],"replies":[{"embeddable":true,"href":"https:\/\/cozinhadave.com\/nl\/wp-json\/wp\/v2\/comments?post=21193"}],"version-history":[{"count":0,"href":"https:\/\/cozinhadave.com\/nl\/wp-json\/wp\/v2\/pages\/21193\/revisions"}],"wp:attachment":[{"href":"https:\/\/cozinhadave.com\/nl\/wp-json\/wp\/v2\/media?parent=21193"}],"curies":[{"name":"wp","href":"https:\/\/api.w.org\/{rel}","templated":true}]}}