{"id":21097,"date":"2024-05-05T12:10:30","date_gmt":"2024-05-05T12:10:30","guid":{"rendered":"http:\/\/cozinhadave.com\/?page_id=21097"},"modified":"2024-05-05T12:32:23","modified_gmt":"2024-05-05T12:32:23","slug":"curiosa","status":"publish","type":"page","link":"https:\/\/cozinhadave.com\/nl\/curiosa\/","title":{"rendered":"CURIOSITEITEN"},"content":{"rendered":"<div class=\"wp-block-uagb-advanced-heading uagb-block-ca604257\"><h2 class=\"uagb-heading-text\">CURIOSITEITEN<\/h2><\/div>\n\n\n\n<div class=\"wp-block-uagb-container uagb-block-26a8be47 alignfull uagb-is-root-container\"><div class=\"uagb-container-inner-blocks-wrap\">\n<div class=\"wp-block-uagb-container uagb-block-71bdc037\"><\/div>\n\n\n\n<div class=\"wp-block-uagb-container uagb-block-46bd2a80\">\n<p>Hier vind je een fascinerende verzameling intrigerende en verrassende curiosa met betrekking tot de wereld van de gastronomie. <\/p>\n\n\n\n<p>Van historische feiten over iconische gerechten tot weinig bekende geheimen over veelgebruikte ingredi\u00ebnten, elk artikel is een spannende reis door het culinaire universum. <\/p>\n\n\n\n<p>Maak je klaar om betoverd en ge\u00efnspireerd te worden door de curiositeiten die de backstage en de eigenaardigheden achter de smaken waar we van houden onthullen. <\/p>\n\n\n\n<p>Verken onze selectie artikelen en dompel jezelf onder in een wereld van culinaire ontdekkingen die je nieuwsgierigheid zullen prikkelen en je horizon in de keuken zullen verbreden.<\/p>\n\n\n<div  class=\"wp-block-ultimate-post-advanced-search ultp-block-14786a\"><div class=\"ultp-block-wrapper\"><div class=\"ultp-search-container ultp-search-frontend\"  data-ajax=\"1\" data-gosearch=\"1\" data-enablenewtab=\"\" data-blockid=\"14786a\" \n                    data-image=\"1\"  data-author= \"data-date=\"\"\" data-excerpt=\"\" data-excerptlimit=\"25\" data-allresult=\"\" data-catenable=\"\"  data-postno=\"3\"  data-noresultext=\"N\u00e3o foram encontrados resultados\"   data-popupposition=\"right\" data-searchposttype=\"\"><div class=\"ultp-searchform-content ultp-searchform-input1\"><div class=\"ultp-search-inputwrap\"> <input type=\"text\" value=\"\" class=\"ultp-searchres-input\"  placeholder=\"Schrijf hier wat je zoekt\"\/> <span class=\"ultp-search-clear\" data-blockid=\"14786a\"><svg xmlns=\"http:\/\/www.w3.org\/2000\/svg\" fill=\"none\" viewbox=\"0 0 24 24\">\n  <path stroke=\"currentColor\" stroke-linecap=\"round\" stroke-width=\"1.5\" d=\"m6 6 6 6m0 0 6 6m-6-6 6-6m-6 6-6 6\"\/>\n<\/svg>\n<\/span> <\/div><div class=\"ultp-search-button\"><svg xmlns=\"http:\/\/www.w3.org\/2000\/svg\" fill=\"none\" viewbox=\"0 0 24 24\">\n  <path stroke=\"currentColor\" stroke-linecap=\"round\" stroke-linejoin=\"round\" stroke-width=\"1.5\" d=\"M11 19a8 8 0 1 0 0-16 8 8 0 0 0 0 16Zm10 2-4.35-4.35\"\/>\n<\/svg>\n<span class=\"ultp-search-button__text\"> Zoek op <\/span><\/div><\/div><\/div><\/div><\/div><\/div>\n\n\n\n<div class=\"wp-block-uagb-container uagb-block-59e8365b\"><\/div>\n<\/div><\/div>\n\n\n\n<div class=\"nv-cv-d nv-cv-m wp-block-uagb-container uagb-block-bb890383 alignfull uagb-is-root-container\"><div class=\"uagb-container-inner-blocks-wrap\">\n<div class=\"wp-block-uagb-container uagb-block-07f24e17\"><\/div>\n\n\n\n<div class=\"wp-block-uagb-container uagb-block-894989ec\"><div  class=\"ultp-post-grid-block wp-block-ultimate-post-post-list-3 ultp-block-90be0d\"><div class=\"ultp-block-wrapper\"><div class=\"ultp-loading\"><div class=\"ultp-loading-blocks\" style=\"width:100%;height:100%;\"><div style=\"left: 0;top: 0;animation-delay:0s;\"><\/div><div style=\"left: 21px;top: 0;animation-delay:0.125s;\"><\/div><div style=\"left: 42px;top: 0;animation-delay:0.25s;\"><\/div><div style=\"left: 0;top: 21px;animation-delay:0.875s;\"><\/div><div style=\"left: 42px;top: 21px;animation-delay:0.375s;\"><\/div><div style=\"left: 0;top: 42px;animation-delay:0.75s;\"><\/div><div style=\"left: 42px;top: 42px;animation-delay:0.625s;\"><\/div><div style=\"left: 21px;top: 42px;animation-delay:0.5s;\"><\/div><\/div><\/div><div class=\"ultp-heading-filter\"><div class=\"ultp-heading-filter-in\"><div class=\"ultp-filter-navigation\"><\/div><\/div><\/div><div class=\"ultp-block-items-wrap ultp-block-row ultp-block-column-1 ultp-block-content-middle ultp-layout1\"><div class=\"ultp-block-item ultp-block-media post-id-20196\"><div class=\"ultp-block-content-wrap\"><div class=\"ultp-block-image ultp-block-image-opacity\"><a href=\"https:\/\/cozinhadave.com\/nl\/quais-sao-os-tipos-de-abacaxi\/\"><img decoding=\"async\"  alt=\"Wat zijn de soorten ananas? Ontdek het samen met ons!\"  src=\"https:\/\/cozinhadave.com\/wp-content\/uploads\/2023\/09\/abacaxi-5-1-600x585.jpg\" \/><\/a><\/div><div class=\"ultp-block-content\"><div class=\"ultp-category-grid ultp-category-classic ultp-category-aboveTitle\"><div class=\"ultp-category-in\"><a class=\"ultp-cat-curiosidades\" href=\"https:\/\/cozinhadave.com\/nl\/categorie\/curiosa\/\">CURIOSITEITEN<\/a><\/div><\/div><h3 class=\"ultp-block-title\"><a href=\"https:\/\/cozinhadave.com\/nl\/quais-sao-os-tipos-de-abacaxi\/\">Wat zijn de soorten ananas? Ontdek het samen met ons!<\/a><\/h3><div class=\"ultp-block-excerpt\"><p>Bem-vindos, queridos leitores! Hoje vamos falar sobre uma fruta tropical que amamos: o abacaxi. Al\u00e9m de ser uma del\u00edcia, essa fruta vers\u00e1til possui diversos tipos e variedades, cada um com suas caracter\u00edsticas \u00fanicas. Ent\u00e3o, se voc\u00ea quer saber quais s\u00e3o&hellip;<\/p>\n<\/div><div class=\"ultp-block-readmore\"><a aria-label=\"Wat zijn de soorten ananas? Ontdek het samen met ons!\" href=\"https:\/\/cozinhadave.com\/nl\/quais-sao-os-tipos-de-abacaxi\/\">Meer leren<svg xmlns=\"http:\/\/www.w3.org\/2000\/svg\" fill=\"none\" viewbox=\"0 0 24 24\">\n  <path stroke=\"currentColor\" stroke-linecap=\"round\" stroke-linejoin=\"round\" stroke-width=\"1.5\" d=\"m12 20.5 8.5-8.5m0 0L12 3.5m8.5 8.5h-17\"\/>\n<\/svg>\n<\/a><\/div><\/div><\/div><\/div><div class=\"ultp-block-item ultp-block-media post-id-16370\"><div class=\"ultp-block-content-wrap\"><div class=\"ultp-block-image ultp-block-image-opacity\"><a href=\"https:\/\/cozinhadave.com\/nl\/pode-colocar-marmitex-de-isopor-no-microondas\/\"><img decoding=\"async\"  alt=\"Lunchdozen van piepschuim kun je in de magnetron zetten\"  src=\"https:\/\/cozinhadave.com\/wp-content\/uploads\/2023\/08\/Pode-colocar-marmitex-de-isopor-no-microondas-600x600.jpg\" \/><\/a><\/div><div class=\"ultp-block-content\"><div class=\"ultp-category-grid ultp-category-classic ultp-category-aboveTitle\"><div class=\"ultp-category-in\"><a class=\"ultp-cat-curiosidades\" href=\"https:\/\/cozinhadave.com\/nl\/categorie\/curiosa\/\">CURIOSITEITEN<\/a><\/div><\/div><h3 class=\"ultp-block-title\"><a href=\"https:\/\/cozinhadave.com\/nl\/pode-colocar-marmitex-de-isopor-no-microondas\/\">Kunnen lunchdozen van piepschuim in de magnetron?<\/a><\/h3><div class=\"ultp-block-excerpt\"><p>Ol\u00e1, caro leitor! Se voc\u00ea \u00e9 como eu, que adora uma praticidade na hora das refei\u00e7\u00f5es, j\u00e1 deve ter se perguntado se pode aquecer seu marmitex de isopor no microondas. \u00c9 uma d\u00favida comum e que merece ser esclarecida. Pode&hellip;<\/p>\n<\/div><div class=\"ultp-block-readmore\"><a aria-label=\"Kunnen lunchdozen van piepschuim in de magnetron?\" href=\"https:\/\/cozinhadave.com\/nl\/pode-colocar-marmitex-de-isopor-no-microondas\/\">Meer leren<svg xmlns=\"http:\/\/www.w3.org\/2000\/svg\" fill=\"none\" viewbox=\"0 0 24 24\">\n  <path stroke=\"currentColor\" stroke-linecap=\"round\" stroke-linejoin=\"round\" stroke-width=\"1.5\" d=\"m12 20.5 8.5-8.5m0 0L12 3.5m8.5 8.5h-17\"\/>\n<\/svg>\n<\/a><\/div><\/div><\/div><\/div><div class=\"ultp-block-item ultp-block-media post-id-20418\"><div class=\"ultp-block-content-wrap\"><div class=\"ultp-block-image ultp-block-image-opacity\"><a href=\"https:\/\/cozinhadave.com\/nl\/quando-a-fruta-pao-esta-madura\/\"><img decoding=\"async\"  alt=\"als de broodvrucht rijp is\"  src=\"https:\/\/cozinhadave.com\/wp-content\/uploads\/2023\/09\/quando-a-fruta-pao-esta-madura-600x600.jpg\" \/><\/a><\/div><div class=\"ultp-block-content\"><div class=\"ultp-category-grid ultp-category-classic ultp-category-aboveTitle\"><div class=\"ultp-category-in\"><a class=\"ultp-cat-curiosidades\" href=\"https:\/\/cozinhadave.com\/nl\/categorie\/curiosa\/\">CURIOSITEITEN<\/a><\/div><\/div><h3 class=\"ultp-block-title\"><a href=\"https:\/\/cozinhadave.com\/nl\/quando-a-fruta-pao-esta-madura\/\">Ontdek wanneer broodfruit rijp is, een ongelooflijke gids!<\/a><\/h3><div class=\"ultp-block-excerpt\"><p>Ol\u00e1, caros leitores! Se voc\u00ea \u00e9 como eu, ama experimentar novas frutas tropicais. E uma delas \u00e9 a fruta p\u00e3o, que tem um sabor \u00fanico e textura deliciosa quando est\u00e1 madura. Mas como saber quando a fruta p\u00e3o est\u00e1 no&hellip;<\/p>\n<\/div><div class=\"ultp-block-readmore\"><a aria-label=\"Ontdek wanneer broodfruit rijp is, een ongelooflijke gids!\" href=\"https:\/\/cozinhadave.com\/nl\/quando-a-fruta-pao-esta-madura\/\">Meer leren<svg xmlns=\"http:\/\/www.w3.org\/2000\/svg\" fill=\"none\" viewbox=\"0 0 24 24\">\n  <path stroke=\"currentColor\" stroke-linecap=\"round\" stroke-linejoin=\"round\" stroke-width=\"1.5\" d=\"m12 20.5 8.5-8.5m0 0L12 3.5m8.5 8.5h-17\"\/>\n<\/svg>\n<\/a><\/div><\/div><\/div><\/div><div class=\"ultp-block-item ultp-block-media post-id-17445\"><div class=\"ultp-block-content-wrap\"><div class=\"ultp-block-image ultp-block-image-opacity\"><a href=\"https:\/\/cozinhadave.com\/nl\/posso-colocar-marmita-de-aluminio-na-airfryer\/\"><img decoding=\"async\"  alt=\"Kan ik een aluminium lunchtrommel in de airfryer doen?\"  src=\"https:\/\/cozinhadave.com\/wp-content\/uploads\/2023\/09\/posso-colocar-marmita-de-aluminio-na-airfryer-1-600x585.jpg\" \/><\/a><\/div><div class=\"ultp-block-content\"><div class=\"ultp-category-grid ultp-category-classic ultp-category-aboveTitle\"><div class=\"ultp-category-in\"><a class=\"ultp-cat-curiosidades\" href=\"https:\/\/cozinhadave.com\/nl\/categorie\/curiosa\/\">CURIOSITEITEN<\/a><\/div><\/div><h3 class=\"ultp-block-title\"><a href=\"https:\/\/cozinhadave.com\/nl\/posso-colocar-marmita-de-aluminio-na-airfryer\/\">Kan ik aluminium lunchboxen in de Airfryer doen? Ontdek het hier!<\/a><\/h3><div class=\"ultp-block-excerpt\"><p>Ah, a Airfryer! Quem tem sabe o qu\u00e3o vers\u00e1til ela pode ser na cozinha. Mas, e as marmitas de alum\u00ednio? Ser\u00e1 que \u00e9 seguro us\u00e1-las na Airfryer? Eu sei que voc\u00ea est\u00e1 curioso para saber a resposta. E eu, como&hellip;<\/p>\n<\/div><div class=\"ultp-block-readmore\"><a aria-label=\"Kan ik aluminium lunchboxen in de Airfryer doen? Ontdek het hier!\" href=\"https:\/\/cozinhadave.com\/nl\/posso-colocar-marmita-de-aluminio-na-airfryer\/\">Meer leren<svg xmlns=\"http:\/\/www.w3.org\/2000\/svg\" fill=\"none\" viewbox=\"0 0 24 24\">\n  <path stroke=\"currentColor\" stroke-linecap=\"round\" stroke-linejoin=\"round\" stroke-width=\"1.5\" d=\"m12 20.5 8.5-8.5m0 0L12 3.5m8.5 8.5h-17\"\/>\n<\/svg>\n<\/a><\/div><\/div><\/div><\/div><div class=\"ultp-block-item ultp-block-media post-id-16400\"><div class=\"ultp-block-content-wrap\"><div class=\"ultp-block-image ultp-block-image-opacity\"><a href=\"https:\/\/cozinhadave.com\/nl\/je-kunt-aluminiumfolie-in-de-magnetron-doen\/\"><img decoding=\"async\"  alt=\"Je kunt aluminiumfolie in de magnetron doen\"  src=\"https:\/\/cozinhadave.com\/wp-content\/uploads\/2023\/08\/Pode-colocar-papel-aluminio-no-microondas-600x600.jpg\" \/><\/a><\/div><div class=\"ultp-block-content\"><div class=\"ultp-category-grid ultp-category-classic ultp-category-aboveTitle\"><div class=\"ultp-category-in\"><a class=\"ultp-cat-curiosidades\" href=\"https:\/\/cozinhadave.com\/nl\/categorie\/curiosa\/\">CURIOSITEITEN<\/a><\/div><\/div><h3 class=\"ultp-block-title\"><a href=\"https:\/\/cozinhadave.com\/nl\/je-kunt-aluminiumfolie-in-de-magnetron-doen\/\">Kun je aluminiumfolie in de magnetron doen?<\/a><\/h3><div class=\"ultp-block-excerpt\"><p>Essa \u00e9 uma pergunta que muita gente se faz na hora de aquecer alimentos no microondas. Afinal, o papel alum\u00ednio \u00e9 um material comum na cozinha e muitos de n\u00f3s j\u00e1 o utilizamos para cobrir pratos ou envolver alimentos. Pode&hellip;<\/p>\n<\/div><div class=\"ultp-block-readmore\"><a aria-label=\"Kun je aluminiumfolie in de magnetron doen?\" href=\"https:\/\/cozinhadave.com\/nl\/je-kunt-aluminiumfolie-in-de-magnetron-doen\/\">Meer leren<svg xmlns=\"http:\/\/www.w3.org\/2000\/svg\" fill=\"none\" viewbox=\"0 0 24 24\">\n  <path stroke=\"currentColor\" stroke-linecap=\"round\" stroke-linejoin=\"round\" stroke-width=\"1.5\" d=\"m12 20.5 8.5-8.5m0 0L12 3.5m8.5 8.5h-17\"\/>\n<\/svg>\n<\/a><\/div><\/div><\/div><\/div><div class=\"ultp-block-item ultp-block-media post-id-20591\"><div class=\"ultp-block-content-wrap\"><div class=\"ultp-block-image ultp-block-image-opacity\"><a href=\"https:\/\/cozinhadave.com\/nl\/como-descongelar-feijao\/\"><img decoding=\"async\"  alt=\"Hoe bonen ontdooien\"  src=\"https:\/\/cozinhadave.com\/wp-content\/uploads\/2023\/09\/como-descongelar-feijao-600x600.jpg\" \/><\/a><\/div><div class=\"ultp-block-content\"><div class=\"ultp-category-grid ultp-category-classic ultp-category-aboveTitle\"><div class=\"ultp-category-in\"><a class=\"ultp-cat-curiosidades\" href=\"https:\/\/cozinhadave.com\/nl\/categorie\/curiosa\/\">CURIOSITEITEN<\/a><\/div><\/div><h3 class=\"ultp-block-title\"><a href=\"https:\/\/cozinhadave.com\/nl\/como-descongelar-feijao\/\">Bonen ontdooien: een praktische en leuke gids<\/a><\/h3><div class=\"ultp-block-excerpt\"><p>A praticidade do congelamento de feij\u00e3o Ol\u00e1 amigos! Eu sou uma entusiasta do congelamento de alimentos e hoje vou compartilhar com voc\u00eas sobre a praticidade de congelar feij\u00e3o. Afinal, quem n\u00e3o ama ter um prato delicioso de feij\u00e3o fresquinho para&hellip;<\/p>\n<\/div><div class=\"ultp-block-readmore\"><a aria-label=\"Bonen ontdooien: een praktische en leuke gids\" href=\"https:\/\/cozinhadave.com\/nl\/como-descongelar-feijao\/\">Meer leren<svg xmlns=\"http:\/\/www.w3.org\/2000\/svg\" fill=\"none\" viewbox=\"0 0 24 24\">\n  <path stroke=\"currentColor\" stroke-linecap=\"round\" stroke-linejoin=\"round\" stroke-width=\"1.5\" d=\"m12 20.5 8.5-8.5m0 0L12 3.5m8.5 8.5h-17\"\/>\n<\/svg>\n<\/a><\/div><\/div><\/div><\/div><div class=\"ultp-block-item ultp-block-media post-id-16057\"><div class=\"ultp-block-content-wrap\"><div class=\"ultp-block-image ultp-block-image-opacity\"><a href=\"https:\/\/cozinhadave.com\/nl\/como-nao-explodir-ovo-no-microondas\/\"><img decoding=\"async\"  alt=\"Hoe een ei niet ontploft in de magnetron\"  src=\"https:\/\/cozinhadave.com\/wp-content\/uploads\/2023\/08\/Como-nao-explodir-ovo-no-microondas-600x600.jpg\" \/><\/a><\/div><div class=\"ultp-block-content\"><div class=\"ultp-category-grid ultp-category-classic ultp-category-aboveTitle\"><div class=\"ultp-category-in\"><a class=\"ultp-cat-curiosidades\" href=\"https:\/\/cozinhadave.com\/nl\/categorie\/curiosa\/\">CURIOSITEITEN<\/a><\/div><\/div><h3 class=\"ultp-block-title\"><a href=\"https:\/\/cozinhadave.com\/nl\/como-nao-explodir-ovo-no-microondas\/\">Hoe laat je het ei niet exploderen in de magnetron?<\/a><\/h3><div class=\"ultp-block-excerpt\"><p>Como n\u00e3o explodir ovo no microondas? Cozinhar ovos no microondas&nbsp;pode ser uma tarefa desafiadora &#8211; um movimento errado e o&nbsp;ovo explode, deixando um enorme&nbsp;desastre para limpar. Como algu\u00e9m que j\u00e1 enfrentou esse dilema, eu entendo a frustra\u00e7\u00e3o. Atrav\u00e9s de minha&hellip;<\/p>\n<\/div><div class=\"ultp-block-readmore\"><a aria-label=\"Hoe laat je het ei niet exploderen in de magnetron?\" href=\"https:\/\/cozinhadave.com\/nl\/como-nao-explodir-ovo-no-microondas\/\">Meer leren<svg xmlns=\"http:\/\/www.w3.org\/2000\/svg\" fill=\"none\" viewbox=\"0 0 24 24\">\n  <path stroke=\"currentColor\" stroke-linecap=\"round\" stroke-linejoin=\"round\" stroke-width=\"1.5\" d=\"m12 20.5 8.5-8.5m0 0L12 3.5m8.5 8.5h-17\"\/>\n<\/svg>\n<\/a><\/div><\/div><\/div><\/div><div class=\"ultp-block-item ultp-block-media post-id-17357\"><div class=\"ultp-block-content-wrap\"><div class=\"ultp-block-image ultp-block-image-opacity\"><a href=\"https:\/\/cozinhadave.com\/nl\/quanto-a-airfryer-gasta-por-mes\/\"><img decoding=\"async\"  alt=\"airfryer besparen\"  src=\"https:\/\/cozinhadave.com\/wp-content\/uploads\/2023\/08\/economia-com-airfryer-600x576.jpg\" \/><\/a><\/div><div class=\"ultp-block-content\"><div class=\"ultp-category-grid ultp-category-classic ultp-category-aboveTitle\"><div class=\"ultp-category-in\"><a class=\"ultp-cat-curiosidades\" href=\"https:\/\/cozinhadave.com\/nl\/categorie\/curiosa\/\">CURIOSITEITEN<\/a><\/div><\/div><h3 class=\"ultp-block-title\"><a href=\"https:\/\/cozinhadave.com\/nl\/quanto-a-airfryer-gasta-por-mes\/\">Hoeveel de airfryer per maand kost: ontrafel de kosten van de gezonde friteuse<\/a><\/h3><div class=\"ultp-block-excerpt\"><p>Ol\u00e1, pessoal! Eu sou uma jornalista especializada em copywriting e, hoje, vou trazer um assunto importante para quem est\u00e1 pensando em adquirir uma air fryer: o quanto ela pode custar por m\u00eas. Quanto a airfryer gasta por m\u00eas: desvendando o&hellip;<\/p>\n<\/div><div class=\"ultp-block-readmore\"><a aria-label=\"Hoeveel de airfryer per maand kost: ontrafel de kosten van de gezonde friteuse\" href=\"https:\/\/cozinhadave.com\/nl\/quanto-a-airfryer-gasta-por-mes\/\">Meer leren<svg xmlns=\"http:\/\/www.w3.org\/2000\/svg\" fill=\"none\" viewbox=\"0 0 24 24\">\n  <path stroke=\"currentColor\" stroke-linecap=\"round\" stroke-linejoin=\"round\" stroke-width=\"1.5\" d=\"m12 20.5 8.5-8.5m0 0L12 3.5m8.5 8.5h-17\"\/>\n<\/svg>\n<\/a><\/div><\/div><\/div><\/div><div class=\"ultp-block-item ultp-block-media post-id-18798\"><div class=\"ultp-block-content-wrap\"><div class=\"ultp-block-image ultp-block-image-opacity\"><a href=\"https:\/\/cozinhadave.com\/nl\/chocolate-ao-longo-dos-tempos\/\"><img decoding=\"async\"  alt=\"Chocolade door de eeuwen heen: curiosa en historische weetjes\"  src=\"https:\/\/cozinhadave.com\/wp-content\/uploads\/2023\/08\/Chocolate-ao-longo-dos-tempos-curiosidades-e-curiosidades-historicas-600x600.jpg\" \/><\/a><\/div><div class=\"ultp-block-content\"><div class=\"ultp-category-grid ultp-category-classic ultp-category-aboveTitle\"><div class=\"ultp-category-in\"><a class=\"ultp-cat-curiosidades\" href=\"https:\/\/cozinhadave.com\/nl\/categorie\/curiosa\/\">CURIOSITEITEN<\/a><\/div><\/div><h3 class=\"ultp-block-title\"><a href=\"https:\/\/cozinhadave.com\/nl\/chocolate-ao-longo-dos-tempos\/\">Chocolade door de eeuwen heen: historische curiosa<\/a><\/h3><div class=\"ultp-block-excerpt\"><p>Bem-vindos a esta deliciosa viagem pelo mundo do chocolate! Vamos explorar a hist\u00f3ria, origem e evolu\u00e7\u00e3o do chocolate ao longo dos tempos, descobrindo curiosidades que, com certeza, voc\u00ea nunca imaginou. Chocolate ao longo dos tempos: curiosidades hist\u00f3ricas Vamos acompanhar a&hellip;<\/p>\n<\/div><div class=\"ultp-block-readmore\"><a aria-label=\"Chocolade door de eeuwen heen: historische curiosa\" href=\"https:\/\/cozinhadave.com\/nl\/chocolate-ao-longo-dos-tempos\/\">Meer leren<svg xmlns=\"http:\/\/www.w3.org\/2000\/svg\" fill=\"none\" viewbox=\"0 0 24 24\">\n  <path stroke=\"currentColor\" stroke-linecap=\"round\" stroke-linejoin=\"round\" stroke-width=\"1.5\" d=\"m12 20.5 8.5-8.5m0 0L12 3.5m8.5 8.5h-17\"\/>\n<\/svg>\n<\/a><\/div><\/div><\/div><\/div><div class=\"ultp-block-item ultp-block-media post-id-20579\"><div class=\"ultp-block-content-wrap\"><div class=\"ultp-block-image ultp-block-image-opacity\"><a href=\"https:\/\/cozinhadave.com\/nl\/pode-guardar-aipim-cozido\/\"><img decoding=\"async\"  alt=\"Cassave\"  src=\"https:\/\/cozinhadave.com\/wp-content\/uploads\/2023\/09\/Aipim5-2-600x585.jpg\" \/><\/a><\/div><div class=\"ultp-block-content\"><div class=\"ultp-category-grid ultp-category-classic ultp-category-aboveTitle\"><div class=\"ultp-category-in\"><a class=\"ultp-cat-curiosidades\" href=\"https:\/\/cozinhadave.com\/nl\/categorie\/curiosa\/\">CURIOSITEITEN<\/a><\/div><\/div><h3 class=\"ultp-block-title\"><a href=\"https:\/\/cozinhadave.com\/nl\/pode-guardar-aipim-cozido\/\">Kun je gekookte cassave bewaren? Ontdek dit culinaire geheim!<\/a><\/h3><div class=\"ultp-block-excerpt\"><p>Voc\u00ea j\u00e1 se perguntou se \u00e9 poss\u00edvel guardar aipim cozido? Pois eu te digo que sim! E vou compartilhar com voc\u00ea os segredos para manter o sabor e a textura perfeitos do aipim ap\u00f3s o cozimento. Ent\u00e3o, se prepare para&hellip;<\/p>\n<\/div><div class=\"ultp-block-readmore\"><a aria-label=\"Kun je gekookte cassave bewaren? Ontdek dit culinaire geheim!\" href=\"https:\/\/cozinhadave.com\/nl\/pode-guardar-aipim-cozido\/\">Meer leren<svg xmlns=\"http:\/\/www.w3.org\/2000\/svg\" fill=\"none\" viewbox=\"0 0 24 24\">\n  <path stroke=\"currentColor\" stroke-linecap=\"round\" stroke-linejoin=\"round\" stroke-width=\"1.5\" d=\"m12 20.5 8.5-8.5m0 0L12 3.5m8.5 8.5h-17\"\/>\n<\/svg>\n<\/a><\/div><\/div><\/div><\/div><\/div><div class=\"ultp-loadmore\"><span class=\"ultp-loadmore-action\" tabindex=\"0\" role=\"button\" data-pages=\"13\" data-pagenum=\"1\"  data-expost=\"\" data-blockid=\"90be0d\" data-blockname=\"ultimate-post_post-list-3\" data-postid=\"21097\" data-selfpostid=\"yes\">Meer zien <span class=\"ultp-spin\"><svg xmlns=\"http:\/\/www.w3.org\/2000\/svg\" fill=\"none\" viewbox=\"0 0 24 24\">\n  <path stroke=\"currentColor\" stroke-linecap=\"round\" stroke-linejoin=\"round\" stroke-width=\"1.5\" d=\"M21 12a9 9 0 0 1-17 4.127M3 12a9 9 0 0 1 17-4.127M20 3v5h-5M4 21v-5h5\"\/>\n<\/svg>\n<\/span><\/span><\/div><\/div><div class=\"pagination-block-html\" aria-hidden=\"true\" style=\"display: none;\"><\/div><\/div><\/div>\n\n\n\n<div class=\"wp-block-uagb-container uagb-block-179d179f\"><\/div>\n<\/div><\/div>","protected":false},"excerpt":{"rendered":"<p>CURIOSIDADES Aqui, voc\u00ea encontrar\u00e1 uma cole\u00e7\u00e3o fascinante de curiosidades intrigantes e surpreendentes relacionadas ao mundo da gastronomia. Desde fatos hist\u00f3ricos sobre pratos ic\u00f4nicos at\u00e9 segredos pouco conhecidos sobre ingredientes comuns, cada artigo \u00e9 uma viagem emocionante pelo universo da culin\u00e1ria. Prepare-se para se encantar e se inspirar com as curiosidades que revelam os bastidores e&hellip;&nbsp;<\/p>\n<div class=\"read-more-wrapper\"><a href=\"https:\/\/cozinhadave.com\/nl\/curiosa\/\" class=\"button button-secondary\" rel=\"bookmark\">Lees meer \"<span class=\"screen-reader-text\">CURIOSITEITEN<\/span><\/a><\/div>","protected":false},"author":10,"featured_media":0,"parent":0,"menu_order":0,"comment_status":"closed","ping_status":"closed","template":"","meta":{"_uag_custom_page_level_css":"","wprm-recipe-roundup-name":"","wprm-recipe-roundup-description":"","neve_meta_sidebar":"","neve_meta_container":"","neve_meta_enable_content_width":"","neve_meta_content_width":0,"neve_meta_title_alignment":"","neve_meta_author_avatar":"","neve_post_elements_order":"","neve_meta_disable_header":"","neve_meta_disable_footer":"","neve_meta_disable_title":"","neve_meta_reading_time":"","footnotes":""},"class_list":["post-21097","page","type-page","status-publish","hentry"],"uagb_featured_image_src":{"full":false,"thumbnail":false,"medium":false,"medium_large":false,"large":false,"1536x1536":false,"2048x2048":false,"trp-custom-language-flag":false,"ultp_layout_landscape_large":false,"ultp_layout_landscape":false,"ultp_layout_portrait":false,"ultp_layout_square":false,"wprm-metadata-1_1":false,"wprm-metadata-4_3":false,"wprm-metadata-16_9":false,"neve-blog":false},"uagb_author_info":{"display_name":"Paulo RIbeiro","author_link":"https:\/\/cozinhadave.com\/nl\/author\/paulomiguelribeirogmail-com\/"},"uagb_comment_info":0,"uagb_excerpt":"CURIOSIDADES Aqui, voc\u00ea encontrar\u00e1 uma cole\u00e7\u00e3o fascinante de curiosidades intrigantes e surpreendentes relacionadas ao mundo da gastronomia. Desde fatos hist\u00f3ricos sobre pratos ic\u00f4nicos at\u00e9 segredos pouco conhecidos sobre ingredientes comuns, cada artigo \u00e9 uma viagem emocionante pelo universo da culin\u00e1ria. Prepare-se para se encantar e se inspirar com as curiosidades que revelam os bastidores e&hellip;&nbsp;Ler&hellip;","_links":{"self":[{"href":"https:\/\/cozinhadave.com\/nl\/wp-json\/wp\/v2\/pages\/21097","targetHints":{"allow":["GET"]}}],"collection":[{"href":"https:\/\/cozinhadave.com\/nl\/wp-json\/wp\/v2\/pages"}],"about":[{"href":"https:\/\/cozinhadave.com\/nl\/wp-json\/wp\/v2\/types\/page"}],"author":[{"embeddable":true,"href":"https:\/\/cozinhadave.com\/nl\/wp-json\/wp\/v2\/users\/10"}],"replies":[{"embeddable":true,"href":"https:\/\/cozinhadave.com\/nl\/wp-json\/wp\/v2\/comments?post=21097"}],"version-history":[{"count":0,"href":"https:\/\/cozinhadave.com\/nl\/wp-json\/wp\/v2\/pages\/21097\/revisions"}],"wp:attachment":[{"href":"https:\/\/cozinhadave.com\/nl\/wp-json\/wp\/v2\/media?parent=21097"}],"curies":[{"name":"wp","href":"https:\/\/api.w.org\/{rel}","templated":true}]}}