{"id":21056,"date":"2024-05-04T19:42:44","date_gmt":"2024-05-04T19:42:44","guid":{"rendered":"http:\/\/cozinhadave.com\/?page_id=21056"},"modified":"2024-05-05T12:28:55","modified_gmt":"2024-05-05T12:28:55","slug":"ingredienten","status":"publish","type":"page","link":"https:\/\/cozinhadave.com\/nl\/ingredienten\/","title":{"rendered":"INGREDINTEN"},"content":{"rendered":"<div class=\"wp-block-uagb-advanced-heading uagb-block-ca604257\"><h2 class=\"uagb-heading-text\">INGREDINTEN<\/h2><\/div>\n\n\n\n<div class=\"wp-block-uagb-container uagb-block-26a8be47 alignfull uagb-is-root-container\"><div class=\"uagb-container-inner-blocks-wrap\">\n<div class=\"wp-block-uagb-container uagb-block-71bdc037\"><\/div>\n\n\n\n<div class=\"wp-block-uagb-container uagb-block-46bd2a80\">\n<p class=\"has-neve-text-color-color has-text-color has-link-color wp-elements-96b20d9dd996dfb8caa09f5c806e99b4\">Voor een heerlijk recept moet je altijd de meest geschikte ingredi\u00ebnten kiezen. Hiervoor moet u vaststellen of de ingredi\u00ebnten het meest geschikt zijn voor het recept dat u gaat bereiden.&nbsp;<\/p>\n\n\n\n<p class=\"has-neve-text-color-color has-text-color has-link-color wp-elements-4235dfc56ac7d7634b643e3f4a0e2fe2\">In deze ruimte bieden we verschillende gratis handleidingen aan over de meest uiteenlopende ingredi\u00ebnten, die we normaal gesproken in onze recepten gebruiken, maar het beste is dat je vanaf vandaag alle onderwerpen over de ingredi\u00ebnten begrijpt.<\/p>\n\n\n\n<p class=\"has-neve-text-color-color has-text-color has-link-color wp-elements-3b1cca380c5bf00ef1d1f560de1888d4\">&nbsp;Uit hun geschiedenis, hoe ze geproduceerd worden, hun gezondheidsvoordelen, voedingswaarden en natuurlijk hoe ze gebruikt worden in de bekendste recepten, en nog veel meer\u2026<\/p>\n\n\n<div  class=\"wp-block-ultimate-post-advanced-search ultp-block-477790\"><div class=\"ultp-block-wrapper\"><div class=\"ultp-search-container ultp-search-frontend\"  data-ajax=\"1\" data-gosearch=\"1\" data-enablenewtab=\"\" data-blockid=\"477790\" \n                    data-image=\"1\"  data-author= \"data-date=\"\"\" data-excerpt=\"\" data-excerptlimit=\"25\" data-allresult=\"\" data-catenable=\"\"  data-postno=\"3\"  data-noresultext=\"N\u00e3o foram encontrados resultados\"   data-popupposition=\"right\" data-searchposttype=\"\"><div class=\"ultp-searchform-content ultp-searchform-input1\"><div class=\"ultp-search-inputwrap\"> <input type=\"text\" value=\"\" class=\"ultp-searchres-input\"  placeholder=\"Zoek naar ingredi\u00ebnten\"\/> <span class=\"ultp-search-clear\" data-blockid=\"477790\"><svg xmlns=\"http:\/\/www.w3.org\/2000\/svg\" fill=\"none\" viewbox=\"0 0 24 24\">\n  <path stroke=\"currentColor\" stroke-linecap=\"round\" stroke-width=\"1.5\" d=\"m6 6 6 6m0 0 6 6m-6-6 6-6m-6 6-6 6\"\/>\n<\/svg>\n<\/span> <\/div><div class=\"ultp-search-button\"><svg xmlns=\"http:\/\/www.w3.org\/2000\/svg\" fill=\"none\" viewbox=\"0 0 24 24\">\n  <path stroke=\"currentColor\" stroke-linecap=\"round\" stroke-linejoin=\"round\" stroke-width=\"1.5\" d=\"M11 19a8 8 0 1 0 0-16 8 8 0 0 0 0 16Zm10 2-4.35-4.35\"\/>\n<\/svg>\n<span class=\"ultp-search-button__text\"> Zoek op <\/span><\/div><\/div><\/div><\/div><\/div><\/div>\n\n\n\n<div class=\"wp-block-uagb-container uagb-block-59e8365b\"><\/div>\n<\/div><\/div>\n\n\n\n<div class=\"nv-cv-d nv-cv-m wp-block-uagb-container uagb-block-bb890383 alignfull uagb-is-root-container\"><div class=\"uagb-container-inner-blocks-wrap\">\n<div class=\"wp-block-uagb-container uagb-block-07f24e17\"><\/div>\n\n\n\n<div class=\"wp-block-uagb-container uagb-block-894989ec\"><div  class=\"ultp-post-grid-block wp-block-ultimate-post-post-list-3 ultp-block-3f3328\"><div class=\"ultp-block-wrapper\"><div class=\"ultp-loading\"><div class=\"ultp-loading-blocks\" style=\"width:100%;height:100%;\"><div style=\"left: 0;top: 0;animation-delay:0s;\"><\/div><div style=\"left: 21px;top: 0;animation-delay:0.125s;\"><\/div><div style=\"left: 42px;top: 0;animation-delay:0.25s;\"><\/div><div style=\"left: 0;top: 21px;animation-delay:0.875s;\"><\/div><div style=\"left: 42px;top: 21px;animation-delay:0.375s;\"><\/div><div style=\"left: 0;top: 42px;animation-delay:0.75s;\"><\/div><div style=\"left: 42px;top: 42px;animation-delay:0.625s;\"><\/div><div style=\"left: 21px;top: 42px;animation-delay:0.5s;\"><\/div><\/div><\/div><div class=\"ultp-heading-filter\"><div class=\"ultp-heading-filter-in\"><div class=\"ultp-filter-navigation\"><div class=\"ultp-filter-wrap\" data-taxtype=\"category\" data-blockid=\"3f3328\" data-blockname=\"ultimate-post_post-list-3\" data-postid=\"21056\"data-selfpostid=\"yes\"><ul class=\"ultp-flex-menu\" data-name=\"More\"><li class=\"filter-item\"><a class=\"filter-active\" data-taxonomy=\"\" href=\"#\">ALLE<\/a><\/li><li class=\"filter-item\"><a data-taxonomy=\"condimentos\" href=\"#\">KRUID<\/a><\/li><li class=\"filter-item\"><a data-taxonomy=\"frutas\" href=\"#\">VRUCHTEN<\/a><\/li><li class=\"filter-item\"><a data-taxonomy=\"legumes\" href=\"#\">GROENTEN<\/a><\/li><li class=\"filter-item\"><a data-taxonomy=\"verduras\" href=\"#\">GROENTEN<\/a><\/li><li class=\"filter-item\"><a data-taxonomy=\"queijos\" href=\"#\">KAZEN<\/a><\/li><\/ul><\/div><\/div><\/div><\/div><div class=\"ultp-block-items-wrap ultp-block-row ultp-block-column-1 ultp-block-content-middle ultp-layout1\"><div class=\"ultp-block-item ultp-block-media post-id-17861\"><div class=\"ultp-block-content-wrap\"><div class=\"ultp-block-image ultp-block-image-opacity\"><a href=\"https:\/\/cozinhadave.com\/nl\/peterselie\/\"><img decoding=\"async\"  alt=\"peterselie\"  src=\"https:\/\/cozinhadave.com\/wp-content\/uploads\/2023\/08\/salsa-4-600x585.jpg\" \/><\/a><\/div><div class=\"ultp-block-content\"><div class=\"ultp-category-grid ultp-category-classic ultp-category-aboveTitle\"><div class=\"ultp-category-in\"><a class=\"ultp-cat-ingredientes\" href=\"https:\/\/cozinhadave.com\/nl\/categorie\/ingredienten\/\">INGREDINTEN<\/a><a class=\"ultp-cat-legumes\" href=\"https:\/\/cozinhadave.com\/nl\/categorie\/ingredienten\/groenten\/\">GROENTEN<\/a><\/div><\/div><h3 class=\"ultp-block-title\"><a href=\"https:\/\/cozinhadave.com\/nl\/peterselie\/\">Peterseliesmaak: ontdek alles over dit heerlijke culinaire ingredi\u00ebnt<\/a><\/h3><div class=\"ultp-block-excerpt\"><p>Sabor da Salsa: Descubra tudo sobre este ingrediente culin\u00e1rio delicioso Se voc\u00ea \u00e9 um amante da cozinha, com certeza j\u00e1 utilizou salsa em suas receitas. Esse ingrediente \u00e9 extremamente vers\u00e1til e adiciona um sabor \u00fanico \u00e0 culin\u00e1ria. Mas voc\u00ea sabe&hellip;<\/p>\n<\/div><div class=\"ultp-block-readmore\"><a aria-label=\"Peterseliesmaak: ontdek alles over dit heerlijke culinaire ingredi\u00ebnt\" href=\"https:\/\/cozinhadave.com\/nl\/peterselie\/\">Meer leren<svg xmlns=\"http:\/\/www.w3.org\/2000\/svg\" fill=\"none\" viewbox=\"0 0 24 24\">\n  <path stroke=\"currentColor\" stroke-linecap=\"round\" stroke-linejoin=\"round\" stroke-width=\"1.5\" d=\"m12 20.5 8.5-8.5m0 0L12 3.5m8.5 8.5h-17\"\/>\n<\/svg>\n<\/a><\/div><\/div><\/div><\/div><div class=\"ultp-block-item ultp-block-media post-id-16807\"><div class=\"ultp-block-content-wrap\"><div class=\"ultp-block-image ultp-block-image-opacity\"><a href=\"https:\/\/cozinhadave.com\/nl\/feijao-azuki\/\"><img decoding=\"async\"  alt=\"adzuki bonen\"  src=\"https:\/\/cozinhadave.com\/wp-content\/uploads\/2023\/08\/feijao-azuki-600x585.jpg\" \/><\/a><\/div><div class=\"ultp-block-content\"><div class=\"ultp-category-grid ultp-category-classic ultp-category-aboveTitle\"><div class=\"ultp-category-in\"><a class=\"ultp-cat-ingredientes\" href=\"https:\/\/cozinhadave.com\/nl\/categorie\/ingredienten\/\">INGREDINTEN<\/a><a class=\"ultp-cat-legumes\" href=\"https:\/\/cozinhadave.com\/nl\/categorie\/ingredienten\/groenten\/\">GROENTEN<\/a><\/div><\/div><h3 class=\"ultp-block-title\"><a href=\"https:\/\/cozinhadave.com\/nl\/feijao-azuki\/\">Azukibonen: de delicatesse die mijn hart en smaakpapillen veroverde in Brazili\u00eb<\/a><\/h3><div class=\"ultp-block-excerpt\"><p>Feij\u00e3o Azuki: A del\u00edcia que ganhou meu cora\u00e7\u00e3o e paladar no Brasil Desde que cheguei ao Brasil, h\u00e1 alguns anos, tenho experimentado muitas comidas diferentes. Algumas eu adorei, outras nem tanto. Mas, h\u00e1 uma que conquistou completamente meu cora\u00e7\u00e3o e&hellip;<\/p>\n<\/div><div class=\"ultp-block-readmore\"><a aria-label=\"Azukibonen: de delicatesse die mijn hart en smaakpapillen veroverde in Brazili\u00eb\" href=\"https:\/\/cozinhadave.com\/nl\/feijao-azuki\/\">Meer leren<svg xmlns=\"http:\/\/www.w3.org\/2000\/svg\" fill=\"none\" viewbox=\"0 0 24 24\">\n  <path stroke=\"currentColor\" stroke-linecap=\"round\" stroke-linejoin=\"round\" stroke-width=\"1.5\" d=\"m12 20.5 8.5-8.5m0 0L12 3.5m8.5 8.5h-17\"\/>\n<\/svg>\n<\/a><\/div><\/div><\/div><\/div><div class=\"ultp-block-item ultp-block-media post-id-20880\"><div class=\"ultp-block-content-wrap\"><div class=\"ultp-block-image ultp-block-image-opacity\"><a href=\"https:\/\/cozinhadave.com\/nl\/qual-e-a-caracteristica-de-morango\/\"><img decoding=\"async\"  alt=\"wat is het kenmerk van aardbei\"  src=\"https:\/\/cozinhadave.com\/wp-content\/uploads\/2023\/11\/qual-e-a-caracteristica-de-morango-600x600.jpg\" \/><\/a><\/div><div class=\"ultp-block-content\"><div class=\"ultp-category-grid ultp-category-classic ultp-category-aboveTitle\"><div class=\"ultp-category-in\"><a class=\"ultp-cat-ingredientes\" href=\"https:\/\/cozinhadave.com\/nl\/categorie\/ingredienten\/\">INGREDINTEN<\/a><a class=\"ultp-cat-frutas\" href=\"https:\/\/cozinhadave.com\/nl\/categorie\/ingredienten\/frutas\/\">VRUCHTEN<\/a><\/div><\/div><h3 class=\"ultp-block-title\"><a href=\"https:\/\/cozinhadave.com\/nl\/qual-e-a-caracteristica-de-morango\/\">Ontdek wat het overheersende kenmerk van aardbei is<\/a><\/h3><div class=\"ultp-block-excerpt\"><p>Se voc\u00ea \u00e9 f\u00e3 de morangos, j\u00e1 deve ter percebido que essa fruta possui caracter\u00edsticas \u00fanicas que a tornam t\u00e3o especial. Nesta se\u00e7\u00e3o, vamos explorar qual \u00e9 a caracter\u00edstica mais marcante do morango e suas principais caracter\u00edsticas. O morango \u00e9&hellip;<\/p>\n<\/div><div class=\"ultp-block-readmore\"><a aria-label=\"Ontdek wat het overheersende kenmerk van aardbei is\" href=\"https:\/\/cozinhadave.com\/nl\/qual-e-a-caracteristica-de-morango\/\">Meer leren<svg xmlns=\"http:\/\/www.w3.org\/2000\/svg\" fill=\"none\" viewbox=\"0 0 24 24\">\n  <path stroke=\"currentColor\" stroke-linecap=\"round\" stroke-linejoin=\"round\" stroke-width=\"1.5\" d=\"m12 20.5 8.5-8.5m0 0L12 3.5m8.5 8.5h-17\"\/>\n<\/svg>\n<\/a><\/div><\/div><\/div><\/div><div class=\"ultp-block-item ultp-block-media post-id-10944\"><div class=\"ultp-block-content-wrap\"><div class=\"ultp-block-image ultp-block-image-opacity\"><a href=\"https:\/\/cozinhadave.com\/nl\/wat-is-emmental-kaas\/\"><img decoding=\"async\"  alt=\"wat is emmentaler kaas?\"  src=\"https:\/\/cozinhadave.com\/wp-content\/uploads\/2022\/03\/o-que-e-queijo-emmental-1.jpg\" \/><\/a><\/div><div class=\"ultp-block-content\"><div class=\"ultp-category-grid ultp-category-classic ultp-category-aboveTitle\"><div class=\"ultp-category-in\"><a class=\"ultp-cat-ingredientes\" href=\"https:\/\/cozinhadave.com\/nl\/categorie\/ingredienten\/\">INGREDINTEN<\/a><a class=\"ultp-cat-queijos\" href=\"https:\/\/cozinhadave.com\/nl\/categorie\/ingredienten\/kazen\/\">KAZEN<\/a><\/div><\/div><h3 class=\"ultp-block-title\"><a href=\"https:\/\/cozinhadave.com\/nl\/wat-is-emmental-kaas\/\">Wat is Emmentaler Kaas: de complete gids!<\/a><\/h3><div class=\"ultp-block-excerpt\"><p>Gosta de queijo emmental? Se sim, este \u00e9 o post do blogue para si! Neste artigo, discutiremos tudo o que precisa de saber sobre o queijo emmental. Iremos falar sobre a sua hist\u00f3ria, como \u00e9 feito e o que o&hellip;<\/p>\n<\/div><div class=\"ultp-block-readmore\"><a aria-label=\"Wat is Emmentaler Kaas: de complete gids!\" href=\"https:\/\/cozinhadave.com\/nl\/wat-is-emmental-kaas\/\">Meer leren<svg xmlns=\"http:\/\/www.w3.org\/2000\/svg\" fill=\"none\" viewbox=\"0 0 24 24\">\n  <path stroke=\"currentColor\" stroke-linecap=\"round\" stroke-linejoin=\"round\" stroke-width=\"1.5\" d=\"m12 20.5 8.5-8.5m0 0L12 3.5m8.5 8.5h-17\"\/>\n<\/svg>\n<\/a><\/div><\/div><\/div><\/div><div class=\"ultp-block-item ultp-block-media post-id-17895\"><div class=\"ultp-block-content-wrap\"><div class=\"ultp-block-image ultp-block-image-opacity\"><a href=\"https:\/\/cozinhadave.com\/nl\/vruchten-van-de-telling\/\"><img decoding=\"async\"  alt=\"vruchten van de telling\"  src=\"https:\/\/cozinhadave.com\/wp-content\/uploads\/2023\/08\/fruta-do-conde-600x585.jpg\" \/><\/a><\/div><div class=\"ultp-block-content\"><div class=\"ultp-category-grid ultp-category-classic ultp-category-aboveTitle\"><div class=\"ultp-category-in\"><a class=\"ultp-cat-ingredientes\" href=\"https:\/\/cozinhadave.com\/nl\/categorie\/ingredienten\/\">INGREDINTEN<\/a><a class=\"ultp-cat-frutas\" href=\"https:\/\/cozinhadave.com\/nl\/categorie\/ingredienten\/frutas\/\">VRUCHTEN<\/a><\/div><\/div><h3 class=\"ultp-block-title\"><a href=\"https:\/\/cozinhadave.com\/nl\/vruchten-van-de-telling\/\">Fruta do Conde: ontdek de geheimen van dit tropische genot<\/a><\/h3><div class=\"ultp-block-excerpt\"><p>Se voc\u00ea ainda n\u00e3o conhece a Fruta do Conde, est\u00e1 perdendo uma das frutas mais deliciosas e nutritivas que existem. Eu sou apaixonado por essa fruta tropical e estou aqui para compartilhar com voc\u00eas tudo o que sei sobre a&hellip;<\/p>\n<\/div><div class=\"ultp-block-readmore\"><a aria-label=\"Fruta do Conde: ontdek de geheimen van dit tropische genot\" href=\"https:\/\/cozinhadave.com\/nl\/vruchten-van-de-telling\/\">Meer leren<svg xmlns=\"http:\/\/www.w3.org\/2000\/svg\" fill=\"none\" viewbox=\"0 0 24 24\">\n  <path stroke=\"currentColor\" stroke-linecap=\"round\" stroke-linejoin=\"round\" stroke-width=\"1.5\" d=\"m12 20.5 8.5-8.5m0 0L12 3.5m8.5 8.5h-17\"\/>\n<\/svg>\n<\/a><\/div><\/div><\/div><\/div><div class=\"ultp-block-item ultp-block-media post-id-11166\"><div class=\"ultp-block-content-wrap\"><div class=\"ultp-block-image ultp-block-image-opacity\"><a href=\"https:\/\/cozinhadave.com\/nl\/wat-is-gruyere-kaas\/\"><img decoding=\"async\"  alt=\"wat is gruy\u00e8re kaas?\"  src=\"https:\/\/cozinhadave.com\/wp-content\/uploads\/2022\/04\/o-que-e-queijo-gruyere.webp\" \/><\/a><\/div><div class=\"ultp-block-content\"><div class=\"ultp-category-grid ultp-category-classic ultp-category-aboveTitle\"><div class=\"ultp-category-in\"><a class=\"ultp-cat-ingredientes\" href=\"https:\/\/cozinhadave.com\/nl\/categorie\/ingredienten\/\">INGREDINTEN<\/a><a class=\"ultp-cat-queijos\" href=\"https:\/\/cozinhadave.com\/nl\/categorie\/ingredienten\/kazen\/\">KAZEN<\/a><\/div><\/div><h3 class=\"ultp-block-title\"><a href=\"https:\/\/cozinhadave.com\/nl\/wat-is-gruyere-kaas\/\">Wat is Gruyere kaas - Ontdek een van de beste Zwitserse kazen<\/a><\/h3><div class=\"ultp-block-excerpt\"><p>O que \u00e9 queijo Gruyere &#8211; Conhe\u00e7a um dos melhores queijos su\u00ed\u00e7os Os queijos su\u00ed\u00e7os s\u00e3o bastante famosos, principalmente pelos ic\u00f4nicos furinhos, por\u00e9m um dos melhores tipos de queijos su\u00ed\u00e7os, nem ao menos possuem os furos, que \u00e9 o caso&hellip;<\/p>\n<\/div><div class=\"ultp-block-readmore\"><a aria-label=\"Wat is Gruy\u00e8re kaas \u2013 Ontdek een van de beste Zwitserse kazen\" href=\"https:\/\/cozinhadave.com\/nl\/wat-is-gruyere-kaas\/\">Meer leren<svg xmlns=\"http:\/\/www.w3.org\/2000\/svg\" fill=\"none\" viewbox=\"0 0 24 24\">\n  <path stroke=\"currentColor\" stroke-linecap=\"round\" stroke-linejoin=\"round\" stroke-width=\"1.5\" d=\"m12 20.5 8.5-8.5m0 0L12 3.5m8.5 8.5h-17\"\/>\n<\/svg>\n<\/a><\/div><\/div><\/div><\/div><div class=\"ultp-block-item ultp-block-media post-id-17927\"><div class=\"ultp-block-content-wrap\"><div class=\"ultp-block-image ultp-block-image-opacity\"><a href=\"https:\/\/cozinhadave.com\/nl\/fruta-pao\/\"><img decoding=\"async\"  alt=\"brood fruit\"  src=\"https:\/\/cozinhadave.com\/wp-content\/uploads\/2023\/08\/fruta-pao-600x585.jpg\" \/><\/a><\/div><div class=\"ultp-block-content\"><div class=\"ultp-category-grid ultp-category-classic ultp-category-aboveTitle\"><div class=\"ultp-category-in\"><a class=\"ultp-cat-ingredientes\" href=\"https:\/\/cozinhadave.com\/nl\/categorie\/ingredienten\/\">INGREDINTEN<\/a><a class=\"ultp-cat-frutas\" href=\"https:\/\/cozinhadave.com\/nl\/categorie\/ingredienten\/frutas\/\">VRUCHTEN<\/a><\/div><\/div><h3 class=\"ultp-block-title\"><a href=\"https:\/\/cozinhadave.com\/nl\/fruta-pao\/\">Broodvrucht: mijn smakelijke avonturen in Brazili\u00eb ontdekken<\/a><\/h3><div class=\"ultp-block-excerpt\"><p>Se voc\u00ea acha que j\u00e1 experimentou todas as frutas poss\u00edveis no Brasil, deixe-me apresentar a voc\u00ea a fruta p\u00e3o. Eu, como entusiasta da culin\u00e1ria, fui apresentado a essa fruta pelos meus amigos nordestinos e me apaixonei pelo sabor \u00fanico e&hellip;<\/p>\n<\/div><div class=\"ultp-block-readmore\"><a aria-label=\"Broodvrucht: mijn smakelijke avonturen in Brazili\u00eb ontdekken\" href=\"https:\/\/cozinhadave.com\/nl\/fruta-pao\/\">Meer leren<svg xmlns=\"http:\/\/www.w3.org\/2000\/svg\" fill=\"none\" viewbox=\"0 0 24 24\">\n  <path stroke=\"currentColor\" stroke-linecap=\"round\" stroke-linejoin=\"round\" stroke-width=\"1.5\" d=\"m12 20.5 8.5-8.5m0 0L12 3.5m8.5 8.5h-17\"\/>\n<\/svg>\n<\/a><\/div><\/div><\/div><\/div><div class=\"ultp-block-item ultp-block-media post-id-17748\"><div class=\"ultp-block-content-wrap\"><div class=\"ultp-block-image ultp-block-image-opacity\"><a href=\"https:\/\/cozinhadave.com\/nl\/endivia\/\"><img decoding=\"async\"  alt=\"Endivia\"  src=\"https:\/\/cozinhadave.com\/wp-content\/uploads\/2023\/08\/Endivia-6-600x585.jpg\" \/><\/a><\/div><div class=\"ultp-block-content\"><div class=\"ultp-category-grid ultp-category-classic ultp-category-aboveTitle\"><div class=\"ultp-category-in\"><a class=\"ultp-cat-ingredientes\" href=\"https:\/\/cozinhadave.com\/nl\/categorie\/ingredienten\/\">INGREDINTEN<\/a><a class=\"ultp-cat-legumes\" href=\"https:\/\/cozinhadave.com\/nl\/categorie\/ingredienten\/groenten\/\">GROENTEN<\/a><\/div><\/div><h3 class=\"ultp-block-title\"><a href=\"https:\/\/cozinhadave.com\/nl\/endivia\/\">Andijvie: de stergroente die de smaakpapillen in Brazili\u00eb verovert<\/a><\/h3><div class=\"ultp-block-excerpt\"><p>Ol\u00e1, leitores! Hoje vamos falar sobre uma verdura que tem conquistado cada vez mais espa\u00e7o nos pratos brasileiros: a end\u00edvia. Se voc\u00ea ainda n\u00e3o conhece essa verdura, n\u00e3o sabe o que est\u00e1 perdendo! End\u00edvia: a Verdura Estrela que Conquista Paladares&hellip;<\/p>\n<\/div><div class=\"ultp-block-readmore\"><a aria-label=\"Andijvie: de stergroente die de smaakpapillen in Brazili\u00eb verovert\" href=\"https:\/\/cozinhadave.com\/nl\/endivia\/\">Meer leren<svg xmlns=\"http:\/\/www.w3.org\/2000\/svg\" fill=\"none\" viewbox=\"0 0 24 24\">\n  <path stroke=\"currentColor\" stroke-linecap=\"round\" stroke-linejoin=\"round\" stroke-width=\"1.5\" d=\"m12 20.5 8.5-8.5m0 0L12 3.5m8.5 8.5h-17\"\/>\n<\/svg>\n<\/a><\/div><\/div><\/div><\/div><div class=\"ultp-block-item ultp-block-media post-id-17652\"><div class=\"ultp-block-content-wrap\"><div class=\"ultp-block-image ultp-block-image-opacity\"><a href=\"https:\/\/cozinhadave.com\/nl\/agriao\/\"><img decoding=\"async\"  alt=\"tuinkers\"  src=\"https:\/\/cozinhadave.com\/wp-content\/uploads\/2023\/08\/agriao-3-600x585.jpg\" \/><\/a><\/div><div class=\"ultp-block-content\"><div class=\"ultp-category-grid ultp-category-classic ultp-category-aboveTitle\"><div class=\"ultp-category-in\"><a class=\"ultp-cat-ingredientes\" href=\"https:\/\/cozinhadave.com\/nl\/categorie\/ingredienten\/\">INGREDINTEN<\/a><a class=\"ultp-cat-legumes\" href=\"https:\/\/cozinhadave.com\/nl\/categorie\/ingredienten\/groenten\/\">GROENTEN<\/a><\/div><\/div><h3 class=\"ultp-block-title\"><a href=\"https:\/\/cozinhadave.com\/nl\/agriao\/\">Waterkers: het smakelijke en voedzame geheim dat ik in Brazili\u00eb ontdekte<\/a><\/h3><div class=\"ultp-block-excerpt\"><p>Ei, pessoal! Hoje vou falar sobre uma das minhas descobertas mais saborosas e nutritivas durante minha estadia no Brasil: o agri\u00e3o! Eu nunca tinha experimentado essa planta antes, mas agora n\u00e3o posso imaginar minha vida sem ela. Agri\u00e3o: O segredo&hellip;<\/p>\n<\/div><div class=\"ultp-block-readmore\"><a aria-label=\"Waterkers: het smakelijke en voedzame geheim dat ik in Brazili\u00eb ontdekte\" href=\"https:\/\/cozinhadave.com\/nl\/agriao\/\">Meer leren<svg xmlns=\"http:\/\/www.w3.org\/2000\/svg\" fill=\"none\" viewbox=\"0 0 24 24\">\n  <path stroke=\"currentColor\" stroke-linecap=\"round\" stroke-linejoin=\"round\" stroke-width=\"1.5\" d=\"m12 20.5 8.5-8.5m0 0L12 3.5m8.5 8.5h-17\"\/>\n<\/svg>\n<\/a><\/div><\/div><\/div><\/div><div class=\"ultp-block-item ultp-block-media post-id-13807\"><div class=\"ultp-block-content-wrap\"><div class=\"ultp-block-image ultp-block-image-opacity\"><a href=\"https:\/\/cozinhadave.com\/nl\/soorten-tomaat\/\"><img decoding=\"async\"  alt=\"10 soorten tomaat die je recepten enorm zullen verbeteren\"  src=\"https:\/\/cozinhadave.com\/wp-content\/uploads\/2022\/10\/10-tipos-de-tomate-que-irao-melhorar-muito-suas-receitas-1-600x600.webp\" \/><\/a><\/div><div class=\"ultp-block-content\"><div class=\"ultp-category-grid ultp-category-classic ultp-category-aboveTitle\"><div class=\"ultp-category-in\"><a class=\"ultp-cat-ingredientes\" href=\"https:\/\/cozinhadave.com\/nl\/categorie\/ingredienten\/\">INGREDINTEN<\/a><a class=\"ultp-cat-frutas\" href=\"https:\/\/cozinhadave.com\/nl\/categorie\/ingredienten\/frutas\/\">VRUCHTEN<\/a><\/div><\/div><h3 class=\"ultp-block-title\"><a href=\"https:\/\/cozinhadave.com\/nl\/soorten-tomaat\/\">10 verschillende soorten tomaten in Brazili\u00eb die je recepten sterk zullen verbeteren<\/a><\/h3><div class=\"ultp-block-excerpt\"><p>Venha descobrir tudo sobre 10 tipos de tomate que v\u00e3o melhorar drasticamente suas receitas de culin\u00e1ria. Iremos fazer uma an\u00e1lise extensiva sobre este fruto muito utilizado na gastronomia do mundo todo. 10 diferentes tipos de tomate no brasil que ir\u00e3o&hellip;<\/p>\n<\/div><div class=\"ultp-block-readmore\"><a aria-label=\"10 verschillende soorten tomaten in Brazili\u00eb die je recepten sterk zullen verbeteren\" href=\"https:\/\/cozinhadave.com\/nl\/soorten-tomaat\/\">Meer leren<svg xmlns=\"http:\/\/www.w3.org\/2000\/svg\" fill=\"none\" viewbox=\"0 0 24 24\">\n  <path stroke=\"currentColor\" stroke-linecap=\"round\" stroke-linejoin=\"round\" stroke-width=\"1.5\" d=\"m12 20.5 8.5-8.5m0 0L12 3.5m8.5 8.5h-17\"\/>\n<\/svg>\n<\/a><\/div><\/div><\/div><\/div><\/div><div class=\"ultp-loadmore\"><span class=\"ultp-loadmore-action\" tabindex=\"0\" role=\"button\" data-pages=\"10\" data-pagenum=\"1\"  data-expost=\"\" data-blockid=\"3f3328\" data-blockname=\"ultimate-post_post-list-3\" data-postid=\"21056\" data-selfpostid=\"yes\">Meer zien <span class=\"ultp-spin\"><svg xmlns=\"http:\/\/www.w3.org\/2000\/svg\" fill=\"none\" viewbox=\"0 0 24 24\">\n  <path stroke=\"currentColor\" stroke-linecap=\"round\" stroke-linejoin=\"round\" stroke-width=\"1.5\" d=\"M21 12a9 9 0 0 1-17 4.127M3 12a9 9 0 0 1 17-4.127M20 3v5h-5M4 21v-5h5\"\/>\n<\/svg>\n<\/span><\/span><\/div><\/div><div class=\"pagination-block-html\" aria-hidden=\"true\" style=\"display: none;\"><\/div><\/div><\/div>\n\n\n\n<div class=\"wp-block-uagb-container uagb-block-179d179f\"><\/div>\n<\/div><\/div>","protected":false},"excerpt":{"rendered":"<p>INGREDIENTES Para uma deliciosa receita, \u00e9 sempre necess\u00e1rio escolher os ingredientes mais adequados. Para que isso aconte\u00e7a voc\u00ea dever\u00e1 identificar se os ingredientes s\u00e3o os mais indicados para a receita que vai preparar.&nbsp; Neste espa\u00e7o oferecemos diversos guias gratuitos sobre os mais variados ingredientes, que normalmente utilizamos nas nossas receitas, mas a parte melhor \u00e9&hellip;&nbsp;<\/p>\n<div class=\"read-more-wrapper\"><a href=\"https:\/\/cozinhadave.com\/nl\/ingredienten\/\" class=\"button button-secondary\" rel=\"bookmark\">Lees meer \"<span class=\"screen-reader-text\">INGREDINTEN<\/span><\/a><\/div>","protected":false},"author":10,"featured_media":0,"parent":0,"menu_order":0,"comment_status":"closed","ping_status":"closed","template":"","meta":{"_uag_custom_page_level_css":"","wprm-recipe-roundup-name":"","wprm-recipe-roundup-description":"","neve_meta_sidebar":"","neve_meta_container":"","neve_meta_enable_content_width":"","neve_meta_content_width":0,"neve_meta_title_alignment":"","neve_meta_author_avatar":"","neve_post_elements_order":"","neve_meta_disable_header":"","neve_meta_disable_footer":"","neve_meta_disable_title":"","neve_meta_reading_time":"","footnotes":""},"class_list":["post-21056","page","type-page","status-publish","hentry"],"uagb_featured_image_src":{"full":false,"thumbnail":false,"medium":false,"medium_large":false,"large":false,"1536x1536":false,"2048x2048":false,"trp-custom-language-flag":false,"ultp_layout_landscape_large":false,"ultp_layout_landscape":false,"ultp_layout_portrait":false,"ultp_layout_square":false,"wprm-metadata-1_1":false,"wprm-metadata-4_3":false,"wprm-metadata-16_9":false,"neve-blog":false},"uagb_author_info":{"display_name":"Paulo RIbeiro","author_link":"https:\/\/cozinhadave.com\/nl\/author\/paulomiguelribeirogmail-com\/"},"uagb_comment_info":0,"uagb_excerpt":"INGREDIENTES Para uma deliciosa receita, \u00e9 sempre necess\u00e1rio escolher os ingredientes mais adequados. Para que isso aconte\u00e7a voc\u00ea dever\u00e1 identificar se os ingredientes s\u00e3o os mais indicados para a receita que vai preparar.&nbsp; Neste espa\u00e7o oferecemos diversos guias gratuitos sobre os mais variados ingredientes, que normalmente utilizamos nas nossas receitas, mas a parte melhor \u00e9&hellip;&nbsp;Ler&hellip;","_links":{"self":[{"href":"https:\/\/cozinhadave.com\/nl\/wp-json\/wp\/v2\/pages\/21056","targetHints":{"allow":["GET"]}}],"collection":[{"href":"https:\/\/cozinhadave.com\/nl\/wp-json\/wp\/v2\/pages"}],"about":[{"href":"https:\/\/cozinhadave.com\/nl\/wp-json\/wp\/v2\/types\/page"}],"author":[{"embeddable":true,"href":"https:\/\/cozinhadave.com\/nl\/wp-json\/wp\/v2\/users\/10"}],"replies":[{"embeddable":true,"href":"https:\/\/cozinhadave.com\/nl\/wp-json\/wp\/v2\/comments?post=21056"}],"version-history":[{"count":0,"href":"https:\/\/cozinhadave.com\/nl\/wp-json\/wp\/v2\/pages\/21056\/revisions"}],"wp:attachment":[{"href":"https:\/\/cozinhadave.com\/nl\/wp-json\/wp\/v2\/media?parent=21056"}],"curies":[{"name":"wp","href":"https:\/\/api.w.org\/{rel}","templated":true}]}}