{"id":141,"date":"2019-08-20T06:03:37","date_gmt":"2019-08-20T06:03:37","guid":{"rendered":"https:\/\/websitedemos.net\/nutritionist-02-wip\/?page_id=141"},"modified":"2024-06-08T18:53:27","modified_gmt":"2024-06-08T18:53:27","slug":"wie-we-zijn","status":"publish","type":"page","link":"https:\/\/cozinhadave.com\/nl\/wie-we-zijn\/","title":{"rendered":"Wie we zijn"},"content":{"rendered":"<div class=\"wp-block-uagb-container uagb-block-bdc10053 alignfull uagb-is-root-container\"><div class=\"uagb-container-inner-blocks-wrap\">\n<div class=\"wp-block-uagb-container uagb-block-cfdd1cbf\"><\/div>\n\n\n\n<div class=\"wp-block-uagb-container uagb-block-c9575796\"><div class=\"wp-block-image\">\n<figure class=\"aligncenter size-full is-resized\"><img loading=\"lazy\" decoding=\"async\" width=\"400\" height=\"400\" src=\"http:\/\/cozinhadave.com\/wp-content\/uploads\/2022\/02\/veronica.png\" alt=\"\" class=\"wp-image-10122\" style=\"width:300px\" srcset=\"https:\/\/cozinhadave.com\/wp-content\/uploads\/2022\/02\/veronica.png 400w, https:\/\/cozinhadave.com\/wp-content\/uploads\/2022\/02\/veronica-300x300.png 300w, https:\/\/cozinhadave.com\/wp-content\/uploads\/2022\/02\/veronica-150x150.png 150w\" sizes=\"auto, (max-width: 400px) 100vw, 400px\" \/><\/figure>\n<\/div>\n\n\n<h2 class=\"wp-block-heading\">Ol\u00e1, eu sou a Ver\u00f4nica<\/h2>\n\n\n\n<p>Ol\u00e1, eu sou Ver\u00f4nica Ribeiro, uma brasileira apaixonada por comida e culin\u00e1ria. Desde jovem, eu sempre amei cozinhar e compartilhar minhas receitas com a minha fam\u00edlia e amigos. <\/p>\n\n\n\n<p>Meu amor pela cozinha come\u00e7ou muito cedo e se desenvolveu ao longo dos anos, tornando-se uma paix\u00e3o que me permite expressar minha criatividade e compartilhar momentos felizes com as pessoas que eu amo.<\/p>\n\n\n\n<p>Em 2009, me mudei para Portugal, onde me casei com meu marido Paulo. Aqui, eu descobri uma nova cultura e uma rica heran\u00e7a culin\u00e1ria que me inspirou a aprender novas receitas e t\u00e9cnicas. <\/p>\n\n\n\n<p>Com o tempo, eu comecei a compartilhar minhas experi\u00eancias e receitas com amigos e familiares, que sempre me incentivaram a seguir em frente.<\/p>\n\n\n\n<p>Em 2020, eu decidi criar o site <a href=\"http:\/\/cozinhadave.com\/nl\/\" data-type=\"link\" data-id=\"http:\/\/cozinhadave.com\">cozinhadave.com<\/a> e um canal de receitas no <a href=\"https:\/\/www.youtube.com\/channel\/UCnUrXVYh2qurSJJBM2rJfyg\" data-type=\"link\" data-id=\"https:\/\/www.youtube.com\/channel\/UCnUrXVYh2qurSJJBM2rJfyg\" target=\"_blank\" rel=\"noopener\">YouTube<\/a>, onde posso compartilhar minhas receitas Luso-brasileiras e outras deliciosas com um p\u00fablico mais amplo. <\/p>\n\n\n\n<p>Meu objetivo \u00e9 mostrar que a cozinha pode ser uma forma de unir pessoas e culturas, e que a comida pode ser um elo que nos conecta.<\/p>\n\n\n\n<p>Meu marido Paulo \u00e9 meu parceiro em todos os sentidos. Ele \u00e9 o c\u00e2mera man, editor dos videos  e a pessoa que trata do Marketing e Rela\u00e7\u00f5es Publicas.<\/p>\n\n\n\n<p> Juntos, estamos trabalhando arduamente para criar conte\u00fado de alta qualidade, que acima de tudo ofere\u00e7a muito valor ao nosso publico.<\/p>\n\n\n\n<h2 class=\"wp-block-heading\">Video de Apresenta\u00e7\u00e3o do canal de Youtube<\/h2>\n\n\n\n<figure class=\"wp-block-embed is-provider-youtube wp-block-embed-youtube\"><div class=\"wp-block-embed__wrapper\">\n<div class=\"nv-iframe-embed\"><iframe loading=\"lazy\" title=\"Welkom op het kanaal A Cozinha da V\u00ea\" width=\"1200\" height=\"675\" src=\"https:\/\/www.youtube.com\/embed\/eRXSqQtYJd4?feature=oembed\" frameborder=\"0\" allow=\"accelerometer; autoplay; clipboard-write; encrypted-media; gyroscope; picture-in-picture; web-share\" referrerpolicy=\"strict-origin-when-cross-origin\" allowfullscreen><\/iframe><\/div>\n<\/div><\/figure>\n\n\n\n<h2 class=\"wp-block-heading\">Direitos Autorais e uso do conte\u00fado<\/h2>\n\n\n\n<p>Todas as fotografias no site s\u00e3o propriedade da &#8220;A Cozinha da V\u00ea&#8221; e est\u00e3o protegidas por direitos autorais. <\/p>\n\n\n\n<p>Embora n\u00e3o nos importemos com a republica\u00e7\u00e3o de nossas fotos em outros sites, desde que seja dado cr\u00e9dito ao autor com um link para o site cozinhadave.com, <strong>n\u00e3o autorizamos a republica\u00e7\u00e3o total ou parcial de qualquer receita existente no nosso site.<\/strong><\/p>\n\n\n\n<h2 class=\"wp-block-heading\">Sobre os Coment\u00e1rios<\/h2>\n\n\n\n<p>Os coment\u00e1rios e avalia\u00e7\u00f5es de receitas s\u00e3o sempre bem-vindos e apreciados. No entanto, n\u00e3o toleramos a utiliza\u00e7\u00e3o de linguagem ofensiva ou a viola\u00e7\u00e3o dos direitos autorais.<\/p>\n\n\n\n<h2 class=\"wp-block-heading\">Sobre a Equipe<\/h2>\n\n\n\n<p>Eu sou a atriz principal do projeto, e meu marido Paulo \u00e9 o c\u00e2mera, editor e promotor dos v\u00eddeos. <\/p>\n\n\n\n<p>Juntos, estamos trabalhando para criar um conte\u00fado que seja divertido, pr\u00e1tico e f\u00e1cil de seguir.<\/p>\n\n\n\n<h2 class=\"wp-block-heading\">Objetivos<\/h2>\n\n\n\n<p>Nossa meta \u00e9 criar um site e um canal de receitas que sejam \u00fateis e agrad\u00e1veis para os nossos visitantes. <\/p>\n\n\n\n<p>Esperamos que voc\u00ea goste do que fazemos, e compartilhe nossas receitas com os seus amigos e familiares.<\/p>\n\n\n\n<h2 class=\"wp-block-heading\">Contact<\/h2>\n\n\n\n<p>Se voc\u00ea tiver alguma d\u00favida ou sugest\u00e3o, por favor, n\u00e3o hesite em <a href=\"http:\/\/cozinhadave.com\/nl\/contact\/\">entrar em contato conosco<\/a>. <\/p>\n\n\n\n<p>Estamos sempre dispon\u00edveis para ouvir suas opini\u00f5es e melhorar nossos conte\u00fados.<\/p>\n\n\n\n<h2 class=\"wp-block-heading\">auteursrechten<\/h2>\n\n\n\n<p>Todos os direitos reservados. <\/p>\n\n\n\n<p>Nenhuma parte deste blog pode ser reproduzida ou utilizada sob qualquer forma ou por qualquer meio, eletr\u00f4nico ou mec\u00e2nico, incluindo mas n\u00e3o limitado a fotoc\u00f3pia, grava\u00e7\u00e3o, ou por qualquer sistema de armazenamento e recupera\u00e7\u00e3o de informa\u00e7\u00e3o sem a autoriza\u00e7\u00e3o pr\u00e9via por escrito do autor.<\/p>\n<\/div>\n\n\n\n<div class=\"wp-block-uagb-container uagb-block-27a4cf1a\"><\/div>\n<\/div><\/div>","protected":false},"excerpt":{"rendered":"<p>Ol\u00e1, eu sou a Ver\u00f4nica Ol\u00e1, eu sou Ver\u00f4nica Ribeiro, uma brasileira apaixonada por comida e culin\u00e1ria. Desde jovem, eu sempre amei cozinhar e compartilhar minhas receitas com a minha fam\u00edlia e amigos. Meu amor pela cozinha come\u00e7ou muito cedo e se desenvolveu ao longo dos anos, tornando-se uma paix\u00e3o que me permite expressar minha&hellip;&nbsp;<\/p>\n<div class=\"read-more-wrapper\"><a href=\"https:\/\/cozinhadave.com\/nl\/wie-we-zijn\/\" class=\"button button-secondary\" rel=\"bookmark\">Lees meer \"<span class=\"screen-reader-text\">Wie we zijn<\/span><\/a><\/div>","protected":false},"author":1,"featured_media":0,"parent":0,"menu_order":0,"comment_status":"closed","ping_status":"closed","template":"","meta":{"_uag_custom_page_level_css":"","wprm-recipe-roundup-name":"","wprm-recipe-roundup-description":"","neve_meta_sidebar":"","neve_meta_container":"","neve_meta_enable_content_width":"","neve_meta_content_width":0,"neve_meta_title_alignment":"","neve_meta_author_avatar":"","neve_post_elements_order":"","neve_meta_disable_header":"","neve_meta_disable_footer":"","neve_meta_disable_title":"","neve_meta_reading_time":"","footnotes":""},"class_list":["post-141","page","type-page","status-publish","hentry"],"uagb_featured_image_src":{"full":false,"thumbnail":false,"medium":false,"medium_large":false,"large":false,"1536x1536":false,"2048x2048":false,"trp-custom-language-flag":false,"ultp_layout_landscape_large":false,"ultp_layout_landscape":false,"ultp_layout_portrait":false,"ultp_layout_square":false,"wprm-metadata-1_1":false,"wprm-metadata-4_3":false,"wprm-metadata-16_9":false,"neve-blog":false},"uagb_author_info":{"display_name":"cozinhadave","author_link":"https:\/\/cozinhadave.com\/nl\/author\/cozinhadave\/"},"uagb_comment_info":0,"uagb_excerpt":"Ol\u00e1, eu sou a Ver\u00f4nica Ol\u00e1, eu sou Ver\u00f4nica Ribeiro, uma brasileira apaixonada por comida e culin\u00e1ria. Desde jovem, eu sempre amei cozinhar e compartilhar minhas receitas com a minha fam\u00edlia e amigos. Meu amor pela cozinha come\u00e7ou muito cedo e se desenvolveu ao longo dos anos, tornando-se uma paix\u00e3o que me permite expressar minha&hellip;&nbsp;Ler&hellip;","_links":{"self":[{"href":"https:\/\/cozinhadave.com\/nl\/wp-json\/wp\/v2\/pages\/141","targetHints":{"allow":["GET"]}}],"collection":[{"href":"https:\/\/cozinhadave.com\/nl\/wp-json\/wp\/v2\/pages"}],"about":[{"href":"https:\/\/cozinhadave.com\/nl\/wp-json\/wp\/v2\/types\/page"}],"author":[{"embeddable":true,"href":"https:\/\/cozinhadave.com\/nl\/wp-json\/wp\/v2\/users\/1"}],"replies":[{"embeddable":true,"href":"https:\/\/cozinhadave.com\/nl\/wp-json\/wp\/v2\/comments?post=141"}],"version-history":[{"count":0,"href":"https:\/\/cozinhadave.com\/nl\/wp-json\/wp\/v2\/pages\/141\/revisions"}],"wp:attachment":[{"href":"https:\/\/cozinhadave.com\/nl\/wp-json\/wp\/v2\/media?parent=141"}],"curies":[{"name":"wp","href":"https:\/\/api.w.org\/{rel}","templated":true}]}}