{"id":2520,"date":"2020-06-10T10:34:00","date_gmt":"2020-06-10T10:34:00","guid":{"rendered":"http:\/\/cozinhadave.com\/?page_id=2520"},"modified":"2024-05-17T07:50:21","modified_gmt":"2024-05-17T07:50:21","slug":"politique-de-confidentialite","status":"publish","type":"page","link":"https:\/\/cozinhadave.com\/fr\/politique-de-confidentialite\/","title":{"rendered":"Politique de confidentialit\u00e9"},"content":{"rendered":"<section class=\"wp-block-uagb-columns uagb-columns__wrap uagb-columns__stack-mobile uagb-columns__valign- uagb-columns__gap-10 align uagb-block-9e81a303 uagb-columns__columns-3 uagb-columns__max_width-theme\"><div class=\"uagb-columns__overlay\"><\/div><div class=\"uagb-columns__inner-wrap uagb-columns__columns-3\">\n<div class=\"wp-block-uagb-column uagb-column__wrap uagb-column__background-undefined uagb-block-2b0d5ede\"><div class=\"uagb-column__overlay\"><\/div><\/div>\n\n\n\n<div class=\"wp-block-uagb-column uagb-column__wrap uagb-column__background-undefined uagb-block-1ed71411\"><div class=\"uagb-column__overlay\"><\/div>\n<h2 class=\"wp-block-heading has-text-align-center\">POLITIQUE DE CONFIDENTIALIT\u00c9<\/h2>\n\n\n\n<p>Votre vie priv\u00e9e est importante pour nous. La politique de Cozinha da V\u00ea est de respecter votre vie priv\u00e9e en ce qui concerne toute information que nous pouvons recueillir aupr\u00e8s de vous sur le site Web. <a href=\"http:\/\/wordpress-499621-1581616.cloudwaysapps.com\" target=\"_blank\" rel=\"noopener\">La cuisine de Ve<\/a>, et d&#039;autres sites Web que nous poss\u00e9dons et exploitons.<\/p>\n\n\n\n<p>Nous ne demandons des informations personnelles que lorsque nous en avons vraiment besoin pour vous fournir un service. Nous le faisons par des moyens justes et licites, avec votre connaissance et votre consentement. Nous vous expliquons \u00e9galement pourquoi nous le collectons et comment il sera utilis\u00e9.<\/p>\n\n\n\n<p>Nous ne conservons les informations collect\u00e9es que le temps n\u00e9cessaire pour fournir le service demand\u00e9. Lorsque nous stockons des donn\u00e9es, nous les prot\u00e9geons par des moyens commercialement acceptables pour pr\u00e9venir la perte et le vol, ainsi que l&#039;acc\u00e8s, la divulgation, la copie, l&#039;utilisation ou la modification non autoris\u00e9s.<\/p>\n\n\n\n<p>Nous ne partageons pas d&#039;informations personnellement identifiables publiquement ou avec des tiers, sauf si la loi l&#039;exige.<\/p>\n\n\n\n<p>Notre site Web peut contenir des liens vers des sites Web externes qui ne sont pas exploit\u00e9s par nous. Veuillez noter que nous n&#039;avons aucun contr\u00f4le sur le contenu et les pratiques de ces sites et ne pouvons accepter la responsabilit\u00e9 de leurs <a href=\"https:\/\/politicaprivacidade.com\" target=\"_BLANK\" rel=\"noopener\">Les politiques de confidentialit\u00e9<\/a>.<\/p>\n\n\n\n<p>Vous \u00eates libre de refuser notre demande d&#039;informations personnelles, \u00e9tant entendu que nous ne pourrons peut-\u00eatre pas vous fournir certains des services dont vous avez besoin.<\/p>\n\n\n\n<p>Votre utilisation continue de notre site Web sera consid\u00e9r\u00e9e comme une acceptation de nos pratiques en mati\u00e8re de confidentialit\u00e9 et d&#039;informations personnelles. Si vous avez des questions sur la mani\u00e8re dont nous traitons les donn\u00e9es des utilisateurs et les informations personnelles, veuillez nous contacter.<\/p>\n\n\n\n<h2 class=\"wp-block-heading\">Politique relative aux cookies Cozinha da V\u00ea<\/h2>\n\n\n\n<h3 class=\"wp-block-heading\">Que sont les cookies ?<\/h3>\n\n\n\n<p>Comme c&#039;est la pratique courante avec presque tous les sites Web professionnels, ce site utilise des cookies, qui sont de petits fichiers t\u00e9l\u00e9charg\u00e9s sur votre ordinateur, pour am\u00e9liorer votre exp\u00e9rience. Cette page d\u00e9crit les informations qu&#039;ils collectent, comment nous les utilisons et pourquoi nous avons parfois besoin de stocker ces cookies. Nous partagerons \u00e9galement comment vous pouvez emp\u00eacher le stockage de ces cookies, mais cela peut d\u00e9grader ou &quot;casser&quot; certains \u00e9l\u00e9ments de la fonctionnalit\u00e9 du site Web.<\/p>\n\n\n\n<h3 class=\"wp-block-heading\">Comment utilisons-nous les cookies ?<\/h3>\n\n\n\n<p>Nous utilisons des cookies pour diverses raisons, d\u00e9taill\u00e9es ci-dessous. Malheureusement, dans la plupart des cas, il n&#039;existe pas d&#039;options standard de l&#039;industrie pour d\u00e9sactiver les cookies sans d\u00e9sactiver compl\u00e8tement les fonctionnalit\u00e9s et fonctionnalit\u00e9s qu&#039;ils ajoutent \u00e0 ce site. Il est recommand\u00e9 de laisser tous les cookies si vous n&#039;\u00eates pas s\u00fbr d&#039;en avoir besoin ou non s&#039;ils sont utilis\u00e9s pour fournir un service que vous utilisez.<\/p>\n\n\n\n<h3 class=\"wp-block-heading\">d\u00e9sactiver les cookies<\/h3>\n\n\n\n<p>Vous pouvez emp\u00eacher l&#039;installation de cookies en ajustant les param\u00e8tres de votre navigateur (consultez l&#039;aide de votre navigateur pour savoir comment proc\u00e9der). Veuillez noter que la d\u00e9sactivation des cookies affectera la fonctionnalit\u00e9 de ce site et de nombreux autres sites Web que vous visitez. La d\u00e9sactivation des cookies entra\u00eenera g\u00e9n\u00e9ralement la d\u00e9sactivation de certaines fonctionnalit\u00e9s et caract\u00e9ristiques de ce site Web. Par cons\u00e9quent, il est recommand\u00e9 de ne pas d\u00e9sactiver les cookies.<\/p>\n\n\n\n<h3 class=\"wp-block-heading\">Cookies que nous installons<\/h3>\n\n\n\n<ul class=\"wp-block-list\">\n<li>Cookies li\u00e9s au compte <p>Si vous cr\u00e9ez un compte chez nous, nous utiliserons des cookies pour g\u00e9rer le processus d&#039;inscription et l&#039;administration g\u00e9n\u00e9rale. Ces cookies sont g\u00e9n\u00e9ralement supprim\u00e9s lorsque vous vous d\u00e9connectez du syst\u00e8me, mais dans certains cas, ils peuvent rester par la suite pour m\u00e9moriser vos pr\u00e9f\u00e9rences de site Web lorsque vous vous d\u00e9connectez.<\/p> <\/li>\n\n\n\n<li>Cookies li\u00e9s \u00e0 la connexion <p>Nous utilisons des cookies lorsque vous \u00eates connect\u00e9 afin que nous puissions nous souvenir de cette action. Cela vous \u00e9vite d&#039;avoir \u00e0 vous connecter \u00e0 chaque fois que vous visitez une nouvelle page. Ces cookies sont normalement supprim\u00e9s ou effac\u00e9s lorsque vous vous d\u00e9connectez pour vous assurer que vous ne pouvez acc\u00e9der qu&#039;aux fonctionnalit\u00e9s et zones restreintes lorsque vous vous connectez.<\/p> <\/li>\n\n\n\n<li>Cookies li\u00e9s aux newsletters par e-mail <p>Ce site Web propose des services d&#039;abonnement \u00e0 des newsletters ou \u00e0 des e-mails et des cookies peuvent \u00eatre utilis\u00e9s pour se rappeler si vous \u00eates d\u00e9j\u00e0 inscrit et s&#039;il faut afficher certaines notifications valables uniquement pour les utilisateurs abonn\u00e9s\/d\u00e9sabonn\u00e9s.<\/p> <\/li>\n\n\n\n<li>Commandes traitant les cookies associ\u00e9s <p>Ce site Web offre des facilit\u00e9s de commerce \u00e9lectronique ou de paiement et certains cookies sont essentiels pour garantir que votre commande est m\u00e9moris\u00e9e entre les pages afin que nous puissions la traiter correctement.<\/p> <\/li>\n\n\n\n<li>Cookies li\u00e9s aux sondages <p>De temps \u00e0 autre, nous proposons des sondages et des questionnaires pour vous fournir des informations int\u00e9ressantes, des outils utiles ou pour mieux comprendre notre base d&#039;utilisateurs. Ces enqu\u00eates peuvent utiliser des cookies pour se rappeler qui a d\u00e9j\u00e0 particip\u00e9 \u00e0 une enqu\u00eate ou pour fournir des r\u00e9sultats pr\u00e9cis apr\u00e8s avoir chang\u00e9 de page.<\/p> <\/li>\n\n\n\n<li>Cookies li\u00e9s aux formulaires <p>Lorsque vous soumettez des donn\u00e9es via un formulaire tel que ceux trouv\u00e9s sur les pages de contact ou les formulaires de commentaires, des cookies peuvent \u00eatre configur\u00e9s pour m\u00e9moriser les d\u00e9tails de l&#039;utilisateur pour une correspondance future.<\/p> <\/li>\n\n\n\n<li>Cookies de pr\u00e9f\u00e9rence de site <p>Pour vous offrir une excellente exp\u00e9rience sur ce site Web, nous fournissons la fonctionnalit\u00e9 permettant de d\u00e9finir vos pr\u00e9f\u00e9rences quant au fonctionnement de ce site Web lorsque vous l&#039;utilisez. Pour m\u00e9moriser vos pr\u00e9f\u00e9rences, nous devons d\u00e9finir des cookies afin que ces informations puissent \u00eatre appel\u00e9es chaque fois que vous interagissez avec une page affect\u00e9e par vos pr\u00e9f\u00e9rences.<\/p><\/li>\n<\/ul>\n\n\n\n<h3 class=\"wp-block-heading\">Cookies tiers<\/h3>\n\n\n\n<p>Dans certains cas particuliers, nous utilisons \u00e9galement des cookies fournis par des tiers de confiance. La section suivante d\u00e9taille les cookies tiers que vous pouvez rencontrer via ce site Web.<\/p>\n\n\n\n<ul class=\"wp-block-list\">\n<li>Ce site Web utilise Google Analytics, qui est l&#039;une des solutions d&#039;analyse les plus r\u00e9pandues et les plus fiables sur le Web, pour nous aider \u00e0 comprendre comment vous utilisez le site Web et comment nous pouvons am\u00e9liorer votre exp\u00e9rience. Ces cookies peuvent suivre des \u00e9l\u00e9ments tels que le temps que vous passez sur le site et les pages que vous visitez afin que nous puissions continuer \u00e0 produire un contenu attrayant.<\/li>\n<\/ul>\n\n\n\n<p>Pour plus d&#039;informations sur les cookies de Google Analytics, consultez la page officielle de Google Analytics.<\/p>\n\n\n\n<ul class=\"wp-block-list\">\n<li>Des analyses tierces sont utilis\u00e9es pour suivre et mesurer l&#039;utilisation de ce site Web afin que nous puissions continuer \u00e0 produire un contenu attrayant. Ces cookies peuvent suivre des \u00e9l\u00e9ments tels que le temps que vous passez sur le site Web ou les pages que vous visitez, ce qui nous aide \u00e0 comprendre comment nous pouvons am\u00e9liorer le site Web pour vous.<\/li>\n\n\n\n<li>De temps en temps, nous testons de nouvelles fonctionnalit\u00e9s et apportons des modifications subtiles \u00e0 l&#039;apparence du site. Lorsque nous testons encore de nouvelles fonctionnalit\u00e9s, ces cookies peuvent \u00eatre utilis\u00e9s pour vous garantir une exp\u00e9rience coh\u00e9rente sur le site, tout en comprenant les optimisations que nos utilisateurs appr\u00e9cient le plus.<\/li>\n\n\n\n<li>Lorsque nous vendons des produits, il est important pour nous de comprendre les statistiques sur le nombre de visiteurs de notre site Web qui ach\u00e8tent r\u00e9ellement, et c&#039;est donc le type de donn\u00e9es que ces cookies suivront. Ceci est important pour vous car cela signifie que nous pouvons faire des pr\u00e9visions commerciales pr\u00e9cises qui nous permettent d&#039;analyser nos co\u00fbts de publicit\u00e9 et de produit pour vous assurer d&#039;obtenir le meilleur prix possible.<\/li>\n\n\n\n<li>Le service Google AdSense que nous utilisons pour diffuser des annonces utilise un cookie DoubleClick pour diffuser des annonces plus pertinentes sur le Web et limiter le nombre de fois qu&#039;une annonce particuli\u00e8re vous est pr\u00e9sent\u00e9e.<br>Pour plus d&#039;informations sur AdSense, consultez la FAQ officielle sur la confidentialit\u00e9 d&#039;AdSense.<\/li>\n\n\n\n<li>Nous utilisons des publicit\u00e9s pour compenser les co\u00fbts de fonctionnement de ce site et pour financer les d\u00e9veloppements futurs. Les cookies de publicit\u00e9 comportementale utilis\u00e9s par ce site Web sont con\u00e7us pour garantir que vous fournissiez les publicit\u00e9s les plus pertinentes dans la mesure du possible, en suivant de mani\u00e8re anonyme vos int\u00e9r\u00eats et en pr\u00e9sentant des \u00e9l\u00e9ments similaires susceptibles de vous int\u00e9resser.<\/li>\n\n\n\n<li>Divers partenaires font de la publicit\u00e9 en notre nom et les cookies de suivi des affili\u00e9s nous permettent simplement de voir si nos clients ont acc\u00e9d\u00e9 au site via l&#039;un des sites Web de nos partenaires afin que nous puissions les cr\u00e9diter correctement et, le cas \u00e9ch\u00e9ant, permettre \u00e0 nos partenaires affili\u00e9s d&#039;offrir toute promotion qui pourrait vous fournir pour effectuer un achat.<\/li>\n<\/ul>\n\n\n\n<h3 class=\"wp-block-heading\">Plus d&#039;information<\/h3>\n\n\n\n<p>J&#039;esp\u00e8re que cela est clair et, comme mentionn\u00e9 pr\u00e9c\u00e9demment, s&#039;il y a quelque chose dont vous n&#039;\u00eates pas s\u00fbr d&#039;avoir besoin ou non, il est g\u00e9n\u00e9ralement plus s\u00fbr de laisser les cookies activ\u00e9s au cas o\u00f9 ils interagissent avec l&#039;une des fonctionnalit\u00e9s que vous utilisez sur notre site.<\/p>\n\n\n\n<p>Cette politique est effective \u00e0 partir de <strong>Janvier\/2020<\/strong>.<\/p>\n<\/div>\n\n\n\n<div class=\"wp-block-uagb-column uagb-column__wrap uagb-column__background-undefined uagb-block-d37ebb6e\"><div class=\"uagb-column__overlay\"><\/div><\/div>\n<\/div><\/section>","protected":false},"excerpt":{"rendered":"<p>POL\u00cdTICA DE PRIVACIDADE A sua privacidade \u00e9 importante para n\u00f3s. \u00c9 pol\u00edtica do Cozinha da V\u00ea respeitar a sua privacidade em rela\u00e7\u00e3o a qualquer informa\u00e7\u00e3o sua que possamos coletar no site Cozinha da V\u00ea, e outros sites que possu\u00edmos e operamos. Solicitamos informa\u00e7\u00f5es pessoais apenas quando realmente precisamos delas para lhe fornecer um servi\u00e7o. Fazemo-lo&hellip;&nbsp;<\/p>\n<div class=\"read-more-wrapper\"><a href=\"https:\/\/cozinhadave.com\/fr\/politique-de-confidentialite\/\" class=\"button button-secondary\" rel=\"bookmark\">Lire la suite \"<span class=\"screen-reader-text\">Politique de confidentialit\u00e9<\/span><\/a><\/div>","protected":false},"author":3,"featured_media":0,"parent":0,"menu_order":0,"comment_status":"closed","ping_status":"closed","template":"","meta":{"_uag_custom_page_level_css":"","wprm-recipe-roundup-name":"","wprm-recipe-roundup-description":"","neve_meta_sidebar":"","neve_meta_container":"","neve_meta_enable_content_width":"","neve_meta_content_width":0,"neve_meta_title_alignment":"","neve_meta_author_avatar":"","neve_post_elements_order":"","neve_meta_disable_header":"","neve_meta_disable_footer":"","neve_meta_disable_title":"","neve_meta_reading_time":"","footnotes":""},"class_list":["post-2520","page","type-page","status-publish","hentry"],"uagb_featured_image_src":{"full":false,"thumbnail":false,"medium":false,"medium_large":false,"large":false,"1536x1536":false,"2048x2048":false,"trp-custom-language-flag":false,"ultp_layout_landscape_large":false,"ultp_layout_landscape":false,"ultp_layout_portrait":false,"ultp_layout_square":false,"wprm-metadata-1_1":false,"wprm-metadata-4_3":false,"wprm-metadata-16_9":false,"neve-blog":false},"uagb_author_info":{"display_name":"Ver\u00f4nica Ribeiro","author_link":"https:\/\/cozinhadave.com\/fr\/author\/veronica-ribeiro\/"},"uagb_comment_info":0,"uagb_excerpt":"POL\u00cdTICA DE PRIVACIDADE A sua privacidade \u00e9 importante para n\u00f3s. \u00c9 pol\u00edtica do Cozinha da V\u00ea respeitar a sua privacidade em rela\u00e7\u00e3o a qualquer informa\u00e7\u00e3o sua que possamos coletar no site Cozinha da V\u00ea, e outros sites que possu\u00edmos e operamos. Solicitamos informa\u00e7\u00f5es pessoais apenas quando realmente precisamos delas para lhe fornecer um servi\u00e7o. Fazemo-lo&hellip;&nbsp;Ler\u2026","_links":{"self":[{"href":"https:\/\/cozinhadave.com\/fr\/wp-json\/wp\/v2\/pages\/2520","targetHints":{"allow":["GET"]}}],"collection":[{"href":"https:\/\/cozinhadave.com\/fr\/wp-json\/wp\/v2\/pages"}],"about":[{"href":"https:\/\/cozinhadave.com\/fr\/wp-json\/wp\/v2\/types\/page"}],"author":[{"embeddable":true,"href":"https:\/\/cozinhadave.com\/fr\/wp-json\/wp\/v2\/users\/3"}],"replies":[{"embeddable":true,"href":"https:\/\/cozinhadave.com\/fr\/wp-json\/wp\/v2\/comments?post=2520"}],"version-history":[{"count":0,"href":"https:\/\/cozinhadave.com\/fr\/wp-json\/wp\/v2\/pages\/2520\/revisions"}],"wp:attachment":[{"href":"https:\/\/cozinhadave.com\/fr\/wp-json\/wp\/v2\/media?parent=2520"}],"curies":[{"name":"wp","href":"https:\/\/api.w.org\/{rel}","templated":true}]}}