{"id":21193,"date":"2024-07-02T08:28:02","date_gmt":"2024-07-02T08:28:02","guid":{"rendered":"http:\/\/cozinhadave.com\/?page_id=21193"},"modified":"2024-07-02T10:15:45","modified_gmt":"2024-07-02T10:15:45","slug":"recettes","status":"publish","type":"page","link":"https:\/\/cozinhadave.com\/fr\/recettes\/","title":{"rendered":"RECETTES"},"content":{"rendered":"<div class=\"wp-block-uagb-advanced-heading uagb-block-ca604257\"><h2 class=\"uagb-heading-text\">RECETTES CULINAIRES<\/h2><p class=\"uagb-desc-text\">Consultez nos recettes de cuisine<\/p><\/div>\n\n\n\n<div class=\"wp-block-uagb-container uagb-block-26a8be47 alignfull uagb-is-root-container\"><div class=\"uagb-container-inner-blocks-wrap\">\n<div class=\"wp-block-uagb-container uagb-block-71bdc037\"><\/div>\n\n\n\n<div class=\"wp-block-uagb-container uagb-block-46bd2a80\">\n<p>Pas de tournure d'esprit, juste de la vraie nourriture. Parcourez des centaines de recettes faciles \u00e0 r\u00e9aliser \u00e0 partir d'ingr\u00e9dients simples et naturels. Elles plairont m\u00eame aux mangeurs les plus difficiles !&nbsp;<\/p>\n\n\n\n<p>Il comprend toutes sortes de recettes, en particulier celles de la cuisine luso-br\u00e9silienne. Ces recettes sont rigoureusement test\u00e9es, de sorte que vous obtiendrez toujours des r\u00e9sultats infaillibles, avec des photos et des vid\u00e9os \u00e9tape par \u00e9tape pour vous apporter tout le soutien n\u00e9cessaire.<\/p>\n\n\n<div  class=\"wp-block-ultimate-post-advanced-search ultp-block-f6cd4a\"><div class=\"ultp-block-wrapper\"><div class=\"ultp-search-container ultp-search-frontend\"  data-ajax=\"1\" data-gosearch=\"1\" data-enablenewtab=\"\" data-blockid=\"f6cd4a\" \n                    data-image=\"1\"  data-author= \"data-date=\"\"\" data-excerpt=\"1\" data-excerptlimit=\"25\" data-allresult=\"1\" data-catenable=\"\"  data-postno=\"3\"  data-noresultext=\"N\u00e3o foram encontrados resultados\"  data-viewmoretext=\"View More Results\"  data-popupposition=\"right\" data-searchposttype=\"\"><div class=\"ultp-searchform-content ultp-searchform-input1\"><div class=\"ultp-search-inputwrap\"> <input type=\"text\" value=\"\" class=\"ultp-searchres-input\"  placeholder=\"rechercher des recettes\"\/> <span class=\"ultp-search-clear\" data-blockid=\"f6cd4a\"><svg xmlns=\"http:\/\/www.w3.org\/2000\/svg\" fill=\"none\" viewbox=\"0 0 24 24\">\n  <path stroke=\"currentColor\" stroke-linecap=\"round\" stroke-width=\"1.5\" d=\"m6 6 6 6m0 0 6 6m-6-6 6-6m-6 6-6 6\"\/>\n<\/svg>\n<\/span> <\/div><div class=\"ultp-search-button\"><svg xmlns=\"http:\/\/www.w3.org\/2000\/svg\" fill=\"none\" viewbox=\"0 0 24 24\">\n  <path stroke=\"currentColor\" stroke-linecap=\"round\" stroke-linejoin=\"round\" stroke-width=\"1.5\" d=\"M11 19a8 8 0 1 0 0-16 8 8 0 0 0 0 16Zm10 2-4.35-4.35\"\/>\n<\/svg>\n<span class=\"ultp-search-button__text\"> Recherche <\/span><\/div><\/div><\/div><\/div><\/div><\/div>\n\n\n\n<div class=\"wp-block-uagb-container uagb-block-59e8365b\"><\/div>\n<\/div><\/div>\n\n\n\n<div class=\"wp-block-uagb-container uagb-block-bb890383 alignfull uagb-is-root-container\"><div class=\"uagb-container-inner-blocks-wrap\">\n<div class=\"wp-block-uagb-container uagb-block-07f24e17\"><\/div>\n\n\n\n<div class=\"wp-block-uagb-container uagb-block-894989ec\"><div  class=\"ultp-post-grid-block wp-block-ultimate-post-post-list-3 ultp-block-e931a7\"><div class=\"ultp-block-wrapper\"><div class=\"ultp-loading\"><div class=\"ultp-loading-blocks\" style=\"width:100%;height:100%;\"><div style=\"left: 0;top: 0;animation-delay:0s;\"><\/div><div style=\"left: 21px;top: 0;animation-delay:0.125s;\"><\/div><div style=\"left: 42px;top: 0;animation-delay:0.25s;\"><\/div><div style=\"left: 0;top: 21px;animation-delay:0.875s;\"><\/div><div style=\"left: 42px;top: 21px;animation-delay:0.375s;\"><\/div><div style=\"left: 0;top: 42px;animation-delay:0.75s;\"><\/div><div style=\"left: 42px;top: 42px;animation-delay:0.625s;\"><\/div><div style=\"left: 21px;top: 42px;animation-delay:0.5s;\"><\/div><\/div><\/div><div class=\"ultp-heading-filter\"><div class=\"ultp-heading-filter-in\"><div class=\"ultp-filter-navigation\"><div class=\"ultp-filter-wrap\" data-taxtype=\"category\" data-blockid=\"e931a7\" data-blockname=\"ultimate-post_post-list-3\" data-postid=\"21193\"data-selfpostid=\"yes\"><ul  data-name=\"More\"><li class=\"filter-item\"><a class=\"filter-active\" data-taxonomy=\"\" href=\"#\">TOUS<\/a><\/li><li class=\"filter-item\"><a data-taxonomy=\"bebidas\" href=\"#\">BOISSONS<\/a><\/li><li class=\"filter-item\"><a data-taxonomy=\"pratos-principais\" href=\"#\">PLATS PRINCIPAUX<\/a><\/li><li class=\"filter-item\"><a data-taxonomy=\"petiscos\" href=\"#\">SNACKS SAL\u00c9S<\/a><\/li><li class=\"filter-item\"><a data-taxonomy=\"doces-sobremesas\" href=\"#\">DESSERTS<\/a><\/li><li class=\"filter-item\"><a data-taxonomy=\"acompanhamentos\" href=\"#\">ACCOMPAGNEMENTS<\/a><\/li><li class=\"filter-item\"><a data-taxonomy=\"sopas\" href=\"#\">SOUPES<\/a><\/li><li class=\"filter-item\"><a data-taxonomy=\"saladas\" href=\"#\">SALADES<\/a><\/li><li class=\"filter-item\"><a data-taxonomy=\"molhos-cremes\" href=\"#\">SOULS<\/a><\/li><li class=\"filter-item\"><a data-taxonomy=\"massas\" href=\"#\">P\u00c2TEUX<\/a><\/li><li class=\"filter-item\"><a data-taxonomy=\"comidas-saudaveis\" href=\"#\">LA NOURRITURE SAINE<\/a><\/li><li class=\"filter-item\"><a data-taxonomy=\"low-carb\" href=\"#\">FAIBLE TENEUR EN GLUCIDES<\/a><\/li><\/ul><\/div><\/div><\/div><\/div><div class=\"ultp-block-items-wrap ultp-block-row ultp-block-column-1 ultp-block-content-middle ultp-layout1\"><div class=\"ultp-block-item ultp-block-media post-id-13112\"><div class=\"ultp-block-content-wrap\"><div class=\"ultp-block-image ultp-block-image-opacity\"><a href=\"https:\/\/cozinhadave.com\/fr\/comment-faire-de-la-soupe-de-maize-avec-du-frango\/\"><img decoding=\"async\"  alt=\"Comment faire une soupe de ma\u00efs avec du poulet\"  src=\"https:\/\/cozinhadave.com\/wp-content\/uploads\/2022\/08\/Como-fazer-sopa-de-milho-com-frango-2-600x600.webp\" \/><\/a><\/div><div class=\"ultp-block-content\"><div class=\"ultp-category-grid ultp-category-classic ultp-category-aboveTitle\"><div class=\"ultp-category-in\"><a class=\"ultp-cat-sopas\" href=\"https:\/\/cozinhadave.com\/fr\/categorie\/recettes\/soupes\/\">SOUPES<\/a><\/div><\/div><h3 class=\"ultp-block-title\"><a href=\"https:\/\/cozinhadave.com\/fr\/comment-faire-de-la-soupe-de-maize-avec-du-frango\/\">Comment faire une soupe de ma\u00efs avec du poulet<\/a><\/h3><div class=\"ultp-block-excerpt\"><p>Apprendre \u00e0 pr\u00e9parer une soupe de ma\u00efs au poulet pr\u00e9sente de grands avantages pour vous. Il s'agit en effet d'un repas rapide et facile \u00e0 pr\u00e9parer, qui est en outre tr\u00e8s complet. En effet, ses ingr\u00e9dients contiennent toute une s\u00e9rie de vitamines...<\/p>\n<\/div><div class=\"ultp-block-readmore\"><a aria-label=\"Comment faire une soupe de ma\u00efs avec du poulet\" href=\"https:\/\/cozinhadave.com\/fr\/comment-faire-de-la-soupe-de-maize-avec-du-frango\/\">En savoir plus<svg xmlns=\"http:\/\/www.w3.org\/2000\/svg\" fill=\"none\" viewbox=\"0 0 24 24\">\n  <path stroke=\"currentColor\" stroke-linecap=\"round\" stroke-linejoin=\"round\" stroke-width=\"1.5\" d=\"m12 20.5 8.5-8.5m0 0L12 3.5m8.5 8.5h-17\"\/>\n<\/svg>\n<\/a><\/div><\/div><\/div><\/div><div class=\"ultp-block-item ultp-block-media post-id-13368\"><div class=\"ultp-block-content-wrap\"><div class=\"ultp-block-image ultp-block-image-opacity\"><a href=\"https:\/\/cozinhadave.com\/fr\/soupe-de-chou-fleur\/\"><img decoding=\"async\"  alt=\"soupe au chou-fleur\"  src=\"https:\/\/cozinhadave.com\/wp-content\/uploads\/2022\/08\/sopa-de-couve-flor-2-1-600x600.webp\" \/><\/a><\/div><div class=\"ultp-block-content\"><div class=\"ultp-category-grid ultp-category-classic ultp-category-aboveTitle\"><div class=\"ultp-category-in\"><a class=\"ultp-cat-sopas\" href=\"https:\/\/cozinhadave.com\/fr\/categorie\/recettes\/soupes\/\">SOUPES<\/a><\/div><\/div><h3 class=\"ultp-block-title\"><a href=\"https:\/\/cozinhadave.com\/fr\/soupe-de-chou-fleur\/\">soupe au chou-fleur<\/a><\/h3><div class=\"ultp-block-excerpt\"><p>Se voc\u00ea quer uma receita super saud\u00e1vel, nutritiva e saborosa, ent\u00e3o a sopa de couve flor \u00e9 uma \u00f3tima escolha. Este \u00e9 um prato perfeito para pessoas que est\u00e3o de dieta, ou mesmo aos veganos. Al\u00e9m disso, trata-se de uma\u2026<\/p>\n<\/div><div class=\"ultp-block-readmore\"><a aria-label=\"soupe au chou-fleur\" href=\"https:\/\/cozinhadave.com\/fr\/soupe-de-chou-fleur\/\">En savoir plus<svg xmlns=\"http:\/\/www.w3.org\/2000\/svg\" fill=\"none\" viewbox=\"0 0 24 24\">\n  <path stroke=\"currentColor\" stroke-linecap=\"round\" stroke-linejoin=\"round\" stroke-width=\"1.5\" d=\"m12 20.5 8.5-8.5m0 0L12 3.5m8.5 8.5h-17\"\/>\n<\/svg>\n<\/a><\/div><\/div><\/div><\/div><div class=\"ultp-block-item ultp-block-media post-id-2625\"><div class=\"ultp-block-content-wrap\"><div class=\"ultp-block-image ultp-block-image-opacity\"><a href=\"https:\/\/cozinhadave.com\/fr\/pave-napolitain\/\"><img decoding=\"async\"  alt=\"Pav\u00e9 Napolitain\"  src=\"https:\/\/cozinhadave.com\/wp-content\/uploads\/2020\/06\/Pav\u00ea-Napolitano-R.jpg\" \/><\/a><\/div><div class=\"ultp-block-content\"><div class=\"ultp-category-grid ultp-category-classic ultp-category-aboveTitle\"><div class=\"ultp-category-in\"><a class=\"ultp-cat-doces-sobremesas\" href=\"https:\/\/cozinhadave.com\/fr\/categorie\/recettes\/desserts-sucres\/\">DESSERTS<\/a><\/div><\/div><h3 class=\"ultp-block-title\"><a href=\"https:\/\/cozinhadave.com\/fr\/pave-napolitain\/\">Pav\u00e9 Napolitain<\/a><\/h3><div class=\"ultp-block-excerpt\"><p>Bonjour mes ch\u00e9ris ! Aujourd'hui, je vais vous pr\u00e9parer un de ces desserts bien connus que tout le monde aime ! Il s'agit du c\u00e9l\u00e8bre pav\u00e9 napolitain, que tout le monde aime chez nous, parce que c'est un dessert tr\u00e8s cr\u00e9meux, mais surtout \u00e0 cause de la combinaison de diff\u00e9rentes saveurs qui...<\/p>\n<\/div><div class=\"ultp-block-readmore\"><a aria-label=\"Pav\u00e9 Napolitain\" href=\"https:\/\/cozinhadave.com\/fr\/pave-napolitain\/\">En savoir plus<svg xmlns=\"http:\/\/www.w3.org\/2000\/svg\" fill=\"none\" viewbox=\"0 0 24 24\">\n  <path stroke=\"currentColor\" stroke-linecap=\"round\" stroke-linejoin=\"round\" stroke-width=\"1.5\" d=\"m12 20.5 8.5-8.5m0 0L12 3.5m8.5 8.5h-17\"\/>\n<\/svg>\n<\/a><\/div><\/div><\/div><\/div><div class=\"ultp-block-item ultp-block-media post-id-15316\"><div class=\"ultp-block-content-wrap\"><div class=\"ultp-block-image ultp-block-image-opacity\"><a href=\"https:\/\/cozinhadave.com\/fr\/pudding-au-micro-ondes\/\"><img decoding=\"async\"  alt=\"pudding dans une tasse \u00e0 micro-ondes\"  src=\"https:\/\/cozinhadave.com\/wp-content\/uploads\/2023\/02\/pudim-na-caneca-de-microondas-600x600.jpg\" \/><\/a><\/div><div class=\"ultp-block-content\"><div class=\"ultp-category-grid ultp-category-classic ultp-category-aboveTitle\"><div class=\"ultp-category-in\"><a class=\"ultp-cat-truques-dicas\" href=\"https:\/\/cozinhadave.com\/fr\/categorie\/trucs-astuces\/\">TRUCS &amp; CONSEILS<\/a><a class=\"ultp-cat-doces-sobremesas\" href=\"https:\/\/cozinhadave.com\/fr\/categorie\/recettes\/desserts-sucres\/\">DESSERTS<\/a><\/div><\/div><h3 class=\"ultp-block-title\"><a href=\"https:\/\/cozinhadave.com\/fr\/pudding-au-micro-ondes\/\">Ma\u00eetrisez l&#039;art de faire du pudding au micro-ondes et impressionnez vos amis<\/a><\/h3><div class=\"ultp-block-excerpt\"><p>Avez-vous d\u00e9j\u00e0 souhait\u00e9 pr\u00e9parer un dessert qui impressionnerait vos amis et votre famille, mais sans avoir \u00e0 vous soucier de la cuisson ou de recettes compliqu\u00e9es ? Ne cherchez pas plus loin que ce d\u00e9licieux mug pudding au micro-ondes ! Tout...<\/p>\n<\/div><div class=\"ultp-block-readmore\"><a aria-label=\"Ma\u00eetrisez l&#039;art de faire du pudding au micro-ondes et impressionnez vos amis\" href=\"https:\/\/cozinhadave.com\/fr\/pudding-au-micro-ondes\/\">En savoir plus<svg xmlns=\"http:\/\/www.w3.org\/2000\/svg\" fill=\"none\" viewbox=\"0 0 24 24\">\n  <path stroke=\"currentColor\" stroke-linecap=\"round\" stroke-linejoin=\"round\" stroke-width=\"1.5\" d=\"m12 20.5 8.5-8.5m0 0L12 3.5m8.5 8.5h-17\"\/>\n<\/svg>\n<\/a><\/div><\/div><\/div><\/div><div class=\"ultp-block-item ultp-block-media post-id-2183\"><div class=\"ultp-block-content-wrap\"><div class=\"ultp-block-image ultp-block-image-opacity\"><a href=\"https:\/\/cozinhadave.com\/fr\/recette-de-cupcake-au-chocolat\/\"><img decoding=\"async\"  alt=\"Recette de cupcakes au chocolat\"  src=\"https:\/\/cozinhadave.com\/wp-content\/uploads\/2020\/04\/cupcakes-de-chocolate.jpg\" \/><\/a><\/div><div class=\"ultp-block-content\"><div class=\"ultp-category-grid ultp-category-classic ultp-category-aboveTitle\"><div class=\"ultp-category-in\"><a class=\"ultp-cat-doces-sobremesas\" href=\"https:\/\/cozinhadave.com\/fr\/categorie\/recettes\/desserts-sucres\/\">DESSERTS<\/a><\/div><\/div><h3 class=\"ultp-block-title\"><a href=\"https:\/\/cozinhadave.com\/fr\/recette-de-cupcake-au-chocolat\/\">Recette de cupcakes au chocolat<\/a><\/h3><div class=\"ultp-block-excerpt\"><p>Le cupcake, une recette am\u00e9ricaine qui a apport\u00e9 praticit\u00e9, \u00e9conomie et beaucoup de saveur au monde du g\u00e2teau, ne cesse de se r\u00e9inventer, m\u00eame si le cupcake au chocolat reste le pr\u00e9f\u00e9r\u00e9. Aujourd'hui, je vais donc vous montrer comment pr\u00e9parer ce d\u00e9licieux...<\/p>\n<\/div><div class=\"ultp-block-readmore\"><a aria-label=\"Recette de cupcakes au chocolat\" href=\"https:\/\/cozinhadave.com\/fr\/recette-de-cupcake-au-chocolat\/\">En savoir plus<svg xmlns=\"http:\/\/www.w3.org\/2000\/svg\" fill=\"none\" viewbox=\"0 0 24 24\">\n  <path stroke=\"currentColor\" stroke-linecap=\"round\" stroke-linejoin=\"round\" stroke-width=\"1.5\" d=\"m12 20.5 8.5-8.5m0 0L12 3.5m8.5 8.5h-17\"\/>\n<\/svg>\n<\/a><\/div><\/div><\/div><\/div><div class=\"ultp-block-item ultp-block-media post-id-4294\"><div class=\"ultp-block-content-wrap\"><div class=\"ultp-block-image ultp-block-image-opacity\"><a href=\"https:\/\/cozinhadave.com\/fr\/salade-de-poulet-a-faible-teneur-en-glucides\/\"><img decoding=\"async\"  alt=\"salade de poulet \u00e0 faible teneur en glucides\"  src=\"https:\/\/cozinhadave.com\/wp-content\/uploads\/2020\/11\/Salada-de-frango-saudavel.png\" \/><\/a><\/div><div class=\"ultp-block-content\"><div class=\"ultp-category-grid ultp-category-classic ultp-category-aboveTitle\"><div class=\"ultp-category-in\"><a class=\"ultp-cat-comidas-saudaveis\" href=\"https:\/\/cozinhadave.com\/fr\/categorie\/recettes\/nourriture-saine\/\">LA NOURRITURE SAINE<\/a><a class=\"ultp-cat-saladas\" href=\"https:\/\/cozinhadave.com\/fr\/categorie\/recettes\/salades\/\">SALADES<\/a><\/div><\/div><h3 class=\"ultp-block-title\"><a href=\"https:\/\/cozinhadave.com\/fr\/salade-de-poulet-a-faible-teneur-en-glucides\/\">Salade de poulet \u00e0 faible teneur en glucides<\/a><\/h3><div class=\"ultp-block-excerpt\"><p>Si vous voulez manger prudemment, sainement et de fa\u00e7on \u00e9quilibr\u00e9e, ne manquez pas cette d\u00e9licieuse recette de salade de poulet \u00e0 l'ananas \u00e0 faible teneur en glucides ! Recette de salade de poulet \u00e0 l'ananas \u00e0 faible teneur en glucides Cet article peut contenir des liens d'affiliation, consultez-les...<\/p>\n<\/div><div class=\"ultp-block-readmore\"><a aria-label=\"Salade de poulet \u00e0 faible teneur en glucides\" href=\"https:\/\/cozinhadave.com\/fr\/salade-de-poulet-a-faible-teneur-en-glucides\/\">En savoir plus<svg xmlns=\"http:\/\/www.w3.org\/2000\/svg\" fill=\"none\" viewbox=\"0 0 24 24\">\n  <path stroke=\"currentColor\" stroke-linecap=\"round\" stroke-linejoin=\"round\" stroke-width=\"1.5\" d=\"m12 20.5 8.5-8.5m0 0L12 3.5m8.5 8.5h-17\"\/>\n<\/svg>\n<\/a><\/div><\/div><\/div><\/div><div class=\"ultp-block-item ultp-block-media post-id-3603\"><div class=\"ultp-block-content-wrap\"><div class=\"ultp-block-image ultp-block-image-opacity\"><a href=\"https:\/\/cozinhadave.com\/fr\/recette-de-la-creme-du-ciel\/\"><img decoding=\"async\"  alt=\"Apprenez \u00e0 faire la recette des Natas do C\u00e9u\"  src=\"https:\/\/cozinhadave.com\/wp-content\/uploads\/2020\/09\/Natas-do-ceu-blog.jpg\" \/><\/a><\/div><div class=\"ultp-block-content\"><div class=\"ultp-category-grid ultp-category-classic ultp-category-aboveTitle\"><div class=\"ultp-category-in\"><a class=\"ultp-cat-doces-sobremesas\" href=\"https:\/\/cozinhadave.com\/fr\/categorie\/recettes\/desserts-sucres\/\">DESSERTS<\/a><\/div><\/div><h3 class=\"ultp-block-title\"><a href=\"https:\/\/cozinhadave.com\/fr\/recette-de-la-creme-du-ciel\/\">Apprenez \u00e0 faire la recette des Natas do C\u00e9u<\/a><\/h3><div class=\"ultp-block-excerpt\"><p>Vous aimez les desserts qui fondent dans la bouche ? Aujourd'hui, tu vas d\u00e9couvrir la recette des natas do c\u00e9u, un merveilleux dessert portugais. Venez la d\u00e9couvrir ! Recette de la cr\u00e8me du paradis Aujourd'hui, j'ai d\u00e9cid\u00e9 de vous montrer...<\/p>\n<\/div><div class=\"ultp-block-readmore\"><a aria-label=\"Apprenez \u00e0 faire la recette des Natas do C\u00e9u\" href=\"https:\/\/cozinhadave.com\/fr\/recette-de-la-creme-du-ciel\/\">En savoir plus<svg xmlns=\"http:\/\/www.w3.org\/2000\/svg\" fill=\"none\" viewbox=\"0 0 24 24\">\n  <path stroke=\"currentColor\" stroke-linecap=\"round\" stroke-linejoin=\"round\" stroke-width=\"1.5\" d=\"m12 20.5 8.5-8.5m0 0L12 3.5m8.5 8.5h-17\"\/>\n<\/svg>\n<\/a><\/div><\/div><\/div><\/div><div class=\"ultp-block-item ultp-block-media post-id-11695\"><div class=\"ultp-block-content-wrap\"><div class=\"ultp-block-image ultp-block-image-opacity\"><a href=\"https:\/\/cozinhadave.com\/fr\/salade-de-morue-au-palmier\/\"><img decoding=\"async\"  alt=\"Recette de Salade de morue aux coeurs de palmier\"  src=\"https:\/\/cozinhadave.com\/wp-content\/uploads\/2022\/05\/Salada-de-bacalhau-com-palmito-Blog.webp\" \/><\/a><\/div><div class=\"ultp-block-content\"><div class=\"ultp-category-grid ultp-category-classic ultp-category-aboveTitle\"><div class=\"ultp-category-in\"><a class=\"ultp-cat-saladas\" href=\"https:\/\/cozinhadave.com\/fr\/categorie\/recettes\/salades\/\">SALADES<\/a><\/div><\/div><h3 class=\"ultp-block-title\"><a href=\"https:\/\/cozinhadave.com\/fr\/salade-de-morue-au-palmier\/\">Salade de cabillaud aux coeurs de palmier<\/a><\/h3><div class=\"ultp-block-excerpt\"><p>Vous aimez les salades mais vous vous lassez des m\u00eames ingr\u00e9dients ? Pourquoi ne pas essayer cette salade de morue avec des c\u0153urs de palmier ? C'est une fa\u00e7on d\u00e9licieuse et unique de changer votre routine ! De plus, elle est saine et parfaite pour...<\/p>\n<\/div><div class=\"ultp-block-readmore\"><a aria-label=\"Salade de cabillaud aux coeurs de palmier\" href=\"https:\/\/cozinhadave.com\/fr\/salade-de-morue-au-palmier\/\">En savoir plus<svg xmlns=\"http:\/\/www.w3.org\/2000\/svg\" fill=\"none\" viewbox=\"0 0 24 24\">\n  <path stroke=\"currentColor\" stroke-linecap=\"round\" stroke-linejoin=\"round\" stroke-width=\"1.5\" d=\"m12 20.5 8.5-8.5m0 0L12 3.5m8.5 8.5h-17\"\/>\n<\/svg>\n<\/a><\/div><\/div><\/div><\/div><div class=\"ultp-block-item ultp-block-media post-id-3704\"><div class=\"ultp-block-content-wrap\"><div class=\"ultp-block-image ultp-block-image-opacity\"><a href=\"https:\/\/cozinhadave.com\/fr\/gateau-ananas-avec-creme-fouettee\/\"><img decoding=\"async\"  alt=\"g\u00e2teau \u00e0 l&#039;ananas avec chantilly\"  src=\"https:\/\/cozinhadave.com\/wp-content\/uploads\/2020\/09\/Bolo-de-abacaxi-com-chantilly-Bolog.jpg\" \/><\/a><\/div><div class=\"ultp-block-content\"><div class=\"ultp-category-grid ultp-category-classic ultp-category-aboveTitle\"><div class=\"ultp-category-in\"><a class=\"ultp-cat-doces-sobremesas\" href=\"https:\/\/cozinhadave.com\/fr\/categorie\/recettes\/desserts-sucres\/\">DESSERTS<\/a><\/div><\/div><h3 class=\"ultp-block-title\"><a href=\"https:\/\/cozinhadave.com\/fr\/gateau-ananas-avec-creme-fouettee\/\">G\u00e2teau \u00e0 l&#039;ananas avec chantilly<\/a><\/h3><div class=\"ultp-block-excerpt\"><p>Vous aimez l'ananas ? Et le g\u00e2teau ? Et si je vous disais qu'il existe un moyen de combiner les deux et d'en faire un dessert incroyable ? Eh bien, c'est le cas ! Ce g\u00e2teau \u00e0 l'ananas et \u00e0 la cr\u00e8me fouett\u00e9e plaira \u00e0 tout le monde. A...<\/p>\n<\/div><div class=\"ultp-block-readmore\"><a aria-label=\"G\u00e2teau \u00e0 l&#039;ananas avec chantilly\" href=\"https:\/\/cozinhadave.com\/fr\/gateau-ananas-avec-creme-fouettee\/\">En savoir plus<svg xmlns=\"http:\/\/www.w3.org\/2000\/svg\" fill=\"none\" viewbox=\"0 0 24 24\">\n  <path stroke=\"currentColor\" stroke-linecap=\"round\" stroke-linejoin=\"round\" stroke-width=\"1.5\" d=\"m12 20.5 8.5-8.5m0 0L12 3.5m8.5 8.5h-17\"\/>\n<\/svg>\n<\/a><\/div><\/div><\/div><\/div><div class=\"ultp-block-item ultp-block-media post-id-3119\"><div class=\"ultp-block-content-wrap\"><div class=\"ultp-block-image ultp-block-image-opacity\"><a href=\"https:\/\/cozinhadave.com\/fr\/recette-gateau-au-lait\/\"><img decoding=\"async\"  alt=\"Recette de g\u00e2teau au lait\"  src=\"https:\/\/cozinhadave.com\/wp-content\/uploads\/2020\/08\/receita-de-bolo-de-leite-1.jpg\" \/><\/a><\/div><div class=\"ultp-block-content\"><div class=\"ultp-category-grid ultp-category-classic ultp-category-aboveTitle\"><div class=\"ultp-category-in\"><a class=\"ultp-cat-doces-sobremesas\" href=\"https:\/\/cozinhadave.com\/fr\/categorie\/recettes\/desserts-sucres\/\">DESSERTS<\/a><\/div><\/div><h3 class=\"ultp-block-title\"><a href=\"https:\/\/cozinhadave.com\/fr\/recette-gateau-au-lait\/\">Recette de g\u00e2teau au lait<\/a><\/h3><div class=\"ultp-block-excerpt\"><p>J'ai vu beaucoup de recettes de g\u00e2teaux au lait et elles ont toutes l'air si bonnes ! Mais j'avais peur que ce soit trop compliqu\u00e9 ou que cela n\u00e9cessite des ingr\u00e9dients inhabituels. Apr\u00e8s avoir essay\u00e9 cette recette, je peux dire avec certitude que...<\/p>\n<\/div><div class=\"ultp-block-readmore\"><a aria-label=\"Recette de g\u00e2teau au lait\" href=\"https:\/\/cozinhadave.com\/fr\/recette-gateau-au-lait\/\">En savoir plus<svg xmlns=\"http:\/\/www.w3.org\/2000\/svg\" fill=\"none\" viewbox=\"0 0 24 24\">\n  <path stroke=\"currentColor\" stroke-linecap=\"round\" stroke-linejoin=\"round\" stroke-width=\"1.5\" d=\"m12 20.5 8.5-8.5m0 0L12 3.5m8.5 8.5h-17\"\/>\n<\/svg>\n<\/a><\/div><\/div><\/div><\/div><\/div><div class=\"ultp-loadmore\"><span class=\"ultp-loadmore-action\" tabindex=\"0\" role=\"button\" data-pages=\"21\" data-pagenum=\"1\"  data-expost=\"\" data-blockid=\"e931a7\" data-blockname=\"ultimate-post_post-list-3\" data-postid=\"21193\" data-selfpostid=\"yes\">Voir plus d'informations <span class=\"ultp-spin\"><svg xmlns=\"http:\/\/www.w3.org\/2000\/svg\" fill=\"none\" viewbox=\"0 0 24 24\">\n  <path stroke=\"currentColor\" stroke-linecap=\"round\" stroke-linejoin=\"round\" stroke-width=\"1.5\" d=\"M21 12a9 9 0 0 1-17 4.127M3 12a9 9 0 0 1 17-4.127M20 3v5h-5M4 21v-5h5\"\/>\n<\/svg>\n<\/span><\/span><\/div><\/div><div class=\"pagination-block-html\" aria-hidden=\"true\" style=\"display: none;\"><\/div><\/div><\/div>\n\n\n\n<div class=\"wp-block-uagb-container uagb-block-179d179f\"><\/div>\n<\/div><\/div>","protected":false},"excerpt":{"rendered":"<p>RECEITAS DE CULIN\u00c1RIA Confira as nossas receitas de culin\u00e1ria Sem rodeios; apenas comida verdadeira. Procure centenas de receitas f\u00e1ceis, utilizando ingredientes alimentares simples e reais. Ir\u00e3o agradar at\u00e9 aos mais exigentes dos comedores!&nbsp; Inclui op\u00e7\u00f5es de todo o tipos de receitas, sendo o foco na culin\u00e1ria luso-brasileira. Estas receitas s\u00e3o rigorosamente testadas, de modo a&hellip;&nbsp;<\/p>\n<div class=\"read-more-wrapper\"><a href=\"https:\/\/cozinhadave.com\/fr\/recettes\/\" class=\"button button-secondary\" rel=\"bookmark\">Lire la suite \"<span class=\"screen-reader-text\">RECETTES<\/span><\/a><\/div>","protected":false},"author":10,"featured_media":0,"parent":0,"menu_order":0,"comment_status":"closed","ping_status":"closed","template":"","meta":{"_uag_custom_page_level_css":"","wprm-recipe-roundup-name":"","wprm-recipe-roundup-description":"","neve_meta_sidebar":"","neve_meta_container":"","neve_meta_enable_content_width":"","neve_meta_content_width":0,"neve_meta_title_alignment":"","neve_meta_author_avatar":"","neve_post_elements_order":"","neve_meta_disable_header":"","neve_meta_disable_footer":"","neve_meta_disable_title":"","neve_meta_reading_time":"","footnotes":""},"class_list":["post-21193","page","type-page","status-publish","hentry"],"uagb_featured_image_src":{"full":false,"thumbnail":false,"medium":false,"medium_large":false,"large":false,"1536x1536":false,"2048x2048":false,"trp-custom-language-flag":false,"ultp_layout_landscape_large":false,"ultp_layout_landscape":false,"ultp_layout_portrait":false,"ultp_layout_square":false,"wprm-metadata-1_1":false,"wprm-metadata-4_3":false,"wprm-metadata-16_9":false,"neve-blog":false},"uagb_author_info":{"display_name":"Paulo RIbeiro","author_link":"https:\/\/cozinhadave.com\/fr\/author\/paulomiguelribeirogmail-com\/"},"uagb_comment_info":0,"uagb_excerpt":"RECEITAS DE CULIN\u00c1RIA Confira as nossas receitas de culin\u00e1ria Sem rodeios; apenas comida verdadeira. Procure centenas de receitas f\u00e1ceis, utilizando ingredientes alimentares simples e reais. Ir\u00e3o agradar at\u00e9 aos mais exigentes dos comedores!&nbsp; Inclui op\u00e7\u00f5es de todo o tipos de receitas, sendo o foco na culin\u00e1ria luso-brasileira. Estas receitas s\u00e3o rigorosamente testadas, de modo a&hellip;&nbsp;Ler\u2026","_links":{"self":[{"href":"https:\/\/cozinhadave.com\/fr\/wp-json\/wp\/v2\/pages\/21193","targetHints":{"allow":["GET"]}}],"collection":[{"href":"https:\/\/cozinhadave.com\/fr\/wp-json\/wp\/v2\/pages"}],"about":[{"href":"https:\/\/cozinhadave.com\/fr\/wp-json\/wp\/v2\/types\/page"}],"author":[{"embeddable":true,"href":"https:\/\/cozinhadave.com\/fr\/wp-json\/wp\/v2\/users\/10"}],"replies":[{"embeddable":true,"href":"https:\/\/cozinhadave.com\/fr\/wp-json\/wp\/v2\/comments?post=21193"}],"version-history":[{"count":0,"href":"https:\/\/cozinhadave.com\/fr\/wp-json\/wp\/v2\/pages\/21193\/revisions"}],"wp:attachment":[{"href":"https:\/\/cozinhadave.com\/fr\/wp-json\/wp\/v2\/media?parent=21193"}],"curies":[{"name":"wp","href":"https:\/\/api.w.org\/{rel}","templated":true}]}}