{"id":21098,"date":"2024-05-05T12:21:00","date_gmt":"2024-05-05T12:21:00","guid":{"rendered":"http:\/\/cozinhadave.com\/?page_id=21098"},"modified":"2024-05-05T12:30:53","modified_gmt":"2024-05-05T12:30:53","slug":"trucs-et-astuces","status":"publish","type":"page","link":"https:\/\/cozinhadave.com\/fr\/trucs-et-astuces\/","title":{"rendered":"TRUCS ET ASTUCES"},"content":{"rendered":"<div class=\"wp-block-uagb-advanced-heading uagb-block-ca604257\"><h2 class=\"uagb-heading-text\">TRUCS ET ASTUCES<\/h2><\/div>\n\n\n\n<div class=\"wp-block-uagb-container uagb-block-26a8be47 alignfull uagb-is-root-container\"><div class=\"uagb-container-inner-blocks-wrap\">\n<div class=\"wp-block-uagb-container uagb-block-71bdc037\"><\/div>\n\n\n\n<div class=\"wp-block-uagb-container uagb-block-46bd2a80\">\n<p>Aqui voc\u00ea vai encontrar uma variedade de truques e dicas valiosas aguardam aqueles que desejam embarcar na jornada de aprendizado culin\u00e1rio. <\/p>\n\n\n\n<p>Descubra segredos essenciais, desde t\u00e9cnicas eficientes para cortar legumes at\u00e9 sugest\u00f5es criativas para temperar pratos, tudo projetado para ajudar os iniciantes na arte da culin\u00e1ria a se sentirem confiantes e inspirados. <\/p>\n\n\n\n<p>Com orienta\u00e7\u00f5es claras e pr\u00e1ticas, esta p\u00e1gina \u00e9 um recurso essencial para quem busca aprimorar suas habilidades na cozinha e se aventurar em novas experi\u00eancias gastron\u00f4micas. <\/p>\n\n\n\n<p>Explore os artigos e d\u00ea os primeiros passos rumo a uma jornada deliciosa e repleta de descobertas culin\u00e1rias!<\/p>\n\n\n<div  class=\"wp-block-ultimate-post-advanced-search ultp-block-b0bbec\"><div class=\"ultp-block-wrapper\"><div class=\"ultp-search-container ultp-search-frontend\"  data-ajax=\"1\" data-gosearch=\"1\" data-enablenewtab=\"\" data-blockid=\"b0bbec\" \n                    data-image=\"1\"  data-author= \"data-date=\"\"\" data-excerpt=\"\" data-excerptlimit=\"25\" data-allresult=\"\" data-catenable=\"\"  data-postno=\"3\"  data-noresultext=\"N\u00e3o foram encontrados resultados\"   data-popupposition=\"right\" data-searchposttype=\"\"><div class=\"ultp-searchform-content ultp-searchform-input1\"><div class=\"ultp-search-inputwrap\"> <input type=\"text\" value=\"\" class=\"ultp-searchres-input\"  placeholder=\"Escreva aqui o que pretende procurar...\"\/> <span class=\"ultp-search-clear\" data-blockid=\"b0bbec\"><svg xmlns=\"http:\/\/www.w3.org\/2000\/svg\" fill=\"none\" viewbox=\"0 0 24 24\">\n  <path stroke=\"currentColor\" stroke-linecap=\"round\" stroke-width=\"1.5\" d=\"m6 6 6 6m0 0 6 6m-6-6 6-6m-6 6-6 6\"\/>\n<\/svg>\n<\/span> <\/div><div class=\"ultp-search-button\"><svg xmlns=\"http:\/\/www.w3.org\/2000\/svg\" fill=\"none\" viewbox=\"0 0 24 24\">\n  <path stroke=\"currentColor\" stroke-linecap=\"round\" stroke-linejoin=\"round\" stroke-width=\"1.5\" d=\"M11 19a8 8 0 1 0 0-16 8 8 0 0 0 0 16Zm10 2-4.35-4.35\"\/>\n<\/svg>\n<span class=\"ultp-search-button__text\"> Recherche <\/span><\/div><\/div><\/div><\/div><\/div><\/div>\n\n\n\n<div class=\"wp-block-uagb-container uagb-block-59e8365b\"><\/div>\n<\/div><\/div>\n\n\n\n<div class=\"nv-cv-m wp-block-uagb-container uagb-block-bb890383 alignfull uagb-is-root-container\"><div class=\"uagb-container-inner-blocks-wrap\">\n<div class=\"wp-block-uagb-container uagb-block-07f24e17\"><\/div>\n\n\n\n<div class=\"wp-block-uagb-container uagb-block-894989ec\"><div  class=\"ultp-post-grid-block wp-block-ultimate-post-post-list-3 ultp-block-462144\"><div class=\"ultp-block-wrapper\"><div class=\"ultp-loading\"><div class=\"ultp-loading-blocks\" style=\"width:100%;height:100%;\"><div style=\"left: 0;top: 0;animation-delay:0s;\"><\/div><div style=\"left: 21px;top: 0;animation-delay:0.125s;\"><\/div><div style=\"left: 42px;top: 0;animation-delay:0.25s;\"><\/div><div style=\"left: 0;top: 21px;animation-delay:0.875s;\"><\/div><div style=\"left: 42px;top: 21px;animation-delay:0.375s;\"><\/div><div style=\"left: 0;top: 42px;animation-delay:0.75s;\"><\/div><div style=\"left: 42px;top: 42px;animation-delay:0.625s;\"><\/div><div style=\"left: 21px;top: 42px;animation-delay:0.5s;\"><\/div><\/div><\/div><div class=\"ultp-heading-filter\"><div class=\"ultp-heading-filter-in\"><div class=\"ultp-filter-navigation\"><\/div><\/div><\/div><div class=\"ultp-block-items-wrap ultp-block-row ultp-block-column-1 ultp-block-content-middle ultp-layout1\"><div class=\"ultp-block-item ultp-block-media post-id-12768\"><div class=\"ultp-block-content-wrap\"><div class=\"ultp-block-image ultp-block-image-opacity\"><a href=\"https:\/\/cozinhadave.com\/fr\/cuisson-des-betteraves-au-micro-ondes\/\"><img decoding=\"async\"  alt=\"Comment faire cuire des betteraves au micro-ondes en seulement 10 minutes !\"  src=\"https:\/\/cozinhadave.com\/wp-content\/uploads\/2022\/08\/Como-cozinhar-beterraba-no-micro-ondas-em-apenas-10-minutos-3.webp\" \/><\/a><\/div><div class=\"ultp-block-content\"><div class=\"ultp-category-grid ultp-category-classic ultp-category-aboveTitle\"><div class=\"ultp-category-in\"><a class=\"ultp-cat-truques-dicas\" href=\"https:\/\/cozinhadave.com\/fr\/categorie\/trucs-astuces\/\">TRUCS &amp; CONSEILS<\/a><a class=\"ultp-cat-acompanhamentos\" href=\"https:\/\/cozinhadave.com\/fr\/categorie\/recettes\/plats-daccompagnement\/\">ACCOMPAGNEMENTS<\/a><\/div><\/div><h3 class=\"ultp-block-title\"><a href=\"https:\/\/cozinhadave.com\/fr\/cuisson-des-betteraves-au-micro-ondes\/\">Comment faire cuire des betteraves au micro-ondes en seulement 10 minutes !<\/a><\/h3><div class=\"ultp-block-excerpt\"><p>Comment cuire des betteraves au micro-ondes en seulement 10 minutes ! Si vous \u00eates comme moi, vous adorez la betterave, mais vous n'avez pas toujours envie de passer plus de 30 minutes \u00e0 la faire cuire dans une casserole classique. Aujourd'hui, je vais donc vous montrer comment cuire...<\/p>\n<\/div><div class=\"ultp-block-readmore\"><a aria-label=\"Comment faire cuire des betteraves au micro-ondes en seulement 10 minutes !\" href=\"https:\/\/cozinhadave.com\/fr\/cuisson-des-betteraves-au-micro-ondes\/\">En savoir plus<svg xmlns=\"http:\/\/www.w3.org\/2000\/svg\" fill=\"none\" viewbox=\"0 0 24 24\">\n  <path stroke=\"currentColor\" stroke-linecap=\"round\" stroke-linejoin=\"round\" stroke-width=\"1.5\" d=\"m12 20.5 8.5-8.5m0 0L12 3.5m8.5 8.5h-17\"\/>\n<\/svg>\n<\/a><\/div><\/div><\/div><\/div><div class=\"ultp-block-item ultp-block-media post-id-8981\"><div class=\"ultp-block-content-wrap\"><div class=\"ultp-block-image ultp-block-image-opacity\"><a href=\"https:\/\/cozinhadave.com\/fr\/10-erreurs-courantes-lors-de-la-preparation-d-une-recette\/\"><img decoding=\"async\"  alt=\"10 erreurs courantes lors de la pr\u00e9paration d&#039;une recette\"  src=\"https:\/\/cozinhadave.com\/wp-content\/uploads\/2022\/01\/10-Erros-comuns-quando-preparamos-uma-receita-2.webp\" \/><\/a><\/div><div class=\"ultp-block-content\"><div class=\"ultp-category-grid ultp-category-classic ultp-category-aboveTitle\"><div class=\"ultp-category-in\"><a class=\"ultp-cat-truques-dicas\" href=\"https:\/\/cozinhadave.com\/fr\/categorie\/trucs-astuces\/\">TRUCS &amp; CONSEILS<\/a><\/div><\/div><h3 class=\"ultp-block-title\"><a href=\"https:\/\/cozinhadave.com\/fr\/10-erreurs-courantes-lors-de-la-preparation-d-une-recette\/\">10 erreurs courantes lors de la pr\u00e9paration d&#039;une recette<\/a><\/h3><div class=\"ultp-block-excerpt\"><p>Avez-vous d\u00e9j\u00e0 pr\u00e9par\u00e9 un repas pour des amis et le r\u00e9sultat n'a pas \u00e9t\u00e9 \u00e0 la hauteur de vos esp\u00e9rances ? Si c'est le cas, d\u00e9couvrez les 10 erreurs les plus courantes lors de la pr\u00e9paration d'une recette. 10 erreurs courantes lors de la pr\u00e9paration d'une recette Que vous appreniez \u00e0 cuisiner ou que vous ayez d\u00e9j\u00e0...<\/p>\n<\/div><div class=\"ultp-block-readmore\"><a aria-label=\"10 erreurs courantes lors de la pr\u00e9paration d&#039;une recette\" href=\"https:\/\/cozinhadave.com\/fr\/10-erreurs-courantes-lors-de-la-preparation-d-une-recette\/\">En savoir plus<svg xmlns=\"http:\/\/www.w3.org\/2000\/svg\" fill=\"none\" viewbox=\"0 0 24 24\">\n  <path stroke=\"currentColor\" stroke-linecap=\"round\" stroke-linejoin=\"round\" stroke-width=\"1.5\" d=\"m12 20.5 8.5-8.5m0 0L12 3.5m8.5 8.5h-17\"\/>\n<\/svg>\n<\/a><\/div><\/div><\/div><\/div><div class=\"ultp-block-item ultp-block-media post-id-11607\"><div class=\"ultp-block-content-wrap\"><div class=\"ultp-block-image ultp-block-image-opacity\"><a href=\"https:\/\/cozinhadave.com\/fr\/comment-faire-cuire-un-oeuf-au-micro-ondes\/\"><img decoding=\"async\"  alt=\"comment faire cuire des oeufs au micro-onde\"  src=\"https:\/\/cozinhadave.com\/wp-content\/uploads\/2022\/04\/como-cozinhar-ovo-no-micro-ondas.jpg\" \/><\/a><\/div><div class=\"ultp-block-content\"><div class=\"ultp-category-grid ultp-category-classic ultp-category-aboveTitle\"><div class=\"ultp-category-in\"><a class=\"ultp-cat-truques-dicas\" href=\"https:\/\/cozinhadave.com\/fr\/categorie\/trucs-astuces\/\">TRUCS &amp; CONSEILS<\/a><a class=\"ultp-cat-acompanhamentos\" href=\"https:\/\/cozinhadave.com\/fr\/categorie\/recettes\/plats-daccompagnement\/\">ACCOMPAGNEMENTS<\/a><\/div><\/div><h3 class=\"ultp-block-title\"><a href=\"https:\/\/cozinhadave.com\/fr\/comment-faire-cuire-un-oeuf-au-micro-ondes\/\">Comment faire cuire des \u0153ufs au micro-ondes<\/a><\/h3><div class=\"ultp-block-excerpt\"><p>Vous cherchez un moyen rapide et sain de cuire des \u0153ufs au micro-ondes ? Vous \u00eates au bon endroit ! Dans cet article, nous allons partager avec nos lecteurs deux conseils exclusifs sur la fa\u00e7on de cuire des \u0153ufs au micro-ondes ! Comment cuire un \u0153uf au micro-ondes Dans l'article...<\/p>\n<\/div><div class=\"ultp-block-readmore\"><a aria-label=\"Comment faire cuire des \u0153ufs au micro-ondes\" href=\"https:\/\/cozinhadave.com\/fr\/comment-faire-cuire-un-oeuf-au-micro-ondes\/\">En savoir plus<svg xmlns=\"http:\/\/www.w3.org\/2000\/svg\" fill=\"none\" viewbox=\"0 0 24 24\">\n  <path stroke=\"currentColor\" stroke-linecap=\"round\" stroke-linejoin=\"round\" stroke-width=\"1.5\" d=\"m12 20.5 8.5-8.5m0 0L12 3.5m8.5 8.5h-17\"\/>\n<\/svg>\n<\/a><\/div><\/div><\/div><\/div><div class=\"ultp-block-item ultp-block-media post-id-15316\"><div class=\"ultp-block-content-wrap\"><div class=\"ultp-block-image ultp-block-image-opacity\"><a href=\"https:\/\/cozinhadave.com\/fr\/pudding-au-micro-ondes\/\"><img decoding=\"async\"  alt=\"pudding dans une tasse \u00e0 micro-ondes\"  src=\"https:\/\/cozinhadave.com\/wp-content\/uploads\/2023\/02\/pudim-na-caneca-de-microondas-600x600.jpg\" \/><\/a><\/div><div class=\"ultp-block-content\"><div class=\"ultp-category-grid ultp-category-classic ultp-category-aboveTitle\"><div class=\"ultp-category-in\"><a class=\"ultp-cat-truques-dicas\" href=\"https:\/\/cozinhadave.com\/fr\/categorie\/trucs-astuces\/\">TRUCS &amp; CONSEILS<\/a><a class=\"ultp-cat-doces-sobremesas\" href=\"https:\/\/cozinhadave.com\/fr\/categorie\/recettes\/desserts-sucres\/\">DESSERTS<\/a><\/div><\/div><h3 class=\"ultp-block-title\"><a href=\"https:\/\/cozinhadave.com\/fr\/pudding-au-micro-ondes\/\">Ma\u00eetrisez l&#039;art de faire du pudding au micro-ondes et impressionnez vos amis<\/a><\/h3><div class=\"ultp-block-excerpt\"><p>Avez-vous d\u00e9j\u00e0 souhait\u00e9 pr\u00e9parer un dessert qui impressionnerait vos amis et votre famille, mais sans avoir \u00e0 vous soucier de la cuisson ou de recettes compliqu\u00e9es ? Ne cherchez pas plus loin que ce d\u00e9licieux mug pudding au micro-ondes ! Tout...<\/p>\n<\/div><div class=\"ultp-block-readmore\"><a aria-label=\"Ma\u00eetrisez l&#039;art de faire du pudding au micro-ondes et impressionnez vos amis\" href=\"https:\/\/cozinhadave.com\/fr\/pudding-au-micro-ondes\/\">En savoir plus<svg xmlns=\"http:\/\/www.w3.org\/2000\/svg\" fill=\"none\" viewbox=\"0 0 24 24\">\n  <path stroke=\"currentColor\" stroke-linecap=\"round\" stroke-linejoin=\"round\" stroke-width=\"1.5\" d=\"m12 20.5 8.5-8.5m0 0L12 3.5m8.5 8.5h-17\"\/>\n<\/svg>\n<\/a><\/div><\/div><\/div><\/div><div class=\"ultp-block-item ultp-block-media post-id-15291\"><div class=\"ultp-block-content-wrap\"><div class=\"ultp-block-image ultp-block-image-opacity\"><a href=\"https:\/\/cozinhadave.com\/fr\/comment-faire-du-pop-corn-au-micro-ondes\/\"><img decoding=\"async\"  alt=\"Comment faire du pop-corn au micro-ondes en seulement 3 minutes !\"  src=\"https:\/\/cozinhadave.com\/wp-content\/uploads\/2023\/02\/pipoca-no-microondas-3-600x600.jpg\" \/><\/a><\/div><div class=\"ultp-block-content\"><div class=\"ultp-category-grid ultp-category-classic ultp-category-aboveTitle\"><div class=\"ultp-category-in\"><a class=\"ultp-cat-truques-dicas\" href=\"https:\/\/cozinhadave.com\/fr\/categorie\/trucs-astuces\/\">TRUCS &amp; CONSEILS<\/a><a class=\"ultp-cat-lanches\" href=\"https:\/\/cozinhadave.com\/fr\/categorie\/recettes\/lanches\/\">D\u00c9JEUNERS<\/a><\/div><\/div><h3 class=\"ultp-block-title\"><a href=\"https:\/\/cozinhadave.com\/fr\/comment-faire-du-pop-corn-au-micro-ondes\/\">Comment faire du pop-corn au micro-ondes en seulement 3 minutes !<\/a><\/h3><div class=\"ultp-block-excerpt\"><p>Bienvenue dans le monde d\u00e9licieux du pop-corn au micro-ondes ! Le pop-corn est un en-cas classique qui peut \u00eatre pr\u00e9par\u00e9 rapidement et facilement \u00e0 la maison. Et maintenant, gr\u00e2ce \u00e0 votre micro-ondes, vous pouvez pr\u00e9parer votre pop-corn en quelques minutes seulement.  Dans cette...<\/p>\n<\/div><div class=\"ultp-block-readmore\"><a aria-label=\"Comment faire du pop-corn au micro-ondes en seulement 3 minutes !\" href=\"https:\/\/cozinhadave.com\/fr\/comment-faire-du-pop-corn-au-micro-ondes\/\">En savoir plus<svg xmlns=\"http:\/\/www.w3.org\/2000\/svg\" fill=\"none\" viewbox=\"0 0 24 24\">\n  <path stroke=\"currentColor\" stroke-linecap=\"round\" stroke-linejoin=\"round\" stroke-width=\"1.5\" d=\"m12 20.5 8.5-8.5m0 0L12 3.5m8.5 8.5h-17\"\/>\n<\/svg>\n<\/a><\/div><\/div><\/div><\/div><div class=\"ultp-block-item ultp-block-media post-id-20839\"><div class=\"ultp-block-content-wrap\"><div class=\"ultp-block-image ultp-block-image-opacity\"><a href=\"https:\/\/cozinhadave.com\/fr\/como-fazer-cuscuz-no-microondas\/\"><img decoding=\"async\"  alt=\"comment faire cuire le couscous au micro-ondes\"  src=\"https:\/\/cozinhadave.com\/wp-content\/uploads\/2023\/11\/como-cozinhar-cuscuz-no-microondas-600x585.jpg\" \/><\/a><\/div><div class=\"ultp-block-content\"><div class=\"ultp-category-grid ultp-category-classic ultp-category-aboveTitle\"><div class=\"ultp-category-in\"><a class=\"ultp-cat-truques-dicas\" href=\"https:\/\/cozinhadave.com\/fr\/categorie\/trucs-astuces\/\">TRUCS &amp; CONSEILS<\/a><a class=\"ultp-cat-lanches\" href=\"https:\/\/cozinhadave.com\/fr\/categorie\/recettes\/lanches\/\">D\u00c9JEUNERS<\/a><\/div><\/div><h3 class=\"ultp-block-title\"><a href=\"https:\/\/cozinhadave.com\/fr\/como-fazer-cuscuz-no-microondas\/\">Comment faire du couscous au micro-ondes en seulement 3 minutes !<\/a><\/h3><div class=\"ultp-block-excerpt\"><p>Aujourd'hui, je vais partager avec vous une recette pratique et savoureuse pour pr\u00e9parer du couscous au micro-ondes. En plus de la recette traditionnelle, je vais vous montrer comment faire du couscous de ma\u00efs, du couscous de tapioca et du couscous de riz en utilisant simplement le micro-ondes. \u00c9...<\/p>\n<\/div><div class=\"ultp-block-readmore\"><a aria-label=\"Comment faire du couscous au micro-ondes en seulement 3 minutes !\" href=\"https:\/\/cozinhadave.com\/fr\/como-fazer-cuscuz-no-microondas\/\">En savoir plus<svg xmlns=\"http:\/\/www.w3.org\/2000\/svg\" fill=\"none\" viewbox=\"0 0 24 24\">\n  <path stroke=\"currentColor\" stroke-linecap=\"round\" stroke-linejoin=\"round\" stroke-width=\"1.5\" d=\"m12 20.5 8.5-8.5m0 0L12 3.5m8.5 8.5h-17\"\/>\n<\/svg>\n<\/a><\/div><\/div><\/div><\/div><div class=\"ultp-block-item ultp-block-media post-id-17940\"><div class=\"ultp-block-content-wrap\"><div class=\"ultp-block-image ultp-block-image-opacity\"><a href=\"https:\/\/cozinhadave.com\/fr\/como-fritar-batata-na-airfryer\/\"><img decoding=\"async\"  alt=\"Comment faire frire des pommes de terre dans la friteuse\"  src=\"https:\/\/cozinhadave.com\/wp-content\/uploads\/2023\/08\/Como-fritar-batata-na-airfryer-600x576.jpg\" \/><\/a><\/div><div class=\"ultp-block-content\"><div class=\"ultp-category-grid ultp-category-classic ultp-category-aboveTitle\"><div class=\"ultp-category-in\"><a class=\"ultp-cat-truques-dicas\" href=\"https:\/\/cozinhadave.com\/fr\/categorie\/trucs-astuces\/\">TRUCS &amp; CONSEILS<\/a><a class=\"ultp-cat-acompanhamentos\" href=\"https:\/\/cozinhadave.com\/fr\/categorie\/recettes\/plats-daccompagnement\/\">ACCOMPAGNEMENTS<\/a><\/div><\/div><h3 class=\"ultp-block-title\"><a href=\"https:\/\/cozinhadave.com\/fr\/como-fritar-batata-na-airfryer\/\">Comment faire frire des pommes de terre dans la friteuse : Conseils et \u00e9tapes pratiques !<\/a><\/h3><div class=\"ultp-block-excerpt\"><p>Bonjour, lecteur ! Si vous \u00eates fan de frites mais que vous ne voulez pas renoncer \u00e0 une alimentation saine, la friteuse Airfryer pourrait \u00eatre la solution ! Dans cet article, moi, un amoureux des frites, je partage avec vous des astuces et un...<\/p>\n<\/div><div class=\"ultp-block-readmore\"><a aria-label=\"Comment faire frire des pommes de terre dans la friteuse : Conseils et \u00e9tapes pratiques !\" href=\"https:\/\/cozinhadave.com\/fr\/como-fritar-batata-na-airfryer\/\">En savoir plus<svg xmlns=\"http:\/\/www.w3.org\/2000\/svg\" fill=\"none\" viewbox=\"0 0 24 24\">\n  <path stroke=\"currentColor\" stroke-linecap=\"round\" stroke-linejoin=\"round\" stroke-width=\"1.5\" d=\"m12 20.5 8.5-8.5m0 0L12 3.5m8.5 8.5h-17\"\/>\n<\/svg>\n<\/a><\/div><\/div><\/div><\/div><div class=\"ultp-block-item ultp-block-media post-id-15192\"><div class=\"ultp-block-content-wrap\"><div class=\"ultp-block-image ultp-block-image-opacity\"><a href=\"https:\/\/cozinhadave.com\/fr\/comment-cuire-des-patates-douces-au-micro-ondes\/\"><img decoding=\"async\"  alt=\"comment cuire les patates douces au micro-ondes\"  src=\"https:\/\/cozinhadave.com\/wp-content\/uploads\/2023\/02\/como-cozinhar-batata-doce-no-micro-ondas-2-600x600.jpg\" \/><\/a><\/div><div class=\"ultp-block-content\"><div class=\"ultp-category-grid ultp-category-classic ultp-category-aboveTitle\"><div class=\"ultp-category-in\"><a class=\"ultp-cat-truques-dicas\" href=\"https:\/\/cozinhadave.com\/fr\/categorie\/trucs-astuces\/\">TRUCS &amp; CONSEILS<\/a><a class=\"ultp-cat-acompanhamentos\" href=\"https:\/\/cozinhadave.com\/fr\/categorie\/recettes\/plats-daccompagnement\/\">ACCOMPAGNEMENTS<\/a><a class=\"ultp-cat-lanches\" href=\"https:\/\/cozinhadave.com\/fr\/categorie\/recettes\/lanches\/\">D\u00c9JEUNERS<\/a><\/div><\/div><h3 class=\"ultp-block-title\"><a href=\"https:\/\/cozinhadave.com\/fr\/comment-cuire-des-patates-douces-au-micro-ondes\/\">Comment faire cuire des patates douces au micro-ondes en moins de 5 minutes<\/a><\/h3><div class=\"ultp-block-excerpt\"><p>La patate douce est un aliment polyvalent et nutritif qui peut \u00eatre incorpor\u00e9 dans de nombreux plats. Cependant, sa cuisson peut prendre du temps et n\u00e9cessiter beaucoup d'efforts. Heureusement, il existe une solution rapide et facile pour les jours o\u00f9 vous...<\/p>\n<\/div><div class=\"ultp-block-readmore\"><a aria-label=\"Comment faire cuire des patates douces au micro-ondes en moins de 5 minutes\" href=\"https:\/\/cozinhadave.com\/fr\/comment-cuire-des-patates-douces-au-micro-ondes\/\">En savoir plus<svg xmlns=\"http:\/\/www.w3.org\/2000\/svg\" fill=\"none\" viewbox=\"0 0 24 24\">\n  <path stroke=\"currentColor\" stroke-linecap=\"round\" stroke-linejoin=\"round\" stroke-width=\"1.5\" d=\"m12 20.5 8.5-8.5m0 0L12 3.5m8.5 8.5h-17\"\/>\n<\/svg>\n<\/a><\/div><\/div><\/div><\/div><div class=\"ultp-block-item ultp-block-media post-id-12788\"><div class=\"ultp-block-content-wrap\"><div class=\"ultp-block-image ultp-block-image-opacity\"><a href=\"https:\/\/cozinhadave.com\/fr\/pommes-de-terre-au-micro-onde\/\"><img decoding=\"async\"  alt=\"Comment faire cuire des pommes de terre au micro-ondes\"  src=\"https:\/\/cozinhadave.com\/wp-content\/uploads\/2022\/08\/Como-fazer-batatas-cozidas-no-microondas.webp\" \/><\/a><\/div><div class=\"ultp-block-content\"><div class=\"ultp-category-grid ultp-category-classic ultp-category-aboveTitle\"><div class=\"ultp-category-in\"><a class=\"ultp-cat-truques-dicas\" href=\"https:\/\/cozinhadave.com\/fr\/categorie\/trucs-astuces\/\">TRUCS &amp; CONSEILS<\/a><a class=\"ultp-cat-acompanhamentos\" href=\"https:\/\/cozinhadave.com\/fr\/categorie\/recettes\/plats-daccompagnement\/\">ACCOMPAGNEMENTS<\/a><\/div><\/div><h3 class=\"ultp-block-title\"><a href=\"https:\/\/cozinhadave.com\/fr\/pommes-de-terre-au-micro-onde\/\">Comment faire des pommes de terre au micro-ondes rapidement et facilement<\/a><\/h3><div class=\"ultp-block-excerpt\"><p>Vous aimez les pommes de terre bouillies mais vous n&#039;avez pas le temps de les cuire \u00e0 la po\u00eale ? Ne vous inqui\u00e9tez pas, le micro-ondes est notre ami et va nous sauver ! Dans cet article, je vais vous montrer comment pr\u00e9parer des pommes de terre au four au micro-ondes rapidement et\u2026<\/p>\n<\/div><div class=\"ultp-block-readmore\"><a aria-label=\"Comment faire des pommes de terre au micro-ondes rapidement et facilement\" href=\"https:\/\/cozinhadave.com\/fr\/pommes-de-terre-au-micro-onde\/\">En savoir plus<svg xmlns=\"http:\/\/www.w3.org\/2000\/svg\" fill=\"none\" viewbox=\"0 0 24 24\">\n  <path stroke=\"currentColor\" stroke-linecap=\"round\" stroke-linejoin=\"round\" stroke-width=\"1.5\" d=\"m12 20.5 8.5-8.5m0 0L12 3.5m8.5 8.5h-17\"\/>\n<\/svg>\n<\/a><\/div><\/div><\/div><\/div><div class=\"ultp-block-item ultp-block-media post-id-13414\"><div class=\"ultp-block-content-wrap\"><div class=\"ultp-block-image ultp-block-image-opacity\"><a href=\"https:\/\/cozinhadave.com\/fr\/recette-de-chips-de-patate-douce-au-micro-ondes\/\"><img decoding=\"async\"  alt=\"Recette de chips de patates douces au micro-ondes\"  src=\"https:\/\/cozinhadave.com\/wp-content\/uploads\/2022\/08\/Receita-de-chips-de-batata-doce-no-microondas-2-600x600.webp\" \/><\/a><\/div><div class=\"ultp-block-content\"><div class=\"ultp-category-grid ultp-category-classic ultp-category-aboveTitle\"><div class=\"ultp-category-in\"><a class=\"ultp-cat-truques-dicas\" href=\"https:\/\/cozinhadave.com\/fr\/categorie\/trucs-astuces\/\">TRUCS &amp; CONSEILS<\/a><a class=\"ultp-cat-lanches\" href=\"https:\/\/cozinhadave.com\/fr\/categorie\/recettes\/lanches\/\">D\u00c9JEUNERS<\/a><\/div><\/div><h3 class=\"ultp-block-title\"><a href=\"https:\/\/cozinhadave.com\/fr\/recette-de-chips-de-patate-douce-au-micro-ondes\/\">Recette de chips de patates douces au micro-ondes\u00a0<\/a><\/h3><div class=\"ultp-block-excerpt\"><p>Recette de chips de patates douces au micro-ondes \u00cates-vous \u00e0 la recherche d&#039;une alternative saine aux collations que vous pouvez pr\u00e9parer au micro-ondes ? Les patates douces sont un excellent choix, et avec cette recette facile, vous pouvez avoir des chips\u2026<\/p>\n<\/div><div class=\"ultp-block-readmore\"><a aria-label=\"Recette de chips de patates douces au micro-ondes\u00a0\" href=\"https:\/\/cozinhadave.com\/fr\/recette-de-chips-de-patate-douce-au-micro-ondes\/\">En savoir plus<svg xmlns=\"http:\/\/www.w3.org\/2000\/svg\" fill=\"none\" viewbox=\"0 0 24 24\">\n  <path stroke=\"currentColor\" stroke-linecap=\"round\" stroke-linejoin=\"round\" stroke-width=\"1.5\" d=\"m12 20.5 8.5-8.5m0 0L12 3.5m8.5 8.5h-17\"\/>\n<\/svg>\n<\/a><\/div><\/div><\/div><\/div><\/div><div class=\"ultp-loadmore\"><span class=\"ultp-loadmore-action\" tabindex=\"0\" role=\"button\" data-pages=\"2\" data-pagenum=\"1\"  data-expost=\"\" data-blockid=\"462144\" data-blockname=\"ultimate-post_post-list-3\" data-postid=\"21098\" data-selfpostid=\"yes\">Voir plus d'informations <span class=\"ultp-spin\"><svg xmlns=\"http:\/\/www.w3.org\/2000\/svg\" fill=\"none\" viewbox=\"0 0 24 24\">\n  <path stroke=\"currentColor\" stroke-linecap=\"round\" stroke-linejoin=\"round\" stroke-width=\"1.5\" d=\"M21 12a9 9 0 0 1-17 4.127M3 12a9 9 0 0 1 17-4.127M20 3v5h-5M4 21v-5h5\"\/>\n<\/svg>\n<\/span><\/span><\/div><\/div><div class=\"pagination-block-html\" aria-hidden=\"true\" style=\"display: none;\"><\/div><\/div><\/div>\n\n\n\n<div class=\"wp-block-uagb-container uagb-block-179d179f\"><\/div>\n<\/div><\/div>","protected":false},"excerpt":{"rendered":"<p>TRUQUES E DICAS Aqui voc\u00ea vai encontrar uma variedade de truques e dicas valiosas aguardam aqueles que desejam embarcar na jornada de aprendizado culin\u00e1rio. Descubra segredos essenciais, desde t\u00e9cnicas eficientes para cortar legumes at\u00e9 sugest\u00f5es criativas para temperar pratos, tudo projetado para ajudar os iniciantes na arte da culin\u00e1ria a se sentirem confiantes e inspirados.&hellip;&nbsp;<\/p>\n<div class=\"read-more-wrapper\"><a href=\"https:\/\/cozinhadave.com\/fr\/trucs-et-astuces\/\" class=\"button button-secondary\" rel=\"bookmark\">Lire la suite \"<span class=\"screen-reader-text\">TRUCS ET ASTUCES<\/span><\/a><\/div>","protected":false},"author":10,"featured_media":0,"parent":0,"menu_order":0,"comment_status":"closed","ping_status":"closed","template":"","meta":{"_uag_custom_page_level_css":"","wprm-recipe-roundup-name":"","wprm-recipe-roundup-description":"","neve_meta_sidebar":"","neve_meta_container":"","neve_meta_enable_content_width":"","neve_meta_content_width":0,"neve_meta_title_alignment":"","neve_meta_author_avatar":"","neve_post_elements_order":"","neve_meta_disable_header":"","neve_meta_disable_footer":"","neve_meta_disable_title":"","neve_meta_reading_time":"","footnotes":""},"class_list":["post-21098","page","type-page","status-publish","hentry"],"uagb_featured_image_src":{"full":false,"thumbnail":false,"medium":false,"medium_large":false,"large":false,"1536x1536":false,"2048x2048":false,"trp-custom-language-flag":false,"ultp_layout_landscape_large":false,"ultp_layout_landscape":false,"ultp_layout_portrait":false,"ultp_layout_square":false,"wprm-metadata-1_1":false,"wprm-metadata-4_3":false,"wprm-metadata-16_9":false,"neve-blog":false},"uagb_author_info":{"display_name":"Paulo RIbeiro","author_link":"https:\/\/cozinhadave.com\/fr\/author\/paulomiguelribeirogmail-com\/"},"uagb_comment_info":0,"uagb_excerpt":"TRUQUES E DICAS Aqui voc\u00ea vai encontrar uma variedade de truques e dicas valiosas aguardam aqueles que desejam embarcar na jornada de aprendizado culin\u00e1rio. Descubra segredos essenciais, desde t\u00e9cnicas eficientes para cortar legumes at\u00e9 sugest\u00f5es criativas para temperar pratos, tudo projetado para ajudar os iniciantes na arte da culin\u00e1ria a se sentirem confiantes e inspirados.&hellip;&nbsp;Ler\u2026","_links":{"self":[{"href":"https:\/\/cozinhadave.com\/fr\/wp-json\/wp\/v2\/pages\/21098","targetHints":{"allow":["GET"]}}],"collection":[{"href":"https:\/\/cozinhadave.com\/fr\/wp-json\/wp\/v2\/pages"}],"about":[{"href":"https:\/\/cozinhadave.com\/fr\/wp-json\/wp\/v2\/types\/page"}],"author":[{"embeddable":true,"href":"https:\/\/cozinhadave.com\/fr\/wp-json\/wp\/v2\/users\/10"}],"replies":[{"embeddable":true,"href":"https:\/\/cozinhadave.com\/fr\/wp-json\/wp\/v2\/comments?post=21098"}],"version-history":[{"count":0,"href":"https:\/\/cozinhadave.com\/fr\/wp-json\/wp\/v2\/pages\/21098\/revisions"}],"wp:attachment":[{"href":"https:\/\/cozinhadave.com\/fr\/wp-json\/wp\/v2\/media?parent=21098"}],"curies":[{"name":"wp","href":"https:\/\/api.w.org\/{rel}","templated":true}]}}