{"id":21097,"date":"2024-05-05T12:10:30","date_gmt":"2024-05-05T12:10:30","guid":{"rendered":"http:\/\/cozinhadave.com\/?page_id=21097"},"modified":"2024-05-05T12:32:23","modified_gmt":"2024-05-05T12:32:23","slug":"curiosites","status":"publish","type":"page","link":"https:\/\/cozinhadave.com\/fr\/curiosites\/","title":{"rendered":"CURIOSIT\u00c9S"},"content":{"rendered":"<div class=\"wp-block-uagb-advanced-heading uagb-block-ca604257\"><h2 class=\"uagb-heading-text\">CURIOSIT\u00c9S<\/h2><\/div>\n\n\n\n<div class=\"wp-block-uagb-container uagb-block-26a8be47 alignfull uagb-is-root-container\"><div class=\"uagb-container-inner-blocks-wrap\">\n<div class=\"wp-block-uagb-container uagb-block-71bdc037\"><\/div>\n\n\n\n<div class=\"wp-block-uagb-container uagb-block-46bd2a80\">\n<p>Vous y trouverez une collection fascinante de curiosit\u00e9s intrigantes et surprenantes li\u00e9es au monde de la gastronomie. <\/p>\n\n\n\n<p>Qu'il s'agisse de faits historiques sur des plats embl\u00e9matiques ou de secrets peu connus sur des ingr\u00e9dients courants, chaque article est un voyage passionnant dans l'univers culinaire. <\/p>\n\n\n\n<p>Pr\u00e9parez-vous \u00e0 \u00eatre enchant\u00e9s et inspir\u00e9s par les curiosit\u00e9s qui r\u00e9v\u00e8lent les coulisses et les particularit\u00e9s des saveurs que nous aimons. <\/p>\n\n\n\n<p>Explorez notre s\u00e9lection d'articles et plongez dans un monde de d\u00e9couvertes culinaires qui piqueront votre curiosit\u00e9 et \u00e9largiront vos horizons en cuisine.<\/p>\n\n\n<div  class=\"wp-block-ultimate-post-advanced-search ultp-block-14786a\"><div class=\"ultp-block-wrapper\"><div class=\"ultp-search-container ultp-search-frontend\"  data-ajax=\"1\" data-gosearch=\"1\" data-enablenewtab=\"\" data-blockid=\"14786a\" \n                    data-image=\"1\"  data-author= \"data-date=\"\"\" data-excerpt=\"\" data-excerptlimit=\"25\" data-allresult=\"\" data-catenable=\"\"  data-postno=\"3\"  data-noresultext=\"N\u00e3o foram encontrados resultados\"   data-popupposition=\"right\" data-searchposttype=\"\"><div class=\"ultp-searchform-content ultp-searchform-input1\"><div class=\"ultp-search-inputwrap\"> <input type=\"text\" value=\"\" class=\"ultp-searchres-input\"  placeholder=\"\u00c9crivez ici ce que vous recherchez\"\/> <span class=\"ultp-search-clear\" data-blockid=\"14786a\"><svg xmlns=\"http:\/\/www.w3.org\/2000\/svg\" fill=\"none\" viewbox=\"0 0 24 24\">\n  <path stroke=\"currentColor\" stroke-linecap=\"round\" stroke-width=\"1.5\" d=\"m6 6 6 6m0 0 6 6m-6-6 6-6m-6 6-6 6\"\/>\n<\/svg>\n<\/span> <\/div><div class=\"ultp-search-button\"><svg xmlns=\"http:\/\/www.w3.org\/2000\/svg\" fill=\"none\" viewbox=\"0 0 24 24\">\n  <path stroke=\"currentColor\" stroke-linecap=\"round\" stroke-linejoin=\"round\" stroke-width=\"1.5\" d=\"M11 19a8 8 0 1 0 0-16 8 8 0 0 0 0 16Zm10 2-4.35-4.35\"\/>\n<\/svg>\n<span class=\"ultp-search-button__text\"> Recherche <\/span><\/div><\/div><\/div><\/div><\/div><\/div>\n\n\n\n<div class=\"wp-block-uagb-container uagb-block-59e8365b\"><\/div>\n<\/div><\/div>\n\n\n\n<div class=\"nv-cv-d nv-cv-m wp-block-uagb-container uagb-block-bb890383 alignfull uagb-is-root-container\"><div class=\"uagb-container-inner-blocks-wrap\">\n<div class=\"wp-block-uagb-container uagb-block-07f24e17\"><\/div>\n\n\n\n<div class=\"wp-block-uagb-container uagb-block-894989ec\"><div  class=\"ultp-post-grid-block wp-block-ultimate-post-post-list-3 ultp-block-90be0d\"><div class=\"ultp-block-wrapper\"><div class=\"ultp-loading\"><div class=\"ultp-loading-blocks\" style=\"width:100%;height:100%;\"><div style=\"left: 0;top: 0;animation-delay:0s;\"><\/div><div style=\"left: 21px;top: 0;animation-delay:0.125s;\"><\/div><div style=\"left: 42px;top: 0;animation-delay:0.25s;\"><\/div><div style=\"left: 0;top: 21px;animation-delay:0.875s;\"><\/div><div style=\"left: 42px;top: 21px;animation-delay:0.375s;\"><\/div><div style=\"left: 0;top: 42px;animation-delay:0.75s;\"><\/div><div style=\"left: 42px;top: 42px;animation-delay:0.625s;\"><\/div><div style=\"left: 21px;top: 42px;animation-delay:0.5s;\"><\/div><\/div><\/div><div class=\"ultp-heading-filter\"><div class=\"ultp-heading-filter-in\"><div class=\"ultp-filter-navigation\"><\/div><\/div><\/div><div class=\"ultp-block-items-wrap ultp-block-row ultp-block-column-1 ultp-block-content-middle ultp-layout1\"><div class=\"ultp-block-item ultp-block-media post-id-16019\"><div class=\"ultp-block-content-wrap\"><div class=\"ultp-block-image ultp-block-image-opacity\"><a href=\"https:\/\/cozinhadave.com\/fr\/o-que-nao-se-deve-cozinhar-no-micro-ondas\/\"><img decoding=\"async\"  alt=\"Ce qu&#039;il ne faut pas cuire au micro-ondes\"  src=\"https:\/\/cozinhadave.com\/wp-content\/uploads\/2023\/08\/O-que-nao-se-deve-cozinhar-no-micro-ondas-600x600.jpg\" \/><\/a><\/div><div class=\"ultp-block-content\"><div class=\"ultp-category-grid ultp-category-classic ultp-category-aboveTitle\"><div class=\"ultp-category-in\"><a class=\"ultp-cat-curiosidades\" href=\"https:\/\/cozinhadave.com\/fr\/categorie\/curiosites\/\">CURIOSIT\u00c9S<\/a><\/div><\/div><h3 class=\"ultp-block-title\"><a href=\"https:\/\/cozinhadave.com\/fr\/o-que-nao-se-deve-cozinhar-no-micro-ondas\/\">Qu&#039;est-ce qu&#039;il ne faut pas cuire au micro-ondes ?<\/a><\/h3><div class=\"ultp-block-excerpt\"><p>O que n\u00e3o se deve cozinhar no micro-ondas? Voc\u00ea j\u00e1 se perguntou se todo tipo de alimento pode ser cozido no micro-ondas? Eu tamb\u00e9m. Ent\u00e3o resolvi pesquisar a fundo e me surpreendi ao descobrir que existem, de fato,&nbsp;alimentos que n\u00e3o\u2026<\/p>\n<\/div><div class=\"ultp-block-readmore\"><a aria-label=\"Qu&#039;est-ce qu&#039;il ne faut pas cuire au micro-ondes ?\" href=\"https:\/\/cozinhadave.com\/fr\/o-que-nao-se-deve-cozinhar-no-micro-ondas\/\">En savoir plus<svg xmlns=\"http:\/\/www.w3.org\/2000\/svg\" fill=\"none\" viewbox=\"0 0 24 24\">\n  <path stroke=\"currentColor\" stroke-linecap=\"round\" stroke-linejoin=\"round\" stroke-width=\"1.5\" d=\"m12 20.5 8.5-8.5m0 0L12 3.5m8.5 8.5h-17\"\/>\n<\/svg>\n<\/a><\/div><\/div><\/div><\/div><div class=\"ultp-block-item ultp-block-media post-id-16446\"><div class=\"ultp-block-content-wrap\"><div class=\"ultp-block-image ultp-block-image-opacity\"><a href=\"https:\/\/cozinhadave.com\/fr\/pourquoi-le-micro-ondes-chauffe-t-il-la-plaque-et-non-les-aliments\/\"><img decoding=\"async\"  alt=\"Pourquoi le micro-ondes chauffe-t-il l&#039;assiette et non les aliments ?\"  src=\"https:\/\/cozinhadave.com\/wp-content\/uploads\/2023\/08\/image-3-600x600.png\" \/><\/a><\/div><div class=\"ultp-block-content\"><div class=\"ultp-category-grid ultp-category-classic ultp-category-aboveTitle\"><div class=\"ultp-category-in\"><a class=\"ultp-cat-curiosidades\" href=\"https:\/\/cozinhadave.com\/fr\/categorie\/curiosites\/\">CURIOSIT\u00c9S<\/a><\/div><\/div><h3 class=\"ultp-block-title\"><a href=\"https:\/\/cozinhadave.com\/fr\/pourquoi-le-micro-ondes-chauffe-t-il-la-plaque-et-non-les-aliments\/\">Pourquoi le micro-ondes chauffe-t-il l'assiette et non les aliments ?<\/a><\/h3><div class=\"ultp-block-excerpt\"><p>Porque o micro-ondas esquenta o prato e n\u00e3o a comida Voc\u00ea j\u00e1 se perguntou por que o microondas esquenta o prato e n\u00e3o a comida? Se sim, saiba que n\u00e3o est\u00e1 sozinho neste questionamento. Eu tamb\u00e9m j\u00e1 me fiz esta\u2026<\/p>\n<\/div><div class=\"ultp-block-readmore\"><a aria-label=\"Pourquoi le micro-ondes chauffe-t-il l&#039;assiette et non les aliments ?\" href=\"https:\/\/cozinhadave.com\/fr\/pourquoi-le-micro-ondes-chauffe-t-il-la-plaque-et-non-les-aliments\/\">En savoir plus<svg xmlns=\"http:\/\/www.w3.org\/2000\/svg\" fill=\"none\" viewbox=\"0 0 24 24\">\n  <path stroke=\"currentColor\" stroke-linecap=\"round\" stroke-linejoin=\"round\" stroke-width=\"1.5\" d=\"m12 20.5 8.5-8.5m0 0L12 3.5m8.5 8.5h-17\"\/>\n<\/svg>\n<\/a><\/div><\/div><\/div><\/div><div class=\"ultp-block-item ultp-block-media post-id-17445\"><div class=\"ultp-block-content-wrap\"><div class=\"ultp-block-image ultp-block-image-opacity\"><a href=\"https:\/\/cozinhadave.com\/fr\/posso-colocar-marmita-de-aluminio-na-airfryer\/\"><img decoding=\"async\"  alt=\"Puis-je mettre une bo\u00eete \u00e0 lunch en aluminium dans l&#039;airfryer ?\"  src=\"https:\/\/cozinhadave.com\/wp-content\/uploads\/2023\/09\/posso-colocar-marmita-de-aluminio-na-airfryer-1-600x585.jpg\" \/><\/a><\/div><div class=\"ultp-block-content\"><div class=\"ultp-category-grid ultp-category-classic ultp-category-aboveTitle\"><div class=\"ultp-category-in\"><a class=\"ultp-cat-curiosidades\" href=\"https:\/\/cozinhadave.com\/fr\/categorie\/curiosites\/\">CURIOSIT\u00c9S<\/a><\/div><\/div><h3 class=\"ultp-block-title\"><a href=\"https:\/\/cozinhadave.com\/fr\/posso-colocar-marmita-de-aluminio-na-airfryer\/\">Puis-je mettre des bo\u00eetes \u00e0 lunch en aluminium dans l'Airfryer ? D\u00e9couvrez-le ici !<\/a><\/h3><div class=\"ultp-block-excerpt\"><p>Ah, la friteuse ! Tous ceux qui en poss\u00e8dent un savent \u00e0 quel point il peut \u00eatre polyvalent dans la cuisine. Mais qu'en est-il des bo\u00eetes \u00e0 lunch en aluminium ? Peut-on les utiliser en toute s\u00e9curit\u00e9 dans le d\u00e9froisseur d'air ? Je sais que vous \u00eates curieux de conna\u00eetre la r\u00e9ponse. Et moi, en tant que...<\/p>\n<\/div><div class=\"ultp-block-readmore\"><a aria-label=\"Puis-je mettre des bo\u00eetes \u00e0 lunch en aluminium dans l&#039;Airfryer ? D\u00e9couvrez-le ici !\" href=\"https:\/\/cozinhadave.com\/fr\/posso-colocar-marmita-de-aluminio-na-airfryer\/\">En savoir plus<svg xmlns=\"http:\/\/www.w3.org\/2000\/svg\" fill=\"none\" viewbox=\"0 0 24 24\">\n  <path stroke=\"currentColor\" stroke-linecap=\"round\" stroke-linejoin=\"round\" stroke-width=\"1.5\" d=\"m12 20.5 8.5-8.5m0 0L12 3.5m8.5 8.5h-17\"\/>\n<\/svg>\n<\/a><\/div><\/div><\/div><\/div><div class=\"ultp-block-item ultp-block-media post-id-16388\"><div class=\"ultp-block-content-wrap\"><div class=\"ultp-block-image ultp-block-image-opacity\"><a href=\"https:\/\/cozinhadave.com\/fr\/como-saber-se-o-recipiente-pode-ir-no-micro-ondas\/\"><img decoding=\"async\"  alt=\"le r\u00e9cipient peut aller au micro-ondes\"  src=\"https:\/\/cozinhadave.com\/wp-content\/uploads\/2023\/09\/recipiente-pode-ir-no-micro-ondas-3-600x585.jpg\" \/><\/a><\/div><div class=\"ultp-block-content\"><div class=\"ultp-category-grid ultp-category-classic ultp-category-aboveTitle\"><div class=\"ultp-category-in\"><a class=\"ultp-cat-curiosidades\" href=\"https:\/\/cozinhadave.com\/fr\/categorie\/curiosites\/\">CURIOSIT\u00c9S<\/a><\/div><\/div><h3 class=\"ultp-block-title\"><a href=\"https:\/\/cozinhadave.com\/fr\/como-saber-se-o-recipiente-pode-ir-no-micro-ondas\/\">Comment savoir si le r\u00e9cipient peut aller au micro-ondes ?<\/a><\/h3><div class=\"ultp-block-excerpt\"><p>Ah, o micro-ondas! Esse eletrodom\u00e9stico que tanto facilita a nossa vida na hora de esquentar aquele almo\u00e7o ou jantar do dia anterior. Mas, aten\u00e7\u00e3o: nem todo recipiente pode ser utilizado no micro-ondas. Eu j\u00e1 soube de casos em que lou\u00e7as\u2026<\/p>\n<\/div><div class=\"ultp-block-readmore\"><a aria-label=\"Comment savoir si le r\u00e9cipient peut aller au micro-ondes ?\" href=\"https:\/\/cozinhadave.com\/fr\/como-saber-se-o-recipiente-pode-ir-no-micro-ondas\/\">En savoir plus<svg xmlns=\"http:\/\/www.w3.org\/2000\/svg\" fill=\"none\" viewbox=\"0 0 24 24\">\n  <path stroke=\"currentColor\" stroke-linecap=\"round\" stroke-linejoin=\"round\" stroke-width=\"1.5\" d=\"m12 20.5 8.5-8.5m0 0L12 3.5m8.5 8.5h-17\"\/>\n<\/svg>\n<\/a><\/div><\/div><\/div><\/div><div class=\"ultp-block-item ultp-block-media post-id-18657\"><div class=\"ultp-block-content-wrap\"><div class=\"ultp-block-image ultp-block-image-opacity\"><a href=\"https:\/\/cozinhadave.com\/fr\/fatos-interessantes-sobre-alimentos-afrodisiacos\/\"><img decoding=\"async\"  alt=\"Faits int\u00e9ressants sur les aliments aphrodisiaques\"  src=\"https:\/\/cozinhadave.com\/wp-content\/uploads\/2023\/08\/Fatos-interessantes-sobre-alimentos-afrodisiacos-600x600.jpg\" \/><\/a><\/div><div class=\"ultp-block-content\"><div class=\"ultp-category-grid ultp-category-classic ultp-category-aboveTitle\"><div class=\"ultp-category-in\"><a class=\"ultp-cat-curiosidades\" href=\"https:\/\/cozinhadave.com\/fr\/categorie\/curiosites\/\">CURIOSIT\u00c9S<\/a><\/div><\/div><h3 class=\"ultp-block-title\"><a href=\"https:\/\/cozinhadave.com\/fr\/fatos-interessantes-sobre-alimentos-afrodisiacos\/\">D\u00e9couvrez des faits int\u00e9ressants sur les aliments aphrodisiaques<\/a><\/h3><div class=\"ultp-block-excerpt\"><p>Voc\u00ea sabia que os alimentos afrodis\u00edacos t\u00eam uma longa hist\u00f3ria que remonta \u00e0 Gr\u00e9cia Antiga? Desde ent\u00e3o, muitos mitos e verdades surgiram sobre o assunto, o que o torna ainda mais interessante. Aqui, vamos compartilhar algumas curiosidades sobre alimentos afrodis\u00edacos,\u2026<\/p>\n<\/div><div class=\"ultp-block-readmore\"><a aria-label=\"D\u00e9couvrez des faits int\u00e9ressants sur les aliments aphrodisiaques\" href=\"https:\/\/cozinhadave.com\/fr\/fatos-interessantes-sobre-alimentos-afrodisiacos\/\">En savoir plus<svg xmlns=\"http:\/\/www.w3.org\/2000\/svg\" fill=\"none\" viewbox=\"0 0 24 24\">\n  <path stroke=\"currentColor\" stroke-linecap=\"round\" stroke-linejoin=\"round\" stroke-width=\"1.5\" d=\"m12 20.5 8.5-8.5m0 0L12 3.5m8.5 8.5h-17\"\/>\n<\/svg>\n<\/a><\/div><\/div><\/div><\/div><div class=\"ultp-block-item ultp-block-media post-id-20049\"><div class=\"ultp-block-content-wrap\"><div class=\"ultp-block-image ultp-block-image-opacity\"><a href=\"https:\/\/cozinhadave.com\/fr\/quest-ce-que-lananas-nain\/\"><img decoding=\"async\"  alt=\"Ananas nain\"  src=\"https:\/\/cozinhadave.com\/wp-content\/uploads\/2023\/09\/Abacaxi-anao-1-600x585.jpg\" \/><\/a><\/div><div class=\"ultp-block-content\"><div class=\"ultp-category-grid ultp-category-classic ultp-category-aboveTitle\"><div class=\"ultp-category-in\"><a class=\"ultp-cat-curiosidades\" href=\"https:\/\/cozinhadave.com\/fr\/categorie\/curiosites\/\">CURIOSIT\u00c9S<\/a><\/div><\/div><h3 class=\"ultp-block-title\"><a href=\"https:\/\/cozinhadave.com\/fr\/quest-ce-que-lananas-nain\/\">Percer le myst\u00e8re : qu'est-ce qu'un ananas nain ?<\/a><\/h3><div class=\"ultp-block-excerpt\"><p>Avez-vous d\u00e9j\u00e0 entendu parler de l'ananas nain ? Si ce n'est pas le cas, vous passez \u00e0 c\u00f4t\u00e9 d'une des merveilles de la nature ! L'ananas nain, comme son nom l'indique, est une vari\u00e9t\u00e9 d'ananas plus petite, mais tr\u00e8s savoureuse et facile \u00e0 cultiver. En savoir plus...<\/p>\n<\/div><div class=\"ultp-block-readmore\"><a aria-label=\"Percer le myst\u00e8re : qu&#039;est-ce qu&#039;un ananas nain ?\" href=\"https:\/\/cozinhadave.com\/fr\/quest-ce-que-lananas-nain\/\">En savoir plus<svg xmlns=\"http:\/\/www.w3.org\/2000\/svg\" fill=\"none\" viewbox=\"0 0 24 24\">\n  <path stroke=\"currentColor\" stroke-linecap=\"round\" stroke-linejoin=\"round\" stroke-width=\"1.5\" d=\"m12 20.5 8.5-8.5m0 0L12 3.5m8.5 8.5h-17\"\/>\n<\/svg>\n<\/a><\/div><\/div><\/div><\/div><div class=\"ultp-block-item ultp-block-media post-id-20591\"><div class=\"ultp-block-content-wrap\"><div class=\"ultp-block-image ultp-block-image-opacity\"><a href=\"https:\/\/cozinhadave.com\/fr\/como-descongelar-feijao\/\"><img decoding=\"async\"  alt=\"comment d\u00e9congeler des haricots\"  src=\"https:\/\/cozinhadave.com\/wp-content\/uploads\/2023\/09\/como-descongelar-feijao-600x600.jpg\" \/><\/a><\/div><div class=\"ultp-block-content\"><div class=\"ultp-category-grid ultp-category-classic ultp-category-aboveTitle\"><div class=\"ultp-category-in\"><a class=\"ultp-cat-curiosidades\" href=\"https:\/\/cozinhadave.com\/fr\/categorie\/curiosites\/\">CURIOSIT\u00c9S<\/a><\/div><\/div><h3 class=\"ultp-block-title\"><a href=\"https:\/\/cozinhadave.com\/fr\/como-descongelar-feijao\/\">Comment d\u00e9congeler des haricots : un guide pratique et amusant<\/a><\/h3><div class=\"ultp-block-excerpt\"><p>A praticidade do congelamento de feij\u00e3o Ol\u00e1 amigos! Eu sou uma entusiasta do congelamento de alimentos e hoje vou compartilhar com voc\u00eas sobre a praticidade de congelar feij\u00e3o. Afinal, quem n\u00e3o ama ter um prato delicioso de feij\u00e3o fresquinho para\u2026<\/p>\n<\/div><div class=\"ultp-block-readmore\"><a aria-label=\"Comment d\u00e9congeler des haricots : un guide pratique et amusant\" href=\"https:\/\/cozinhadave.com\/fr\/como-descongelar-feijao\/\">En savoir plus<svg xmlns=\"http:\/\/www.w3.org\/2000\/svg\" fill=\"none\" viewbox=\"0 0 24 24\">\n  <path stroke=\"currentColor\" stroke-linecap=\"round\" stroke-linejoin=\"round\" stroke-width=\"1.5\" d=\"m12 20.5 8.5-8.5m0 0L12 3.5m8.5 8.5h-17\"\/>\n<\/svg>\n<\/a><\/div><\/div><\/div><\/div><div class=\"ultp-block-item ultp-block-media post-id-18612\"><div class=\"ultp-block-content-wrap\"><div class=\"ultp-block-image ultp-block-image-opacity\"><a href=\"https:\/\/cozinhadave.com\/fr\/curiosidades-sobre-sushi\/\"><img decoding=\"async\"  alt=\"sushi au saumon\"  src=\"https:\/\/cozinhadave.com\/wp-content\/uploads\/2023\/08\/sushi-de-salmao-600x600.jpg\" \/><\/a><\/div><div class=\"ultp-block-content\"><div class=\"ultp-category-grid ultp-category-classic ultp-category-aboveTitle\"><div class=\"ultp-category-in\"><a class=\"ultp-cat-curiosidades\" href=\"https:\/\/cozinhadave.com\/fr\/categorie\/curiosites\/\">CURIOSIT\u00c9S<\/a><\/div><\/div><h3 class=\"ultp-block-title\"><a href=\"https:\/\/cozinhadave.com\/fr\/curiosidades-sobre-sushi\/\">Des faits surprenants sur les sushis qui nous enchantent !<\/a><\/h3><div class=\"ultp-block-excerpt\"><p>Ah, sushi! Quem n\u00e3o ama essa iguaria japonesa que conquistou o mundo inteiro? Al\u00e9m de delicioso, o sushi tem uma hist\u00f3ria fascinante e curiosa. Desde a sua origem misteriosa at\u00e9 a sua evolu\u00e7\u00e3o ao longo dos s\u00e9culos, s\u00e3o muitas as\u2026<\/p>\n<\/div><div class=\"ultp-block-readmore\"><a aria-label=\"Des faits surprenants sur les sushis qui nous enchantent !\" href=\"https:\/\/cozinhadave.com\/fr\/curiosidades-sobre-sushi\/\">En savoir plus<svg xmlns=\"http:\/\/www.w3.org\/2000\/svg\" fill=\"none\" viewbox=\"0 0 24 24\">\n  <path stroke=\"currentColor\" stroke-linecap=\"round\" stroke-linejoin=\"round\" stroke-width=\"1.5\" d=\"m12 20.5 8.5-8.5m0 0L12 3.5m8.5 8.5h-17\"\/>\n<\/svg>\n<\/a><\/div><\/div><\/div><\/div><div class=\"ultp-block-item ultp-block-media post-id-16624\"><div class=\"ultp-block-content-wrap\"><div class=\"ultp-block-image ultp-block-image-opacity\"><a href=\"https:\/\/cozinhadave.com\/fr\/vous-pouvez-faire-chauffer-des-haricots-dans-le-four-a-micro-ondes\/\"><img decoding=\"async\"  alt=\"Pouvez-vous r\u00e9chauffer des haricots dans l&#039;airfryer ?\"  src=\"https:\/\/cozinhadave.com\/wp-content\/uploads\/2023\/08\/Pode-esquentar-feijao-na-airfryer-600x576.jpg\" \/><\/a><\/div><div class=\"ultp-block-content\"><div class=\"ultp-category-grid ultp-category-classic ultp-category-aboveTitle\"><div class=\"ultp-category-in\"><a class=\"ultp-cat-curiosidades\" href=\"https:\/\/cozinhadave.com\/fr\/categorie\/curiosites\/\">CURIOSIT\u00c9S<\/a><\/div><\/div><h3 class=\"ultp-block-title\"><a href=\"https:\/\/cozinhadave.com\/fr\/vous-pouvez-faire-chauffer-des-haricots-dans-le-four-a-micro-ondes\/\">Pouvez-vous r\u00e9chauffer des haricots dans l&#039;airfryer ? D\u00e9couvrez la r\u00e9ponse ici !<\/a><\/h3><div class=\"ultp-block-excerpt\"><p>Bonjour \u00e0 tous ! Je suis une passionn\u00e9e de cuisine et aujourd'hui, nous allons voir s'il est possible de r\u00e9chauffer des haricots dans le s\u00e8che-cheveux. Nous savons que les haricots sont un plat typique et tr\u00e8s consomm\u00e9 au Br\u00e9sil, il n'y a donc rien de mieux que d'apprendre...<\/p>\n<\/div><div class=\"ultp-block-readmore\"><a aria-label=\"Pouvez-vous r\u00e9chauffer des haricots dans l&#039;airfryer ? D\u00e9couvrez la r\u00e9ponse ici !\" href=\"https:\/\/cozinhadave.com\/fr\/vous-pouvez-faire-chauffer-des-haricots-dans-le-four-a-micro-ondes\/\">En savoir plus<svg xmlns=\"http:\/\/www.w3.org\/2000\/svg\" fill=\"none\" viewbox=\"0 0 24 24\">\n  <path stroke=\"currentColor\" stroke-linecap=\"round\" stroke-linejoin=\"round\" stroke-width=\"1.5\" d=\"m12 20.5 8.5-8.5m0 0L12 3.5m8.5 8.5h-17\"\/>\n<\/svg>\n<\/a><\/div><\/div><\/div><\/div><div class=\"ultp-block-item ultp-block-media post-id-20579\"><div class=\"ultp-block-content-wrap\"><div class=\"ultp-block-image ultp-block-image-opacity\"><a href=\"https:\/\/cozinhadave.com\/fr\/pode-guardar-aipim-cozido\/\"><img decoding=\"async\"  alt=\"Aipim\"  src=\"https:\/\/cozinhadave.com\/wp-content\/uploads\/2023\/09\/Aipim5-2-600x585.jpg\" \/><\/a><\/div><div class=\"ultp-block-content\"><div class=\"ultp-category-grid ultp-category-classic ultp-category-aboveTitle\"><div class=\"ultp-category-in\"><a class=\"ultp-cat-curiosidades\" href=\"https:\/\/cozinhadave.com\/fr\/categorie\/curiosites\/\">CURIOSIT\u00c9S<\/a><\/div><\/div><h3 class=\"ultp-block-title\"><a href=\"https:\/\/cozinhadave.com\/fr\/pode-guardar-aipim-cozido\/\">Peut-on conserver le manioc cuit ? D\u00e9couvrez ce secret culinaire !<\/a><\/h3><div class=\"ultp-block-excerpt\"><p>Voc\u00ea j\u00e1 se perguntou se \u00e9 poss\u00edvel guardar aipim cozido? Pois eu te digo que sim! E vou compartilhar com voc\u00ea os segredos para manter o sabor e a textura perfeitos do aipim ap\u00f3s o cozimento. Ent\u00e3o, se prepare para\u2026<\/p>\n<\/div><div class=\"ultp-block-readmore\"><a aria-label=\"Peut-on conserver le manioc cuit ? D\u00e9couvrez ce secret culinaire !\" href=\"https:\/\/cozinhadave.com\/fr\/pode-guardar-aipim-cozido\/\">En savoir plus<svg xmlns=\"http:\/\/www.w3.org\/2000\/svg\" fill=\"none\" viewbox=\"0 0 24 24\">\n  <path stroke=\"currentColor\" stroke-linecap=\"round\" stroke-linejoin=\"round\" stroke-width=\"1.5\" d=\"m12 20.5 8.5-8.5m0 0L12 3.5m8.5 8.5h-17\"\/>\n<\/svg>\n<\/a><\/div><\/div><\/div><\/div><\/div><div class=\"ultp-loadmore\"><span class=\"ultp-loadmore-action\" tabindex=\"0\" role=\"button\" data-pages=\"13\" data-pagenum=\"1\"  data-expost=\"\" data-blockid=\"90be0d\" data-blockname=\"ultimate-post_post-list-3\" data-postid=\"21097\" data-selfpostid=\"yes\">Voir plus d'informations <span class=\"ultp-spin\"><svg xmlns=\"http:\/\/www.w3.org\/2000\/svg\" fill=\"none\" viewbox=\"0 0 24 24\">\n  <path stroke=\"currentColor\" stroke-linecap=\"round\" stroke-linejoin=\"round\" stroke-width=\"1.5\" d=\"M21 12a9 9 0 0 1-17 4.127M3 12a9 9 0 0 1 17-4.127M20 3v5h-5M4 21v-5h5\"\/>\n<\/svg>\n<\/span><\/span><\/div><\/div><div class=\"pagination-block-html\" aria-hidden=\"true\" style=\"display: none;\"><\/div><\/div><\/div>\n\n\n\n<div class=\"wp-block-uagb-container uagb-block-179d179f\"><\/div>\n<\/div><\/div>","protected":false},"excerpt":{"rendered":"<p>CURIOSIDADES Aqui, voc\u00ea encontrar\u00e1 uma cole\u00e7\u00e3o fascinante de curiosidades intrigantes e surpreendentes relacionadas ao mundo da gastronomia. Desde fatos hist\u00f3ricos sobre pratos ic\u00f4nicos at\u00e9 segredos pouco conhecidos sobre ingredientes comuns, cada artigo \u00e9 uma viagem emocionante pelo universo da culin\u00e1ria. Prepare-se para se encantar e se inspirar com as curiosidades que revelam os bastidores e&hellip;&nbsp;<\/p>\n<div class=\"read-more-wrapper\"><a href=\"https:\/\/cozinhadave.com\/fr\/curiosites\/\" class=\"button button-secondary\" rel=\"bookmark\">Lire la suite \"<span class=\"screen-reader-text\">CURIOSIT\u00c9S<\/span><\/a><\/div>","protected":false},"author":10,"featured_media":0,"parent":0,"menu_order":0,"comment_status":"closed","ping_status":"closed","template":"","meta":{"_uag_custom_page_level_css":"","wprm-recipe-roundup-name":"","wprm-recipe-roundup-description":"","neve_meta_sidebar":"","neve_meta_container":"","neve_meta_enable_content_width":"","neve_meta_content_width":0,"neve_meta_title_alignment":"","neve_meta_author_avatar":"","neve_post_elements_order":"","neve_meta_disable_header":"","neve_meta_disable_footer":"","neve_meta_disable_title":"","neve_meta_reading_time":"","footnotes":""},"class_list":["post-21097","page","type-page","status-publish","hentry"],"uagb_featured_image_src":{"full":false,"thumbnail":false,"medium":false,"medium_large":false,"large":false,"1536x1536":false,"2048x2048":false,"trp-custom-language-flag":false,"ultp_layout_landscape_large":false,"ultp_layout_landscape":false,"ultp_layout_portrait":false,"ultp_layout_square":false,"wprm-metadata-1_1":false,"wprm-metadata-4_3":false,"wprm-metadata-16_9":false,"neve-blog":false},"uagb_author_info":{"display_name":"Paulo RIbeiro","author_link":"https:\/\/cozinhadave.com\/fr\/author\/paulomiguelribeirogmail-com\/"},"uagb_comment_info":0,"uagb_excerpt":"CURIOSIDADES Aqui, voc\u00ea encontrar\u00e1 uma cole\u00e7\u00e3o fascinante de curiosidades intrigantes e surpreendentes relacionadas ao mundo da gastronomia. Desde fatos hist\u00f3ricos sobre pratos ic\u00f4nicos at\u00e9 segredos pouco conhecidos sobre ingredientes comuns, cada artigo \u00e9 uma viagem emocionante pelo universo da culin\u00e1ria. Prepare-se para se encantar e se inspirar com as curiosidades que revelam os bastidores e&hellip;&nbsp;Ler\u2026","_links":{"self":[{"href":"https:\/\/cozinhadave.com\/fr\/wp-json\/wp\/v2\/pages\/21097","targetHints":{"allow":["GET"]}}],"collection":[{"href":"https:\/\/cozinhadave.com\/fr\/wp-json\/wp\/v2\/pages"}],"about":[{"href":"https:\/\/cozinhadave.com\/fr\/wp-json\/wp\/v2\/types\/page"}],"author":[{"embeddable":true,"href":"https:\/\/cozinhadave.com\/fr\/wp-json\/wp\/v2\/users\/10"}],"replies":[{"embeddable":true,"href":"https:\/\/cozinhadave.com\/fr\/wp-json\/wp\/v2\/comments?post=21097"}],"version-history":[{"count":0,"href":"https:\/\/cozinhadave.com\/fr\/wp-json\/wp\/v2\/pages\/21097\/revisions"}],"wp:attachment":[{"href":"https:\/\/cozinhadave.com\/fr\/wp-json\/wp\/v2\/media?parent=21097"}],"curies":[{"name":"wp","href":"https:\/\/api.w.org\/{rel}","templated":true}]}}