{"id":21056,"date":"2024-05-04T19:42:44","date_gmt":"2024-05-04T19:42:44","guid":{"rendered":"http:\/\/cozinhadave.com\/?page_id=21056"},"modified":"2024-05-05T12:28:55","modified_gmt":"2024-05-05T12:28:55","slug":"ingredients","status":"publish","type":"page","link":"https:\/\/cozinhadave.com\/fr\/ingredients\/","title":{"rendered":"INGR\u00c9DIENTS"},"content":{"rendered":"<div class=\"wp-block-uagb-advanced-heading uagb-block-ca604257\"><h2 class=\"uagb-heading-text\">INGR\u00c9DIENTS<\/h2><\/div>\n\n\n\n<div class=\"wp-block-uagb-container uagb-block-26a8be47 alignfull uagb-is-root-container\"><div class=\"uagb-container-inner-blocks-wrap\">\n<div class=\"wp-block-uagb-container uagb-block-71bdc037\"><\/div>\n\n\n\n<div class=\"wp-block-uagb-container uagb-block-46bd2a80\">\n<p class=\"has-neve-text-color-color has-text-color has-link-color wp-elements-96b20d9dd996dfb8caa09f5c806e99b4\">Pour une recette d\u00e9licieuse, il faut toujours choisir les ingr\u00e9dients les plus adapt\u00e9s. Pour cela, vous devez identifier si les ingr\u00e9dients sont les plus adapt\u00e9s \u00e0 la recette que vous allez pr\u00e9parer.&nbsp;<\/p>\n\n\n\n<p class=\"has-neve-text-color-color has-text-color has-link-color wp-elements-4235dfc56ac7d7634b643e3f4a0e2fe2\">Dans cet espace, nous proposons plusieurs guides gratuits sur les ingr\u00e9dients les plus vari\u00e9s, que nous utilisons habituellement dans nos recettes, mais le meilleur est qu&#039;\u00e0 partir d&#039;aujourd&#039;hui vous comprendrez tous les sujets concernant les ingr\u00e9dients.<\/p>\n\n\n\n<p class=\"has-neve-text-color-color has-text-color has-link-color wp-elements-3b1cca380c5bf00ef1d1f560de1888d4\">&nbsp;De leur histoire, comment ils sont produits, leurs bienfaits pour la sant\u00e9, leurs valeurs nutritionnelles et bien s\u00fbr comment ils sont utilis\u00e9s dans les recettes les plus connues, et bien d&#039;autres choses encore\u2026<\/p>\n\n\n<div  class=\"wp-block-ultimate-post-advanced-search ultp-block-477790\"><div class=\"ultp-block-wrapper\"><div class=\"ultp-search-container ultp-search-frontend\"  data-ajax=\"1\" data-gosearch=\"1\" data-enablenewtab=\"\" data-blockid=\"477790\" \n                    data-image=\"1\"  data-author= \"data-date=\"\"\" data-excerpt=\"\" data-excerptlimit=\"25\" data-allresult=\"\" data-catenable=\"\"  data-postno=\"3\"  data-noresultext=\"N\u00e3o foram encontrados resultados\"   data-popupposition=\"right\" data-searchposttype=\"\"><div class=\"ultp-searchform-content ultp-searchform-input1\"><div class=\"ultp-search-inputwrap\"> <input type=\"text\" value=\"\" class=\"ultp-searchres-input\"  placeholder=\"Rechercher des ingr\u00e9dients\"\/> <span class=\"ultp-search-clear\" data-blockid=\"477790\"><svg xmlns=\"http:\/\/www.w3.org\/2000\/svg\" fill=\"none\" viewbox=\"0 0 24 24\">\n  <path stroke=\"currentColor\" stroke-linecap=\"round\" stroke-width=\"1.5\" d=\"m6 6 6 6m0 0 6 6m-6-6 6-6m-6 6-6 6\"\/>\n<\/svg>\n<\/span> <\/div><div class=\"ultp-search-button\"><svg xmlns=\"http:\/\/www.w3.org\/2000\/svg\" fill=\"none\" viewbox=\"0 0 24 24\">\n  <path stroke=\"currentColor\" stroke-linecap=\"round\" stroke-linejoin=\"round\" stroke-width=\"1.5\" d=\"M11 19a8 8 0 1 0 0-16 8 8 0 0 0 0 16Zm10 2-4.35-4.35\"\/>\n<\/svg>\n<span class=\"ultp-search-button__text\"> Recherche <\/span><\/div><\/div><\/div><\/div><\/div><\/div>\n\n\n\n<div class=\"wp-block-uagb-container uagb-block-59e8365b\"><\/div>\n<\/div><\/div>\n\n\n\n<div class=\"nv-cv-d nv-cv-m wp-block-uagb-container uagb-block-bb890383 alignfull uagb-is-root-container\"><div class=\"uagb-container-inner-blocks-wrap\">\n<div class=\"wp-block-uagb-container uagb-block-07f24e17\"><\/div>\n\n\n\n<div class=\"wp-block-uagb-container uagb-block-894989ec\"><div  class=\"ultp-post-grid-block wp-block-ultimate-post-post-list-3 ultp-block-3f3328\"><div class=\"ultp-block-wrapper\"><div class=\"ultp-loading\"><div class=\"ultp-loading-blocks\" style=\"width:100%;height:100%;\"><div style=\"left: 0;top: 0;animation-delay:0s;\"><\/div><div style=\"left: 21px;top: 0;animation-delay:0.125s;\"><\/div><div style=\"left: 42px;top: 0;animation-delay:0.25s;\"><\/div><div style=\"left: 0;top: 21px;animation-delay:0.875s;\"><\/div><div style=\"left: 42px;top: 21px;animation-delay:0.375s;\"><\/div><div style=\"left: 0;top: 42px;animation-delay:0.75s;\"><\/div><div style=\"left: 42px;top: 42px;animation-delay:0.625s;\"><\/div><div style=\"left: 21px;top: 42px;animation-delay:0.5s;\"><\/div><\/div><\/div><div class=\"ultp-heading-filter\"><div class=\"ultp-heading-filter-in\"><div class=\"ultp-filter-navigation\"><div class=\"ultp-filter-wrap\" data-taxtype=\"category\" data-blockid=\"3f3328\" data-blockname=\"ultimate-post_post-list-3\" data-postid=\"21056\"data-selfpostid=\"yes\"><ul class=\"ultp-flex-menu\" data-name=\"More\"><li class=\"filter-item\"><a class=\"filter-active\" data-taxonomy=\"\" href=\"#\">TOUS<\/a><\/li><li class=\"filter-item\"><a data-taxonomy=\"condimentos\" href=\"#\">PIMENTER<\/a><\/li><li class=\"filter-item\"><a data-taxonomy=\"frutas\" href=\"#\">DES FRUITS<\/a><\/li><li class=\"filter-item\"><a data-taxonomy=\"legumes\" href=\"#\">L\u00c9GUMES<\/a><\/li><li class=\"filter-item\"><a data-taxonomy=\"verduras\" href=\"#\">L\u00c9GUMES<\/a><\/li><li class=\"filter-item\"><a data-taxonomy=\"queijos\" href=\"#\">LES FROMAGES<\/a><\/li><\/ul><\/div><\/div><\/div><\/div><div class=\"ultp-block-items-wrap ultp-block-row ultp-block-column-1 ultp-block-content-middle ultp-layout1\"><div class=\"ultp-block-item ultp-block-media post-id-16771\"><div class=\"ultp-block-content-wrap\"><div class=\"ultp-block-image ultp-block-image-opacity\"><a href=\"https:\/\/cozinhadave.com\/fr\/mec-violet\/\"><img decoding=\"async\"  alt=\"igname violette\"  src=\"https:\/\/cozinhadave.com\/wp-content\/uploads\/2023\/08\/Cara-roxo-600x576.jpg\" \/><\/a><\/div><div class=\"ultp-block-content\"><div class=\"ultp-category-grid ultp-category-classic ultp-category-aboveTitle\"><div class=\"ultp-category-in\"><a class=\"ultp-cat-ingredientes\" href=\"https:\/\/cozinhadave.com\/fr\/categorie\/ingredients\/\">INGR\u00c9DIENTS<\/a><a class=\"ultp-cat-legumes\" href=\"https:\/\/cozinhadave.com\/fr\/categorie\/ingredients\/legumes\/\">L\u00c9GUMES<\/a><\/div><\/div><h3 class=\"ultp-block-title\"><a href=\"https:\/\/cozinhadave.com\/fr\/mec-violet\/\">Purple Car\u00e1\u00a0: Saveurs et surprises de ce tubercule br\u00e9silien<\/a><\/h3><div class=\"ultp-block-excerpt\"><p>Car\u00e1 violet : Saveurs et surprises de ce tubercule br\u00e9silien Ah, le car\u00e1 violet ! Rien que le nom donne l\u2019eau \u00e0 la bouche. Ce tr\u00e9sor br\u00e9silien est un tubercule qui gagne de plus en plus de place dans les cuisines br\u00e9siliennes, et ce n&#039;est pas un hasard.\u2026<\/p>\n<\/div><div class=\"ultp-block-readmore\"><a aria-label=\"Purple Car\u00e1\u00a0: Saveurs et surprises de ce tubercule br\u00e9silien\" href=\"https:\/\/cozinhadave.com\/fr\/mec-violet\/\">En savoir plus<svg xmlns=\"http:\/\/www.w3.org\/2000\/svg\" fill=\"none\" viewbox=\"0 0 24 24\">\n  <path stroke=\"currentColor\" stroke-linecap=\"round\" stroke-linejoin=\"round\" stroke-width=\"1.5\" d=\"m12 20.5 8.5-8.5m0 0L12 3.5m8.5 8.5h-17\"\/>\n<\/svg>\n<\/a><\/div><\/div><\/div><\/div><div class=\"ultp-block-item ultp-block-media post-id-17253\"><div class=\"ultp-block-content-wrap\"><div class=\"ultp-block-image ultp-block-image-opacity\"><a href=\"https:\/\/cozinhadave.com\/fr\/alga-nori\/\"><img decoding=\"async\"  alt=\"Algues nori\"  src=\"https:\/\/cozinhadave.com\/wp-content\/uploads\/2023\/09\/Alga-nori-1-600x585.jpg\" \/><\/a><\/div><div class=\"ultp-block-content\"><div class=\"ultp-category-grid ultp-category-classic ultp-category-aboveTitle\"><div class=\"ultp-category-in\"><a class=\"ultp-cat-ingredientes\" href=\"https:\/\/cozinhadave.com\/fr\/categorie\/ingredients\/\">INGR\u00c9DIENTS<\/a><a class=\"ultp-cat-condimentos\" href=\"https:\/\/cozinhadave.com\/fr\/categorie\/ingredients\/condimentos\/\">PIMENTER<\/a><\/div><\/div><h3 class=\"ultp-block-title\"><a href=\"https:\/\/cozinhadave.com\/fr\/alga-nori\/\">L'algue nori : la surprenante saveur de la mer dans la cuisine br\u00e9silienne<\/a><\/h3><div class=\"ultp-block-excerpt\"><p>Se voc\u00ea, assim como eu, \u00e9 f\u00e3 de uma culin\u00e1ria criativa e adora experimentar novos sabores, precisa conhecer a alga nori. Essa alga marinha, que h\u00e1 muito tempo \u00e9 utilizada na culin\u00e1ria asi\u00e1tica, vem ganhando espa\u00e7o na gastronomia brasileira e\u2026<\/p>\n<\/div><div class=\"ultp-block-readmore\"><a aria-label=\"L&#039;algue nori : la surprenante saveur de la mer dans la cuisine br\u00e9silienne\" href=\"https:\/\/cozinhadave.com\/fr\/alga-nori\/\">En savoir plus<svg xmlns=\"http:\/\/www.w3.org\/2000\/svg\" fill=\"none\" viewbox=\"0 0 24 24\">\n  <path stroke=\"currentColor\" stroke-linecap=\"round\" stroke-linejoin=\"round\" stroke-width=\"1.5\" d=\"m12 20.5 8.5-8.5m0 0L12 3.5m8.5 8.5h-17\"\/>\n<\/svg>\n<\/a><\/div><\/div><\/div><\/div><div class=\"ultp-block-item ultp-block-media post-id-16343\"><div class=\"ultp-block-content-wrap\"><div class=\"ultp-block-image ultp-block-image-opacity\"><a href=\"https:\/\/cozinhadave.com\/fr\/loignon-blanc-decouvre-tous-ses-secrets\/\"><img decoding=\"async\"  alt=\"oignon blanc\"  src=\"https:\/\/cozinhadave.com\/wp-content\/uploads\/2023\/08\/cebola-branca-600x576.jpg\" \/><\/a><\/div><div class=\"ultp-block-content\"><div class=\"ultp-category-grid ultp-category-classic ultp-category-aboveTitle\"><div class=\"ultp-category-in\"><a class=\"ultp-cat-ingredientes\" href=\"https:\/\/cozinhadave.com\/fr\/categorie\/ingredients\/\">INGR\u00c9DIENTS<\/a><a class=\"ultp-cat-legumes\" href=\"https:\/\/cozinhadave.com\/fr\/categorie\/ingredients\/legumes\/\">L\u00c9GUMES<\/a><\/div><\/div><h3 class=\"ultp-block-title\"><a href=\"https:\/\/cozinhadave.com\/fr\/loignon-blanc-decouvre-tous-ses-secrets\/\">Oignon Blanc : D\u00e9couvrez tous ses secrets<\/a><\/h3><div class=\"ultp-block-excerpt\"><p>J&#039;ai toujours entendu dire que les oignons sont l&#039;un des l\u00e9gumes les plus importants de notre cuisine. Il est utilis\u00e9 dans presque toutes les recettes sal\u00e9es, apportant saveur et ar\u00f4me aux plats. Mais ce que je ne savais pas, c&#039;est que\u2026<\/p>\n<\/div><div class=\"ultp-block-readmore\"><a aria-label=\"Oignon Blanc : D\u00e9couvrez tous ses secrets\" href=\"https:\/\/cozinhadave.com\/fr\/loignon-blanc-decouvre-tous-ses-secrets\/\">En savoir plus<svg xmlns=\"http:\/\/www.w3.org\/2000\/svg\" fill=\"none\" viewbox=\"0 0 24 24\">\n  <path stroke=\"currentColor\" stroke-linecap=\"round\" stroke-linejoin=\"round\" stroke-width=\"1.5\" d=\"m12 20.5 8.5-8.5m0 0L12 3.5m8.5 8.5h-17\"\/>\n<\/svg>\n<\/a><\/div><\/div><\/div><\/div><div class=\"ultp-block-item ultp-block-media post-id-20880\"><div class=\"ultp-block-content-wrap\"><div class=\"ultp-block-image ultp-block-image-opacity\"><a href=\"https:\/\/cozinhadave.com\/fr\/qual-e-a-caracteristica-de-morango\/\"><img decoding=\"async\"  alt=\"quelle est la caract\u00e9ristique de la fraise\"  src=\"https:\/\/cozinhadave.com\/wp-content\/uploads\/2023\/11\/qual-e-a-caracteristica-de-morango-600x600.jpg\" \/><\/a><\/div><div class=\"ultp-block-content\"><div class=\"ultp-category-grid ultp-category-classic ultp-category-aboveTitle\"><div class=\"ultp-category-in\"><a class=\"ultp-cat-ingredientes\" href=\"https:\/\/cozinhadave.com\/fr\/categorie\/ingredients\/\">INGR\u00c9DIENTS<\/a><a class=\"ultp-cat-frutas\" href=\"https:\/\/cozinhadave.com\/fr\/categorie\/ingredients\/frutas\/\">DES FRUITS<\/a><\/div><\/div><h3 class=\"ultp-block-title\"><a href=\"https:\/\/cozinhadave.com\/fr\/qual-e-a-caracteristica-de-morango\/\">D\u00e9couvrez quelle est la caract\u00e9ristique pr\u00e9dominante de la fraise<\/a><\/h3><div class=\"ultp-block-excerpt\"><p>Si vous \u00eates un amateur de fraises, vous aurez compris que ce fruit poss\u00e8de des caract\u00e9ristiques uniques qui le rendent si particulier. Dans cette section, nous allons voir quel est le trait le plus marquant de la fraise et quelles sont ses principales caract\u00e9ristiques. La fraise est...<\/p>\n<\/div><div class=\"ultp-block-readmore\"><a aria-label=\"D\u00e9couvrez quelle est la caract\u00e9ristique pr\u00e9dominante de la fraise\" href=\"https:\/\/cozinhadave.com\/fr\/qual-e-a-caracteristica-de-morango\/\">En savoir plus<svg xmlns=\"http:\/\/www.w3.org\/2000\/svg\" fill=\"none\" viewbox=\"0 0 24 24\">\n  <path stroke=\"currentColor\" stroke-linecap=\"round\" stroke-linejoin=\"round\" stroke-width=\"1.5\" d=\"m12 20.5 8.5-8.5m0 0L12 3.5m8.5 8.5h-17\"\/>\n<\/svg>\n<\/a><\/div><\/div><\/div><\/div><div class=\"ultp-block-item ultp-block-media post-id-17652\"><div class=\"ultp-block-content-wrap\"><div class=\"ultp-block-image ultp-block-image-opacity\"><a href=\"https:\/\/cozinhadave.com\/fr\/agriao\/\"><img decoding=\"async\"  alt=\"cresson\"  src=\"https:\/\/cozinhadave.com\/wp-content\/uploads\/2023\/08\/agriao-3-600x585.jpg\" \/><\/a><\/div><div class=\"ultp-block-content\"><div class=\"ultp-category-grid ultp-category-classic ultp-category-aboveTitle\"><div class=\"ultp-category-in\"><a class=\"ultp-cat-ingredientes\" href=\"https:\/\/cozinhadave.com\/fr\/categorie\/ingredients\/\">INGR\u00c9DIENTS<\/a><a class=\"ultp-cat-legumes\" href=\"https:\/\/cozinhadave.com\/fr\/categorie\/ingredients\/legumes\/\">L\u00c9GUMES<\/a><\/div><\/div><h3 class=\"ultp-block-title\"><a href=\"https:\/\/cozinhadave.com\/fr\/agriao\/\">Cresson : Le secret savoureux et nutritif que j&#039;ai d\u00e9couvert au Br\u00e9sil<\/a><\/h3><div class=\"ultp-block-excerpt\"><p>Ei, pessoal! Hoje vou falar sobre uma das minhas descobertas mais saborosas e nutritivas durante minha estadia no Brasil: o agri\u00e3o! Eu nunca tinha experimentado essa planta antes, mas agora n\u00e3o posso imaginar minha vida sem ela. Agri\u00e3o: O segredo\u2026<\/p>\n<\/div><div class=\"ultp-block-readmore\"><a aria-label=\"Cresson : Le secret savoureux et nutritif que j&#039;ai d\u00e9couvert au Br\u00e9sil\" href=\"https:\/\/cozinhadave.com\/fr\/agriao\/\">En savoir plus<svg xmlns=\"http:\/\/www.w3.org\/2000\/svg\" fill=\"none\" viewbox=\"0 0 24 24\">\n  <path stroke=\"currentColor\" stroke-linecap=\"round\" stroke-linejoin=\"round\" stroke-width=\"1.5\" d=\"m12 20.5 8.5-8.5m0 0L12 3.5m8.5 8.5h-17\"\/>\n<\/svg>\n<\/a><\/div><\/div><\/div><\/div><div class=\"ultp-block-item ultp-block-media post-id-17724\"><div class=\"ultp-block-content-wrap\"><div class=\"ultp-block-image ultp-block-image-opacity\"><a href=\"https:\/\/cozinhadave.com\/fr\/feijao-de-corda\/\"><img decoding=\"async\"  alt=\"Haricots verts\"  src=\"https:\/\/cozinhadave.com\/wp-content\/uploads\/2023\/08\/Feijao-de-corda-600x576.jpg\" \/><\/a><\/div><div class=\"ultp-block-content\"><div class=\"ultp-category-grid ultp-category-classic ultp-category-aboveTitle\"><div class=\"ultp-category-in\"><a class=\"ultp-cat-ingredientes\" href=\"https:\/\/cozinhadave.com\/fr\/categorie\/ingredients\/\">INGR\u00c9DIENTS<\/a><a class=\"ultp-cat-legumes\" href=\"https:\/\/cozinhadave.com\/fr\/categorie\/ingredients\/legumes\/\">L\u00c9GUMES<\/a><\/div><\/div><h3 class=\"ultp-block-title\"><a href=\"https:\/\/cozinhadave.com\/fr\/feijao-de-corda\/\">Haricots verts : D\u00e9couvrez les d\u00e9lices de ce plat br\u00e9silien.<\/a><\/h3><div class=\"ultp-block-excerpt\"><p>Ah, les haricots et le riz\u2026 qui n&#039;aime pas \u00e7a ? Mais si, comme moi, vous aimez essayer de nouvelles saveurs et d\u00e9couvrir diff\u00e9rentes recettes, alors vous devez essayer les haricots verts ! Cette d\u00e9licatesse du nord-est est une v\u00e9ritable explosion de saveurs et sera certainement\u2026<\/p>\n<\/div><div class=\"ultp-block-readmore\"><a aria-label=\"Haricots verts : D\u00e9couvrez les d\u00e9lices de ce plat br\u00e9silien.\" href=\"https:\/\/cozinhadave.com\/fr\/feijao-de-corda\/\">En savoir plus<svg xmlns=\"http:\/\/www.w3.org\/2000\/svg\" fill=\"none\" viewbox=\"0 0 24 24\">\n  <path stroke=\"currentColor\" stroke-linecap=\"round\" stroke-linejoin=\"round\" stroke-width=\"1.5\" d=\"m12 20.5 8.5-8.5m0 0L12 3.5m8.5 8.5h-17\"\/>\n<\/svg>\n<\/a><\/div><\/div><\/div><\/div><div class=\"ultp-block-item ultp-block-media post-id-16816\"><div class=\"ultp-block-content-wrap\"><div class=\"ultp-block-image ultp-block-image-opacity\"><a href=\"https:\/\/cozinhadave.com\/fr\/mangarito\/\"><img decoding=\"async\"  alt=\"Mangarito\"  src=\"https:\/\/cozinhadave.com\/wp-content\/uploads\/2023\/08\/Mangarito-1-600x576.jpg\" \/><\/a><\/div><div class=\"ultp-block-content\"><div class=\"ultp-category-grid ultp-category-classic ultp-category-aboveTitle\"><div class=\"ultp-category-in\"><a class=\"ultp-cat-ingredientes\" href=\"https:\/\/cozinhadave.com\/fr\/categorie\/ingredients\/\">INGR\u00c9DIENTS<\/a><a class=\"ultp-cat-legumes\" href=\"https:\/\/cozinhadave.com\/fr\/categorie\/ingredients\/legumes\/\">L\u00c9GUMES<\/a><\/div><\/div><h3 class=\"ultp-block-title\"><a href=\"https:\/\/cozinhadave.com\/fr\/mangarito\/\">D\u00e9m\u00ealer Mangarito : le tubercule br\u00e9silien qui a conquis mes papilles<\/a><\/h3><div class=\"ultp-block-excerpt\"><p>Ai, ai, ai! Como eu n\u00e3o conheci o Mangarito antes? Esse tub\u00e9rculo nativo do Brasil \u00e9 simplesmente uma del\u00edcia. Eu experimentei pela primeira vez em uma viagem ao interior do Nordeste e n\u00e3o parei mais de pensar naquele sabor \u00fanico\u2026<\/p>\n<\/div><div class=\"ultp-block-readmore\"><a aria-label=\"D\u00e9m\u00ealer Mangarito : le tubercule br\u00e9silien qui a conquis mes papilles\" href=\"https:\/\/cozinhadave.com\/fr\/mangarito\/\">En savoir plus<svg xmlns=\"http:\/\/www.w3.org\/2000\/svg\" fill=\"none\" viewbox=\"0 0 24 24\">\n  <path stroke=\"currentColor\" stroke-linecap=\"round\" stroke-linejoin=\"round\" stroke-width=\"1.5\" d=\"m12 20.5 8.5-8.5m0 0L12 3.5m8.5 8.5h-17\"\/>\n<\/svg>\n<\/a><\/div><\/div><\/div><\/div><div class=\"ultp-block-item ultp-block-media post-id-17895\"><div class=\"ultp-block-content-wrap\"><div class=\"ultp-block-image ultp-block-image-opacity\"><a href=\"https:\/\/cozinhadave.com\/fr\/les-fruits-du-comptage\/\"><img decoding=\"async\"  alt=\"les fruits du comptage\"  src=\"https:\/\/cozinhadave.com\/wp-content\/uploads\/2023\/08\/fruta-do-conde-600x585.jpg\" \/><\/a><\/div><div class=\"ultp-block-content\"><div class=\"ultp-category-grid ultp-category-classic ultp-category-aboveTitle\"><div class=\"ultp-category-in\"><a class=\"ultp-cat-ingredientes\" href=\"https:\/\/cozinhadave.com\/fr\/categorie\/ingredients\/\">INGR\u00c9DIENTS<\/a><a class=\"ultp-cat-frutas\" href=\"https:\/\/cozinhadave.com\/fr\/categorie\/ingredients\/frutas\/\">DES FRUITS<\/a><\/div><\/div><h3 class=\"ultp-block-title\"><a href=\"https:\/\/cozinhadave.com\/fr\/les-fruits-du-comptage\/\">Fruta do Conde : d\u00e9couvrez les secrets de ce d\u00e9lice tropical<\/a><\/h3><div class=\"ultp-block-excerpt\"><p>Si vous ne connaissez pas encore Fruta do Conde, vous passez \u00e0 c\u00f4t\u00e9 de l&#039;un des fruits les plus d\u00e9licieux et les plus nutritifs qui soient. Je suis passionn\u00e9e par ce fruit tropical et je suis l\u00e0 pour partager avec vous tout ce que je sais \u00e0 son sujet\u2026<\/p>\n<\/div><div class=\"ultp-block-readmore\"><a aria-label=\"Fruta do Conde : d\u00e9couvrez les secrets de ce d\u00e9lice tropical\" href=\"https:\/\/cozinhadave.com\/fr\/les-fruits-du-comptage\/\">En savoir plus<svg xmlns=\"http:\/\/www.w3.org\/2000\/svg\" fill=\"none\" viewbox=\"0 0 24 24\">\n  <path stroke=\"currentColor\" stroke-linecap=\"round\" stroke-linejoin=\"round\" stroke-width=\"1.5\" d=\"m12 20.5 8.5-8.5m0 0L12 3.5m8.5 8.5h-17\"\/>\n<\/svg>\n<\/a><\/div><\/div><\/div><\/div><div class=\"ultp-block-item ultp-block-media post-id-17197\"><div class=\"ultp-block-content-wrap\"><div class=\"ultp-block-image ultp-block-image-opacity\"><a href=\"https:\/\/cozinhadave.com\/fr\/herbe-de-provence\/\"><img decoding=\"async\"  alt=\"Herbe de Provence\"  src=\"https:\/\/cozinhadave.com\/wp-content\/uploads\/2023\/09\/Erva-de-provence-1-600x585.jpg\" \/><\/a><\/div><div class=\"ultp-block-content\"><div class=\"ultp-category-grid ultp-category-classic ultp-category-aboveTitle\"><div class=\"ultp-category-in\"><a class=\"ultp-cat-ingredientes\" href=\"https:\/\/cozinhadave.com\/fr\/categorie\/ingredients\/\">INGR\u00c9DIENTS<\/a><a class=\"ultp-cat-condimentos\" href=\"https:\/\/cozinhadave.com\/fr\/categorie\/ingredients\/condimentos\/\">PIMENTER<\/a><\/div><\/div><h3 class=\"ultp-block-title\"><a href=\"https:\/\/cozinhadave.com\/fr\/herbe-de-provence\/\">Erva de Provence : D\u00e9couvrez le secret des herbes fran\u00e7aises au Br\u00e9sil<\/a><\/h3><div class=\"ultp-block-excerpt\"><p>Ol\u00e1, eu sou um jornalista especializado em copywriting e hoje estou aqui para falar sobre um ingrediente que chegou recentemente ao Brasil, mas que j\u00e1 conquistou muitos cora\u00e7\u00f5es culin\u00e1rios: a Erva de Provence. Erva de Provence: Descubra o segredo das\u2026<\/p>\n<\/div><div class=\"ultp-block-readmore\"><a aria-label=\"Erva de Provence : D\u00e9couvrez le secret des herbes fran\u00e7aises au Br\u00e9sil\" href=\"https:\/\/cozinhadave.com\/fr\/herbe-de-provence\/\">En savoir plus<svg xmlns=\"http:\/\/www.w3.org\/2000\/svg\" fill=\"none\" viewbox=\"0 0 24 24\">\n  <path stroke=\"currentColor\" stroke-linecap=\"round\" stroke-linejoin=\"round\" stroke-width=\"1.5\" d=\"m12 20.5 8.5-8.5m0 0L12 3.5m8.5 8.5h-17\"\/>\n<\/svg>\n<\/a><\/div><\/div><\/div><\/div><div class=\"ultp-block-item ultp-block-media post-id-17334\"><div class=\"ultp-block-content-wrap\"><div class=\"ultp-block-image ultp-block-image-opacity\"><a href=\"https:\/\/cozinhadave.com\/fr\/acucar-mascavo\/\"><img decoding=\"async\"  alt=\"sucre roux\"  src=\"https:\/\/cozinhadave.com\/wp-content\/uploads\/2023\/09\/acucar-mascavo-5-600x585.jpg\" \/><\/a><\/div><div class=\"ultp-block-content\"><div class=\"ultp-category-grid ultp-category-classic ultp-category-aboveTitle\"><div class=\"ultp-category-in\"><a class=\"ultp-cat-ingredientes\" href=\"https:\/\/cozinhadave.com\/fr\/categorie\/ingredients\/\">INGR\u00c9DIENTS<\/a><a class=\"ultp-cat-condimentos\" href=\"https:\/\/cozinhadave.com\/fr\/categorie\/ingredients\/condimentos\/\">PIMENTER<\/a><\/div><\/div><h3 class=\"ultp-block-title\"><a href=\"https:\/\/cozinhadave.com\/fr\/acucar-mascavo\/\">Sucre roux : d\u00e9couvrez comment cette douceur m'a conquis au Br\u00e9sil<\/a><\/h3><div class=\"ultp-block-excerpt\"><p>Je suis journaliste et j'adore voyager. D\u00e9couvrir de nouveaux endroits, de nouvelles cultures et, bien s\u00fbr, essayer de nouvelles saveurs. C'est au cours d'une d\u00e9licieuse aventure au Br\u00e9sil que j'ai d\u00e9couvert le sucre roux. Cette douceur naturelle a chang\u00e9 ma vie, non seulement en cuisine, mais aussi...<\/p>\n<\/div><div class=\"ultp-block-readmore\"><a aria-label=\"Sucre roux : d\u00e9couvrez comment cette douceur m&#039;a conquis au Br\u00e9sil\" href=\"https:\/\/cozinhadave.com\/fr\/acucar-mascavo\/\">En savoir plus<svg xmlns=\"http:\/\/www.w3.org\/2000\/svg\" fill=\"none\" viewbox=\"0 0 24 24\">\n  <path stroke=\"currentColor\" stroke-linecap=\"round\" stroke-linejoin=\"round\" stroke-width=\"1.5\" d=\"m12 20.5 8.5-8.5m0 0L12 3.5m8.5 8.5h-17\"\/>\n<\/svg>\n<\/a><\/div><\/div><\/div><\/div><\/div><div class=\"ultp-loadmore\"><span class=\"ultp-loadmore-action\" tabindex=\"0\" role=\"button\" data-pages=\"10\" data-pagenum=\"1\"  data-expost=\"\" data-blockid=\"3f3328\" data-blockname=\"ultimate-post_post-list-3\" data-postid=\"21056\" data-selfpostid=\"yes\">Voir plus d'informations <span class=\"ultp-spin\"><svg xmlns=\"http:\/\/www.w3.org\/2000\/svg\" fill=\"none\" viewbox=\"0 0 24 24\">\n  <path stroke=\"currentColor\" stroke-linecap=\"round\" stroke-linejoin=\"round\" stroke-width=\"1.5\" d=\"M21 12a9 9 0 0 1-17 4.127M3 12a9 9 0 0 1 17-4.127M20 3v5h-5M4 21v-5h5\"\/>\n<\/svg>\n<\/span><\/span><\/div><\/div><div class=\"pagination-block-html\" aria-hidden=\"true\" style=\"display: none;\"><\/div><\/div><\/div>\n\n\n\n<div class=\"wp-block-uagb-container uagb-block-179d179f\"><\/div>\n<\/div><\/div>","protected":false},"excerpt":{"rendered":"<p>INGREDIENTES Para uma deliciosa receita, \u00e9 sempre necess\u00e1rio escolher os ingredientes mais adequados. Para que isso aconte\u00e7a voc\u00ea dever\u00e1 identificar se os ingredientes s\u00e3o os mais indicados para a receita que vai preparar.&nbsp; Neste espa\u00e7o oferecemos diversos guias gratuitos sobre os mais variados ingredientes, que normalmente utilizamos nas nossas receitas, mas a parte melhor \u00e9&hellip;&nbsp;<\/p>\n<div class=\"read-more-wrapper\"><a href=\"https:\/\/cozinhadave.com\/fr\/ingredients\/\" class=\"button button-secondary\" rel=\"bookmark\">Lire la suite \"<span class=\"screen-reader-text\">INGR\u00c9DIENTS<\/span><\/a><\/div>","protected":false},"author":10,"featured_media":0,"parent":0,"menu_order":0,"comment_status":"closed","ping_status":"closed","template":"","meta":{"_uag_custom_page_level_css":"","wprm-recipe-roundup-name":"","wprm-recipe-roundup-description":"","neve_meta_sidebar":"","neve_meta_container":"","neve_meta_enable_content_width":"","neve_meta_content_width":0,"neve_meta_title_alignment":"","neve_meta_author_avatar":"","neve_post_elements_order":"","neve_meta_disable_header":"","neve_meta_disable_footer":"","neve_meta_disable_title":"","neve_meta_reading_time":"","footnotes":""},"class_list":["post-21056","page","type-page","status-publish","hentry"],"uagb_featured_image_src":{"full":false,"thumbnail":false,"medium":false,"medium_large":false,"large":false,"1536x1536":false,"2048x2048":false,"trp-custom-language-flag":false,"ultp_layout_landscape_large":false,"ultp_layout_landscape":false,"ultp_layout_portrait":false,"ultp_layout_square":false,"wprm-metadata-1_1":false,"wprm-metadata-4_3":false,"wprm-metadata-16_9":false,"neve-blog":false},"uagb_author_info":{"display_name":"Paulo RIbeiro","author_link":"https:\/\/cozinhadave.com\/fr\/author\/paulomiguelribeirogmail-com\/"},"uagb_comment_info":0,"uagb_excerpt":"INGREDIENTES Para uma deliciosa receita, \u00e9 sempre necess\u00e1rio escolher os ingredientes mais adequados. Para que isso aconte\u00e7a voc\u00ea dever\u00e1 identificar se os ingredientes s\u00e3o os mais indicados para a receita que vai preparar.&nbsp; Neste espa\u00e7o oferecemos diversos guias gratuitos sobre os mais variados ingredientes, que normalmente utilizamos nas nossas receitas, mas a parte melhor \u00e9&hellip;&nbsp;Ler\u2026","_links":{"self":[{"href":"https:\/\/cozinhadave.com\/fr\/wp-json\/wp\/v2\/pages\/21056","targetHints":{"allow":["GET"]}}],"collection":[{"href":"https:\/\/cozinhadave.com\/fr\/wp-json\/wp\/v2\/pages"}],"about":[{"href":"https:\/\/cozinhadave.com\/fr\/wp-json\/wp\/v2\/types\/page"}],"author":[{"embeddable":true,"href":"https:\/\/cozinhadave.com\/fr\/wp-json\/wp\/v2\/users\/10"}],"replies":[{"embeddable":true,"href":"https:\/\/cozinhadave.com\/fr\/wp-json\/wp\/v2\/comments?post=21056"}],"version-history":[{"count":0,"href":"https:\/\/cozinhadave.com\/fr\/wp-json\/wp\/v2\/pages\/21056\/revisions"}],"wp:attachment":[{"href":"https:\/\/cozinhadave.com\/fr\/wp-json\/wp\/v2\/media?parent=21056"}],"curies":[{"name":"wp","href":"https:\/\/api.w.org\/{rel}","templated":true}]}}