{"id":141,"date":"2019-08-20T06:03:37","date_gmt":"2019-08-20T06:03:37","guid":{"rendered":"https:\/\/websitedemos.net\/nutritionist-02-wip\/?page_id=141"},"modified":"2024-06-08T18:53:27","modified_gmt":"2024-06-08T18:53:27","slug":"qui-nous-sommes","status":"publish","type":"page","link":"https:\/\/cozinhadave.com\/fr\/qui-nous-sommes\/","title":{"rendered":"Qui nous sommes"},"content":{"rendered":"<div class=\"wp-block-uagb-container uagb-block-bdc10053 alignfull uagb-is-root-container\"><div class=\"uagb-container-inner-blocks-wrap\">\n<div class=\"wp-block-uagb-container uagb-block-cfdd1cbf\"><\/div>\n\n\n\n<div class=\"wp-block-uagb-container uagb-block-c9575796\"><div class=\"wp-block-image\">\n<figure class=\"aligncenter size-full is-resized\"><img loading=\"lazy\" decoding=\"async\" width=\"400\" height=\"400\" src=\"http:\/\/cozinhadave.com\/wp-content\/uploads\/2022\/02\/veronica.png\" alt=\"\" class=\"wp-image-10122\" style=\"width:300px\" srcset=\"https:\/\/cozinhadave.com\/wp-content\/uploads\/2022\/02\/veronica.png 400w, https:\/\/cozinhadave.com\/wp-content\/uploads\/2022\/02\/veronica-300x300.png 300w, https:\/\/cozinhadave.com\/wp-content\/uploads\/2022\/02\/veronica-150x150.png 150w\" sizes=\"auto, (max-width: 400px) 100vw, 400px\" \/><\/figure>\n<\/div>\n\n\n<h2 class=\"wp-block-heading\">Salut, je m&#039;appelle V\u00e9ronique<\/h2>\n\n\n\n<p>Bonjour, je suis Ver\u00f4nica Ribeiro, une Br\u00e9silienne passionn\u00e9e par la nourriture et la cuisine. Depuis mon plus jeune \u00e2ge, j'ai toujours aim\u00e9 cuisiner et partager mes recettes avec ma famille et mes amis. <\/p>\n\n\n\n<p>Mon amour pour la cuisine a commenc\u00e9 d\u00e8s mon plus jeune \u00e2ge et s'est transform\u00e9 au fil des ans en une passion qui me permet d'exprimer ma cr\u00e9ativit\u00e9 et de partager des moments heureux avec les gens que j'aime.<\/p>\n\n\n\n<p>En 2009, j'ai d\u00e9m\u00e9nag\u00e9 au Portugal, o\u00f9 j'ai \u00e9pous\u00e9 mon mari Paulo. J'y ai d\u00e9couvert une nouvelle culture et un riche patrimoine culinaire qui m'ont incit\u00e9e \u00e0 apprendre de nouvelles recettes et techniques. <\/p>\n\n\n\n<p>Au fil du temps, j'ai commenc\u00e9 \u00e0 partager mes exp\u00e9riences et mes recettes avec mes amis et ma famille, qui m'ont toujours encourag\u00e9e \u00e0 continuer.<\/p>\n\n\n\n<p>En 2020, j'ai d\u00e9cid\u00e9 de cr\u00e9er le <a href=\"http:\/\/cozinhadave.com\/fr\/\" data-type=\"link\" data-id=\"http:\/\/cozinhadave.com\">Cozinhadave.com<\/a> et une cha\u00eene de recettes sur <a href=\"https:\/\/www.youtube.com\/channel\/UCnUrXVYh2qurSJJBM2rJfyg\" data-type=\"link\" data-id=\"https:\/\/www.youtube.com\/channel\/UCnUrXVYh2qurSJJBM2rJfyg\" target=\"_blank\" rel=\"noopener\">YouTube<\/a>o\u00f9 je peux partager mes recettes luso-br\u00e9siliennes et d'autres recettes d\u00e9licieuses avec un public plus large. <\/p>\n\n\n\n<p>Mon objectif est de montrer que la cuisine peut \u00eatre un moyen de rapprocher les gens et les cultures, et que la nourriture peut \u00eatre un lien qui nous unit.<\/p>\n\n\n\n<p>Mon mari Paulo est mon partenaire dans tous les domaines. Il est le cam\u00e9raman, le monteur vid\u00e9o et le responsable du marketing et des relations publiques.<\/p>\n\n\n\n<p> Ensemble, nous travaillons dur pour cr\u00e9er un contenu de haute qualit\u00e9 qui, avant tout, offre une grande valeur \u00e0 notre public.<\/p>\n\n\n\n<h2 class=\"wp-block-heading\">Vid\u00e9o de pr\u00e9sentation de la cha\u00eene YouTube<\/h2>\n\n\n\n<figure class=\"wp-block-embed is-provider-youtube wp-block-embed-youtube\"><div class=\"wp-block-embed__wrapper\">\n<div class=\"nv-iframe-embed\"><iframe loading=\"lazy\" title=\"Bienvenue sur la cha\u00eene A Cozinha da V\u00ea\" width=\"1200\" height=\"675\" src=\"https:\/\/www.youtube.com\/embed\/eRXSqQtYJd4?feature=oembed\" frameborder=\"0\" allow=\"accelerometer; autoplay; clipboard-write; encrypted-media; gyroscope; picture-in-picture; web-share\" referrerpolicy=\"strict-origin-when-cross-origin\" allowfullscreen><\/iframe><\/div>\n<\/div><\/figure>\n\n\n\n<h2 class=\"wp-block-heading\">Droits d'auteur et utilisation du contenu<\/h2>\n\n\n\n<p>Toutes les photographies du site sont la propri\u00e9t\u00e9 de \"A Cozinha da V\u00ea\" et sont prot\u00e9g\u00e9es par le droit d'auteur. <\/p>\n\n\n\n<p>Nous ne voyons pas d'inconv\u00e9nient \u00e0 ce que nos photos soient republi\u00e9es sur d'autres sites, \u00e0 condition que l'auteur soit cit\u00e9 avec un lien vers cozinhadave.com, <strong>nous n'autorisons pas la republication de tout ou partie d'une recette sur notre site.<\/strong><\/p>\n\n\n\n<h2 class=\"wp-block-heading\">\u00c0 propos des commentaires<\/h2>\n\n\n\n<p>Les commentaires et les critiques de recettes sont toujours les bienvenus et appr\u00e9ci\u00e9s. Toutefois, nous ne tol\u00e9rons pas l'utilisation d'un langage offensant ou la violation des droits d'auteur.<\/p>\n\n\n\n<h2 class=\"wp-block-heading\">\u00c0 propos de l'\u00e9quipe<\/h2>\n\n\n\n<p>Je suis l'actrice principale du projet, et mon mari Paulo est le cam\u00e9raman, le monteur et le promoteur des vid\u00e9os. <\/p>\n\n\n\n<p>Ensemble, nous nous effor\u00e7ons de cr\u00e9er un contenu amusant, pratique et facile \u00e0 suivre.<\/p>\n\n\n\n<h2 class=\"wp-block-heading\">Objectifs<\/h2>\n\n\n\n<p>Notre objectif est de cr\u00e9er un site web et une cha\u00eene de recettes qui soient utiles et agr\u00e9ables pour nos visiteurs. <\/p>\n\n\n\n<p>Nous esp\u00e9rons que vous appr\u00e9cierez ce que nous faisons et que vous partagerez nos recettes avec vos amis et votre famille.<\/p>\n\n\n\n<h2 class=\"wp-block-heading\">Contact<\/h2>\n\n\n\n<p>Si vous avez des questions ou des suggestions, n'h\u00e9sitez pas \u00e0 nous contacter. <a href=\"http:\/\/cozinhadave.com\/fr\/contactez\/\">nous contacter<\/a>. <\/p>\n\n\n\n<p>Nous sommes toujours disponibles pour \u00e9couter vos opinions et am\u00e9liorer notre contenu.<\/p>\n\n\n\n<h2 class=\"wp-block-heading\">droits d&#039;auteur<\/h2>\n\n\n\n<p>Tous droits r\u00e9serv\u00e9s. <\/p>\n\n\n\n<p>Aucune partie de ce blog ne peut \u00eatre reproduite ou utilis\u00e9e sous quelque forme ou par quelque moyen que ce soit, \u00e9lectronique ou m\u00e9canique, y compris, mais sans s'y limiter, la photocopie, l'enregistrement ou tout syst\u00e8me de stockage et de r\u00e9cup\u00e9ration de l'information, sans l'autorisation \u00e9crite pr\u00e9alable de l'auteur.<\/p>\n<\/div>\n\n\n\n<div class=\"wp-block-uagb-container uagb-block-27a4cf1a\"><\/div>\n<\/div><\/div>","protected":false},"excerpt":{"rendered":"<p>Ol\u00e1, eu sou a Ver\u00f4nica Ol\u00e1, eu sou Ver\u00f4nica Ribeiro, uma brasileira apaixonada por comida e culin\u00e1ria. Desde jovem, eu sempre amei cozinhar e compartilhar minhas receitas com a minha fam\u00edlia e amigos. Meu amor pela cozinha come\u00e7ou muito cedo e se desenvolveu ao longo dos anos, tornando-se uma paix\u00e3o que me permite expressar minha&hellip;&nbsp;<\/p>\n<div class=\"read-more-wrapper\"><a href=\"https:\/\/cozinhadave.com\/fr\/qui-nous-sommes\/\" class=\"button button-secondary\" rel=\"bookmark\">Lire la suite \"<span class=\"screen-reader-text\">Qui nous sommes<\/span><\/a><\/div>","protected":false},"author":1,"featured_media":0,"parent":0,"menu_order":0,"comment_status":"closed","ping_status":"closed","template":"","meta":{"_uag_custom_page_level_css":"","wprm-recipe-roundup-name":"","wprm-recipe-roundup-description":"","neve_meta_sidebar":"","neve_meta_container":"","neve_meta_enable_content_width":"","neve_meta_content_width":0,"neve_meta_title_alignment":"","neve_meta_author_avatar":"","neve_post_elements_order":"","neve_meta_disable_header":"","neve_meta_disable_footer":"","neve_meta_disable_title":"","neve_meta_reading_time":"","footnotes":""},"class_list":["post-141","page","type-page","status-publish","hentry"],"uagb_featured_image_src":{"full":false,"thumbnail":false,"medium":false,"medium_large":false,"large":false,"1536x1536":false,"2048x2048":false,"trp-custom-language-flag":false,"ultp_layout_landscape_large":false,"ultp_layout_landscape":false,"ultp_layout_portrait":false,"ultp_layout_square":false,"wprm-metadata-1_1":false,"wprm-metadata-4_3":false,"wprm-metadata-16_9":false,"neve-blog":false},"uagb_author_info":{"display_name":"cozinhadave","author_link":"https:\/\/cozinhadave.com\/fr\/author\/cozinhadave\/"},"uagb_comment_info":0,"uagb_excerpt":"Ol\u00e1, eu sou a Ver\u00f4nica Ol\u00e1, eu sou Ver\u00f4nica Ribeiro, uma brasileira apaixonada por comida e culin\u00e1ria. Desde jovem, eu sempre amei cozinhar e compartilhar minhas receitas com a minha fam\u00edlia e amigos. Meu amor pela cozinha come\u00e7ou muito cedo e se desenvolveu ao longo dos anos, tornando-se uma paix\u00e3o que me permite expressar minha&hellip;&nbsp;Ler\u2026","_links":{"self":[{"href":"https:\/\/cozinhadave.com\/fr\/wp-json\/wp\/v2\/pages\/141","targetHints":{"allow":["GET"]}}],"collection":[{"href":"https:\/\/cozinhadave.com\/fr\/wp-json\/wp\/v2\/pages"}],"about":[{"href":"https:\/\/cozinhadave.com\/fr\/wp-json\/wp\/v2\/types\/page"}],"author":[{"embeddable":true,"href":"https:\/\/cozinhadave.com\/fr\/wp-json\/wp\/v2\/users\/1"}],"replies":[{"embeddable":true,"href":"https:\/\/cozinhadave.com\/fr\/wp-json\/wp\/v2\/comments?post=141"}],"version-history":[{"count":0,"href":"https:\/\/cozinhadave.com\/fr\/wp-json\/wp\/v2\/pages\/141\/revisions"}],"wp:attachment":[{"href":"https:\/\/cozinhadave.com\/fr\/wp-json\/wp\/v2\/media?parent=141"}],"curies":[{"name":"wp","href":"https:\/\/api.w.org\/{rel}","templated":true}]}}