{"id":2520,"date":"2020-06-10T10:34:00","date_gmt":"2020-06-10T10:34:00","guid":{"rendered":"http:\/\/cozinhadave.com\/?page_id=2520"},"modified":"2024-05-17T07:50:21","modified_gmt":"2024-05-17T07:50:21","slug":"politica-de-privacidad","status":"publish","type":"page","link":"https:\/\/cozinhadave.com\/es\/politica-de-privacidad\/","title":{"rendered":"Pol\u00edtica de privacidad"},"content":{"rendered":"<section class=\"wp-block-uagb-columns uagb-columns__wrap uagb-columns__stack-mobile uagb-columns__valign- uagb-columns__gap-10 align uagb-block-9e81a303 uagb-columns__columns-3 uagb-columns__max_width-theme\"><div class=\"uagb-columns__overlay\"><\/div><div class=\"uagb-columns__inner-wrap uagb-columns__columns-3\">\n<div class=\"wp-block-uagb-column uagb-column__wrap uagb-column__background-undefined uagb-block-2b0d5ede\"><div class=\"uagb-column__overlay\"><\/div><\/div>\n\n\n\n<div class=\"wp-block-uagb-column uagb-column__wrap uagb-column__background-undefined uagb-block-1ed71411\"><div class=\"uagb-column__overlay\"><\/div>\n<h2 class=\"wp-block-heading has-text-align-center\">POL\u00cdTICA DE PRIVACIDAD<\/h2>\n\n\n\n<p>Su privacidad es importante para nosotros. Es pol\u00edtica de Cozinha da V\u00ea respetar su privacidad en relaci\u00f3n con cualquier informaci\u00f3n que podamos recopilar de usted en el sitio web. <a href=\"http:\/\/wordpress-499621-1581616.cloudwaysapps.com\" target=\"_blank\" rel=\"noopener\">la cocina de Ve<\/a>y otros sitios web que poseemos y operamos.<\/p>\n\n\n\n<p>Solo solicitamos informaci\u00f3n personal cuando realmente la necesitamos para brindarle un servicio. Hacemos esto por medios justos y legales, con su conocimiento y consentimiento. Tambi\u00e9n le decimos por qu\u00e9 lo recopilamos y c\u00f3mo se utilizar\u00e1.<\/p>\n\n\n\n<p>Solo conservamos la informaci\u00f3n recopilada durante el tiempo que sea necesario para proporcionar el servicio solicitado. Cuando almacenamos datos, los protegemos dentro de los medios comercialmente aceptables para evitar p\u00e9rdidas y robos, as\u00ed como acceso, divulgaci\u00f3n, copia, uso o modificaci\u00f3n no autorizados.<\/p>\n\n\n\n<p>No compartimos informaci\u00f3n de identificaci\u00f3n personal p\u00fablicamente o con terceros, excepto seg\u00fan lo exija la ley.<\/p>\n\n\n\n<p>Nuestro sitio web puede tener enlaces a sitios web externos que no son operados por nosotros. Tenga en cuenta que no tenemos control sobre el contenido y las pr\u00e1cticas de estos sitios y no podemos aceptar responsabilidad por sus respectivos <a href=\"https:\/\/politicaprivacidade.com\" target=\"_BLANK\" rel=\"noopener\">pol\u00edticas de privacidad<\/a>.<\/p>\n\n\n\n<p>Usted es libre de rechazar nuestra solicitud de informaci\u00f3n personal, en el entendimiento de que es posible que no podamos brindarle algunos de los servicios que necesita.<\/p>\n\n\n\n<p>Su uso continuado de nuestro sitio web se considerar\u00e1 como la aceptaci\u00f3n de nuestras pr\u00e1cticas sobre privacidad e informaci\u00f3n personal. Si tiene alguna pregunta sobre c\u00f3mo manejamos los datos de los usuarios y la informaci\u00f3n personal, comun\u00edquese con nosotros.<\/p>\n\n\n\n<h2 class=\"wp-block-heading\">Pol\u00edtica de Cookies Cozinha da V\u00ea<\/h2>\n\n\n\n<h3 class=\"wp-block-heading\">\u00bfQu\u00e9 son las galletas?<\/h3>\n\n\n\n<p>Como es pr\u00e1ctica com\u00fan en casi todos los sitios web profesionales, este sitio utiliza cookies, que son peque\u00f1os archivos que se descargan en su computadora, para mejorar su experiencia. Esta p\u00e1gina describe qu\u00e9 informaci\u00f3n recopilan, c\u00f3mo la usamos y por qu\u00e9 a veces necesitamos almacenar estas cookies. Tambi\u00e9n compartiremos c\u00f3mo puede evitar que se almacenen estas cookies, sin embargo, esto puede degradar o &quot;romper&quot; ciertos elementos de la funcionalidad del sitio web.<\/p>\n\n\n\n<h3 class=\"wp-block-heading\">C\u00f3mo usamos las cookies?<\/h3>\n\n\n\n<p>Usamos cookies por una variedad de razones, que se detallan a continuaci\u00f3n. Desafortunadamente, en la mayor\u00eda de los casos, no existen opciones est\u00e1ndar de la industria para deshabilitar las cookies sin deshabilitar por completo la funcionalidad y las caracter\u00edsticas que agregan a este sitio. Se recomienda que deje todas las cookies si no est\u00e1 seguro de si las necesita o no si se utilizan para proporcionar un servicio que utiliza.<\/p>\n\n\n\n<h3 class=\"wp-block-heading\">deshabilitar las cookies<\/h3>\n\n\n\n<p>Puede evitar que se establezcan cookies ajustando la configuraci\u00f3n de su navegador (consulte la Ayuda de su navegador para saber c\u00f3mo hacerlo). Tenga en cuenta que deshabilitar las cookies afectar\u00e1 la funcionalidad de este y muchos otros sitios web que visite. Deshabilitar las cookies generalmente resultar\u00e1 en la deshabilitaci\u00f3n de ciertas funciones y caracter\u00edsticas de este sitio web. Por lo tanto, se recomienda que no deshabilite las cookies.<\/p>\n\n\n\n<h3 class=\"wp-block-heading\">Cookies que configuramos<\/h3>\n\n\n\n<ul class=\"wp-block-list\">\n<li>Cookies relacionadas con la cuenta <p>Si crea una cuenta con nosotros, utilizaremos cookies para gestionar el proceso de registro y la administraci\u00f3n general. Estas cookies generalmente se eliminar\u00e1n cuando cierre sesi\u00f3n en el sistema, sin embargo, en algunos casos, pueden permanecer despu\u00e9s para recordar sus preferencias de sitio cuando cierre sesi\u00f3n.<\/p> <\/li>\n\n\n\n<li>Cookies relacionadas con el inicio de sesi\u00f3n <p>Usamos cookies cuando est\u00e1 conectado para que podamos recordar esta acci\u00f3n. Esto le evita tener que iniciar sesi\u00f3n cada vez que visita una nueva p\u00e1gina. Estas cookies normalmente se eliminan o borran cuando cierra sesi\u00f3n para garantizar que solo pueda acceder a funciones y \u00e1reas restringidas cuando inicie sesi\u00f3n.<\/p> <\/li>\n\n\n\n<li>Cookies relacionadas con boletines de correo electr\u00f3nico <p>Este sitio web ofrece servicios de suscripci\u00f3n a boletines o correo electr\u00f3nico y se pueden utilizar cookies para recordar si ya est\u00e1 registrado y si mostrar ciertas notificaciones v\u00e1lidas solo para usuarios suscritos o no suscritos.<\/p> <\/li>\n\n\n\n<li>Cookies relacionadas con el procesamiento de pedidos <p>Este sitio web ofrece comercio electr\u00f3nico o facilidades de pago y algunas cookies son esenciales para garantizar que su pedido sea recordado entre p\u00e1ginas para que podamos procesarlo correctamente.<\/p> <\/li>\n\n\n\n<li>Cookies relacionadas con encuestas <p>De vez en cuando, ofrecemos encuestas y cuestionarios para brindarle informaci\u00f3n interesante, herramientas \u00fatiles o para comprender nuestra base de usuarios con mayor precisi\u00f3n. Estas encuestas pueden usar cookies para recordar qui\u00e9n ya particip\u00f3 en una encuesta o para proporcionar resultados precisos despu\u00e9s de cambiar de p\u00e1gina.<\/p> <\/li>\n\n\n\n<li>Cookies relacionadas con formularios <p>Cuando env\u00eda datos a trav\u00e9s de un formulario como los que se encuentran en las p\u00e1ginas de contacto o formularios de comentarios, las cookies pueden configurarse para recordar los detalles del usuario para correspondencia futura.<\/p> <\/li>\n\n\n\n<li>Cookies de preferencia del sitio <p>Para brindarle una gran experiencia en este sitio web, proporcionamos la funcionalidad para configurar sus preferencias sobre c\u00f3mo se ejecuta este sitio web cuando lo usa. Para recordar sus preferencias, necesitamos configurar cookies para que esta informaci\u00f3n pueda ser llamada cada vez que interact\u00fae con una p\u00e1gina que se ve afectada por sus preferencias.<\/p><\/li>\n<\/ul>\n\n\n\n<h3 class=\"wp-block-heading\">Cookies de terceros<\/h3>\n\n\n\n<p>En algunos casos especiales, tambi\u00e9n utilizamos cookies proporcionadas por terceros de confianza. La siguiente secci\u00f3n detalla qu\u00e9 cookies de terceros puede encontrar a trav\u00e9s de este sitio web.<\/p>\n\n\n\n<ul class=\"wp-block-list\">\n<li>Este sitio web utiliza Google Analytics, que es una de las soluciones de an\u00e1lisis m\u00e1s extendidas y confiables en la web, para ayudarnos a comprender c\u00f3mo usa el sitio web y c\u00f3mo podemos mejorar su experiencia. Estas cookies pueden rastrear cosas como cu\u00e1nto tiempo pasa en el sitio y las p\u00e1ginas que visita para que podamos continuar produciendo contenido atractivo.<\/li>\n<\/ul>\n\n\n\n<p>Para obtener m\u00e1s informaci\u00f3n sobre las cookies de Google Analytics, consulte la p\u00e1gina oficial de Google Analytics.<\/p>\n\n\n\n<ul class=\"wp-block-list\">\n<li>Los an\u00e1lisis de terceros se utilizan para rastrear y medir el uso de este sitio web para que podamos continuar produciendo contenido atractivo. Estas cookies pueden rastrear cosas como el tiempo que pasa en el sitio web o las p\u00e1ginas que visita, lo que nos ayuda a comprender c\u00f3mo podemos mejorar el sitio web para usted.<\/li>\n\n\n\n<li>De vez en cuando, probamos nuevas funciones y hacemos cambios sutiles en la apariencia del sitio. Cuando todav\u00eda estamos probando nuevas funciones, estas cookies pueden usarse para garantizar que reciba una experiencia consistente mientras est\u00e1 en el sitio, mientras entendemos qu\u00e9 optimizaciones aprecian m\u00e1s nuestros usuarios.<\/li>\n\n\n\n<li>A medida que vendemos productos, es importante que entendamos las estad\u00edsticas sobre cu\u00e1ntos visitantes de nuestro sitio web realmente compran, por lo que este es el tipo de datos que rastrear\u00e1n estas cookies. Esto es importante para usted, ya que significa que podemos hacer pron\u00f3sticos comerciales precisos que nos permitan analizar nuestros costos de publicidad y productos para garantizar que obtenga el mejor precio posible.<\/li>\n\n\n\n<li>El servicio Google AdSense que utilizamos para publicar anuncios utiliza una cookie de DoubleClick para publicar anuncios m\u00e1s relevantes en la web y limitar la cantidad de veces que se le muestra un anuncio en particular.<br>Para obtener m\u00e1s informaci\u00f3n sobre AdSense, consulte las preguntas frecuentes oficiales sobre la privacidad de AdSense.<\/li>\n\n\n\n<li>Usamos anuncios para compensar los costos de funcionamiento de este sitio y para proporcionar fondos para desarrollos futuros. Las cookies de publicidad conductual utilizadas por este sitio web est\u00e1n dise\u00f1adas para garantizar que proporcione los anuncios m\u00e1s relevantes siempre que sea posible, rastreando de forma an\u00f3nima sus intereses y presentando cosas similares que pueden ser de su inter\u00e9s.<\/li>\n\n\n\n<li>Varios socios anuncian en nuestro nombre y las cookies de seguimiento de afiliados simplemente nos permiten ver si nuestros clientes accedieron al sitio a trav\u00e9s de uno de los sitios web de nuestros socios para que podamos acreditarlos adecuadamente y, cuando corresponda, permitir que nuestros socios afiliados ofrezcan cualquier promoci\u00f3n que pueda proporcionarle para realizar una compra.<\/li>\n<\/ul>\n\n\n\n<h3 class=\"wp-block-heading\">Mas informaciones<\/h3>\n\n\n\n<p>Con suerte, esto est\u00e1 claro y, como se mencion\u00f3 anteriormente, si hay algo que no est\u00e1 seguro de necesitar o no, generalmente es m\u00e1s seguro dejar las cookies habilitadas en caso de que interact\u00fae con una de las funciones que usa en nuestro sitio.<\/p>\n\n\n\n<p>Esta pol\u00edtica es efectiva a partir de <strong>enero\/2020<\/strong>.<\/p>\n<\/div>\n\n\n\n<div class=\"wp-block-uagb-column uagb-column__wrap uagb-column__background-undefined uagb-block-d37ebb6e\"><div class=\"uagb-column__overlay\"><\/div><\/div>\n<\/div><\/section>","protected":false},"excerpt":{"rendered":"<p>POL\u00cdTICA DE PRIVACIDADE A sua privacidade \u00e9 importante para n\u00f3s. \u00c9 pol\u00edtica do Cozinha da V\u00ea respeitar a sua privacidade em rela\u00e7\u00e3o a qualquer informa\u00e7\u00e3o sua que possamos coletar no site Cozinha da V\u00ea, e outros sites que possu\u00edmos e operamos. Solicitamos informa\u00e7\u00f5es pessoais apenas quando realmente precisamos delas para lhe fornecer um servi\u00e7o. Fazemo-lo&hellip;&nbsp;<\/p>\n<div class=\"read-more-wrapper\"><a href=\"https:\/\/cozinhadave.com\/es\/politica-de-privacidad\/\" class=\"button button-secondary\" rel=\"bookmark\">Leer m\u00e1s \"<span class=\"screen-reader-text\">Pol\u00edtica de privacidad<\/span><\/a><\/div>","protected":false},"author":3,"featured_media":0,"parent":0,"menu_order":0,"comment_status":"closed","ping_status":"closed","template":"","meta":{"_uag_custom_page_level_css":"","wprm-recipe-roundup-name":"","wprm-recipe-roundup-description":"","neve_meta_sidebar":"","neve_meta_container":"","neve_meta_enable_content_width":"","neve_meta_content_width":0,"neve_meta_title_alignment":"","neve_meta_author_avatar":"","neve_post_elements_order":"","neve_meta_disable_header":"","neve_meta_disable_footer":"","neve_meta_disable_title":"","neve_meta_reading_time":"","footnotes":""},"class_list":["post-2520","page","type-page","status-publish","hentry"],"uagb_featured_image_src":{"full":false,"thumbnail":false,"medium":false,"medium_large":false,"large":false,"1536x1536":false,"2048x2048":false,"trp-custom-language-flag":false,"ultp_layout_landscape_large":false,"ultp_layout_landscape":false,"ultp_layout_portrait":false,"ultp_layout_square":false,"wprm-metadata-1_1":false,"wprm-metadata-4_3":false,"wprm-metadata-16_9":false,"neve-blog":false},"uagb_author_info":{"display_name":"Ver\u00f4nica Ribeiro","author_link":"https:\/\/cozinhadave.com\/es\/author\/veronica-ribeiro\/"},"uagb_comment_info":0,"uagb_excerpt":"POL\u00cdTICA DE PRIVACIDADE A sua privacidade \u00e9 importante para n\u00f3s. \u00c9 pol\u00edtica do Cozinha da V\u00ea respeitar a sua privacidade em rela\u00e7\u00e3o a qualquer informa\u00e7\u00e3o sua que possamos coletar no site Cozinha da V\u00ea, e outros sites que possu\u00edmos e operamos. Solicitamos informa\u00e7\u00f5es pessoais apenas quando realmente precisamos delas para lhe fornecer um servi\u00e7o. Fazemo-lo&hellip;&nbsp;Ler&hellip;","_links":{"self":[{"href":"https:\/\/cozinhadave.com\/es\/wp-json\/wp\/v2\/pages\/2520","targetHints":{"allow":["GET"]}}],"collection":[{"href":"https:\/\/cozinhadave.com\/es\/wp-json\/wp\/v2\/pages"}],"about":[{"href":"https:\/\/cozinhadave.com\/es\/wp-json\/wp\/v2\/types\/page"}],"author":[{"embeddable":true,"href":"https:\/\/cozinhadave.com\/es\/wp-json\/wp\/v2\/users\/3"}],"replies":[{"embeddable":true,"href":"https:\/\/cozinhadave.com\/es\/wp-json\/wp\/v2\/comments?post=2520"}],"version-history":[{"count":0,"href":"https:\/\/cozinhadave.com\/es\/wp-json\/wp\/v2\/pages\/2520\/revisions"}],"wp:attachment":[{"href":"https:\/\/cozinhadave.com\/es\/wp-json\/wp\/v2\/media?parent=2520"}],"curies":[{"name":"wp","href":"https:\/\/api.w.org\/{rel}","templated":true}]}}