{"id":21193,"date":"2024-07-02T08:28:02","date_gmt":"2024-07-02T08:28:02","guid":{"rendered":"http:\/\/cozinhadave.com\/?page_id=21193"},"modified":"2024-07-02T10:15:45","modified_gmt":"2024-07-02T10:15:45","slug":"recetas","status":"publish","type":"page","link":"https:\/\/cozinhadave.com\/es\/recetas\/","title":{"rendered":"RECETAS"},"content":{"rendered":"<div class=\"wp-block-uagb-advanced-heading uagb-block-ca604257\"><h2 class=\"uagb-heading-text\">RECETAS CULINARIAS<\/h2><p class=\"uagb-desc-text\">Consulte nuestras recetas de cocina<\/p><\/div>\n\n\n\n<div class=\"wp-block-uagb-container uagb-block-26a8be47 alignfull uagb-is-root-container\"><div class=\"uagb-container-inner-blocks-wrap\">\n<div class=\"wp-block-uagb-container uagb-block-71bdc037\"><\/div>\n\n\n\n<div class=\"wp-block-uagb-container uagb-block-46bd2a80\">\n<p>Francamente; solo comida de verdad. Explore cientos de recetas sencillas que utilizan ingredientes alimentarios reales y sencillos. \u00a1Har\u00e1n las delicias incluso de los comensales m\u00e1s exigentes!&nbsp;<\/p>\n\n\n\n<p>Incluye opciones para todo tipo de recetas, con especial atenci\u00f3n a la cocina portuguesa-brasile\u00f1a. Estas recetas est\u00e1n rigurosamente probadas, por lo que siempre obtendr\u00e1s resultados infalibles, con fotos y v\u00eddeos del paso a paso para que tengas todo el apoyo que necesitas.<\/p>\n\n\n<div  class=\"wp-block-ultimate-post-advanced-search ultp-block-f6cd4a\"><div class=\"ultp-block-wrapper\"><div class=\"ultp-search-container ultp-search-frontend\"  data-ajax=\"1\" data-gosearch=\"1\" data-enablenewtab=\"\" data-blockid=\"f6cd4a\" \n                    data-image=\"1\"  data-author= \"data-date=\"\"\" data-excerpt=\"1\" data-excerptlimit=\"25\" data-allresult=\"1\" data-catenable=\"\"  data-postno=\"3\"  data-noresultext=\"N\u00e3o foram encontrados resultados\"  data-viewmoretext=\"View More Results\"  data-popupposition=\"right\" data-searchposttype=\"\"><div class=\"ultp-searchform-content ultp-searchform-input1\"><div class=\"ultp-search-inputwrap\"> <input type=\"text\" value=\"\" class=\"ultp-searchres-input\"  placeholder=\"buscar recetas\"\/> <span class=\"ultp-search-clear\" data-blockid=\"f6cd4a\"><svg xmlns=\"http:\/\/www.w3.org\/2000\/svg\" fill=\"none\" viewbox=\"0 0 24 24\">\n  <path stroke=\"currentColor\" stroke-linecap=\"round\" stroke-width=\"1.5\" d=\"m6 6 6 6m0 0 6 6m-6-6 6-6m-6 6-6 6\"\/>\n<\/svg>\n<\/span> <\/div><div class=\"ultp-search-button\"><svg xmlns=\"http:\/\/www.w3.org\/2000\/svg\" fill=\"none\" viewbox=\"0 0 24 24\">\n  <path stroke=\"currentColor\" stroke-linecap=\"round\" stroke-linejoin=\"round\" stroke-width=\"1.5\" d=\"M11 19a8 8 0 1 0 0-16 8 8 0 0 0 0 16Zm10 2-4.35-4.35\"\/>\n<\/svg>\n<span class=\"ultp-search-button__text\"> Buscar en <\/span><\/div><\/div><\/div><\/div><\/div><\/div>\n\n\n\n<div class=\"wp-block-uagb-container uagb-block-59e8365b\"><\/div>\n<\/div><\/div>\n\n\n\n<div class=\"wp-block-uagb-container uagb-block-bb890383 alignfull uagb-is-root-container\"><div class=\"uagb-container-inner-blocks-wrap\">\n<div class=\"wp-block-uagb-container uagb-block-07f24e17\"><\/div>\n\n\n\n<div class=\"wp-block-uagb-container uagb-block-894989ec\"><div  class=\"ultp-post-grid-block wp-block-ultimate-post-post-list-3 ultp-block-e931a7\"><div class=\"ultp-block-wrapper\"><div class=\"ultp-loading\"><div class=\"ultp-loading-blocks\" style=\"width:100%;height:100%;\"><div style=\"left: 0;top: 0;animation-delay:0s;\"><\/div><div style=\"left: 21px;top: 0;animation-delay:0.125s;\"><\/div><div style=\"left: 42px;top: 0;animation-delay:0.25s;\"><\/div><div style=\"left: 0;top: 21px;animation-delay:0.875s;\"><\/div><div style=\"left: 42px;top: 21px;animation-delay:0.375s;\"><\/div><div style=\"left: 0;top: 42px;animation-delay:0.75s;\"><\/div><div style=\"left: 42px;top: 42px;animation-delay:0.625s;\"><\/div><div style=\"left: 21px;top: 42px;animation-delay:0.5s;\"><\/div><\/div><\/div><div class=\"ultp-heading-filter\"><div class=\"ultp-heading-filter-in\"><div class=\"ultp-filter-navigation\"><div class=\"ultp-filter-wrap\" data-taxtype=\"category\" data-blockid=\"e931a7\" data-blockname=\"ultimate-post_post-list-3\" data-postid=\"21193\"data-selfpostid=\"yes\"><ul  data-name=\"More\"><li class=\"filter-item\"><a class=\"filter-active\" data-taxonomy=\"\" href=\"#\">TODOS<\/a><\/li><li class=\"filter-item\"><a data-taxonomy=\"bebidas\" href=\"#\">BEBIDAS<\/a><\/li><li class=\"filter-item\"><a data-taxonomy=\"pratos-principais\" href=\"#\">PLATOS PRINCIPALES<\/a><\/li><li class=\"filter-item\"><a data-taxonomy=\"petiscos\" href=\"#\">APERITIVOS SALADOS<\/a><\/li><li class=\"filter-item\"><a data-taxonomy=\"doces-sobremesas\" href=\"#\">POSTRES<\/a><\/li><li class=\"filter-item\"><a data-taxonomy=\"acompanhamentos\" href=\"#\">GUARNICIONES<\/a><\/li><li class=\"filter-item\"><a data-taxonomy=\"sopas\" href=\"#\">SOPAS<\/a><\/li><li class=\"filter-item\"><a data-taxonomy=\"saladas\" href=\"#\">ENSALADAS<\/a><\/li><li class=\"filter-item\"><a data-taxonomy=\"molhos-cremes\" href=\"#\">ALMAS<\/a><\/li><li class=\"filter-item\"><a data-taxonomy=\"massas\" href=\"#\">MASAS<\/a><\/li><li class=\"filter-item\"><a data-taxonomy=\"comidas-saudaveis\" href=\"#\">COMIDAS SALUDABLES<\/a><\/li><li class=\"filter-item\"><a data-taxonomy=\"low-carb\" href=\"#\">BAJA EN CARBOHIDRATOS<\/a><\/li><\/ul><\/div><\/div><\/div><\/div><div class=\"ultp-block-items-wrap ultp-block-row ultp-block-column-1 ultp-block-content-middle ultp-layout1\"><div class=\"ultp-block-item ultp-block-media post-id-14060\"><div class=\"ultp-block-content-wrap\"><div class=\"ultp-block-image ultp-block-image-opacity\"><a href=\"https:\/\/cozinhadave.com\/es\/sopa-de-lentejas-con-chorizo\/\"><img decoding=\"async\"  alt=\"sopa de lentejas con chorizo\"  src=\"https:\/\/cozinhadave.com\/wp-content\/uploads\/2022\/11\/sopa-de-lentilha-com-linguica-600x600.jpg\" \/><\/a><\/div><div class=\"ultp-block-content\"><div class=\"ultp-category-grid ultp-category-classic ultp-category-aboveTitle\"><div class=\"ultp-category-in\"><a class=\"ultp-cat-sopas\" href=\"https:\/\/cozinhadave.com\/es\/categoria\/recetas\/sopas\/\">SOPAS<\/a><\/div><\/div><h3 class=\"ultp-block-title\"><a href=\"https:\/\/cozinhadave.com\/es\/sopa-de-lentejas-con-chorizo\/\">Sopa de lentejas con chorizo<\/a><\/h3><div class=\"ultp-block-excerpt\"><p>Que tal fazer uma irresist\u00edvel sopa de lentilha com lingui\u00e7a? Este \u00e9 um prato irresist\u00edvel para quem \u00e9 f\u00e3 de uma refei\u00e7\u00e3o muito gostosa e cheia de sust\u00e2ncia. Afinal de contas, a combina\u00e7\u00e3o de seus principais ingredientes garantem o melhor&hellip;<\/p>\n<\/div><div class=\"ultp-block-readmore\"><a aria-label=\"Sopa de lentejas con chorizo\" href=\"https:\/\/cozinhadave.com\/es\/sopa-de-lentejas-con-chorizo\/\">M\u00e1s informaci\u00f3n<svg xmlns=\"http:\/\/www.w3.org\/2000\/svg\" fill=\"none\" viewbox=\"0 0 24 24\">\n  <path stroke=\"currentColor\" stroke-linecap=\"round\" stroke-linejoin=\"round\" stroke-width=\"1.5\" d=\"m12 20.5 8.5-8.5m0 0L12 3.5m8.5 8.5h-17\"\/>\n<\/svg>\n<\/a><\/div><\/div><\/div><\/div><div class=\"ultp-block-item ultp-block-media post-id-13627\"><div class=\"ultp-block-content-wrap\"><div class=\"ultp-block-image ultp-block-image-opacity\"><a href=\"https:\/\/cozinhadave.com\/es\/receta-de-sopa-de-espinacas-y-patatas\/\"><img decoding=\"async\"  alt=\"Receta de sopa de espinacas y patatas\"  src=\"https:\/\/cozinhadave.com\/wp-content\/uploads\/2022\/09\/Receita-de-sopa-de-espinafre-com-batata-2-1-600x600.webp\" \/><\/a><\/div><div class=\"ultp-block-content\"><div class=\"ultp-category-grid ultp-category-classic ultp-category-aboveTitle\"><div class=\"ultp-category-in\"><a class=\"ultp-cat-sopas\" href=\"https:\/\/cozinhadave.com\/es\/categoria\/recetas\/sopas\/\">SOPAS<\/a><\/div><\/div><h3 class=\"ultp-block-title\"><a href=\"https:\/\/cozinhadave.com\/es\/receta-de-sopa-de-espinacas-y-patatas\/\">Receta de sopa de espinacas y patatas<\/a><\/h3><div class=\"ultp-block-excerpt\"><p>Hoje voc\u00ea vai aprender uma pr\u00e1tica receita de sopa de espinafre com batata. Al\u00e9m de nutritiva, ela \u00e9 f\u00e1cil de fazer e re\u00fane ingredientes que podem ser consumidos diariamente sem maiores problemas. Ent\u00e3o, veja todas as informa\u00e7\u00f5es sobre sopa de&hellip;<\/p>\n<\/div><div class=\"ultp-block-readmore\"><a aria-label=\"Receta de sopa de espinacas y patatas\" href=\"https:\/\/cozinhadave.com\/es\/receta-de-sopa-de-espinacas-y-patatas\/\">M\u00e1s informaci\u00f3n<svg xmlns=\"http:\/\/www.w3.org\/2000\/svg\" fill=\"none\" viewbox=\"0 0 24 24\">\n  <path stroke=\"currentColor\" stroke-linecap=\"round\" stroke-linejoin=\"round\" stroke-width=\"1.5\" d=\"m12 20.5 8.5-8.5m0 0L12 3.5m8.5 8.5h-17\"\/>\n<\/svg>\n<\/a><\/div><\/div><\/div><\/div><div class=\"ultp-block-item ultp-block-media post-id-14779\"><div class=\"ultp-block-content-wrap\"><div class=\"ultp-block-image ultp-block-image-opacity\"><a href=\"https:\/\/cozinhadave.com\/es\/ensalada-italiana\/\"><img decoding=\"async\"  alt=\"ensalada italiana\"  src=\"https:\/\/cozinhadave.com\/wp-content\/uploads\/2023\/01\/061-Salada-italiana-600x600.webp\" \/><\/a><\/div><div class=\"ultp-block-content\"><div class=\"ultp-category-grid ultp-category-classic ultp-category-aboveTitle\"><div class=\"ultp-category-in\"><a class=\"ultp-cat-saladas\" href=\"https:\/\/cozinhadave.com\/es\/categoria\/recetas\/ensaladas\/\">ENSALADAS<\/a><\/div><\/div><h3 class=\"ultp-block-title\"><a href=\"https:\/\/cozinhadave.com\/es\/ensalada-italiana\/\">Descubre la mejor ensalada italiana en 2023 [receta sencilla y f\u00e1cil]<\/a><\/h3><div class=\"ultp-block-excerpt\"><p>O que acha de preparar uma deliciosa salada italiana para complementar a sua refei\u00e7\u00e3o? Essa receita combina o sabor de vegetais, presunto parma e a croc\u00e2ncia irresist\u00edvel de p\u00e3ezinhos em forma de croutons. Dessa forma, voc\u00ea tem um prato leve&hellip;<\/p>\n<\/div><div class=\"ultp-block-readmore\"><a aria-label=\"Descubre la mejor ensalada italiana en 2023 [receta sencilla y f\u00e1cil]\" href=\"https:\/\/cozinhadave.com\/es\/ensalada-italiana\/\">M\u00e1s informaci\u00f3n<svg xmlns=\"http:\/\/www.w3.org\/2000\/svg\" fill=\"none\" viewbox=\"0 0 24 24\">\n  <path stroke=\"currentColor\" stroke-linecap=\"round\" stroke-linejoin=\"round\" stroke-width=\"1.5\" d=\"m12 20.5 8.5-8.5m0 0L12 3.5m8.5 8.5h-17\"\/>\n<\/svg>\n<\/a><\/div><\/div><\/div><\/div><div class=\"ultp-block-item ultp-block-media post-id-3137\"><div class=\"ultp-block-content-wrap\"><div class=\"ultp-block-image ultp-block-image-opacity\"><a href=\"https:\/\/cozinhadave.com\/es\/como-hacer-helado-de-gelatina\/\"><img decoding=\"async\"  alt=\"como hacer helado de gelatina\"  src=\"https:\/\/cozinhadave.com\/wp-content\/uploads\/2020\/08\/Sorvete-de-gelado-blog-3.jpg\" \/><\/a><\/div><div class=\"ultp-block-content\"><div class=\"ultp-category-grid ultp-category-classic ultp-category-aboveTitle\"><div class=\"ultp-category-in\"><a class=\"ultp-cat-doces-sobremesas\" href=\"https:\/\/cozinhadave.com\/es\/categoria\/recetas\/postres-dulces\/\">POSTRES<\/a><\/div><\/div><h3 class=\"ultp-block-title\"><a href=\"https:\/\/cozinhadave.com\/es\/como-hacer-helado-de-gelatina\/\">C\u00f3mo hacer helado de gelatina<\/a><\/h3><div class=\"ultp-block-excerpt\"><p>N\u00e3o h\u00e1 nada como o sabor de sorvete caseiro. E n\u00e3o h\u00e1 nada como a satisfa\u00e7\u00e3o de saber exatamente quais s\u00e3o os ingredientes de seu sorvete. Esta receita de sorvete de gelatina caseiro \u00e9 uma alternativa saud\u00e1vel e deliciosa para&hellip;<\/p>\n<\/div><div class=\"ultp-block-readmore\"><a aria-label=\"C\u00f3mo hacer helado de gelatina\" href=\"https:\/\/cozinhadave.com\/es\/como-hacer-helado-de-gelatina\/\">M\u00e1s informaci\u00f3n<svg xmlns=\"http:\/\/www.w3.org\/2000\/svg\" fill=\"none\" viewbox=\"0 0 24 24\">\n  <path stroke=\"currentColor\" stroke-linecap=\"round\" stroke-linejoin=\"round\" stroke-width=\"1.5\" d=\"m12 20.5 8.5-8.5m0 0L12 3.5m8.5 8.5h-17\"\/>\n<\/svg>\n<\/a><\/div><\/div><\/div><\/div><div class=\"ultp-block-item ultp-block-media post-id-8958\"><div class=\"ultp-block-content-wrap\"><div class=\"ultp-block-image ultp-block-image-opacity\"><a href=\"https:\/\/cozinhadave.com\/es\/receta-lasagna-pollo-y-jamon-queso\/\"><img decoding=\"async\"  alt=\"C\u00f3mo hacer lasa\u00f1a de pollo\"  src=\"https:\/\/cozinhadave.com\/wp-content\/uploads\/2021\/11\/Como-fazer-lasanha-de-frango-2.jpg\" \/><\/a><\/div><div class=\"ultp-block-content\"><div class=\"ultp-category-grid ultp-category-classic ultp-category-aboveTitle\"><div class=\"ultp-category-in\"><a class=\"ultp-cat-pratos-principais\" href=\"https:\/\/cozinhadave.com\/es\/categoria\/recetas\/pez\/\">PLATOS PRINCIPALES<\/a><\/div><\/div><h3 class=\"ultp-block-title\"><a href=\"https:\/\/cozinhadave.com\/es\/receta-lasagna-pollo-y-jamon-queso\/\">receta de lasagna de pollo con queso y jamon<\/a><\/h3><div class=\"ultp-block-excerpt\"><p>Hoje trago para voc\u00eas uma deliciosa receita de&nbsp;lasanha de frango com queijo e presunto,&nbsp;o frango bem desfiado com presunto e mussarela bem derretidinho\u2026 huuummmmm \u00e9 de chorar por mais! Esta receita pode conter links de afiliados, confira a pol\u00edtica de&hellip;<\/p>\n<\/div><div class=\"ultp-block-readmore\"><a aria-label=\"receta de lasagna de pollo con queso y jamon\" href=\"https:\/\/cozinhadave.com\/es\/receta-lasagna-pollo-y-jamon-queso\/\">M\u00e1s informaci\u00f3n<svg xmlns=\"http:\/\/www.w3.org\/2000\/svg\" fill=\"none\" viewbox=\"0 0 24 24\">\n  <path stroke=\"currentColor\" stroke-linecap=\"round\" stroke-linejoin=\"round\" stroke-width=\"1.5\" d=\"m12 20.5 8.5-8.5m0 0L12 3.5m8.5 8.5h-17\"\/>\n<\/svg>\n<\/a><\/div><\/div><\/div><\/div><div class=\"ultp-block-item ultp-block-media post-id-13554\"><div class=\"ultp-block-content-wrap\"><div class=\"ultp-block-image ultp-block-image-opacity\"><a href=\"https:\/\/cozinhadave.com\/es\/receta-de-sopa-de-zanahoria-con-carne\/\"><img decoding=\"async\"  alt=\"Receta de sopa de yuca con res\"  src=\"https:\/\/cozinhadave.com\/wp-content\/uploads\/2022\/09\/Receita-de-sopa-de-mandioquinha-com-carne-600x600.webp\" \/><\/a><\/div><div class=\"ultp-block-content\"><div class=\"ultp-category-grid ultp-category-classic ultp-category-aboveTitle\"><div class=\"ultp-category-in\"><a class=\"ultp-cat-sopas\" href=\"https:\/\/cozinhadave.com\/es\/categoria\/recetas\/sopas\/\">SOPAS<\/a><\/div><\/div><h3 class=\"ultp-block-title\"><a href=\"https:\/\/cozinhadave.com\/es\/receta-de-sopa-de-zanahoria-con-carne\/\">Receta de sopa de yuca con res<\/a><\/h3><div class=\"ultp-block-excerpt\"><p>Voc\u00ea quer algo super gostoso e cheio de nutrientes para os dias mais frios? Ent\u00e3o a receita de sopa de mandioquinha com carne \u00e9 a refei\u00e7\u00e3o perfeita para suas necessidades. Ela conta com uma deliciosa combina\u00e7\u00e3o de ingredientes, que tamb\u00e9m&hellip;<\/p>\n<\/div><div class=\"ultp-block-readmore\"><a aria-label=\"Receta de sopa de yuca con res\" href=\"https:\/\/cozinhadave.com\/es\/receta-de-sopa-de-zanahoria-con-carne\/\">M\u00e1s informaci\u00f3n<svg xmlns=\"http:\/\/www.w3.org\/2000\/svg\" fill=\"none\" viewbox=\"0 0 24 24\">\n  <path stroke=\"currentColor\" stroke-linecap=\"round\" stroke-linejoin=\"round\" stroke-width=\"1.5\" d=\"m12 20.5 8.5-8.5m0 0L12 3.5m8.5 8.5h-17\"\/>\n<\/svg>\n<\/a><\/div><\/div><\/div><\/div><div class=\"ultp-block-item ultp-block-media post-id-3692\"><div class=\"ultp-block-content-wrap\"><div class=\"ultp-block-image ultp-block-image-opacity\"><a href=\"https:\/\/cozinhadave.com\/es\/como-hacer-crema-con-leche-crema-montada\/\"><img decoding=\"async\"  alt=\"como hacer crema batida con crema agria\"  src=\"https:\/\/cozinhadave.com\/wp-content\/uploads\/2020\/09\/Chantilly-blog.jpg\" \/><\/a><\/div><div class=\"ultp-block-content\"><div class=\"ultp-category-grid ultp-category-classic ultp-category-aboveTitle\"><div class=\"ultp-category-in\"><a class=\"ultp-cat-molhos-cremes\" href=\"https:\/\/cozinhadave.com\/es\/categoria\/recetas\/salsas-de-crema\/\">ALMAS<\/a><\/div><\/div><h3 class=\"ultp-block-title\"><a href=\"https:\/\/cozinhadave.com\/es\/como-hacer-crema-con-leche-crema-montada\/\">C\u00f3mo hacer crema batida con crema agria<\/a><\/h3><div class=\"ultp-block-excerpt\"><p>Se voc\u00ea j\u00e1 provou o chantilly de alguns bolos que compra no supermercado, certamente deve ter notado como \u00e9 artificial e o sabor n\u00e3o deixa muito a desejar. Este artigo poder\u00e1 conter links afiliados,&nbsp; confira a divulga\u00e7\u00e3o de afiliados e&hellip;<\/p>\n<\/div><div class=\"ultp-block-readmore\"><a aria-label=\"C\u00f3mo hacer crema batida con crema agria\" href=\"https:\/\/cozinhadave.com\/es\/como-hacer-crema-con-leche-crema-montada\/\">M\u00e1s informaci\u00f3n<svg xmlns=\"http:\/\/www.w3.org\/2000\/svg\" fill=\"none\" viewbox=\"0 0 24 24\">\n  <path stroke=\"currentColor\" stroke-linecap=\"round\" stroke-linejoin=\"round\" stroke-width=\"1.5\" d=\"m12 20.5 8.5-8.5m0 0L12 3.5m8.5 8.5h-17\"\/>\n<\/svg>\n<\/a><\/div><\/div><\/div><\/div><div class=\"ultp-block-item ultp-block-media post-id-3876\"><div class=\"ultp-block-content-wrap\"><div class=\"ultp-block-image ultp-block-image-opacity\"><a href=\"https:\/\/cozinhadave.com\/es\/batido-de-mango-y-aguacate-para-bajar-de-peso\/\"><img decoding=\"async\"  alt=\"Batido de mango y aguacate para adelgazar\"  src=\"https:\/\/cozinhadave.com\/wp-content\/uploads\/2020\/10\/Smoothie-de-abacate-com-manga.jpg\" \/><\/a><\/div><div class=\"ultp-block-content\"><div class=\"ultp-category-grid ultp-category-classic ultp-category-aboveTitle\"><div class=\"ultp-category-in\"><a class=\"ultp-cat-bebidas\" href=\"https:\/\/cozinhadave.com\/es\/categoria\/recetas\/bebidas\/\">BEBIDAS<\/a><a class=\"ultp-cat-comidas-saudaveis\" href=\"https:\/\/cozinhadave.com\/es\/categoria\/recetas\/comidas-saludables-2\/\">COMIDAS SALUDABLES<\/a><\/div><\/div><h3 class=\"ultp-block-title\"><a href=\"https:\/\/cozinhadave.com\/es\/batido-de-mango-y-aguacate-para-bajar-de-peso\/\">Batido de mango y aguacate para bajar de peso<\/a><\/h3><div class=\"ultp-block-excerpt\"><p>\u00daltimamente se habla mucho de la dieta cetog\u00e9nica. Se dice que esta dieta es excelente para perder peso en general. Si bien no creo necesariamente en una dieta espec\u00edfica, creo que incorporar batidos deliciosos y saludables a tu\u2026<\/p>\n<\/div><div class=\"ultp-block-readmore\"><a aria-label=\"Batido de mango y aguacate para bajar de peso\" href=\"https:\/\/cozinhadave.com\/es\/batido-de-mango-y-aguacate-para-bajar-de-peso\/\">M\u00e1s informaci\u00f3n<svg xmlns=\"http:\/\/www.w3.org\/2000\/svg\" fill=\"none\" viewbox=\"0 0 24 24\">\n  <path stroke=\"currentColor\" stroke-linecap=\"round\" stroke-linejoin=\"round\" stroke-width=\"1.5\" d=\"m12 20.5 8.5-8.5m0 0L12 3.5m8.5 8.5h-17\"\/>\n<\/svg>\n<\/a><\/div><\/div><\/div><\/div><div class=\"ultp-block-item ultp-block-media post-id-3802\"><div class=\"ultp-block-content-wrap\"><div class=\"ultp-block-image ultp-block-image-opacity\"><a href=\"https:\/\/cozinhadave.com\/es\/sopa-de-espinacas\/\"><img decoding=\"async\"  alt=\"como hacer sopa de espinacas\"  src=\"https:\/\/cozinhadave.com\/wp-content\/uploads\/2020\/10\/SOPA-DE-ESPINAFRES-BLOG.jpg\" \/><\/a><\/div><div class=\"ultp-block-content\"><div class=\"ultp-category-grid ultp-category-classic ultp-category-aboveTitle\"><div class=\"ultp-category-in\"><a class=\"ultp-cat-comidas-saudaveis\" href=\"https:\/\/cozinhadave.com\/es\/categoria\/recetas\/comidas-saludables-2\/\">COMIDAS SALUDABLES<\/a><a class=\"ultp-cat-sopas\" href=\"https:\/\/cozinhadave.com\/es\/categoria\/recetas\/sopas\/\">SOPAS<\/a><\/div><\/div><h3 class=\"ultp-block-title\"><a href=\"https:\/\/cozinhadave.com\/es\/sopa-de-espinacas\/\">sopa de espinacas<\/a><\/h3><div class=\"ultp-block-excerpt\"><p>Uma sopa de espinafres quente e reconfortante, \u00e9 perfeita para as noites de inverno. Esta sopa \u00e9 f\u00e1cil de fazer, com alguns ingredientes simples. \u00c9 perfeita para aqueles que est\u00e3o procurando uma op\u00e7\u00e3o de jantar saud\u00e1vel e saborosa. Ent\u00e3o por&hellip;<\/p>\n<\/div><div class=\"ultp-block-readmore\"><a aria-label=\"sopa de espinacas\" href=\"https:\/\/cozinhadave.com\/es\/sopa-de-espinacas\/\">M\u00e1s informaci\u00f3n<svg xmlns=\"http:\/\/www.w3.org\/2000\/svg\" fill=\"none\" viewbox=\"0 0 24 24\">\n  <path stroke=\"currentColor\" stroke-linecap=\"round\" stroke-linejoin=\"round\" stroke-width=\"1.5\" d=\"m12 20.5 8.5-8.5m0 0L12 3.5m8.5 8.5h-17\"\/>\n<\/svg>\n<\/a><\/div><\/div><\/div><\/div><div class=\"ultp-block-item ultp-block-media post-id-13705\"><div class=\"ultp-block-content-wrap\"><div class=\"ultp-block-image ultp-block-image-opacity\"><a href=\"https:\/\/cozinhadave.com\/es\/sopa-de-pan\/\"><img decoding=\"async\"  alt=\"sopa de tripa\"  src=\"https:\/\/cozinhadave.com\/wp-content\/uploads\/2022\/09\/Sopa-de-dobradinha-2-600x600.webp\" \/><\/a><\/div><div class=\"ultp-block-content\"><div class=\"ultp-category-grid ultp-category-classic ultp-category-aboveTitle\"><div class=\"ultp-category-in\"><a class=\"ultp-cat-sopas\" href=\"https:\/\/cozinhadave.com\/es\/categoria\/recetas\/sopas\/\">SOPAS<\/a><\/div><\/div><h3 class=\"ultp-block-title\"><a href=\"https:\/\/cozinhadave.com\/es\/sopa-de-pan\/\">sopa de tripa<\/a><\/h3><div class=\"ultp-block-excerpt\"><p>Que tal aprender a fazer uma deliciosa sopa de dobradinha? Seu ingrediente principal \u00e9 um prato t\u00edpico e muito nutritivo. E mesmo que divida opini\u00f5es entre algumas pessoas, trata-se de uma receita com muito sabor. Assim, hoje mostraremos como coloc\u00e1-la&hellip;<\/p>\n<\/div><div class=\"ultp-block-readmore\"><a aria-label=\"sopa de tripa\" href=\"https:\/\/cozinhadave.com\/es\/sopa-de-pan\/\">M\u00e1s informaci\u00f3n<svg xmlns=\"http:\/\/www.w3.org\/2000\/svg\" fill=\"none\" viewbox=\"0 0 24 24\">\n  <path stroke=\"currentColor\" stroke-linecap=\"round\" stroke-linejoin=\"round\" stroke-width=\"1.5\" d=\"m12 20.5 8.5-8.5m0 0L12 3.5m8.5 8.5h-17\"\/>\n<\/svg>\n<\/a><\/div><\/div><\/div><\/div><\/div><div class=\"ultp-loadmore\"><span class=\"ultp-loadmore-action\" tabindex=\"0\" role=\"button\" data-pages=\"21\" data-pagenum=\"1\"  data-expost=\"\" data-blockid=\"e931a7\" data-blockname=\"ultimate-post_post-list-3\" data-postid=\"21193\" data-selfpostid=\"yes\">M\u00e1s informaci\u00f3n <span class=\"ultp-spin\"><svg xmlns=\"http:\/\/www.w3.org\/2000\/svg\" fill=\"none\" viewbox=\"0 0 24 24\">\n  <path stroke=\"currentColor\" stroke-linecap=\"round\" stroke-linejoin=\"round\" stroke-width=\"1.5\" d=\"M21 12a9 9 0 0 1-17 4.127M3 12a9 9 0 0 1 17-4.127M20 3v5h-5M4 21v-5h5\"\/>\n<\/svg>\n<\/span><\/span><\/div><\/div><div class=\"pagination-block-html\" aria-hidden=\"true\" style=\"display: none;\"><\/div><\/div><\/div>\n\n\n\n<div class=\"wp-block-uagb-container uagb-block-179d179f\"><\/div>\n<\/div><\/div>","protected":false},"excerpt":{"rendered":"<p>RECETAS DE COCINA Consulte nuestras recetas de cocina Sin rodeos; solo comida de verdad. Explore cientos de recetas sencillas que utilizan ingredientes alimentarios reales y sencillos. \u00a1Har\u00e1n las delicias incluso de los comensales m\u00e1s exigentes! Incluye opciones para todo tipo de recetas, con especial atenci\u00f3n a la cocina portuguesa-brasile\u00f1a. Estas recetas se prueban rigurosamente, as\u00ed que...&nbsp;<\/p>\n<div class=\"read-more-wrapper\"><a href=\"https:\/\/cozinhadave.com\/es\/recetas\/\" class=\"button button-secondary\" rel=\"bookmark\">Leer m\u00e1s \"<span class=\"screen-reader-text\">RECETAS<\/span><\/a><\/div>","protected":false},"author":10,"featured_media":0,"parent":0,"menu_order":0,"comment_status":"closed","ping_status":"closed","template":"","meta":{"_uag_custom_page_level_css":"","wprm-recipe-roundup-name":"","wprm-recipe-roundup-description":"","neve_meta_sidebar":"","neve_meta_container":"","neve_meta_enable_content_width":"","neve_meta_content_width":0,"neve_meta_title_alignment":"","neve_meta_author_avatar":"","neve_post_elements_order":"","neve_meta_disable_header":"","neve_meta_disable_footer":"","neve_meta_disable_title":"","neve_meta_reading_time":"","footnotes":""},"class_list":["post-21193","page","type-page","status-publish","hentry"],"uagb_featured_image_src":{"full":false,"thumbnail":false,"medium":false,"medium_large":false,"large":false,"1536x1536":false,"2048x2048":false,"trp-custom-language-flag":false,"ultp_layout_landscape_large":false,"ultp_layout_landscape":false,"ultp_layout_portrait":false,"ultp_layout_square":false,"wprm-metadata-1_1":false,"wprm-metadata-4_3":false,"wprm-metadata-16_9":false,"neve-blog":false},"uagb_author_info":{"display_name":"Paulo RIbeiro","author_link":"https:\/\/cozinhadave.com\/es\/author\/paulomiguelribeirogmail-com\/"},"uagb_comment_info":0,"uagb_excerpt":"RECEITAS DE CULIN\u00c1RIA Confira as nossas receitas de culin\u00e1ria Sem rodeios; apenas comida verdadeira. Procure centenas de receitas f\u00e1ceis, utilizando ingredientes alimentares simples e reais. Ir\u00e3o agradar at\u00e9 aos mais exigentes dos comedores!&nbsp; Inclui op\u00e7\u00f5es de todo o tipos de receitas, sendo o foco na culin\u00e1ria luso-brasileira. Estas receitas s\u00e3o rigorosamente testadas, de modo a&hellip;&nbsp;Ler&hellip;","_links":{"self":[{"href":"https:\/\/cozinhadave.com\/es\/wp-json\/wp\/v2\/pages\/21193","targetHints":{"allow":["GET"]}}],"collection":[{"href":"https:\/\/cozinhadave.com\/es\/wp-json\/wp\/v2\/pages"}],"about":[{"href":"https:\/\/cozinhadave.com\/es\/wp-json\/wp\/v2\/types\/page"}],"author":[{"embeddable":true,"href":"https:\/\/cozinhadave.com\/es\/wp-json\/wp\/v2\/users\/10"}],"replies":[{"embeddable":true,"href":"https:\/\/cozinhadave.com\/es\/wp-json\/wp\/v2\/comments?post=21193"}],"version-history":[{"count":0,"href":"https:\/\/cozinhadave.com\/es\/wp-json\/wp\/v2\/pages\/21193\/revisions"}],"wp:attachment":[{"href":"https:\/\/cozinhadave.com\/es\/wp-json\/wp\/v2\/media?parent=21193"}],"curies":[{"name":"wp","href":"https:\/\/api.w.org\/{rel}","templated":true}]}}