{"id":21097,"date":"2024-05-05T12:10:30","date_gmt":"2024-05-05T12:10:30","guid":{"rendered":"http:\/\/cozinhadave.com\/?page_id=21097"},"modified":"2024-05-05T12:32:23","modified_gmt":"2024-05-05T12:32:23","slug":"curiosidades","status":"publish","type":"page","link":"https:\/\/cozinhadave.com\/es\/curiosidades\/","title":{"rendered":"CURIOSIDADES"},"content":{"rendered":"<div class=\"wp-block-uagb-advanced-heading uagb-block-ca604257\"><h2 class=\"uagb-heading-text\">CURIOSIDADES<\/h2><\/div>\n\n\n\n<div class=\"wp-block-uagb-container uagb-block-26a8be47 alignfull uagb-is-root-container\"><div class=\"uagb-container-inner-blocks-wrap\">\n<div class=\"wp-block-uagb-container uagb-block-71bdc037\"><\/div>\n\n\n\n<div class=\"wp-block-uagb-container uagb-block-46bd2a80\">\n<p>Aqu\u00ed encontrar\u00e1 una fascinante colecci\u00f3n de curiosidades intrigantes y sorprendentes relacionadas con el mundo de la gastronom\u00eda. <\/p>\n\n\n\n<p>Desde datos hist\u00f3ricos sobre platos emblem\u00e1ticos hasta secretos poco conocidos sobre ingredientes comunes, cada art\u00edculo es un apasionante viaje por el universo culinario. <\/p>\n\n\n\n<p>Prep\u00e1rese para quedar encantado e inspirado por las curiosidades que revelan los bastidores y las peculiaridades que se esconden tras los sabores que nos encantan. <\/p>\n\n\n\n<p>Explore nuestra selecci\u00f3n de art\u00edculos y sum\u00e9rjase en un mundo de descubrimientos culinarios que despertar\u00e1n su curiosidad y ampliar\u00e1n sus horizontes en la cocina.<\/p>\n\n\n<div  class=\"wp-block-ultimate-post-advanced-search ultp-block-14786a\"><div class=\"ultp-block-wrapper\"><div class=\"ultp-search-container ultp-search-frontend\"  data-ajax=\"1\" data-gosearch=\"1\" data-enablenewtab=\"\" data-blockid=\"14786a\" \n                    data-image=\"1\"  data-author= \"data-date=\"\"\" data-excerpt=\"\" data-excerptlimit=\"25\" data-allresult=\"\" data-catenable=\"\"  data-postno=\"3\"  data-noresultext=\"N\u00e3o foram encontrados resultados\"   data-popupposition=\"right\" data-searchposttype=\"\"><div class=\"ultp-searchform-content ultp-searchform-input1\"><div class=\"ultp-search-inputwrap\"> <input type=\"text\" value=\"\" class=\"ultp-searchres-input\"  placeholder=\"Escriba aqu\u00ed lo que busca\"\/> <span class=\"ultp-search-clear\" data-blockid=\"14786a\"><svg xmlns=\"http:\/\/www.w3.org\/2000\/svg\" fill=\"none\" viewbox=\"0 0 24 24\">\n  <path stroke=\"currentColor\" stroke-linecap=\"round\" stroke-width=\"1.5\" d=\"m6 6 6 6m0 0 6 6m-6-6 6-6m-6 6-6 6\"\/>\n<\/svg>\n<\/span> <\/div><div class=\"ultp-search-button\"><svg xmlns=\"http:\/\/www.w3.org\/2000\/svg\" fill=\"none\" viewbox=\"0 0 24 24\">\n  <path stroke=\"currentColor\" stroke-linecap=\"round\" stroke-linejoin=\"round\" stroke-width=\"1.5\" d=\"M11 19a8 8 0 1 0 0-16 8 8 0 0 0 0 16Zm10 2-4.35-4.35\"\/>\n<\/svg>\n<span class=\"ultp-search-button__text\"> Buscar en <\/span><\/div><\/div><\/div><\/div><\/div><\/div>\n\n\n\n<div class=\"wp-block-uagb-container uagb-block-59e8365b\"><\/div>\n<\/div><\/div>\n\n\n\n<div class=\"nv-cv-d nv-cv-m wp-block-uagb-container uagb-block-bb890383 alignfull uagb-is-root-container\"><div class=\"uagb-container-inner-blocks-wrap\">\n<div class=\"wp-block-uagb-container uagb-block-07f24e17\"><\/div>\n\n\n\n<div class=\"wp-block-uagb-container uagb-block-894989ec\"><div  class=\"ultp-post-grid-block wp-block-ultimate-post-post-list-3 ultp-block-90be0d\"><div class=\"ultp-block-wrapper\"><div class=\"ultp-loading\"><div class=\"ultp-loading-blocks\" style=\"width:100%;height:100%;\"><div style=\"left: 0;top: 0;animation-delay:0s;\"><\/div><div style=\"left: 21px;top: 0;animation-delay:0.125s;\"><\/div><div style=\"left: 42px;top: 0;animation-delay:0.25s;\"><\/div><div style=\"left: 0;top: 21px;animation-delay:0.875s;\"><\/div><div style=\"left: 42px;top: 21px;animation-delay:0.375s;\"><\/div><div style=\"left: 0;top: 42px;animation-delay:0.75s;\"><\/div><div style=\"left: 42px;top: 42px;animation-delay:0.625s;\"><\/div><div style=\"left: 21px;top: 42px;animation-delay:0.5s;\"><\/div><\/div><\/div><div class=\"ultp-heading-filter\"><div class=\"ultp-heading-filter-in\"><div class=\"ultp-filter-navigation\"><\/div><\/div><\/div><div class=\"ultp-block-items-wrap ultp-block-row ultp-block-column-1 ultp-block-content-middle ultp-layout1\"><div class=\"ultp-block-item ultp-block-media post-id-20616\"><div class=\"ultp-block-content-wrap\"><div class=\"ultp-block-image ultp-block-image-opacity\"><a href=\"https:\/\/cozinhadave.com\/es\/quantos-dias-aipim-cozido-dura-na-geladeira\/\"><img decoding=\"async\"  alt=\"Aipim\"  src=\"https:\/\/cozinhadave.com\/wp-content\/uploads\/2023\/09\/Aipim5-600x585.jpg\" \/><\/a><\/div><div class=\"ultp-block-content\"><div class=\"ultp-category-grid ultp-category-classic ultp-category-aboveTitle\"><div class=\"ultp-category-in\"><a class=\"ultp-cat-curiosidades\" href=\"https:\/\/cozinhadave.com\/es\/categoria\/curiosidades\/\">CURIOSIDADES<\/a><\/div><\/div><h3 class=\"ultp-block-title\"><a href=\"https:\/\/cozinhadave.com\/es\/quantos-dias-aipim-cozido-dura-na-geladeira\/\">\u00bfCu\u00e1ntos d\u00edas dura la yuca cocida en el frigor\u00edfico? \u00a1Descubrir!<\/a><\/h3><div class=\"ultp-block-excerpt\"><p>Voc\u00ea j\u00e1 se perguntou por quanto tempo \u00e9 seguro armazenar aipim cozido na geladeira? Eu sei que eu j\u00e1! Muitas vezes, sobra aipim depois de cozinhar e \u00e9 f\u00e1cil querer guard\u00e1-lo para uma refei\u00e7\u00e3o r\u00e1pida mais tarde na semana. Mas&hellip;<\/p>\n<\/div><div class=\"ultp-block-readmore\"><a aria-label=\"\u00bfCu\u00e1ntos d\u00edas dura la yuca cocida en el frigor\u00edfico? \u00a1Descubrir!\" href=\"https:\/\/cozinhadave.com\/es\/quantos-dias-aipim-cozido-dura-na-geladeira\/\">M\u00e1s informaci\u00f3n<svg xmlns=\"http:\/\/www.w3.org\/2000\/svg\" fill=\"none\" viewbox=\"0 0 24 24\">\n  <path stroke=\"currentColor\" stroke-linecap=\"round\" stroke-linejoin=\"round\" stroke-width=\"1.5\" d=\"m12 20.5 8.5-8.5m0 0L12 3.5m8.5 8.5h-17\"\/>\n<\/svg>\n<\/a><\/div><\/div><\/div><\/div><div class=\"ultp-block-item ultp-block-media post-id-18775\"><div class=\"ultp-block-content-wrap\"><div class=\"ultp-block-image ultp-block-image-opacity\"><a href=\"https:\/\/cozinhadave.com\/es\/chocolate-en-diferentes-culturas\/\"><img decoding=\"async\"  alt=\"Curiosidades hist\u00f3ricas sobre el uso del chocolate en diferentes culturas\"  src=\"https:\/\/cozinhadave.com\/wp-content\/uploads\/2023\/08\/Curiosidades-historicas-sobre-o-uso-do-chocolate-em-diferentes-culturas-600x600.jpg\" \/><\/a><\/div><div class=\"ultp-block-content\"><div class=\"ultp-category-grid ultp-category-classic ultp-category-aboveTitle\"><div class=\"ultp-category-in\"><a class=\"ultp-cat-curiosidades\" href=\"https:\/\/cozinhadave.com\/es\/categoria\/curiosidades\/\">CURIOSIDADES<\/a><\/div><\/div><h3 class=\"ultp-block-title\"><a href=\"https:\/\/cozinhadave.com\/es\/chocolate-en-diferentes-culturas\/\">Curiosidades hist\u00f3ricas sobre el chocolate en varias culturas \u2013 \u00a1Descubr\u00e1moslo!<\/a><\/h3><div class=\"ultp-block-excerpt\"><p>Voc\u00ea sabia que o chocolate j\u00e1 foi usado como moeda na Am\u00e9rica Latina? E que havia uma bebida de chocolate reservada apenas para a realeza no antigo M\u00e9xico? As curiosidades sobre o uso do chocolate s\u00e3o tantas que resolvemos fazer&hellip;<\/p>\n<\/div><div class=\"ultp-block-readmore\"><a aria-label=\"Curiosidades hist\u00f3ricas do chocolate em v\u00e1rias culturas &#8211; Vamos descobrir!\" href=\"https:\/\/cozinhadave.com\/es\/chocolate-en-diferentes-culturas\/\">M\u00e1s informaci\u00f3n<svg xmlns=\"http:\/\/www.w3.org\/2000\/svg\" fill=\"none\" viewbox=\"0 0 24 24\">\n  <path stroke=\"currentColor\" stroke-linecap=\"round\" stroke-linejoin=\"round\" stroke-width=\"1.5\" d=\"m12 20.5 8.5-8.5m0 0L12 3.5m8.5 8.5h-17\"\/>\n<\/svg>\n<\/a><\/div><\/div><\/div><\/div><div class=\"ultp-block-item ultp-block-media post-id-16600\"><div class=\"ultp-block-content-wrap\"><div class=\"ultp-block-image ultp-block-image-opacity\"><a href=\"https:\/\/cozinhadave.com\/es\/como-calentar-la-comida-en-la-airfryer\/\"><img decoding=\"async\"  alt=\"C\u00f3mo calentar alimentos en la airfryer\"  src=\"https:\/\/cozinhadave.com\/wp-content\/uploads\/2023\/08\/Como-esquentar-a-comida-na-airfryer-600x576.jpg\" \/><\/a><\/div><div class=\"ultp-block-content\"><div class=\"ultp-category-grid ultp-category-classic ultp-category-aboveTitle\"><div class=\"ultp-category-in\"><a class=\"ultp-cat-curiosidades\" href=\"https:\/\/cozinhadave.com\/es\/categoria\/curiosidades\/\">CURIOSIDADES<\/a><\/div><\/div><h3 class=\"ultp-block-title\"><a href=\"https:\/\/cozinhadave.com\/es\/como-calentar-la-comida-en-la-airfryer\/\">C\u00f3mo calentar alimentos en la airfryer: consejos infalibles para el d\u00eda a d\u00eda<\/a><\/h3><div class=\"ultp-block-excerpt\"><p>Se voc\u00ea \u00e9 como eu, adora comida quente e crocante. Mas, \u00e0s vezes, o tempo \u00e9 curto e recorrer ao micro-ondas pode deixar a comida murcha e sem sabor. \u00c9 a\u00ed que a airfryer entra em cena. Al\u00e9m de cozinhar&hellip;<\/p>\n<\/div><div class=\"ultp-block-readmore\"><a aria-label=\"C\u00f3mo calentar alimentos en la airfryer: consejos infalibles para el d\u00eda a d\u00eda\" href=\"https:\/\/cozinhadave.com\/es\/como-calentar-la-comida-en-la-airfryer\/\">M\u00e1s informaci\u00f3n<svg xmlns=\"http:\/\/www.w3.org\/2000\/svg\" fill=\"none\" viewbox=\"0 0 24 24\">\n  <path stroke=\"currentColor\" stroke-linecap=\"round\" stroke-linejoin=\"round\" stroke-width=\"1.5\" d=\"m12 20.5 8.5-8.5m0 0L12 3.5m8.5 8.5h-17\"\/>\n<\/svg>\n<\/a><\/div><\/div><\/div><\/div><div class=\"ultp-block-item ultp-block-media post-id-17525\"><div class=\"ultp-block-content-wrap\"><div class=\"ultp-block-image ultp-block-image-opacity\"><a href=\"https:\/\/cozinhadave.com\/es\/que-tipo-de-vasilha-pode-por-dentro-da-airfryer\/\"><img decoding=\"async\"  alt=\"\u00bfQu\u00e9 tipo de recipiente se puede poner dentro de la airfryer?\"  src=\"https:\/\/cozinhadave.com\/wp-content\/uploads\/2023\/08\/Que-tipo-de-vasilha-pode-por-dentro-da-airfryer-600x576.jpg\" \/><\/a><\/div><div class=\"ultp-block-content\"><div class=\"ultp-category-grid ultp-category-classic ultp-category-aboveTitle\"><div class=\"ultp-category-in\"><a class=\"ultp-cat-curiosidades\" href=\"https:\/\/cozinhadave.com\/es\/categoria\/curiosidades\/\">CURIOSIDADES<\/a><\/div><\/div><h3 class=\"ultp-block-title\"><a href=\"https:\/\/cozinhadave.com\/es\/que-tipo-de-vasilha-pode-por-dentro-da-airfryer\/\">Qu\u00e9 tipo de recipiente puedes poner dentro de la airfryer: Consejos inteligentes<\/a><\/h3><div class=\"ultp-block-excerpt\"><p>Se voc\u00ea \u00e9 como eu e adora uma comidinha pr\u00e1tica, saud\u00e1vel e deliciosa, com certeza j\u00e1 conhece a airfryer. Mas, assim como eu, tamb\u00e9m deve ter se perguntado: que tipo de vasilha \u00e9 seguro usar dentro da airfryer? Que tipo&hellip;<\/p>\n<\/div><div class=\"ultp-block-readmore\"><a aria-label=\"Qu\u00e9 tipo de recipiente puedes poner dentro de la airfryer: Consejos inteligentes\" href=\"https:\/\/cozinhadave.com\/es\/que-tipo-de-vasilha-pode-por-dentro-da-airfryer\/\">M\u00e1s informaci\u00f3n<svg xmlns=\"http:\/\/www.w3.org\/2000\/svg\" fill=\"none\" viewbox=\"0 0 24 24\">\n  <path stroke=\"currentColor\" stroke-linecap=\"round\" stroke-linejoin=\"round\" stroke-width=\"1.5\" d=\"m12 20.5 8.5-8.5m0 0L12 3.5m8.5 8.5h-17\"\/>\n<\/svg>\n<\/a><\/div><\/div><\/div><\/div><div class=\"ultp-block-item ultp-block-media post-id-17380\"><div class=\"ultp-block-content-wrap\"><div class=\"ultp-block-image ultp-block-image-opacity\"><a href=\"https:\/\/cozinhadave.com\/es\/protector-de-silicona-para-airfryer\/\"><img decoding=\"async\"  alt=\"protector de silicona para airfryer\"  src=\"https:\/\/cozinhadave.com\/wp-content\/uploads\/2023\/09\/protetor-de-silicone-para-airfryer-5-600x585.jpg\" \/><\/a><\/div><div class=\"ultp-block-content\"><div class=\"ultp-category-grid ultp-category-classic ultp-category-aboveTitle\"><div class=\"ultp-category-in\"><a class=\"ultp-cat-curiosidades\" href=\"https:\/\/cozinhadave.com\/es\/categoria\/curiosidades\/\">CURIOSIDADES<\/a><\/div><\/div><h3 class=\"ultp-block-title\"><a href=\"https:\/\/cozinhadave.com\/es\/protector-de-silicona-para-airfryer\/\">Para qu\u00e9 sirve el protector de silicona de la airfryer: \u00a1desc\u00fabrelo ahora!<\/a><\/h3><div class=\"ultp-block-excerpt\"><p>Ol\u00e1 pessoal! Eu sou uma jornalista especialista em copywriting e hoje vou falar sobre um acess\u00f3rio indispens\u00e1vel para quem quer usar a airfryer com mais praticidade e seguran\u00e7a: o protetor de silicone. Para que serve o protetor de silicone para&hellip;<\/p>\n<\/div><div class=\"ultp-block-readmore\"><a aria-label=\"Para qu\u00e9 sirve el protector de silicona de la airfryer: \u00a1desc\u00fabrelo ahora!\" href=\"https:\/\/cozinhadave.com\/es\/protector-de-silicona-para-airfryer\/\">M\u00e1s informaci\u00f3n<svg xmlns=\"http:\/\/www.w3.org\/2000\/svg\" fill=\"none\" viewbox=\"0 0 24 24\">\n  <path stroke=\"currentColor\" stroke-linecap=\"round\" stroke-linejoin=\"round\" stroke-width=\"1.5\" d=\"m12 20.5 8.5-8.5m0 0L12 3.5m8.5 8.5h-17\"\/>\n<\/svg>\n<\/a><\/div><\/div><\/div><\/div><div class=\"ultp-block-item ultp-block-media post-id-17455\"><div class=\"ultp-block-content-wrap\"><div class=\"ultp-block-image ultp-block-image-opacity\"><a href=\"https:\/\/cozinhadave.com\/es\/posso-colocar-bandeja-de-aluminio-na-airfryer\/\"><img decoding=\"async\"  alt=\"puedes poner una bandeja de aluminio en la airfryer\"  src=\"https:\/\/cozinhadave.com\/wp-content\/uploads\/2023\/08\/pode-colocar-bandeja-de-aluminio-na-airfryer-600x576.jpg\" \/><\/a><\/div><div class=\"ultp-block-content\"><div class=\"ultp-category-grid ultp-category-classic ultp-category-aboveTitle\"><div class=\"ultp-category-in\"><a class=\"ultp-cat-curiosidades\" href=\"https:\/\/cozinhadave.com\/es\/categoria\/curiosidades\/\">CURIOSIDADES<\/a><\/div><\/div><h3 class=\"ultp-block-title\"><a href=\"https:\/\/cozinhadave.com\/es\/posso-colocar-bandeja-de-aluminio-na-airfryer\/\">\u00bfPuedo poner una bandeja de aluminio en la airfryer? \u00a1Aver\u00edg\u00fcelo!<\/a><\/h3><div class=\"ultp-block-excerpt\"><p>Hola, queridos lectores. Bienvenidos a otro interesante art\u00edculo sobre las freidoras de aire. Hoy quiero hablar de la tan cuestionada posibilidad de utilizar una bandeja de aluminio en la airfryer. \u00bfPuedo poner bandejas de aluminio en la airfryer? \u00a1Averig\u00fc\u00e9moslo! \u00bfQu\u00e9...<\/p>\n<\/div><div class=\"ultp-block-readmore\"><a aria-label=\"\u00bfPuedo poner una bandeja de aluminio en la airfryer? \u00a1Aver\u00edg\u00fcelo!\" href=\"https:\/\/cozinhadave.com\/es\/posso-colocar-bandeja-de-aluminio-na-airfryer\/\">M\u00e1s informaci\u00f3n<svg xmlns=\"http:\/\/www.w3.org\/2000\/svg\" fill=\"none\" viewbox=\"0 0 24 24\">\n  <path stroke=\"currentColor\" stroke-linecap=\"round\" stroke-linejoin=\"round\" stroke-width=\"1.5\" d=\"m12 20.5 8.5-8.5m0 0L12 3.5m8.5 8.5h-17\"\/>\n<\/svg>\n<\/a><\/div><\/div><\/div><\/div><div class=\"ultp-block-item ultp-block-media post-id-20606\"><div class=\"ultp-block-content-wrap\"><div class=\"ultp-block-image ultp-block-image-opacity\"><a href=\"https:\/\/cozinhadave.com\/es\/o-que-e-aipim-organico\/\"><img decoding=\"async\"  alt=\"Aipim\"  src=\"https:\/\/cozinhadave.com\/wp-content\/uploads\/2023\/09\/Aipim5-1-600x585.jpg\" \/><\/a><\/div><div class=\"ultp-block-content\"><div class=\"ultp-category-grid ultp-category-classic ultp-category-aboveTitle\"><div class=\"ultp-category-in\"><a class=\"ultp-cat-curiosidades\" href=\"https:\/\/cozinhadave.com\/es\/categoria\/curiosidades\/\">CURIOSIDADES<\/a><\/div><\/div><h3 class=\"ultp-block-title\"><a href=\"https:\/\/cozinhadave.com\/es\/o-que-e-aipim-organico\/\">Desvelando el misterio: \u00bfQu\u00e9 es realmente la yuca org\u00e1nica?<\/a><\/h3><div class=\"ultp-block-excerpt\"><p>\u00a1Hola a todos! Bienvenidos a otro interesante art\u00edculo sobre alimentos sanos y nutritivos. En esta secci\u00f3n, vamos a explorar un ingrediente que est\u00e1 ganando cada vez m\u00e1s espacio en los platos de los brasile\u00f1os: la mandioca org\u00e1nica. Desvelando el misterio: \u00bfQu\u00e9 es...<\/p>\n<\/div><div class=\"ultp-block-readmore\"><a aria-label=\"Desvelando el misterio: \u00bfQu\u00e9 es realmente la yuca org\u00e1nica?\" href=\"https:\/\/cozinhadave.com\/es\/o-que-e-aipim-organico\/\">M\u00e1s informaci\u00f3n<svg xmlns=\"http:\/\/www.w3.org\/2000\/svg\" fill=\"none\" viewbox=\"0 0 24 24\">\n  <path stroke=\"currentColor\" stroke-linecap=\"round\" stroke-linejoin=\"round\" stroke-width=\"1.5\" d=\"m12 20.5 8.5-8.5m0 0L12 3.5m8.5 8.5h-17\"\/>\n<\/svg>\n<\/a><\/div><\/div><\/div><\/div><div class=\"ultp-block-item ultp-block-media post-id-16363\"><div class=\"ultp-block-content-wrap\"><div class=\"ultp-block-image ultp-block-image-opacity\"><a href=\"https:\/\/cozinhadave.com\/es\/tem-como-fazer-miojo-no-microondas\/\"><img decoding=\"async\"  alt=\"c\u00f3mo hacer fideos en el microondas\"  src=\"https:\/\/cozinhadave.com\/wp-content\/uploads\/2023\/08\/como-fazer-miojo-no-microondas-600x600.jpg\" \/><\/a><\/div><div class=\"ultp-block-content\"><div class=\"ultp-category-grid ultp-category-classic ultp-category-aboveTitle\"><div class=\"ultp-category-in\"><a class=\"ultp-cat-curiosidades\" href=\"https:\/\/cozinhadave.com\/es\/categoria\/curiosidades\/\">CURIOSIDADES<\/a><\/div><\/div><h3 class=\"ultp-block-title\"><a href=\"https:\/\/cozinhadave.com\/es\/tem-como-fazer-miojo-no-microondas\/\">\u00bfPuedo hacer fideos en el microondas?<\/a><\/h3><div class=\"ultp-block-excerpt\"><p>Ol\u00e1, pessoal! J\u00e1 perdi a conta de quantas vezes me perguntaram se \u00e9 poss\u00edvel fazer miojo no microondas. E a resposta \u00e9: sim, d\u00e1 pra fazer! E o melhor de tudo \u00e9 que \u00e9 super f\u00e1cil e r\u00e1pido. Tem como&hellip;<\/p>\n<\/div><div class=\"ultp-block-readmore\"><a aria-label=\"\u00bfPuedo hacer fideos en el microondas?\" href=\"https:\/\/cozinhadave.com\/es\/tem-como-fazer-miojo-no-microondas\/\">M\u00e1s informaci\u00f3n<svg xmlns=\"http:\/\/www.w3.org\/2000\/svg\" fill=\"none\" viewbox=\"0 0 24 24\">\n  <path stroke=\"currentColor\" stroke-linecap=\"round\" stroke-linejoin=\"round\" stroke-width=\"1.5\" d=\"m12 20.5 8.5-8.5m0 0L12 3.5m8.5 8.5h-17\"\/>\n<\/svg>\n<\/a><\/div><\/div><\/div><\/div><div class=\"ultp-block-item ultp-block-media post-id-20394\"><div class=\"ultp-block-content-wrap\"><div class=\"ultp-block-image ultp-block-image-opacity\"><a href=\"https:\/\/cozinhadave.com\/es\/las-pasas-sultanas-tienen-azucar\/\"><img decoding=\"async\"  alt=\"las pasas secas contienen az\u00facar\"  src=\"https:\/\/cozinhadave.com\/wp-content\/uploads\/2023\/09\/uva-passa-seca-tem-acucar-600x600.jpg\" \/><\/a><\/div><div class=\"ultp-block-content\"><div class=\"ultp-category-grid ultp-category-classic ultp-category-aboveTitle\"><div class=\"ultp-category-in\"><a class=\"ultp-cat-curiosidades\" href=\"https:\/\/cozinhadave.com\/es\/categoria\/curiosidades\/\">CURIOSIDADES<\/a><\/div><\/div><h3 class=\"ultp-block-title\"><a href=\"https:\/\/cozinhadave.com\/es\/las-pasas-sultanas-tienen-azucar\/\">\u00bfLas pasas secas tienen az\u00facar? \u00a1Descubr\u00e1moslo juntos!<\/a><\/h3><div class=\"ultp-block-excerpt\"><p>Ol\u00e1, leitores! Sejam bem-vindos a mais uma investiga\u00e7\u00e3o sobre um alimento popular. Dessa vez, vamos explorar a uva passa seca e descobrir se ela cont\u00e9m a\u00e7\u00facar. Al\u00e9m disso, vamos falar sobre sua composi\u00e7\u00e3o e benef\u00edcios \u00e0 sa\u00fade. Afinal, a uva&hellip;<\/p>\n<\/div><div class=\"ultp-block-readmore\"><a aria-label=\"\u00bfLas pasas secas tienen az\u00facar? \u00a1Descubr\u00e1moslo juntos!\" href=\"https:\/\/cozinhadave.com\/es\/las-pasas-sultanas-tienen-azucar\/\">M\u00e1s informaci\u00f3n<svg xmlns=\"http:\/\/www.w3.org\/2000\/svg\" fill=\"none\" viewbox=\"0 0 24 24\">\n  <path stroke=\"currentColor\" stroke-linecap=\"round\" stroke-linejoin=\"round\" stroke-width=\"1.5\" d=\"m12 20.5 8.5-8.5m0 0L12 3.5m8.5 8.5h-17\"\/>\n<\/svg>\n<\/a><\/div><\/div><\/div><\/div><div class=\"ultp-block-item ultp-block-media post-id-15862\"><div class=\"ultp-block-content-wrap\"><div class=\"ultp-block-image ultp-block-image-opacity\"><a href=\"https:\/\/cozinhadave.com\/es\/es-seguro-usar-un-microondas\/\"><img decoding=\"async\"  alt=\"\u00bfEs seguro utilizar microondas?\"  src=\"https:\/\/cozinhadave.com\/wp-content\/uploads\/2023\/07\/E-seguro-usar-micro-ondas-1-600x600.jpg\" \/><\/a><\/div><div class=\"ultp-block-content\"><div class=\"ultp-category-grid ultp-category-classic ultp-category-aboveTitle\"><div class=\"ultp-category-in\"><a class=\"ultp-cat-curiosidades\" href=\"https:\/\/cozinhadave.com\/es\/categoria\/curiosidades\/\">CURIOSIDADES<\/a><\/div><\/div><h3 class=\"ultp-block-title\"><a href=\"https:\/\/cozinhadave.com\/es\/es-seguro-usar-un-microondas\/\">\u00bfSe puede calentar en el microondas?<\/a><\/h3><div class=\"ultp-block-excerpt\"><p>\u00c9 seguro usar micro-ondas Voc\u00ea j\u00e1 se perguntou se \u00e9 seguro usar micro-ondas? Apesar de ser um dos eletrodom\u00e9sticos mais comuns nas cozinhas de todo o mundo, ainda h\u00e1 muitas d\u00favidas sobre os poss\u00edveis riscos desse dispositivo. Neste artigo, iremos&hellip;<\/p>\n<\/div><div class=\"ultp-block-readmore\"><a aria-label=\"\u00bfSe puede calentar en el microondas?\" href=\"https:\/\/cozinhadave.com\/es\/es-seguro-usar-un-microondas\/\">M\u00e1s informaci\u00f3n<svg xmlns=\"http:\/\/www.w3.org\/2000\/svg\" fill=\"none\" viewbox=\"0 0 24 24\">\n  <path stroke=\"currentColor\" stroke-linecap=\"round\" stroke-linejoin=\"round\" stroke-width=\"1.5\" d=\"m12 20.5 8.5-8.5m0 0L12 3.5m8.5 8.5h-17\"\/>\n<\/svg>\n<\/a><\/div><\/div><\/div><\/div><\/div><div class=\"ultp-loadmore\"><span class=\"ultp-loadmore-action\" tabindex=\"0\" role=\"button\" data-pages=\"13\" data-pagenum=\"1\"  data-expost=\"\" data-blockid=\"90be0d\" data-blockname=\"ultimate-post_post-list-3\" data-postid=\"21097\" data-selfpostid=\"yes\">M\u00e1s informaci\u00f3n <span class=\"ultp-spin\"><svg xmlns=\"http:\/\/www.w3.org\/2000\/svg\" fill=\"none\" viewbox=\"0 0 24 24\">\n  <path stroke=\"currentColor\" stroke-linecap=\"round\" stroke-linejoin=\"round\" stroke-width=\"1.5\" d=\"M21 12a9 9 0 0 1-17 4.127M3 12a9 9 0 0 1 17-4.127M20 3v5h-5M4 21v-5h5\"\/>\n<\/svg>\n<\/span><\/span><\/div><\/div><div class=\"pagination-block-html\" aria-hidden=\"true\" style=\"display: none;\"><\/div><\/div><\/div>\n\n\n\n<div class=\"wp-block-uagb-container uagb-block-179d179f\"><\/div>\n<\/div><\/div>","protected":false},"excerpt":{"rendered":"<p>CURIOSIDADES Aqui, voc\u00ea encontrar\u00e1 uma cole\u00e7\u00e3o fascinante de curiosidades intrigantes e surpreendentes relacionadas ao mundo da gastronomia. Desde fatos hist\u00f3ricos sobre pratos ic\u00f4nicos at\u00e9 segredos pouco conhecidos sobre ingredientes comuns, cada artigo \u00e9 uma viagem emocionante pelo universo da culin\u00e1ria. Prepare-se para se encantar e se inspirar com as curiosidades que revelam os bastidores e&hellip;&nbsp;<\/p>\n<div class=\"read-more-wrapper\"><a href=\"https:\/\/cozinhadave.com\/es\/curiosidades\/\" class=\"button button-secondary\" rel=\"bookmark\">Leer m\u00e1s \"<span class=\"screen-reader-text\">CURIOSIDADES<\/span><\/a><\/div>","protected":false},"author":10,"featured_media":0,"parent":0,"menu_order":0,"comment_status":"closed","ping_status":"closed","template":"","meta":{"_uag_custom_page_level_css":"","wprm-recipe-roundup-name":"","wprm-recipe-roundup-description":"","neve_meta_sidebar":"","neve_meta_container":"","neve_meta_enable_content_width":"","neve_meta_content_width":0,"neve_meta_title_alignment":"","neve_meta_author_avatar":"","neve_post_elements_order":"","neve_meta_disable_header":"","neve_meta_disable_footer":"","neve_meta_disable_title":"","neve_meta_reading_time":"","footnotes":""},"class_list":["post-21097","page","type-page","status-publish","hentry"],"uagb_featured_image_src":{"full":false,"thumbnail":false,"medium":false,"medium_large":false,"large":false,"1536x1536":false,"2048x2048":false,"trp-custom-language-flag":false,"ultp_layout_landscape_large":false,"ultp_layout_landscape":false,"ultp_layout_portrait":false,"ultp_layout_square":false,"wprm-metadata-1_1":false,"wprm-metadata-4_3":false,"wprm-metadata-16_9":false,"neve-blog":false},"uagb_author_info":{"display_name":"Paulo RIbeiro","author_link":"https:\/\/cozinhadave.com\/es\/author\/paulomiguelribeirogmail-com\/"},"uagb_comment_info":0,"uagb_excerpt":"CURIOSIDADES Aqui, voc\u00ea encontrar\u00e1 uma cole\u00e7\u00e3o fascinante de curiosidades intrigantes e surpreendentes relacionadas ao mundo da gastronomia. Desde fatos hist\u00f3ricos sobre pratos ic\u00f4nicos at\u00e9 segredos pouco conhecidos sobre ingredientes comuns, cada artigo \u00e9 uma viagem emocionante pelo universo da culin\u00e1ria. Prepare-se para se encantar e se inspirar com as curiosidades que revelam os bastidores e&hellip;&nbsp;Ler&hellip;","_links":{"self":[{"href":"https:\/\/cozinhadave.com\/es\/wp-json\/wp\/v2\/pages\/21097","targetHints":{"allow":["GET"]}}],"collection":[{"href":"https:\/\/cozinhadave.com\/es\/wp-json\/wp\/v2\/pages"}],"about":[{"href":"https:\/\/cozinhadave.com\/es\/wp-json\/wp\/v2\/types\/page"}],"author":[{"embeddable":true,"href":"https:\/\/cozinhadave.com\/es\/wp-json\/wp\/v2\/users\/10"}],"replies":[{"embeddable":true,"href":"https:\/\/cozinhadave.com\/es\/wp-json\/wp\/v2\/comments?post=21097"}],"version-history":[{"count":0,"href":"https:\/\/cozinhadave.com\/es\/wp-json\/wp\/v2\/pages\/21097\/revisions"}],"wp:attachment":[{"href":"https:\/\/cozinhadave.com\/es\/wp-json\/wp\/v2\/media?parent=21097"}],"curies":[{"name":"wp","href":"https:\/\/api.w.org\/{rel}","templated":true}]}}