{"id":21056,"date":"2024-05-04T19:42:44","date_gmt":"2024-05-04T19:42:44","guid":{"rendered":"http:\/\/cozinhadave.com\/?page_id=21056"},"modified":"2024-05-05T12:28:55","modified_gmt":"2024-05-05T12:28:55","slug":"ingredientes","status":"publish","type":"page","link":"https:\/\/cozinhadave.com\/es\/ingredientes\/","title":{"rendered":"INGREDIENTES"},"content":{"rendered":"<div class=\"wp-block-uagb-advanced-heading uagb-block-ca604257\"><h2 class=\"uagb-heading-text\">INGREDIENTES<\/h2><\/div>\n\n\n\n<div class=\"wp-block-uagb-container uagb-block-26a8be47 alignfull uagb-is-root-container\"><div class=\"uagb-container-inner-blocks-wrap\">\n<div class=\"wp-block-uagb-container uagb-block-71bdc037\"><\/div>\n\n\n\n<div class=\"wp-block-uagb-container uagb-block-46bd2a80\">\n<p class=\"has-neve-text-color-color has-text-color has-link-color wp-elements-96b20d9dd996dfb8caa09f5c806e99b4\">Para una receta deliciosa, siempre es necesario elegir los ingredientes m\u00e1s adecuados. Para que esto suceda, debes identificar si los ingredientes son los m\u00e1s adecuados para la receta que vas a preparar.&nbsp;<\/p>\n\n\n\n<p class=\"has-neve-text-color-color has-text-color has-link-color wp-elements-4235dfc56ac7d7634b643e3f4a0e2fe2\">En este espacio te ofrecemos varias gu\u00edas gratuitas sobre los ingredientes m\u00e1s variados que solemos utilizar en nuestras recetas, pero lo mejor es que a partir de hoy entender\u00e1s todos los temas sobre ingredientes.<\/p>\n\n\n\n<p class=\"has-neve-text-color-color has-text-color has-link-color wp-elements-3b1cca380c5bf00ef1d1f560de1888d4\">&nbsp;Desde su historia, c\u00f3mo se producen, sus beneficios para la salud, sus valores nutricionales y, por supuesto, c\u00f3mo se utilizan en las recetas m\u00e1s populares, adem\u00e1s de muchas otras cosas...<\/p>\n\n\n<div  class=\"wp-block-ultimate-post-advanced-search ultp-block-477790\"><div class=\"ultp-block-wrapper\"><div class=\"ultp-search-container ultp-search-frontend\"  data-ajax=\"1\" data-gosearch=\"1\" data-enablenewtab=\"\" data-blockid=\"477790\" \n                    data-image=\"1\"  data-author= \"data-date=\"\"\" data-excerpt=\"\" data-excerptlimit=\"25\" data-allresult=\"\" data-catenable=\"\"  data-postno=\"3\"  data-noresultext=\"N\u00e3o foram encontrados resultados\"   data-popupposition=\"right\" data-searchposttype=\"\"><div class=\"ultp-searchform-content ultp-searchform-input1\"><div class=\"ultp-search-inputwrap\"> <input type=\"text\" value=\"\" class=\"ultp-searchres-input\"  placeholder=\"Buscar ingredientes\"\/> <span class=\"ultp-search-clear\" data-blockid=\"477790\"><svg xmlns=\"http:\/\/www.w3.org\/2000\/svg\" fill=\"none\" viewbox=\"0 0 24 24\">\n  <path stroke=\"currentColor\" stroke-linecap=\"round\" stroke-width=\"1.5\" d=\"m6 6 6 6m0 0 6 6m-6-6 6-6m-6 6-6 6\"\/>\n<\/svg>\n<\/span> <\/div><div class=\"ultp-search-button\"><svg xmlns=\"http:\/\/www.w3.org\/2000\/svg\" fill=\"none\" viewbox=\"0 0 24 24\">\n  <path stroke=\"currentColor\" stroke-linecap=\"round\" stroke-linejoin=\"round\" stroke-width=\"1.5\" d=\"M11 19a8 8 0 1 0 0-16 8 8 0 0 0 0 16Zm10 2-4.35-4.35\"\/>\n<\/svg>\n<span class=\"ultp-search-button__text\"> Buscar en <\/span><\/div><\/div><\/div><\/div><\/div><\/div>\n\n\n\n<div class=\"wp-block-uagb-container uagb-block-59e8365b\"><\/div>\n<\/div><\/div>\n\n\n\n<div class=\"nv-cv-d nv-cv-m wp-block-uagb-container uagb-block-bb890383 alignfull uagb-is-root-container\"><div class=\"uagb-container-inner-blocks-wrap\">\n<div class=\"wp-block-uagb-container uagb-block-07f24e17\"><\/div>\n\n\n\n<div class=\"wp-block-uagb-container uagb-block-894989ec\"><div  class=\"ultp-post-grid-block wp-block-ultimate-post-post-list-3 ultp-block-3f3328\"><div class=\"ultp-block-wrapper\"><div class=\"ultp-loading\"><div class=\"ultp-loading-blocks\" style=\"width:100%;height:100%;\"><div style=\"left: 0;top: 0;animation-delay:0s;\"><\/div><div style=\"left: 21px;top: 0;animation-delay:0.125s;\"><\/div><div style=\"left: 42px;top: 0;animation-delay:0.25s;\"><\/div><div style=\"left: 0;top: 21px;animation-delay:0.875s;\"><\/div><div style=\"left: 42px;top: 21px;animation-delay:0.375s;\"><\/div><div style=\"left: 0;top: 42px;animation-delay:0.75s;\"><\/div><div style=\"left: 42px;top: 42px;animation-delay:0.625s;\"><\/div><div style=\"left: 21px;top: 42px;animation-delay:0.5s;\"><\/div><\/div><\/div><div class=\"ultp-heading-filter\"><div class=\"ultp-heading-filter-in\"><div class=\"ultp-filter-navigation\"><div class=\"ultp-filter-wrap\" data-taxtype=\"category\" data-blockid=\"3f3328\" data-blockname=\"ultimate-post_post-list-3\" data-postid=\"21056\"data-selfpostid=\"yes\"><ul class=\"ultp-flex-menu\" data-name=\"More\"><li class=\"filter-item\"><a class=\"filter-active\" data-taxonomy=\"\" href=\"#\">TODOS<\/a><\/li><li class=\"filter-item\"><a data-taxonomy=\"condimentos\" href=\"#\">ESPECIA<\/a><\/li><li class=\"filter-item\"><a data-taxonomy=\"frutas\" href=\"#\">FRUTAS<\/a><\/li><li class=\"filter-item\"><a data-taxonomy=\"legumes\" href=\"#\">VERDURAS<\/a><\/li><li class=\"filter-item\"><a data-taxonomy=\"verduras\" href=\"#\">VERDURAS<\/a><\/li><li class=\"filter-item\"><a data-taxonomy=\"queijos\" href=\"#\">QUESOS<\/a><\/li><\/ul><\/div><\/div><\/div><\/div><div class=\"ultp-block-items-wrap ultp-block-row ultp-block-column-1 ultp-block-content-middle ultp-layout1\"><div class=\"ultp-block-item ultp-block-media post-id-17324\"><div class=\"ultp-block-content-wrap\"><div class=\"ultp-block-image ultp-block-image-opacity\"><a href=\"https:\/\/cozinhadave.com\/es\/kimchi\/\"><img decoding=\"async\"  alt=\"Kimchi\"  src=\"https:\/\/cozinhadave.com\/wp-content\/uploads\/2023\/09\/Kimchi-4-600x585.jpg\" \/><\/a><\/div><div class=\"ultp-block-content\"><div class=\"ultp-category-grid ultp-category-classic ultp-category-aboveTitle\"><div class=\"ultp-category-in\"><a class=\"ultp-cat-ingredientes\" href=\"https:\/\/cozinhadave.com\/es\/categoria\/ingredientes\/\">INGREDIENTES<\/a><a class=\"ultp-cat-condimentos\" href=\"https:\/\/cozinhadave.com\/es\/categoria\/ingredientes\/condimentos\/\">ESPECIA<\/a><\/div><\/div><h3 class=\"ultp-block-title\"><a href=\"https:\/\/cozinhadave.com\/es\/kimchi\/\">Kimchi: descubra los secretos de este delicioso manjar coreano<\/a><\/h3><div class=\"ultp-block-excerpt\"><p>Ol\u00e1, leitor(a)! Hoje eu quero te apresentar um dos pratos mais fascinantes que j\u00e1 provei em minha vida: o Kimchi! Se voc\u00ea j\u00e1 visitou a Coreia do Sul ou tem curiosidade sobre a culin\u00e1ria oriental, com certeza j\u00e1 ouviu falar&hellip;<\/p>\n<\/div><div class=\"ultp-block-readmore\"><a aria-label=\"Kimchi: descubra los secretos de este delicioso manjar coreano\" href=\"https:\/\/cozinhadave.com\/es\/kimchi\/\">M\u00e1s informaci\u00f3n<svg xmlns=\"http:\/\/www.w3.org\/2000\/svg\" fill=\"none\" viewbox=\"0 0 24 24\">\n  <path stroke=\"currentColor\" stroke-linecap=\"round\" stroke-linejoin=\"round\" stroke-width=\"1.5\" d=\"m12 20.5 8.5-8.5m0 0L12 3.5m8.5 8.5h-17\"\/>\n<\/svg>\n<\/a><\/div><\/div><\/div><\/div><div class=\"ultp-block-item ultp-block-media post-id-16733\"><div class=\"ultp-block-content-wrap\"><div class=\"ultp-block-image ultp-block-image-opacity\"><a href=\"https:\/\/cozinhadave.com\/es\/pasa\/\"><img decoding=\"async\"  alt=\"pasa\"  src=\"https:\/\/cozinhadave.com\/wp-content\/uploads\/2023\/08\/uva-passa-1-600x585.jpg\" \/><\/a><\/div><div class=\"ultp-block-content\"><div class=\"ultp-category-grid ultp-category-classic ultp-category-aboveTitle\"><div class=\"ultp-category-in\"><a class=\"ultp-cat-ingredientes\" href=\"https:\/\/cozinhadave.com\/es\/categoria\/ingredientes\/\">INGREDIENTES<\/a><a class=\"ultp-cat-frutas\" href=\"https:\/\/cozinhadave.com\/es\/categoria\/ingredientes\/frutas\/\">FRUTAS<\/a><\/div><\/div><h3 class=\"ultp-block-title\"><a href=\"https:\/\/cozinhadave.com\/es\/pasa\/\">Pasas: \u00a1prueba esta delicia y descubre sus beneficios!<\/a><\/h3><div class=\"ultp-block-excerpt\"><p>Uva passa: saboreie essa del\u00edcia e descubra seus benef\u00edcios! Ol\u00e1, pessoal! Essa semana eu descobri uma nova paix\u00e3o: uva passa! Eu sempre gostei de uva, mas nunca havia experimentado a vers\u00e3o passa. E olha, foi amor \u00e0 primeira mordida! Al\u00e9m&hellip;<\/p>\n<\/div><div class=\"ultp-block-readmore\"><a aria-label=\"Pasas: \u00a1prueba esta delicia y descubre sus beneficios!\" href=\"https:\/\/cozinhadave.com\/es\/pasa\/\">M\u00e1s informaci\u00f3n<svg xmlns=\"http:\/\/www.w3.org\/2000\/svg\" fill=\"none\" viewbox=\"0 0 24 24\">\n  <path stroke=\"currentColor\" stroke-linecap=\"round\" stroke-linejoin=\"round\" stroke-width=\"1.5\" d=\"m12 20.5 8.5-8.5m0 0L12 3.5m8.5 8.5h-17\"\/>\n<\/svg>\n<\/a><\/div><\/div><\/div><\/div><div class=\"ultp-block-item ultp-block-media post-id-17197\"><div class=\"ultp-block-content-wrap\"><div class=\"ultp-block-image ultp-block-image-opacity\"><a href=\"https:\/\/cozinhadave.com\/es\/erva-de-provence\/\"><img decoding=\"async\"  alt=\"Hierbas de Provenza\"  src=\"https:\/\/cozinhadave.com\/wp-content\/uploads\/2023\/09\/Erva-de-provence-1-600x585.jpg\" \/><\/a><\/div><div class=\"ultp-block-content\"><div class=\"ultp-category-grid ultp-category-classic ultp-category-aboveTitle\"><div class=\"ultp-category-in\"><a class=\"ultp-cat-ingredientes\" href=\"https:\/\/cozinhadave.com\/es\/categoria\/ingredientes\/\">INGREDIENTES<\/a><a class=\"ultp-cat-condimentos\" href=\"https:\/\/cozinhadave.com\/es\/categoria\/ingredientes\/condimentos\/\">ESPECIA<\/a><\/div><\/div><h3 class=\"ultp-block-title\"><a href=\"https:\/\/cozinhadave.com\/es\/erva-de-provence\/\">Erva de Provence: Descubra el secreto de las hierbas francesas en Brasil<\/a><\/h3><div class=\"ultp-block-excerpt\"><p>Ol\u00e1, eu sou um jornalista especializado em copywriting e hoje estou aqui para falar sobre um ingrediente que chegou recentemente ao Brasil, mas que j\u00e1 conquistou muitos cora\u00e7\u00f5es culin\u00e1rios: a Erva de Provence. Erva de Provence: Descubra o segredo das&hellip;<\/p>\n<\/div><div class=\"ultp-block-readmore\"><a aria-label=\"Erva de Provence: Descubra el secreto de las hierbas francesas en Brasil\" href=\"https:\/\/cozinhadave.com\/es\/erva-de-provence\/\">M\u00e1s informaci\u00f3n<svg xmlns=\"http:\/\/www.w3.org\/2000\/svg\" fill=\"none\" viewbox=\"0 0 24 24\">\n  <path stroke=\"currentColor\" stroke-linecap=\"round\" stroke-linejoin=\"round\" stroke-width=\"1.5\" d=\"m12 20.5 8.5-8.5m0 0L12 3.5m8.5 8.5h-17\"\/>\n<\/svg>\n<\/a><\/div><\/div><\/div><\/div><div class=\"ultp-block-item ultp-block-media post-id-17811\"><div class=\"ultp-block-content-wrap\"><div class=\"ultp-block-image ultp-block-image-opacity\"><a href=\"https:\/\/cozinhadave.com\/es\/pepino\/\"><img decoding=\"async\"  alt=\"\u00bfQu\u00e9 es un pepino?\"  src=\"https:\/\/cozinhadave.com\/wp-content\/uploads\/2023\/08\/O-que-e-o-pepino-600x576.jpg\" \/><\/a><\/div><div class=\"ultp-block-content\"><div class=\"ultp-category-grid ultp-category-classic ultp-category-aboveTitle\"><div class=\"ultp-category-in\"><a class=\"ultp-cat-ingredientes\" href=\"https:\/\/cozinhadave.com\/es\/categoria\/ingredientes\/\">INGREDIENTES<\/a><a class=\"ultp-cat-legumes\" href=\"https:\/\/cozinhadave.com\/es\/categoria\/ingredientes\/verduras-2\/\">VERDURAS<\/a><\/div><\/div><h3 class=\"ultp-block-title\"><a href=\"https:\/\/cozinhadave.com\/es\/pepino\/\">Pepino: Descubra sus beneficios y curiosidades en un momento de necesidad<\/a><\/h3><div class=\"ultp-block-excerpt\"><p>Ol\u00e1, leitores! Hoje, vamos mergulhar em um tema refrescante e saud\u00e1vel: o pepino! Voc\u00ea sabia que essa hortali\u00e7a pode ser muito mais do que um simples acompanhamento para sua salada? Nos pr\u00f3ximos minutos, vou apresentar os incr\u00edveis benef\u00edcios e curiosidades&hellip;<\/p>\n<\/div><div class=\"ultp-block-readmore\"><a aria-label=\"Pepino: Descubra sus beneficios y curiosidades en un momento de necesidad\" href=\"https:\/\/cozinhadave.com\/es\/pepino\/\">M\u00e1s informaci\u00f3n<svg xmlns=\"http:\/\/www.w3.org\/2000\/svg\" fill=\"none\" viewbox=\"0 0 24 24\">\n  <path stroke=\"currentColor\" stroke-linecap=\"round\" stroke-linejoin=\"round\" stroke-width=\"1.5\" d=\"m12 20.5 8.5-8.5m0 0L12 3.5m8.5 8.5h-17\"\/>\n<\/svg>\n<\/a><\/div><\/div><\/div><\/div><div class=\"ultp-block-item ultp-block-media post-id-17736\"><div class=\"ultp-block-content-wrap\"><div class=\"ultp-block-image ultp-block-image-opacity\"><a href=\"https:\/\/cozinhadave.com\/es\/chicoria\/\"><img decoding=\"async\"  alt=\"achicoria\"  src=\"https:\/\/cozinhadave.com\/wp-content\/uploads\/2023\/08\/chicoria-4-600x585.jpg\" \/><\/a><\/div><div class=\"ultp-block-content\"><div class=\"ultp-category-grid ultp-category-classic ultp-category-aboveTitle\"><div class=\"ultp-category-in\"><a class=\"ultp-cat-ingredientes\" href=\"https:\/\/cozinhadave.com\/es\/categoria\/ingredientes\/\">INGREDIENTES<\/a><a class=\"ultp-cat-legumes\" href=\"https:\/\/cozinhadave.com\/es\/categoria\/ingredientes\/verduras-2\/\">VERDURAS<\/a><\/div><\/div><h3 class=\"ultp-block-title\"><a href=\"https:\/\/cozinhadave.com\/es\/chicoria\/\">Achicoria: una hierba encantadora que conquist\u00f3 mis papilas gustativas en Brasil<\/a><\/h3><div class=\"ultp-block-excerpt\"><p>Ah, a chic\u00f3ria. Essa erva com gosto amargo e textura crocante que conquistou meu paladar desde que cheguei ao Brasil. Eu nunca havia visto essa verdura em minha terra natal, mas aqui, ela \u00e9 um ingrediente comum em v\u00e1rios pratos.&hellip;<\/p>\n<\/div><div class=\"ultp-block-readmore\"><a aria-label=\"Achicoria: una hierba encantadora que conquist\u00f3 mis papilas gustativas en Brasil\" href=\"https:\/\/cozinhadave.com\/es\/chicoria\/\">M\u00e1s informaci\u00f3n<svg xmlns=\"http:\/\/www.w3.org\/2000\/svg\" fill=\"none\" viewbox=\"0 0 24 24\">\n  <path stroke=\"currentColor\" stroke-linecap=\"round\" stroke-linejoin=\"round\" stroke-width=\"1.5\" d=\"m12 20.5 8.5-8.5m0 0L12 3.5m8.5 8.5h-17\"\/>\n<\/svg>\n<\/a><\/div><\/div><\/div><\/div><div class=\"ultp-block-item ultp-block-media post-id-17870\"><div class=\"ultp-block-content-wrap\"><div class=\"ultp-block-image ultp-block-image-opacity\"><a href=\"https:\/\/cozinhadave.com\/es\/cambuquira\/\"><img decoding=\"async\"  alt=\"Cambuquir\u00e1\"  src=\"https:\/\/cozinhadave.com\/wp-content\/uploads\/2023\/08\/Cambuquira-1-600x576.jpg\" \/><\/a><\/div><div class=\"ultp-block-content\"><div class=\"ultp-category-grid ultp-category-classic ultp-category-aboveTitle\"><div class=\"ultp-category-in\"><a class=\"ultp-cat-ingredientes\" href=\"https:\/\/cozinhadave.com\/es\/categoria\/ingredientes\/\">INGREDIENTES<\/a><a class=\"ultp-cat-legumes\" href=\"https:\/\/cozinhadave.com\/es\/categoria\/ingredientes\/verduras-2\/\">VERDURAS<\/a><\/div><\/div><h3 class=\"ultp-block-title\"><a href=\"https:\/\/cozinhadave.com\/es\/cambuquira\/\">Cambuquira: Descubre este delicioso ingrediente culinario<\/a><\/h3><div class=\"ultp-block-excerpt\"><p>Se voc\u00ea \u00e9 um apaixonado por culin\u00e1ria, com certeza j\u00e1 ouviu falar da cambuquira. Eu, como jornalista especializado em gastronomia, pude comprovar que essa flor comest\u00edvel \u00e9 um verdadeiro tesouro da culin\u00e1ria brasileira. Cambuquira: Descubra este delicioso ingrediente culin\u00e1rio Se&hellip;<\/p>\n<\/div><div class=\"ultp-block-readmore\"><a aria-label=\"Cambuquira: Descubre este delicioso ingrediente culinario\" href=\"https:\/\/cozinhadave.com\/es\/cambuquira\/\">M\u00e1s informaci\u00f3n<svg xmlns=\"http:\/\/www.w3.org\/2000\/svg\" fill=\"none\" viewbox=\"0 0 24 24\">\n  <path stroke=\"currentColor\" stroke-linecap=\"round\" stroke-linejoin=\"round\" stroke-width=\"1.5\" d=\"m12 20.5 8.5-8.5m0 0L12 3.5m8.5 8.5h-17\"\/>\n<\/svg>\n<\/a><\/div><\/div><\/div><\/div><div class=\"ultp-block-item ultp-block-media post-id-17759\"><div class=\"ultp-block-content-wrap\"><div class=\"ultp-block-image ultp-block-image-opacity\"><a href=\"https:\/\/cozinhadave.com\/es\/frijoles\/\"><img decoding=\"async\"  alt=\"frijoles\"  src=\"https:\/\/cozinhadave.com\/wp-content\/uploads\/2023\/08\/favas-8-600x585.jpg\" \/><\/a><\/div><div class=\"ultp-block-content\"><div class=\"ultp-category-grid ultp-category-classic ultp-category-aboveTitle\"><div class=\"ultp-category-in\"><a class=\"ultp-cat-ingredientes\" href=\"https:\/\/cozinhadave.com\/es\/categoria\/ingredientes\/\">INGREDIENTES<\/a><a class=\"ultp-cat-legumes\" href=\"https:\/\/cozinhadave.com\/es\/categoria\/ingredientes\/verduras-2\/\">VERDURAS<\/a><\/div><\/div><h3 class=\"ultp-block-title\"><a href=\"https:\/\/cozinhadave.com\/es\/frijoles\/\">Habas: Los secretos que descubr\u00ed sobre este ingrediente m\u00e1gico<\/a><\/h3><div class=\"ultp-block-excerpt\"><p>Eu sempre fui fascinado por ingredientes diferentes e um tanto desconhecidos, e quando descobri as favas, foi amor \u00e0 primeira vista. Este ingrediente m\u00e1gico tem muito mais do que aparenta e eu n\u00e3o podia deixar de compartilhar tudo o que&hellip;<\/p>\n<\/div><div class=\"ultp-block-readmore\"><a aria-label=\"Habas: Los secretos que descubr\u00ed sobre este ingrediente m\u00e1gico\" href=\"https:\/\/cozinhadave.com\/es\/frijoles\/\">M\u00e1s informaci\u00f3n<svg xmlns=\"http:\/\/www.w3.org\/2000\/svg\" fill=\"none\" viewbox=\"0 0 24 24\">\n  <path stroke=\"currentColor\" stroke-linecap=\"round\" stroke-linejoin=\"round\" stroke-width=\"1.5\" d=\"m12 20.5 8.5-8.5m0 0L12 3.5m8.5 8.5h-17\"\/>\n<\/svg>\n<\/a><\/div><\/div><\/div><\/div><div class=\"ultp-block-item ultp-block-media post-id-17640\"><div class=\"ultp-block-content-wrap\"><div class=\"ultp-block-image ultp-block-image-opacity\"><a href=\"https:\/\/cozinhadave.com\/es\/habas\/\"><img decoding=\"async\"  alt=\"habas\"  src=\"https:\/\/cozinhadave.com\/wp-content\/uploads\/2023\/08\/Feijao-fava-600x576.jpg\" \/><\/a><\/div><div class=\"ultp-block-content\"><div class=\"ultp-category-grid ultp-category-classic ultp-category-aboveTitle\"><div class=\"ultp-category-in\"><a class=\"ultp-cat-ingredientes\" href=\"https:\/\/cozinhadave.com\/es\/categoria\/ingredientes\/\">INGREDIENTES<\/a><a class=\"ultp-cat-legumes\" href=\"https:\/\/cozinhadave.com\/es\/categoria\/ingredientes\/verduras-2\/\">VERDURAS<\/a><\/div><\/div><h3 class=\"ultp-block-title\"><a href=\"https:\/\/cozinhadave.com\/es\/habas\/\">Habas: deleitarse con este manjar brasile\u00f1o<\/a><\/h3><div class=\"ultp-block-excerpt\"><p>Como jornalista de gastronomia, sempre estou em busca de novos sabores e experi\u00eancias culin\u00e1rias. Recentemente, descobri uma iguaria brasileira que tem me deixado encantada: o feij\u00e3o fava. Feij\u00e3o fava: deliciando-me com essa iguaria brasileira N\u00e3o sei como deixei passar tanto&hellip;<\/p>\n<\/div><div class=\"ultp-block-readmore\"><a aria-label=\"Habas: deleitarse con este manjar brasile\u00f1o\" href=\"https:\/\/cozinhadave.com\/es\/habas\/\">M\u00e1s informaci\u00f3n<svg xmlns=\"http:\/\/www.w3.org\/2000\/svg\" fill=\"none\" viewbox=\"0 0 24 24\">\n  <path stroke=\"currentColor\" stroke-linecap=\"round\" stroke-linejoin=\"round\" stroke-width=\"1.5\" d=\"m12 20.5 8.5-8.5m0 0L12 3.5m8.5 8.5h-17\"\/>\n<\/svg>\n<\/a><\/div><\/div><\/div><\/div><div class=\"ultp-block-item ultp-block-media post-id-17921\"><div class=\"ultp-block-content-wrap\"><div class=\"ultp-block-image ultp-block-image-opacity\"><a href=\"https:\/\/cozinhadave.com\/es\/mango-cereza\/\"><img decoding=\"async\"  alt=\"caja manga 4\"  src=\"https:\/\/cozinhadave.com\/wp-content\/uploads\/2023\/08\/caja-manga-4-600x585.jpg\" \/><\/a><\/div><div class=\"ultp-block-content\"><div class=\"ultp-category-grid ultp-category-classic ultp-category-aboveTitle\"><div class=\"ultp-category-in\"><a class=\"ultp-cat-ingredientes\" href=\"https:\/\/cozinhadave.com\/es\/categoria\/ingredientes\/\">INGREDIENTES<\/a><a class=\"ultp-cat-frutas\" href=\"https:\/\/cozinhadave.com\/es\/categoria\/ingredientes\/frutas\/\">FRUTAS<\/a><\/div><\/div><h3 class=\"ultp-block-title\"><a href=\"https:\/\/cozinhadave.com\/es\/mango-cereza\/\">Caja mango: Descubre el incre\u00edble sabor de esta fruta brasile\u00f1a.<\/a><\/h3><div class=\"ultp-block-excerpt\"><p>Caja manga: Descubra o sabor incr\u00edvel dessa fruta brasileira. Ol\u00e1, queridos leitores! Sou uma pessoa apaixonada por descobrir sabores novos e incr\u00edveis pelo Brasil. E desta vez, quero compartilhar com voc\u00eas minha experi\u00eancia com uma fruta surpreendente: a Caja manga!&hellip;<\/p>\n<\/div><div class=\"ultp-block-readmore\"><a aria-label=\"Caja mango: Descubre el incre\u00edble sabor de esta fruta brasile\u00f1a.\" href=\"https:\/\/cozinhadave.com\/es\/mango-cereza\/\">M\u00e1s informaci\u00f3n<svg xmlns=\"http:\/\/www.w3.org\/2000\/svg\" fill=\"none\" viewbox=\"0 0 24 24\">\n  <path stroke=\"currentColor\" stroke-linecap=\"round\" stroke-linejoin=\"round\" stroke-width=\"1.5\" d=\"m12 20.5 8.5-8.5m0 0L12 3.5m8.5 8.5h-17\"\/>\n<\/svg>\n<\/a><\/div><\/div><\/div><\/div><div class=\"ultp-block-item ultp-block-media post-id-16771\"><div class=\"ultp-block-content-wrap\"><div class=\"ultp-block-image ultp-block-image-opacity\"><a href=\"https:\/\/cozinhadave.com\/es\/chico-morado\/\"><img decoding=\"async\"  alt=\"chico morado\"  src=\"https:\/\/cozinhadave.com\/wp-content\/uploads\/2023\/08\/Cara-roxo-600x576.jpg\" \/><\/a><\/div><div class=\"ultp-block-content\"><div class=\"ultp-category-grid ultp-category-classic ultp-category-aboveTitle\"><div class=\"ultp-category-in\"><a class=\"ultp-cat-ingredientes\" href=\"https:\/\/cozinhadave.com\/es\/categoria\/ingredientes\/\">INGREDIENTES<\/a><a class=\"ultp-cat-legumes\" href=\"https:\/\/cozinhadave.com\/es\/categoria\/ingredientes\/verduras-2\/\">VERDURAS<\/a><\/div><\/div><h3 class=\"ultp-block-title\"><a href=\"https:\/\/cozinhadave.com\/es\/chico-morado\/\">Car\u00e1 Morada: Sabores y Sorpresas de este Tub\u00e9rculo Brasile\u00f1o<\/a><\/h3><div class=\"ultp-block-excerpt\"><p>Car\u00e1 Roxo: Sabores e Surpresas deste Tub\u00e9rculo Brasileiro Ah, o car\u00e1 roxo! S\u00f3 o nome j\u00e1 traz \u00e1gua na boca. Este tesouro brasileiro \u00e9 um tub\u00e9rculo que conquista cada vez mais espa\u00e7o nas cozinhas brasileiras, e n\u00e3o \u00e9 por acaso.&hellip;<\/p>\n<\/div><div class=\"ultp-block-readmore\"><a aria-label=\"Car\u00e1 Morada: Sabores y Sorpresas de este Tub\u00e9rculo Brasile\u00f1o\" href=\"https:\/\/cozinhadave.com\/es\/chico-morado\/\">M\u00e1s informaci\u00f3n<svg xmlns=\"http:\/\/www.w3.org\/2000\/svg\" fill=\"none\" viewbox=\"0 0 24 24\">\n  <path stroke=\"currentColor\" stroke-linecap=\"round\" stroke-linejoin=\"round\" stroke-width=\"1.5\" d=\"m12 20.5 8.5-8.5m0 0L12 3.5m8.5 8.5h-17\"\/>\n<\/svg>\n<\/a><\/div><\/div><\/div><\/div><\/div><div class=\"ultp-loadmore\"><span class=\"ultp-loadmore-action\" tabindex=\"0\" role=\"button\" data-pages=\"10\" data-pagenum=\"1\"  data-expost=\"\" data-blockid=\"3f3328\" data-blockname=\"ultimate-post_post-list-3\" data-postid=\"21056\" data-selfpostid=\"yes\">M\u00e1s informaci\u00f3n <span class=\"ultp-spin\"><svg xmlns=\"http:\/\/www.w3.org\/2000\/svg\" fill=\"none\" viewbox=\"0 0 24 24\">\n  <path stroke=\"currentColor\" stroke-linecap=\"round\" stroke-linejoin=\"round\" stroke-width=\"1.5\" d=\"M21 12a9 9 0 0 1-17 4.127M3 12a9 9 0 0 1 17-4.127M20 3v5h-5M4 21v-5h5\"\/>\n<\/svg>\n<\/span><\/span><\/div><\/div><div class=\"pagination-block-html\" aria-hidden=\"true\" style=\"display: none;\"><\/div><\/div><\/div>\n\n\n\n<div class=\"wp-block-uagb-container uagb-block-179d179f\"><\/div>\n<\/div><\/div>","protected":false},"excerpt":{"rendered":"<p>INGREDIENTES Para uma deliciosa receita, \u00e9 sempre necess\u00e1rio escolher os ingredientes mais adequados. Para que isso aconte\u00e7a voc\u00ea dever\u00e1 identificar se os ingredientes s\u00e3o os mais indicados para a receita que vai preparar.&nbsp; Neste espa\u00e7o oferecemos diversos guias gratuitos sobre os mais variados ingredientes, que normalmente utilizamos nas nossas receitas, mas a parte melhor \u00e9&hellip;&nbsp;<\/p>\n<div class=\"read-more-wrapper\"><a href=\"https:\/\/cozinhadave.com\/es\/ingredientes\/\" class=\"button button-secondary\" rel=\"bookmark\">Leer m\u00e1s \"<span class=\"screen-reader-text\">INGREDIENTES<\/span><\/a><\/div>","protected":false},"author":10,"featured_media":0,"parent":0,"menu_order":0,"comment_status":"closed","ping_status":"closed","template":"","meta":{"_uag_custom_page_level_css":"","wprm-recipe-roundup-name":"","wprm-recipe-roundup-description":"","neve_meta_sidebar":"","neve_meta_container":"","neve_meta_enable_content_width":"","neve_meta_content_width":0,"neve_meta_title_alignment":"","neve_meta_author_avatar":"","neve_post_elements_order":"","neve_meta_disable_header":"","neve_meta_disable_footer":"","neve_meta_disable_title":"","neve_meta_reading_time":"","footnotes":""},"class_list":["post-21056","page","type-page","status-publish","hentry"],"uagb_featured_image_src":{"full":false,"thumbnail":false,"medium":false,"medium_large":false,"large":false,"1536x1536":false,"2048x2048":false,"trp-custom-language-flag":false,"ultp_layout_landscape_large":false,"ultp_layout_landscape":false,"ultp_layout_portrait":false,"ultp_layout_square":false,"wprm-metadata-1_1":false,"wprm-metadata-4_3":false,"wprm-metadata-16_9":false,"neve-blog":false},"uagb_author_info":{"display_name":"Paulo RIbeiro","author_link":"https:\/\/cozinhadave.com\/es\/author\/paulomiguelribeirogmail-com\/"},"uagb_comment_info":0,"uagb_excerpt":"INGREDIENTES Para uma deliciosa receita, \u00e9 sempre necess\u00e1rio escolher os ingredientes mais adequados. Para que isso aconte\u00e7a voc\u00ea dever\u00e1 identificar se os ingredientes s\u00e3o os mais indicados para a receita que vai preparar.&nbsp; Neste espa\u00e7o oferecemos diversos guias gratuitos sobre os mais variados ingredientes, que normalmente utilizamos nas nossas receitas, mas a parte melhor \u00e9&hellip;&nbsp;Ler&hellip;","_links":{"self":[{"href":"https:\/\/cozinhadave.com\/es\/wp-json\/wp\/v2\/pages\/21056","targetHints":{"allow":["GET"]}}],"collection":[{"href":"https:\/\/cozinhadave.com\/es\/wp-json\/wp\/v2\/pages"}],"about":[{"href":"https:\/\/cozinhadave.com\/es\/wp-json\/wp\/v2\/types\/page"}],"author":[{"embeddable":true,"href":"https:\/\/cozinhadave.com\/es\/wp-json\/wp\/v2\/users\/10"}],"replies":[{"embeddable":true,"href":"https:\/\/cozinhadave.com\/es\/wp-json\/wp\/v2\/comments?post=21056"}],"version-history":[{"count":0,"href":"https:\/\/cozinhadave.com\/es\/wp-json\/wp\/v2\/pages\/21056\/revisions"}],"wp:attachment":[{"href":"https:\/\/cozinhadave.com\/es\/wp-json\/wp\/v2\/media?parent=21056"}],"curies":[{"name":"wp","href":"https:\/\/api.w.org\/{rel}","templated":true}]}}