{"id":141,"date":"2019-08-20T06:03:37","date_gmt":"2019-08-20T06:03:37","guid":{"rendered":"https:\/\/websitedemos.net\/nutritionist-02-wip\/?page_id=141"},"modified":"2024-06-08T18:53:27","modified_gmt":"2024-06-08T18:53:27","slug":"quienes-somos","status":"publish","type":"page","link":"https:\/\/cozinhadave.com\/es\/quienes-somos\/","title":{"rendered":"Quienes somos"},"content":{"rendered":"<div class=\"wp-block-uagb-container uagb-block-bdc10053 alignfull uagb-is-root-container\"><div class=\"uagb-container-inner-blocks-wrap\">\n<div class=\"wp-block-uagb-container uagb-block-cfdd1cbf\"><\/div>\n\n\n\n<div class=\"wp-block-uagb-container uagb-block-c9575796\"><div class=\"wp-block-image\">\n<figure class=\"aligncenter size-full is-resized\"><img loading=\"lazy\" decoding=\"async\" width=\"400\" height=\"400\" src=\"http:\/\/cozinhadave.com\/wp-content\/uploads\/2022\/02\/veronica.png\" alt=\"\" class=\"wp-image-10122\" style=\"width:300px\" srcset=\"https:\/\/cozinhadave.com\/wp-content\/uploads\/2022\/02\/veronica.png 400w, https:\/\/cozinhadave.com\/wp-content\/uploads\/2022\/02\/veronica-300x300.png 300w, https:\/\/cozinhadave.com\/wp-content\/uploads\/2022\/02\/veronica-150x150.png 150w\" sizes=\"auto, (max-width: 400px) 100vw, 400px\" \/><\/figure>\n<\/div>\n\n\n<h2 class=\"wp-block-heading\">Hola, soy Veronica<\/h2>\n\n\n\n<p>Hola, soy Ver\u00f4nica Ribeiro, una brasile\u00f1a apasionada por la comida y la cocina. Desde que era joven, siempre me ha gustado cocinar y compartir mis recetas con mi familia y amigos. <\/p>\n\n\n\n<p>Mi afici\u00f3n por la cocina comenz\u00f3 a una edad temprana y se ha convertido con los a\u00f1os en una pasi\u00f3n que me permite expresar mi creatividad y compartir momentos felices con las personas que quiero.<\/p>\n\n\n\n<p>En 2009 me mud\u00e9 a Portugal, donde me cas\u00e9 con mi marido Paulo. Aqu\u00ed descubr\u00ed una nueva cultura y un rico patrimonio culinario que me inspiraron para aprender nuevas recetas y t\u00e9cnicas. <\/p>\n\n\n\n<p>Con el tiempo, empec\u00e9 a compartir mis experiencias y recetas con amigos y familiares, que siempre me animaron a seguir adelante.<\/p>\n\n\n\n<p>En 2020, decid\u00ed crear el <a href=\"http:\/\/cozinhadave.com\/es\/\" data-type=\"link\" data-id=\"http:\/\/cozinhadave.com\">Cozinhadave.com<\/a> y un canal de recetas en <a href=\"https:\/\/www.youtube.com\/channel\/UCnUrXVYh2qurSJJBM2rJfyg\" data-type=\"link\" data-id=\"https:\/\/www.youtube.com\/channel\/UCnUrXVYh2qurSJJBM2rJfyg\" target=\"_blank\" rel=\"noopener\">YouTube<\/a>donde puedo compartir mis deliciosas recetas luso-brasile\u00f1as y de otros pa\u00edses con un p\u00fablico m\u00e1s amplio. <\/p>\n\n\n\n<p>Mi objetivo es demostrar que la cocina puede ser una forma de acercar a las personas y las culturas, y que la comida puede ser un v\u00ednculo que nos conecte.<\/p>\n\n\n\n<p>Mi marido Paulo es mi socio en todos los sentidos. Es el c\u00e1mara, el editor de v\u00eddeo y la persona de marketing y relaciones p\u00fablicas.<\/p>\n\n\n\n<p> Juntos trabajamos duro para crear contenidos de alta calidad que, sobre todo, ofrezcan un gran valor a nuestra audiencia.<\/p>\n\n\n\n<h2 class=\"wp-block-heading\">V\u00eddeo de presentaci\u00f3n del canal YouTube<\/h2>\n\n\n\n<figure class=\"wp-block-embed is-provider-youtube wp-block-embed-youtube\"><div class=\"wp-block-embed__wrapper\">\n<div class=\"nv-iframe-embed\"><iframe loading=\"lazy\" title=\"Bienvenidos al canal A Cozinha da V\u00ea\" width=\"1200\" height=\"675\" src=\"https:\/\/www.youtube.com\/embed\/eRXSqQtYJd4?feature=oembed\" frameborder=\"0\" allow=\"accelerometer; autoplay; clipboard-write; encrypted-media; gyroscope; picture-in-picture; web-share\" referrerpolicy=\"strict-origin-when-cross-origin\" allowfullscreen><\/iframe><\/div>\n<\/div><\/figure>\n\n\n\n<h2 class=\"wp-block-heading\">Derechos de autor y uso de contenidos<\/h2>\n\n\n\n<p>Todas las fotograf\u00edas del sitio son propiedad de \"A Cozinha da V\u00ea\" y est\u00e1n protegidas por derechos de autor. <\/p>\n\n\n\n<p>Aunque no nos importa que nuestras fotos se vuelvan a publicar en otros sitios, siempre que se acredite al autor con un enlace a cozinhadave.com, <strong>no autorizamos la republicaci\u00f3n total o parcial de ninguna receta de nuestro sitio.<\/strong><\/p>\n\n\n\n<h2 class=\"wp-block-heading\">Acerca de los comentarios<\/h2>\n\n\n\n<p>Los comentarios y las rese\u00f1as de recetas son siempre bienvenidos y apreciados. Sin embargo, no toleramos el uso de lenguaje ofensivo ni la infracci\u00f3n de los derechos de autor.<\/p>\n\n\n\n<h2 class=\"wp-block-heading\">Acerca del equipo<\/h2>\n\n\n\n<p>Soy la actriz principal del proyecto, y mi marido Paulo es el c\u00e1mara, editor y promotor de los v\u00eddeos. <\/p>\n\n\n\n<p>Juntos trabajamos para crear contenidos divertidos, pr\u00e1cticos y f\u00e1ciles de seguir.<\/p>\n\n\n\n<h2 class=\"wp-block-heading\">Objetivos<\/h2>\n\n\n\n<p>Nuestro objetivo es crear un sitio web y un canal de recetas que sean \u00fatiles y agradables para nuestros visitantes. <\/p>\n\n\n\n<p>Esperamos que disfrute con lo que hacemos y que comparta nuestras recetas con sus amigos y familiares.<\/p>\n\n\n\n<h2 class=\"wp-block-heading\">Contacto<\/h2>\n\n\n\n<p>Si tiene alguna pregunta o sugerencia, no dude en ponerse en contacto con nosotros. <a href=\"http:\/\/cozinhadave.com\/es\/contacto\/\">Contacto<\/a>. <\/p>\n\n\n\n<p>Estamos siempre a su disposici\u00f3n para escuchar sus opiniones y mejorar nuestros contenidos.<\/p>\n\n\n\n<h2 class=\"wp-block-heading\">Derechos de autor<\/h2>\n\n\n\n<p>Todos los derechos reservados. <\/p>\n\n\n\n<p>Ninguna parte de este blog puede ser reproducida o utilizada de ninguna forma ni por ning\u00fan medio, electr\u00f3nico o mec\u00e1nico, incluidos, entre otros, el fotocopiado, la grabaci\u00f3n o cualquier sistema de almacenamiento y recuperaci\u00f3n de informaci\u00f3n, sin la autorizaci\u00f3n previa por escrito del autor.<\/p>\n<\/div>\n\n\n\n<div class=\"wp-block-uagb-container uagb-block-27a4cf1a\"><\/div>\n<\/div><\/div>","protected":false},"excerpt":{"rendered":"<p>Ol\u00e1, eu sou a Ver\u00f4nica Ol\u00e1, eu sou Ver\u00f4nica Ribeiro, uma brasileira apaixonada por comida e culin\u00e1ria. Desde jovem, eu sempre amei cozinhar e compartilhar minhas receitas com a minha fam\u00edlia e amigos. Meu amor pela cozinha come\u00e7ou muito cedo e se desenvolveu ao longo dos anos, tornando-se uma paix\u00e3o que me permite expressar minha&hellip;&nbsp;<\/p>\n<div class=\"read-more-wrapper\"><a href=\"https:\/\/cozinhadave.com\/es\/quienes-somos\/\" class=\"button button-secondary\" rel=\"bookmark\">Leer m\u00e1s \"<span class=\"screen-reader-text\">Quienes somos<\/span><\/a><\/div>","protected":false},"author":1,"featured_media":0,"parent":0,"menu_order":0,"comment_status":"closed","ping_status":"closed","template":"","meta":{"_uag_custom_page_level_css":"","wprm-recipe-roundup-name":"","wprm-recipe-roundup-description":"","neve_meta_sidebar":"","neve_meta_container":"","neve_meta_enable_content_width":"","neve_meta_content_width":0,"neve_meta_title_alignment":"","neve_meta_author_avatar":"","neve_post_elements_order":"","neve_meta_disable_header":"","neve_meta_disable_footer":"","neve_meta_disable_title":"","neve_meta_reading_time":"","footnotes":""},"class_list":["post-141","page","type-page","status-publish","hentry"],"uagb_featured_image_src":{"full":false,"thumbnail":false,"medium":false,"medium_large":false,"large":false,"1536x1536":false,"2048x2048":false,"trp-custom-language-flag":false,"ultp_layout_landscape_large":false,"ultp_layout_landscape":false,"ultp_layout_portrait":false,"ultp_layout_square":false,"wprm-metadata-1_1":false,"wprm-metadata-4_3":false,"wprm-metadata-16_9":false,"neve-blog":false},"uagb_author_info":{"display_name":"cozinhadave","author_link":"https:\/\/cozinhadave.com\/es\/author\/cozinhadave\/"},"uagb_comment_info":0,"uagb_excerpt":"Ol\u00e1, eu sou a Ver\u00f4nica Ol\u00e1, eu sou Ver\u00f4nica Ribeiro, uma brasileira apaixonada por comida e culin\u00e1ria. Desde jovem, eu sempre amei cozinhar e compartilhar minhas receitas com a minha fam\u00edlia e amigos. Meu amor pela cozinha come\u00e7ou muito cedo e se desenvolveu ao longo dos anos, tornando-se uma paix\u00e3o que me permite expressar minha&hellip;&nbsp;Ler&hellip;","_links":{"self":[{"href":"https:\/\/cozinhadave.com\/es\/wp-json\/wp\/v2\/pages\/141","targetHints":{"allow":["GET"]}}],"collection":[{"href":"https:\/\/cozinhadave.com\/es\/wp-json\/wp\/v2\/pages"}],"about":[{"href":"https:\/\/cozinhadave.com\/es\/wp-json\/wp\/v2\/types\/page"}],"author":[{"embeddable":true,"href":"https:\/\/cozinhadave.com\/es\/wp-json\/wp\/v2\/users\/1"}],"replies":[{"embeddable":true,"href":"https:\/\/cozinhadave.com\/es\/wp-json\/wp\/v2\/comments?post=141"}],"version-history":[{"count":0,"href":"https:\/\/cozinhadave.com\/es\/wp-json\/wp\/v2\/pages\/141\/revisions"}],"wp:attachment":[{"href":"https:\/\/cozinhadave.com\/es\/wp-json\/wp\/v2\/media?parent=141"}],"curies":[{"name":"wp","href":"https:\/\/api.w.org\/{rel}","templated":true}]}}