{"id":21193,"date":"2024-07-02T08:28:02","date_gmt":"2024-07-02T08:28:02","guid":{"rendered":"http:\/\/cozinhadave.com\/?page_id=21193"},"modified":"2024-07-02T10:15:45","modified_gmt":"2024-07-02T10:15:45","slug":"recipes-2","status":"publish","type":"page","link":"https:\/\/cozinhadave.com\/en\/recipes-2\/","title":{"rendered":"RECIPES"},"content":{"rendered":"<div class=\"wp-block-uagb-advanced-heading uagb-block-ca604257\"><h2 class=\"uagb-heading-text\">CULINARY RECIPES<\/h2><p class=\"uagb-desc-text\">Check out our cooking recipes<\/p><\/div>\n\n\n\n<div class=\"wp-block-uagb-container uagb-block-26a8be47 alignfull uagb-is-root-container\"><div class=\"uagb-container-inner-blocks-wrap\">\n<div class=\"wp-block-uagb-container uagb-block-71bdc037\"><\/div>\n\n\n\n<div class=\"wp-block-uagb-container uagb-block-46bd2a80\">\n<p>Bluntly; just real food. Browse hundreds of easy recipes using simple, real food ingredients. They will please even the pickiest of eaters!&nbsp;<\/p>\n\n\n\n<p>It includes options for all types of recipes, with a focus on Portuguese-Brazilian cuisine. These recipes are rigorously tested, so you will always end up with infallible results, with step-by-step photos and videos so you have all the support you need.<\/p>\n\n\n<div  class=\"wp-block-ultimate-post-advanced-search ultp-block-f6cd4a\"><div class=\"ultp-block-wrapper\"><div class=\"ultp-search-container ultp-search-frontend\"  data-ajax=\"1\" data-gosearch=\"1\" data-enablenewtab=\"\" data-blockid=\"f6cd4a\" \n                    data-image=\"1\"  data-author= \"data-date=\"\"\" data-excerpt=\"1\" data-excerptlimit=\"25\" data-allresult=\"1\" data-catenable=\"\"  data-postno=\"3\"  data-noresultext=\"N\u00e3o foram encontrados resultados\"  data-viewmoretext=\"View More Results\"  data-popupposition=\"right\" data-searchposttype=\"\"><div class=\"ultp-searchform-content ultp-searchform-input1\"><div class=\"ultp-search-inputwrap\"> <input type=\"text\" value=\"\" class=\"ultp-searchres-input\"  placeholder=\"search recipes\"\/> <span class=\"ultp-search-clear\" data-blockid=\"f6cd4a\"><svg xmlns=\"http:\/\/www.w3.org\/2000\/svg\" fill=\"none\" viewbox=\"0 0 24 24\">\n  <path stroke=\"currentColor\" stroke-linecap=\"round\" stroke-width=\"1.5\" d=\"m6 6 6 6m0 0 6 6m-6-6 6-6m-6 6-6 6\"\/>\n<\/svg>\n<\/span> <\/div><div class=\"ultp-search-button\"><svg xmlns=\"http:\/\/www.w3.org\/2000\/svg\" fill=\"none\" viewbox=\"0 0 24 24\">\n  <path stroke=\"currentColor\" stroke-linecap=\"round\" stroke-linejoin=\"round\" stroke-width=\"1.5\" d=\"M11 19a8 8 0 1 0 0-16 8 8 0 0 0 0 16Zm10 2-4.35-4.35\"\/>\n<\/svg>\n<span class=\"ultp-search-button__text\"> Search <\/span><\/div><\/div><\/div><\/div><\/div><\/div>\n\n\n\n<div class=\"wp-block-uagb-container uagb-block-59e8365b\"><\/div>\n<\/div><\/div>\n\n\n\n<div class=\"wp-block-uagb-container uagb-block-bb890383 alignfull uagb-is-root-container\"><div class=\"uagb-container-inner-blocks-wrap\">\n<div class=\"wp-block-uagb-container uagb-block-07f24e17\"><\/div>\n\n\n\n<div class=\"wp-block-uagb-container uagb-block-894989ec\"><div  class=\"ultp-post-grid-block wp-block-ultimate-post-post-list-3 ultp-block-e931a7\"><div class=\"ultp-block-wrapper\"><div class=\"ultp-loading\"><div class=\"ultp-loading-blocks\" style=\"width:100%;height:100%;\"><div style=\"left: 0;top: 0;animation-delay:0s;\"><\/div><div style=\"left: 21px;top: 0;animation-delay:0.125s;\"><\/div><div style=\"left: 42px;top: 0;animation-delay:0.25s;\"><\/div><div style=\"left: 0;top: 21px;animation-delay:0.875s;\"><\/div><div style=\"left: 42px;top: 21px;animation-delay:0.375s;\"><\/div><div style=\"left: 0;top: 42px;animation-delay:0.75s;\"><\/div><div style=\"left: 42px;top: 42px;animation-delay:0.625s;\"><\/div><div style=\"left: 21px;top: 42px;animation-delay:0.5s;\"><\/div><\/div><\/div><div class=\"ultp-heading-filter\"><div class=\"ultp-heading-filter-in\"><div class=\"ultp-filter-navigation\"><div class=\"ultp-filter-wrap\" data-taxtype=\"category\" data-blockid=\"e931a7\" data-blockname=\"ultimate-post_post-list-3\" data-postid=\"21193\"data-selfpostid=\"yes\"><ul  data-name=\"More\"><li class=\"filter-item\"><a class=\"filter-active\" data-taxonomy=\"\" href=\"#\">ALL<\/a><\/li><li class=\"filter-item\"><a data-taxonomy=\"bebidas\" href=\"#\">DRINKS<\/a><\/li><li class=\"filter-item\"><a data-taxonomy=\"pratos-principais\" href=\"#\">MAIN DISHES<\/a><\/li><li class=\"filter-item\"><a data-taxonomy=\"petiscos\" href=\"#\">SNACKS<\/a><\/li><li class=\"filter-item\"><a data-taxonomy=\"doces-sobremesas\" href=\"#\">DESSERTS<\/a><\/li><li class=\"filter-item\"><a data-taxonomy=\"acompanhamentos\" href=\"#\">SIDE DISHES<\/a><\/li><li class=\"filter-item\"><a data-taxonomy=\"sopas\" href=\"#\">SOUPS<\/a><\/li><li class=\"filter-item\"><a data-taxonomy=\"saladas\" href=\"#\">SALADS<\/a><\/li><li class=\"filter-item\"><a data-taxonomy=\"molhos-cremes\" href=\"#\">SAUCES<\/a><\/li><li class=\"filter-item\"><a data-taxonomy=\"massas\" href=\"#\">DOUGHS<\/a><\/li><li class=\"filter-item\"><a data-taxonomy=\"comidas-saudaveis\" href=\"#\">HEALTHY FOOD<\/a><\/li><li class=\"filter-item\"><a data-taxonomy=\"low-carb\" href=\"#\">LOW CARB<\/a><\/li><\/ul><\/div><\/div><\/div><\/div><div class=\"ultp-block-items-wrap ultp-block-row ultp-block-column-1 ultp-block-content-middle ultp-layout1\"><div class=\"ultp-block-item ultp-block-media post-id-3754\"><div class=\"ultp-block-content-wrap\"><div class=\"ultp-block-image ultp-block-image-opacity\"><a href=\"https:\/\/cozinhadave.com\/en\/how-to-make-caprese-salad\/\"><img decoding=\"async\"  alt=\"original caprese salad\"  src=\"https:\/\/cozinhadave.com\/wp-content\/uploads\/2020\/10\/Salada-caprese-blog.jpg\" \/><\/a><\/div><div class=\"ultp-block-content\"><div class=\"ultp-category-grid ultp-category-classic ultp-category-aboveTitle\"><div class=\"ultp-category-in\"><a class=\"ultp-cat-comidas-saudaveis\" href=\"https:\/\/cozinhadave.com\/en\/category\/recipes-2\/healthy-food\/\">HEALTHY FOOD<\/a><a class=\"ultp-cat-saladas\" href=\"https:\/\/cozinhadave.com\/en\/category\/recipes-2\/salads\/\">SALADS<\/a><\/div><\/div><h3 class=\"ultp-block-title\"><a href=\"https:\/\/cozinhadave.com\/en\/how-to-make-caprese-salad\/\">How to make Caprese Salad<\/a><\/h3><div class=\"ultp-block-excerpt\"><p>Voc\u00ea j\u00e1 provou salada caprese? \u00c9 um dos meus pratos favoritos. \u00c9 simples, mas t\u00e3o deliciosa. Apenas alguns ingredientes se juntam para criar algo surpreendente. Se voc\u00ea nunca a comeu antes, recomendo vivamente que experimente. Voc\u00ea n\u00e3o vai se decepcionar!&hellip;<\/p>\n<\/div><div class=\"ultp-block-readmore\"><a aria-label=\"How to make Caprese Salad\" href=\"https:\/\/cozinhadave.com\/en\/how-to-make-caprese-salad\/\">Learn More<svg xmlns=\"http:\/\/www.w3.org\/2000\/svg\" fill=\"none\" viewbox=\"0 0 24 24\">\n  <path stroke=\"currentColor\" stroke-linecap=\"round\" stroke-linejoin=\"round\" stroke-width=\"1.5\" d=\"m12 20.5 8.5-8.5m0 0L12 3.5m8.5 8.5h-17\"\/>\n<\/svg>\n<\/a><\/div><\/div><\/div><\/div><div class=\"ultp-block-item ultp-block-media post-id-2048\"><div class=\"ultp-block-content-wrap\"><div class=\"ultp-block-image ultp-block-image-opacity\"><a href=\"https:\/\/cozinhadave.com\/en\/creamy-chicken-stroganoff\/\"><img decoding=\"async\"  alt=\"creamy chicken stroganoff\"  src=\"https:\/\/cozinhadave.com\/wp-content\/uploads\/2020\/04\/Strogonoff-de-frango.jpg\" \/><\/a><\/div><div class=\"ultp-block-content\"><div class=\"ultp-category-grid ultp-category-classic ultp-category-aboveTitle\"><div class=\"ultp-category-in\"><a class=\"ultp-cat-pratos-principais\" href=\"https:\/\/cozinhadave.com\/en\/category\/recipes-2\/fish\/\">MAIN DISHES<\/a><\/div><\/div><h3 class=\"ultp-block-title\"><a href=\"https:\/\/cozinhadave.com\/en\/creamy-chicken-stroganoff\/\">Creamy Chicken Stroganoff<\/a><\/h3><div class=\"ultp-block-excerpt\"><p>Delicioso strogonoff de frango cremoso muito f\u00e1cil e r\u00e1pido de fazer, \u00e9 um daqueles pratos que qualquer brasileiro ama!&nbsp; Esta receita pode conter links de afiliados, confira a pol\u00edtica de privacidade e a divulga\u00e7\u00e3o de afiliados para mais informa\u00e7\u00f5es. Strogonoff&hellip;<\/p>\n<\/div><div class=\"ultp-block-readmore\"><a aria-label=\"Creamy Chicken Stroganoff\" href=\"https:\/\/cozinhadave.com\/en\/creamy-chicken-stroganoff\/\">Learn More<svg xmlns=\"http:\/\/www.w3.org\/2000\/svg\" fill=\"none\" viewbox=\"0 0 24 24\">\n  <path stroke=\"currentColor\" stroke-linecap=\"round\" stroke-linejoin=\"round\" stroke-width=\"1.5\" d=\"m12 20.5 8.5-8.5m0 0L12 3.5m8.5 8.5h-17\"\/>\n<\/svg>\n<\/a><\/div><\/div><\/div><\/div><div class=\"ultp-block-item ultp-block-media post-id-12553\"><div class=\"ultp-block-content-wrap\"><div class=\"ultp-block-image ultp-block-image-opacity\"><a href=\"https:\/\/cozinhadave.com\/en\/easy-chicken-with-noodles-recipe\/\"><img decoding=\"async\"  alt=\"Pasta with chicken au gratin in the oven v2\"  src=\"https:\/\/cozinhadave.com\/wp-content\/uploads\/2022\/07\/Macarrao-com-frango-gratinado-no-forno-v2-600x600.jpg\" \/><\/a><\/div><div class=\"ultp-block-content\"><div class=\"ultp-category-grid ultp-category-classic ultp-category-aboveTitle\"><div class=\"ultp-category-in\"><a class=\"ultp-cat-pratos-principais\" href=\"https:\/\/cozinhadave.com\/en\/category\/recipes-2\/fish\/\">MAIN DISHES<\/a><\/div><\/div><h3 class=\"ultp-block-title\"><a href=\"https:\/\/cozinhadave.com\/en\/easy-chicken-with-noodles-recipe\/\">Pasta with chicken au gratin in the oven<\/a><\/h3><div class=\"ultp-block-excerpt\"><p>Voc\u00ea \u00e9 daqueles que gosta muito de frango e de macarr\u00e3o? E se fosse poss\u00edvel fazer uma receita deliciosa, f\u00e1cil com estes dois ingredientes n\u00e9! Mas \u00e9 poss\u00edvel mesmo, fazer um delicioso macarr\u00e3o com frango gratinado no forno! Que vai&hellip;<\/p>\n<\/div><div class=\"ultp-block-readmore\"><a aria-label=\"Pasta with chicken au gratin in the oven\" href=\"https:\/\/cozinhadave.com\/en\/easy-chicken-with-noodles-recipe\/\">Learn More<svg xmlns=\"http:\/\/www.w3.org\/2000\/svg\" fill=\"none\" viewbox=\"0 0 24 24\">\n  <path stroke=\"currentColor\" stroke-linecap=\"round\" stroke-linejoin=\"round\" stroke-width=\"1.5\" d=\"m12 20.5 8.5-8.5m0 0L12 3.5m8.5 8.5h-17\"\/>\n<\/svg>\n<\/a><\/div><\/div><\/div><\/div><div class=\"ultp-block-item ultp-block-media post-id-11667\"><div class=\"ultp-block-content-wrap\"><div class=\"ultp-block-image ultp-block-image-opacity\"><a href=\"https:\/\/cozinhadave.com\/en\/macaroni-salad-with-sardines\/\"><img decoding=\"async\"  alt=\"Sardine Macaroni Salad recipe\"  src=\"https:\/\/cozinhadave.com\/wp-content\/uploads\/2022\/05\/Salada-de-macarra\u0303o-com-sardinha-Blog.webp\" \/><\/a><\/div><div class=\"ultp-block-content\"><div class=\"ultp-category-grid ultp-category-classic ultp-category-aboveTitle\"><div class=\"ultp-category-in\"><a class=\"ultp-cat-saladas\" href=\"https:\/\/cozinhadave.com\/en\/category\/recipes-2\/salads\/\">SALADS<\/a><\/div><\/div><h3 class=\"ultp-block-title\"><a href=\"https:\/\/cozinhadave.com\/en\/macaroni-salad-with-sardines\/\">Macaroni Salad with Sardines<\/a><\/h3><div class=\"ultp-block-excerpt\"><p>Voc\u00ea adora sardinhas? Eu adoro! Eu tamb\u00e9m adoro macarr\u00e3o, ent\u00e3o juntei os dois e fiz esta deliciosa salada de macarr\u00e3o com sardinha. Se voc\u00ea est\u00e1 procurando um almo\u00e7o ou jantar r\u00e1pido e f\u00e1cil, esta receita \u00e9 perfeita para voc\u00ea! Al\u00e9m&hellip;<\/p>\n<\/div><div class=\"ultp-block-readmore\"><a aria-label=\"Macaroni Salad with Sardines\" href=\"https:\/\/cozinhadave.com\/en\/macaroni-salad-with-sardines\/\">Learn More<svg xmlns=\"http:\/\/www.w3.org\/2000\/svg\" fill=\"none\" viewbox=\"0 0 24 24\">\n  <path stroke=\"currentColor\" stroke-linecap=\"round\" stroke-linejoin=\"round\" stroke-width=\"1.5\" d=\"m12 20.5 8.5-8.5m0 0L12 3.5m8.5 8.5h-17\"\/>\n<\/svg>\n<\/a><\/div><\/div><\/div><\/div><div class=\"ultp-block-item ultp-block-media post-id-11643\"><div class=\"ultp-block-content-wrap\"><div class=\"ultp-block-image ultp-block-image-opacity\"><a href=\"https:\/\/cozinhadave.com\/en\/carioca-bean-salad\/\"><img decoding=\"async\"  alt=\"bean salad\"  src=\"https:\/\/cozinhadave.com\/wp-content\/uploads\/2022\/05\/Salada-de-feija\u0303o-carioca-blog.webp\" \/><\/a><\/div><div class=\"ultp-block-content\"><div class=\"ultp-category-grid ultp-category-classic ultp-category-aboveTitle\"><div class=\"ultp-category-in\"><a class=\"ultp-cat-saladas\" href=\"https:\/\/cozinhadave.com\/en\/category\/recipes-2\/salads\/\">SALADS<\/a><\/div><\/div><h3 class=\"ultp-block-title\"><a href=\"https:\/\/cozinhadave.com\/en\/carioca-bean-salad\/\">bean salad<\/a><\/h3><div class=\"ultp-block-excerpt\"><p>As saladas s\u00e3o uma parte importante da nossa dieta, e esta salada de feij\u00e3o carioca \u00e9 uma das melhores que alguma vez ir\u00e1 provar! Receita de salada de feij\u00e3o carioca O que me levou a escolher esta receita de salada&hellip;<\/p>\n<\/div><div class=\"ultp-block-readmore\"><a aria-label=\"bean salad\" href=\"https:\/\/cozinhadave.com\/en\/carioca-bean-salad\/\">Learn More<svg xmlns=\"http:\/\/www.w3.org\/2000\/svg\" fill=\"none\" viewbox=\"0 0 24 24\">\n  <path stroke=\"currentColor\" stroke-linecap=\"round\" stroke-linejoin=\"round\" stroke-width=\"1.5\" d=\"m12 20.5 8.5-8.5m0 0L12 3.5m8.5 8.5h-17\"\/>\n<\/svg>\n<\/a><\/div><\/div><\/div><\/div><div class=\"ultp-block-item ultp-block-media post-id-11687\"><div class=\"ultp-block-content-wrap\"><div class=\"ultp-block-image ultp-block-image-opacity\"><a href=\"https:\/\/cozinhadave.com\/en\/chard-salad\/\"><img decoding=\"async\"  alt=\"oriental chard salad recipe\"  src=\"https:\/\/cozinhadave.com\/wp-content\/uploads\/2022\/05\/Salada-de-acelga-oriental-Blog.webp\" \/><\/a><\/div><div class=\"ultp-block-content\"><div class=\"ultp-category-grid ultp-category-classic ultp-category-aboveTitle\"><div class=\"ultp-category-in\"><a class=\"ultp-cat-saladas\" href=\"https:\/\/cozinhadave.com\/en\/category\/recipes-2\/salads\/\">SALADS<\/a><\/div><\/div><h3 class=\"ultp-block-title\"><a href=\"https:\/\/cozinhadave.com\/en\/chard-salad\/\">oriental chard salad<\/a><\/h3><div class=\"ultp-block-excerpt\"><p>Do you like trying new things? This oriental chard salad is a great way to mix up your usual routine and enjoy something new. Swiss chard is a green leafy vegetable that has a slightly bitter taste, but\u2026<\/p>\n<\/div><div class=\"ultp-block-readmore\"><a aria-label=\"oriental chard salad\" href=\"https:\/\/cozinhadave.com\/en\/chard-salad\/\">Learn More<svg xmlns=\"http:\/\/www.w3.org\/2000\/svg\" fill=\"none\" viewbox=\"0 0 24 24\">\n  <path stroke=\"currentColor\" stroke-linecap=\"round\" stroke-linejoin=\"round\" stroke-width=\"1.5\" d=\"m12 20.5 8.5-8.5m0 0L12 3.5m8.5 8.5h-17\"\/>\n<\/svg>\n<\/a><\/div><\/div><\/div><\/div><div class=\"ultp-block-item ultp-block-media post-id-14611\"><div class=\"ultp-block-content-wrap\"><div class=\"ultp-block-image ultp-block-image-opacity\"><a href=\"https:\/\/cozinhadave.com\/en\/nutella-cheesecake\/\"><img decoding=\"async\"  alt=\"Nutella Cheesecake\"  src=\"https:\/\/cozinhadave.com\/wp-content\/uploads\/2022\/12\/Cheesecake-de-Nutella-2-600x600.webp\" \/><\/a><\/div><div class=\"ultp-block-content\"><div class=\"ultp-category-grid ultp-category-classic ultp-category-aboveTitle\"><div class=\"ultp-category-in\"><a class=\"ultp-cat-doces-sobremesas\" href=\"https:\/\/cozinhadave.com\/en\/category\/recipes-2\/sweet-desserts\/\">DESSERTS<\/a><\/div><\/div><h3 class=\"ultp-block-title\"><a href=\"https:\/\/cozinhadave.com\/en\/nutella-cheesecake\/\">Nutella Cheesecake<\/a><\/h3><div class=\"ultp-block-excerpt\"><p>If you&#039;re like me and want to prepare something different for this Christmas, then this is the dessert that&#039;s missing for your Christmas table. Nutella cheesecake Nutella cheesecake is one of those desserts that comes first\u2026<\/p>\n<\/div><div class=\"ultp-block-readmore\"><a aria-label=\"Nutella Cheesecake\" href=\"https:\/\/cozinhadave.com\/en\/nutella-cheesecake\/\">Learn More<svg xmlns=\"http:\/\/www.w3.org\/2000\/svg\" fill=\"none\" viewbox=\"0 0 24 24\">\n  <path stroke=\"currentColor\" stroke-linecap=\"round\" stroke-linejoin=\"round\" stroke-width=\"1.5\" d=\"m12 20.5 8.5-8.5m0 0L12 3.5m8.5 8.5h-17\"\/>\n<\/svg>\n<\/a><\/div><\/div><\/div><\/div><div class=\"ultp-block-item ultp-block-media post-id-3876\"><div class=\"ultp-block-content-wrap\"><div class=\"ultp-block-image ultp-block-image-opacity\"><a href=\"https:\/\/cozinhadave.com\/en\/mango-and-avocado-smoothie-for-weight-loss\/\"><img decoding=\"async\"  alt=\"Mango and avocado smoothie for weight loss\"  src=\"https:\/\/cozinhadave.com\/wp-content\/uploads\/2020\/10\/Smoothie-de-abacate-com-manga.jpg\" \/><\/a><\/div><div class=\"ultp-block-content\"><div class=\"ultp-category-grid ultp-category-classic ultp-category-aboveTitle\"><div class=\"ultp-category-in\"><a class=\"ultp-cat-bebidas\" href=\"https:\/\/cozinhadave.com\/en\/category\/recipes-2\/drinks\/\">DRINKS<\/a><a class=\"ultp-cat-comidas-saudaveis\" href=\"https:\/\/cozinhadave.com\/en\/category\/recipes-2\/healthy-food\/\">HEALTHY FOOD<\/a><\/div><\/div><h3 class=\"ultp-block-title\"><a href=\"https:\/\/cozinhadave.com\/en\/mango-and-avocado-smoothie-for-weight-loss\/\">Mango and Avocado Smoothie for Weight Loss<\/a><\/h3><div class=\"ultp-block-excerpt\"><p>There has been a lot of talk lately about the ketogenic diet. This diet is said to be great for weight loss in general. While I don&#039;t necessarily believe in any specific diet, I think incorporating healthy and delicious smoothies into your\u2026<\/p>\n<\/div><div class=\"ultp-block-readmore\"><a aria-label=\"Mango and Avocado Smoothie for Weight Loss\" href=\"https:\/\/cozinhadave.com\/en\/mango-and-avocado-smoothie-for-weight-loss\/\">Learn More<svg xmlns=\"http:\/\/www.w3.org\/2000\/svg\" fill=\"none\" viewbox=\"0 0 24 24\">\n  <path stroke=\"currentColor\" stroke-linecap=\"round\" stroke-linejoin=\"round\" stroke-width=\"1.5\" d=\"m12 20.5 8.5-8.5m0 0L12 3.5m8.5 8.5h-17\"\/>\n<\/svg>\n<\/a><\/div><\/div><\/div><\/div><div class=\"ultp-block-item ultp-block-media post-id-13708\"><div class=\"ultp-block-content-wrap\"><div class=\"ultp-block-image ultp-block-image-opacity\"><a href=\"https:\/\/cozinhadave.com\/en\/gazpacho-soup\/\"><img decoding=\"async\"  alt=\"gazpacho soup\"  src=\"https:\/\/cozinhadave.com\/wp-content\/uploads\/2022\/09\/Sopa-de-gaspacho-2-600x600.webp\" \/><\/a><\/div><div class=\"ultp-block-content\"><div class=\"ultp-category-grid ultp-category-classic ultp-category-aboveTitle\"><div class=\"ultp-category-in\"><a class=\"ultp-cat-sopas\" href=\"https:\/\/cozinhadave.com\/en\/category\/recipes-2\/soups\/\">SOUPS<\/a><\/div><\/div><h3 class=\"ultp-block-title\"><a href=\"https:\/\/cozinhadave.com\/en\/gazpacho-soup\/\">gazpacho soup<\/a><\/h3><div class=\"ultp-block-excerpt\"><p>Gazpacho soup is a delicious Spanish delicacy that, in addition to having an excellent flavor and texture, is also very nutritious. This is due to its combination of various chopped and grated vegetables, made with a tomato puree base.\u2026<\/p>\n<\/div><div class=\"ultp-block-readmore\"><a aria-label=\"gazpacho soup\" href=\"https:\/\/cozinhadave.com\/en\/gazpacho-soup\/\">Learn More<svg xmlns=\"http:\/\/www.w3.org\/2000\/svg\" fill=\"none\" viewbox=\"0 0 24 24\">\n  <path stroke=\"currentColor\" stroke-linecap=\"round\" stroke-linejoin=\"round\" stroke-width=\"1.5\" d=\"m12 20.5 8.5-8.5m0 0L12 3.5m8.5 8.5h-17\"\/>\n<\/svg>\n<\/a><\/div><\/div><\/div><\/div><div class=\"ultp-block-item ultp-block-media post-id-8531\"><div class=\"ultp-block-content-wrap\"><div class=\"ultp-block-image ultp-block-image-opacity\"><a href=\"https:\/\/cozinhadave.com\/en\/chicken-drumstick-for-beginners\/\"><img decoding=\"async\"  alt=\"chicken drumstick recipe for beginners\"  src=\"https:\/\/cozinhadave.com\/wp-content\/uploads\/2021\/09\/coxinha-de-frango.jpg\" \/><\/a><\/div><div class=\"ultp-block-content\"><div class=\"ultp-category-grid ultp-category-classic ultp-category-aboveTitle\"><div class=\"ultp-category-in\"><a class=\"ultp-cat-petiscos\" href=\"https:\/\/cozinhadave.com\/en\/category\/recipes-2\/snacks\/\">SNACKS<\/a><\/div><\/div><h3 class=\"ultp-block-title\"><a href=\"https:\/\/cozinhadave.com\/en\/chicken-drumstick-for-beginners\/\">Simple Chicken Drumsticks for Beginners<\/a><\/h3><div class=\"ultp-block-excerpt\"><p>Who doesn&#039;t love a delicious, juicy, freshly fried chicken drumstick? So today I bring you a simple chicken drumstick recipe for beginners! This recipe may contain affiliate links, check the privacy policy and\u2026<\/p>\n<\/div><div class=\"ultp-block-readmore\"><a aria-label=\"Simple Chicken Drumsticks for Beginners\" href=\"https:\/\/cozinhadave.com\/en\/chicken-drumstick-for-beginners\/\">Learn More<svg xmlns=\"http:\/\/www.w3.org\/2000\/svg\" fill=\"none\" viewbox=\"0 0 24 24\">\n  <path stroke=\"currentColor\" stroke-linecap=\"round\" stroke-linejoin=\"round\" stroke-width=\"1.5\" d=\"m12 20.5 8.5-8.5m0 0L12 3.5m8.5 8.5h-17\"\/>\n<\/svg>\n<\/a><\/div><\/div><\/div><\/div><\/div><div class=\"ultp-loadmore\"><span class=\"ultp-loadmore-action\" tabindex=\"0\" role=\"button\" data-pages=\"21\" data-pagenum=\"1\"  data-expost=\"\" data-blockid=\"e931a7\" data-blockname=\"ultimate-post_post-list-3\" data-postid=\"21193\" data-selfpostid=\"yes\">See more <span class=\"ultp-spin\"><svg xmlns=\"http:\/\/www.w3.org\/2000\/svg\" fill=\"none\" viewbox=\"0 0 24 24\">\n  <path stroke=\"currentColor\" stroke-linecap=\"round\" stroke-linejoin=\"round\" stroke-width=\"1.5\" d=\"M21 12a9 9 0 0 1-17 4.127M3 12a9 9 0 0 1 17-4.127M20 3v5h-5M4 21v-5h5\"\/>\n<\/svg>\n<\/span><\/span><\/div><\/div><div class=\"pagination-block-html\" aria-hidden=\"true\" style=\"display: none;\"><\/div><\/div><\/div>\n\n\n\n<div class=\"wp-block-uagb-container uagb-block-179d179f\"><\/div>\n<\/div><\/div>","protected":false},"excerpt":{"rendered":"<p>RECEITAS DE CULIN\u00c1RIA Confira as nossas receitas de culin\u00e1ria Sem rodeios; apenas comida verdadeira. Procure centenas de receitas f\u00e1ceis, utilizando ingredientes alimentares simples e reais. Ir\u00e3o agradar at\u00e9 aos mais exigentes dos comedores!&nbsp; Inclui op\u00e7\u00f5es de todo o tipos de receitas, sendo o foco na culin\u00e1ria luso-brasileira. Estas receitas s\u00e3o rigorosamente testadas, de modo a&hellip;&nbsp;<\/p>\n<div class=\"read-more-wrapper\"><a href=\"https:\/\/cozinhadave.com\/en\/recipes-2\/\" class=\"button button-secondary\" rel=\"bookmark\">Read more &quot;<span class=\"screen-reader-text\">RECIPES<\/span><\/a><\/div>","protected":false},"author":10,"featured_media":0,"parent":0,"menu_order":0,"comment_status":"closed","ping_status":"closed","template":"","meta":{"_uag_custom_page_level_css":"","wprm-recipe-roundup-name":"","wprm-recipe-roundup-description":"","neve_meta_sidebar":"","neve_meta_container":"","neve_meta_enable_content_width":"","neve_meta_content_width":0,"neve_meta_title_alignment":"","neve_meta_author_avatar":"","neve_post_elements_order":"","neve_meta_disable_header":"","neve_meta_disable_footer":"","neve_meta_disable_title":"","neve_meta_reading_time":"","footnotes":""},"class_list":["post-21193","page","type-page","status-publish","hentry"],"uagb_featured_image_src":{"full":false,"thumbnail":false,"medium":false,"medium_large":false,"large":false,"1536x1536":false,"2048x2048":false,"trp-custom-language-flag":false,"ultp_layout_landscape_large":false,"ultp_layout_landscape":false,"ultp_layout_portrait":false,"ultp_layout_square":false,"wprm-metadata-1_1":false,"wprm-metadata-4_3":false,"wprm-metadata-16_9":false,"neve-blog":false},"uagb_author_info":{"display_name":"Paulo RIbeiro","author_link":"https:\/\/cozinhadave.com\/en\/author\/paulomiguelribeirogmail-com\/"},"uagb_comment_info":0,"uagb_excerpt":"RECEITAS DE CULIN\u00c1RIA Confira as nossas receitas de culin\u00e1ria Sem rodeios; apenas comida verdadeira. Procure centenas de receitas f\u00e1ceis, utilizando ingredientes alimentares simples e reais. Ir\u00e3o agradar at\u00e9 aos mais exigentes dos comedores!&nbsp; Inclui op\u00e7\u00f5es de todo o tipos de receitas, sendo o foco na culin\u00e1ria luso-brasileira. Estas receitas s\u00e3o rigorosamente testadas, de modo a&hellip;&nbsp;Ler&hellip;","_links":{"self":[{"href":"https:\/\/cozinhadave.com\/en\/wp-json\/wp\/v2\/pages\/21193","targetHints":{"allow":["GET"]}}],"collection":[{"href":"https:\/\/cozinhadave.com\/en\/wp-json\/wp\/v2\/pages"}],"about":[{"href":"https:\/\/cozinhadave.com\/en\/wp-json\/wp\/v2\/types\/page"}],"author":[{"embeddable":true,"href":"https:\/\/cozinhadave.com\/en\/wp-json\/wp\/v2\/users\/10"}],"replies":[{"embeddable":true,"href":"https:\/\/cozinhadave.com\/en\/wp-json\/wp\/v2\/comments?post=21193"}],"version-history":[{"count":0,"href":"https:\/\/cozinhadave.com\/en\/wp-json\/wp\/v2\/pages\/21193\/revisions"}],"wp:attachment":[{"href":"https:\/\/cozinhadave.com\/en\/wp-json\/wp\/v2\/media?parent=21193"}],"curies":[{"name":"wp","href":"https:\/\/api.w.org\/{rel}","templated":true}]}}