{"id":21097,"date":"2024-05-05T12:10:30","date_gmt":"2024-05-05T12:10:30","guid":{"rendered":"http:\/\/cozinhadave.com\/?page_id=21097"},"modified":"2024-05-05T12:32:23","modified_gmt":"2024-05-05T12:32:23","slug":"curiosities","status":"publish","type":"page","link":"https:\/\/cozinhadave.com\/en\/curiosities\/","title":{"rendered":"CURIOSITIES"},"content":{"rendered":"<div class=\"wp-block-uagb-advanced-heading uagb-block-ca604257\"><h2 class=\"uagb-heading-text\">CURIOSITIES<\/h2><\/div>\n\n\n\n<div class=\"wp-block-uagb-container uagb-block-26a8be47 alignfull uagb-is-root-container\"><div class=\"uagb-container-inner-blocks-wrap\">\n<div class=\"wp-block-uagb-container uagb-block-71bdc037\"><\/div>\n\n\n\n<div class=\"wp-block-uagb-container uagb-block-46bd2a80\">\n<p>Here you'll find a fascinating collection of intriguing and surprising curiosities related to the world of gastronomy. <\/p>\n\n\n\n<p>From historical facts about iconic dishes to little-known secrets about common ingredients, each article is an exciting journey through the culinary universe. <\/p>\n\n\n\n<p>Get ready to be enchanted and inspired by the curiosities that reveal the backstage and the peculiarities behind the flavors we love. <\/p>\n\n\n\n<p>Explore our selection of articles and immerse yourself in a world of culinary discoveries that will pique your curiosity and broaden your horizons in the kitchen.<\/p>\n\n\n<div  class=\"wp-block-ultimate-post-advanced-search ultp-block-14786a\"><div class=\"ultp-block-wrapper\"><div class=\"ultp-search-container ultp-search-frontend\"  data-ajax=\"1\" data-gosearch=\"1\" data-enablenewtab=\"\" data-blockid=\"14786a\" \n                    data-image=\"1\"  data-author= \"data-date=\"\"\" data-excerpt=\"\" data-excerptlimit=\"25\" data-allresult=\"\" data-catenable=\"\"  data-postno=\"3\"  data-noresultext=\"N\u00e3o foram encontrados resultados\"   data-popupposition=\"right\" data-searchposttype=\"\"><div class=\"ultp-searchform-content ultp-searchform-input1\"><div class=\"ultp-search-inputwrap\"> <input type=\"text\" value=\"\" class=\"ultp-searchres-input\"  placeholder=\"Write here what you are looking for\"\/> <span class=\"ultp-search-clear\" data-blockid=\"14786a\"><svg xmlns=\"http:\/\/www.w3.org\/2000\/svg\" fill=\"none\" viewbox=\"0 0 24 24\">\n  <path stroke=\"currentColor\" stroke-linecap=\"round\" stroke-width=\"1.5\" d=\"m6 6 6 6m0 0 6 6m-6-6 6-6m-6 6-6 6\"\/>\n<\/svg>\n<\/span> <\/div><div class=\"ultp-search-button\"><svg xmlns=\"http:\/\/www.w3.org\/2000\/svg\" fill=\"none\" viewbox=\"0 0 24 24\">\n  <path stroke=\"currentColor\" stroke-linecap=\"round\" stroke-linejoin=\"round\" stroke-width=\"1.5\" d=\"M11 19a8 8 0 1 0 0-16 8 8 0 0 0 0 16Zm10 2-4.35-4.35\"\/>\n<\/svg>\n<span class=\"ultp-search-button__text\"> Search <\/span><\/div><\/div><\/div><\/div><\/div><\/div>\n\n\n\n<div class=\"wp-block-uagb-container uagb-block-59e8365b\"><\/div>\n<\/div><\/div>\n\n\n\n<div class=\"nv-cv-d nv-cv-m wp-block-uagb-container uagb-block-bb890383 alignfull uagb-is-root-container\"><div class=\"uagb-container-inner-blocks-wrap\">\n<div class=\"wp-block-uagb-container uagb-block-07f24e17\"><\/div>\n\n\n\n<div class=\"wp-block-uagb-container uagb-block-894989ec\"><div  class=\"ultp-post-grid-block wp-block-ultimate-post-post-list-3 ultp-block-90be0d\"><div class=\"ultp-block-wrapper\"><div class=\"ultp-loading\"><div class=\"ultp-loading-blocks\" style=\"width:100%;height:100%;\"><div style=\"left: 0;top: 0;animation-delay:0s;\"><\/div><div style=\"left: 21px;top: 0;animation-delay:0.125s;\"><\/div><div style=\"left: 42px;top: 0;animation-delay:0.25s;\"><\/div><div style=\"left: 0;top: 21px;animation-delay:0.875s;\"><\/div><div style=\"left: 42px;top: 21px;animation-delay:0.375s;\"><\/div><div style=\"left: 0;top: 42px;animation-delay:0.75s;\"><\/div><div style=\"left: 42px;top: 42px;animation-delay:0.625s;\"><\/div><div style=\"left: 21px;top: 42px;animation-delay:0.5s;\"><\/div><\/div><\/div><div class=\"ultp-heading-filter\"><div class=\"ultp-heading-filter-in\"><div class=\"ultp-filter-navigation\"><\/div><\/div><\/div><div class=\"ultp-block-items-wrap ultp-block-row ultp-block-column-1 ultp-block-content-middle ultp-layout1\"><div class=\"ultp-block-item ultp-block-media post-id-20523\"><div class=\"ultp-block-content-wrap\"><div class=\"ultp-block-image ultp-block-image-opacity\"><a href=\"https:\/\/cozinhadave.com\/en\/quais-sao-os-tipos-de-uvas\/\"><img decoding=\"async\"  alt=\"Types of grapes\"  src=\"https:\/\/cozinhadave.com\/wp-content\/uploads\/2023\/09\/Tipos-de-uvas-600x600.jpg\" \/><\/a><\/div><div class=\"ultp-block-content\"><div class=\"ultp-category-grid ultp-category-classic ultp-category-aboveTitle\"><div class=\"ultp-category-in\"><a class=\"ultp-cat-curiosidades\" href=\"https:\/\/cozinhadave.com\/en\/category\/curiosities\/\">CURIOSITIES<\/a><\/div><\/div><h3 class=\"ultp-block-title\"><a href=\"https:\/\/cozinhadave.com\/en\/quais-sao-os-tipos-de-uvas\/\">What are the types of grapes? Immerse yourself in the world of wine!<\/a><\/h3><div class=\"ultp-block-excerpt\"><p>Hello, wine lovers and those curious about the world of wine! Have you ever wondered what types of grapes are used to produce your favorite wines? The diversity of wine varieties is surprising and is responsible for flavors and experiences...<\/p>\n<\/div><div class=\"ultp-block-readmore\"><a aria-label=\"What are the types of grapes? Immerse yourself in the world of wine!\" href=\"https:\/\/cozinhadave.com\/en\/quais-sao-os-tipos-de-uvas\/\">Learn More<svg xmlns=\"http:\/\/www.w3.org\/2000\/svg\" fill=\"none\" viewbox=\"0 0 24 24\">\n  <path stroke=\"currentColor\" stroke-linecap=\"round\" stroke-linejoin=\"round\" stroke-width=\"1.5\" d=\"m12 20.5 8.5-8.5m0 0L12 3.5m8.5 8.5h-17\"\/>\n<\/svg>\n<\/a><\/div><\/div><\/div><\/div><div class=\"ultp-block-item ultp-block-media post-id-18791\"><div class=\"ultp-block-content-wrap\"><div class=\"ultp-block-image ultp-block-image-opacity\"><a href=\"https:\/\/cozinhadave.com\/en\/exploring-the-history-of-chocolate\/\"><img decoding=\"async\"  alt=\"Exploring the history of chocolate\"  src=\"https:\/\/cozinhadave.com\/wp-content\/uploads\/2023\/08\/Explorando-a-historia-do-chocolate-fatos-e-curiosidades-600x600.jpg\" \/><\/a><\/div><div class=\"ultp-block-content\"><div class=\"ultp-category-grid ultp-category-classic ultp-category-aboveTitle\"><div class=\"ultp-category-in\"><a class=\"ultp-cat-curiosidades\" href=\"https:\/\/cozinhadave.com\/en\/category\/curiosities\/\">CURIOSITIES<\/a><\/div><\/div><h3 class=\"ultp-block-title\"><a href=\"https:\/\/cozinhadave.com\/en\/exploring-the-history-of-chocolate\/\">Exploring the history of chocolate: facts and curiosities with us<\/a><\/h3><div class=\"ultp-block-excerpt\"><p>If you're a chocolate lover like us, then you're about to embark on an incredible journey to learn everything there is to know about this delicious delicacy. We're going to explore all the fascinating facts and curiosities about...<\/p>\n<\/div><div class=\"ultp-block-readmore\"><a aria-label=\"Exploring the history of chocolate: facts and curiosities with us\" href=\"https:\/\/cozinhadave.com\/en\/exploring-the-history-of-chocolate\/\">Learn More<svg xmlns=\"http:\/\/www.w3.org\/2000\/svg\" fill=\"none\" viewbox=\"0 0 24 24\">\n  <path stroke=\"currentColor\" stroke-linecap=\"round\" stroke-linejoin=\"round\" stroke-width=\"1.5\" d=\"m12 20.5 8.5-8.5m0 0L12 3.5m8.5 8.5h-17\"\/>\n<\/svg>\n<\/a><\/div><\/div><\/div><\/div><div class=\"ultp-block-item ultp-block-media post-id-16587\"><div class=\"ultp-block-content-wrap\"><div class=\"ultp-block-image ultp-block-image-opacity\"><a href=\"https:\/\/cozinhadave.com\/en\/como-fazer-pipoca-de-microondas-no-airfryer\/\"><img decoding=\"async\"  alt=\"How to make microwave popcorn in the air fryer\"  src=\"https:\/\/cozinhadave.com\/wp-content\/uploads\/2023\/08\/Como-fazer-pipoca-de-microondas-no-airfryer-600x576.jpg\" \/><\/a><\/div><div class=\"ultp-block-content\"><div class=\"ultp-category-grid ultp-category-classic ultp-category-aboveTitle\"><div class=\"ultp-category-in\"><a class=\"ultp-cat-curiosidades\" href=\"https:\/\/cozinhadave.com\/en\/category\/curiosities\/\">CURIOSITIES<\/a><\/div><\/div><h3 class=\"ultp-block-title\"><a href=\"https:\/\/cozinhadave.com\/en\/como-fazer-pipoca-de-microondas-no-airfryer\/\">Discover: How to make microwave popcorn in the air fryer without making mistakes!<\/a><\/h3><div class=\"ultp-block-excerpt\"><p>Ah, popcorn! One of the most beloved foods in the world! And for good reason, right? In addition to being delicious, it is super easy to make and great for watching a movie in the comfort of our couch. But, believe it or not,\u2026<\/p>\n<\/div><div class=\"ultp-block-readmore\"><a aria-label=\"Discover: How to make microwave popcorn in the air fryer without making mistakes!\" href=\"https:\/\/cozinhadave.com\/en\/como-fazer-pipoca-de-microondas-no-airfryer\/\">Learn More<svg xmlns=\"http:\/\/www.w3.org\/2000\/svg\" fill=\"none\" viewbox=\"0 0 24 24\">\n  <path stroke=\"currentColor\" stroke-linecap=\"round\" stroke-linejoin=\"round\" stroke-width=\"1.5\" d=\"m12 20.5 8.5-8.5m0 0L12 3.5m8.5 8.5h-17\"\/>\n<\/svg>\n<\/a><\/div><\/div><\/div><\/div><div class=\"ultp-block-item ultp-block-media post-id-18315\"><div class=\"ultp-block-content-wrap\"><div class=\"ultp-block-image ultp-block-image-opacity\"><a href=\"https:\/\/cozinhadave.com\/en\/how-much-does-an-electric-oven-cost-per-day\/\"><img decoding=\"async\"  alt=\"How much an electric oven spends per day\"  src=\"https:\/\/cozinhadave.com\/wp-content\/uploads\/2023\/08\/Quanto-gasta-um-forno-eletrico-por-dia-600x600.jpg\" \/><\/a><\/div><div class=\"ultp-block-content\"><div class=\"ultp-category-grid ultp-category-classic ultp-category-aboveTitle\"><div class=\"ultp-category-in\"><a class=\"ultp-cat-curiosidades\" href=\"https:\/\/cozinhadave.com\/en\/category\/curiosities\/\">CURIOSITIES<\/a><\/div><\/div><h3 class=\"ultp-block-title\"><a href=\"https:\/\/cozinhadave.com\/en\/how-much-does-an-electric-oven-cost-per-day\/\">How Much an Electric Oven Spends a Day: Discover and Save!<\/a><\/h3><div class=\"ultp-block-excerpt\"><p>Have you ever stopped to think about how much money you spend each day using your electric oven? Knowing the energy consumption of this appliance is important for controlling your electricity bill and finding ways to save money. How much does an electric oven...<\/p>\n<\/div><div class=\"ultp-block-readmore\"><a aria-label=\"How Much an Electric Oven Spends a Day: Discover and Save!\" href=\"https:\/\/cozinhadave.com\/en\/how-much-does-an-electric-oven-cost-per-day\/\">Learn More<svg xmlns=\"http:\/\/www.w3.org\/2000\/svg\" fill=\"none\" viewbox=\"0 0 24 24\">\n  <path stroke=\"currentColor\" stroke-linecap=\"round\" stroke-linejoin=\"round\" stroke-width=\"1.5\" d=\"m12 20.5 8.5-8.5m0 0L12 3.5m8.5 8.5h-17\"\/>\n<\/svg>\n<\/a><\/div><\/div><\/div><\/div><div class=\"ultp-block-item ultp-block-media post-id-16014\"><div class=\"ultp-block-content-wrap\"><div class=\"ultp-block-image ultp-block-image-opacity\"><a href=\"https:\/\/cozinhadave.com\/en\/how-to-avoid-microwave-radiation\/\"><img decoding=\"async\"  alt=\"How to avoid microwave radiation\"  src=\"https:\/\/cozinhadave.com\/wp-content\/uploads\/2023\/08\/Como-evitar-radiacao-do-micro-ondas-600x600.jpg\" \/><\/a><\/div><div class=\"ultp-block-content\"><div class=\"ultp-category-grid ultp-category-classic ultp-category-aboveTitle\"><div class=\"ultp-category-in\"><a class=\"ultp-cat-curiosidades\" href=\"https:\/\/cozinhadave.com\/en\/category\/curiosities\/\">CURIOSITIES<\/a><\/div><\/div><h3 class=\"ultp-block-title\"><a href=\"https:\/\/cozinhadave.com\/en\/how-to-avoid-microwave-radiation\/\">How to avoid microwave radiation?<\/a><\/h3><div class=\"ultp-block-excerpt\"><p>How to avoid microwave radiation? Are you worried about microwave radiation when heating your food? Contrary to what many people think, microwaves do not transmit radiation to food and therefore do not cause cancer. In this article, we'll share practical tips to help you...<\/p>\n<\/div><div class=\"ultp-block-readmore\"><a aria-label=\"How to avoid microwave radiation?\" href=\"https:\/\/cozinhadave.com\/en\/how-to-avoid-microwave-radiation\/\">Learn More<svg xmlns=\"http:\/\/www.w3.org\/2000\/svg\" fill=\"none\" viewbox=\"0 0 24 24\">\n  <path stroke=\"currentColor\" stroke-linecap=\"round\" stroke-linejoin=\"round\" stroke-width=\"1.5\" d=\"m12 20.5 8.5-8.5m0 0L12 3.5m8.5 8.5h-17\"\/>\n<\/svg>\n<\/a><\/div><\/div><\/div><\/div><div class=\"ultp-block-item ultp-block-media post-id-16429\"><div class=\"ultp-block-content-wrap\"><div class=\"ultp-block-image ultp-block-image-opacity\"><a href=\"https:\/\/cozinhadave.com\/en\/can-put-disposable-cup-in-the-microwave\/\"><img decoding=\"async\"  alt=\"Can-put-disposable-cup-in-the-microwave\"  src=\"https:\/\/cozinhadave.com\/wp-content\/uploads\/2023\/08\/Pode-colocar-copo-descartavel-no-microondas-600x600.jpg\" \/><\/a><\/div><div class=\"ultp-block-content\"><div class=\"ultp-category-grid ultp-category-classic ultp-category-aboveTitle\"><div class=\"ultp-category-in\"><a class=\"ultp-cat-curiosidades\" href=\"https:\/\/cozinhadave.com\/en\/category\/curiosities\/\">CURIOSITIES<\/a><\/div><\/div><h3 class=\"ultp-block-title\"><a href=\"https:\/\/cozinhadave.com\/en\/can-put-disposable-cup-in-the-microwave\/\">Can you put a disposable cup in the microwave<\/a><\/h3><div class=\"ultp-block-excerpt\"><p>Can you put disposable cups in the microwave Have you ever asked yourself: \"Can I put disposable cups in the microwave?\" I've also asked myself this question and discovered that, although it's a common practice, there are many risks involved. The short answer is that...<\/p>\n<\/div><div class=\"ultp-block-readmore\"><a aria-label=\"Can you put a disposable cup in the microwave\" href=\"https:\/\/cozinhadave.com\/en\/can-put-disposable-cup-in-the-microwave\/\">Learn More<svg xmlns=\"http:\/\/www.w3.org\/2000\/svg\" fill=\"none\" viewbox=\"0 0 24 24\">\n  <path stroke=\"currentColor\" stroke-linecap=\"round\" stroke-linejoin=\"round\" stroke-width=\"1.5\" d=\"m12 20.5 8.5-8.5m0 0L12 3.5m8.5 8.5h-17\"\/>\n<\/svg>\n<\/a><\/div><\/div><\/div><\/div><div class=\"ultp-block-item ultp-block-media post-id-16019\"><div class=\"ultp-block-content-wrap\"><div class=\"ultp-block-image ultp-block-image-opacity\"><a href=\"https:\/\/cozinhadave.com\/en\/what-not-to-cook-in-the-microwave\/\"><img decoding=\"async\"  alt=\"What not to cook in the microwave\"  src=\"https:\/\/cozinhadave.com\/wp-content\/uploads\/2023\/08\/O-que-nao-se-deve-cozinhar-no-micro-ondas-600x600.jpg\" \/><\/a><\/div><div class=\"ultp-block-content\"><div class=\"ultp-category-grid ultp-category-classic ultp-category-aboveTitle\"><div class=\"ultp-category-in\"><a class=\"ultp-cat-curiosidades\" href=\"https:\/\/cozinhadave.com\/en\/category\/curiosities\/\">CURIOSITIES<\/a><\/div><\/div><h3 class=\"ultp-block-title\"><a href=\"https:\/\/cozinhadave.com\/en\/what-not-to-cook-in-the-microwave\/\">What not to cook in the microwave?<\/a><\/h3><div class=\"ultp-block-excerpt\"><p>What not to cook in the microwave? Have you ever wondered if all types of food can be cooked in the microwave? Me too. So I decided to do some in-depth research and was surprised to discover that there are, in fact, foods that...<\/p>\n<\/div><div class=\"ultp-block-readmore\"><a aria-label=\"What not to cook in the microwave?\" href=\"https:\/\/cozinhadave.com\/en\/what-not-to-cook-in-the-microwave\/\">Learn More<svg xmlns=\"http:\/\/www.w3.org\/2000\/svg\" fill=\"none\" viewbox=\"0 0 24 24\">\n  <path stroke=\"currentColor\" stroke-linecap=\"round\" stroke-linejoin=\"round\" stroke-width=\"1.5\" d=\"m12 20.5 8.5-8.5m0 0L12 3.5m8.5 8.5h-17\"\/>\n<\/svg>\n<\/a><\/div><\/div><\/div><\/div><div class=\"ultp-block-item ultp-block-media post-id-18674\"><div class=\"ultp-block-content-wrap\"><div class=\"ultp-block-image ultp-block-image-opacity\"><a href=\"https:\/\/cozinhadave.com\/en\/efeitos-dos-alimentos-afrodisiacos\/\"><img decoding=\"async\"  alt=\"Surprising facts about the effects of aphrodisiac foods\"  src=\"https:\/\/cozinhadave.com\/wp-content\/uploads\/2023\/08\/Curiosidades-surpreendentes-sobre-os-efeitos-dos-alimentos-afrodisiacos-600x600.jpg\" \/><\/a><\/div><div class=\"ultp-block-content\"><div class=\"ultp-category-grid ultp-category-classic ultp-category-aboveTitle\"><div class=\"ultp-category-in\"><a class=\"ultp-cat-curiosidades\" href=\"https:\/\/cozinhadave.com\/en\/category\/curiosities\/\">CURIOSITIES<\/a><\/div><\/div><h3 class=\"ultp-block-title\"><a href=\"https:\/\/cozinhadave.com\/en\/efeitos-dos-alimentos-afrodisiacos\/\">Surprising facts about the effects of aphrodisiac foods<\/a><\/h3><div class=\"ultp-block-excerpt\"><p>Did you know that food can have a significant impact on your sex life? It's true! Some foods are known to improve libido and even stimulate sexual arousal. Surprising facts about the effects of aphrodisiac foods These foods...<\/p>\n<\/div><div class=\"ultp-block-readmore\"><a aria-label=\"Surprising facts about the effects of aphrodisiac foods\" href=\"https:\/\/cozinhadave.com\/en\/efeitos-dos-alimentos-afrodisiacos\/\">Learn More<svg xmlns=\"http:\/\/www.w3.org\/2000\/svg\" fill=\"none\" viewbox=\"0 0 24 24\">\n  <path stroke=\"currentColor\" stroke-linecap=\"round\" stroke-linejoin=\"round\" stroke-width=\"1.5\" d=\"m12 20.5 8.5-8.5m0 0L12 3.5m8.5 8.5h-17\"\/>\n<\/svg>\n<\/a><\/div><\/div><\/div><\/div><div class=\"ultp-block-item ultp-block-media post-id-16633\"><div class=\"ultp-block-content-wrap\"><div class=\"ultp-block-image ultp-block-image-opacity\"><a href=\"https:\/\/cozinhadave.com\/en\/how-to-protect-airfryer-teflon\/\"><img decoding=\"async\"  alt=\"How to protect airfryer Teflon\"  src=\"https:\/\/cozinhadave.com\/wp-content\/uploads\/2023\/09\/Como-proteger-o-Teflon-da-airfryer-1-600x585.jpg\" \/><\/a><\/div><div class=\"ultp-block-content\"><div class=\"ultp-category-grid ultp-category-classic ultp-category-aboveTitle\"><div class=\"ultp-category-in\"><a class=\"ultp-cat-curiosidades\" href=\"https:\/\/cozinhadave.com\/en\/category\/curiosities\/\">CURIOSITIES<\/a><\/div><\/div><h3 class=\"ultp-block-title\"><a href=\"https:\/\/cozinhadave.com\/en\/how-to-protect-airfryer-teflon\/\">How to protect the airfryer's Teflon and keep your fryer spotless?<\/a><\/h3><div class=\"ultp-block-excerpt\"><p>Hello, dear readers! It's the cooking expert here and today we're going to talk about a subject that's important for anyone who loves cooking with their airfryer: how to protect the Teflon in your air fryer and ensure that it lasts for a long time....<\/p>\n<\/div><div class=\"ultp-block-readmore\"><a aria-label=\"How to protect the airfryer&#039;s Teflon and keep your fryer spotless?\" href=\"https:\/\/cozinhadave.com\/en\/how-to-protect-airfryer-teflon\/\">Learn More<svg xmlns=\"http:\/\/www.w3.org\/2000\/svg\" fill=\"none\" viewbox=\"0 0 24 24\">\n  <path stroke=\"currentColor\" stroke-linecap=\"round\" stroke-linejoin=\"round\" stroke-width=\"1.5\" d=\"m12 20.5 8.5-8.5m0 0L12 3.5m8.5 8.5h-17\"\/>\n<\/svg>\n<\/a><\/div><\/div><\/div><\/div><div class=\"ultp-block-item ultp-block-media post-id-20161\"><div class=\"ultp-block-content-wrap\"><div class=\"ultp-block-image ultp-block-image-opacity\"><a href=\"https:\/\/cozinhadave.com\/en\/o-que-se-pode-fazer-com-fruta-pao\/\"><img decoding=\"async\"  alt=\"Discover what you can do with breadfruit \u2013 be surprised!\"  src=\"https:\/\/cozinhadave.com\/wp-content\/uploads\/2023\/09\/fruta-pao5-1-600x585.jpg\" \/><\/a><\/div><div class=\"ultp-block-content\"><div class=\"ultp-category-grid ultp-category-classic ultp-category-aboveTitle\"><div class=\"ultp-category-in\"><a class=\"ultp-cat-curiosidades\" href=\"https:\/\/cozinhadave.com\/en\/category\/curiosities\/\">CURIOSITIES<\/a><\/div><\/div><h3 class=\"ultp-block-title\"><a href=\"https:\/\/cozinhadave.com\/en\/o-que-se-pode-fazer-com-fruta-pao\/\">Discover what you can do with breadfruit \u2013 be surprised!<\/a><\/h3><div class=\"ultp-block-excerpt\"><p>You&#039;ve probably heard of breadfruit, but do you know how to incorporate it into your cooking? In this section, we will explore all the incredible possibilities that this versatile fruit offers in Brazilian cuisine. Prepare to be surprised by the delicious recipes that\u2026<\/p>\n<\/div><div class=\"ultp-block-readmore\"><a aria-label=\"Discover what you can do with breadfruit \u2013 be surprised!\" href=\"https:\/\/cozinhadave.com\/en\/o-que-se-pode-fazer-com-fruta-pao\/\">Learn More<svg xmlns=\"http:\/\/www.w3.org\/2000\/svg\" fill=\"none\" viewbox=\"0 0 24 24\">\n  <path stroke=\"currentColor\" stroke-linecap=\"round\" stroke-linejoin=\"round\" stroke-width=\"1.5\" d=\"m12 20.5 8.5-8.5m0 0L12 3.5m8.5 8.5h-17\"\/>\n<\/svg>\n<\/a><\/div><\/div><\/div><\/div><\/div><div class=\"ultp-loadmore\"><span class=\"ultp-loadmore-action\" tabindex=\"0\" role=\"button\" data-pages=\"13\" data-pagenum=\"1\"  data-expost=\"\" data-blockid=\"90be0d\" data-blockname=\"ultimate-post_post-list-3\" data-postid=\"21097\" data-selfpostid=\"yes\">See more <span class=\"ultp-spin\"><svg xmlns=\"http:\/\/www.w3.org\/2000\/svg\" fill=\"none\" viewbox=\"0 0 24 24\">\n  <path stroke=\"currentColor\" stroke-linecap=\"round\" stroke-linejoin=\"round\" stroke-width=\"1.5\" d=\"M21 12a9 9 0 0 1-17 4.127M3 12a9 9 0 0 1 17-4.127M20 3v5h-5M4 21v-5h5\"\/>\n<\/svg>\n<\/span><\/span><\/div><\/div><div class=\"pagination-block-html\" aria-hidden=\"true\" style=\"display: none;\"><\/div><\/div><\/div>\n\n\n\n<div class=\"wp-block-uagb-container uagb-block-179d179f\"><\/div>\n<\/div><\/div>","protected":false},"excerpt":{"rendered":"<p>CURIOSIDADES Aqui, voc\u00ea encontrar\u00e1 uma cole\u00e7\u00e3o fascinante de curiosidades intrigantes e surpreendentes relacionadas ao mundo da gastronomia. Desde fatos hist\u00f3ricos sobre pratos ic\u00f4nicos at\u00e9 segredos pouco conhecidos sobre ingredientes comuns, cada artigo \u00e9 uma viagem emocionante pelo universo da culin\u00e1ria. Prepare-se para se encantar e se inspirar com as curiosidades que revelam os bastidores e&hellip;&nbsp;<\/p>\n<div class=\"read-more-wrapper\"><a href=\"https:\/\/cozinhadave.com\/en\/curiosities\/\" class=\"button button-secondary\" rel=\"bookmark\">Read more &quot;<span class=\"screen-reader-text\">CURIOSITIES<\/span><\/a><\/div>","protected":false},"author":10,"featured_media":0,"parent":0,"menu_order":0,"comment_status":"closed","ping_status":"closed","template":"","meta":{"_uag_custom_page_level_css":"","wprm-recipe-roundup-name":"","wprm-recipe-roundup-description":"","neve_meta_sidebar":"","neve_meta_container":"","neve_meta_enable_content_width":"","neve_meta_content_width":0,"neve_meta_title_alignment":"","neve_meta_author_avatar":"","neve_post_elements_order":"","neve_meta_disable_header":"","neve_meta_disable_footer":"","neve_meta_disable_title":"","neve_meta_reading_time":"","footnotes":""},"class_list":["post-21097","page","type-page","status-publish","hentry"],"uagb_featured_image_src":{"full":false,"thumbnail":false,"medium":false,"medium_large":false,"large":false,"1536x1536":false,"2048x2048":false,"trp-custom-language-flag":false,"ultp_layout_landscape_large":false,"ultp_layout_landscape":false,"ultp_layout_portrait":false,"ultp_layout_square":false,"wprm-metadata-1_1":false,"wprm-metadata-4_3":false,"wprm-metadata-16_9":false,"neve-blog":false},"uagb_author_info":{"display_name":"Paulo RIbeiro","author_link":"https:\/\/cozinhadave.com\/en\/author\/paulomiguelribeirogmail-com\/"},"uagb_comment_info":0,"uagb_excerpt":"CURIOSIDADES Aqui, voc\u00ea encontrar\u00e1 uma cole\u00e7\u00e3o fascinante de curiosidades intrigantes e surpreendentes relacionadas ao mundo da gastronomia. Desde fatos hist\u00f3ricos sobre pratos ic\u00f4nicos at\u00e9 segredos pouco conhecidos sobre ingredientes comuns, cada artigo \u00e9 uma viagem emocionante pelo universo da culin\u00e1ria. Prepare-se para se encantar e se inspirar com as curiosidades que revelam os bastidores e&hellip;&nbsp;Ler&hellip;","_links":{"self":[{"href":"https:\/\/cozinhadave.com\/en\/wp-json\/wp\/v2\/pages\/21097","targetHints":{"allow":["GET"]}}],"collection":[{"href":"https:\/\/cozinhadave.com\/en\/wp-json\/wp\/v2\/pages"}],"about":[{"href":"https:\/\/cozinhadave.com\/en\/wp-json\/wp\/v2\/types\/page"}],"author":[{"embeddable":true,"href":"https:\/\/cozinhadave.com\/en\/wp-json\/wp\/v2\/users\/10"}],"replies":[{"embeddable":true,"href":"https:\/\/cozinhadave.com\/en\/wp-json\/wp\/v2\/comments?post=21097"}],"version-history":[{"count":0,"href":"https:\/\/cozinhadave.com\/en\/wp-json\/wp\/v2\/pages\/21097\/revisions"}],"wp:attachment":[{"href":"https:\/\/cozinhadave.com\/en\/wp-json\/wp\/v2\/media?parent=21097"}],"curies":[{"name":"wp","href":"https:\/\/api.w.org\/{rel}","templated":true}]}}