{"id":21056,"date":"2024-05-04T19:42:44","date_gmt":"2024-05-04T19:42:44","guid":{"rendered":"http:\/\/cozinhadave.com\/?page_id=21056"},"modified":"2024-05-05T12:28:55","modified_gmt":"2024-05-05T12:28:55","slug":"ingredients","status":"publish","type":"page","link":"https:\/\/cozinhadave.com\/en\/ingredients\/","title":{"rendered":"INGREDIENTS"},"content":{"rendered":"<div class=\"wp-block-uagb-advanced-heading uagb-block-ca604257\"><h2 class=\"uagb-heading-text\">INGREDIENTS<\/h2><\/div>\n\n\n\n<div class=\"wp-block-uagb-container uagb-block-26a8be47 alignfull uagb-is-root-container\"><div class=\"uagb-container-inner-blocks-wrap\">\n<div class=\"wp-block-uagb-container uagb-block-71bdc037\"><\/div>\n\n\n\n<div class=\"wp-block-uagb-container uagb-block-46bd2a80\">\n<p class=\"has-neve-text-color-color has-text-color has-link-color wp-elements-96b20d9dd996dfb8caa09f5c806e99b4\">For a delicious recipe, it is always necessary to choose the most suitable ingredients. For this to happen, you must identify whether the ingredients are the most suitable for the recipe you are going to prepare.&nbsp;<\/p>\n\n\n\n<p class=\"has-neve-text-color-color has-text-color has-link-color wp-elements-4235dfc56ac7d7634b643e3f4a0e2fe2\">In this space we offer several free guides on the most varied ingredients that we normally use in our recipes, but the best part is that from today you will understand all the topics on ingredients.<\/p>\n\n\n\n<p class=\"has-neve-text-color-color has-text-color has-link-color wp-elements-3b1cca380c5bf00ef1d1f560de1888d4\">&nbsp;From their history, how they are produced, their health benefits, nutritional values and of course how they are used in the best-known recipes, as well as many other things...<\/p>\n\n\n<div  class=\"wp-block-ultimate-post-advanced-search ultp-block-477790\"><div class=\"ultp-block-wrapper\"><div class=\"ultp-search-container ultp-search-frontend\"  data-ajax=\"1\" data-gosearch=\"1\" data-enablenewtab=\"\" data-blockid=\"477790\" \n                    data-image=\"1\"  data-author= \"data-date=\"\"\" data-excerpt=\"\" data-excerptlimit=\"25\" data-allresult=\"\" data-catenable=\"\"  data-postno=\"3\"  data-noresultext=\"N\u00e3o foram encontrados resultados\"   data-popupposition=\"right\" data-searchposttype=\"\"><div class=\"ultp-searchform-content ultp-searchform-input1\"><div class=\"ultp-search-inputwrap\"> <input type=\"text\" value=\"\" class=\"ultp-searchres-input\"  placeholder=\"Search for ingredients\"\/> <span class=\"ultp-search-clear\" data-blockid=\"477790\"><svg xmlns=\"http:\/\/www.w3.org\/2000\/svg\" fill=\"none\" viewbox=\"0 0 24 24\">\n  <path stroke=\"currentColor\" stroke-linecap=\"round\" stroke-width=\"1.5\" d=\"m6 6 6 6m0 0 6 6m-6-6 6-6m-6 6-6 6\"\/>\n<\/svg>\n<\/span> <\/div><div class=\"ultp-search-button\"><svg xmlns=\"http:\/\/www.w3.org\/2000\/svg\" fill=\"none\" viewbox=\"0 0 24 24\">\n  <path stroke=\"currentColor\" stroke-linecap=\"round\" stroke-linejoin=\"round\" stroke-width=\"1.5\" d=\"M11 19a8 8 0 1 0 0-16 8 8 0 0 0 0 16Zm10 2-4.35-4.35\"\/>\n<\/svg>\n<span class=\"ultp-search-button__text\"> Search <\/span><\/div><\/div><\/div><\/div><\/div><\/div>\n\n\n\n<div class=\"wp-block-uagb-container uagb-block-59e8365b\"><\/div>\n<\/div><\/div>\n\n\n\n<div class=\"nv-cv-d nv-cv-m wp-block-uagb-container uagb-block-bb890383 alignfull uagb-is-root-container\"><div class=\"uagb-container-inner-blocks-wrap\">\n<div class=\"wp-block-uagb-container uagb-block-07f24e17\"><\/div>\n\n\n\n<div class=\"wp-block-uagb-container uagb-block-894989ec\"><div  class=\"ultp-post-grid-block wp-block-ultimate-post-post-list-3 ultp-block-3f3328\"><div class=\"ultp-block-wrapper\"><div class=\"ultp-loading\"><div class=\"ultp-loading-blocks\" style=\"width:100%;height:100%;\"><div style=\"left: 0;top: 0;animation-delay:0s;\"><\/div><div style=\"left: 21px;top: 0;animation-delay:0.125s;\"><\/div><div style=\"left: 42px;top: 0;animation-delay:0.25s;\"><\/div><div style=\"left: 0;top: 21px;animation-delay:0.875s;\"><\/div><div style=\"left: 42px;top: 21px;animation-delay:0.375s;\"><\/div><div style=\"left: 0;top: 42px;animation-delay:0.75s;\"><\/div><div style=\"left: 42px;top: 42px;animation-delay:0.625s;\"><\/div><div style=\"left: 21px;top: 42px;animation-delay:0.5s;\"><\/div><\/div><\/div><div class=\"ultp-heading-filter\"><div class=\"ultp-heading-filter-in\"><div class=\"ultp-filter-navigation\"><div class=\"ultp-filter-wrap\" data-taxtype=\"category\" data-blockid=\"3f3328\" data-blockname=\"ultimate-post_post-list-3\" data-postid=\"21056\"data-selfpostid=\"yes\"><ul class=\"ultp-flex-menu\" data-name=\"More\"><li class=\"filter-item\"><a class=\"filter-active\" data-taxonomy=\"\" href=\"#\">ALL<\/a><\/li><li class=\"filter-item\"><a data-taxonomy=\"condimentos\" href=\"#\">SPICE<\/a><\/li><li class=\"filter-item\"><a data-taxonomy=\"frutas\" href=\"#\">FRUITS<\/a><\/li><li class=\"filter-item\"><a data-taxonomy=\"legumes\" href=\"#\">VEGETABLES<\/a><\/li><li class=\"filter-item\"><a data-taxonomy=\"verduras\" href=\"#\">VEGETABLES<\/a><\/li><li class=\"filter-item\"><a data-taxonomy=\"queijos\" href=\"#\">CHEESES<\/a><\/li><\/ul><\/div><\/div><\/div><\/div><div class=\"ultp-block-items-wrap ultp-block-row ultp-block-column-1 ultp-block-content-middle ultp-layout1\"><div class=\"ultp-block-item ultp-block-media post-id-17208\"><div class=\"ultp-block-content-wrap\"><div class=\"ultp-block-image ultp-block-image-opacity\"><a href=\"https:\/\/cozinhadave.com\/en\/chutney\/\"><img decoding=\"async\"  alt=\"chutney\"  src=\"https:\/\/cozinhadave.com\/wp-content\/uploads\/2023\/09\/chutney-1-600x585.jpg\" \/><\/a><\/div><div class=\"ultp-block-content\"><div class=\"ultp-category-grid ultp-category-classic ultp-category-aboveTitle\"><div class=\"ultp-category-in\"><a class=\"ultp-cat-ingredientes\" href=\"https:\/\/cozinhadave.com\/en\/category\/ingredients\/\">INGREDIENTS<\/a><a class=\"ultp-cat-condimentos\" href=\"https:\/\/cozinhadave.com\/en\/category\/ingredients\/condimentos\/\">SPICE<\/a><\/div><\/div><h3 class=\"ultp-block-title\"><a href=\"https:\/\/cozinhadave.com\/en\/chutney\/\">Chutney: the delight that conquered the Brazilian palate!<\/a><\/h3><div class=\"ultp-block-excerpt\"><p>Hello everyone, I'm a journalist with a passion for gastronomy and today I'm here to talk about a sauce that's making a splash among Brazilians: chutney. Chutney: the delicacy that has conquered Brazilians' taste buds! If you haven't...<\/p>\n<\/div><div class=\"ultp-block-readmore\"><a aria-label=\"Chutney: the delight that conquered the Brazilian palate!\" href=\"https:\/\/cozinhadave.com\/en\/chutney\/\">Learn More<svg xmlns=\"http:\/\/www.w3.org\/2000\/svg\" fill=\"none\" viewbox=\"0 0 24 24\">\n  <path stroke=\"currentColor\" stroke-linecap=\"round\" stroke-linejoin=\"round\" stroke-width=\"1.5\" d=\"m12 20.5 8.5-8.5m0 0L12 3.5m8.5 8.5h-17\"\/>\n<\/svg>\n<\/a><\/div><\/div><\/div><\/div><div class=\"ultp-block-item ultp-block-media post-id-17012\"><div class=\"ultp-block-content-wrap\"><div class=\"ultp-block-image ultp-block-image-opacity\"><a href=\"https:\/\/cozinhadave.com\/en\/harissa\/\"><img decoding=\"async\"  alt=\"harissa\"  src=\"https:\/\/cozinhadave.com\/wp-content\/uploads\/2023\/09\/harissa5-600x585.jpg\" \/><\/a><\/div><div class=\"ultp-block-content\"><div class=\"ultp-category-grid ultp-category-classic ultp-category-aboveTitle\"><div class=\"ultp-category-in\"><a class=\"ultp-cat-ingredientes\" href=\"https:\/\/cozinhadave.com\/en\/category\/ingredients\/\">INGREDIENTS<\/a><a class=\"ultp-cat-condimentos\" href=\"https:\/\/cozinhadave.com\/en\/category\/ingredients\/condimentos\/\">SPICE<\/a><\/div><\/div><h3 class=\"ultp-block-title\"><a href=\"https:\/\/cozinhadave.com\/en\/harissa\/\">Harissa: Discover everything about this Maghreb spice<\/a><\/h3><div class=\"ultp-block-excerpt\"><p>Hello, food lovers! Today we're going to talk about a spice that has become increasingly popular in recent years: Harissa. This spicy condiment from the Maghreb offers an unparalleled flavor to your recipes and can be used in a variety of...<\/p>\n<\/div><div class=\"ultp-block-readmore\"><a aria-label=\"Harissa: Discover everything about this Maghreb spice\" href=\"https:\/\/cozinhadave.com\/en\/harissa\/\">Learn More<svg xmlns=\"http:\/\/www.w3.org\/2000\/svg\" fill=\"none\" viewbox=\"0 0 24 24\">\n  <path stroke=\"currentColor\" stroke-linecap=\"round\" stroke-linejoin=\"round\" stroke-width=\"1.5\" d=\"m12 20.5 8.5-8.5m0 0L12 3.5m8.5 8.5h-17\"\/>\n<\/svg>\n<\/a><\/div><\/div><\/div><\/div><div class=\"ultp-block-item ultp-block-media post-id-16816\"><div class=\"ultp-block-content-wrap\"><div class=\"ultp-block-image ultp-block-image-opacity\"><a href=\"https:\/\/cozinhadave.com\/en\/mangarito\/\"><img decoding=\"async\"  alt=\"Mangarito\"  src=\"https:\/\/cozinhadave.com\/wp-content\/uploads\/2023\/08\/Mangarito-1-600x576.jpg\" \/><\/a><\/div><div class=\"ultp-block-content\"><div class=\"ultp-category-grid ultp-category-classic ultp-category-aboveTitle\"><div class=\"ultp-category-in\"><a class=\"ultp-cat-ingredientes\" href=\"https:\/\/cozinhadave.com\/en\/category\/ingredients\/\">INGREDIENTS<\/a><a class=\"ultp-cat-legumes\" href=\"https:\/\/cozinhadave.com\/en\/category\/ingredients\/vegetables\/\">VEGETABLES<\/a><\/div><\/div><h3 class=\"ultp-block-title\"><a href=\"https:\/\/cozinhadave.com\/en\/mangarito\/\">Unraveling Mangarito: the Brazilian tuber that conquered my taste buds<\/a><\/h3><div class=\"ultp-block-excerpt\"><p>Oh, oh, oh! How did I not meet Mangarito before? This tuber native to Brazil is simply delicious. I tried it for the first time on a trip to the interior of the Northeast and I haven&#039;t stopped thinking about that unique flavor...<\/p>\n<\/div><div class=\"ultp-block-readmore\"><a aria-label=\"Unraveling Mangarito: the Brazilian tuber that conquered my taste buds\" href=\"https:\/\/cozinhadave.com\/en\/mangarito\/\">Learn More<svg xmlns=\"http:\/\/www.w3.org\/2000\/svg\" fill=\"none\" viewbox=\"0 0 24 24\">\n  <path stroke=\"currentColor\" stroke-linecap=\"round\" stroke-linejoin=\"round\" stroke-width=\"1.5\" d=\"m12 20.5 8.5-8.5m0 0L12 3.5m8.5 8.5h-17\"\/>\n<\/svg>\n<\/a><\/div><\/div><\/div><\/div><div class=\"ultp-block-item ultp-block-media post-id-16733\"><div class=\"ultp-block-content-wrap\"><div class=\"ultp-block-image ultp-block-image-opacity\"><a href=\"https:\/\/cozinhadave.com\/en\/raisins\/\"><img decoding=\"async\"  alt=\"raisins\"  src=\"https:\/\/cozinhadave.com\/wp-content\/uploads\/2023\/08\/uva-passa-1-600x585.jpg\" \/><\/a><\/div><div class=\"ultp-block-content\"><div class=\"ultp-category-grid ultp-category-classic ultp-category-aboveTitle\"><div class=\"ultp-category-in\"><a class=\"ultp-cat-ingredientes\" href=\"https:\/\/cozinhadave.com\/en\/category\/ingredients\/\">INGREDIENTS<\/a><a class=\"ultp-cat-frutas\" href=\"https:\/\/cozinhadave.com\/en\/category\/ingredients\/frutas\/\">FRUITS<\/a><\/div><\/div><h3 class=\"ultp-block-title\"><a href=\"https:\/\/cozinhadave.com\/en\/raisins\/\">Raisins: taste this delight and discover its benefits!<\/a><\/h3><div class=\"ultp-block-excerpt\"><p>Raisins: taste this delight and discover its benefits! Hello everyone, this week I discovered a new passion: raisins! I've always liked grapes, but I'd never tried the raisin version. And lo and behold, it was love at first bite! Besides...<\/p>\n<\/div><div class=\"ultp-block-readmore\"><a aria-label=\"Raisins: taste this delight and discover its benefits!\" href=\"https:\/\/cozinhadave.com\/en\/raisins\/\">Learn More<svg xmlns=\"http:\/\/www.w3.org\/2000\/svg\" fill=\"none\" viewbox=\"0 0 24 24\">\n  <path stroke=\"currentColor\" stroke-linecap=\"round\" stroke-linejoin=\"round\" stroke-width=\"1.5\" d=\"m12 20.5 8.5-8.5m0 0L12 3.5m8.5 8.5h-17\"\/>\n<\/svg>\n<\/a><\/div><\/div><\/div><\/div><div class=\"ultp-block-item ultp-block-media post-id-20868\"><div class=\"ultp-block-content-wrap\"><div class=\"ultp-block-image ultp-block-image-opacity\"><a href=\"https:\/\/cozinhadave.com\/en\/what-is-the-name-of-strawberry\/\"><img decoding=\"async\"  alt=\"what is the name of strawberry\"  src=\"https:\/\/cozinhadave.com\/wp-content\/uploads\/2023\/11\/qual-e-o-nome-de-morango-600x600.jpg\" \/><\/a><\/div><div class=\"ultp-block-content\"><div class=\"ultp-category-grid ultp-category-classic ultp-category-aboveTitle\"><div class=\"ultp-category-in\"><a class=\"ultp-cat-ingredientes\" href=\"https:\/\/cozinhadave.com\/en\/category\/ingredients\/\">INGREDIENTS<\/a><a class=\"ultp-cat-frutas\" href=\"https:\/\/cozinhadave.com\/en\/category\/ingredients\/frutas\/\">FRUITS<\/a><\/div><\/div><h3 class=\"ultp-block-title\"><a href=\"https:\/\/cozinhadave.com\/en\/what-is-the-name-of-strawberry\/\">Find out what the name of strawberry is in the botanical world<\/a><\/h3><div class=\"ultp-block-excerpt\"><p>Did you know that strawberries, so popular in cooking, have a specific scientific name in the world of botany? That&#039;s right! And in this first section of our article, we&#039;ll explore what strawberries are called and discover some interesting facts\u2026<\/p>\n<\/div><div class=\"ultp-block-readmore\"><a aria-label=\"Find out what the name of strawberry is in the botanical world\" href=\"https:\/\/cozinhadave.com\/en\/what-is-the-name-of-strawberry\/\">Learn More<svg xmlns=\"http:\/\/www.w3.org\/2000\/svg\" fill=\"none\" viewbox=\"0 0 24 24\">\n  <path stroke=\"currentColor\" stroke-linecap=\"round\" stroke-linejoin=\"round\" stroke-width=\"1.5\" d=\"m12 20.5 8.5-8.5m0 0L12 3.5m8.5 8.5h-17\"\/>\n<\/svg>\n<\/a><\/div><\/div><\/div><\/div><div class=\"ultp-block-item ultp-block-media post-id-17023\"><div class=\"ultp-block-content-wrap\"><div class=\"ultp-block-image ultp-block-image-opacity\"><a href=\"https:\/\/cozinhadave.com\/en\/kombu\/\"><img decoding=\"async\"  alt=\"Kombu: The secret ingredient of Japanese cuisine that conquered Brazil\"  src=\"https:\/\/cozinhadave.com\/wp-content\/uploads\/2023\/09\/Kombu5-1-600x585.jpg\" \/><\/a><\/div><div class=\"ultp-block-content\"><div class=\"ultp-category-grid ultp-category-classic ultp-category-aboveTitle\"><div class=\"ultp-category-in\"><a class=\"ultp-cat-ingredientes\" href=\"https:\/\/cozinhadave.com\/en\/category\/ingredients\/\">INGREDIENTS<\/a><a class=\"ultp-cat-condimentos\" href=\"https:\/\/cozinhadave.com\/en\/category\/ingredients\/condimentos\/\">SPICE<\/a><\/div><\/div><h3 class=\"ultp-block-title\"><a href=\"https:\/\/cozinhadave.com\/en\/kombu\/\">Kombu: The secret ingredient of Japanese cuisine that conquered Brazil<\/a><\/h3><div class=\"ultp-block-excerpt\"><p>Hello, readers! As a food lover, it's always a pleasure to share my culinary discoveries with you. And today, the featured ingredient is Kombu, one of the best-kept secrets of Japanese cuisine that has conquered the taste buds of Brazilians....<\/p>\n<\/div><div class=\"ultp-block-readmore\"><a aria-label=\"Kombu: The secret ingredient of Japanese cuisine that conquered Brazil\" href=\"https:\/\/cozinhadave.com\/en\/kombu\/\">Learn More<svg xmlns=\"http:\/\/www.w3.org\/2000\/svg\" fill=\"none\" viewbox=\"0 0 24 24\">\n  <path stroke=\"currentColor\" stroke-linecap=\"round\" stroke-linejoin=\"round\" stroke-width=\"1.5\" d=\"m12 20.5 8.5-8.5m0 0L12 3.5m8.5 8.5h-17\"\/>\n<\/svg>\n<\/a><\/div><\/div><\/div><\/div><div class=\"ultp-block-item ultp-block-media post-id-17311\"><div class=\"ultp-block-content-wrap\"><div class=\"ultp-block-image ultp-block-image-opacity\"><a href=\"https:\/\/cozinhadave.com\/en\/sesame\/\"><img decoding=\"async\"  alt=\"Sesame\"  src=\"https:\/\/cozinhadave.com\/wp-content\/uploads\/2023\/09\/Gergelim-4--600x585.jpg\" \/><\/a><\/div><div class=\"ultp-block-content\"><div class=\"ultp-category-grid ultp-category-classic ultp-category-aboveTitle\"><div class=\"ultp-category-in\"><a class=\"ultp-cat-ingredientes\" href=\"https:\/\/cozinhadave.com\/en\/category\/ingredients\/\">INGREDIENTS<\/a><a class=\"ultp-cat-condimentos\" href=\"https:\/\/cozinhadave.com\/en\/category\/ingredients\/condimentos\/\">SPICE<\/a><\/div><\/div><h3 class=\"ultp-block-title\"><a href=\"https:\/\/cozinhadave.com\/en\/sesame\/\">Uncovering Sesame: The Hidden Wonders of Brazil<\/a><\/h3><div class=\"ultp-block-excerpt\"><p>Hello friends! I am a journalist passionate about discovering and sharing with you the wonders that Brazil has to offer. And today, my focus is sesame. Uncovering Sesame: The Hidden Wonders of Brazil Yes, sesame!\u2026<\/p>\n<\/div><div class=\"ultp-block-readmore\"><a aria-label=\"Uncovering Sesame: The Hidden Wonders of Brazil\" href=\"https:\/\/cozinhadave.com\/en\/sesame\/\">Learn More<svg xmlns=\"http:\/\/www.w3.org\/2000\/svg\" fill=\"none\" viewbox=\"0 0 24 24\">\n  <path stroke=\"currentColor\" stroke-linecap=\"round\" stroke-linejoin=\"round\" stroke-width=\"1.5\" d=\"m12 20.5 8.5-8.5m0 0L12 3.5m8.5 8.5h-17\"\/>\n<\/svg>\n<\/a><\/div><\/div><\/div><\/div><div class=\"ultp-block-item ultp-block-media post-id-17334\"><div class=\"ultp-block-content-wrap\"><div class=\"ultp-block-image ultp-block-image-opacity\"><a href=\"https:\/\/cozinhadave.com\/en\/brown-sugar\/\"><img decoding=\"async\"  alt=\"Brown sugar\"  src=\"https:\/\/cozinhadave.com\/wp-content\/uploads\/2023\/09\/acucar-mascavo-5-600x585.jpg\" \/><\/a><\/div><div class=\"ultp-block-content\"><div class=\"ultp-category-grid ultp-category-classic ultp-category-aboveTitle\"><div class=\"ultp-category-in\"><a class=\"ultp-cat-ingredientes\" href=\"https:\/\/cozinhadave.com\/en\/category\/ingredients\/\">INGREDIENTS<\/a><a class=\"ultp-cat-condimentos\" href=\"https:\/\/cozinhadave.com\/en\/category\/ingredients\/condimentos\/\">SPICE<\/a><\/div><\/div><h3 class=\"ultp-block-title\"><a href=\"https:\/\/cozinhadave.com\/en\/brown-sugar\/\">Brown sugar: discover how this sweet won me over in Brazil<\/a><\/h3><div class=\"ultp-block-excerpt\"><p>Eu sou uma jornalista e adoro viajar. Conhecer novos lugares, culturas e, claro, experimentar novos sabores. Foi durante uma aventura deliciosa pelo Brasil que descobri o a\u00e7\u00facar mascavo. Esse doce natural mudou minha vida, n\u00e3o s\u00f3 na cozinha, mas tamb\u00e9m&hellip;<\/p>\n<\/div><div class=\"ultp-block-readmore\"><a aria-label=\"Brown sugar: discover how this sweet won me over in Brazil\" href=\"https:\/\/cozinhadave.com\/en\/brown-sugar\/\">Learn More<svg xmlns=\"http:\/\/www.w3.org\/2000\/svg\" fill=\"none\" viewbox=\"0 0 24 24\">\n  <path stroke=\"currentColor\" stroke-linecap=\"round\" stroke-linejoin=\"round\" stroke-width=\"1.5\" d=\"m12 20.5 8.5-8.5m0 0L12 3.5m8.5 8.5h-17\"\/>\n<\/svg>\n<\/a><\/div><\/div><\/div><\/div><div class=\"ultp-block-item ultp-block-media post-id-17811\"><div class=\"ultp-block-content-wrap\"><div class=\"ultp-block-image ultp-block-image-opacity\"><a href=\"https:\/\/cozinhadave.com\/en\/cucumber\/\"><img decoding=\"async\"  alt=\"What is a cucumber?\"  src=\"https:\/\/cozinhadave.com\/wp-content\/uploads\/2023\/08\/O-que-e-o-pepino-600x576.jpg\" \/><\/a><\/div><div class=\"ultp-block-content\"><div class=\"ultp-category-grid ultp-category-classic ultp-category-aboveTitle\"><div class=\"ultp-category-in\"><a class=\"ultp-cat-ingredientes\" href=\"https:\/\/cozinhadave.com\/en\/category\/ingredients\/\">INGREDIENTS<\/a><a class=\"ultp-cat-legumes\" href=\"https:\/\/cozinhadave.com\/en\/category\/ingredients\/vegetables\/\">VEGETABLES<\/a><\/div><\/div><h3 class=\"ultp-block-title\"><a href=\"https:\/\/cozinhadave.com\/en\/cucumber\/\">Cucumber: Discover the Benefits and Curiosities at the Hour<\/a><\/h3><div class=\"ultp-block-excerpt\"><p>Hello, readers! Today we're diving into a refreshing and healthy topic: cucumber! Did you know that this vegetable can be much more than just an accompaniment to your salad? In the next few minutes, I'm going to introduce you to the incredible benefits and curiosities...<\/p>\n<\/div><div class=\"ultp-block-readmore\"><a aria-label=\"Cucumber: Discover the Benefits and Curiosities at the Hour\" href=\"https:\/\/cozinhadave.com\/en\/cucumber\/\">Learn More<svg xmlns=\"http:\/\/www.w3.org\/2000\/svg\" fill=\"none\" viewbox=\"0 0 24 24\">\n  <path stroke=\"currentColor\" stroke-linecap=\"round\" stroke-linejoin=\"round\" stroke-width=\"1.5\" d=\"m12 20.5 8.5-8.5m0 0L12 3.5m8.5 8.5h-17\"\/>\n<\/svg>\n<\/a><\/div><\/div><\/div><\/div><div class=\"ultp-block-item ultp-block-media post-id-17289\"><div class=\"ultp-block-content-wrap\"><div class=\"ultp-block-image ultp-block-image-opacity\"><a href=\"https:\/\/cozinhadave.com\/en\/powdered-ginger\/\"><img decoding=\"async\"  alt=\"Ginger powder\"  src=\"https:\/\/cozinhadave.com\/wp-content\/uploads\/2023\/09\/Gengibre-em-po-4-600x585.jpg\" \/><\/a><\/div><div class=\"ultp-block-content\"><div class=\"ultp-category-grid ultp-category-classic ultp-category-aboveTitle\"><div class=\"ultp-category-in\"><a class=\"ultp-cat-ingredientes\" href=\"https:\/\/cozinhadave.com\/en\/category\/ingredients\/\">INGREDIENTS<\/a><a class=\"ultp-cat-condimentos\" href=\"https:\/\/cozinhadave.com\/en\/category\/ingredients\/condimentos\/\">SPICE<\/a><\/div><\/div><h3 class=\"ultp-block-title\"><a href=\"https:\/\/cozinhadave.com\/en\/powdered-ginger\/\">Ginger powder: Elevate your taste and health in everyday life!<\/a><\/h3><div class=\"ultp-block-excerpt\"><p>Powdered Ginger: Elevate Your Taste and Health Everyday! Hello, everyone! If you\u2019re looking for a way to add flavor, health, and versatility to your diet, powdered ginger may be the ingredient you\u2019re missing\u2026<\/p>\n<\/div><div class=\"ultp-block-readmore\"><a aria-label=\"Ginger powder: Elevate your taste and health in everyday life!\" href=\"https:\/\/cozinhadave.com\/en\/powdered-ginger\/\">Learn More<svg xmlns=\"http:\/\/www.w3.org\/2000\/svg\" fill=\"none\" viewbox=\"0 0 24 24\">\n  <path stroke=\"currentColor\" stroke-linecap=\"round\" stroke-linejoin=\"round\" stroke-width=\"1.5\" d=\"m12 20.5 8.5-8.5m0 0L12 3.5m8.5 8.5h-17\"\/>\n<\/svg>\n<\/a><\/div><\/div><\/div><\/div><\/div><div class=\"ultp-loadmore\"><span class=\"ultp-loadmore-action\" tabindex=\"0\" role=\"button\" data-pages=\"10\" data-pagenum=\"1\"  data-expost=\"\" data-blockid=\"3f3328\" data-blockname=\"ultimate-post_post-list-3\" data-postid=\"21056\" data-selfpostid=\"yes\">See more <span class=\"ultp-spin\"><svg xmlns=\"http:\/\/www.w3.org\/2000\/svg\" fill=\"none\" viewbox=\"0 0 24 24\">\n  <path stroke=\"currentColor\" stroke-linecap=\"round\" stroke-linejoin=\"round\" stroke-width=\"1.5\" d=\"M21 12a9 9 0 0 1-17 4.127M3 12a9 9 0 0 1 17-4.127M20 3v5h-5M4 21v-5h5\"\/>\n<\/svg>\n<\/span><\/span><\/div><\/div><div class=\"pagination-block-html\" aria-hidden=\"true\" style=\"display: none;\"><\/div><\/div><\/div>\n\n\n\n<div class=\"wp-block-uagb-container uagb-block-179d179f\"><\/div>\n<\/div><\/div>","protected":false},"excerpt":{"rendered":"<p>INGREDIENTS For a delicious recipe, you always need to choose the right ingredients. For this to happen, you need to identify whether the ingredients are the right ones for the recipe you are going to prepare.  In this space we offer several free guides on the most varied ingredients that we normally use in our recipes, but the best part is...&nbsp;<\/p>\n<div class=\"read-more-wrapper\"><a href=\"https:\/\/cozinhadave.com\/en\/ingredients\/\" class=\"button button-secondary\" rel=\"bookmark\">Read more &quot;<span class=\"screen-reader-text\">INGREDIENTS<\/span><\/a><\/div>","protected":false},"author":10,"featured_media":0,"parent":0,"menu_order":0,"comment_status":"closed","ping_status":"closed","template":"","meta":{"_uag_custom_page_level_css":"","wprm-recipe-roundup-name":"","wprm-recipe-roundup-description":"","neve_meta_sidebar":"","neve_meta_container":"","neve_meta_enable_content_width":"","neve_meta_content_width":0,"neve_meta_title_alignment":"","neve_meta_author_avatar":"","neve_post_elements_order":"","neve_meta_disable_header":"","neve_meta_disable_footer":"","neve_meta_disable_title":"","neve_meta_reading_time":"","footnotes":""},"class_list":["post-21056","page","type-page","status-publish","hentry"],"uagb_featured_image_src":{"full":false,"thumbnail":false,"medium":false,"medium_large":false,"large":false,"1536x1536":false,"2048x2048":false,"trp-custom-language-flag":false,"ultp_layout_landscape_large":false,"ultp_layout_landscape":false,"ultp_layout_portrait":false,"ultp_layout_square":false,"wprm-metadata-1_1":false,"wprm-metadata-4_3":false,"wprm-metadata-16_9":false,"neve-blog":false},"uagb_author_info":{"display_name":"Paulo RIbeiro","author_link":"https:\/\/cozinhadave.com\/en\/author\/paulomiguelribeirogmail-com\/"},"uagb_comment_info":0,"uagb_excerpt":"INGREDIENTES Para uma deliciosa receita, \u00e9 sempre necess\u00e1rio escolher os ingredientes mais adequados. Para que isso aconte\u00e7a voc\u00ea dever\u00e1 identificar se os ingredientes s\u00e3o os mais indicados para a receita que vai preparar.&nbsp; Neste espa\u00e7o oferecemos diversos guias gratuitos sobre os mais variados ingredientes, que normalmente utilizamos nas nossas receitas, mas a parte melhor \u00e9&hellip;&nbsp;Ler&hellip;","_links":{"self":[{"href":"https:\/\/cozinhadave.com\/en\/wp-json\/wp\/v2\/pages\/21056","targetHints":{"allow":["GET"]}}],"collection":[{"href":"https:\/\/cozinhadave.com\/en\/wp-json\/wp\/v2\/pages"}],"about":[{"href":"https:\/\/cozinhadave.com\/en\/wp-json\/wp\/v2\/types\/page"}],"author":[{"embeddable":true,"href":"https:\/\/cozinhadave.com\/en\/wp-json\/wp\/v2\/users\/10"}],"replies":[{"embeddable":true,"href":"https:\/\/cozinhadave.com\/en\/wp-json\/wp\/v2\/comments?post=21056"}],"version-history":[{"count":0,"href":"https:\/\/cozinhadave.com\/en\/wp-json\/wp\/v2\/pages\/21056\/revisions"}],"wp:attachment":[{"href":"https:\/\/cozinhadave.com\/en\/wp-json\/wp\/v2\/media?parent=21056"}],"curies":[{"name":"wp","href":"https:\/\/api.w.org\/{rel}","templated":true}]}}