{"id":21193,"date":"2024-07-02T08:28:02","date_gmt":"2024-07-02T08:28:02","guid":{"rendered":"http:\/\/cozinhadave.com\/?page_id=21193"},"modified":"2024-07-02T10:15:45","modified_gmt":"2024-07-02T10:15:45","slug":"rezepte","status":"publish","type":"page","link":"https:\/\/cozinhadave.com\/de\/rezepte\/","title":{"rendered":"ERL\u00d6SE"},"content":{"rendered":"<div class=\"wp-block-uagb-advanced-heading uagb-block-ca604257\"><h2 class=\"uagb-heading-text\">Kulinarische Rezepte<\/h2><p class=\"uagb-desc-text\">Entdecken Sie unsere Kochrezepte<\/p><\/div>\n\n\n\n<div class=\"wp-block-uagb-container uagb-block-26a8be47 alignfull uagb-is-root-container\"><div class=\"uagb-container-inner-blocks-wrap\">\n<div class=\"wp-block-uagb-container uagb-block-71bdc037\"><\/div>\n\n\n\n<div class=\"wp-block-uagb-container uagb-block-46bd2a80\">\n<p>Unverbl\u00fcmt; einfach echtes Essen. St\u00f6bern Sie in Hunderten einfacher Rezepte mit einfachen, echten Lebensmittelzutaten. Sie werden selbst den w\u00e4hlerischsten Essern gefallen!&nbsp;<\/p>\n\n\n\n<p>Es umfasst Optionen f\u00fcr alle Arten von Rezepten, mit Schwerpunkt auf der portugiesisch-brasilianischen K\u00fcche. Diese Rezepte werden rigoros getestet, sodass Sie am Ende immer fehlerfreie Ergebnisse erhalten. Mit Schritt-f\u00fcr-Schritt-Fotos und Videos erhalten Sie die n\u00f6tige Unterst\u00fctzung.<\/p>\n\n\n<div  class=\"wp-block-ultimate-post-advanced-search ultp-block-f6cd4a\"><div class=\"ultp-block-wrapper\"><div class=\"ultp-search-container ultp-search-frontend\"  data-ajax=\"1\" data-gosearch=\"1\" data-enablenewtab=\"\" data-blockid=\"f6cd4a\" \n                    data-image=\"1\"  data-author= \"data-date=\"\"\" data-excerpt=\"1\" data-excerptlimit=\"25\" data-allresult=\"1\" data-catenable=\"\"  data-postno=\"3\"  data-noresultext=\"N\u00e3o foram encontrados resultados\"  data-viewmoretext=\"View More Results\"  data-popupposition=\"right\" data-searchposttype=\"\"><div class=\"ultp-searchform-content ultp-searchform-input1\"><div class=\"ultp-search-inputwrap\"> <input type=\"text\" value=\"\" class=\"ultp-searchres-input\"  placeholder=\"Rezepte suchen\"\/> <span class=\"ultp-search-clear\" data-blockid=\"f6cd4a\"><svg xmlns=\"http:\/\/www.w3.org\/2000\/svg\" fill=\"none\" viewbox=\"0 0 24 24\">\n  <path stroke=\"currentColor\" stroke-linecap=\"round\" stroke-width=\"1.5\" d=\"m6 6 6 6m0 0 6 6m-6-6 6-6m-6 6-6 6\"\/>\n<\/svg>\n<\/span> <\/div><div class=\"ultp-search-button\"><svg xmlns=\"http:\/\/www.w3.org\/2000\/svg\" fill=\"none\" viewbox=\"0 0 24 24\">\n  <path stroke=\"currentColor\" stroke-linecap=\"round\" stroke-linejoin=\"round\" stroke-width=\"1.5\" d=\"M11 19a8 8 0 1 0 0-16 8 8 0 0 0 0 16Zm10 2-4.35-4.35\"\/>\n<\/svg>\n<span class=\"ultp-search-button__text\"> Suche <\/span><\/div><\/div><\/div><\/div><\/div><\/div>\n\n\n\n<div class=\"wp-block-uagb-container uagb-block-59e8365b\"><\/div>\n<\/div><\/div>\n\n\n\n<div class=\"wp-block-uagb-container uagb-block-bb890383 alignfull uagb-is-root-container\"><div class=\"uagb-container-inner-blocks-wrap\">\n<div class=\"wp-block-uagb-container uagb-block-07f24e17\"><\/div>\n\n\n\n<div class=\"wp-block-uagb-container uagb-block-894989ec\"><div  class=\"ultp-post-grid-block wp-block-ultimate-post-post-list-3 ultp-block-e931a7\"><div class=\"ultp-block-wrapper\"><div class=\"ultp-loading\"><div class=\"ultp-loading-blocks\" style=\"width:100%;height:100%;\"><div style=\"left: 0;top: 0;animation-delay:0s;\"><\/div><div style=\"left: 21px;top: 0;animation-delay:0.125s;\"><\/div><div style=\"left: 42px;top: 0;animation-delay:0.25s;\"><\/div><div style=\"left: 0;top: 21px;animation-delay:0.875s;\"><\/div><div style=\"left: 42px;top: 21px;animation-delay:0.375s;\"><\/div><div style=\"left: 0;top: 42px;animation-delay:0.75s;\"><\/div><div style=\"left: 42px;top: 42px;animation-delay:0.625s;\"><\/div><div style=\"left: 21px;top: 42px;animation-delay:0.5s;\"><\/div><\/div><\/div><div class=\"ultp-heading-filter\"><div class=\"ultp-heading-filter-in\"><div class=\"ultp-filter-navigation\"><div class=\"ultp-filter-wrap\" data-taxtype=\"category\" data-blockid=\"e931a7\" data-blockname=\"ultimate-post_post-list-3\" data-postid=\"21193\"data-selfpostid=\"yes\"><ul  data-name=\"More\"><li class=\"filter-item\"><a class=\"filter-active\" data-taxonomy=\"\" href=\"#\">ALLE<\/a><\/li><li class=\"filter-item\"><a data-taxonomy=\"bebidas\" href=\"#\">GETR\u00c4NKE<\/a><\/li><li class=\"filter-item\"><a data-taxonomy=\"pratos-principais\" href=\"#\">HAUPTGERICHTE<\/a><\/li><li class=\"filter-item\"><a data-taxonomy=\"petiscos\" href=\"#\">SALZIGE SNACKS<\/a><\/li><li class=\"filter-item\"><a data-taxonomy=\"doces-sobremesas\" href=\"#\">DESSERTS<\/a><\/li><li class=\"filter-item\"><a data-taxonomy=\"acompanhamentos\" href=\"#\">BEILAGEN<\/a><\/li><li class=\"filter-item\"><a data-taxonomy=\"sopas\" href=\"#\">SUPPEN<\/a><\/li><li class=\"filter-item\"><a data-taxonomy=\"saladas\" href=\"#\">SALATE<\/a><\/li><li class=\"filter-item\"><a data-taxonomy=\"molhos-cremes\" href=\"#\">SEELEN<\/a><\/li><li class=\"filter-item\"><a data-taxonomy=\"massas\" href=\"#\">TEIGE<\/a><\/li><li class=\"filter-item\"><a data-taxonomy=\"comidas-saudaveis\" href=\"#\">GESUNDES ESSEN<\/a><\/li><li class=\"filter-item\"><a data-taxonomy=\"low-carb\" href=\"#\">WENIG KOHLEHYDRATE<\/a><\/li><\/ul><\/div><\/div><\/div><\/div><div class=\"ultp-block-items-wrap ultp-block-row ultp-block-column-1 ultp-block-content-middle ultp-layout1\"><div class=\"ultp-block-item ultp-block-media post-id-4942\"><div class=\"ultp-block-content-wrap\"><div class=\"ultp-block-image ultp-block-image-opacity\"><a href=\"https:\/\/cozinhadave.com\/de\/fit-chicken-rezept\/\"><img decoding=\"async\"  alt=\"Huhn fit Rezept\"  src=\"https:\/\/cozinhadave.com\/wp-content\/uploads\/2021\/01\/Frango-a-bras-FIT-IG.jpg\" \/><\/a><\/div><div class=\"ultp-block-content\"><div class=\"ultp-category-grid ultp-category-classic ultp-category-aboveTitle\"><div class=\"ultp-category-in\"><a class=\"ultp-cat-comidas-saudaveis\" href=\"https:\/\/cozinhadave.com\/de\/kategorie\/rezepte\/gesundes-essen-2\/\">GESUNDES ESSEN<\/a><\/div><\/div><h3 class=\"ultp-block-title\"><a href=\"https:\/\/cozinhadave.com\/de\/fit-chicken-rezept\/\">Huhn fit Rezept<\/a><\/h3><div class=\"ultp-block-excerpt\"><p>A receita de frango fit \u00e9 maravilhosa porque tem um equil\u00edbrio de sabores o que torna esta receita muito apetitosa e saud\u00e1vel. Este artigo poder\u00e1 conter links afiliados,&nbsp; confira a divulga\u00e7\u00e3o de afiliados e a pol\u00edtica de privacidade. Receita de&hellip;<\/p>\n<\/div><div class=\"ultp-block-readmore\"><a aria-label=\"Huhn fit Rezept\" href=\"https:\/\/cozinhadave.com\/de\/fit-chicken-rezept\/\">Mehr erfahren<svg xmlns=\"http:\/\/www.w3.org\/2000\/svg\" fill=\"none\" viewbox=\"0 0 24 24\">\n  <path stroke=\"currentColor\" stroke-linecap=\"round\" stroke-linejoin=\"round\" stroke-width=\"1.5\" d=\"m12 20.5 8.5-8.5m0 0L12 3.5m8.5 8.5h-17\"\/>\n<\/svg>\n<\/a><\/div><\/div><\/div><\/div><div class=\"ultp-block-item ultp-block-media post-id-6718\"><div class=\"ultp-block-content-wrap\"><div class=\"ultp-block-image ultp-block-image-opacity\"><a href=\"https:\/\/cozinhadave.com\/de\/schokoladenmuffins\/\"><img decoding=\"async\"  alt=\"Rezept f\u00fcr Schokoladenmuffins\"  src=\"https:\/\/cozinhadave.com\/wp-content\/uploads\/2021\/03\/Muffin-de-chocolate.jpg\" \/><\/a><\/div><div class=\"ultp-block-content\"><div class=\"ultp-category-grid ultp-category-classic ultp-category-aboveTitle\"><div class=\"ultp-category-in\"><a class=\"ultp-cat-doces-sobremesas\" href=\"https:\/\/cozinhadave.com\/de\/kategorie\/rezepte\/susspeisen\/\">DESSERTS<\/a><\/div><\/div><h3 class=\"ultp-block-title\"><a href=\"https:\/\/cozinhadave.com\/de\/schokoladenmuffins\/\">Schokoladenmuffins<\/a><\/h3><div class=\"ultp-block-excerpt\"><p>Estes Muffins de gotas de chocolate fofinhos e molhadinhos, s\u00e3o ideais para um divertido lanche da tarde com a fam\u00edlia ou amigos. Esta receita pode conter links de afiliados, confira a pol\u00edtica de privacidade e a divulga\u00e7\u00e3o de afiliados para&hellip;<\/p>\n<\/div><div class=\"ultp-block-readmore\"><a aria-label=\"Schokoladenmuffins\" href=\"https:\/\/cozinhadave.com\/de\/schokoladenmuffins\/\">Mehr erfahren<svg xmlns=\"http:\/\/www.w3.org\/2000\/svg\" fill=\"none\" viewbox=\"0 0 24 24\">\n  <path stroke=\"currentColor\" stroke-linecap=\"round\" stroke-linejoin=\"round\" stroke-width=\"1.5\" d=\"m12 20.5 8.5-8.5m0 0L12 3.5m8.5 8.5h-17\"\/>\n<\/svg>\n<\/a><\/div><\/div><\/div><\/div><div class=\"ultp-block-item ultp-block-media post-id-13092\"><div class=\"ultp-block-content-wrap\"><div class=\"ultp-block-image ultp-block-image-opacity\"><a href=\"https:\/\/cozinhadave.com\/de\/rezept-fur-erbsensuppe-mit-calabresa\/\"><img decoding=\"async\"  alt=\"Rezept f\u00fcr Erbsensuppe mit Calabresa\"  src=\"https:\/\/cozinhadave.com\/wp-content\/uploads\/2022\/08\/receita-de-sopa-de-ervilha-com-calabresa-2-600x600.webp\" \/><\/a><\/div><div class=\"ultp-block-content\"><div class=\"ultp-category-grid ultp-category-classic ultp-category-aboveTitle\"><div class=\"ultp-category-in\"><a class=\"ultp-cat-sopas\" href=\"https:\/\/cozinhadave.com\/de\/kategorie\/rezepte\/suppen\/\">SUPPEN<\/a><\/div><\/div><h3 class=\"ultp-block-title\"><a href=\"https:\/\/cozinhadave.com\/de\/rezept-fur-erbsensuppe-mit-calabresa\/\">Rezept f\u00fcr Erbsensuppe mit Calabresa<\/a><\/h3><div class=\"ultp-block-excerpt\"><p>Uma deliciosa receita de sopa de ervilha com calabresa vai deixar o seu dia ainda melhor, pode ter certeza! Esse prato \u00e9 ideal nessa \u00e9poca do ano e pode ser servido como acompanhamento ou ainda refei\u00e7\u00e3o principal. Ent\u00e3o, seja durante&hellip;<\/p>\n<\/div><div class=\"ultp-block-readmore\"><a aria-label=\"Rezept f\u00fcr Erbsensuppe mit Calabresa\" href=\"https:\/\/cozinhadave.com\/de\/rezept-fur-erbsensuppe-mit-calabresa\/\">Mehr erfahren<svg xmlns=\"http:\/\/www.w3.org\/2000\/svg\" fill=\"none\" viewbox=\"0 0 24 24\">\n  <path stroke=\"currentColor\" stroke-linecap=\"round\" stroke-linejoin=\"round\" stroke-width=\"1.5\" d=\"m12 20.5 8.5-8.5m0 0L12 3.5m8.5 8.5h-17\"\/>\n<\/svg>\n<\/a><\/div><\/div><\/div><\/div><div class=\"ultp-block-item ultp-block-media post-id-14483\"><div class=\"ultp-block-content-wrap\"><div class=\"ultp-block-image ultp-block-image-opacity\"><a href=\"https:\/\/cozinhadave.com\/de\/linsensuppe-mit-nudeln\/\"><img decoding=\"async\"  alt=\"Linsensuppe mit Nudeln\"  src=\"https:\/\/cozinhadave.com\/wp-content\/uploads\/2022\/11\/sopa-de-lentilha-com-macarrao-1-600x600.jpg\" \/><\/a><\/div><div class=\"ultp-block-content\"><div class=\"ultp-category-grid ultp-category-classic ultp-category-aboveTitle\"><div class=\"ultp-category-in\"><a class=\"ultp-cat-sopas\" href=\"https:\/\/cozinhadave.com\/de\/kategorie\/rezepte\/suppen\/\">SUPPEN<\/a><\/div><\/div><h3 class=\"ultp-block-title\"><a href=\"https:\/\/cozinhadave.com\/de\/linsensuppe-mit-nudeln\/\">Linsensuppe mit Nudeln<\/a><\/h3><div class=\"ultp-block-excerpt\"><p>O que voc\u00ea acha de aprender a fazer uma \u00f3tima sopa de lentilha com macarr\u00e3o? Este \u00e9 um prato super nutritivo, que re\u00fane sabor e \u00e9 capaz de alimentar e proporcionar saciedade completa. Isso sem contar que a combina\u00e7\u00e3o de&hellip;<\/p>\n<\/div><div class=\"ultp-block-readmore\"><a aria-label=\"Linsensuppe mit Nudeln\" href=\"https:\/\/cozinhadave.com\/de\/linsensuppe-mit-nudeln\/\">Mehr erfahren<svg xmlns=\"http:\/\/www.w3.org\/2000\/svg\" fill=\"none\" viewbox=\"0 0 24 24\">\n  <path stroke=\"currentColor\" stroke-linecap=\"round\" stroke-linejoin=\"round\" stroke-width=\"1.5\" d=\"m12 20.5 8.5-8.5m0 0L12 3.5m8.5 8.5h-17\"\/>\n<\/svg>\n<\/a><\/div><\/div><\/div><\/div><div class=\"ultp-block-item ultp-block-media post-id-4327\"><div class=\"ultp-block-content-wrap\"><div class=\"ultp-block-image ultp-block-image-opacity\"><a href=\"https:\/\/cozinhadave.com\/de\/low-carb-dessert\/\"><img decoding=\"async\"  alt=\"Low Carb Kiwi und Mango-Dessert\"  src=\"https:\/\/cozinhadave.com\/wp-content\/uploads\/2020\/11\/Sobremesa-low-carb-02.jpg\" \/><\/a><\/div><div class=\"ultp-block-content\"><div class=\"ultp-category-grid ultp-category-classic ultp-category-aboveTitle\"><div class=\"ultp-category-in\"><a class=\"ultp-cat-comidas-saudaveis\" href=\"https:\/\/cozinhadave.com\/de\/kategorie\/rezepte\/gesundes-essen-2\/\">GESUNDES ESSEN<\/a><\/div><\/div><h3 class=\"ultp-block-title\"><a href=\"https:\/\/cozinhadave.com\/de\/low-carb-dessert\/\">Low Carb Kiwi und Mango-Dessert<\/a><\/h3><div class=\"ultp-block-excerpt\"><p>Venha dai conhecer uma deliciosa sobremesa low carb de kiwi e manga, que para al\u00e9m de ser super saud\u00e1vel, \u00e9 tamb\u00e9m muito mas muito saborosa. Nem parece ser uma sobremesa low carb. Este artigo poder\u00e1 conter links afiliados,\u00a0 confira a&hellip;<\/p>\n<\/div><div class=\"ultp-block-readmore\"><a aria-label=\"Low Carb Kiwi und Mango-Dessert\" href=\"https:\/\/cozinhadave.com\/de\/low-carb-dessert\/\">Mehr erfahren<svg xmlns=\"http:\/\/www.w3.org\/2000\/svg\" fill=\"none\" viewbox=\"0 0 24 24\">\n  <path stroke=\"currentColor\" stroke-linecap=\"round\" stroke-linejoin=\"round\" stroke-width=\"1.5\" d=\"m12 20.5 8.5-8.5m0 0L12 3.5m8.5 8.5h-17\"\/>\n<\/svg>\n<\/a><\/div><\/div><\/div><\/div><div class=\"ultp-block-item ultp-block-media post-id-3943\"><div class=\"ultp-block-content-wrap\"><div class=\"ultp-block-image ultp-block-image-opacity\"><a href=\"https:\/\/cozinhadave.com\/de\/erdbeer-smoothie\/\"><img decoding=\"async\"  alt=\"Erdbeer Smoothie\"  src=\"https:\/\/cozinhadave.com\/wp-content\/uploads\/2020\/10\/Smoothie-de-morango-para-emagrecer-Blog.jpg\" \/><\/a><\/div><div class=\"ultp-block-content\"><div class=\"ultp-category-grid ultp-category-classic ultp-category-aboveTitle\"><div class=\"ultp-category-in\"><a class=\"ultp-cat-bebidas\" href=\"https:\/\/cozinhadave.com\/de\/kategorie\/rezepte\/getranke\/\">GETR\u00c4NKE<\/a><a class=\"ultp-cat-comidas-saudaveis\" href=\"https:\/\/cozinhadave.com\/de\/kategorie\/rezepte\/gesundes-essen-2\/\">GESUNDES ESSEN<\/a><\/div><\/div><h3 class=\"ultp-block-title\"><a href=\"https:\/\/cozinhadave.com\/de\/erdbeer-smoothie\/\">Leckerer Erdbeer-Smoothie zum Abnehmen<\/a><\/h3><div class=\"ultp-block-excerpt\"><p>Voc\u00ea est\u00e1 procurando por um delicioso smoothie que ajude em seus objetivos de perda de peso? Se sim, ent\u00e3o este smoothie de morango para emagrecer \u00e9 perfeito para voc\u00ea! Ele est\u00e1 cheio de nutrientes e fibras, o que ajudar\u00e1 a&hellip;<\/p>\n<\/div><div class=\"ultp-block-readmore\"><a aria-label=\"Leckerer Erdbeer-Smoothie zum Abnehmen\" href=\"https:\/\/cozinhadave.com\/de\/erdbeer-smoothie\/\">Mehr erfahren<svg xmlns=\"http:\/\/www.w3.org\/2000\/svg\" fill=\"none\" viewbox=\"0 0 24 24\">\n  <path stroke=\"currentColor\" stroke-linecap=\"round\" stroke-linejoin=\"round\" stroke-width=\"1.5\" d=\"m12 20.5 8.5-8.5m0 0L12 3.5m8.5 8.5h-17\"\/>\n<\/svg>\n<\/a><\/div><\/div><\/div><\/div><div class=\"ultp-block-item ultp-block-media post-id-2199\"><div class=\"ultp-block-content-wrap\"><div class=\"ultp-block-image ultp-block-image-opacity\"><a href=\"https:\/\/cozinhadave.com\/de\/groser-kondensmilchpudding\/\"><img decoding=\"async\"  alt=\"Gro\u00dfer Kondensmilchpudding\"  src=\"https:\/\/cozinhadave.com\/wp-content\/uploads\/2020\/04\/Pudim-de-Leite-condensado-2.jpg\" \/><\/a><\/div><div class=\"ultp-block-content\"><div class=\"ultp-category-grid ultp-category-classic ultp-category-aboveTitle\"><div class=\"ultp-category-in\"><a class=\"ultp-cat-doces-sobremesas\" href=\"https:\/\/cozinhadave.com\/de\/kategorie\/rezepte\/susspeisen\/\">DESSERTS<\/a><\/div><\/div><h3 class=\"ultp-block-title\"><a href=\"https:\/\/cozinhadave.com\/de\/groser-kondensmilchpudding\/\">Gro\u00dfer Kondensmilchpudding<\/a><\/h3><div class=\"ultp-block-excerpt\"><p>Esta \u00e9 uma receita de pudim de leite condensado. \u00c9 deliciosa e atualmente tem sido a preferida dentre os pudins porque tem um gostinho de quero mais. Pudim de Leite Condensado Esta \u00e9 uma receita de pudim de leite condensado.&hellip;<\/p>\n<\/div><div class=\"ultp-block-readmore\"><a aria-label=\"Gro\u00dfer Kondensmilchpudding\" href=\"https:\/\/cozinhadave.com\/de\/groser-kondensmilchpudding\/\">Mehr erfahren<svg xmlns=\"http:\/\/www.w3.org\/2000\/svg\" fill=\"none\" viewbox=\"0 0 24 24\">\n  <path stroke=\"currentColor\" stroke-linecap=\"round\" stroke-linejoin=\"round\" stroke-width=\"1.5\" d=\"m12 20.5 8.5-8.5m0 0L12 3.5m8.5 8.5h-17\"\/>\n<\/svg>\n<\/a><\/div><\/div><\/div><\/div><div class=\"ultp-block-item ultp-block-media post-id-10268\"><div class=\"ultp-block-content-wrap\"><div class=\"ultp-block-image ultp-block-image-opacity\"><a href=\"https:\/\/cozinhadave.com\/de\/krautsalat-mit-tomaten\/\"><img decoding=\"async\"  alt=\"Krautsalat mit Tomate\"  src=\"https:\/\/cozinhadave.com\/wp-content\/uploads\/2022\/02\/salada-de-repolho-com-tomate-v3.webp\" \/><\/a><\/div><div class=\"ultp-block-content\"><div class=\"ultp-category-grid ultp-category-classic ultp-category-aboveTitle\"><div class=\"ultp-category-in\"><a class=\"ultp-cat-saladas\" href=\"https:\/\/cozinhadave.com\/de\/kategorie\/rezepte\/salate\/\">SALATE<\/a><\/div><\/div><h3 class=\"ultp-block-title\"><a href=\"https:\/\/cozinhadave.com\/de\/krautsalat-mit-tomaten\/\">Kohlsalat mit Tomate<\/a><\/h3><div class=\"ultp-block-excerpt\"><p>Salada de de repolho com tomate , \u00e9 uma salada muito saud\u00e1vel para quem pretende uma alimenta\u00e7\u00e3o equilibrada, al\u00e9m de ser muito f\u00e1cil e r\u00e1pida de preparar. Este artigo poder\u00e1 conter links afiliados,&nbsp; confira a divulga\u00e7\u00e3o de afiliados e a&hellip;<\/p>\n<\/div><div class=\"ultp-block-readmore\"><a aria-label=\"Kohlsalat mit Tomate\" href=\"https:\/\/cozinhadave.com\/de\/krautsalat-mit-tomaten\/\">Mehr erfahren<svg xmlns=\"http:\/\/www.w3.org\/2000\/svg\" fill=\"none\" viewbox=\"0 0 24 24\">\n  <path stroke=\"currentColor\" stroke-linecap=\"round\" stroke-linejoin=\"round\" stroke-width=\"1.5\" d=\"m12 20.5 8.5-8.5m0 0L12 3.5m8.5 8.5h-17\"\/>\n<\/svg>\n<\/a><\/div><\/div><\/div><\/div><div class=\"ultp-block-item ultp-block-media post-id-11758\"><div class=\"ultp-block-content-wrap\"><div class=\"ultp-block-image ultp-block-image-opacity\"><a href=\"https:\/\/cozinhadave.com\/de\/roter-bohnensalat\/\"><img decoding=\"async\"  alt=\"Rezept f\u00fcr roten Bohnensalat\"  src=\"https:\/\/cozinhadave.com\/wp-content\/uploads\/2022\/05\/Salada-de-feijao-vermelho-800x800-1.webp\" \/><\/a><\/div><div class=\"ultp-block-content\"><div class=\"ultp-category-grid ultp-category-classic ultp-category-aboveTitle\"><div class=\"ultp-category-in\"><a class=\"ultp-cat-saladas\" href=\"https:\/\/cozinhadave.com\/de\/kategorie\/rezepte\/salate\/\">SALATE<\/a><\/div><\/div><h3 class=\"ultp-block-title\"><a href=\"https:\/\/cozinhadave.com\/de\/roter-bohnensalat\/\">roter Bohnensalat<\/a><\/h3><div class=\"ultp-block-excerpt\"><p>O ver\u00e3o \u00e9 para saladas! Esta salada de feij\u00e3o vermelho \u00e9 perfeita para uma refei\u00e7\u00e3o r\u00e1pida e saud\u00e1vel. O feij\u00e3o \u00e9 embalado com fibras e prote\u00ednas, e a salada est\u00e1 cheia de sabores deliciosos. O melhor de tudo \u00e9 que&hellip;<\/p>\n<\/div><div class=\"ultp-block-readmore\"><a aria-label=\"roter Bohnensalat\" href=\"https:\/\/cozinhadave.com\/de\/roter-bohnensalat\/\">Mehr erfahren<svg xmlns=\"http:\/\/www.w3.org\/2000\/svg\" fill=\"none\" viewbox=\"0 0 24 24\">\n  <path stroke=\"currentColor\" stroke-linecap=\"round\" stroke-linejoin=\"round\" stroke-width=\"1.5\" d=\"m12 20.5 8.5-8.5m0 0L12 3.5m8.5 8.5h-17\"\/>\n<\/svg>\n<\/a><\/div><\/div><\/div><\/div><div class=\"ultp-block-item ultp-block-media post-id-14017\"><div class=\"ultp-block-content-wrap\"><div class=\"ultp-block-image ultp-block-image-opacity\"><a href=\"https:\/\/cozinhadave.com\/de\/maismehlsuppe-mit-peperoni\/\"><img decoding=\"async\"  alt=\"Fuba-Suppe mit Peperoni\"  src=\"https:\/\/cozinhadave.com\/wp-content\/uploads\/2022\/10\/sopa-de-fuba-com-calabresa-600x600.jpg\" \/><\/a><\/div><div class=\"ultp-block-content\"><div class=\"ultp-category-grid ultp-category-classic ultp-category-aboveTitle\"><div class=\"ultp-category-in\"><a class=\"ultp-cat-sopas\" href=\"https:\/\/cozinhadave.com\/de\/kategorie\/rezepte\/suppen\/\">SUPPEN<\/a><\/div><\/div><h3 class=\"ultp-block-title\"><a href=\"https:\/\/cozinhadave.com\/de\/maismehlsuppe-mit-peperoni\/\">Maismehlsuppe mit Peperoni<\/a><\/h3><div class=\"ultp-block-excerpt\"><p>Uma sopa de fub\u00e1 com calabresa vai bem a qualquer hora do dia. Seja antes de dormir ou no almo\u00e7o, essa sopa traz in\u00fameros benef\u00edcios para a sa\u00fade e ainda \u00e9 muito nutritiva. Dessa forma, com poucos ingredientes e sem&hellip;<\/p>\n<\/div><div class=\"ultp-block-readmore\"><a aria-label=\"Maismehlsuppe mit Peperoni\" href=\"https:\/\/cozinhadave.com\/de\/maismehlsuppe-mit-peperoni\/\">Mehr erfahren<svg xmlns=\"http:\/\/www.w3.org\/2000\/svg\" fill=\"none\" viewbox=\"0 0 24 24\">\n  <path stroke=\"currentColor\" stroke-linecap=\"round\" stroke-linejoin=\"round\" stroke-width=\"1.5\" d=\"m12 20.5 8.5-8.5m0 0L12 3.5m8.5 8.5h-17\"\/>\n<\/svg>\n<\/a><\/div><\/div><\/div><\/div><\/div><div class=\"ultp-loadmore\"><span class=\"ultp-loadmore-action\" tabindex=\"0\" role=\"button\" data-pages=\"21\" data-pagenum=\"1\"  data-expost=\"\" data-blockid=\"e931a7\" data-blockname=\"ultimate-post_post-list-3\" data-postid=\"21193\" data-selfpostid=\"yes\">Mehr sehen <span class=\"ultp-spin\"><svg xmlns=\"http:\/\/www.w3.org\/2000\/svg\" fill=\"none\" viewbox=\"0 0 24 24\">\n  <path stroke=\"currentColor\" stroke-linecap=\"round\" stroke-linejoin=\"round\" stroke-width=\"1.5\" d=\"M21 12a9 9 0 0 1-17 4.127M3 12a9 9 0 0 1 17-4.127M20 3v5h-5M4 21v-5h5\"\/>\n<\/svg>\n<\/span><\/span><\/div><\/div><div class=\"pagination-block-html\" aria-hidden=\"true\" style=\"display: none;\"><\/div><\/div><\/div>\n\n\n\n<div class=\"wp-block-uagb-container uagb-block-179d179f\"><\/div>\n<\/div><\/div>","protected":false},"excerpt":{"rendered":"<p>RECEITAS DE CULIN\u00c1RIA Confira as nossas receitas de culin\u00e1ria Sem rodeios; apenas comida verdadeira. Procure centenas de receitas f\u00e1ceis, utilizando ingredientes alimentares simples e reais. Ir\u00e3o agradar at\u00e9 aos mais exigentes dos comedores!&nbsp; Inclui op\u00e7\u00f5es de todo o tipos de receitas, sendo o foco na culin\u00e1ria luso-brasileira. Estas receitas s\u00e3o rigorosamente testadas, de modo a&hellip;&nbsp;<\/p>\n<div class=\"read-more-wrapper\"><a href=\"https:\/\/cozinhadave.com\/de\/rezepte\/\" class=\"button button-secondary\" rel=\"bookmark\">Mehr lesen \"<span class=\"screen-reader-text\">ERL\u00d6SE<\/span><\/a><\/div>","protected":false},"author":10,"featured_media":0,"parent":0,"menu_order":0,"comment_status":"closed","ping_status":"closed","template":"","meta":{"_uag_custom_page_level_css":"","wprm-recipe-roundup-name":"","wprm-recipe-roundup-description":"","neve_meta_sidebar":"","neve_meta_container":"","neve_meta_enable_content_width":"","neve_meta_content_width":0,"neve_meta_title_alignment":"","neve_meta_author_avatar":"","neve_post_elements_order":"","neve_meta_disable_header":"","neve_meta_disable_footer":"","neve_meta_disable_title":"","neve_meta_reading_time":"","footnotes":""},"class_list":["post-21193","page","type-page","status-publish","hentry"],"uagb_featured_image_src":{"full":false,"thumbnail":false,"medium":false,"medium_large":false,"large":false,"1536x1536":false,"2048x2048":false,"trp-custom-language-flag":false,"ultp_layout_landscape_large":false,"ultp_layout_landscape":false,"ultp_layout_portrait":false,"ultp_layout_square":false,"wprm-metadata-1_1":false,"wprm-metadata-4_3":false,"wprm-metadata-16_9":false,"neve-blog":false},"uagb_author_info":{"display_name":"Paulo RIbeiro","author_link":"https:\/\/cozinhadave.com\/de\/author\/paulomiguelribeirogmail-com\/"},"uagb_comment_info":0,"uagb_excerpt":"RECEITAS DE CULIN\u00c1RIA Confira as nossas receitas de culin\u00e1ria Sem rodeios; apenas comida verdadeira. Procure centenas de receitas f\u00e1ceis, utilizando ingredientes alimentares simples e reais. Ir\u00e3o agradar at\u00e9 aos mais exigentes dos comedores!&nbsp; Inclui op\u00e7\u00f5es de todo o tipos de receitas, sendo o foco na culin\u00e1ria luso-brasileira. Estas receitas s\u00e3o rigorosamente testadas, de modo a&hellip;&nbsp;Ler&hellip;","_links":{"self":[{"href":"https:\/\/cozinhadave.com\/de\/wp-json\/wp\/v2\/pages\/21193","targetHints":{"allow":["GET"]}}],"collection":[{"href":"https:\/\/cozinhadave.com\/de\/wp-json\/wp\/v2\/pages"}],"about":[{"href":"https:\/\/cozinhadave.com\/de\/wp-json\/wp\/v2\/types\/page"}],"author":[{"embeddable":true,"href":"https:\/\/cozinhadave.com\/de\/wp-json\/wp\/v2\/users\/10"}],"replies":[{"embeddable":true,"href":"https:\/\/cozinhadave.com\/de\/wp-json\/wp\/v2\/comments?post=21193"}],"version-history":[{"count":0,"href":"https:\/\/cozinhadave.com\/de\/wp-json\/wp\/v2\/pages\/21193\/revisions"}],"wp:attachment":[{"href":"https:\/\/cozinhadave.com\/de\/wp-json\/wp\/v2\/media?parent=21193"}],"curies":[{"name":"wp","href":"https:\/\/api.w.org\/{rel}","templated":true}]}}