{"id":21098,"date":"2024-05-05T12:21:00","date_gmt":"2024-05-05T12:21:00","guid":{"rendered":"http:\/\/cozinhadave.com\/?page_id=21098"},"modified":"2024-05-05T12:30:53","modified_gmt":"2024-05-05T12:30:53","slug":"tricks-und-tipps","status":"publish","type":"page","link":"https:\/\/cozinhadave.com\/de\/tricks-und-tipps\/","title":{"rendered":"TIPPS UND TRICKS"},"content":{"rendered":"<div class=\"wp-block-uagb-advanced-heading uagb-block-ca604257\"><h2 class=\"uagb-heading-text\">TIPPS UND TRICKS<\/h2><\/div>\n\n\n\n<div class=\"wp-block-uagb-container uagb-block-26a8be47 alignfull uagb-is-root-container\"><div class=\"uagb-container-inner-blocks-wrap\">\n<div class=\"wp-block-uagb-container uagb-block-71bdc037\"><\/div>\n\n\n\n<div class=\"wp-block-uagb-container uagb-block-46bd2a80\">\n<p>Hier finden Sie eine Vielzahl wertvoller Tipps und Tricks f\u00fcr alle, die sich auf die Reise des kulinarischen Lernens begeben wollen. <\/p>\n\n\n\n<p>Entdecken Sie die wichtigsten Geheimnisse, von effizienten Techniken f\u00fcr das Schneiden von Gem\u00fcse bis hin zu kreativen Vorschl\u00e4gen f\u00fcr das W\u00fcrzen von Gerichten, die Anf\u00e4ngern in der Kochkunst helfen sollen, sich sicher und inspiriert zu f\u00fchlen. <\/p>\n\n\n\n<p>Mit ihren klaren und praktischen Leitlinien ist diese Seite ein unverzichtbares Hilfsmittel f\u00fcr alle, die ihre F\u00e4higkeiten in der K\u00fcche verbessern und neue gastronomische Erfahrungen machen wollen. <\/p>\n\n\n\n<p>Entdecken Sie die Artikel und machen Sie Ihre ersten Schritte auf einer k\u00f6stlichen Reise voller kulinarischer Entdeckungen!<\/p>\n\n\n<div  class=\"wp-block-ultimate-post-advanced-search ultp-block-b0bbec\"><div class=\"ultp-block-wrapper\"><div class=\"ultp-search-container ultp-search-frontend\"  data-ajax=\"1\" data-gosearch=\"1\" data-enablenewtab=\"\" data-blockid=\"b0bbec\" \n                    data-image=\"1\"  data-author= \"data-date=\"\"\" data-excerpt=\"\" data-excerptlimit=\"25\" data-allresult=\"\" data-catenable=\"\"  data-postno=\"3\"  data-noresultext=\"N\u00e3o foram encontrados resultados\"   data-popupposition=\"right\" data-searchposttype=\"\"><div class=\"ultp-searchform-content ultp-searchform-input1\"><div class=\"ultp-search-inputwrap\"> <input type=\"text\" value=\"\" class=\"ultp-searchres-input\"  placeholder=\"Schreiben Sie hier, wonach Sie suchen...\"\/> <span class=\"ultp-search-clear\" data-blockid=\"b0bbec\"><svg xmlns=\"http:\/\/www.w3.org\/2000\/svg\" fill=\"none\" viewbox=\"0 0 24 24\">\n  <path stroke=\"currentColor\" stroke-linecap=\"round\" stroke-width=\"1.5\" d=\"m6 6 6 6m0 0 6 6m-6-6 6-6m-6 6-6 6\"\/>\n<\/svg>\n<\/span> <\/div><div class=\"ultp-search-button\"><svg xmlns=\"http:\/\/www.w3.org\/2000\/svg\" fill=\"none\" viewbox=\"0 0 24 24\">\n  <path stroke=\"currentColor\" stroke-linecap=\"round\" stroke-linejoin=\"round\" stroke-width=\"1.5\" d=\"M11 19a8 8 0 1 0 0-16 8 8 0 0 0 0 16Zm10 2-4.35-4.35\"\/>\n<\/svg>\n<span class=\"ultp-search-button__text\"> Suche <\/span><\/div><\/div><\/div><\/div><\/div><\/div>\n\n\n\n<div class=\"wp-block-uagb-container uagb-block-59e8365b\"><\/div>\n<\/div><\/div>\n\n\n\n<div class=\"wp-block-uagb-container uagb-block-bb890383 alignfull uagb-is-root-container\"><div class=\"uagb-container-inner-blocks-wrap\">\n<div class=\"wp-block-uagb-container uagb-block-07f24e17\"><\/div>\n\n\n\n<div class=\"wp-block-uagb-container uagb-block-894989ec\"><div  class=\"ultp-post-grid-block wp-block-ultimate-post-post-list-3 ultp-block-462144\"><div class=\"ultp-block-wrapper\"><div class=\"ultp-loading\"><div class=\"ultp-loading-blocks\" style=\"width:100%;height:100%;\"><div style=\"left: 0;top: 0;animation-delay:0s;\"><\/div><div style=\"left: 21px;top: 0;animation-delay:0.125s;\"><\/div><div style=\"left: 42px;top: 0;animation-delay:0.25s;\"><\/div><div style=\"left: 0;top: 21px;animation-delay:0.875s;\"><\/div><div style=\"left: 42px;top: 21px;animation-delay:0.375s;\"><\/div><div style=\"left: 0;top: 42px;animation-delay:0.75s;\"><\/div><div style=\"left: 42px;top: 42px;animation-delay:0.625s;\"><\/div><div style=\"left: 21px;top: 42px;animation-delay:0.5s;\"><\/div><\/div><\/div><div class=\"ultp-heading-filter\"><div class=\"ultp-heading-filter-in\"><div class=\"ultp-filter-navigation\"><\/div><\/div><\/div><div class=\"ultp-block-items-wrap ultp-block-row ultp-block-column-1 ultp-block-content-middle ultp-layout1\"><div class=\"ultp-block-item ultp-block-media post-id-11607\"><div class=\"ultp-block-content-wrap\"><div class=\"ultp-block-image ultp-block-image-opacity\"><a href=\"https:\/\/cozinhadave.com\/de\/wie-man-ei-in-der-mikrowelle-kocht\/\"><img decoding=\"async\"  alt=\"wie man eier in der mikrowelle kocht\"  src=\"https:\/\/cozinhadave.com\/wp-content\/uploads\/2022\/04\/como-cozinhar-ovo-no-micro-ondas.jpg\" \/><\/a><\/div><div class=\"ultp-block-content\"><div class=\"ultp-category-grid ultp-category-classic ultp-category-aboveTitle\"><div class=\"ultp-category-in\"><a class=\"ultp-cat-truques-dicas\" href=\"https:\/\/cozinhadave.com\/de\/kategorie\/tricks-tipps\/\">TRICKS &amp; TIPPS<\/a><a class=\"ultp-cat-acompanhamentos\" href=\"https:\/\/cozinhadave.com\/de\/kategorie\/rezepte\/beilagen\/\">BEILAGEN<\/a><\/div><\/div><h3 class=\"ultp-block-title\"><a href=\"https:\/\/cozinhadave.com\/de\/wie-man-ei-in-der-mikrowelle-kocht\/\">Wie man Eier in der Mikrowelle kocht<\/a><\/h3><div class=\"ultp-block-excerpt\"><p>Procura uma forma r\u00e1pida e saud\u00e1vel de cozinhar ovo no micro-ondas? Bem, veio ao s\u00edtio certo! Neste artigo, vamos partilhar com os nossos leitores duas dicas exclusivas sobre como cozinhar ovo no micro-ondas! Como cozinhar ovo no micro-ondas No artigo&hellip;<\/p>\n<\/div><div class=\"ultp-block-readmore\"><a aria-label=\"Wie man Eier in der Mikrowelle kocht\" href=\"https:\/\/cozinhadave.com\/de\/wie-man-ei-in-der-mikrowelle-kocht\/\">Mehr erfahren<svg xmlns=\"http:\/\/www.w3.org\/2000\/svg\" fill=\"none\" viewbox=\"0 0 24 24\">\n  <path stroke=\"currentColor\" stroke-linecap=\"round\" stroke-linejoin=\"round\" stroke-width=\"1.5\" d=\"m12 20.5 8.5-8.5m0 0L12 3.5m8.5 8.5h-17\"\/>\n<\/svg>\n<\/a><\/div><\/div><\/div><\/div><div class=\"ultp-block-item ultp-block-media post-id-15192\"><div class=\"ultp-block-content-wrap\"><div class=\"ultp-block-image ultp-block-image-opacity\"><a href=\"https:\/\/cozinhadave.com\/de\/suskartoffeln-in-der-mikrowelle-zubereiten\/\"><img decoding=\"async\"  alt=\"wie man S\u00fc\u00dfkartoffeln in der Mikrowelle zubereitet\"  src=\"https:\/\/cozinhadave.com\/wp-content\/uploads\/2023\/02\/como-cozinhar-batata-doce-no-micro-ondas-2-600x600.jpg\" \/><\/a><\/div><div class=\"ultp-block-content\"><div class=\"ultp-category-grid ultp-category-classic ultp-category-aboveTitle\"><div class=\"ultp-category-in\"><a class=\"ultp-cat-truques-dicas\" href=\"https:\/\/cozinhadave.com\/de\/kategorie\/tricks-tipps\/\">TRICKS &amp; TIPPS<\/a><a class=\"ultp-cat-acompanhamentos\" href=\"https:\/\/cozinhadave.com\/de\/kategorie\/rezepte\/beilagen\/\">BEILAGEN<\/a><a class=\"ultp-cat-lanches\" href=\"https:\/\/cozinhadave.com\/de\/kategorie\/rezepte\/knabbereien\/\">MITTAGESSEN<\/a><\/div><\/div><h3 class=\"ultp-block-title\"><a href=\"https:\/\/cozinhadave.com\/de\/suskartoffeln-in-der-mikrowelle-zubereiten\/\">Wie man S\u00fc\u00dfkartoffeln in der Mikrowelle in weniger als 5 Minuten zubereitet<\/a><\/h3><div class=\"ultp-block-excerpt\"><p>Batata doce \u00e9 um alimento vers\u00e1til e nutritivo, que pode ser incorporado em muitos pratos diferentes. No entanto, cozinh\u00e1-la pode ser uma tarefa demorada e trabalhosa. Felizmente, existe uma solu\u00e7\u00e3o r\u00e1pida e f\u00e1cil para aqueles dias em que voc\u00ea precisa&hellip;<\/p>\n<\/div><div class=\"ultp-block-readmore\"><a aria-label=\"Wie man S\u00fc\u00dfkartoffeln in der Mikrowelle in weniger als 5 Minuten zubereitet\" href=\"https:\/\/cozinhadave.com\/de\/suskartoffeln-in-der-mikrowelle-zubereiten\/\">Mehr erfahren<svg xmlns=\"http:\/\/www.w3.org\/2000\/svg\" fill=\"none\" viewbox=\"0 0 24 24\">\n  <path stroke=\"currentColor\" stroke-linecap=\"round\" stroke-linejoin=\"round\" stroke-width=\"1.5\" d=\"m12 20.5 8.5-8.5m0 0L12 3.5m8.5 8.5h-17\"\/>\n<\/svg>\n<\/a><\/div><\/div><\/div><\/div><div class=\"ultp-block-item ultp-block-media post-id-13414\"><div class=\"ultp-block-content-wrap\"><div class=\"ultp-block-image ultp-block-image-opacity\"><a href=\"https:\/\/cozinhadave.com\/de\/mikrowellen-suskartoffel-chips-rezept\/\"><img decoding=\"async\"  alt=\"Rezept f\u00fcr S\u00fc\u00dfkartoffelchips aus der Mikrowelle\"  src=\"https:\/\/cozinhadave.com\/wp-content\/uploads\/2022\/08\/Receita-de-chips-de-batata-doce-no-microondas-2-600x600.webp\" \/><\/a><\/div><div class=\"ultp-block-content\"><div class=\"ultp-category-grid ultp-category-classic ultp-category-aboveTitle\"><div class=\"ultp-category-in\"><a class=\"ultp-cat-truques-dicas\" href=\"https:\/\/cozinhadave.com\/de\/kategorie\/tricks-tipps\/\">TRICKS &amp; TIPPS<\/a><a class=\"ultp-cat-lanches\" href=\"https:\/\/cozinhadave.com\/de\/kategorie\/rezepte\/knabbereien\/\">MITTAGESSEN<\/a><\/div><\/div><h3 class=\"ultp-block-title\"><a href=\"https:\/\/cozinhadave.com\/de\/mikrowellen-suskartoffel-chips-rezept\/\">Rezept f\u00fcr S\u00fc\u00dfkartoffelchips aus der Mikrowelle\u00a0<\/a><\/h3><div class=\"ultp-block-excerpt\"><p>Receita de chips de batata doce no microondas&nbsp; Voc\u00ea est\u00e1 procurando uma alternativa saud\u00e1vel para o lanche que voc\u00ea pode fazer no microondas? Batatas doces fazem uma \u00f3tima escolha, e com esta receita f\u00e1cil, voc\u00ea pode comer chips de batata&hellip;<\/p>\n<\/div><div class=\"ultp-block-readmore\"><a aria-label=\"Rezept f\u00fcr S\u00fc\u00dfkartoffelchips aus der Mikrowelle\u00a0\" href=\"https:\/\/cozinhadave.com\/de\/mikrowellen-suskartoffel-chips-rezept\/\">Mehr erfahren<svg xmlns=\"http:\/\/www.w3.org\/2000\/svg\" fill=\"none\" viewbox=\"0 0 24 24\">\n  <path stroke=\"currentColor\" stroke-linecap=\"round\" stroke-linejoin=\"round\" stroke-width=\"1.5\" d=\"m12 20.5 8.5-8.5m0 0L12 3.5m8.5 8.5h-17\"\/>\n<\/svg>\n<\/a><\/div><\/div><\/div><\/div><div class=\"ultp-block-item ultp-block-media post-id-12768\"><div class=\"ultp-block-content-wrap\"><div class=\"ultp-block-image ultp-block-image-opacity\"><a href=\"https:\/\/cozinhadave.com\/de\/ruben-in-der-mikrowelle-kochen\/\"><img decoding=\"async\"  alt=\"So kochen Sie R\u00fcben in der Mikrowelle in nur 10 Minuten!\"  src=\"https:\/\/cozinhadave.com\/wp-content\/uploads\/2022\/08\/Como-cozinhar-beterraba-no-micro-ondas-em-apenas-10-minutos-3.webp\" \/><\/a><\/div><div class=\"ultp-block-content\"><div class=\"ultp-category-grid ultp-category-classic ultp-category-aboveTitle\"><div class=\"ultp-category-in\"><a class=\"ultp-cat-truques-dicas\" href=\"https:\/\/cozinhadave.com\/de\/kategorie\/tricks-tipps\/\">TRICKS &amp; TIPPS<\/a><a class=\"ultp-cat-acompanhamentos\" href=\"https:\/\/cozinhadave.com\/de\/kategorie\/rezepte\/beilagen\/\">BEILAGEN<\/a><\/div><\/div><h3 class=\"ultp-block-title\"><a href=\"https:\/\/cozinhadave.com\/de\/ruben-in-der-mikrowelle-kochen\/\">So kochen Sie R\u00fcben in der Mikrowelle in nur 10 Minuten!<\/a><\/h3><div class=\"ultp-block-excerpt\"><p>Como cozinhar beterraba no micro ondas em apenas 10 minutos! Se voc\u00ea \u00e9 como eu, ent\u00e3o adora beterrabas, mas nem sempre gosta de passar mais de 30 minutos cozinhando numa panela convencional. Assim hoje vou mostrar para voc\u00ea como cozinhar&hellip;<\/p>\n<\/div><div class=\"ultp-block-readmore\"><a aria-label=\"So kochen Sie R\u00fcben in der Mikrowelle in nur 10 Minuten!\" href=\"https:\/\/cozinhadave.com\/de\/ruben-in-der-mikrowelle-kochen\/\">Mehr erfahren<svg xmlns=\"http:\/\/www.w3.org\/2000\/svg\" fill=\"none\" viewbox=\"0 0 24 24\">\n  <path stroke=\"currentColor\" stroke-linecap=\"round\" stroke-linejoin=\"round\" stroke-width=\"1.5\" d=\"m12 20.5 8.5-8.5m0 0L12 3.5m8.5 8.5h-17\"\/>\n<\/svg>\n<\/a><\/div><\/div><\/div><\/div><div class=\"ultp-block-item ultp-block-media post-id-15316\"><div class=\"ultp-block-content-wrap\"><div class=\"ultp-block-image ultp-block-image-opacity\"><a href=\"https:\/\/cozinhadave.com\/de\/tassenpudding-fur-die-mikrowelle\/\"><img decoding=\"async\"  alt=\"Pudding im Mikrowellenbecher\"  src=\"https:\/\/cozinhadave.com\/wp-content\/uploads\/2023\/02\/pudim-na-caneca-de-microondas-600x600.jpg\" \/><\/a><\/div><div class=\"ultp-block-content\"><div class=\"ultp-category-grid ultp-category-classic ultp-category-aboveTitle\"><div class=\"ultp-category-in\"><a class=\"ultp-cat-truques-dicas\" href=\"https:\/\/cozinhadave.com\/de\/kategorie\/tricks-tipps\/\">TRICKS &amp; TIPPS<\/a><a class=\"ultp-cat-doces-sobremesas\" href=\"https:\/\/cozinhadave.com\/de\/kategorie\/rezepte\/susspeisen\/\">DESSERTS<\/a><\/div><\/div><h3 class=\"ultp-block-title\"><a href=\"https:\/\/cozinhadave.com\/de\/tassenpudding-fur-die-mikrowelle\/\">Meistern Sie die Kunst, Mikrowellen-Tassenpudding zuzubereiten, und beeindrucken Sie Ihre Freunde<\/a><\/h3><div class=\"ultp-block-excerpt\"><p>Voc\u00ea j\u00e1 desejou poder fazer uma sobremesa que impressionasse seus amigos e familiares, mas sem todo o trabalho \u00e1rduo de assar ou de lidar com receitas complicadas? N\u00e3o procure mais que este delicioso pudim de caneca de microondas! Tudo o&hellip;<\/p>\n<\/div><div class=\"ultp-block-readmore\"><a aria-label=\"Meistern Sie die Kunst, Mikrowellen-Tassenpudding zuzubereiten, und beeindrucken Sie Ihre Freunde\" href=\"https:\/\/cozinhadave.com\/de\/tassenpudding-fur-die-mikrowelle\/\">Mehr erfahren<svg xmlns=\"http:\/\/www.w3.org\/2000\/svg\" fill=\"none\" viewbox=\"0 0 24 24\">\n  <path stroke=\"currentColor\" stroke-linecap=\"round\" stroke-linejoin=\"round\" stroke-width=\"1.5\" d=\"m12 20.5 8.5-8.5m0 0L12 3.5m8.5 8.5h-17\"\/>\n<\/svg>\n<\/a><\/div><\/div><\/div><\/div><div class=\"ultp-block-item ultp-block-media post-id-13401\"><div class=\"ultp-block-content-wrap\"><div class=\"ultp-block-image ultp-block-image-opacity\"><a href=\"https:\/\/cozinhadave.com\/de\/wie-man-brokkoli-in-der-mikrowelle-zubereitet\/\"><img decoding=\"async\"  alt=\"Wie man Brokkoli in der Mikrowelle kocht\"  src=\"https:\/\/cozinhadave.com\/wp-content\/uploads\/2022\/08\/Como-fazer-brocolis-no-microondas-2-600x600.webp\" \/><\/a><\/div><div class=\"ultp-block-content\"><div class=\"ultp-category-grid ultp-category-classic ultp-category-aboveTitle\"><div class=\"ultp-category-in\"><a class=\"ultp-cat-truques-dicas\" href=\"https:\/\/cozinhadave.com\/de\/kategorie\/tricks-tipps\/\">TRICKS &amp; TIPPS<\/a><a class=\"ultp-cat-acompanhamentos\" href=\"https:\/\/cozinhadave.com\/de\/kategorie\/rezepte\/beilagen\/\">BEILAGEN<\/a><\/div><\/div><h3 class=\"ultp-block-title\"><a href=\"https:\/\/cozinhadave.com\/de\/wie-man-brokkoli-in-der-mikrowelle-zubereitet\/\">Wie man Brokkoli in nur 2 Minuten in der Mikrowelle zubereitet<\/a><\/h3><div class=\"ultp-block-excerpt\"><p>Quem n\u00e3o gosta de br\u00f3colis? Eu acho esse vegetal uma del\u00edcia, e o melhor de tudo \u00e9 que ele \u00e9 super f\u00e1cil e r\u00e1pido de ser preparado no microondas. Se voc\u00ea nunca preparou br\u00f3colis no microondas, confira essa receita simples&hellip;<\/p>\n<\/div><div class=\"ultp-block-readmore\"><a aria-label=\"Wie man Brokkoli in nur 2 Minuten in der Mikrowelle zubereitet\" href=\"https:\/\/cozinhadave.com\/de\/wie-man-brokkoli-in-der-mikrowelle-zubereitet\/\">Mehr erfahren<svg xmlns=\"http:\/\/www.w3.org\/2000\/svg\" fill=\"none\" viewbox=\"0 0 24 24\">\n  <path stroke=\"currentColor\" stroke-linecap=\"round\" stroke-linejoin=\"round\" stroke-width=\"1.5\" d=\"m12 20.5 8.5-8.5m0 0L12 3.5m8.5 8.5h-17\"\/>\n<\/svg>\n<\/a><\/div><\/div><\/div><\/div><div class=\"ultp-block-item ultp-block-media post-id-20839\"><div class=\"ultp-block-content-wrap\"><div class=\"ultp-block-image ultp-block-image-opacity\"><a href=\"https:\/\/cozinhadave.com\/de\/wie-man-couscous-in-der-mikrowelle-zubereitet\/\"><img decoding=\"async\"  alt=\"Wie man Couscous in der Mikrowelle zubereitet\"  src=\"https:\/\/cozinhadave.com\/wp-content\/uploads\/2023\/11\/como-cozinhar-cuscuz-no-microondas-600x585.jpg\" \/><\/a><\/div><div class=\"ultp-block-content\"><div class=\"ultp-category-grid ultp-category-classic ultp-category-aboveTitle\"><div class=\"ultp-category-in\"><a class=\"ultp-cat-truques-dicas\" href=\"https:\/\/cozinhadave.com\/de\/kategorie\/tricks-tipps\/\">TRICKS &amp; TIPPS<\/a><a class=\"ultp-cat-lanches\" href=\"https:\/\/cozinhadave.com\/de\/kategorie\/rezepte\/knabbereien\/\">MITTAGESSEN<\/a><\/div><\/div><h3 class=\"ultp-block-title\"><a href=\"https:\/\/cozinhadave.com\/de\/wie-man-couscous-in-der-mikrowelle-zubereitet\/\">So bereiten Sie Couscous in der Mikrowelle in nur 3 Minuten zu!<\/a><\/h3><div class=\"ultp-block-excerpt\"><p>Ol\u00e1, pessoal! Hoje vou compartilhar com voc\u00eas uma receita pr\u00e1tica e saborosa, como fazer cuscuz no microondas. Al\u00e9m da receita tradicional, vou mostrar como fazer cuscuz de milho, cuscuz de tapioca e cuscuz de arroz usando apenas o microondas. \u00c9&hellip;<\/p>\n<\/div><div class=\"ultp-block-readmore\"><a aria-label=\"So bereiten Sie Couscous in der Mikrowelle in nur 3 Minuten zu!\" href=\"https:\/\/cozinhadave.com\/de\/wie-man-couscous-in-der-mikrowelle-zubereitet\/\">Mehr erfahren<svg xmlns=\"http:\/\/www.w3.org\/2000\/svg\" fill=\"none\" viewbox=\"0 0 24 24\">\n  <path stroke=\"currentColor\" stroke-linecap=\"round\" stroke-linejoin=\"round\" stroke-width=\"1.5\" d=\"m12 20.5 8.5-8.5m0 0L12 3.5m8.5 8.5h-17\"\/>\n<\/svg>\n<\/a><\/div><\/div><\/div><\/div><div class=\"ultp-block-item ultp-block-media post-id-12788\"><div class=\"ultp-block-content-wrap\"><div class=\"ultp-block-image ultp-block-image-opacity\"><a href=\"https:\/\/cozinhadave.com\/de\/in-der-mikrowelle-gekochte-kartoffeln\/\"><img decoding=\"async\"  alt=\"Wie man Kartoffeln in der Mikrowelle kocht\"  src=\"https:\/\/cozinhadave.com\/wp-content\/uploads\/2022\/08\/Como-fazer-batatas-cozidas-no-microondas.webp\" \/><\/a><\/div><div class=\"ultp-block-content\"><div class=\"ultp-category-grid ultp-category-classic ultp-category-aboveTitle\"><div class=\"ultp-category-in\"><a class=\"ultp-cat-truques-dicas\" href=\"https:\/\/cozinhadave.com\/de\/kategorie\/tricks-tipps\/\">TRICKS &amp; TIPPS<\/a><a class=\"ultp-cat-acompanhamentos\" href=\"https:\/\/cozinhadave.com\/de\/kategorie\/rezepte\/beilagen\/\">BEILAGEN<\/a><\/div><\/div><h3 class=\"ultp-block-title\"><a href=\"https:\/\/cozinhadave.com\/de\/in-der-mikrowelle-gekochte-kartoffeln\/\">Wie man Mikrowellenkartoffeln schnell und einfach macht<\/a><\/h3><div class=\"ultp-block-excerpt\"><p>Voc\u00ea adora batatas cozidas, mas n\u00e3o tem tempo para coz\u00ea-las na panela? N\u00e3o se preocupe, pois o Microondas \u00e9 nosso amigo e vai salvar-nos! Neste artigo, vou mostrar a voc\u00ea como fazer batatas cozidas no microondas de forma r\u00e1pida e&hellip;<\/p>\n<\/div><div class=\"ultp-block-readmore\"><a aria-label=\"Wie man Mikrowellenkartoffeln schnell und einfach macht\" href=\"https:\/\/cozinhadave.com\/de\/in-der-mikrowelle-gekochte-kartoffeln\/\">Mehr erfahren<svg xmlns=\"http:\/\/www.w3.org\/2000\/svg\" fill=\"none\" viewbox=\"0 0 24 24\">\n  <path stroke=\"currentColor\" stroke-linecap=\"round\" stroke-linejoin=\"round\" stroke-width=\"1.5\" d=\"m12 20.5 8.5-8.5m0 0L12 3.5m8.5 8.5h-17\"\/>\n<\/svg>\n<\/a><\/div><\/div><\/div><\/div><div class=\"ultp-block-item ultp-block-media post-id-8981\"><div class=\"ultp-block-content-wrap\"><div class=\"ultp-block-image ultp-block-image-opacity\"><a href=\"https:\/\/cozinhadave.com\/de\/10-haufige-fehler-bei-der-zubereitung-eines-rezeptes\/\"><img decoding=\"async\"  alt=\"10 h\u00e4ufige Fehler beim Zubereiten eines Rezepts\"  src=\"https:\/\/cozinhadave.com\/wp-content\/uploads\/2022\/01\/10-Erros-comuns-quando-preparamos-uma-receita-2.webp\" \/><\/a><\/div><div class=\"ultp-block-content\"><div class=\"ultp-category-grid ultp-category-classic ultp-category-aboveTitle\"><div class=\"ultp-category-in\"><a class=\"ultp-cat-truques-dicas\" href=\"https:\/\/cozinhadave.com\/de\/kategorie\/tricks-tipps\/\">TRICKS &amp; TIPPS<\/a><\/div><\/div><h3 class=\"ultp-block-title\"><a href=\"https:\/\/cozinhadave.com\/de\/10-haufige-fehler-bei-der-zubereitung-eines-rezeptes\/\">10 h\u00e4ufige Fehler beim Zubereiten eines Rezepts<\/a><\/h3><div class=\"ultp-block-excerpt\"><p>J\u00e1 preparou uma refei\u00e7\u00e3o para os amigos e n\u00e3o correu como esperava? Se sim, ent\u00e3o confira os 10 erros comuns quando preparamos uma receita. 10 Erros comuns quando preparamos uma receita Quer voc\u00ea esteja apenas aprendendo a cozinhar ou j\u00e1&hellip;<\/p>\n<\/div><div class=\"ultp-block-readmore\"><a aria-label=\"10 h\u00e4ufige Fehler beim Zubereiten eines Rezepts\" href=\"https:\/\/cozinhadave.com\/de\/10-haufige-fehler-bei-der-zubereitung-eines-rezeptes\/\">Mehr erfahren<svg xmlns=\"http:\/\/www.w3.org\/2000\/svg\" fill=\"none\" viewbox=\"0 0 24 24\">\n  <path stroke=\"currentColor\" stroke-linecap=\"round\" stroke-linejoin=\"round\" stroke-width=\"1.5\" d=\"m12 20.5 8.5-8.5m0 0L12 3.5m8.5 8.5h-17\"\/>\n<\/svg>\n<\/a><\/div><\/div><\/div><\/div><div class=\"ultp-block-item ultp-block-media post-id-15291\"><div class=\"ultp-block-content-wrap\"><div class=\"ultp-block-image ultp-block-image-opacity\"><a href=\"https:\/\/cozinhadave.com\/de\/wie-man-mikrowellenpopcorn-macht\/\"><img decoding=\"async\"  alt=\"So machen Sie Mikrowellen-Popcorn in nur 3 Minuten!\"  src=\"https:\/\/cozinhadave.com\/wp-content\/uploads\/2023\/02\/pipoca-no-microondas-3-600x600.jpg\" \/><\/a><\/div><div class=\"ultp-block-content\"><div class=\"ultp-category-grid ultp-category-classic ultp-category-aboveTitle\"><div class=\"ultp-category-in\"><a class=\"ultp-cat-truques-dicas\" href=\"https:\/\/cozinhadave.com\/de\/kategorie\/tricks-tipps\/\">TRICKS &amp; TIPPS<\/a><a class=\"ultp-cat-lanches\" href=\"https:\/\/cozinhadave.com\/de\/kategorie\/rezepte\/knabbereien\/\">MITTAGESSEN<\/a><\/div><\/div><h3 class=\"ultp-block-title\"><a href=\"https:\/\/cozinhadave.com\/de\/wie-man-mikrowellenpopcorn-macht\/\">So machen Sie Mikrowellen-Popcorn in nur 3 Minuten!<\/a><\/h3><div class=\"ultp-block-excerpt\"><p>Bem-vindo ao delicioso mundo da pipoca de microondas! Pipoca \u00e9 um lanche cl\u00e1ssico que pode ser preparado rapidamente e facilmente em casa. E agora, com a ajuda de seu microondas, voc\u00ea pode ter sua pipoca pronta em poucos minutos.&nbsp; Neste&hellip;<\/p>\n<\/div><div class=\"ultp-block-readmore\"><a aria-label=\"So machen Sie Mikrowellen-Popcorn in nur 3 Minuten!\" href=\"https:\/\/cozinhadave.com\/de\/wie-man-mikrowellenpopcorn-macht\/\">Mehr erfahren<svg xmlns=\"http:\/\/www.w3.org\/2000\/svg\" fill=\"none\" viewbox=\"0 0 24 24\">\n  <path stroke=\"currentColor\" stroke-linecap=\"round\" stroke-linejoin=\"round\" stroke-width=\"1.5\" d=\"m12 20.5 8.5-8.5m0 0L12 3.5m8.5 8.5h-17\"\/>\n<\/svg>\n<\/a><\/div><\/div><\/div><\/div><\/div><div class=\"ultp-loadmore\"><span class=\"ultp-loadmore-action\" tabindex=\"0\" role=\"button\" data-pages=\"2\" data-pagenum=\"1\"  data-expost=\"\" data-blockid=\"462144\" data-blockname=\"ultimate-post_post-list-3\" data-postid=\"21098\" data-selfpostid=\"yes\">Mehr sehen <span class=\"ultp-spin\"><svg xmlns=\"http:\/\/www.w3.org\/2000\/svg\" fill=\"none\" viewbox=\"0 0 24 24\">\n  <path stroke=\"currentColor\" stroke-linecap=\"round\" stroke-linejoin=\"round\" stroke-width=\"1.5\" d=\"M21 12a9 9 0 0 1-17 4.127M3 12a9 9 0 0 1 17-4.127M20 3v5h-5M4 21v-5h5\"\/>\n<\/svg>\n<\/span><\/span><\/div><\/div><div class=\"pagination-block-html\" aria-hidden=\"true\" style=\"display: none;\"><\/div><\/div><\/div>\n\n\n\n<div class=\"wp-block-uagb-container uagb-block-179d179f\"><\/div>\n<\/div><\/div>","protected":false},"excerpt":{"rendered":"<p>TRUQUES E DICAS Aqui voc\u00ea vai encontrar uma variedade de truques e dicas valiosas aguardam aqueles que desejam embarcar na jornada de aprendizado culin\u00e1rio. Descubra segredos essenciais, desde t\u00e9cnicas eficientes para cortar legumes at\u00e9 sugest\u00f5es criativas para temperar pratos, tudo projetado para ajudar os iniciantes na arte da culin\u00e1ria a se sentirem confiantes e inspirados.&hellip;&nbsp;<\/p>\n<div class=\"read-more-wrapper\"><a href=\"https:\/\/cozinhadave.com\/de\/tricks-und-tipps\/\" class=\"button button-secondary\" rel=\"bookmark\">Mehr lesen \"<span class=\"screen-reader-text\">TIPPS UND TRICKS<\/span><\/a><\/div>","protected":false},"author":10,"featured_media":0,"parent":0,"menu_order":0,"comment_status":"closed","ping_status":"closed","template":"","meta":{"_uag_custom_page_level_css":"","wprm-recipe-roundup-name":"","wprm-recipe-roundup-description":"","neve_meta_sidebar":"","neve_meta_container":"","neve_meta_enable_content_width":"","neve_meta_content_width":0,"neve_meta_title_alignment":"","neve_meta_author_avatar":"","neve_post_elements_order":"","neve_meta_disable_header":"","neve_meta_disable_footer":"","neve_meta_disable_title":"","neve_meta_reading_time":"","footnotes":""},"class_list":["post-21098","page","type-page","status-publish","hentry"],"uagb_featured_image_src":{"full":false,"thumbnail":false,"medium":false,"medium_large":false,"large":false,"1536x1536":false,"2048x2048":false,"trp-custom-language-flag":false,"ultp_layout_landscape_large":false,"ultp_layout_landscape":false,"ultp_layout_portrait":false,"ultp_layout_square":false,"wprm-metadata-1_1":false,"wprm-metadata-4_3":false,"wprm-metadata-16_9":false,"neve-blog":false},"uagb_author_info":{"display_name":"Paulo RIbeiro","author_link":"https:\/\/cozinhadave.com\/de\/author\/paulomiguelribeirogmail-com\/"},"uagb_comment_info":0,"uagb_excerpt":"TRUQUES E DICAS Aqui voc\u00ea vai encontrar uma variedade de truques e dicas valiosas aguardam aqueles que desejam embarcar na jornada de aprendizado culin\u00e1rio. Descubra segredos essenciais, desde t\u00e9cnicas eficientes para cortar legumes at\u00e9 sugest\u00f5es criativas para temperar pratos, tudo projetado para ajudar os iniciantes na arte da culin\u00e1ria a se sentirem confiantes e inspirados.&hellip;&nbsp;Ler&hellip;","_links":{"self":[{"href":"https:\/\/cozinhadave.com\/de\/wp-json\/wp\/v2\/pages\/21098","targetHints":{"allow":["GET"]}}],"collection":[{"href":"https:\/\/cozinhadave.com\/de\/wp-json\/wp\/v2\/pages"}],"about":[{"href":"https:\/\/cozinhadave.com\/de\/wp-json\/wp\/v2\/types\/page"}],"author":[{"embeddable":true,"href":"https:\/\/cozinhadave.com\/de\/wp-json\/wp\/v2\/users\/10"}],"replies":[{"embeddable":true,"href":"https:\/\/cozinhadave.com\/de\/wp-json\/wp\/v2\/comments?post=21098"}],"version-history":[{"count":0,"href":"https:\/\/cozinhadave.com\/de\/wp-json\/wp\/v2\/pages\/21098\/revisions"}],"wp:attachment":[{"href":"https:\/\/cozinhadave.com\/de\/wp-json\/wp\/v2\/media?parent=21098"}],"curies":[{"name":"wp","href":"https:\/\/api.w.org\/{rel}","templated":true}]}}