{"id":21056,"date":"2024-05-04T19:42:44","date_gmt":"2024-05-04T19:42:44","guid":{"rendered":"http:\/\/cozinhadave.com\/?page_id=21056"},"modified":"2024-05-05T12:28:55","modified_gmt":"2024-05-05T12:28:55","slug":"zutaten","status":"publish","type":"page","link":"https:\/\/cozinhadave.com\/de\/zutaten\/","title":{"rendered":"ZUTATEN"},"content":{"rendered":"<div class=\"wp-block-uagb-advanced-heading uagb-block-ca604257\"><h2 class=\"uagb-heading-text\">ZUTATEN<\/h2><\/div>\n\n\n\n<div class=\"wp-block-uagb-container uagb-block-26a8be47 alignfull uagb-is-root-container\"><div class=\"uagb-container-inner-blocks-wrap\">\n<div class=\"wp-block-uagb-container uagb-block-71bdc037\"><\/div>\n\n\n\n<div class=\"wp-block-uagb-container uagb-block-46bd2a80\">\n<p class=\"has-neve-text-color-color has-text-color has-link-color wp-elements-96b20d9dd996dfb8caa09f5c806e99b4\">F\u00fcr ein leckeres Rezept ist es immer notwendig, die am besten geeigneten Zutaten auszuw\u00e4hlen. Dazu m\u00fcssen Sie feststellen, ob die Zutaten f\u00fcr das Rezept, das Sie zubereiten werden, am besten geeignet sind.&nbsp;<\/p>\n\n\n\n<p class=\"has-neve-text-color-color has-text-color has-link-color wp-elements-4235dfc56ac7d7634b643e3f4a0e2fe2\">An dieser Stelle bieten wir mehrere kostenlose Ratgeber zu den unterschiedlichsten Zutaten an, die wir normalerweise in unseren Rezepten verwenden. Das Beste daran ist jedoch, dass Sie von heute an alle Themen rund um die Zutaten verstehen.<\/p>\n\n\n\n<p class=\"has-neve-text-color-color has-text-color has-link-color wp-elements-3b1cca380c5bf00ef1d1f560de1888d4\">&nbsp;Aus ihrer Geschichte, wie sie hergestellt werden, ihren gesundheitlichen Vorteilen, N\u00e4hrwerten und nat\u00fcrlich wie sie in den bekanntesten Rezepten verwendet werden, sowie vielem mehr\u2026<\/p>\n\n\n<div  class=\"wp-block-ultimate-post-advanced-search ultp-block-477790\"><div class=\"ultp-block-wrapper\"><div class=\"ultp-search-container ultp-search-frontend\"  data-ajax=\"1\" data-gosearch=\"1\" data-enablenewtab=\"\" data-blockid=\"477790\" \n                    data-image=\"1\"  data-author= \"data-date=\"\"\" data-excerpt=\"\" data-excerptlimit=\"25\" data-allresult=\"\" data-catenable=\"\"  data-postno=\"3\"  data-noresultext=\"N\u00e3o foram encontrados resultados\"   data-popupposition=\"right\" data-searchposttype=\"\"><div class=\"ultp-searchform-content ultp-searchform-input1\"><div class=\"ultp-search-inputwrap\"> <input type=\"text\" value=\"\" class=\"ultp-searchres-input\"  placeholder=\"Suche nach Zutaten\"\/> <span class=\"ultp-search-clear\" data-blockid=\"477790\"><svg xmlns=\"http:\/\/www.w3.org\/2000\/svg\" fill=\"none\" viewbox=\"0 0 24 24\">\n  <path stroke=\"currentColor\" stroke-linecap=\"round\" stroke-width=\"1.5\" d=\"m6 6 6 6m0 0 6 6m-6-6 6-6m-6 6-6 6\"\/>\n<\/svg>\n<\/span> <\/div><div class=\"ultp-search-button\"><svg xmlns=\"http:\/\/www.w3.org\/2000\/svg\" fill=\"none\" viewbox=\"0 0 24 24\">\n  <path stroke=\"currentColor\" stroke-linecap=\"round\" stroke-linejoin=\"round\" stroke-width=\"1.5\" d=\"M11 19a8 8 0 1 0 0-16 8 8 0 0 0 0 16Zm10 2-4.35-4.35\"\/>\n<\/svg>\n<span class=\"ultp-search-button__text\"> Suche <\/span><\/div><\/div><\/div><\/div><\/div><\/div>\n\n\n\n<div class=\"wp-block-uagb-container uagb-block-59e8365b\"><\/div>\n<\/div><\/div>\n\n\n\n<div class=\"nv-cv-d nv-cv-m wp-block-uagb-container uagb-block-bb890383 alignfull uagb-is-root-container\"><div class=\"uagb-container-inner-blocks-wrap\">\n<div class=\"wp-block-uagb-container uagb-block-07f24e17\"><\/div>\n\n\n\n<div class=\"wp-block-uagb-container uagb-block-894989ec\"><div  class=\"ultp-post-grid-block wp-block-ultimate-post-post-list-3 ultp-block-3f3328\"><div class=\"ultp-block-wrapper\"><div class=\"ultp-loading\"><div class=\"ultp-loading-blocks\" style=\"width:100%;height:100%;\"><div style=\"left: 0;top: 0;animation-delay:0s;\"><\/div><div style=\"left: 21px;top: 0;animation-delay:0.125s;\"><\/div><div style=\"left: 42px;top: 0;animation-delay:0.25s;\"><\/div><div style=\"left: 0;top: 21px;animation-delay:0.875s;\"><\/div><div style=\"left: 42px;top: 21px;animation-delay:0.375s;\"><\/div><div style=\"left: 0;top: 42px;animation-delay:0.75s;\"><\/div><div style=\"left: 42px;top: 42px;animation-delay:0.625s;\"><\/div><div style=\"left: 21px;top: 42px;animation-delay:0.5s;\"><\/div><\/div><\/div><div class=\"ultp-heading-filter\"><div class=\"ultp-heading-filter-in\"><div class=\"ultp-filter-navigation\"><div class=\"ultp-filter-wrap\" data-taxtype=\"category\" data-blockid=\"3f3328\" data-blockname=\"ultimate-post_post-list-3\" data-postid=\"21056\"data-selfpostid=\"yes\"><ul class=\"ultp-flex-menu\" data-name=\"More\"><li class=\"filter-item\"><a class=\"filter-active\" data-taxonomy=\"\" href=\"#\">ALLE<\/a><\/li><li class=\"filter-item\"><a data-taxonomy=\"condimentos\" href=\"#\">KONDIMENTE<\/a><\/li><li class=\"filter-item\"><a data-taxonomy=\"frutas\" href=\"#\">FR\u00dcCHTE<\/a><\/li><li class=\"filter-item\"><a data-taxonomy=\"legumes\" href=\"#\">GEM\u00dcSE<\/a><\/li><li class=\"filter-item\"><a data-taxonomy=\"verduras\" href=\"#\">GEM\u00dcSE<\/a><\/li><li class=\"filter-item\"><a data-taxonomy=\"queijos\" href=\"#\">CHEESE<\/a><\/li><\/ul><\/div><\/div><\/div><\/div><div class=\"ultp-block-items-wrap ultp-block-row ultp-block-column-1 ultp-block-content-middle ultp-layout1\"><div class=\"ultp-block-item ultp-block-media post-id-17882\"><div class=\"ultp-block-content-wrap\"><div class=\"ultp-block-image ultp-block-image-opacity\"><a href=\"https:\/\/cozinhadave.com\/de\/maxixe\/\"><img decoding=\"async\"  alt=\"maxixe\"  src=\"https:\/\/cozinhadave.com\/wp-content\/uploads\/2023\/08\/maxixe-7-600x585.jpg\" \/><\/a><\/div><div class=\"ultp-block-content\"><div class=\"ultp-category-grid ultp-category-classic ultp-category-aboveTitle\"><div class=\"ultp-category-in\"><a class=\"ultp-cat-ingredientes\" href=\"https:\/\/cozinhadave.com\/de\/kategorie\/zutaten\/\">ZUTATEN<\/a><a class=\"ultp-cat-legumes\" href=\"https:\/\/cozinhadave.com\/de\/kategorie\/zutaten\/gemuse\/\">GEM\u00dcSE<\/a><\/div><\/div><h3 class=\"ultp-block-title\"><a href=\"https:\/\/cozinhadave.com\/de\/maxixe\/\">Maxixe: Erfahren Sie alles \u00fcber dieses k\u00f6stliche Gem\u00fcse.<\/a><\/h3><div class=\"ultp-block-excerpt\"><p>Ol\u00e1, queridos leitores! Hoje vamos falar sobre um ingrediente que muitos conhecem, mas poucos sabem como us\u00e1-lo na culin\u00e1ria: o maxixe.&nbsp; Maxixe: Descubra tudo sobre esta deliciosa verdura. Se voc\u00ea n\u00e3o \u00e9 f\u00e3 de verduras, n\u00e3o se preocupe, pois este&hellip;<\/p>\n<\/div><div class=\"ultp-block-readmore\"><a aria-label=\"Maxixe: Erfahren Sie alles \u00fcber dieses k\u00f6stliche Gem\u00fcse.\" href=\"https:\/\/cozinhadave.com\/de\/maxixe\/\">Mehr erfahren<svg xmlns=\"http:\/\/www.w3.org\/2000\/svg\" fill=\"none\" viewbox=\"0 0 24 24\">\n  <path stroke=\"currentColor\" stroke-linecap=\"round\" stroke-linejoin=\"round\" stroke-width=\"1.5\" d=\"m12 20.5 8.5-8.5m0 0L12 3.5m8.5 8.5h-17\"\/>\n<\/svg>\n<\/a><\/div><\/div><\/div><\/div><div class=\"ultp-block-item ultp-block-media post-id-17811\"><div class=\"ultp-block-content-wrap\"><div class=\"ultp-block-image ultp-block-image-opacity\"><a href=\"https:\/\/cozinhadave.com\/de\/gurke\/\"><img decoding=\"async\"  alt=\"Was ist eine Salatgurke?\"  src=\"https:\/\/cozinhadave.com\/wp-content\/uploads\/2023\/08\/O-que-e-o-pepino-600x576.jpg\" \/><\/a><\/div><div class=\"ultp-block-content\"><div class=\"ultp-category-grid ultp-category-classic ultp-category-aboveTitle\"><div class=\"ultp-category-in\"><a class=\"ultp-cat-ingredientes\" href=\"https:\/\/cozinhadave.com\/de\/kategorie\/zutaten\/\">ZUTATEN<\/a><a class=\"ultp-cat-legumes\" href=\"https:\/\/cozinhadave.com\/de\/kategorie\/zutaten\/gemuse\/\">GEM\u00dcSE<\/a><\/div><\/div><h3 class=\"ultp-block-title\"><a href=\"https:\/\/cozinhadave.com\/de\/gurke\/\">Gurke: Entdecken Sie die Vorteile und Kuriosit\u00e4ten in einer Zeit der Not<\/a><\/h3><div class=\"ultp-block-excerpt\"><p>Ol\u00e1, leitores! Hoje, vamos mergulhar em um tema refrescante e saud\u00e1vel: o pepino! Voc\u00ea sabia que essa hortali\u00e7a pode ser muito mais do que um simples acompanhamento para sua salada? Nos pr\u00f3ximos minutos, vou apresentar os incr\u00edveis benef\u00edcios e curiosidades&hellip;<\/p>\n<\/div><div class=\"ultp-block-readmore\"><a aria-label=\"Gurke: Entdecken Sie die Vorteile und Kuriosit\u00e4ten in einer Zeit der Not\" href=\"https:\/\/cozinhadave.com\/de\/gurke\/\">Mehr erfahren<svg xmlns=\"http:\/\/www.w3.org\/2000\/svg\" fill=\"none\" viewbox=\"0 0 24 24\">\n  <path stroke=\"currentColor\" stroke-linecap=\"round\" stroke-linejoin=\"round\" stroke-width=\"1.5\" d=\"m12 20.5 8.5-8.5m0 0L12 3.5m8.5 8.5h-17\"\/>\n<\/svg>\n<\/a><\/div><\/div><\/div><\/div><div class=\"ultp-block-item ultp-block-media post-id-17265\"><div class=\"ultp-block-content-wrap\"><div class=\"ultp-block-image ultp-block-image-opacity\"><a href=\"https:\/\/cozinhadave.com\/de\/melado\/\"><img decoding=\"async\"  alt=\"Melasse\"  src=\"https:\/\/cozinhadave.com\/wp-content\/uploads\/2023\/09\/melado5-600x585.jpg\" \/><\/a><\/div><div class=\"ultp-block-content\"><div class=\"ultp-category-grid ultp-category-classic ultp-category-aboveTitle\"><div class=\"ultp-category-in\"><a class=\"ultp-cat-ingredientes\" href=\"https:\/\/cozinhadave.com\/de\/kategorie\/zutaten\/\">ZUTATEN<\/a><a class=\"ultp-cat-condimentos\" href=\"https:\/\/cozinhadave.com\/de\/kategorie\/zutaten\/condimentos\/\">KONDIMENTE<\/a><\/div><\/div><h3 class=\"ultp-block-title\"><a href=\"https:\/\/cozinhadave.com\/de\/melado\/\">Melado: Entdecken Sie die Geheimnisse und Vorteile dieser brasilianischen S\u00fc\u00dfigkeit<\/a><\/h3><div class=\"ultp-block-excerpt\"><p>Ol\u00e1, amigos! Hoje vamos falar sobre um doce que \u00e9 a cara do Brasil: o melado! Esse ingrediente \u00e9 t\u00e3o vers\u00e1til e saboroso que n\u00e3o poderia ser esquecido na culin\u00e1ria brasileira. Al\u00e9m disso, ele tamb\u00e9m \u00e9 ben\u00e9fico para a sa\u00fade!&hellip;<\/p>\n<\/div><div class=\"ultp-block-readmore\"><a aria-label=\"Melado: Entdecken Sie die Geheimnisse und Vorteile dieser brasilianischen S\u00fc\u00dfigkeit\" href=\"https:\/\/cozinhadave.com\/de\/melado\/\">Mehr erfahren<svg xmlns=\"http:\/\/www.w3.org\/2000\/svg\" fill=\"none\" viewbox=\"0 0 24 24\">\n  <path stroke=\"currentColor\" stroke-linecap=\"round\" stroke-linejoin=\"round\" stroke-width=\"1.5\" d=\"m12 20.5 8.5-8.5m0 0L12 3.5m8.5 8.5h-17\"\/>\n<\/svg>\n<\/a><\/div><\/div><\/div><\/div><div class=\"ultp-block-item ultp-block-media post-id-10705\"><div class=\"ultp-block-content-wrap\"><div class=\"ultp-block-image ultp-block-image-opacity\"><a href=\"https:\/\/cozinhadave.com\/de\/mozzarella-kase\/\"><img decoding=\"async\"  alt=\"Mozzarella K\u00e4se\"  src=\"https:\/\/cozinhadave.com\/wp-content\/uploads\/2022\/03\/queijo-mozzarella-1.jpg\" \/><\/a><\/div><div class=\"ultp-block-content\"><div class=\"ultp-category-grid ultp-category-classic ultp-category-aboveTitle\"><div class=\"ultp-category-in\"><a class=\"ultp-cat-ingredientes\" href=\"https:\/\/cozinhadave.com\/de\/kategorie\/zutaten\/\">ZUTATEN<\/a><a class=\"ultp-cat-queijos\" href=\"https:\/\/cozinhadave.com\/de\/kategorie\/zutaten\/kase\/\">CHEESE<\/a><\/div><\/div><h3 class=\"ultp-block-title\"><a href=\"https:\/\/cozinhadave.com\/de\/mozzarella-kase\/\">Mozzarella K\u00e4se<\/a><\/h3><div class=\"ultp-block-excerpt\"><p>O queijo mozzarella tem uma longa e rica hist\u00f3ria, datada de mais de 2.000 anos. Derivado da palavra italiana mozzare (para cortar), o mozzarella \u00e9 um queijo simples feito de leite de b\u00fafala que se forma em bolas ou troncos.&hellip;<\/p>\n<\/div><div class=\"ultp-block-readmore\"><a aria-label=\"Mozzarella K\u00e4se\" href=\"https:\/\/cozinhadave.com\/de\/mozzarella-kase\/\">Mehr erfahren<svg xmlns=\"http:\/\/www.w3.org\/2000\/svg\" fill=\"none\" viewbox=\"0 0 24 24\">\n  <path stroke=\"currentColor\" stroke-linecap=\"round\" stroke-linejoin=\"round\" stroke-width=\"1.5\" d=\"m12 20.5 8.5-8.5m0 0L12 3.5m8.5 8.5h-17\"\/>\n<\/svg>\n<\/a><\/div><\/div><\/div><\/div><div class=\"ultp-block-item ultp-block-media post-id-16771\"><div class=\"ultp-block-content-wrap\"><div class=\"ultp-block-image ultp-block-image-opacity\"><a href=\"https:\/\/cozinhadave.com\/de\/cara-roxo\/\"><img decoding=\"async\"  alt=\"Rotkohl\"  src=\"https:\/\/cozinhadave.com\/wp-content\/uploads\/2023\/08\/Cara-roxo-600x576.jpg\" \/><\/a><\/div><div class=\"ultp-block-content\"><div class=\"ultp-category-grid ultp-category-classic ultp-category-aboveTitle\"><div class=\"ultp-category-in\"><a class=\"ultp-cat-ingredientes\" href=\"https:\/\/cozinhadave.com\/de\/kategorie\/zutaten\/\">ZUTATEN<\/a><a class=\"ultp-cat-legumes\" href=\"https:\/\/cozinhadave.com\/de\/kategorie\/zutaten\/gemuse\/\">GEM\u00dcSE<\/a><\/div><\/div><h3 class=\"ultp-block-title\"><a href=\"https:\/\/cozinhadave.com\/de\/cara-roxo\/\">Purple Car\u00e1: Geschmacksrichtungen und \u00dcberraschungen dieser brasilianischen Knolle<\/a><\/h3><div class=\"ultp-block-excerpt\"><p>Car\u00e1 Roxo: Sabores e Surpresas deste Tub\u00e9rculo Brasileiro Ah, o car\u00e1 roxo! S\u00f3 o nome j\u00e1 traz \u00e1gua na boca. Este tesouro brasileiro \u00e9 um tub\u00e9rculo que conquista cada vez mais espa\u00e7o nas cozinhas brasileiras, e n\u00e3o \u00e9 por acaso.&hellip;<\/p>\n<\/div><div class=\"ultp-block-readmore\"><a aria-label=\"Purple Car\u00e1: Geschmacksrichtungen und \u00dcberraschungen dieser brasilianischen Knolle\" href=\"https:\/\/cozinhadave.com\/de\/cara-roxo\/\">Mehr erfahren<svg xmlns=\"http:\/\/www.w3.org\/2000\/svg\" fill=\"none\" viewbox=\"0 0 24 24\">\n  <path stroke=\"currentColor\" stroke-linecap=\"round\" stroke-linejoin=\"round\" stroke-width=\"1.5\" d=\"m12 20.5 8.5-8.5m0 0L12 3.5m8.5 8.5h-17\"\/>\n<\/svg>\n<\/a><\/div><\/div><\/div><\/div><div class=\"ultp-block-item ultp-block-media post-id-17324\"><div class=\"ultp-block-content-wrap\"><div class=\"ultp-block-image ultp-block-image-opacity\"><a href=\"https:\/\/cozinhadave.com\/de\/kimchi\/\"><img decoding=\"async\"  alt=\"Kimchi\"  src=\"https:\/\/cozinhadave.com\/wp-content\/uploads\/2023\/09\/Kimchi-4-600x585.jpg\" \/><\/a><\/div><div class=\"ultp-block-content\"><div class=\"ultp-category-grid ultp-category-classic ultp-category-aboveTitle\"><div class=\"ultp-category-in\"><a class=\"ultp-cat-ingredientes\" href=\"https:\/\/cozinhadave.com\/de\/kategorie\/zutaten\/\">ZUTATEN<\/a><a class=\"ultp-cat-condimentos\" href=\"https:\/\/cozinhadave.com\/de\/kategorie\/zutaten\/condimentos\/\">KONDIMENTE<\/a><\/div><\/div><h3 class=\"ultp-block-title\"><a href=\"https:\/\/cozinhadave.com\/de\/kimchi\/\">Kimchi: Entdecken Sie die Geheimnisse dieser k\u00f6stlichen koreanischen Delikatesse<\/a><\/h3><div class=\"ultp-block-excerpt\"><p>Ol\u00e1, leitor(a)! Hoje eu quero te apresentar um dos pratos mais fascinantes que j\u00e1 provei em minha vida: o Kimchi! Se voc\u00ea j\u00e1 visitou a Coreia do Sul ou tem curiosidade sobre a culin\u00e1ria oriental, com certeza j\u00e1 ouviu falar&hellip;<\/p>\n<\/div><div class=\"ultp-block-readmore\"><a aria-label=\"Kimchi: Entdecken Sie die Geheimnisse dieser k\u00f6stlichen koreanischen Delikatesse\" href=\"https:\/\/cozinhadave.com\/de\/kimchi\/\">Mehr erfahren<svg xmlns=\"http:\/\/www.w3.org\/2000\/svg\" fill=\"none\" viewbox=\"0 0 24 24\">\n  <path stroke=\"currentColor\" stroke-linecap=\"round\" stroke-linejoin=\"round\" stroke-width=\"1.5\" d=\"m12 20.5 8.5-8.5m0 0L12 3.5m8.5 8.5h-17\"\/>\n<\/svg>\n<\/a><\/div><\/div><\/div><\/div><div class=\"ultp-block-item ultp-block-media post-id-17916\"><div class=\"ultp-block-content-wrap\"><div class=\"ultp-block-image ultp-block-image-opacity\"><a href=\"https:\/\/cozinhadave.com\/de\/figo-da-india\/\"><img decoding=\"async\"  alt=\"Indiens Feige\"  src=\"https:\/\/cozinhadave.com\/wp-content\/uploads\/2023\/08\/Figo-da-india-600x585.jpg\" \/><\/a><\/div><div class=\"ultp-block-content\"><div class=\"ultp-category-grid ultp-category-classic ultp-category-aboveTitle\"><div class=\"ultp-category-in\"><a class=\"ultp-cat-ingredientes\" href=\"https:\/\/cozinhadave.com\/de\/kategorie\/zutaten\/\">ZUTATEN<\/a><a class=\"ultp-cat-frutas\" href=\"https:\/\/cozinhadave.com\/de\/kategorie\/zutaten\/frutas\/\">FR\u00dcCHTE<\/a><\/div><\/div><h3 class=\"ultp-block-title\"><a href=\"https:\/\/cozinhadave.com\/de\/figo-da-india\/\">Kaktusfeige: Entdecken Sie die Geheimnisse dieser exotischen K\u00f6stlichkeit<\/a><\/h3><div class=\"ultp-block-excerpt\"><p>Ol\u00e1, pessoal! Se voc\u00eas est\u00e3o procurando algo novo e ex\u00f3tico para adicionar \u00e0 sua dieta, o Figo da \u00cdndia \u00e9 a resposta. Esta fruta deliciosa \u00e9 rica em nutrientes e possui propriedades medicinais que ir\u00e3o surpreend\u00ea-lo. Eu me apaixonei tanto&hellip;<\/p>\n<\/div><div class=\"ultp-block-readmore\"><a aria-label=\"Kaktusfeige: Entdecken Sie die Geheimnisse dieser exotischen K\u00f6stlichkeit\" href=\"https:\/\/cozinhadave.com\/de\/figo-da-india\/\">Mehr erfahren<svg xmlns=\"http:\/\/www.w3.org\/2000\/svg\" fill=\"none\" viewbox=\"0 0 24 24\">\n  <path stroke=\"currentColor\" stroke-linecap=\"round\" stroke-linejoin=\"round\" stroke-width=\"1.5\" d=\"m12 20.5 8.5-8.5m0 0L12 3.5m8.5 8.5h-17\"\/>\n<\/svg>\n<\/a><\/div><\/div><\/div><\/div><div class=\"ultp-block-item ultp-block-media post-id-17594\"><div class=\"ultp-block-content-wrap\"><div class=\"ultp-block-image ultp-block-image-opacity\"><a href=\"https:\/\/cozinhadave.com\/de\/sumpfpflaume\/\"><img decoding=\"async\"  alt=\"Pantanalpflaume\"  src=\"https:\/\/cozinhadave.com\/wp-content\/uploads\/2023\/08\/Ameixa-do-pantanal-600x576.jpg\" \/><\/a><\/div><div class=\"ultp-block-content\"><div class=\"ultp-category-grid ultp-category-classic ultp-category-aboveTitle\"><div class=\"ultp-category-in\"><a class=\"ultp-cat-frutas\" href=\"https:\/\/cozinhadave.com\/de\/kategorie\/zutaten\/frutas\/\">FR\u00dcCHTE<\/a><a class=\"ultp-cat-ingredientes\" href=\"https:\/\/cozinhadave.com\/de\/kategorie\/zutaten\/\">ZUTATEN<\/a><\/div><\/div><h3 class=\"ultp-block-title\"><a href=\"https:\/\/cozinhadave.com\/de\/sumpfpflaume\/\">Pantanalpflaume: Entdecken Sie den Reichtum dieser leckeren Frucht<\/a><\/h3><div class=\"ultp-block-excerpt\"><p>Ol\u00e1, querido leitor! Hoje, vamos falar sobre um fruto delicioso e pouco conhecido: a ameixa do Pantanal. Se voc\u00ea \u00e9 como eu e adora experimentar novos sabores, prepare-se para se surpreender com essa fruta \u00fanica em sabor e propriedades nutricionais.&hellip;<\/p>\n<\/div><div class=\"ultp-block-readmore\"><a aria-label=\"Pantanalpflaume: Entdecken Sie den Reichtum dieser leckeren Frucht\" href=\"https:\/\/cozinhadave.com\/de\/sumpfpflaume\/\">Mehr erfahren<svg xmlns=\"http:\/\/www.w3.org\/2000\/svg\" fill=\"none\" viewbox=\"0 0 24 24\">\n  <path stroke=\"currentColor\" stroke-linecap=\"round\" stroke-linejoin=\"round\" stroke-width=\"1.5\" d=\"m12 20.5 8.5-8.5m0 0L12 3.5m8.5 8.5h-17\"\/>\n<\/svg>\n<\/a><\/div><\/div><\/div><\/div><div class=\"ultp-block-item ultp-block-media post-id-17289\"><div class=\"ultp-block-content-wrap\"><div class=\"ultp-block-image ultp-block-image-opacity\"><a href=\"https:\/\/cozinhadave.com\/de\/gengibre-em-po\/\"><img decoding=\"async\"  alt=\"Ingwer Puder\"  src=\"https:\/\/cozinhadave.com\/wp-content\/uploads\/2023\/09\/Gengibre-em-po-4-600x585.jpg\" \/><\/a><\/div><div class=\"ultp-block-content\"><div class=\"ultp-category-grid ultp-category-classic ultp-category-aboveTitle\"><div class=\"ultp-category-in\"><a class=\"ultp-cat-ingredientes\" href=\"https:\/\/cozinhadave.com\/de\/kategorie\/zutaten\/\">ZUTATEN<\/a><a class=\"ultp-cat-condimentos\" href=\"https:\/\/cozinhadave.com\/de\/kategorie\/zutaten\/condimentos\/\">KONDIMENTE<\/a><\/div><\/div><h3 class=\"ultp-block-title\"><a href=\"https:\/\/cozinhadave.com\/de\/gengibre-em-po\/\">Ingwerpulver: Steigern Sie Ihren Geschmack und Ihre Gesundheit im Alltag!<\/a><\/h3><div class=\"ultp-block-excerpt\"><p>Gengibre em p\u00f3: Eleve seu paladar e sa\u00fade no dia a dia! Ol\u00e1, pessoal! Se voc\u00ea est\u00e1 procurando uma maneira de dar sabor, sa\u00fade e versatilidade \u00e0 sua dieta, o gengibre em p\u00f3 pode ser o ingrediente que est\u00e1 faltando&hellip;<\/p>\n<\/div><div class=\"ultp-block-readmore\"><a aria-label=\"Ingwerpulver: Steigern Sie Ihren Geschmack und Ihre Gesundheit im Alltag!\" href=\"https:\/\/cozinhadave.com\/de\/gengibre-em-po\/\">Mehr erfahren<svg xmlns=\"http:\/\/www.w3.org\/2000\/svg\" fill=\"none\" viewbox=\"0 0 24 24\">\n  <path stroke=\"currentColor\" stroke-linecap=\"round\" stroke-linejoin=\"round\" stroke-width=\"1.5\" d=\"m12 20.5 8.5-8.5m0 0L12 3.5m8.5 8.5h-17\"\/>\n<\/svg>\n<\/a><\/div><\/div><\/div><\/div><div class=\"ultp-block-item ultp-block-media post-id-16799\"><div class=\"ultp-block-content-wrap\"><div class=\"ultp-block-image ultp-block-image-opacity\"><a href=\"https:\/\/cozinhadave.com\/de\/lila-karotte\/\"><img decoding=\"async\"  alt=\"lila Karotte\"  src=\"https:\/\/cozinhadave.com\/wp-content\/uploads\/2023\/08\/cenoura-roxa-7-600x585.jpg\" \/><\/a><\/div><div class=\"ultp-block-content\"><div class=\"ultp-category-grid ultp-category-classic ultp-category-aboveTitle\"><div class=\"ultp-category-in\"><a class=\"ultp-cat-ingredientes\" href=\"https:\/\/cozinhadave.com\/de\/kategorie\/zutaten\/\">ZUTATEN<\/a><a class=\"ultp-cat-legumes\" href=\"https:\/\/cozinhadave.com\/de\/kategorie\/zutaten\/gemuse\/\">GEM\u00dcSE<\/a><\/div><\/div><h3 class=\"ultp-block-title\"><a href=\"https:\/\/cozinhadave.com\/de\/lila-karotte\/\">Entdecken Sie die Magie der violetten Karotte und ihre unglaublichen Vorteile<\/a><\/h3><div class=\"ultp-block-excerpt\"><p>Descubra a M\u00e1gica da Cenoura Roxa e Seus Benef\u00edcios Incr\u00edveis Ol\u00e1, pessoal! Eu sou um jornalista especializado em reda\u00e7\u00e3o publicit\u00e1ria e hoje quero falar sobre um superalimento brasileiro que vem ganhando destaque: a cenoura roxa! Voc\u00ea j\u00e1 ouviu falar? Se&hellip;<\/p>\n<\/div><div class=\"ultp-block-readmore\"><a aria-label=\"Entdecken Sie die Magie der violetten Karotte und ihre unglaublichen Vorteile\" href=\"https:\/\/cozinhadave.com\/de\/lila-karotte\/\">Mehr erfahren<svg xmlns=\"http:\/\/www.w3.org\/2000\/svg\" fill=\"none\" viewbox=\"0 0 24 24\">\n  <path stroke=\"currentColor\" stroke-linecap=\"round\" stroke-linejoin=\"round\" stroke-width=\"1.5\" d=\"m12 20.5 8.5-8.5m0 0L12 3.5m8.5 8.5h-17\"\/>\n<\/svg>\n<\/a><\/div><\/div><\/div><\/div><\/div><div class=\"ultp-loadmore\"><span class=\"ultp-loadmore-action\" tabindex=\"0\" role=\"button\" data-pages=\"10\" data-pagenum=\"1\"  data-expost=\"\" data-blockid=\"3f3328\" data-blockname=\"ultimate-post_post-list-3\" data-postid=\"21056\" data-selfpostid=\"yes\">Mehr sehen <span class=\"ultp-spin\"><svg xmlns=\"http:\/\/www.w3.org\/2000\/svg\" fill=\"none\" viewbox=\"0 0 24 24\">\n  <path stroke=\"currentColor\" stroke-linecap=\"round\" stroke-linejoin=\"round\" stroke-width=\"1.5\" d=\"M21 12a9 9 0 0 1-17 4.127M3 12a9 9 0 0 1 17-4.127M20 3v5h-5M4 21v-5h5\"\/>\n<\/svg>\n<\/span><\/span><\/div><\/div><div class=\"pagination-block-html\" aria-hidden=\"true\" style=\"display: none;\"><\/div><\/div><\/div>\n\n\n\n<div class=\"wp-block-uagb-container uagb-block-179d179f\"><\/div>\n<\/div><\/div>","protected":false},"excerpt":{"rendered":"<p>INGREDIENTES Para uma deliciosa receita, \u00e9 sempre necess\u00e1rio escolher os ingredientes mais adequados. Para que isso aconte\u00e7a voc\u00ea dever\u00e1 identificar se os ingredientes s\u00e3o os mais indicados para a receita que vai preparar.&nbsp; Neste espa\u00e7o oferecemos diversos guias gratuitos sobre os mais variados ingredientes, que normalmente utilizamos nas nossas receitas, mas a parte melhor \u00e9&hellip;&nbsp;<\/p>\n<div class=\"read-more-wrapper\"><a href=\"https:\/\/cozinhadave.com\/de\/zutaten\/\" class=\"button button-secondary\" rel=\"bookmark\">Mehr lesen \"<span class=\"screen-reader-text\">ZUTATEN<\/span><\/a><\/div>","protected":false},"author":10,"featured_media":0,"parent":0,"menu_order":0,"comment_status":"closed","ping_status":"closed","template":"","meta":{"_uag_custom_page_level_css":"","wprm-recipe-roundup-name":"","wprm-recipe-roundup-description":"","neve_meta_sidebar":"","neve_meta_container":"","neve_meta_enable_content_width":"","neve_meta_content_width":0,"neve_meta_title_alignment":"","neve_meta_author_avatar":"","neve_post_elements_order":"","neve_meta_disable_header":"","neve_meta_disable_footer":"","neve_meta_disable_title":"","neve_meta_reading_time":"","footnotes":""},"class_list":["post-21056","page","type-page","status-publish","hentry"],"uagb_featured_image_src":{"full":false,"thumbnail":false,"medium":false,"medium_large":false,"large":false,"1536x1536":false,"2048x2048":false,"trp-custom-language-flag":false,"ultp_layout_landscape_large":false,"ultp_layout_landscape":false,"ultp_layout_portrait":false,"ultp_layout_square":false,"wprm-metadata-1_1":false,"wprm-metadata-4_3":false,"wprm-metadata-16_9":false,"neve-blog":false},"uagb_author_info":{"display_name":"Paulo RIbeiro","author_link":"https:\/\/cozinhadave.com\/de\/author\/paulomiguelribeirogmail-com\/"},"uagb_comment_info":0,"uagb_excerpt":"INGREDIENTES Para uma deliciosa receita, \u00e9 sempre necess\u00e1rio escolher os ingredientes mais adequados. Para que isso aconte\u00e7a voc\u00ea dever\u00e1 identificar se os ingredientes s\u00e3o os mais indicados para a receita que vai preparar.&nbsp; Neste espa\u00e7o oferecemos diversos guias gratuitos sobre os mais variados ingredientes, que normalmente utilizamos nas nossas receitas, mas a parte melhor \u00e9&hellip;&nbsp;Ler&hellip;","_links":{"self":[{"href":"https:\/\/cozinhadave.com\/de\/wp-json\/wp\/v2\/pages\/21056","targetHints":{"allow":["GET"]}}],"collection":[{"href":"https:\/\/cozinhadave.com\/de\/wp-json\/wp\/v2\/pages"}],"about":[{"href":"https:\/\/cozinhadave.com\/de\/wp-json\/wp\/v2\/types\/page"}],"author":[{"embeddable":true,"href":"https:\/\/cozinhadave.com\/de\/wp-json\/wp\/v2\/users\/10"}],"replies":[{"embeddable":true,"href":"https:\/\/cozinhadave.com\/de\/wp-json\/wp\/v2\/comments?post=21056"}],"version-history":[{"count":0,"href":"https:\/\/cozinhadave.com\/de\/wp-json\/wp\/v2\/pages\/21056\/revisions"}],"wp:attachment":[{"href":"https:\/\/cozinhadave.com\/de\/wp-json\/wp\/v2\/media?parent=21056"}],"curies":[{"name":"wp","href":"https:\/\/api.w.org\/{rel}","templated":true}]}}