{"id":141,"date":"2019-08-20T06:03:37","date_gmt":"2019-08-20T06:03:37","guid":{"rendered":"https:\/\/websitedemos.net\/nutritionist-02-wip\/?page_id=141"},"modified":"2024-06-08T18:53:27","modified_gmt":"2024-06-08T18:53:27","slug":"wer-wir-sind","status":"publish","type":"page","link":"https:\/\/cozinhadave.com\/de\/wer-wir-sind\/","title":{"rendered":"Wer wir sind"},"content":{"rendered":"<div class=\"wp-block-uagb-container uagb-block-bdc10053 alignfull uagb-is-root-container\"><div class=\"uagb-container-inner-blocks-wrap\">\n<div class=\"wp-block-uagb-container uagb-block-cfdd1cbf\"><\/div>\n\n\n\n<div class=\"wp-block-uagb-container uagb-block-c9575796\"><div class=\"wp-block-image\">\n<figure class=\"aligncenter size-full is-resized\"><img loading=\"lazy\" decoding=\"async\" width=\"400\" height=\"400\" src=\"http:\/\/cozinhadave.com\/wp-content\/uploads\/2022\/02\/veronica.png\" alt=\"\" class=\"wp-image-10122\" style=\"width:300px\" srcset=\"https:\/\/cozinhadave.com\/wp-content\/uploads\/2022\/02\/veronica.png 400w, https:\/\/cozinhadave.com\/wp-content\/uploads\/2022\/02\/veronica-300x300.png 300w, https:\/\/cozinhadave.com\/wp-content\/uploads\/2022\/02\/veronica-150x150.png 150w\" sizes=\"auto, (max-width: 400px) 100vw, 400px\" \/><\/figure>\n<\/div>\n\n\n<h2 class=\"wp-block-heading\">Hallo, ich bin Veronika<\/h2>\n\n\n\n<p>Hallo, ich bin Ver\u00f4nica Ribeiro, eine Brasilianerin mit einer Leidenschaft f\u00fcr Essen und Kochen. Schon als Kind habe ich gerne gekocht und meine Rezepte mit meiner Familie und meinen Freunden geteilt. <\/p>\n\n\n\n<p>Meine Liebe zum Kochen begann schon in jungen Jahren und hat sich im Laufe der Jahre zu einer Leidenschaft entwickelt, die es mir erm\u00f6glicht, meine Kreativit\u00e4t auszudr\u00fccken und gl\u00fcckliche Momente mit den Menschen zu teilen, die ich liebe.<\/p>\n\n\n\n<p>Im Jahr 2009 zog ich nach Portugal, wo ich meinen Mann Paulo heiratete. Hier entdeckte ich eine neue Kultur und ein reiches kulinarisches Erbe, das mich inspirierte, neue Rezepte und Techniken zu lernen. <\/p>\n\n\n\n<p>Mit der Zeit begann ich, meine Erfahrungen und Rezepte mit Freunden und Familie zu teilen, die mich immer wieder ermutigten, weiterzumachen.<\/p>\n\n\n\n<p>Im Jahr 2020 habe ich beschlossen, die <a href=\"http:\/\/cozinhadave.com\/de\/\" data-type=\"link\" data-id=\"http:\/\/cozinhadave.com\">Cozinhadave.com<\/a> und einen Rezeptkanal auf <a href=\"https:\/\/www.youtube.com\/channel\/UCnUrXVYh2qurSJJBM2rJfyg\" data-type=\"link\" data-id=\"https:\/\/www.youtube.com\/channel\/UCnUrXVYh2qurSJJBM2rJfyg\" target=\"_blank\" rel=\"noopener\">YouTube<\/a>wo ich meine luso-brasilianischen und andere k\u00f6stliche Rezepte mit einem gr\u00f6\u00dferen Publikum teilen kann. <\/p>\n\n\n\n<p>Mein Ziel ist es zu zeigen, dass Kochen ein Weg sein kann, Menschen und Kulturen zusammenzubringen, und dass Essen ein Bindeglied sein kann, das uns verbindet.<\/p>\n\n\n\n<p>Mein Mann Paulo ist in jeder Hinsicht mein Partner. Er ist der Kameramann, der Video-Editor und die Person f\u00fcr Marketing und PR.<\/p>\n\n\n\n<p> Gemeinsam arbeiten wir hart daran, qualitativ hochwertige Inhalte zu erstellen, die vor allem einen gro\u00dfen Nutzen f\u00fcr unser Publikum bieten.<\/p>\n\n\n\n<h2 class=\"wp-block-heading\">Video zur Pr\u00e4sentation des YouTube-Kanals<\/h2>\n\n\n\n<figure class=\"wp-block-embed is-provider-youtube wp-block-embed-youtube\"><div class=\"wp-block-embed__wrapper\">\n<div class=\"nv-iframe-embed\"><iframe loading=\"lazy\" title=\"Willkommen beim Kanal A Cozinha da V\u00ea\" width=\"1200\" height=\"675\" src=\"https:\/\/www.youtube.com\/embed\/eRXSqQtYJd4?feature=oembed\" frameborder=\"0\" allow=\"accelerometer; autoplay; clipboard-write; encrypted-media; gyroscope; picture-in-picture; web-share\" referrerpolicy=\"strict-origin-when-cross-origin\" allowfullscreen><\/iframe><\/div>\n<\/div><\/figure>\n\n\n\n<h2 class=\"wp-block-heading\">Urheberrecht und Verwendung von Inhalten<\/h2>\n\n\n\n<p>Alle Fotos auf dieser Website sind Eigentum von \"A Cozinha da V\u00ea\" und sind urheberrechtlich gesch\u00fctzt. <\/p>\n\n\n\n<p>Wir haben jedoch nichts dagegen, wenn unsere Fotos auf anderen Websites ver\u00f6ffentlicht werden, solange der Autor mit einem Link zu cozinhadave.com genannt wird, <strong>Wir genehmigen nicht die Wiederver\u00f6ffentlichung aller oder eines Teils der Rezepte auf unserer Website.<\/strong><\/p>\n\n\n\n<h2 class=\"wp-block-heading\">\u00dcber die Kommentare<\/h2>\n\n\n\n<p>Kommentare und Rezeptkritiken sind immer willkommen und werden gesch\u00e4tzt. Wir dulden jedoch keine beleidigenden \u00c4u\u00dferungen oder Verletzungen des Urheberrechts.<\/p>\n\n\n\n<h2 class=\"wp-block-heading\">\u00dcber das Team<\/h2>\n\n\n\n<p>Ich bin die Hauptdarstellerin des Projekts, und mein Mann Paulo ist der Kameramann, Cutter und Promoter der Videos. <\/p>\n\n\n\n<p>Gemeinsam arbeiten wir daran, Inhalte zu erstellen, die Spa\u00df machen, praktisch sind und leicht zu verstehen.<\/p>\n\n\n\n<h2 class=\"wp-block-heading\">Zielsetzungen<\/h2>\n\n\n\n<p>Unser Ziel ist es, eine Website und einen Rezeptkanal zu erstellen, die f\u00fcr unsere Besucher n\u00fctzlich und unterhaltsam sind. <\/p>\n\n\n\n<p>Wir hoffen, dass Sie Spa\u00df an unserer Arbeit haben und unsere Rezepte mit Ihren Freunden und Ihrer Familie teilen.<\/p>\n\n\n\n<h2 class=\"wp-block-heading\">Kontakt<\/h2>\n\n\n\n<p>Wenn Sie Fragen oder Anregungen haben, z\u00f6gern Sie bitte nicht, uns zu kontaktieren. <a href=\"http:\/\/cozinhadave.com\/de\/kontakt\/\">Kontaktieren Sie uns<\/a>. <\/p>\n\n\n\n<p>Wir haben immer ein offenes Ohr f\u00fcr Ihre Meinung und m\u00f6chten unsere Inhalte verbessern.<\/p>\n\n\n\n<h2 class=\"wp-block-heading\">Urheberrechte \u00a9<\/h2>\n\n\n\n<p>Alle Rechte vorbehalten. <\/p>\n\n\n\n<p>Kein Teil dieses Blogs darf ohne vorherige schriftliche Genehmigung des Autors in irgendeiner Form oder mit irgendwelchen Mitteln, elektronisch oder mechanisch, vervielf\u00e4ltigt oder verwendet werden, einschlie\u00dflich, aber nicht beschr\u00e4nkt auf Fotokopien, Aufzeichnungen oder Informationsspeicher- und -abrufsysteme.<\/p>\n<\/div>\n\n\n\n<div class=\"wp-block-uagb-container uagb-block-27a4cf1a\"><\/div>\n<\/div><\/div>","protected":false},"excerpt":{"rendered":"<p>Ol\u00e1, eu sou a Ver\u00f4nica Ol\u00e1, eu sou Ver\u00f4nica Ribeiro, uma brasileira apaixonada por comida e culin\u00e1ria. Desde jovem, eu sempre amei cozinhar e compartilhar minhas receitas com a minha fam\u00edlia e amigos. Meu amor pela cozinha come\u00e7ou muito cedo e se desenvolveu ao longo dos anos, tornando-se uma paix\u00e3o que me permite expressar minha&hellip;&nbsp;<\/p>\n<div class=\"read-more-wrapper\"><a href=\"https:\/\/cozinhadave.com\/de\/wer-wir-sind\/\" class=\"button button-secondary\" rel=\"bookmark\">Mehr lesen \"<span class=\"screen-reader-text\">Wer wir sind<\/span><\/a><\/div>","protected":false},"author":1,"featured_media":0,"parent":0,"menu_order":0,"comment_status":"closed","ping_status":"closed","template":"","meta":{"_uag_custom_page_level_css":"","wprm-recipe-roundup-name":"","wprm-recipe-roundup-description":"","neve_meta_sidebar":"","neve_meta_container":"","neve_meta_enable_content_width":"","neve_meta_content_width":0,"neve_meta_title_alignment":"","neve_meta_author_avatar":"","neve_post_elements_order":"","neve_meta_disable_header":"","neve_meta_disable_footer":"","neve_meta_disable_title":"","neve_meta_reading_time":"","footnotes":""},"class_list":["post-141","page","type-page","status-publish","hentry"],"uagb_featured_image_src":{"full":false,"thumbnail":false,"medium":false,"medium_large":false,"large":false,"1536x1536":false,"2048x2048":false,"trp-custom-language-flag":false,"ultp_layout_landscape_large":false,"ultp_layout_landscape":false,"ultp_layout_portrait":false,"ultp_layout_square":false,"wprm-metadata-1_1":false,"wprm-metadata-4_3":false,"wprm-metadata-16_9":false,"neve-blog":false},"uagb_author_info":{"display_name":"cozinhadave","author_link":"https:\/\/cozinhadave.com\/de\/author\/cozinhadave\/"},"uagb_comment_info":0,"uagb_excerpt":"Ol\u00e1, eu sou a Ver\u00f4nica Ol\u00e1, eu sou Ver\u00f4nica Ribeiro, uma brasileira apaixonada por comida e culin\u00e1ria. Desde jovem, eu sempre amei cozinhar e compartilhar minhas receitas com a minha fam\u00edlia e amigos. Meu amor pela cozinha come\u00e7ou muito cedo e se desenvolveu ao longo dos anos, tornando-se uma paix\u00e3o que me permite expressar minha&hellip;&nbsp;Ler&hellip;","_links":{"self":[{"href":"https:\/\/cozinhadave.com\/de\/wp-json\/wp\/v2\/pages\/141","targetHints":{"allow":["GET"]}}],"collection":[{"href":"https:\/\/cozinhadave.com\/de\/wp-json\/wp\/v2\/pages"}],"about":[{"href":"https:\/\/cozinhadave.com\/de\/wp-json\/wp\/v2\/types\/page"}],"author":[{"embeddable":true,"href":"https:\/\/cozinhadave.com\/de\/wp-json\/wp\/v2\/users\/1"}],"replies":[{"embeddable":true,"href":"https:\/\/cozinhadave.com\/de\/wp-json\/wp\/v2\/comments?post=141"}],"version-history":[{"count":0,"href":"https:\/\/cozinhadave.com\/de\/wp-json\/wp\/v2\/pages\/141\/revisions"}],"wp:attachment":[{"href":"https:\/\/cozinhadave.com\/de\/wp-json\/wp\/v2\/media?parent=141"}],"curies":[{"name":"wp","href":"https:\/\/api.w.org\/{rel}","templated":true}]}}