{"id":21193,"date":"2024-07-02T08:28:02","date_gmt":"2024-07-02T08:28:02","guid":{"rendered":"http:\/\/cozinhadave.com\/?page_id=21193"},"modified":"2024-07-02T10:15:45","modified_gmt":"2024-07-02T10:15:45","slug":"opskrifter","status":"publish","type":"page","link":"https:\/\/cozinhadave.com\/da\/opskrifter\/","title":{"rendered":"INDT\u00c6GTER"},"content":{"rendered":"<div class=\"wp-block-uagb-advanced-heading uagb-block-ca604257\"><h2 class=\"uagb-heading-text\">KULINARISKE OPSKRIFTER<\/h2><p class=\"uagb-desc-text\">Se vores madopskrifter<\/p><\/div>\n\n\n\n<div class=\"wp-block-uagb-container uagb-block-26a8be47 alignfull uagb-is-root-container\"><div class=\"uagb-container-inner-blocks-wrap\">\n<div class=\"wp-block-uagb-container uagb-block-71bdc037\"><\/div>\n\n\n\n<div class=\"wp-block-uagb-container uagb-block-46bd2a80\">\n<p>Lige ud; bare rigtig mad. Gennemse hundredvis af nemme opskrifter med simple, rigtige madingredienser. De vil gl\u00e6de selv de kr\u00e6sneste spisende!&nbsp;<\/p>\n\n\n\n<p>Det inkluderer muligheder for alle typer opskrifter med fokus p\u00e5 portugisisk-brasiliansk k\u00f8kken. Disse opskrifter er grundigt testet, s\u00e5 du vil altid ende med ufejlbarlige resultater, med trin-for-trin billeder og videoer, s\u00e5 du har al den support, du har brug for.<\/p>\n\n\n<div  class=\"wp-block-ultimate-post-advanced-search ultp-block-f6cd4a\"><div class=\"ultp-block-wrapper\"><div class=\"ultp-search-container ultp-search-frontend\"  data-ajax=\"1\" data-gosearch=\"1\" data-enablenewtab=\"\" data-blockid=\"f6cd4a\" \n                    data-image=\"1\"  data-author= \"data-date=\"\"\" data-excerpt=\"1\" data-excerptlimit=\"25\" data-allresult=\"1\" data-catenable=\"\"  data-postno=\"3\"  data-noresultext=\"N\u00e3o foram encontrados resultados\"  data-viewmoretext=\"View More Results\"  data-popupposition=\"right\" data-searchposttype=\"\"><div class=\"ultp-searchform-content ultp-searchform-input1\"><div class=\"ultp-search-inputwrap\"> <input type=\"text\" value=\"\" class=\"ultp-searchres-input\"  placeholder=\"S\u00f8g efter opskrifter\"\/> <span class=\"ultp-search-clear\" data-blockid=\"f6cd4a\"><svg xmlns=\"http:\/\/www.w3.org\/2000\/svg\" fill=\"none\" viewbox=\"0 0 24 24\">\n  <path stroke=\"currentColor\" stroke-linecap=\"round\" stroke-width=\"1.5\" d=\"m6 6 6 6m0 0 6 6m-6-6 6-6m-6 6-6 6\"\/>\n<\/svg>\n<\/span> <\/div><div class=\"ultp-search-button\"><svg xmlns=\"http:\/\/www.w3.org\/2000\/svg\" fill=\"none\" viewbox=\"0 0 24 24\">\n  <path stroke=\"currentColor\" stroke-linecap=\"round\" stroke-linejoin=\"round\" stroke-width=\"1.5\" d=\"M11 19a8 8 0 1 0 0-16 8 8 0 0 0 0 16Zm10 2-4.35-4.35\"\/>\n<\/svg>\n<span class=\"ultp-search-button__text\"> S\u00f8g p\u00e5 <\/span><\/div><\/div><\/div><\/div><\/div><\/div>\n\n\n\n<div class=\"wp-block-uagb-container uagb-block-59e8365b\"><\/div>\n<\/div><\/div>\n\n\n\n<div class=\"wp-block-uagb-container uagb-block-bb890383 alignfull uagb-is-root-container\"><div class=\"uagb-container-inner-blocks-wrap\">\n<div class=\"wp-block-uagb-container uagb-block-07f24e17\"><\/div>\n\n\n\n<div class=\"wp-block-uagb-container uagb-block-894989ec\"><div  class=\"ultp-post-grid-block wp-block-ultimate-post-post-list-3 ultp-block-e931a7\"><div class=\"ultp-block-wrapper\"><div class=\"ultp-loading\"><div class=\"ultp-loading-blocks\" style=\"width:100%;height:100%;\"><div style=\"left: 0;top: 0;animation-delay:0s;\"><\/div><div style=\"left: 21px;top: 0;animation-delay:0.125s;\"><\/div><div style=\"left: 42px;top: 0;animation-delay:0.25s;\"><\/div><div style=\"left: 0;top: 21px;animation-delay:0.875s;\"><\/div><div style=\"left: 42px;top: 21px;animation-delay:0.375s;\"><\/div><div style=\"left: 0;top: 42px;animation-delay:0.75s;\"><\/div><div style=\"left: 42px;top: 42px;animation-delay:0.625s;\"><\/div><div style=\"left: 21px;top: 42px;animation-delay:0.5s;\"><\/div><\/div><\/div><div class=\"ultp-heading-filter\"><div class=\"ultp-heading-filter-in\"><div class=\"ultp-filter-navigation\"><div class=\"ultp-filter-wrap\" data-taxtype=\"category\" data-blockid=\"e931a7\" data-blockname=\"ultimate-post_post-list-3\" data-postid=\"21193\"data-selfpostid=\"yes\"><ul  data-name=\"More\"><li class=\"filter-item\"><a class=\"filter-active\" data-taxonomy=\"\" href=\"#\">ALLE<\/a><\/li><li class=\"filter-item\"><a data-taxonomy=\"bebidas\" href=\"#\">DRIKKEVARER<\/a><\/li><li class=\"filter-item\"><a data-taxonomy=\"pratos-principais\" href=\"#\">HOVEDRETTER<\/a><\/li><li class=\"filter-item\"><a data-taxonomy=\"petiscos\" href=\"#\">SALTE SNACKS<\/a><\/li><li class=\"filter-item\"><a data-taxonomy=\"doces-sobremesas\" href=\"#\">DESSERTS<\/a><\/li><li class=\"filter-item\"><a data-taxonomy=\"acompanhamentos\" href=\"#\">SIDE RETTER<\/a><\/li><li class=\"filter-item\"><a data-taxonomy=\"sopas\" href=\"#\">SUPPER<\/a><\/li><li class=\"filter-item\"><a data-taxonomy=\"saladas\" href=\"#\">SALATER<\/a><\/li><li class=\"filter-item\"><a data-taxonomy=\"molhos-cremes\" href=\"#\">SJ\u00c6LER<\/a><\/li><li class=\"filter-item\"><a data-taxonomy=\"massas\" href=\"#\">DEJ<\/a><\/li><li class=\"filter-item\"><a data-taxonomy=\"comidas-saudaveis\" href=\"#\">SUND MAD<\/a><\/li><li class=\"filter-item\"><a data-taxonomy=\"low-carb\" href=\"#\">F\u00c5 KULHYDRATER<\/a><\/li><\/ul><\/div><\/div><\/div><\/div><div class=\"ultp-block-items-wrap ultp-block-row ultp-block-column-1 ultp-block-content-middle ultp-layout1\"><div class=\"ultp-block-item ultp-block-media post-id-3943\"><div class=\"ultp-block-content-wrap\"><div class=\"ultp-block-image ultp-block-image-opacity\"><a href=\"https:\/\/cozinhadave.com\/da\/jordbaer-smoothie\/\"><img decoding=\"async\"  alt=\"Jordb\u00e6r smoothie\"  src=\"https:\/\/cozinhadave.com\/wp-content\/uploads\/2020\/10\/Smoothie-de-morango-para-emagrecer-Blog.jpg\" \/><\/a><\/div><div class=\"ultp-block-content\"><div class=\"ultp-category-grid ultp-category-classic ultp-category-aboveTitle\"><div class=\"ultp-category-in\"><a class=\"ultp-cat-bebidas\" href=\"https:\/\/cozinhadave.com\/da\/kategori\/opskrifter\/drikkevarer\/\">DRIKKEVARER<\/a><a class=\"ultp-cat-comidas-saudaveis\" href=\"https:\/\/cozinhadave.com\/da\/kategori\/opskrifter\/sund-mad\/\">SUND MAD<\/a><\/div><\/div><h3 class=\"ultp-block-title\"><a href=\"https:\/\/cozinhadave.com\/da\/jordbaer-smoothie\/\">L\u00e6kker Strawberry Smoothie til v\u00e6gttab<\/a><\/h3><div class=\"ultp-block-excerpt\"><p>Voc\u00ea est\u00e1 procurando por um delicioso smoothie que ajude em seus objetivos de perda de peso? Se sim, ent\u00e3o este smoothie de morango para emagrecer \u00e9 perfeito para voc\u00ea! Ele est\u00e1 cheio de nutrientes e fibras, o que ajudar\u00e1 a&hellip;<\/p>\n<\/div><div class=\"ultp-block-readmore\"><a aria-label=\"L\u00e6kker Strawberry Smoothie til v\u00e6gttab\" href=\"https:\/\/cozinhadave.com\/da\/jordbaer-smoothie\/\">F\u00e5 mere at vide<svg xmlns=\"http:\/\/www.w3.org\/2000\/svg\" fill=\"none\" viewbox=\"0 0 24 24\">\n  <path stroke=\"currentColor\" stroke-linecap=\"round\" stroke-linejoin=\"round\" stroke-width=\"1.5\" d=\"m12 20.5 8.5-8.5m0 0L12 3.5m8.5 8.5h-17\"\/>\n<\/svg>\n<\/a><\/div><\/div><\/div><\/div><div class=\"ultp-block-item ultp-block-media post-id-14752\"><div class=\"ultp-block-content-wrap\"><div class=\"ultp-block-image ultp-block-image-opacity\"><a href=\"https:\/\/cozinhadave.com\/da\/salat-med-roget-kylling\/\"><img decoding=\"async\"  alt=\"Kyllingesalat r\u00f8get\"  src=\"https:\/\/cozinhadave.com\/wp-content\/uploads\/2023\/01\/056-Salada-de-frango-defumado-600x600.webp\" \/><\/a><\/div><div class=\"ultp-block-content\"><div class=\"ultp-category-grid ultp-category-classic ultp-category-aboveTitle\"><div class=\"ultp-category-in\"><a class=\"ultp-cat-saladas\" href=\"https:\/\/cozinhadave.com\/da\/kategori\/opskrifter\/salater\/\">SALATER<\/a><\/div><\/div><h3 class=\"ultp-block-title\"><a href=\"https:\/\/cozinhadave.com\/da\/salat-med-roget-kylling\/\">Salat med r\u00f8get kylling<\/a><\/h3><div class=\"ultp-block-excerpt\"><p>Quer comer algo leve, saud\u00e1vel e gostoso? Ent\u00e3o voc\u00ea n\u00e3o pode perder essa receita de salada de frango defumado. Afinal de contas, essa carne branca \u00e9 super vers\u00e1til por natureza, e ao ser preparada dessa forma fica incr\u00edvel. Al\u00e9m disso,&hellip;<\/p>\n<\/div><div class=\"ultp-block-readmore\"><a aria-label=\"Salat med r\u00f8get kylling\" href=\"https:\/\/cozinhadave.com\/da\/salat-med-roget-kylling\/\">F\u00e5 mere at vide<svg xmlns=\"http:\/\/www.w3.org\/2000\/svg\" fill=\"none\" viewbox=\"0 0 24 24\">\n  <path stroke=\"currentColor\" stroke-linecap=\"round\" stroke-linejoin=\"round\" stroke-width=\"1.5\" d=\"m12 20.5 8.5-8.5m0 0L12 3.5m8.5 8.5h-17\"\/>\n<\/svg>\n<\/a><\/div><\/div><\/div><\/div><div class=\"ultp-block-item ultp-block-media post-id-13573\"><div class=\"ultp-block-content-wrap\"><div class=\"ultp-block-image ultp-block-image-opacity\"><a href=\"https:\/\/cozinhadave.com\/da\/hvordan-man-laver-oksesuppe-med-nudler\/\"><img decoding=\"async\"  alt=\"S\u00e5dan laver du oksek\u00f8dsnudlesuppe\"  src=\"https:\/\/cozinhadave.com\/wp-content\/uploads\/2022\/09\/Como-fazer-sopa-de-carne-com-macarrao-600x600.webp\" \/><\/a><\/div><div class=\"ultp-block-content\"><div class=\"ultp-category-grid ultp-category-classic ultp-category-aboveTitle\"><div class=\"ultp-category-in\"><a class=\"ultp-cat-sopas\" href=\"https:\/\/cozinhadave.com\/da\/kategori\/opskrifter\/supper\/\">SUPPER<\/a><\/div><\/div><h3 class=\"ultp-block-title\"><a href=\"https:\/\/cozinhadave.com\/da\/hvordan-man-laver-oksesuppe-med-nudler\/\">S\u00e5dan laver du oksek\u00f8dsnudlesuppe<\/a><\/h3><div class=\"ultp-block-excerpt\"><p>Voc\u00ea quer saber como fazer sopa de carne com macarr\u00e3o? Ent\u00e3o veja a seguir um passo a passo completo para essa receita deliciosa. A combina\u00e7\u00e3o desses dois ingredientes, al\u00e9m de ter um gostinho incr\u00edvel, tamb\u00e9m \u00e9 muito nutritiva. Assim sendo,&hellip;<\/p>\n<\/div><div class=\"ultp-block-readmore\"><a aria-label=\"S\u00e5dan laver du oksek\u00f8dsnudlesuppe\" href=\"https:\/\/cozinhadave.com\/da\/hvordan-man-laver-oksesuppe-med-nudler\/\">F\u00e5 mere at vide<svg xmlns=\"http:\/\/www.w3.org\/2000\/svg\" fill=\"none\" viewbox=\"0 0 24 24\">\n  <path stroke=\"currentColor\" stroke-linecap=\"round\" stroke-linejoin=\"round\" stroke-width=\"1.5\" d=\"m12 20.5 8.5-8.5m0 0L12 3.5m8.5 8.5h-17\"\/>\n<\/svg>\n<\/a><\/div><\/div><\/div><\/div><div class=\"ultp-block-item ultp-block-media post-id-2805\"><div class=\"ultp-block-content-wrap\"><div class=\"ultp-block-image ultp-block-image-opacity\"><a href=\"https:\/\/cozinhadave.com\/da\/hvordan-man-laver-almindelige-hvide-ris\/\"><img decoding=\"async\"  alt=\"almindelige hvide ris\"  src=\"https:\/\/cozinhadave.com\/wp-content\/uploads\/2020\/07\/Arroz-simples-branco-_azul.png\" \/><\/a><\/div><div class=\"ultp-block-content\"><div class=\"ultp-category-grid ultp-category-classic ultp-category-aboveTitle\"><div class=\"ultp-category-in\"><a class=\"ultp-cat-acompanhamentos\" href=\"https:\/\/cozinhadave.com\/da\/kategori\/opskrifter\/tilbehor\/\">SIDE RETTER<\/a><\/div><\/div><h3 class=\"ultp-block-title\"><a href=\"https:\/\/cozinhadave.com\/da\/hvordan-man-laver-almindelige-hvide-ris\/\">S\u00e5dan laver du simple hvide ris<\/a><\/h3><div class=\"ultp-block-excerpt\"><p>Quem n\u00e3o gosta de um acompanhamento bem simples, f\u00e1cil e saud\u00e1vel quanto baste? Eu sou a primeira a dizer que sim! Assim hoje vou mostrar para voc\u00ea como fazer arroz branco soltinho que \u00e9 ideal para acompanhar uma diversidade imensa&hellip;<\/p>\n<\/div><div class=\"ultp-block-readmore\"><a aria-label=\"S\u00e5dan laver du simple hvide ris\" href=\"https:\/\/cozinhadave.com\/da\/hvordan-man-laver-almindelige-hvide-ris\/\">F\u00e5 mere at vide<svg xmlns=\"http:\/\/www.w3.org\/2000\/svg\" fill=\"none\" viewbox=\"0 0 24 24\">\n  <path stroke=\"currentColor\" stroke-linecap=\"round\" stroke-linejoin=\"round\" stroke-width=\"1.5\" d=\"m12 20.5 8.5-8.5m0 0L12 3.5m8.5 8.5h-17\"\/>\n<\/svg>\n<\/a><\/div><\/div><\/div><\/div><div class=\"ultp-block-item ultp-block-media post-id-3088\"><div class=\"ultp-block-content-wrap\"><div class=\"ultp-block-image ultp-block-image-opacity\"><a href=\"https:\/\/cozinhadave.com\/da\/kylling-frikasse-opskrift\/\"><img decoding=\"async\"  alt=\"kylling frikass\u00e9 opskrift\"  src=\"https:\/\/cozinhadave.com\/wp-content\/uploads\/2020\/08\/Fricass\u00ea-de-frango-blog.png\" \/><\/a><\/div><div class=\"ultp-block-content\"><div class=\"ultp-category-grid ultp-category-classic ultp-category-aboveTitle\"><div class=\"ultp-category-in\"><a class=\"ultp-cat-pratos-principais\" href=\"https:\/\/cozinhadave.com\/da\/kategori\/opskrifter\/fisk\/\">HOVEDRETTER<\/a><\/div><\/div><h3 class=\"ultp-block-title\"><a href=\"https:\/\/cozinhadave.com\/da\/kylling-frikasse-opskrift\/\">Kylling Fricassee opskrift<\/a><\/h3><div class=\"ultp-block-excerpt\"><p>Receita de Fricass\u00ea de Frango Hoje vou preparar para voc\u00eas um prato muito especial, pois \u00e9 das comidas mais cremosas e saborosas ao mesmo tempo que tive o prazer de comer at\u00e9 hoje. Por isso mesmo decidi fazer esta maravilhosa&hellip;<\/p>\n<\/div><div class=\"ultp-block-readmore\"><a aria-label=\"Kylling Fricassee opskrift\" href=\"https:\/\/cozinhadave.com\/da\/kylling-frikasse-opskrift\/\">F\u00e5 mere at vide<svg xmlns=\"http:\/\/www.w3.org\/2000\/svg\" fill=\"none\" viewbox=\"0 0 24 24\">\n  <path stroke=\"currentColor\" stroke-linecap=\"round\" stroke-linejoin=\"round\" stroke-width=\"1.5\" d=\"m12 20.5 8.5-8.5m0 0L12 3.5m8.5 8.5h-17\"\/>\n<\/svg>\n<\/a><\/div><\/div><\/div><\/div><div class=\"ultp-block-item ultp-block-media post-id-12788\"><div class=\"ultp-block-content-wrap\"><div class=\"ultp-block-image ultp-block-image-opacity\"><a href=\"https:\/\/cozinhadave.com\/da\/mikroovnkogte-kartofler\/\"><img decoding=\"async\"  alt=\"S\u00e5dan tilberedes kartofler i mikrob\u00f8lgeovnen\"  src=\"https:\/\/cozinhadave.com\/wp-content\/uploads\/2022\/08\/Como-fazer-batatas-cozidas-no-microondas.webp\" \/><\/a><\/div><div class=\"ultp-block-content\"><div class=\"ultp-category-grid ultp-category-classic ultp-category-aboveTitle\"><div class=\"ultp-category-in\"><a class=\"ultp-cat-truques-dicas\" href=\"https:\/\/cozinhadave.com\/da\/kategori\/tricks-tip\/\">TRICKS &amp; TIPS<\/a><a class=\"ultp-cat-acompanhamentos\" href=\"https:\/\/cozinhadave.com\/da\/kategori\/opskrifter\/tilbehor\/\">SIDE RETTER<\/a><\/div><\/div><h3 class=\"ultp-block-title\"><a href=\"https:\/\/cozinhadave.com\/da\/mikroovnkogte-kartofler\/\">S\u00e5dan laver du mikroovnskartofler hurtigt og nemt<\/a><\/h3><div class=\"ultp-block-excerpt\"><p>Voc\u00ea adora batatas cozidas, mas n\u00e3o tem tempo para coz\u00ea-las na panela? N\u00e3o se preocupe, pois o Microondas \u00e9 nosso amigo e vai salvar-nos! Neste artigo, vou mostrar a voc\u00ea como fazer batatas cozidas no microondas de forma r\u00e1pida e&hellip;<\/p>\n<\/div><div class=\"ultp-block-readmore\"><a aria-label=\"S\u00e5dan laver du mikroovnskartofler hurtigt og nemt\" href=\"https:\/\/cozinhadave.com\/da\/mikroovnkogte-kartofler\/\">F\u00e5 mere at vide<svg xmlns=\"http:\/\/www.w3.org\/2000\/svg\" fill=\"none\" viewbox=\"0 0 24 24\">\n  <path stroke=\"currentColor\" stroke-linecap=\"round\" stroke-linejoin=\"round\" stroke-width=\"1.5\" d=\"m12 20.5 8.5-8.5m0 0L12 3.5m8.5 8.5h-17\"\/>\n<\/svg>\n<\/a><\/div><\/div><\/div><\/div><div class=\"ultp-block-item ultp-block-media post-id-3078\"><div class=\"ultp-block-content-wrap\"><div class=\"ultp-block-image ultp-block-image-opacity\"><a href=\"https:\/\/cozinhadave.com\/da\/curd-cremet-hjemmelavet\/\"><img decoding=\"async\"  alt=\"Curd cremet hjemmelavet\"  src=\"https:\/\/cozinhadave.com\/wp-content\/uploads\/2020\/08\/requeij\u00e3o-cremoso-blog.jpg\" \/><\/a><\/div><div class=\"ultp-block-content\"><div class=\"ultp-category-grid ultp-category-classic ultp-category-aboveTitle\"><div class=\"ultp-category-in\"><a class=\"ultp-cat-molhos-cremes\" href=\"https:\/\/cozinhadave.com\/da\/kategori\/opskrifter\/flodesaucer\/\">SJ\u00c6LER<\/a><\/div><\/div><h3 class=\"ultp-block-title\"><a href=\"https:\/\/cozinhadave.com\/da\/curd-cremet-hjemmelavet\/\">Curd cremet hjemmelavet<\/a><\/h3><div class=\"ultp-block-excerpt\"><p>Requeij\u00e3o Cremoso Caseiro Voc\u00ea j\u00e1 experimentou fazer um requeij\u00e3o cremoso caseiro? Ou prefere utilizar aqueles que encontramos no supermercado? Eu sou sincera com voc\u00eas, eu prefiro sempre produtos confeccionados em casa, porque eu sei como s\u00e3o feitos. Tudo o que&hellip;<\/p>\n<\/div><div class=\"ultp-block-readmore\"><a aria-label=\"Curd cremet hjemmelavet\" href=\"https:\/\/cozinhadave.com\/da\/curd-cremet-hjemmelavet\/\">F\u00e5 mere at vide<svg xmlns=\"http:\/\/www.w3.org\/2000\/svg\" fill=\"none\" viewbox=\"0 0 24 24\">\n  <path stroke=\"currentColor\" stroke-linecap=\"round\" stroke-linejoin=\"round\" stroke-width=\"1.5\" d=\"m12 20.5 8.5-8.5m0 0L12 3.5m8.5 8.5h-17\"\/>\n<\/svg>\n<\/a><\/div><\/div><\/div><\/div><div class=\"ultp-block-item ultp-block-media post-id-11716\"><div class=\"ultp-block-content-wrap\"><div class=\"ultp-block-image ultp-block-image-opacity\"><a href=\"https:\/\/cozinhadave.com\/da\/gulerod-salat-salat\/\"><img decoding=\"async\"  alt=\"Opskrift p\u00e5 gulerodssalat\"  src=\"https:\/\/cozinhadave.com\/wp-content\/uploads\/2022\/05\/Salada-de-alface-com-cenoura-Blog.webp\" \/><\/a><\/div><div class=\"ultp-block-content\"><div class=\"ultp-category-grid ultp-category-classic ultp-category-aboveTitle\"><div class=\"ultp-category-in\"><a class=\"ultp-cat-saladas\" href=\"https:\/\/cozinhadave.com\/da\/kategori\/opskrifter\/salater\/\">SALATER<\/a><\/div><\/div><h3 class=\"ultp-block-title\"><a href=\"https:\/\/cozinhadave.com\/da\/gulerod-salat-salat\/\">Salat salat med guler\u00f8dder<\/a><\/h3><div class=\"ultp-block-excerpt\"><p>Voc\u00ea adora uma salada boa e saud\u00e1vel? Eu sei que sim, e esta salada de alface com cenoura \u00e9 uma das minhas favoritas. \u00c9 r\u00e1pida e f\u00e1cil de fazer, e \u00e9 perfeita para um almo\u00e7o ou jantar leve. Al\u00e9m disso,&hellip;<\/p>\n<\/div><div class=\"ultp-block-readmore\"><a aria-label=\"Salat salat med guler\u00f8dder\" href=\"https:\/\/cozinhadave.com\/da\/gulerod-salat-salat\/\">F\u00e5 mere at vide<svg xmlns=\"http:\/\/www.w3.org\/2000\/svg\" fill=\"none\" viewbox=\"0 0 24 24\">\n  <path stroke=\"currentColor\" stroke-linecap=\"round\" stroke-linejoin=\"round\" stroke-width=\"1.5\" d=\"m12 20.5 8.5-8.5m0 0L12 3.5m8.5 8.5h-17\"\/>\n<\/svg>\n<\/a><\/div><\/div><\/div><\/div><div class=\"ultp-block-item ultp-block-media post-id-4310\"><div class=\"ultp-block-content-wrap\"><div class=\"ultp-block-image ultp-block-image-opacity\"><a href=\"https:\/\/cozinhadave.com\/da\/fitness-cookies\/\"><img decoding=\"async\"  alt=\"Ingef\u00e6r og kanel Fitness Cookies\"  src=\"https:\/\/cozinhadave.com\/wp-content\/uploads\/2020\/11\/Cookies-de-gengibre-e-canela-blog.jpg\" \/><\/a><\/div><div class=\"ultp-block-content\"><div class=\"ultp-category-grid ultp-category-classic ultp-category-aboveTitle\"><div class=\"ultp-category-in\"><a class=\"ultp-cat-comidas-saudaveis\" href=\"https:\/\/cozinhadave.com\/da\/kategori\/opskrifter\/sund-mad\/\">SUND MAD<\/a><\/div><\/div><h3 class=\"ultp-block-title\"><a href=\"https:\/\/cozinhadave.com\/da\/fitness-cookies\/\">Ingef\u00e6r og kanel Fitness Cookies<\/a><\/h3><div class=\"ultp-block-excerpt\"><p>Este artigo poder\u00e1 conter links afiliados,&nbsp; confira a divulga\u00e7\u00e3o de afiliados e a pol\u00edtica de privacidade. Se voc\u00ea experimentar esta receita, deixe um coment\u00e1rio abaixo, deixando-me saber como voc\u00ea gosta!&nbsp; E se voc\u00ea fizer alguma modifica\u00e7\u00e3o, eu adoraria ouvir sobre&hellip;<\/p>\n<\/div><div class=\"ultp-block-readmore\"><a aria-label=\"Ingef\u00e6r og kanel Fitness Cookies\" href=\"https:\/\/cozinhadave.com\/da\/fitness-cookies\/\">F\u00e5 mere at vide<svg xmlns=\"http:\/\/www.w3.org\/2000\/svg\" fill=\"none\" viewbox=\"0 0 24 24\">\n  <path stroke=\"currentColor\" stroke-linecap=\"round\" stroke-linejoin=\"round\" stroke-width=\"1.5\" d=\"m12 20.5 8.5-8.5m0 0L12 3.5m8.5 8.5h-17\"\/>\n<\/svg>\n<\/a><\/div><\/div><\/div><\/div><div class=\"ultp-block-item ultp-block-media post-id-12703\"><div class=\"ultp-block-content-wrap\"><div class=\"ultp-block-image ultp-block-image-opacity\"><a href=\"https:\/\/cozinhadave.com\/da\/simpel-og-ov-opskrift-maelkekage\/\"><img decoding=\"async\"  alt=\"Enkel og praktisk m\u00e6lkekageopskrift\"  src=\"https:\/\/cozinhadave.com\/wp-content\/uploads\/2022\/08\/bolo-de-leite-receita-simples-3-600x600.jpg\" \/><\/a><\/div><div class=\"ultp-block-content\"><div class=\"ultp-category-grid ultp-category-classic ultp-category-aboveTitle\"><div class=\"ultp-category-in\"><a class=\"ultp-cat-doces-sobremesas\" href=\"https:\/\/cozinhadave.com\/da\/kategori\/opskrifter\/sode-desserter\/\">DESSERTS<\/a><\/div><\/div><h3 class=\"ultp-block-title\"><a href=\"https:\/\/cozinhadave.com\/da\/simpel-og-ov-opskrift-maelkekage\/\">Enkel og praktisk m\u00e6lkekageopskrift<\/a><\/h3><div class=\"ultp-block-excerpt\"><p>N\u00e3o h\u00e1 nada como um delicioso bolo de leite para terminar uma refei\u00e7\u00e3o. Esta receita simples e pr\u00e1tica \u00e9 perfeita para quem procura criar uma sobremesa saborosa com o m\u00ednimo de esfor\u00e7o. A chave para o sucesso do bolo de&hellip;<\/p>\n<\/div><div class=\"ultp-block-readmore\"><a aria-label=\"Enkel og praktisk m\u00e6lkekageopskrift\" href=\"https:\/\/cozinhadave.com\/da\/simpel-og-ov-opskrift-maelkekage\/\">F\u00e5 mere at vide<svg xmlns=\"http:\/\/www.w3.org\/2000\/svg\" fill=\"none\" viewbox=\"0 0 24 24\">\n  <path stroke=\"currentColor\" stroke-linecap=\"round\" stroke-linejoin=\"round\" stroke-width=\"1.5\" d=\"m12 20.5 8.5-8.5m0 0L12 3.5m8.5 8.5h-17\"\/>\n<\/svg>\n<\/a><\/div><\/div><\/div><\/div><\/div><div class=\"ultp-loadmore\"><span class=\"ultp-loadmore-action\" tabindex=\"0\" role=\"button\" data-pages=\"21\" data-pagenum=\"1\"  data-expost=\"\" data-blockid=\"e931a7\" data-blockname=\"ultimate-post_post-list-3\" data-postid=\"21193\" data-selfpostid=\"yes\">Se mere <span class=\"ultp-spin\"><svg xmlns=\"http:\/\/www.w3.org\/2000\/svg\" fill=\"none\" viewbox=\"0 0 24 24\">\n  <path stroke=\"currentColor\" stroke-linecap=\"round\" stroke-linejoin=\"round\" stroke-width=\"1.5\" d=\"M21 12a9 9 0 0 1-17 4.127M3 12a9 9 0 0 1 17-4.127M20 3v5h-5M4 21v-5h5\"\/>\n<\/svg>\n<\/span><\/span><\/div><\/div><div class=\"pagination-block-html\" aria-hidden=\"true\" style=\"display: none;\"><\/div><\/div><\/div>\n\n\n\n<div class=\"wp-block-uagb-container uagb-block-179d179f\"><\/div>\n<\/div><\/div>","protected":false},"excerpt":{"rendered":"<p>RECEITAS DE CULIN\u00c1RIA Confira as nossas receitas de culin\u00e1ria Sem rodeios; apenas comida verdadeira. Procure centenas de receitas f\u00e1ceis, utilizando ingredientes alimentares simples e reais. Ir\u00e3o agradar at\u00e9 aos mais exigentes dos comedores!&nbsp; Inclui op\u00e7\u00f5es de todo o tipos de receitas, sendo o foco na culin\u00e1ria luso-brasileira. Estas receitas s\u00e3o rigorosamente testadas, de modo a&hellip;&nbsp;<\/p>\n<div class=\"read-more-wrapper\"><a href=\"https:\/\/cozinhadave.com\/da\/opskrifter\/\" class=\"button button-secondary\" rel=\"bookmark\">L\u00e6s mere &quot;<span class=\"screen-reader-text\">INDT\u00c6GTER<\/span><\/a><\/div>","protected":false},"author":10,"featured_media":0,"parent":0,"menu_order":0,"comment_status":"closed","ping_status":"closed","template":"","meta":{"_uag_custom_page_level_css":"","wprm-recipe-roundup-name":"","wprm-recipe-roundup-description":"","neve_meta_sidebar":"","neve_meta_container":"","neve_meta_enable_content_width":"","neve_meta_content_width":0,"neve_meta_title_alignment":"","neve_meta_author_avatar":"","neve_post_elements_order":"","neve_meta_disable_header":"","neve_meta_disable_footer":"","neve_meta_disable_title":"","neve_meta_reading_time":"","footnotes":""},"class_list":["post-21193","page","type-page","status-publish","hentry"],"uagb_featured_image_src":{"full":false,"thumbnail":false,"medium":false,"medium_large":false,"large":false,"1536x1536":false,"2048x2048":false,"trp-custom-language-flag":false,"ultp_layout_landscape_large":false,"ultp_layout_landscape":false,"ultp_layout_portrait":false,"ultp_layout_square":false,"wprm-metadata-1_1":false,"wprm-metadata-4_3":false,"wprm-metadata-16_9":false,"neve-blog":false},"uagb_author_info":{"display_name":"Paulo RIbeiro","author_link":"https:\/\/cozinhadave.com\/da\/author\/paulomiguelribeirogmail-com\/"},"uagb_comment_info":0,"uagb_excerpt":"RECEITAS DE CULIN\u00c1RIA Confira as nossas receitas de culin\u00e1ria Sem rodeios; apenas comida verdadeira. Procure centenas de receitas f\u00e1ceis, utilizando ingredientes alimentares simples e reais. Ir\u00e3o agradar at\u00e9 aos mais exigentes dos comedores!&nbsp; Inclui op\u00e7\u00f5es de todo o tipos de receitas, sendo o foco na culin\u00e1ria luso-brasileira. Estas receitas s\u00e3o rigorosamente testadas, de modo a&hellip;&nbsp;Ler&hellip;","_links":{"self":[{"href":"https:\/\/cozinhadave.com\/da\/wp-json\/wp\/v2\/pages\/21193","targetHints":{"allow":["GET"]}}],"collection":[{"href":"https:\/\/cozinhadave.com\/da\/wp-json\/wp\/v2\/pages"}],"about":[{"href":"https:\/\/cozinhadave.com\/da\/wp-json\/wp\/v2\/types\/page"}],"author":[{"embeddable":true,"href":"https:\/\/cozinhadave.com\/da\/wp-json\/wp\/v2\/users\/10"}],"replies":[{"embeddable":true,"href":"https:\/\/cozinhadave.com\/da\/wp-json\/wp\/v2\/comments?post=21193"}],"version-history":[{"count":0,"href":"https:\/\/cozinhadave.com\/da\/wp-json\/wp\/v2\/pages\/21193\/revisions"}],"wp:attachment":[{"href":"https:\/\/cozinhadave.com\/da\/wp-json\/wp\/v2\/media?parent=21193"}],"curies":[{"name":"wp","href":"https:\/\/api.w.org\/{rel}","templated":true}]}}