{"id":21097,"date":"2024-05-05T12:10:30","date_gmt":"2024-05-05T12:10:30","guid":{"rendered":"http:\/\/cozinhadave.com\/?page_id=21097"},"modified":"2024-05-05T12:32:23","modified_gmt":"2024-05-05T12:32:23","slug":"kuriositeter","status":"publish","type":"page","link":"https:\/\/cozinhadave.com\/da\/kuriositeter\/","title":{"rendered":"KURIOSITETER"},"content":{"rendered":"<div class=\"wp-block-uagb-advanced-heading uagb-block-ca604257\"><h2 class=\"uagb-heading-text\">KURIOSITETER<\/h2><\/div>\n\n\n\n<div class=\"wp-block-uagb-container uagb-block-26a8be47 alignfull uagb-is-root-container\"><div class=\"uagb-container-inner-blocks-wrap\">\n<div class=\"wp-block-uagb-container uagb-block-71bdc037\"><\/div>\n\n\n\n<div class=\"wp-block-uagb-container uagb-block-46bd2a80\">\n<p>Her finder du en fascinerende samling af sp\u00e6ndende og overraskende kuriositeter med relation til gastronomiens verden. <\/p>\n\n\n\n<p>Fra historiske fakta om ikoniske retter til mindre kendte hemmeligheder om almindelige ingredienser - hver artikel er en sp\u00e6ndende rejse gennem det kulinariske univers. <\/p>\n\n\n\n<p>G\u00f8r dig klar til at blive fortryllet og inspireret af de kuriositeter, der afsl\u00f8rer backstage og de s\u00e6regenheder, der ligger bag de smage, vi elsker. <\/p>\n\n\n\n<p>G\u00e5 p\u00e5 opdagelse i vores udvalg af artikler, og fordyb dig i en verden af kulinariske opdagelser, der vil pirre din nysgerrighed og udvide din horisont i k\u00f8kkenet.<\/p>\n\n\n<div  class=\"wp-block-ultimate-post-advanced-search ultp-block-14786a\"><div class=\"ultp-block-wrapper\"><div class=\"ultp-search-container ultp-search-frontend\"  data-ajax=\"1\" data-gosearch=\"1\" data-enablenewtab=\"\" data-blockid=\"14786a\" \n                    data-image=\"1\"  data-author= \"data-date=\"\"\" data-excerpt=\"\" data-excerptlimit=\"25\" data-allresult=\"\" data-catenable=\"\"  data-postno=\"3\"  data-noresultext=\"N\u00e3o foram encontrados resultados\"   data-popupposition=\"right\" data-searchposttype=\"\"><div class=\"ultp-searchform-content ultp-searchform-input1\"><div class=\"ultp-search-inputwrap\"> <input type=\"text\" value=\"\" class=\"ultp-searchres-input\"  placeholder=\"Skriv her, hvad du leder efter\"\/> <span class=\"ultp-search-clear\" data-blockid=\"14786a\"><svg xmlns=\"http:\/\/www.w3.org\/2000\/svg\" fill=\"none\" viewbox=\"0 0 24 24\">\n  <path stroke=\"currentColor\" stroke-linecap=\"round\" stroke-width=\"1.5\" d=\"m6 6 6 6m0 0 6 6m-6-6 6-6m-6 6-6 6\"\/>\n<\/svg>\n<\/span> <\/div><div class=\"ultp-search-button\"><svg xmlns=\"http:\/\/www.w3.org\/2000\/svg\" fill=\"none\" viewbox=\"0 0 24 24\">\n  <path stroke=\"currentColor\" stroke-linecap=\"round\" stroke-linejoin=\"round\" stroke-width=\"1.5\" d=\"M11 19a8 8 0 1 0 0-16 8 8 0 0 0 0 16Zm10 2-4.35-4.35\"\/>\n<\/svg>\n<span class=\"ultp-search-button__text\"> S\u00f8g p\u00e5 <\/span><\/div><\/div><\/div><\/div><\/div><\/div>\n\n\n\n<div class=\"wp-block-uagb-container uagb-block-59e8365b\"><\/div>\n<\/div><\/div>\n\n\n\n<div class=\"nv-cv-d nv-cv-m wp-block-uagb-container uagb-block-bb890383 alignfull uagb-is-root-container\"><div class=\"uagb-container-inner-blocks-wrap\">\n<div class=\"wp-block-uagb-container uagb-block-07f24e17\"><\/div>\n\n\n\n<div class=\"wp-block-uagb-container uagb-block-894989ec\"><div  class=\"ultp-post-grid-block wp-block-ultimate-post-post-list-3 ultp-block-90be0d\"><div class=\"ultp-block-wrapper\"><div class=\"ultp-loading\"><div class=\"ultp-loading-blocks\" style=\"width:100%;height:100%;\"><div style=\"left: 0;top: 0;animation-delay:0s;\"><\/div><div style=\"left: 21px;top: 0;animation-delay:0.125s;\"><\/div><div style=\"left: 42px;top: 0;animation-delay:0.25s;\"><\/div><div style=\"left: 0;top: 21px;animation-delay:0.875s;\"><\/div><div style=\"left: 42px;top: 21px;animation-delay:0.375s;\"><\/div><div style=\"left: 0;top: 42px;animation-delay:0.75s;\"><\/div><div style=\"left: 42px;top: 42px;animation-delay:0.625s;\"><\/div><div style=\"left: 21px;top: 42px;animation-delay:0.5s;\"><\/div><\/div><\/div><div class=\"ultp-heading-filter\"><div class=\"ultp-heading-filter-in\"><div class=\"ultp-filter-navigation\"><\/div><\/div><\/div><div class=\"ultp-block-items-wrap ultp-block-row ultp-block-column-1 ultp-block-content-middle ultp-layout1\"><div class=\"ultp-block-item ultp-block-media post-id-17502\"><div class=\"ultp-block-content-wrap\"><div class=\"ultp-block-image ultp-block-image-opacity\"><a href=\"https:\/\/cozinhadave.com\/da\/o-que-e-um-liquidificador\/\"><img decoding=\"async\"  alt=\"Hvad er en blender?\"  src=\"https:\/\/cozinhadave.com\/wp-content\/uploads\/2023\/09\/O-que-e-um-liquidificador-3-600x585.jpg\" \/><\/a><\/div><div class=\"ultp-block-content\"><div class=\"ultp-category-grid ultp-category-classic ultp-category-aboveTitle\"><div class=\"ultp-category-in\"><a class=\"ultp-cat-curiosidades\" href=\"https:\/\/cozinhadave.com\/da\/kategori\/kuriositeter\/\">KURIOSITETER<\/a><\/div><\/div><h3 class=\"ultp-block-title\"><a href=\"https:\/\/cozinhadave.com\/da\/o-que-e-um-liquidificador\/\">Hvad er en blender?<\/a><\/h3><div class=\"ultp-block-excerpt\"><p>Hej, venner! N\u00e5r vi h\u00f8rer om en blender, forestiller vi os et apparat, der kan blande og kv\u00e6rne mad hurtigt og praktisk, ikke sandt? Men ved vi egentlig, hvad en blender er? Hvad er...<\/p>\n<\/div><div class=\"ultp-block-readmore\"><a aria-label=\"Hvad er en blender?\" href=\"https:\/\/cozinhadave.com\/da\/o-que-e-um-liquidificador\/\">F\u00e5 mere at vide<svg xmlns=\"http:\/\/www.w3.org\/2000\/svg\" fill=\"none\" viewbox=\"0 0 24 24\">\n  <path stroke=\"currentColor\" stroke-linecap=\"round\" stroke-linejoin=\"round\" stroke-width=\"1.5\" d=\"m12 20.5 8.5-8.5m0 0L12 3.5m8.5 8.5h-17\"\/>\n<\/svg>\n<\/a><\/div><\/div><\/div><\/div><div class=\"ultp-block-item ultp-block-media post-id-20173\"><div class=\"ultp-block-content-wrap\"><div class=\"ultp-block-image ultp-block-image-opacity\"><a href=\"https:\/\/cozinhadave.com\/da\/quais-sao-os-beneficios-da-ameixa-amarela\/\"><img decoding=\"async\"  alt=\"Blomme\"  src=\"https:\/\/cozinhadave.com\/wp-content\/uploads\/2023\/09\/ameixa5-600x585.jpg\" \/><\/a><\/div><div class=\"ultp-block-content\"><div class=\"ultp-category-grid ultp-category-classic ultp-category-aboveTitle\"><div class=\"ultp-category-in\"><a class=\"ultp-cat-curiosidades\" href=\"https:\/\/cozinhadave.com\/da\/kategori\/kuriositeter\/\">KURIOSITETER<\/a><\/div><\/div><h3 class=\"ultp-block-title\"><a href=\"https:\/\/cozinhadave.com\/da\/quais-sao-os-beneficios-da-ameixa-amarela\/\">Opdag fordelene ved gule blommer<\/a><\/h3><div class=\"ultp-block-excerpt\"><p>Bem-vindos, leitores! Nesta se\u00e7\u00e3o, vamos falar sobre uma fruta deliciosa e nutritiva que pode trazer diversos benef\u00edcios para a sa\u00fade: a ameixa amarela. Al\u00e9m de seu sabor incr\u00edvel, a ameixa amarela \u00e9 repleta de nutrientes importantes que podem melhorar a&hellip;<\/p>\n<\/div><div class=\"ultp-block-readmore\"><a aria-label=\"Opdag fordelene ved gule blommer\" href=\"https:\/\/cozinhadave.com\/da\/quais-sao-os-beneficios-da-ameixa-amarela\/\">F\u00e5 mere at vide<svg xmlns=\"http:\/\/www.w3.org\/2000\/svg\" fill=\"none\" viewbox=\"0 0 24 24\">\n  <path stroke=\"currentColor\" stroke-linecap=\"round\" stroke-linejoin=\"round\" stroke-width=\"1.5\" d=\"m12 20.5 8.5-8.5m0 0L12 3.5m8.5 8.5h-17\"\/>\n<\/svg>\n<\/a><\/div><\/div><\/div><\/div><div class=\"ultp-block-item ultp-block-media post-id-17390\"><div class=\"ultp-block-content-wrap\"><div class=\"ultp-block-image ultp-block-image-opacity\"><a href=\"https:\/\/cozinhadave.com\/da\/e-saudavel-comer-batata-frita-na-airfryer\/\"><img decoding=\"async\"  alt=\"E\u0301 sauda\u0301vel comer batata frita na airfryer\"  src=\"https:\/\/cozinhadave.com\/wp-content\/uploads\/2023\/09\/E-saudavel-comer-batata-frita-na-airfryer-600x585.jpg\" \/><\/a><\/div><div class=\"ultp-block-content\"><div class=\"ultp-category-grid ultp-category-classic ultp-category-aboveTitle\"><div class=\"ultp-category-in\"><a class=\"ultp-cat-curiosidades\" href=\"https:\/\/cozinhadave.com\/da\/kategori\/kuriositeter\/\">KURIOSITETER<\/a><\/div><\/div><h3 class=\"ultp-block-title\"><a href=\"https:\/\/cozinhadave.com\/da\/e-saudavel-comer-batata-frita-na-airfryer\/\">\u00c9 saud\u00e1vel comer batata frita na airfryer? Descubra j\u00e1!<\/a><\/h3><div class=\"ultp-block-excerpt\"><p>Ol\u00e1, queridos leitores! Voc\u00ea j\u00e1 se perguntou se \u00e9 poss\u00edvel desfrutar de uma deliciosa batata frita sem prejudicar a sua sa\u00fade? Eu tamb\u00e9m! A boa not\u00edcia \u00e9 que a airfryer pode ser a solu\u00e7\u00e3o para esse dilema. \u00c9 saud\u00e1vel comer&hellip;<\/p>\n<\/div><div class=\"ultp-block-readmore\"><a aria-label=\"\u00c9 saud\u00e1vel comer batata frita na airfryer? Descubra j\u00e1!\" href=\"https:\/\/cozinhadave.com\/da\/e-saudavel-comer-batata-frita-na-airfryer\/\">F\u00e5 mere at vide<svg xmlns=\"http:\/\/www.w3.org\/2000\/svg\" fill=\"none\" viewbox=\"0 0 24 24\">\n  <path stroke=\"currentColor\" stroke-linecap=\"round\" stroke-linejoin=\"round\" stroke-width=\"1.5\" d=\"m12 20.5 8.5-8.5m0 0L12 3.5m8.5 8.5h-17\"\/>\n<\/svg>\n<\/a><\/div><\/div><\/div><\/div><div class=\"ultp-block-item ultp-block-media post-id-16014\"><div class=\"ultp-block-content-wrap\"><div class=\"ultp-block-image ultp-block-image-opacity\"><a href=\"https:\/\/cozinhadave.com\/da\/como-evitar-radiacao-do-micro-ondas\/\"><img decoding=\"async\"  alt=\"S\u00e5dan undg\u00e5r du mikrob\u00f8lgestr\u00e5ling\"  src=\"https:\/\/cozinhadave.com\/wp-content\/uploads\/2023\/08\/Como-evitar-radiacao-do-micro-ondas-600x600.jpg\" \/><\/a><\/div><div class=\"ultp-block-content\"><div class=\"ultp-category-grid ultp-category-classic ultp-category-aboveTitle\"><div class=\"ultp-category-in\"><a class=\"ultp-cat-curiosidades\" href=\"https:\/\/cozinhadave.com\/da\/kategori\/kuriositeter\/\">KURIOSITETER<\/a><\/div><\/div><h3 class=\"ultp-block-title\"><a href=\"https:\/\/cozinhadave.com\/da\/como-evitar-radiacao-do-micro-ondas\/\">Hvordan undg\u00e5r man mikrob\u00f8lgestr\u00e5ling?<\/a><\/h3><div class=\"ultp-block-excerpt\"><p>Como evitar radia\u00e7\u00e3o do micro-ondas? Voc\u00ea se preocupa com a&nbsp;radia\u00e7\u00e3o do microondas&nbsp;ao aquecer seus alimentos? Entenda que, ao contr\u00e1rio do que muitos pensam, o micro-ondas&nbsp;n\u00e3o passa radia\u00e7\u00e3o para os alimentos&nbsp;e, portanto,&nbsp;n\u00e3o causa c\u00e2ncer. Neste artigo, compartilharemos dicas pr\u00e1ticas para te&hellip;<\/p>\n<\/div><div class=\"ultp-block-readmore\"><a aria-label=\"Hvordan undg\u00e5r man mikrob\u00f8lgestr\u00e5ling?\" href=\"https:\/\/cozinhadave.com\/da\/como-evitar-radiacao-do-micro-ondas\/\">F\u00e5 mere at vide<svg xmlns=\"http:\/\/www.w3.org\/2000\/svg\" fill=\"none\" viewbox=\"0 0 24 24\">\n  <path stroke=\"currentColor\" stroke-linecap=\"round\" stroke-linejoin=\"round\" stroke-width=\"1.5\" d=\"m12 20.5 8.5-8.5m0 0L12 3.5m8.5 8.5h-17\"\/>\n<\/svg>\n<\/a><\/div><\/div><\/div><\/div><div class=\"ultp-block-item ultp-block-media post-id-16587\"><div class=\"ultp-block-content-wrap\"><div class=\"ultp-block-image ultp-block-image-opacity\"><a href=\"https:\/\/cozinhadave.com\/da\/como-fazer-pipoca-de-microondas-no-airfryer\/\"><img decoding=\"async\"  alt=\"S\u00e5dan laver du mikrob\u00f8lgepopcorn i airfryeren\"  src=\"https:\/\/cozinhadave.com\/wp-content\/uploads\/2023\/08\/Como-fazer-pipoca-de-microondas-no-airfryer-600x576.jpg\" \/><\/a><\/div><div class=\"ultp-block-content\"><div class=\"ultp-category-grid ultp-category-classic ultp-category-aboveTitle\"><div class=\"ultp-category-in\"><a class=\"ultp-cat-curiosidades\" href=\"https:\/\/cozinhadave.com\/da\/kategori\/kuriositeter\/\">KURIOSITETER<\/a><\/div><\/div><h3 class=\"ultp-block-title\"><a href=\"https:\/\/cozinhadave.com\/da\/como-fazer-pipoca-de-microondas-no-airfryer\/\">Find ud af det: S\u00e5dan laver du mikrob\u00f8lgepopcorn i airfryeren uden fejl!<\/a><\/h3><div class=\"ultp-block-excerpt\"><p>Ah, a pipoca! Uma das comidas mais amadas do mundo! E n\u00e3o \u00e9 \u00e0 toa, n\u00e9? Al\u00e9m de ser deliciosa, \u00e9 super f\u00e1cil de fazer e \u00f3tima para acompanhar um filminho no conforto do nosso sof\u00e1. Mas, acredite ou n\u00e3o,&hellip;<\/p>\n<\/div><div class=\"ultp-block-readmore\"><a aria-label=\"Find ud af det: S\u00e5dan laver du mikrob\u00f8lgepopcorn i airfryeren uden fejl!\" href=\"https:\/\/cozinhadave.com\/da\/como-fazer-pipoca-de-microondas-no-airfryer\/\">F\u00e5 mere at vide<svg xmlns=\"http:\/\/www.w3.org\/2000\/svg\" fill=\"none\" viewbox=\"0 0 24 24\">\n  <path stroke=\"currentColor\" stroke-linecap=\"round\" stroke-linejoin=\"round\" stroke-width=\"1.5\" d=\"m12 20.5 8.5-8.5m0 0L12 3.5m8.5 8.5h-17\"\/>\n<\/svg>\n<\/a><\/div><\/div><\/div><\/div><div class=\"ultp-block-item ultp-block-media post-id-16436\"><div class=\"ultp-block-content-wrap\"><div class=\"ultp-block-image ultp-block-image-opacity\"><a href=\"https:\/\/cozinhadave.com\/da\/quanto-tempo-para-ferver-uma-xicara-de-agua-no-microondas\/\"><img decoding=\"async\"  alt=\"Hvor l\u00e6nge skal man koge en kop vand i mikrob\u00f8lgeovnen?\"  src=\"https:\/\/cozinhadave.com\/wp-content\/uploads\/2023\/08\/Quanto-tempo-para-ferver-uma-xicara-de-agua-no-microondas-600x585.jpg\" \/><\/a><\/div><div class=\"ultp-block-content\"><div class=\"ultp-category-grid ultp-category-classic ultp-category-aboveTitle\"><div class=\"ultp-category-in\"><a class=\"ultp-cat-curiosidades\" href=\"https:\/\/cozinhadave.com\/da\/kategori\/kuriositeter\/\">KURIOSITETER<\/a><\/div><\/div><h3 class=\"ultp-block-title\"><a href=\"https:\/\/cozinhadave.com\/da\/quanto-tempo-para-ferver-uma-xicara-de-agua-no-microondas\/\">Hvor l\u00e6nge skal man koge en kop vand i mikrob\u00f8lgeovnen<\/a><\/h3><div class=\"ultp-block-excerpt\"><p>Quanto tempo para ferver uma x\u00edcara de \u00e1gua no microondas Voc\u00ea j\u00e1 se perguntou&nbsp;quanto tempo leva&nbsp;para&nbsp;ferver uma x\u00edcara de \u00e1gua&nbsp;no microondas? Se sim, n\u00e3o est\u00e1 sozinho. Como algu\u00e9m que aprecia um bom caf\u00e9 ou ch\u00e1 quente, tamb\u00e9m me deparei com&hellip;<\/p>\n<\/div><div class=\"ultp-block-readmore\"><a aria-label=\"Hvor l\u00e6nge skal man koge en kop vand i mikrob\u00f8lgeovnen\" href=\"https:\/\/cozinhadave.com\/da\/quanto-tempo-para-ferver-uma-xicara-de-agua-no-microondas\/\">F\u00e5 mere at vide<svg xmlns=\"http:\/\/www.w3.org\/2000\/svg\" fill=\"none\" viewbox=\"0 0 24 24\">\n  <path stroke=\"currentColor\" stroke-linecap=\"round\" stroke-linejoin=\"round\" stroke-width=\"1.5\" d=\"m12 20.5 8.5-8.5m0 0L12 3.5m8.5 8.5h-17\"\/>\n<\/svg>\n<\/a><\/div><\/div><\/div><\/div><div class=\"ultp-block-item ultp-block-media post-id-16068\"><div class=\"ultp-block-content-wrap\"><div class=\"ultp-block-image ultp-block-image-opacity\"><a href=\"https:\/\/cozinhadave.com\/da\/como-fazer-para-cozinhar-a-vapor-no-micro-ondas\/\"><img decoding=\"async\"  alt=\"S\u00e5dan damptilberedes i mikrob\u00f8lgeovnen\"  src=\"https:\/\/cozinhadave.com\/wp-content\/uploads\/2023\/08\/Como-fazer-para-cozinhar-a-vapor-no-micro-ondas-600x600.jpg\" \/><\/a><\/div><div class=\"ultp-block-content\"><div class=\"ultp-category-grid ultp-category-classic ultp-category-aboveTitle\"><div class=\"ultp-category-in\"><a class=\"ultp-cat-curiosidades\" href=\"https:\/\/cozinhadave.com\/da\/kategori\/kuriositeter\/\">KURIOSITETER<\/a><\/div><\/div><h3 class=\"ultp-block-title\"><a href=\"https:\/\/cozinhadave.com\/da\/como-fazer-para-cozinhar-a-vapor-no-micro-ondas\/\">Hvordan dampkoger man i mikrob\u00f8lgeovnen?<\/a><\/h3><div class=\"ultp-block-excerpt\"><p>como fazer para cozinhar a vapor no micro-ondas? Precisa cozinhar&nbsp;legumes, mas est\u00e1 sem tempo para usar o fog\u00e3o? Eu sei como voc\u00ea se sente, tamb\u00e9m j\u00e1 me encontrei nessa situa\u00e7\u00e3o v\u00e1rias vezes. Felizmente, descobri que \u00e9 poss\u00edvel&nbsp;cozinhar a vapor&nbsp;no&nbsp;micro-ondas&nbsp;de maneira&hellip;<\/p>\n<\/div><div class=\"ultp-block-readmore\"><a aria-label=\"Hvordan dampkoger man i mikrob\u00f8lgeovnen?\" href=\"https:\/\/cozinhadave.com\/da\/como-fazer-para-cozinhar-a-vapor-no-micro-ondas\/\">F\u00e5 mere at vide<svg xmlns=\"http:\/\/www.w3.org\/2000\/svg\" fill=\"none\" viewbox=\"0 0 24 24\">\n  <path stroke=\"currentColor\" stroke-linecap=\"round\" stroke-linejoin=\"round\" stroke-width=\"1.5\" d=\"m12 20.5 8.5-8.5m0 0L12 3.5m8.5 8.5h-17\"\/>\n<\/svg>\n<\/a><\/div><\/div><\/div><\/div><div class=\"ultp-block-item ultp-block-media post-id-17480\"><div class=\"ultp-block-content-wrap\"><div class=\"ultp-block-image ultp-block-image-opacity\"><a href=\"https:\/\/cozinhadave.com\/da\/qual-e-mais-saudavel-microondas-ou-airfryer\/\"><img decoding=\"async\"  alt=\"Hvad er sundest: mikrob\u00f8lgeovn eller AirFryer?\"  src=\"https:\/\/cozinhadave.com\/wp-content\/uploads\/2023\/08\/Qual-e-mais-saudavel-microondas-ou-AirFryer-600x576.jpg\" \/><\/a><\/div><div class=\"ultp-block-content\"><div class=\"ultp-category-grid ultp-category-classic ultp-category-aboveTitle\"><div class=\"ultp-category-in\"><a class=\"ultp-cat-curiosidades\" href=\"https:\/\/cozinhadave.com\/da\/kategori\/kuriositeter\/\">KURIOSITETER<\/a><\/div><\/div><h3 class=\"ultp-block-title\"><a href=\"https:\/\/cozinhadave.com\/da\/qual-e-mais-saudavel-microondas-ou-airfryer\/\">Hvad er sundere: Mikroovn eller AirFryer? Find ud af det nu!<\/a><\/h3><div class=\"ultp-block-excerpt\"><p>Qual \u00e9 mais saud\u00e1vel: microondas ou AirFryer Ah, a eterna d\u00favida sobre qual eletrodom\u00e9stico \u00e9 o melhor para a nossa sa\u00fade, enquanto buscamos equilibrar praticidade e alimenta\u00e7\u00e3o saud\u00e1vel. Enquanto o microondas j\u00e1 se consagrou como o queridinho da cozinha, o&hellip;<\/p>\n<\/div><div class=\"ultp-block-readmore\"><a aria-label=\"Hvad er sundere: Mikroovn eller AirFryer? Find ud af det nu!\" href=\"https:\/\/cozinhadave.com\/da\/qual-e-mais-saudavel-microondas-ou-airfryer\/\">F\u00e5 mere at vide<svg xmlns=\"http:\/\/www.w3.org\/2000\/svg\" fill=\"none\" viewbox=\"0 0 24 24\">\n  <path stroke=\"currentColor\" stroke-linecap=\"round\" stroke-linejoin=\"round\" stroke-width=\"1.5\" d=\"m12 20.5 8.5-8.5m0 0L12 3.5m8.5 8.5h-17\"\/>\n<\/svg>\n<\/a><\/div><\/div><\/div><\/div><div class=\"ultp-block-item ultp-block-media post-id-18293\"><div class=\"ultp-block-content-wrap\"><div class=\"ultp-block-image ultp-block-image-opacity\"><a href=\"https:\/\/cozinhadave.com\/da\/er-det-rigtigt-at-elektriske-ovne-bruger-meget-energi\/\"><img decoding=\"async\"  alt=\"Det er rigtigt, at elektriske ovne bruger meget energi.\"  src=\"https:\/\/cozinhadave.com\/wp-content\/uploads\/2023\/08\/E-verdade-que-forno-eletrico-gasta-muita-energia-600x600.jpg\" \/><\/a><\/div><div class=\"ultp-block-content\"><div class=\"ultp-category-grid ultp-category-classic ultp-category-aboveTitle\"><div class=\"ultp-category-in\"><a class=\"ultp-cat-curiosidades\" href=\"https:\/\/cozinhadave.com\/da\/kategori\/kuriositeter\/\">KURIOSITETER<\/a><\/div><\/div><h3 class=\"ultp-block-title\"><a href=\"https:\/\/cozinhadave.com\/da\/er-det-rigtigt-at-elektriske-ovne-bruger-meget-energi\/\">Er det rigtigt, at elektrisk ovn bruger meget energi? Find ud af det her!<\/a><\/h3><div class=\"ultp-block-excerpt\"><p>Voc\u00ea j\u00e1 ouviu falar que forno el\u00e9trico gasta muita energia? N\u00f3s entendemos como essa afirma\u00e7\u00e3o pode ser preocupante, especialmente para aqueles que gostam de cozinhar e assar frequentemente em casa. Por isso, decidimos investigar e trazer informa\u00e7\u00f5es concretas sobre o&hellip;<\/p>\n<\/div><div class=\"ultp-block-readmore\"><a aria-label=\"Er det rigtigt, at elektrisk ovn bruger meget energi? Find ud af det her!\" href=\"https:\/\/cozinhadave.com\/da\/er-det-rigtigt-at-elektriske-ovne-bruger-meget-energi\/\">F\u00e5 mere at vide<svg xmlns=\"http:\/\/www.w3.org\/2000\/svg\" fill=\"none\" viewbox=\"0 0 24 24\">\n  <path stroke=\"currentColor\" stroke-linecap=\"round\" stroke-linejoin=\"round\" stroke-width=\"1.5\" d=\"m12 20.5 8.5-8.5m0 0L12 3.5m8.5 8.5h-17\"\/>\n<\/svg>\n<\/a><\/div><\/div><\/div><\/div><div class=\"ultp-block-item ultp-block-media post-id-16077\"><div class=\"ultp-block-content-wrap\"><div class=\"ultp-block-image ultp-block-image-opacity\"><a href=\"https:\/\/cozinhadave.com\/da\/como-ferver-agua-no-microondas-para-fazer-cafe\/\"><img decoding=\"async\"  alt=\"S\u00e5dan koger du vand i mikroovnen for at lave kaffe\"  src=\"https:\/\/cozinhadave.com\/wp-content\/uploads\/2023\/08\/Como-ferver-agua-no-microondas-para-fazer-cafe-600x600.jpg\" \/><\/a><\/div><div class=\"ultp-block-content\"><div class=\"ultp-category-grid ultp-category-classic ultp-category-aboveTitle\"><div class=\"ultp-category-in\"><a class=\"ultp-cat-curiosidades\" href=\"https:\/\/cozinhadave.com\/da\/kategori\/kuriositeter\/\">KURIOSITETER<\/a><\/div><\/div><h3 class=\"ultp-block-title\"><a href=\"https:\/\/cozinhadave.com\/da\/como-ferver-agua-no-microondas-para-fazer-cafe\/\">Hvordan koger man vand i mikrob\u00f8lgeovnen for at lave kaffe?<\/a><\/h3><div class=\"ultp-block-excerpt\"><p>Como ferver \u00e1gua no microondas para fazer caf\u00e9? Voc\u00ea j\u00e1 ficou&nbsp;frustrado tentando ferver \u00e1gua&nbsp;no microondas para fazer caf\u00e9? Eu tamb\u00e9m! Descobri que este \u00e9 um&nbsp;problema comum, mas saiba que existe uma&nbsp;maneira simples e segura&nbsp;de fazer isso. Neste artigo, vou ensinar&hellip;<\/p>\n<\/div><div class=\"ultp-block-readmore\"><a aria-label=\"Hvordan koger man vand i mikrob\u00f8lgeovnen for at lave kaffe?\" href=\"https:\/\/cozinhadave.com\/da\/como-ferver-agua-no-microondas-para-fazer-cafe\/\">F\u00e5 mere at vide<svg xmlns=\"http:\/\/www.w3.org\/2000\/svg\" fill=\"none\" viewbox=\"0 0 24 24\">\n  <path stroke=\"currentColor\" stroke-linecap=\"round\" stroke-linejoin=\"round\" stroke-width=\"1.5\" d=\"m12 20.5 8.5-8.5m0 0L12 3.5m8.5 8.5h-17\"\/>\n<\/svg>\n<\/a><\/div><\/div><\/div><\/div><\/div><div class=\"ultp-loadmore\"><span class=\"ultp-loadmore-action\" tabindex=\"0\" role=\"button\" data-pages=\"13\" data-pagenum=\"1\"  data-expost=\"\" data-blockid=\"90be0d\" data-blockname=\"ultimate-post_post-list-3\" data-postid=\"21097\" data-selfpostid=\"yes\">Se mere <span class=\"ultp-spin\"><svg xmlns=\"http:\/\/www.w3.org\/2000\/svg\" fill=\"none\" viewbox=\"0 0 24 24\">\n  <path stroke=\"currentColor\" stroke-linecap=\"round\" stroke-linejoin=\"round\" stroke-width=\"1.5\" d=\"M21 12a9 9 0 0 1-17 4.127M3 12a9 9 0 0 1 17-4.127M20 3v5h-5M4 21v-5h5\"\/>\n<\/svg>\n<\/span><\/span><\/div><\/div><div class=\"pagination-block-html\" aria-hidden=\"true\" style=\"display: none;\"><\/div><\/div><\/div>\n\n\n\n<div class=\"wp-block-uagb-container uagb-block-179d179f\"><\/div>\n<\/div><\/div>","protected":false},"excerpt":{"rendered":"<p>CURIOSIDADES Aqui, voc\u00ea encontrar\u00e1 uma cole\u00e7\u00e3o fascinante de curiosidades intrigantes e surpreendentes relacionadas ao mundo da gastronomia. Desde fatos hist\u00f3ricos sobre pratos ic\u00f4nicos at\u00e9 segredos pouco conhecidos sobre ingredientes comuns, cada artigo \u00e9 uma viagem emocionante pelo universo da culin\u00e1ria. Prepare-se para se encantar e se inspirar com as curiosidades que revelam os bastidores e&hellip;&nbsp;<\/p>\n<div class=\"read-more-wrapper\"><a href=\"https:\/\/cozinhadave.com\/da\/kuriositeter\/\" class=\"button button-secondary\" rel=\"bookmark\">L\u00e6s mere &quot;<span class=\"screen-reader-text\">KURIOSITETER<\/span><\/a><\/div>","protected":false},"author":10,"featured_media":0,"parent":0,"menu_order":0,"comment_status":"closed","ping_status":"closed","template":"","meta":{"_uag_custom_page_level_css":"","wprm-recipe-roundup-name":"","wprm-recipe-roundup-description":"","neve_meta_sidebar":"","neve_meta_container":"","neve_meta_enable_content_width":"","neve_meta_content_width":0,"neve_meta_title_alignment":"","neve_meta_author_avatar":"","neve_post_elements_order":"","neve_meta_disable_header":"","neve_meta_disable_footer":"","neve_meta_disable_title":"","neve_meta_reading_time":"","footnotes":""},"class_list":["post-21097","page","type-page","status-publish","hentry"],"uagb_featured_image_src":{"full":false,"thumbnail":false,"medium":false,"medium_large":false,"large":false,"1536x1536":false,"2048x2048":false,"trp-custom-language-flag":false,"ultp_layout_landscape_large":false,"ultp_layout_landscape":false,"ultp_layout_portrait":false,"ultp_layout_square":false,"wprm-metadata-1_1":false,"wprm-metadata-4_3":false,"wprm-metadata-16_9":false,"neve-blog":false},"uagb_author_info":{"display_name":"Paulo RIbeiro","author_link":"https:\/\/cozinhadave.com\/da\/author\/paulomiguelribeirogmail-com\/"},"uagb_comment_info":0,"uagb_excerpt":"CURIOSIDADES Aqui, voc\u00ea encontrar\u00e1 uma cole\u00e7\u00e3o fascinante de curiosidades intrigantes e surpreendentes relacionadas ao mundo da gastronomia. Desde fatos hist\u00f3ricos sobre pratos ic\u00f4nicos at\u00e9 segredos pouco conhecidos sobre ingredientes comuns, cada artigo \u00e9 uma viagem emocionante pelo universo da culin\u00e1ria. Prepare-se para se encantar e se inspirar com as curiosidades que revelam os bastidores e&hellip;&nbsp;Ler&hellip;","_links":{"self":[{"href":"https:\/\/cozinhadave.com\/da\/wp-json\/wp\/v2\/pages\/21097","targetHints":{"allow":["GET"]}}],"collection":[{"href":"https:\/\/cozinhadave.com\/da\/wp-json\/wp\/v2\/pages"}],"about":[{"href":"https:\/\/cozinhadave.com\/da\/wp-json\/wp\/v2\/types\/page"}],"author":[{"embeddable":true,"href":"https:\/\/cozinhadave.com\/da\/wp-json\/wp\/v2\/users\/10"}],"replies":[{"embeddable":true,"href":"https:\/\/cozinhadave.com\/da\/wp-json\/wp\/v2\/comments?post=21097"}],"version-history":[{"count":0,"href":"https:\/\/cozinhadave.com\/da\/wp-json\/wp\/v2\/pages\/21097\/revisions"}],"wp:attachment":[{"href":"https:\/\/cozinhadave.com\/da\/wp-json\/wp\/v2\/media?parent=21097"}],"curies":[{"name":"wp","href":"https:\/\/api.w.org\/{rel}","templated":true}]}}