{"id":2520,"date":"2020-06-10T10:34:00","date_gmt":"2020-06-10T10:34:00","guid":{"rendered":"http:\/\/cozinhadave.com\/?page_id=2520"},"modified":"2024-05-17T07:50:21","modified_gmt":"2024-05-17T07:50:21","slug":"integritetspolicy","status":"publish","type":"page","link":"http:\/\/cozinhadave.com\/sv\/integritetspolicy\/","title":{"rendered":"Integritetspolicy"},"content":{"rendered":"<section class=\"wp-block-uagb-columns uagb-columns__wrap uagb-columns__stack-mobile uagb-columns__valign- uagb-columns__gap-10 align uagb-block-9e81a303 uagb-columns__columns-3 uagb-columns__max_width-theme\"><div class=\"uagb-columns__overlay\"><\/div><div class=\"uagb-columns__inner-wrap uagb-columns__columns-3\">\n<div class=\"wp-block-uagb-column uagb-column__wrap uagb-column__background-undefined uagb-block-2b0d5ede\"><div class=\"uagb-column__overlay\"><\/div><\/div>\n\n\n\n<div class=\"wp-block-uagb-column uagb-column__wrap uagb-column__background-undefined uagb-block-1ed71411\"><div class=\"uagb-column__overlay\"><\/div>\n<h2 class=\"wp-block-heading has-text-align-center\">POLICY F\u00d6R SKYDD AV PRIVATLIVET<\/h2>\n\n\n\n<p>Din integritet \u00e4r viktig f\u00f6r oss. Det \u00e4r Cozinha da V\u00ea's policy att respektera din integritet n\u00e4r det g\u00e4ller all information som vi kan samla in fr\u00e5n dig p\u00e5 v\u00e5r webbplats <a href=\"http:\/\/wordpress-499621-1581616.cloudwaysapps.com\" target=\"_blank\" rel=\"noopener\">V\u00ea's k\u00f6k<\/a>och andra webbplatser som vi \u00e4ger och driver.<\/p>\n\n\n\n<p>Vi ber bara om personuppgifter n\u00e4r vi verkligen beh\u00f6ver dem f\u00f6r att tillhandah\u00e5lla dig en tj\u00e4nst. Vi g\u00f6r detta p\u00e5 ett r\u00e4ttvist och lagligt s\u00e4tt, med din vetskap och ditt samtycke. Vi ber\u00e4ttar ocks\u00e5 varf\u00f6r vi samlar in dem och hur de kommer att anv\u00e4ndas.<\/p>\n\n\n\n<p>Vi beh\u00e5ller endast den information som samlas in s\u00e5 l\u00e4nge som det \u00e4r n\u00f6dv\u00e4ndigt f\u00f6r att tillhandah\u00e5lla den beg\u00e4rda tj\u00e4nsten. N\u00e4r vi lagrar uppgifter skyddar vi dem p\u00e5 kommersiellt godtagbara s\u00e4tt f\u00f6r att f\u00f6rhindra f\u00f6rlust och st\u00f6ld samt obeh\u00f6rig \u00e5tkomst, avsl\u00f6jande, kopiering, anv\u00e4ndning eller \u00e4ndring.<\/p>\n\n\n\n<p>Vi delar inte personligt identifierbar information offentligt eller med tredje part, utom n\u00e4r s\u00e5 kr\u00e4vs enligt lag.<\/p>\n\n\n\n<p>V\u00e5r webbplats kan inneh\u00e5lla l\u00e4nkar till externa webbplatser som inte drivs av oss. Var medveten om att vi inte har n\u00e5gon kontroll \u00f6ver inneh\u00e5llet och praxis p\u00e5 dessa webbplatser och inte kan ta ansvar f\u00f6r deras respektive <a href=\"https:\/\/politicaprivacidade.com\" target=\"_BLANK\" rel=\"noopener\">integritetspolicy<\/a>.<\/p>\n\n\n\n<p>Det st\u00e5r dig fritt att avb\u00f6ja v\u00e5r beg\u00e4ran om personlig information under f\u00f6ruts\u00e4ttning att vi kanske inte kan tillhandah\u00e5lla vissa av de tj\u00e4nster du beh\u00f6ver.<\/p>\n\n\n\n<p>Om du forts\u00e4tter att anv\u00e4nda v\u00e5r webbplats anses du ha accepterat v\u00e5r praxis n\u00e4r det g\u00e4ller integritet och personuppgifter. Om du har n\u00e5gra fr\u00e5gor om hur vi hanterar anv\u00e4ndardata och personuppgifter \u00e4r du v\u00e4lkommen att kontakta oss.<\/p>\n\n\n\n<h2 class=\"wp-block-heading\">Cozinha da V\u00ea Cookie Policy<\/h2>\n\n\n\n<h3 class=\"wp-block-heading\">Vad \u00e4r cookies?<\/h3>\n\n\n\n<p>I likhet med n\u00e4stan alla professionella webbplatser anv\u00e4nder den h\u00e4r webbplatsen cookies, som \u00e4r sm\u00e5 filer som laddas ner till din dator, f\u00f6r att f\u00f6rb\u00e4ttra din upplevelse. P\u00e5 den h\u00e4r sidan beskrivs vilken information de samlar in, hur vi anv\u00e4nder den och varf\u00f6r vi ibland beh\u00f6ver lagra dessa cookies. Vi ber\u00e4ttar ocks\u00e5 hur du kan f\u00f6rhindra att dessa cookies lagras, men det kan inneb\u00e4ra att vissa delar av webbplatsens funktioner f\u00f6rs\u00e4mras eller inte fungerar som de ska.<\/p>\n\n\n\n<h3 class=\"wp-block-heading\">Hur anv\u00e4nder vi cookies?<\/h3>\n\n\n\n<p>Vi anv\u00e4nder cookies av olika sk\u00e4l, som beskrivs nedan. Tyv\u00e4rr finns det i de flesta fall inga industristandardalternativ f\u00f6r att inaktivera cookies utan att helt inaktivera funktionaliteten och funktionerna som de l\u00e4gger till p\u00e5 denna webbplats. Vi rekommenderar att du l\u00e4mnar alla cookies om du \u00e4r os\u00e4ker p\u00e5 om du beh\u00f6ver dem eller inte, om de anv\u00e4nds f\u00f6r att tillhandah\u00e5lla en tj\u00e4nst som du anv\u00e4nder.<\/p>\n\n\n\n<h3 class=\"wp-block-heading\">inaktivera cookies<\/h3>\n\n\n\n<p>Du kan f\u00f6rhindra att cookies sparas genom att justera inst\u00e4llningarna i din webbl\u00e4sare (se webbl\u00e4sarens hj\u00e4lp f\u00f6r hur du g\u00f6r detta). T\u00e4nk p\u00e5 att inaktivering av cookies kommer att p\u00e5verka funktionaliteten p\u00e5 denna och m\u00e5nga andra webbplatser som du bes\u00f6ker. Inaktivering av cookies leder i allm\u00e4nhet till att vissa funktioner och egenskaper p\u00e5 denna webbplats inaktiveras. Vi rekommenderar d\u00e4rf\u00f6r att du inte avaktiverar cookies.<\/p>\n\n\n\n<h3 class=\"wp-block-heading\">Cookies vi s\u00e4tter<\/h3>\n\n\n\n<ul class=\"wp-block-list\">\n<li>Kontorelaterade cookies <p>Om du skapar ett konto hos oss kommer vi att anv\u00e4nda cookies f\u00f6r att hantera registreringsprocessen och allm\u00e4n administration. Dessa cookies raderas vanligtvis n\u00e4r du loggar ut, men i vissa fall kan de finnas kvar efter\u00e5t f\u00f6r att komma ih\u00e5g dina preferenser p\u00e5 webbplatsen n\u00e4r du l\u00e4mnar den.<\/p> <\/li>\n\n\n\n<li>Inloggningsrelaterade cookies <p>Vi anv\u00e4nder cookies n\u00e4r du \u00e4r inloggad s\u00e5 att vi kan komma ih\u00e5g den \u00e5tg\u00e4rden. Detta g\u00f6r att du inte beh\u00f6ver logga in varje g\u00e5ng du bes\u00f6ker en ny sida. Dessa cookies tas vanligtvis bort eller rensas n\u00e4r du loggar ut f\u00f6r att s\u00e4kerst\u00e4lla att du endast kan komma \u00e5t begr\u00e4nsade funktioner och omr\u00e5den n\u00e4r du loggar in.<\/p> <\/li>\n\n\n\n<li>Cookies relaterade till nyhetsbrev via e-post <p>Denna webbplats erbjuder prenumerationstj\u00e4nster f\u00f6r nyhetsbrev eller e-post och cookies kan anv\u00e4ndas f\u00f6r att komma ih\u00e5g om du redan \u00e4r registrerad och f\u00f6r att visa vissa meddelanden som endast \u00e4r giltiga f\u00f6r anv\u00e4ndare som prenumererar eller inte prenumererar.<\/p> <\/li>\n\n\n\n<li>Best\u00e4llningar som bearbetar relaterade cookies <p>Denna webbplats erbjuder e-handel eller betalningsm\u00f6jligheter och vissa cookies \u00e4r n\u00f6dv\u00e4ndiga f\u00f6r att s\u00e4kerst\u00e4lla att din best\u00e4llning kommer ih\u00e5g mellan sidorna s\u00e5 att vi kan behandla den p\u00e5 r\u00e4tt s\u00e4tt.<\/p> <\/li>\n\n\n\n<li>Cookies relaterade till unders\u00f6kningar <p>Vi erbjuder regelbundet unders\u00f6kningar och fr\u00e5geformul\u00e4r f\u00f6r att tillhandah\u00e5lla intressant information, anv\u00e4ndbara verktyg eller f\u00f6r att f\u00f6rst\u00e5 v\u00e5r anv\u00e4ndarbas mer exakt. Dessa unders\u00f6kningar kan anv\u00e4nda cookies f\u00f6r att komma ih\u00e5g vem som redan har deltagit i en unders\u00f6kning eller f\u00f6r att ge korrekta resultat efter byte av sida.<\/p> <\/li>\n\n\n\n<li>Formul\u00e4rrelaterade cookies <p>N\u00e4r du skickar in uppgifter via ett formul\u00e4r, t.ex. p\u00e5 kontaktsidor eller kommentarsformul\u00e4r, kan cookies st\u00e4llas in f\u00f6r att komma ih\u00e5g anv\u00e4ndarens uppgifter f\u00f6r framtida korrespondens.<\/p> <\/li>\n\n\n\n<li>Cookies f\u00f6r webbplatsinst\u00e4llningar <p>F\u00f6r att ge dig en bra upplevelse p\u00e5 den h\u00e4r webbplatsen tillhandah\u00e5ller vi funktionaliteten f\u00f6r att st\u00e4lla in dina preferenser f\u00f6r hur den h\u00e4r webbplatsen fungerar n\u00e4r du anv\u00e4nder den. F\u00f6r att komma ih\u00e5g dina preferenser m\u00e5ste vi st\u00e4lla in cookies s\u00e5 att denna information kan h\u00e4mtas n\u00e4r du interagerar med en sida som p\u00e5verkas av dina preferenser.<\/p><\/li>\n<\/ul>\n\n\n\n<h3 class=\"wp-block-heading\">Tredjepartscookies<\/h3>\n\n\n\n<p>I vissa s\u00e4rskilda fall anv\u00e4nder vi \u00e4ven cookies som tillhandah\u00e5lls av betrodda tredje parter. I f\u00f6ljande avsnitt beskrivs vilka tredjepartscookies du kan st\u00f6ta p\u00e5 via denna webbplats.<\/p>\n\n\n\n<ul class=\"wp-block-list\">\n<li>Den h\u00e4r webbplatsen anv\u00e4nder Google Analytics, som \u00e4r en av de mest utbredda och tillf\u00f6rlitliga analysl\u00f6sningarna p\u00e5 webben, f\u00f6r att hj\u00e4lpa oss att f\u00f6rst\u00e5 hur du anv\u00e4nder webbplatsen och hur vi kan f\u00f6rb\u00e4ttra din upplevelse. Dessa cookies kan sp\u00e5ra saker som hur l\u00e5ng tid du tillbringar p\u00e5 webbplatsen och vilka sidor du bes\u00f6ker, s\u00e5 att vi kan forts\u00e4tta att producera engagerande inneh\u00e5ll.<\/li>\n<\/ul>\n\n\n\n<p>Mer information om Google Analytics-cookies finns p\u00e5 den officiella Google Analytics-sidan.<\/p>\n\n\n\n<ul class=\"wp-block-list\">\n<li>Tredjepartsanalyser anv\u00e4nds f\u00f6r att sp\u00e5ra och m\u00e4ta anv\u00e4ndningen av denna webbplats s\u00e5 att vi kan forts\u00e4tta att producera attraktivt inneh\u00e5ll. Dessa cookies kan sp\u00e5ra saker som den tid du tillbringar p\u00e5 webbplatsen eller de sidor du bes\u00f6ker, vilket hj\u00e4lper oss att f\u00f6rst\u00e5 hur vi kan f\u00f6rb\u00e4ttra webbplatsen f\u00f6r dig.<\/li>\n\n\n\n<li>Vi testar regelbundet nya funktioner och g\u00f6r sm\u00e5 f\u00f6r\u00e4ndringar i hur webbplatsen ser ut. N\u00e4r vi fortfarande testar nya funktioner kan dessa cookies anv\u00e4ndas f\u00f6r att s\u00e4kerst\u00e4lla att du f\u00e5r en konsekvent upplevelse p\u00e5 webbplatsen, samtidigt som vi f\u00f6rst\u00e5r vilka optimeringar som v\u00e5ra anv\u00e4ndare uppskattar mest.<\/li>\n\n\n\n<li>Eftersom vi s\u00e4ljer produkter \u00e4r det viktigt f\u00f6r oss att f\u00f6rst\u00e5 statistiken \u00f6ver hur m\u00e5nga bes\u00f6kare p\u00e5 v\u00e5r webbplats som faktiskt k\u00f6per, och det \u00e4r allts\u00e5 den typen av uppgifter som dessa cookies kommer att sp\u00e5ra. Detta \u00e4r viktigt f\u00f6r dig eftersom det inneb\u00e4r att vi kan g\u00f6ra korrekta aff\u00e4rsprognoser som g\u00f6r det m\u00f6jligt f\u00f6r oss att analysera v\u00e5ra reklam- och produktkostnader f\u00f6r att s\u00e4kerst\u00e4lla b\u00e4sta m\u00f6jliga pris.<\/li>\n\n\n\n<li>Google AdSense-tj\u00e4nsten som vi anv\u00e4nder f\u00f6r att visa annonser anv\u00e4nder en DoubleClick-cookie f\u00f6r att visa mer relevanta annonser \u00f6ver hela webben och begr\u00e4nsa antalet g\u00e5nger en viss annons visas f\u00f6r dig.<br>Mer information om Google AdSense finns i den officiella FAQ:n om sekretess f\u00f6r Google AdSense.<\/li>\n\n\n\n<li>Vi anv\u00e4nder annonser f\u00f6r att kompensera f\u00f6r driftskostnaderna f\u00f6r denna webbplats och tillhandah\u00e5lla finansiering f\u00f6r framtida utveckling. De cookies f\u00f6r beteendebaserad annonsering som anv\u00e4nds av denna webbplats \u00e4r utformade f\u00f6r att s\u00e4kerst\u00e4lla att du f\u00e5r de mest relevanta annonserna d\u00e4r det \u00e4r m\u00f6jligt genom att anonymt sp\u00e5ra dina intressen och presentera liknande saker som kan vara av intresse f\u00f6r dig.<\/li>\n\n\n\n<li>Olika partners annonserar f\u00f6r v\u00e5r r\u00e4kning och affiliate tracking cookies g\u00f6r det helt enkelt m\u00f6jligt f\u00f6r oss att se om v\u00e5ra kunder har kommit till webbplatsen via en av v\u00e5ra partners webbplatser, s\u00e5 att vi kan kreditera dem p\u00e5 l\u00e4mpligt s\u00e4tt och, i f\u00f6rekommande fall, l\u00e5ta v\u00e5ra affiliatepartners erbjuda kampanjer som kan ge dig m\u00f6jlighet att g\u00f6ra ett k\u00f6p.<\/li>\n<\/ul>\n\n\n\n<h3 class=\"wp-block-heading\">Mer information<\/h3>\n\n\n\n<p>F\u00f6rhoppningsvis har det klarats upp och, som n\u00e4mnts tidigare, om det \u00e4r n\u00e5got du inte \u00e4r s\u00e4ker p\u00e5 om du beh\u00f6ver eller inte, \u00e4r det i allm\u00e4nhet s\u00e4krare att l\u00e5ta cookies vara aktiverade om du interagerar med en av de funktioner du anv\u00e4nder p\u00e5 v\u00e5r webbplats.<\/p>\n\n\n\n<p>Denna policy g\u00e4ller fr\u00e5n och med <strong>januari\/2020<\/strong>.<\/p>\n<\/div>\n\n\n\n<div class=\"wp-block-uagb-column uagb-column__wrap uagb-column__background-undefined uagb-block-d37ebb6e\"><div class=\"uagb-column__overlay\"><\/div><\/div>\n<\/div><\/section>","protected":false},"excerpt":{"rendered":"<p>POL\u00cdTICA DE PRIVACIDADE A sua privacidade \u00e9 importante para n\u00f3s. \u00c9 pol\u00edtica do Cozinha da V\u00ea respeitar a sua privacidade em rela\u00e7\u00e3o a qualquer informa\u00e7\u00e3o sua que possamos coletar no site Cozinha da V\u00ea, e outros sites que possu\u00edmos e operamos. Solicitamos informa\u00e7\u00f5es pessoais apenas quando realmente precisamos delas para lhe fornecer um servi\u00e7o. Fazemo-lo&hellip;&nbsp;<\/p>\n<div class=\"read-more-wrapper\"><a href=\"http:\/\/cozinhadave.com\/sv\/integritetspolicy\/\" class=\"button button-secondary\" rel=\"bookmark\">L\u00e4s mer \"<span class=\"screen-reader-text\">Integritetspolicy<\/span><\/a><\/div>","protected":false},"author":3,"featured_media":0,"parent":0,"menu_order":0,"comment_status":"closed","ping_status":"closed","template":"","meta":{"_uag_custom_page_level_css":"","wprm-recipe-roundup-name":"","wprm-recipe-roundup-description":"","neve_meta_sidebar":"","neve_meta_container":"","neve_meta_enable_content_width":"","neve_meta_content_width":0,"neve_meta_title_alignment":"","neve_meta_author_avatar":"","neve_post_elements_order":"","neve_meta_disable_header":"","neve_meta_disable_footer":"","neve_meta_disable_title":"","neve_meta_reading_time":"","footnotes":""},"class_list":["post-2520","page","type-page","status-publish","hentry"],"uagb_featured_image_src":{"full":false,"thumbnail":false,"medium":false,"medium_large":false,"large":false,"1536x1536":false,"2048x2048":false,"trp-custom-language-flag":false,"ultp_layout_landscape_large":false,"ultp_layout_landscape":false,"ultp_layout_portrait":false,"ultp_layout_square":false,"wprm-metadata-1_1":false,"wprm-metadata-4_3":false,"wprm-metadata-16_9":false,"neve-blog":false},"uagb_author_info":{"display_name":"Ver\u00f4nica Ribeiro","author_link":"http:\/\/cozinhadave.com\/sv\/author\/veronica-ribeiro\/"},"uagb_comment_info":0,"uagb_excerpt":"POL\u00cdTICA DE PRIVACIDADE A sua privacidade \u00e9 importante para n\u00f3s. \u00c9 pol\u00edtica do Cozinha da V\u00ea respeitar a sua privacidade em rela\u00e7\u00e3o a qualquer informa\u00e7\u00e3o sua que possamos coletar no site Cozinha da V\u00ea, e outros sites que possu\u00edmos e operamos. Solicitamos informa\u00e7\u00f5es pessoais apenas quando realmente precisamos delas para lhe fornecer um servi\u00e7o. Fazemo-lo&hellip;&nbsp;Ler&hellip;","_links":{"self":[{"href":"http:\/\/cozinhadave.com\/sv\/wp-json\/wp\/v2\/pages\/2520","targetHints":{"allow":["GET"]}}],"collection":[{"href":"http:\/\/cozinhadave.com\/sv\/wp-json\/wp\/v2\/pages"}],"about":[{"href":"http:\/\/cozinhadave.com\/sv\/wp-json\/wp\/v2\/types\/page"}],"author":[{"embeddable":true,"href":"http:\/\/cozinhadave.com\/sv\/wp-json\/wp\/v2\/users\/3"}],"replies":[{"embeddable":true,"href":"http:\/\/cozinhadave.com\/sv\/wp-json\/wp\/v2\/comments?post=2520"}],"version-history":[{"count":0,"href":"http:\/\/cozinhadave.com\/sv\/wp-json\/wp\/v2\/pages\/2520\/revisions"}],"wp:attachment":[{"href":"http:\/\/cozinhadave.com\/sv\/wp-json\/wp\/v2\/media?parent=2520"}],"curies":[{"name":"wp","href":"https:\/\/api.w.org\/{rel}","templated":true}]}}