{"id":21097,"date":"2024-05-05T12:10:30","date_gmt":"2024-05-05T12:10:30","guid":{"rendered":"http:\/\/cozinhadave.com\/?page_id=21097"},"modified":"2024-05-05T12:32:23","modified_gmt":"2024-05-05T12:32:23","slug":"kuriosa","status":"publish","type":"page","link":"http:\/\/cozinhadave.com\/sv\/kuriosa\/","title":{"rendered":"CURIOSITIES"},"content":{"rendered":"<div class=\"wp-block-uagb-advanced-heading uagb-block-ca604257\"><h2 class=\"uagb-heading-text\">CURIOSITIES<\/h2><\/div>\n\n\n\n<div class=\"wp-block-uagb-container uagb-block-26a8be47 alignfull uagb-is-root-container\"><div class=\"uagb-container-inner-blocks-wrap\">\n<div class=\"wp-block-uagb-container uagb-block-71bdc037\"><\/div>\n\n\n\n<div class=\"wp-block-uagb-container uagb-block-46bd2a80\">\n<p>H\u00e4r hittar du en fascinerande samling av sp\u00e4nnande och \u00f6verraskande kuriosa med anknytning till gastronomins v\u00e4rld. <\/p>\n\n\n\n<p>Fr\u00e5n historiska fakta om ikoniska r\u00e4tter till mindre k\u00e4nda hemligheter om vanliga ingredienser - varje artikel \u00e4r en sp\u00e4nnande resa genom det kulinariska universumet. <\/p>\n\n\n\n<p>G\u00f6r dig redo att bli f\u00f6rtrollad och inspirerad av de kuriosa som avsl\u00f6jar backstage och egenheterna bakom de smaker vi \u00e4lskar. <\/p>\n\n\n\n<p>Utforska v\u00e5rt urval av artiklar och f\u00f6rdjupa dig i en v\u00e4rld av kulinariska uppt\u00e4ckter som kommer att v\u00e4cka din nyfikenhet och vidga dina vyer i k\u00f6ket.<\/p>\n\n\n<div  class=\"wp-block-ultimate-post-advanced-search ultp-block-14786a\"><div class=\"ultp-block-wrapper\"><div class=\"ultp-search-container ultp-search-frontend\"  data-ajax=\"1\" data-gosearch=\"1\" data-enablenewtab=\"\" data-blockid=\"14786a\" \n                    data-image=\"1\"  data-author= \"data-date=\"\"\" data-excerpt=\"\" data-excerptlimit=\"25\" data-allresult=\"\" data-catenable=\"\"  data-postno=\"3\"  data-noresultext=\"N\u00e3o foram encontrados resultados\"   data-popupposition=\"right\" data-searchposttype=\"\"><div class=\"ultp-searchform-content ultp-searchform-input1\"><div class=\"ultp-search-inputwrap\"> <input type=\"text\" value=\"\" class=\"ultp-searchres-input\"  placeholder=\"Skriv h\u00e4r vad du letar efter\"\/> <span class=\"ultp-search-clear\" data-blockid=\"14786a\"><svg xmlns=\"http:\/\/www.w3.org\/2000\/svg\" fill=\"none\" viewbox=\"0 0 24 24\">\n  <path stroke=\"currentColor\" stroke-linecap=\"round\" stroke-width=\"1.5\" d=\"m6 6 6 6m0 0 6 6m-6-6 6-6m-6 6-6 6\"\/>\n<\/svg>\n<\/span> <\/div><div class=\"ultp-search-button\"><svg xmlns=\"http:\/\/www.w3.org\/2000\/svg\" fill=\"none\" viewbox=\"0 0 24 24\">\n  <path stroke=\"currentColor\" stroke-linecap=\"round\" stroke-linejoin=\"round\" stroke-width=\"1.5\" d=\"M11 19a8 8 0 1 0 0-16 8 8 0 0 0 0 16Zm10 2-4.35-4.35\"\/>\n<\/svg>\n<span class=\"ultp-search-button__text\"> S\u00f6k p\u00e5 <\/span><\/div><\/div><\/div><\/div><\/div><\/div>\n\n\n\n<div class=\"wp-block-uagb-container uagb-block-59e8365b\"><\/div>\n<\/div><\/div>\n\n\n\n<div class=\"nv-cv-d nv-cv-m wp-block-uagb-container uagb-block-bb890383 alignfull uagb-is-root-container\"><div class=\"uagb-container-inner-blocks-wrap\">\n<div class=\"wp-block-uagb-container uagb-block-07f24e17\"><\/div>\n\n\n\n<div class=\"wp-block-uagb-container uagb-block-894989ec\"><div  class=\"ultp-post-grid-block wp-block-ultimate-post-post-list-3 ultp-block-90be0d\"><div class=\"ultp-block-wrapper\"><div class=\"ultp-loading\"><div class=\"ultp-loading-blocks\" style=\"width:100%;height:100%;\"><div style=\"left: 0;top: 0;animation-delay:0s;\"><\/div><div style=\"left: 21px;top: 0;animation-delay:0.125s;\"><\/div><div style=\"left: 42px;top: 0;animation-delay:0.25s;\"><\/div><div style=\"left: 0;top: 21px;animation-delay:0.875s;\"><\/div><div style=\"left: 42px;top: 21px;animation-delay:0.375s;\"><\/div><div style=\"left: 0;top: 42px;animation-delay:0.75s;\"><\/div><div style=\"left: 42px;top: 42px;animation-delay:0.625s;\"><\/div><div style=\"left: 21px;top: 42px;animation-delay:0.5s;\"><\/div><\/div><\/div><div class=\"ultp-heading-filter\"><div class=\"ultp-heading-filter-in\"><div class=\"ultp-filter-navigation\"><\/div><\/div><\/div><div class=\"ultp-block-items-wrap ultp-block-row ultp-block-column-1 ultp-block-content-middle ultp-layout1\"><div class=\"ultp-block-item ultp-block-media post-id-16567\"><div class=\"ultp-block-content-wrap\"><div class=\"ultp-block-image ultp-block-image-opacity\"><a href=\"http:\/\/cozinhadave.com\/sv\/como-esquentar-marmita-de-vidro-no-microondas\/\"><img decoding=\"async\"  alt=\"Hur man v\u00e4rmer en lunchl\u00e5da i glas i mikrov\u00e5gsugnen\"  src=\"http:\/\/cozinhadave.com\/wp-content\/uploads\/2023\/09\/Como-esquentar-marmita-de-vidro-no-microondas-3-600x585.jpg\" \/><\/a><\/div><div class=\"ultp-block-content\"><div class=\"ultp-category-grid ultp-category-classic ultp-category-aboveTitle\"><div class=\"ultp-category-in\"><a class=\"ultp-cat-curiosidades\" href=\"http:\/\/cozinhadave.com\/sv\/kategori\/kuriosa\/\">CURIOSITIES<\/a><\/div><\/div><h3 class=\"ultp-block-title\"><a href=\"http:\/\/cozinhadave.com\/sv\/como-esquentar-marmita-de-vidro-no-microondas\/\">Hur man v\u00e4rmer en lunchl\u00e5da i glas i mikrov\u00e5gsugnen: idiots\u00e4kra tips<\/a><\/h3><div class=\"ultp-block-excerpt\"><p>Quem nunca precisou esquentar uma marmita no microondas, n\u00e3o \u00e9 mesmo? Mas e quando a marmita \u00e9 de vidro? Muita gente fica com receio de usar esse tipo de recipiente por medo de quebr\u00e1-lo durante o aquecimento, mas n\u00e3o se&hellip;<\/p>\n<\/div><div class=\"ultp-block-readmore\"><a aria-label=\"Hur man v\u00e4rmer en lunchl\u00e5da i glas i mikrov\u00e5gsugnen: idiots\u00e4kra tips\" href=\"http:\/\/cozinhadave.com\/sv\/como-esquentar-marmita-de-vidro-no-microondas\/\">L\u00e4r dig mer<svg xmlns=\"http:\/\/www.w3.org\/2000\/svg\" fill=\"none\" viewbox=\"0 0 24 24\">\n  <path stroke=\"currentColor\" stroke-linecap=\"round\" stroke-linejoin=\"round\" stroke-width=\"1.5\" d=\"m12 20.5 8.5-8.5m0 0L12 3.5m8.5 8.5h-17\"\/>\n<\/svg>\n<\/a><\/div><\/div><\/div><\/div><div class=\"ultp-block-item ultp-block-media post-id-16363\"><div class=\"ultp-block-content-wrap\"><div class=\"ultp-block-image ultp-block-image-opacity\"><a href=\"http:\/\/cozinhadave.com\/sv\/tem-como-fazer-miojo-no-microondas\/\"><img decoding=\"async\"  alt=\"como fazer miojo no microondas\"  src=\"http:\/\/cozinhadave.com\/wp-content\/uploads\/2023\/08\/como-fazer-miojo-no-microondas-600x600.jpg\" \/><\/a><\/div><div class=\"ultp-block-content\"><div class=\"ultp-category-grid ultp-category-classic ultp-category-aboveTitle\"><div class=\"ultp-category-in\"><a class=\"ultp-cat-curiosidades\" href=\"http:\/\/cozinhadave.com\/sv\/kategori\/kuriosa\/\">CURIOSITIES<\/a><\/div><\/div><h3 class=\"ultp-block-title\"><a href=\"http:\/\/cozinhadave.com\/sv\/tem-como-fazer-miojo-no-microondas\/\">Tem como fazer miojo no microondas?<\/a><\/h3><div class=\"ultp-block-excerpt\"><p>Ol\u00e1, pessoal! J\u00e1 perdi a conta de quantas vezes me perguntaram se \u00e9 poss\u00edvel fazer miojo no microondas. E a resposta \u00e9: sim, d\u00e1 pra fazer! E o melhor de tudo \u00e9 que \u00e9 super f\u00e1cil e r\u00e1pido. Tem como&hellip;<\/p>\n<\/div><div class=\"ultp-block-readmore\"><a aria-label=\"Tem como fazer miojo no microondas?\" href=\"http:\/\/cozinhadave.com\/sv\/tem-como-fazer-miojo-no-microondas\/\">L\u00e4r dig mer<svg xmlns=\"http:\/\/www.w3.org\/2000\/svg\" fill=\"none\" viewbox=\"0 0 24 24\">\n  <path stroke=\"currentColor\" stroke-linecap=\"round\" stroke-linejoin=\"round\" stroke-width=\"1.5\" d=\"m12 20.5 8.5-8.5m0 0L12 3.5m8.5 8.5h-17\"\/>\n<\/svg>\n<\/a><\/div><\/div><\/div><\/div><div class=\"ultp-block-item ultp-block-media post-id-18303\"><div class=\"ultp-block-content-wrap\"><div class=\"ultp-block-image ultp-block-image-opacity\"><a href=\"http:\/\/cozinhadave.com\/sv\/du-kan-oppna-airfryern-nar-den-ar-paslagen\/\"><img decoding=\"async\"  alt=\"Du kan \u00f6ppna airfryern n\u00e4r den \u00e4r p\u00e5\"  src=\"http:\/\/cozinhadave.com\/wp-content\/uploads\/2023\/08\/Pode-abrir-a-airfryer-enquanto-ele-esta-ligada-600x600.jpg\" \/><\/a><\/div><div class=\"ultp-block-content\"><div class=\"ultp-category-grid ultp-category-classic ultp-category-aboveTitle\"><div class=\"ultp-category-in\"><a class=\"ultp-cat-curiosidades\" href=\"http:\/\/cozinhadave.com\/sv\/kategori\/kuriosa\/\">CURIOSITIES<\/a><\/div><\/div><h3 class=\"ultp-block-title\"><a href=\"http:\/\/cozinhadave.com\/sv\/du-kan-oppna-airfryern-nar-den-ar-paslagen\/\">Kan du \u00f6ppna den p\u00e5slagna airfryern? Ta reda p\u00e5 det tillsammans med oss!<\/a><\/h3><div class=\"ultp-block-excerpt\"><p>Hej p\u00e5 er alla! Om du \u00e4r som vi, \u00e4lskar du att anv\u00e4nda din airfryer f\u00f6r att laga god och h\u00e4lsosam mat. Det \u00e4r dock naturligt att ha n\u00e5gra tvivel om hur man anv\u00e4nder denna apparat p\u00e5 ett s\u00e4kert s\u00e4tt. S\u00e5 fr\u00e5gan \u00e4r: kan du \u00f6ppna ...<\/p>\n<\/div><div class=\"ultp-block-readmore\"><a aria-label=\"Kan du \u00f6ppna den p\u00e5slagna airfryern? Ta reda p\u00e5 det tillsammans med oss!\" href=\"http:\/\/cozinhadave.com\/sv\/du-kan-oppna-airfryern-nar-den-ar-paslagen\/\">L\u00e4r dig mer<svg xmlns=\"http:\/\/www.w3.org\/2000\/svg\" fill=\"none\" viewbox=\"0 0 24 24\">\n  <path stroke=\"currentColor\" stroke-linecap=\"round\" stroke-linejoin=\"round\" stroke-width=\"1.5\" d=\"m12 20.5 8.5-8.5m0 0L12 3.5m8.5 8.5h-17\"\/>\n<\/svg>\n<\/a><\/div><\/div><\/div><\/div><div class=\"ultp-block-item ultp-block-media post-id-15862\"><div class=\"ultp-block-content-wrap\"><div class=\"ultp-block-image ultp-block-image-opacity\"><a href=\"http:\/\/cozinhadave.com\/sv\/e-saker-anvandning-mikrovagsugn\/\"><img decoding=\"async\"  alt=\"\u00c4r det s\u00e4kert att anv\u00e4nda mikrov\u00e5gsugnar?\"  src=\"http:\/\/cozinhadave.com\/wp-content\/uploads\/2023\/07\/E-seguro-usar-micro-ondas-1-600x600.jpg\" \/><\/a><\/div><div class=\"ultp-block-content\"><div class=\"ultp-category-grid ultp-category-classic ultp-category-aboveTitle\"><div class=\"ultp-category-in\"><a class=\"ultp-cat-curiosidades\" href=\"http:\/\/cozinhadave.com\/sv\/kategori\/kuriosa\/\">CURIOSITIES<\/a><\/div><\/div><h3 class=\"ultp-block-title\"><a href=\"http:\/\/cozinhadave.com\/sv\/e-saker-anvandning-mikrovagsugn\/\">\u00c4r det s\u00e4kert att anv\u00e4nda mikrov\u00e5gsugnar?<\/a><\/h3><div class=\"ultp-block-excerpt\"><p>\u00c9 seguro usar micro-ondas Voc\u00ea j\u00e1 se perguntou se \u00e9 seguro usar micro-ondas? Apesar de ser um dos eletrodom\u00e9sticos mais comuns nas cozinhas de todo o mundo, ainda h\u00e1 muitas d\u00favidas sobre os poss\u00edveis riscos desse dispositivo. Neste artigo, iremos&hellip;<\/p>\n<\/div><div class=\"ultp-block-readmore\"><a aria-label=\"\u00c4r det s\u00e4kert att anv\u00e4nda mikrov\u00e5gsugnar?\" href=\"http:\/\/cozinhadave.com\/sv\/e-saker-anvandning-mikrovagsugn\/\">L\u00e4r dig mer<svg xmlns=\"http:\/\/www.w3.org\/2000\/svg\" fill=\"none\" viewbox=\"0 0 24 24\">\n  <path stroke=\"currentColor\" stroke-linecap=\"round\" stroke-linejoin=\"round\" stroke-width=\"1.5\" d=\"m12 20.5 8.5-8.5m0 0L12 3.5m8.5 8.5h-17\"\/>\n<\/svg>\n<\/a><\/div><\/div><\/div><\/div><div class=\"ultp-block-item ultp-block-media post-id-16388\"><div class=\"ultp-block-content-wrap\"><div class=\"ultp-block-image ultp-block-image-opacity\"><a href=\"http:\/\/cozinhadave.com\/sv\/como-saber-se-o-recipiente-pode-ir-no-micro-ondas\/\"><img decoding=\"async\"  alt=\"mikrov\u00e5gss\u00e4ker beh\u00e5llare\"  src=\"http:\/\/cozinhadave.com\/wp-content\/uploads\/2023\/09\/recipiente-pode-ir-no-micro-ondas-3-600x585.jpg\" \/><\/a><\/div><div class=\"ultp-block-content\"><div class=\"ultp-category-grid ultp-category-classic ultp-category-aboveTitle\"><div class=\"ultp-category-in\"><a class=\"ultp-cat-curiosidades\" href=\"http:\/\/cozinhadave.com\/sv\/kategori\/kuriosa\/\">CURIOSITIES<\/a><\/div><\/div><h3 class=\"ultp-block-title\"><a href=\"http:\/\/cozinhadave.com\/sv\/como-saber-se-o-recipiente-pode-ir-no-micro-ondas\/\">Hur vet jag om beh\u00e5llaren kan v\u00e4rmas i mikrov\u00e5gsugn?<\/a><\/h3><div class=\"ultp-block-excerpt\"><p>Ah, o micro-ondas! Esse eletrodom\u00e9stico que tanto facilita a nossa vida na hora de esquentar aquele almo\u00e7o ou jantar do dia anterior. Mas, aten\u00e7\u00e3o: nem todo recipiente pode ser utilizado no micro-ondas. Eu j\u00e1 soube de casos em que lou\u00e7as&hellip;<\/p>\n<\/div><div class=\"ultp-block-readmore\"><a aria-label=\"Hur vet jag om beh\u00e5llaren kan v\u00e4rmas i mikrov\u00e5gsugn?\" href=\"http:\/\/cozinhadave.com\/sv\/como-saber-se-o-recipiente-pode-ir-no-micro-ondas\/\">L\u00e4r dig mer<svg xmlns=\"http:\/\/www.w3.org\/2000\/svg\" fill=\"none\" viewbox=\"0 0 24 24\">\n  <path stroke=\"currentColor\" stroke-linecap=\"round\" stroke-linejoin=\"round\" stroke-width=\"1.5\" d=\"m12 20.5 8.5-8.5m0 0L12 3.5m8.5 8.5h-17\"\/>\n<\/svg>\n<\/a><\/div><\/div><\/div><\/div><div class=\"ultp-block-item ultp-block-media post-id-20137\"><div class=\"ultp-block-content-wrap\"><div class=\"ultp-block-image ultp-block-image-opacity\"><a href=\"http:\/\/cozinhadave.com\/sv\/vad-ar-skillnaden-mellan-lila-och-grona-druvor\/\"><img decoding=\"async\"  alt=\"Vad \u00e4r skillnaden mellan lila och gr\u00f6na druvor? L\u00e5t oss dechiffrera g\u00e5tan!\"  src=\"http:\/\/cozinhadave.com\/wp-content\/uploads\/2023\/09\/Uva-roxa-e-verde1-600x585.jpg\" \/><\/a><\/div><div class=\"ultp-block-content\"><div class=\"ultp-category-grid ultp-category-classic ultp-category-aboveTitle\"><div class=\"ultp-category-in\"><a class=\"ultp-cat-curiosidades\" href=\"http:\/\/cozinhadave.com\/sv\/kategori\/kuriosa\/\">CURIOSITIES<\/a><\/div><\/div><h3 class=\"ultp-block-title\"><a href=\"http:\/\/cozinhadave.com\/sv\/vad-ar-skillnaden-mellan-lila-och-grona-druvor\/\">Vad \u00e4r skillnaden mellan lila och gr\u00f6na druvor? L\u00e5t oss dechiffrera g\u00e5tan!<\/a><\/h3><div class=\"ultp-block-excerpt\"><p>Voc\u00ea j\u00e1 se perguntou qual \u00e9 a diferen\u00e7a entre as uvas roxas e verdes? N\u00f3s tamb\u00e9m! E \u00e9 por isso que preparamos este artigo divertido e informativo para voc\u00ea. Qual a diferen\u00e7a da uva roxa e verde? Vamos decifrar o&hellip;<\/p>\n<\/div><div class=\"ultp-block-readmore\"><a aria-label=\"Vad \u00e4r skillnaden mellan lila och gr\u00f6na druvor? L\u00e5t oss dechiffrera g\u00e5tan!\" href=\"http:\/\/cozinhadave.com\/sv\/vad-ar-skillnaden-mellan-lila-och-grona-druvor\/\">L\u00e4r dig mer<svg xmlns=\"http:\/\/www.w3.org\/2000\/svg\" fill=\"none\" viewbox=\"0 0 24 24\">\n  <path stroke=\"currentColor\" stroke-linecap=\"round\" stroke-linejoin=\"round\" stroke-width=\"1.5\" d=\"m12 20.5 8.5-8.5m0 0L12 3.5m8.5 8.5h-17\"\/>\n<\/svg>\n<\/a><\/div><\/div><\/div><\/div><div class=\"ultp-block-item ultp-block-media post-id-17455\"><div class=\"ultp-block-content-wrap\"><div class=\"ultp-block-image ultp-block-image-opacity\"><a href=\"http:\/\/cozinhadave.com\/sv\/kan-jag-satta-in-en-aluminiumbricka-i-airfryern\/\"><img decoding=\"async\"  alt=\"du kan s\u00e4tta in en aluminiumbricka i airfryern\"  src=\"http:\/\/cozinhadave.com\/wp-content\/uploads\/2023\/08\/pode-colocar-bandeja-de-aluminio-na-airfryer-600x576.jpg\" \/><\/a><\/div><div class=\"ultp-block-content\"><div class=\"ultp-category-grid ultp-category-classic ultp-category-aboveTitle\"><div class=\"ultp-category-in\"><a class=\"ultp-cat-curiosidades\" href=\"http:\/\/cozinhadave.com\/sv\/kategori\/kuriosa\/\">CURIOSITIES<\/a><\/div><\/div><h3 class=\"ultp-block-title\"><a href=\"http:\/\/cozinhadave.com\/sv\/kan-jag-satta-in-en-aluminiumbricka-i-airfryern\/\">Kan jag s\u00e4tta in en aluminiumbricka i airfryern? L\u00e5t oss ta reda p\u00e5 det!<\/a><\/h3><div class=\"ultp-block-excerpt\"><p>Hej, k\u00e4ra l\u00e4sare! V\u00e4lkommen till en annan sp\u00e4nnande artikel om luftfryser. Idag vill jag prata om den mycket ifr\u00e5gasatta m\u00f6jligheten att anv\u00e4nda en aluminiumbricka i lufttorkaren. Kan jag l\u00e4gga aluminiumbrickor i luftfrysen? L\u00e5t oss ta reda p\u00e5 det! Vad...<\/p>\n<\/div><div class=\"ultp-block-readmore\"><a aria-label=\"Kan jag s\u00e4tta in en aluminiumbricka i airfryern? L\u00e5t oss ta reda p\u00e5 det!\" href=\"http:\/\/cozinhadave.com\/sv\/kan-jag-satta-in-en-aluminiumbricka-i-airfryern\/\">L\u00e4r dig mer<svg xmlns=\"http:\/\/www.w3.org\/2000\/svg\" fill=\"none\" viewbox=\"0 0 24 24\">\n  <path stroke=\"currentColor\" stroke-linecap=\"round\" stroke-linejoin=\"round\" stroke-width=\"1.5\" d=\"m12 20.5 8.5-8.5m0 0L12 3.5m8.5 8.5h-17\"\/>\n<\/svg>\n<\/a><\/div><\/div><\/div><\/div><div class=\"ultp-block-item ultp-block-media post-id-16077\"><div class=\"ultp-block-content-wrap\"><div class=\"ultp-block-image ultp-block-image-opacity\"><a href=\"http:\/\/cozinhadave.com\/sv\/como-ferver-agua-no-microondas-para-fazer-cafe\/\"><img decoding=\"async\"  alt=\"Hur man kokar vatten i mikrov\u00e5gsugnen f\u00f6r att g\u00f6ra kaffe\"  src=\"http:\/\/cozinhadave.com\/wp-content\/uploads\/2023\/08\/Como-ferver-agua-no-microondas-para-fazer-cafe-600x600.jpg\" \/><\/a><\/div><div class=\"ultp-block-content\"><div class=\"ultp-category-grid ultp-category-classic ultp-category-aboveTitle\"><div class=\"ultp-category-in\"><a class=\"ultp-cat-curiosidades\" href=\"http:\/\/cozinhadave.com\/sv\/kategori\/kuriosa\/\">CURIOSITIES<\/a><\/div><\/div><h3 class=\"ultp-block-title\"><a href=\"http:\/\/cozinhadave.com\/sv\/como-ferver-agua-no-microondas-para-fazer-cafe\/\">Hur man kokar vatten i mikron f\u00f6r att g\u00f6ra kaffe?<\/a><\/h3><div class=\"ultp-block-excerpt\"><p>Como ferver \u00e1gua no microondas para fazer caf\u00e9? Voc\u00ea j\u00e1 ficou&nbsp;frustrado tentando ferver \u00e1gua&nbsp;no microondas para fazer caf\u00e9? Eu tamb\u00e9m! Descobri que este \u00e9 um&nbsp;problema comum, mas saiba que existe uma&nbsp;maneira simples e segura&nbsp;de fazer isso. Neste artigo, vou ensinar&hellip;<\/p>\n<\/div><div class=\"ultp-block-readmore\"><a aria-label=\"Hur man kokar vatten i mikron f\u00f6r att g\u00f6ra kaffe?\" href=\"http:\/\/cozinhadave.com\/sv\/como-ferver-agua-no-microondas-para-fazer-cafe\/\">L\u00e4r dig mer<svg xmlns=\"http:\/\/www.w3.org\/2000\/svg\" fill=\"none\" viewbox=\"0 0 24 24\">\n  <path stroke=\"currentColor\" stroke-linecap=\"round\" stroke-linejoin=\"round\" stroke-width=\"1.5\" d=\"m12 20.5 8.5-8.5m0 0L12 3.5m8.5 8.5h-17\"\/>\n<\/svg>\n<\/a><\/div><\/div><\/div><\/div><div class=\"ultp-block-item ultp-block-media post-id-16045\"><div class=\"ultp-block-content-wrap\"><div class=\"ultp-block-image ultp-block-image-opacity\"><a href=\"http:\/\/cozinhadave.com\/sv\/e-halsa-anvanda-mikrovagsugn\/\"><img decoding=\"async\"  alt=\"\u00c4r det h\u00e4lsosamt att anv\u00e4nda mikrov\u00e5gsugnar?\"  src=\"http:\/\/cozinhadave.com\/wp-content\/uploads\/2023\/08\/E-saudavel-usar-micro-ondas-1-600x600.jpg\" \/><\/a><\/div><div class=\"ultp-block-content\"><div class=\"ultp-category-grid ultp-category-classic ultp-category-aboveTitle\"><div class=\"ultp-category-in\"><a class=\"ultp-cat-curiosidades\" href=\"http:\/\/cozinhadave.com\/sv\/kategori\/kuriosa\/\">CURIOSITIES<\/a><\/div><\/div><h3 class=\"ultp-block-title\"><a href=\"http:\/\/cozinhadave.com\/sv\/e-halsa-anvanda-mikrovagsugn\/\">\u00c4r det h\u00e4lsosamt att anv\u00e4nda mikrov\u00e5gsugn?<\/a><\/h3><div class=\"ultp-block-excerpt\"><p>\u00c9 saud\u00e1vel usar micro-ondas? O&nbsp;uso do micro-ondas&nbsp;\u00e9 uma pr\u00e1tica comum que gera d\u00favidas: esse eletrodom\u00e9stico \u00e9 realmente seguro e saud\u00e1vel para aquecer alimentos? As&nbsp;ondas eletromagn\u00e9ticas&nbsp;produzidas pelo micro-ondas t\u00eam a fun\u00e7\u00e3o de&nbsp;agitar as mol\u00e9culas de \u00e1gua&nbsp;dos alimentos,&nbsp;gerando calor&nbsp;que os esquenta. Neste&hellip;<\/p>\n<\/div><div class=\"ultp-block-readmore\"><a aria-label=\"\u00c4r det h\u00e4lsosamt att anv\u00e4nda mikrov\u00e5gsugn?\" href=\"http:\/\/cozinhadave.com\/sv\/e-halsa-anvanda-mikrovagsugn\/\">L\u00e4r dig mer<svg xmlns=\"http:\/\/www.w3.org\/2000\/svg\" fill=\"none\" viewbox=\"0 0 24 24\">\n  <path stroke=\"currentColor\" stroke-linecap=\"round\" stroke-linejoin=\"round\" stroke-width=\"1.5\" d=\"m12 20.5 8.5-8.5m0 0L12 3.5m8.5 8.5h-17\"\/>\n<\/svg>\n<\/a><\/div><\/div><\/div><\/div><div class=\"ultp-block-item ultp-block-media post-id-17525\"><div class=\"ultp-block-content-wrap\"><div class=\"ultp-block-image ultp-block-image-opacity\"><a href=\"http:\/\/cozinhadave.com\/sv\/que-tipo-de-vasilha-pode-por-dentro-da-airfryer\/\"><img decoding=\"async\"  alt=\"Que tipo de vasilha pode por dentro da airfryer\"  src=\"http:\/\/cozinhadave.com\/wp-content\/uploads\/2023\/08\/Que-tipo-de-vasilha-pode-por-dentro-da-airfryer-600x576.jpg\" \/><\/a><\/div><div class=\"ultp-block-content\"><div class=\"ultp-category-grid ultp-category-classic ultp-category-aboveTitle\"><div class=\"ultp-category-in\"><a class=\"ultp-cat-curiosidades\" href=\"http:\/\/cozinhadave.com\/sv\/kategori\/kuriosa\/\">CURIOSITIES<\/a><\/div><\/div><h3 class=\"ultp-block-title\"><a href=\"http:\/\/cozinhadave.com\/sv\/que-tipo-de-vasilha-pode-por-dentro-da-airfryer\/\">Que tipo de vasilha pode por dentro da airfryer: Dicas espertas<\/a><\/h3><div class=\"ultp-block-excerpt\"><p>Se voc\u00ea \u00e9 como eu e adora uma comidinha pr\u00e1tica, saud\u00e1vel e deliciosa, com certeza j\u00e1 conhece a airfryer. Mas, assim como eu, tamb\u00e9m deve ter se perguntado: que tipo de vasilha \u00e9 seguro usar dentro da airfryer? Que tipo&hellip;<\/p>\n<\/div><div class=\"ultp-block-readmore\"><a aria-label=\"Que tipo de vasilha pode por dentro da airfryer: Dicas espertas\" href=\"http:\/\/cozinhadave.com\/sv\/que-tipo-de-vasilha-pode-por-dentro-da-airfryer\/\">L\u00e4r dig mer<svg xmlns=\"http:\/\/www.w3.org\/2000\/svg\" fill=\"none\" viewbox=\"0 0 24 24\">\n  <path stroke=\"currentColor\" stroke-linecap=\"round\" stroke-linejoin=\"round\" stroke-width=\"1.5\" d=\"m12 20.5 8.5-8.5m0 0L12 3.5m8.5 8.5h-17\"\/>\n<\/svg>\n<\/a><\/div><\/div><\/div><\/div><\/div><div class=\"ultp-loadmore\"><span class=\"ultp-loadmore-action\" tabindex=\"0\" role=\"button\" data-pages=\"13\" data-pagenum=\"1\"  data-expost=\"\" data-blockid=\"90be0d\" data-blockname=\"ultimate-post_post-list-3\" data-postid=\"21097\" data-selfpostid=\"yes\">Se mer om <span class=\"ultp-spin\"><svg xmlns=\"http:\/\/www.w3.org\/2000\/svg\" fill=\"none\" viewbox=\"0 0 24 24\">\n  <path stroke=\"currentColor\" stroke-linecap=\"round\" stroke-linejoin=\"round\" stroke-width=\"1.5\" d=\"M21 12a9 9 0 0 1-17 4.127M3 12a9 9 0 0 1 17-4.127M20 3v5h-5M4 21v-5h5\"\/>\n<\/svg>\n<\/span><\/span><\/div><\/div><div class=\"pagination-block-html\" aria-hidden=\"true\" style=\"display: none;\"><\/div><\/div><\/div>\n\n\n\n<div class=\"wp-block-uagb-container uagb-block-179d179f\"><\/div>\n<\/div><\/div>","protected":false},"excerpt":{"rendered":"<p>CURIOSIDADES Aqui, voc\u00ea encontrar\u00e1 uma cole\u00e7\u00e3o fascinante de curiosidades intrigantes e surpreendentes relacionadas ao mundo da gastronomia. Desde fatos hist\u00f3ricos sobre pratos ic\u00f4nicos at\u00e9 segredos pouco conhecidos sobre ingredientes comuns, cada artigo \u00e9 uma viagem emocionante pelo universo da culin\u00e1ria. Prepare-se para se encantar e se inspirar com as curiosidades que revelam os bastidores e&hellip;&nbsp;<\/p>\n<div class=\"read-more-wrapper\"><a href=\"http:\/\/cozinhadave.com\/sv\/kuriosa\/\" class=\"button button-secondary\" rel=\"bookmark\">L\u00e4s mer \"<span class=\"screen-reader-text\">CURIOSITIES<\/span><\/a><\/div>","protected":false},"author":10,"featured_media":0,"parent":0,"menu_order":0,"comment_status":"closed","ping_status":"closed","template":"","meta":{"_uag_custom_page_level_css":"","wprm-recipe-roundup-name":"","wprm-recipe-roundup-description":"","neve_meta_sidebar":"","neve_meta_container":"","neve_meta_enable_content_width":"","neve_meta_content_width":0,"neve_meta_title_alignment":"","neve_meta_author_avatar":"","neve_post_elements_order":"","neve_meta_disable_header":"","neve_meta_disable_footer":"","neve_meta_disable_title":"","neve_meta_reading_time":"","footnotes":""},"class_list":["post-21097","page","type-page","status-publish","hentry"],"uagb_featured_image_src":{"full":false,"thumbnail":false,"medium":false,"medium_large":false,"large":false,"1536x1536":false,"2048x2048":false,"trp-custom-language-flag":false,"ultp_layout_landscape_large":false,"ultp_layout_landscape":false,"ultp_layout_portrait":false,"ultp_layout_square":false,"wprm-metadata-1_1":false,"wprm-metadata-4_3":false,"wprm-metadata-16_9":false,"neve-blog":false},"uagb_author_info":{"display_name":"Paulo RIbeiro","author_link":"http:\/\/cozinhadave.com\/sv\/author\/paulomiguelribeirogmail-com\/"},"uagb_comment_info":0,"uagb_excerpt":"CURIOSIDADES Aqui, voc\u00ea encontrar\u00e1 uma cole\u00e7\u00e3o fascinante de curiosidades intrigantes e surpreendentes relacionadas ao mundo da gastronomia. Desde fatos hist\u00f3ricos sobre pratos ic\u00f4nicos at\u00e9 segredos pouco conhecidos sobre ingredientes comuns, cada artigo \u00e9 uma viagem emocionante pelo universo da culin\u00e1ria. Prepare-se para se encantar e se inspirar com as curiosidades que revelam os bastidores e&hellip;&nbsp;Ler&hellip;","_links":{"self":[{"href":"http:\/\/cozinhadave.com\/sv\/wp-json\/wp\/v2\/pages\/21097","targetHints":{"allow":["GET"]}}],"collection":[{"href":"http:\/\/cozinhadave.com\/sv\/wp-json\/wp\/v2\/pages"}],"about":[{"href":"http:\/\/cozinhadave.com\/sv\/wp-json\/wp\/v2\/types\/page"}],"author":[{"embeddable":true,"href":"http:\/\/cozinhadave.com\/sv\/wp-json\/wp\/v2\/users\/10"}],"replies":[{"embeddable":true,"href":"http:\/\/cozinhadave.com\/sv\/wp-json\/wp\/v2\/comments?post=21097"}],"version-history":[{"count":0,"href":"http:\/\/cozinhadave.com\/sv\/wp-json\/wp\/v2\/pages\/21097\/revisions"}],"wp:attachment":[{"href":"http:\/\/cozinhadave.com\/sv\/wp-json\/wp\/v2\/media?parent=21097"}],"curies":[{"name":"wp","href":"https:\/\/api.w.org\/{rel}","templated":true}]}}