{"id":21056,"date":"2024-05-04T19:42:44","date_gmt":"2024-05-04T19:42:44","guid":{"rendered":"http:\/\/cozinhadave.com\/?page_id=21056"},"modified":"2024-05-05T12:28:55","modified_gmt":"2024-05-05T12:28:55","slug":"ingredienser","status":"publish","type":"page","link":"http:\/\/cozinhadave.com\/sv\/ingredienser\/","title":{"rendered":"INGREDIENSER"},"content":{"rendered":"<div class=\"wp-block-uagb-advanced-heading uagb-block-ca604257\"><h2 class=\"uagb-heading-text\">INGREDIENSER<\/h2><\/div>\n\n\n\n<div class=\"wp-block-uagb-container uagb-block-26a8be47 alignfull uagb-is-root-container\"><div class=\"uagb-container-inner-blocks-wrap\">\n<div class=\"wp-block-uagb-container uagb-block-71bdc037\"><\/div>\n\n\n\n<div class=\"wp-block-uagb-container uagb-block-46bd2a80\">\n<p class=\"has-neve-text-color-color has-text-color has-link-color wp-elements-96b20d9dd996dfb8caa09f5c806e99b4\">F\u00f6r att f\u00e5 ett uts\u00f6kt recept m\u00e5ste du alltid v\u00e4lja r\u00e4tt ingredienser. F\u00f6r att g\u00f6ra detta m\u00e5ste du identifiera om ingredienserna \u00e4r de r\u00e4tta f\u00f6r det recept du f\u00f6rbereder.&nbsp;<\/p>\n\n\n\n<p class=\"has-neve-text-color-color has-text-color has-link-color wp-elements-4235dfc56ac7d7634b643e3f4a0e2fe2\">H\u00e4r erbjuder vi flera gratis guider om de mest varierande ingredienserna som vi normalt anv\u00e4nder i v\u00e5ra recept, men det b\u00e4sta \u00e4r att du fr\u00e5n och med idag kommer att f\u00f6rst\u00e5 alla \u00e4mnen om ingredienser.<\/p>\n\n\n\n<p class=\"has-neve-text-color-color has-text-color has-link-color wp-elements-3b1cca380c5bf00ef1d1f560de1888d4\">&nbsp;Fr\u00e5n deras historia, hur de produceras, deras h\u00e4lsof\u00f6rdelar, n\u00e4ringsv\u00e4rden och naturligtvis hur de anv\u00e4nds i de mest popul\u00e4ra recepten, liksom m\u00e5nga andra saker ...<\/p>\n\n\n<div  class=\"wp-block-ultimate-post-advanced-search ultp-block-477790\"><div class=\"ultp-block-wrapper\"><div class=\"ultp-search-container ultp-search-frontend\"  data-ajax=\"1\" data-gosearch=\"1\" data-enablenewtab=\"\" data-blockid=\"477790\" \n                    data-image=\"1\"  data-author= \"data-date=\"\"\" data-excerpt=\"\" data-excerptlimit=\"25\" data-allresult=\"\" data-catenable=\"\"  data-postno=\"3\"  data-noresultext=\"N\u00e3o foram encontrados resultados\"   data-popupposition=\"right\" data-searchposttype=\"\"><div class=\"ultp-searchform-content ultp-searchform-input1\"><div class=\"ultp-search-inputwrap\"> <input type=\"text\" value=\"\" class=\"ultp-searchres-input\"  placeholder=\"S\u00f6k efter ingredienser\"\/> <span class=\"ultp-search-clear\" data-blockid=\"477790\"><svg xmlns=\"http:\/\/www.w3.org\/2000\/svg\" fill=\"none\" viewbox=\"0 0 24 24\">\n  <path stroke=\"currentColor\" stroke-linecap=\"round\" stroke-width=\"1.5\" d=\"m6 6 6 6m0 0 6 6m-6-6 6-6m-6 6-6 6\"\/>\n<\/svg>\n<\/span> <\/div><div class=\"ultp-search-button\"><svg xmlns=\"http:\/\/www.w3.org\/2000\/svg\" fill=\"none\" viewbox=\"0 0 24 24\">\n  <path stroke=\"currentColor\" stroke-linecap=\"round\" stroke-linejoin=\"round\" stroke-width=\"1.5\" d=\"M11 19a8 8 0 1 0 0-16 8 8 0 0 0 0 16Zm10 2-4.35-4.35\"\/>\n<\/svg>\n<span class=\"ultp-search-button__text\"> S\u00f6k p\u00e5 <\/span><\/div><\/div><\/div><\/div><\/div><\/div>\n\n\n\n<div class=\"wp-block-uagb-container uagb-block-59e8365b\"><\/div>\n<\/div><\/div>\n\n\n\n<div class=\"nv-cv-d nv-cv-m wp-block-uagb-container uagb-block-bb890383 alignfull uagb-is-root-container\"><div class=\"uagb-container-inner-blocks-wrap\">\n<div class=\"wp-block-uagb-container uagb-block-07f24e17\"><\/div>\n\n\n\n<div class=\"wp-block-uagb-container uagb-block-894989ec\"><div  class=\"ultp-post-grid-block wp-block-ultimate-post-post-list-3 ultp-block-3f3328\"><div class=\"ultp-block-wrapper\"><div class=\"ultp-loading\"><div class=\"ultp-loading-blocks\" style=\"width:100%;height:100%;\"><div style=\"left: 0;top: 0;animation-delay:0s;\"><\/div><div style=\"left: 21px;top: 0;animation-delay:0.125s;\"><\/div><div style=\"left: 42px;top: 0;animation-delay:0.25s;\"><\/div><div style=\"left: 0;top: 21px;animation-delay:0.875s;\"><\/div><div style=\"left: 42px;top: 21px;animation-delay:0.375s;\"><\/div><div style=\"left: 0;top: 42px;animation-delay:0.75s;\"><\/div><div style=\"left: 42px;top: 42px;animation-delay:0.625s;\"><\/div><div style=\"left: 21px;top: 42px;animation-delay:0.5s;\"><\/div><\/div><\/div><div class=\"ultp-heading-filter\"><div class=\"ultp-heading-filter-in\"><div class=\"ultp-filter-navigation\"><div class=\"ultp-filter-wrap\" data-taxtype=\"category\" data-blockid=\"3f3328\" data-blockname=\"ultimate-post_post-list-3\" data-postid=\"21056\"data-selfpostid=\"yes\"><ul class=\"ultp-flex-menu\" data-name=\"More\"><li class=\"filter-item\"><a class=\"filter-active\" data-taxonomy=\"\" href=\"#\">ALLA<\/a><\/li><li class=\"filter-item\"><a data-taxonomy=\"condimentos\" href=\"#\">KONDIMENTER<\/a><\/li><li class=\"filter-item\"><a data-taxonomy=\"frutas\" href=\"#\">FRUKT<\/a><\/li><li class=\"filter-item\"><a data-taxonomy=\"legumes\" href=\"#\">LEGUMEN<\/a><\/li><li class=\"filter-item\"><a data-taxonomy=\"verduras\" href=\"#\">VEGETABLER<\/a><\/li><li class=\"filter-item\"><a data-taxonomy=\"queijos\" href=\"#\">OST<\/a><\/li><\/ul><\/div><\/div><\/div><\/div><div class=\"ultp-block-items-wrap ultp-block-row ultp-block-column-1 ultp-block-content-middle ultp-layout1\"><div class=\"ultp-block-item ultp-block-media post-id-17265\"><div class=\"ultp-block-content-wrap\"><div class=\"ultp-block-image ultp-block-image-opacity\"><a href=\"http:\/\/cozinhadave.com\/sv\/melado\/\"><img decoding=\"async\"  alt=\"Melass\"  src=\"http:\/\/cozinhadave.com\/wp-content\/uploads\/2023\/09\/melado5-600x585.jpg\" \/><\/a><\/div><div class=\"ultp-block-content\"><div class=\"ultp-category-grid ultp-category-classic ultp-category-aboveTitle\"><div class=\"ultp-category-in\"><a class=\"ultp-cat-ingredientes\" href=\"http:\/\/cozinhadave.com\/sv\/kategori\/ingredienser\/\">INGREDIENSER<\/a><a class=\"ultp-cat-condimentos\" href=\"http:\/\/cozinhadave.com\/sv\/kategori\/ingredienser\/condimentos\/\">KONDIMENTER<\/a><\/div><\/div><h3 class=\"ultp-block-title\"><a href=\"http:\/\/cozinhadave.com\/sv\/melado\/\">Melado: Uppt\u00e4ck hemligheterna och f\u00f6rdelarna med denna brasilianska s\u00f6tsak<\/a><\/h3><div class=\"ultp-block-excerpt\"><p>Ol\u00e1, amigos! Hoje vamos falar sobre um doce que \u00e9 a cara do Brasil: o melado! Esse ingrediente \u00e9 t\u00e3o vers\u00e1til e saboroso que n\u00e3o poderia ser esquecido na culin\u00e1ria brasileira. Al\u00e9m disso, ele tamb\u00e9m \u00e9 ben\u00e9fico para a sa\u00fade!&hellip;<\/p>\n<\/div><div class=\"ultp-block-readmore\"><a aria-label=\"Melado: Uppt\u00e4ck hemligheterna och f\u00f6rdelarna med denna brasilianska s\u00f6tsak\" href=\"http:\/\/cozinhadave.com\/sv\/melado\/\">L\u00e4r dig mer<svg xmlns=\"http:\/\/www.w3.org\/2000\/svg\" fill=\"none\" viewbox=\"0 0 24 24\">\n  <path stroke=\"currentColor\" stroke-linecap=\"round\" stroke-linejoin=\"round\" stroke-width=\"1.5\" d=\"m12 20.5 8.5-8.5m0 0L12 3.5m8.5 8.5h-17\"\/>\n<\/svg>\n<\/a><\/div><\/div><\/div><\/div><div class=\"ultp-block-item ultp-block-media post-id-17736\"><div class=\"ultp-block-content-wrap\"><div class=\"ultp-block-image ultp-block-image-opacity\"><a href=\"http:\/\/cozinhadave.com\/sv\/cikoria\/\"><img decoding=\"async\"  alt=\"cikoria\"  src=\"http:\/\/cozinhadave.com\/wp-content\/uploads\/2023\/08\/chicoria-4-600x585.jpg\" \/><\/a><\/div><div class=\"ultp-block-content\"><div class=\"ultp-category-grid ultp-category-classic ultp-category-aboveTitle\"><div class=\"ultp-category-in\"><a class=\"ultp-cat-ingredientes\" href=\"http:\/\/cozinhadave.com\/sv\/kategori\/ingredienser\/\">INGREDIENSER<\/a><a class=\"ultp-cat-legumes\" href=\"http:\/\/cozinhadave.com\/sv\/kategori\/ingredienser\/gronsaker\/\">LEGUMEN<\/a><\/div><\/div><h3 class=\"ultp-block-title\"><a href=\"http:\/\/cozinhadave.com\/sv\/cikoria\/\">Cikoria: en f\u00f6rtrollande \u00f6rt som er\u00f6vrade min smak i Brasilien<\/a><\/h3><div class=\"ultp-block-excerpt\"><p>Ah, a chic\u00f3ria. Essa erva com gosto amargo e textura crocante que conquistou meu paladar desde que cheguei ao Brasil. Eu nunca havia visto essa verdura em minha terra natal, mas aqui, ela \u00e9 um ingrediente comum em v\u00e1rios pratos.&hellip;<\/p>\n<\/div><div class=\"ultp-block-readmore\"><a aria-label=\"Cikoria: en f\u00f6rtrollande \u00f6rt som er\u00f6vrade min smak i Brasilien\" href=\"http:\/\/cozinhadave.com\/sv\/cikoria\/\">L\u00e4r dig mer<svg xmlns=\"http:\/\/www.w3.org\/2000\/svg\" fill=\"none\" viewbox=\"0 0 24 24\">\n  <path stroke=\"currentColor\" stroke-linecap=\"round\" stroke-linejoin=\"round\" stroke-width=\"1.5\" d=\"m12 20.5 8.5-8.5m0 0L12 3.5m8.5 8.5h-17\"\/>\n<\/svg>\n<\/a><\/div><\/div><\/div><\/div><div class=\"ultp-block-item ultp-block-media post-id-20868\"><div class=\"ultp-block-content-wrap\"><div class=\"ultp-block-image ultp-block-image-opacity\"><a href=\"http:\/\/cozinhadave.com\/sv\/vad-heter-jordgubbe\/\"><img decoding=\"async\"  alt=\"vad heter jordgubbe\"  src=\"http:\/\/cozinhadave.com\/wp-content\/uploads\/2023\/11\/qual-e-o-nome-de-morango-600x600.jpg\" \/><\/a><\/div><div class=\"ultp-block-content\"><div class=\"ultp-category-grid ultp-category-classic ultp-category-aboveTitle\"><div class=\"ultp-category-in\"><a class=\"ultp-cat-ingredientes\" href=\"http:\/\/cozinhadave.com\/sv\/kategori\/ingredienser\/\">INGREDIENSER<\/a><a class=\"ultp-cat-frutas\" href=\"http:\/\/cozinhadave.com\/sv\/kategori\/ingredienser\/frukt\/\">FRUKT<\/a><\/div><\/div><h3 class=\"ultp-block-title\"><a href=\"http:\/\/cozinhadave.com\/sv\/vad-heter-jordgubbe\/\">Ta reda p\u00e5 vad jordgubben heter i den botaniska v\u00e4rlden<\/a><\/h3><div class=\"ultp-block-excerpt\"><p>Voc\u00ea sabia que o morango, t\u00e3o popular na culin\u00e1ria, tem um nome cient\u00edfico espec\u00edfico no mundo da bot\u00e2nica? \u00c9 isso mesmo! E nesta primeira se\u00e7\u00e3o do nosso artigo, vamos explorar qual \u00e9 o nome de morango e descobrir algumas curiosidades&hellip;<\/p>\n<\/div><div class=\"ultp-block-readmore\"><a aria-label=\"Ta reda p\u00e5 vad jordgubben heter i den botaniska v\u00e4rlden\" href=\"http:\/\/cozinhadave.com\/sv\/vad-heter-jordgubbe\/\">L\u00e4r dig mer<svg xmlns=\"http:\/\/www.w3.org\/2000\/svg\" fill=\"none\" viewbox=\"0 0 24 24\">\n  <path stroke=\"currentColor\" stroke-linecap=\"round\" stroke-linejoin=\"round\" stroke-width=\"1.5\" d=\"m12 20.5 8.5-8.5m0 0L12 3.5m8.5 8.5h-17\"\/>\n<\/svg>\n<\/a><\/div><\/div><\/div><\/div><div class=\"ultp-block-item ultp-block-media post-id-17652\"><div class=\"ultp-block-content-wrap\"><div class=\"ultp-block-image ultp-block-image-opacity\"><a href=\"http:\/\/cozinhadave.com\/sv\/agriao\/\"><img decoding=\"async\"  alt=\"krasse\"  src=\"http:\/\/cozinhadave.com\/wp-content\/uploads\/2023\/08\/agriao-3-600x585.jpg\" \/><\/a><\/div><div class=\"ultp-block-content\"><div class=\"ultp-category-grid ultp-category-classic ultp-category-aboveTitle\"><div class=\"ultp-category-in\"><a class=\"ultp-cat-ingredientes\" href=\"http:\/\/cozinhadave.com\/sv\/kategori\/ingredienser\/\">INGREDIENSER<\/a><a class=\"ultp-cat-legumes\" href=\"http:\/\/cozinhadave.com\/sv\/kategori\/ingredienser\/gronsaker\/\">LEGUMEN<\/a><\/div><\/div><h3 class=\"ultp-block-title\"><a href=\"http:\/\/cozinhadave.com\/sv\/agriao\/\">Vattenkrasse: Den goda och n\u00e4ringsrika hemligheten jag uppt\u00e4ckte i Brasilien<\/a><\/h3><div class=\"ultp-block-excerpt\"><p>Ei, pessoal! Hoje vou falar sobre uma das minhas descobertas mais saborosas e nutritivas durante minha estadia no Brasil: o agri\u00e3o! Eu nunca tinha experimentado essa planta antes, mas agora n\u00e3o posso imaginar minha vida sem ela. Agri\u00e3o: O segredo&hellip;<\/p>\n<\/div><div class=\"ultp-block-readmore\"><a aria-label=\"Vattenkrasse: Den goda och n\u00e4ringsrika hemligheten jag uppt\u00e4ckte i Brasilien\" href=\"http:\/\/cozinhadave.com\/sv\/agriao\/\">L\u00e4r dig mer<svg xmlns=\"http:\/\/www.w3.org\/2000\/svg\" fill=\"none\" viewbox=\"0 0 24 24\">\n  <path stroke=\"currentColor\" stroke-linecap=\"round\" stroke-linejoin=\"round\" stroke-width=\"1.5\" d=\"m12 20.5 8.5-8.5m0 0L12 3.5m8.5 8.5h-17\"\/>\n<\/svg>\n<\/a><\/div><\/div><\/div><\/div><div class=\"ultp-block-item ultp-block-media post-id-13807\"><div class=\"ultp-block-content-wrap\"><div class=\"ultp-block-image ultp-block-image-opacity\"><a href=\"http:\/\/cozinhadave.com\/sv\/typer-av-tomater\/\"><img decoding=\"async\"  alt=\"10 sorters tomater som kommer att f\u00f6rb\u00e4ttra dina recept avsev\u00e4rt\"  src=\"http:\/\/cozinhadave.com\/wp-content\/uploads\/2022\/10\/10-tipos-de-tomate-que-irao-melhorar-muito-suas-receitas-1-600x600.webp\" \/><\/a><\/div><div class=\"ultp-block-content\"><div class=\"ultp-category-grid ultp-category-classic ultp-category-aboveTitle\"><div class=\"ultp-category-in\"><a class=\"ultp-cat-ingredientes\" href=\"http:\/\/cozinhadave.com\/sv\/kategori\/ingredienser\/\">INGREDIENSER<\/a><a class=\"ultp-cat-frutas\" href=\"http:\/\/cozinhadave.com\/sv\/kategori\/ingredienser\/frukt\/\">FRUKT<\/a><\/div><\/div><h3 class=\"ultp-block-title\"><a href=\"http:\/\/cozinhadave.com\/sv\/typer-av-tomater\/\">10 olika typer av tomat i Brasilien som kommer att f\u00f6rb\u00e4ttra dina recept avsev\u00e4rt<\/a><\/h3><div class=\"ultp-block-excerpt\"><p>Venha descobrir tudo sobre 10 tipos de tomate que v\u00e3o melhorar drasticamente suas receitas de culin\u00e1ria. Iremos fazer uma an\u00e1lise extensiva sobre este fruto muito utilizado na gastronomia do mundo todo. 10 diferentes tipos de tomate no brasil que ir\u00e3o&hellip;<\/p>\n<\/div><div class=\"ultp-block-readmore\"><a aria-label=\"10 olika typer av tomat i Brasilien som kommer att f\u00f6rb\u00e4ttra dina recept avsev\u00e4rt\" href=\"http:\/\/cozinhadave.com\/sv\/typer-av-tomater\/\">L\u00e4r dig mer<svg xmlns=\"http:\/\/www.w3.org\/2000\/svg\" fill=\"none\" viewbox=\"0 0 24 24\">\n  <path stroke=\"currentColor\" stroke-linecap=\"round\" stroke-linejoin=\"round\" stroke-width=\"1.5\" d=\"m12 20.5 8.5-8.5m0 0L12 3.5m8.5 8.5h-17\"\/>\n<\/svg>\n<\/a><\/div><\/div><\/div><\/div><div class=\"ultp-block-item ultp-block-media post-id-16807\"><div class=\"ultp-block-content-wrap\"><div class=\"ultp-block-image ultp-block-image-opacity\"><a href=\"http:\/\/cozinhadave.com\/sv\/feijao-azuki\/\"><img decoding=\"async\"  alt=\"azukib\u00f6nor\"  src=\"http:\/\/cozinhadave.com\/wp-content\/uploads\/2023\/08\/feijao-azuki-600x585.jpg\" \/><\/a><\/div><div class=\"ultp-block-content\"><div class=\"ultp-category-grid ultp-category-classic ultp-category-aboveTitle\"><div class=\"ultp-category-in\"><a class=\"ultp-cat-ingredientes\" href=\"http:\/\/cozinhadave.com\/sv\/kategori\/ingredienser\/\">INGREDIENSER<\/a><a class=\"ultp-cat-legumes\" href=\"http:\/\/cozinhadave.com\/sv\/kategori\/ingredienser\/gronsaker\/\">LEGUMEN<\/a><\/div><\/div><h3 class=\"ultp-block-title\"><a href=\"http:\/\/cozinhadave.com\/sv\/feijao-azuki\/\">Azukib\u00f6nor: Delikatessen som vann mitt hj\u00e4rta och mina smakl\u00f6kar i Brasilien<\/a><\/h3><div class=\"ultp-block-excerpt\"><p>Feij\u00e3o Azuki: A del\u00edcia que ganhou meu cora\u00e7\u00e3o e paladar no Brasil Desde que cheguei ao Brasil, h\u00e1 alguns anos, tenho experimentado muitas comidas diferentes. Algumas eu adorei, outras nem tanto. Mas, h\u00e1 uma que conquistou completamente meu cora\u00e7\u00e3o e&hellip;<\/p>\n<\/div><div class=\"ultp-block-readmore\"><a aria-label=\"Azukib\u00f6nor: Delikatessen som vann mitt hj\u00e4rta och mina smakl\u00f6kar i Brasilien\" href=\"http:\/\/cozinhadave.com\/sv\/feijao-azuki\/\">L\u00e4r dig mer<svg xmlns=\"http:\/\/www.w3.org\/2000\/svg\" fill=\"none\" viewbox=\"0 0 24 24\">\n  <path stroke=\"currentColor\" stroke-linecap=\"round\" stroke-linejoin=\"round\" stroke-width=\"1.5\" d=\"m12 20.5 8.5-8.5m0 0L12 3.5m8.5 8.5h-17\"\/>\n<\/svg>\n<\/a><\/div><\/div><\/div><\/div><div class=\"ultp-block-item ultp-block-media post-id-17821\"><div class=\"ultp-block-content-wrap\"><div class=\"ultp-block-image ultp-block-image-opacity\"><a href=\"http:\/\/cozinhadave.com\/sv\/feijao-branco\/\"><img decoding=\"async\"  alt=\"vita b\u00f6nor\"  src=\"http:\/\/cozinhadave.com\/wp-content\/uploads\/2023\/08\/feijao-branco-7-600x585.jpg\" \/><\/a><\/div><div class=\"ultp-block-content\"><div class=\"ultp-category-grid ultp-category-classic ultp-category-aboveTitle\"><div class=\"ultp-category-in\"><a class=\"ultp-cat-ingredientes\" href=\"http:\/\/cozinhadave.com\/sv\/kategori\/ingredienser\/\">INGREDIENSER<\/a><a class=\"ultp-cat-legumes\" href=\"http:\/\/cozinhadave.com\/sv\/kategori\/ingredienser\/gronsaker\/\">LEGUMEN<\/a><\/div><\/div><h3 class=\"ultp-block-title\"><a href=\"http:\/\/cozinhadave.com\/sv\/feijao-branco\/\">Vita b\u00f6nor: de l\u00e4ckra hemligheterna jag uppt\u00e4ckte!<\/a><\/h3><div class=\"ultp-block-excerpt\"><p>Como jornalista gastron\u00f4mico, eu sempre estou em busca de ingredientes \u00fanicos que podem transformar uma receita comum em algo extraordin\u00e1rio. Recentemente, eu descobri o Feij\u00e3o branco e fiquei impressionado com suas propriedades e versatilidade na cozinha. Desde ent\u00e3o, tenho explorado&hellip;<\/p>\n<\/div><div class=\"ultp-block-readmore\"><a aria-label=\"Vita b\u00f6nor: de l\u00e4ckra hemligheterna jag uppt\u00e4ckte!\" href=\"http:\/\/cozinhadave.com\/sv\/feijao-branco\/\">L\u00e4r dig mer<svg xmlns=\"http:\/\/www.w3.org\/2000\/svg\" fill=\"none\" viewbox=\"0 0 24 24\">\n  <path stroke=\"currentColor\" stroke-linecap=\"round\" stroke-linejoin=\"round\" stroke-width=\"1.5\" d=\"m12 20.5 8.5-8.5m0 0L12 3.5m8.5 8.5h-17\"\/>\n<\/svg>\n<\/a><\/div><\/div><\/div><\/div><div class=\"ultp-block-item ultp-block-media post-id-17640\"><div class=\"ultp-block-content-wrap\"><div class=\"ultp-block-image ultp-block-image-opacity\"><a href=\"http:\/\/cozinhadave.com\/sv\/fava-bonor\/\"><img decoding=\"async\"  alt=\"bondb\u00f6nor\"  src=\"http:\/\/cozinhadave.com\/wp-content\/uploads\/2023\/08\/Feijao-fava-600x576.jpg\" \/><\/a><\/div><div class=\"ultp-block-content\"><div class=\"ultp-category-grid ultp-category-classic ultp-category-aboveTitle\"><div class=\"ultp-category-in\"><a class=\"ultp-cat-ingredientes\" href=\"http:\/\/cozinhadave.com\/sv\/kategori\/ingredienser\/\">INGREDIENSER<\/a><a class=\"ultp-cat-legumes\" href=\"http:\/\/cozinhadave.com\/sv\/kategori\/ingredienser\/gronsaker\/\">LEGUMEN<\/a><\/div><\/div><h3 class=\"ultp-block-title\"><a href=\"http:\/\/cozinhadave.com\/sv\/fava-bonor\/\">Favab\u00f6nor: njuter av denna brasilianska delikatess<\/a><\/h3><div class=\"ultp-block-excerpt\"><p>Como jornalista de gastronomia, sempre estou em busca de novos sabores e experi\u00eancias culin\u00e1rias. Recentemente, descobri uma iguaria brasileira que tem me deixado encantada: o feij\u00e3o fava. Feij\u00e3o fava: deliciando-me com essa iguaria brasileira N\u00e3o sei como deixei passar tanto&hellip;<\/p>\n<\/div><div class=\"ultp-block-readmore\"><a aria-label=\"Favab\u00f6nor: njuter av denna brasilianska delikatess\" href=\"http:\/\/cozinhadave.com\/sv\/fava-bonor\/\">L\u00e4r dig mer<svg xmlns=\"http:\/\/www.w3.org\/2000\/svg\" fill=\"none\" viewbox=\"0 0 24 24\">\n  <path stroke=\"currentColor\" stroke-linecap=\"round\" stroke-linejoin=\"round\" stroke-width=\"1.5\" d=\"m12 20.5 8.5-8.5m0 0L12 3.5m8.5 8.5h-17\"\/>\n<\/svg>\n<\/a><\/div><\/div><\/div><\/div><div class=\"ultp-block-item ultp-block-media post-id-16784\"><div class=\"ultp-block-content-wrap\"><div class=\"ultp-block-image ultp-block-image-opacity\"><a href=\"http:\/\/cozinhadave.com\/sv\/jordgubbar-courgette\/\"><img decoding=\"async\"  alt=\"Moganga pumpa\"  src=\"http:\/\/cozinhadave.com\/wp-content\/uploads\/2023\/08\/Abobora-moranga-600x576.jpg\" \/><\/a><\/div><div class=\"ultp-block-content\"><div class=\"ultp-category-grid ultp-category-classic ultp-category-aboveTitle\"><div class=\"ultp-category-in\"><a class=\"ultp-cat-ingredientes\" href=\"http:\/\/cozinhadave.com\/sv\/kategori\/ingredienser\/\">INGREDIENSER<\/a><a class=\"ultp-cat-legumes\" href=\"http:\/\/cozinhadave.com\/sv\/kategori\/ingredienser\/gronsaker\/\">LEGUMEN<\/a><\/div><\/div><h3 class=\"ultp-block-title\"><a href=\"http:\/\/cozinhadave.com\/sv\/jordgubbar-courgette\/\">Strawberry Pumpkin: Revealing Secrets for Delicious Recipes<\/a><\/h3><div class=\"ultp-block-excerpt\"><p>Ol\u00e1 amigos, eu sou uma apaixonado por essa ingrediente de culin\u00e1ria t\u00e3o vers\u00e1til e saborosa, a Ab\u00f3bora Moranga. Neste artigo, vou compartilhar com voc\u00eas alguns dos meus segredos e dicas para preparar receitas deliciosas com essa maravilha da natureza. Se&hellip;<\/p>\n<\/div><div class=\"ultp-block-readmore\"><a aria-label=\"Strawberry Pumpkin: Revealing Secrets for Delicious Recipes\" href=\"http:\/\/cozinhadave.com\/sv\/jordgubbar-courgette\/\">L\u00e4r dig mer<svg xmlns=\"http:\/\/www.w3.org\/2000\/svg\" fill=\"none\" viewbox=\"0 0 24 24\">\n  <path stroke=\"currentColor\" stroke-linecap=\"round\" stroke-linejoin=\"round\" stroke-width=\"1.5\" d=\"m12 20.5 8.5-8.5m0 0L12 3.5m8.5 8.5h-17\"\/>\n<\/svg>\n<\/a><\/div><\/div><\/div><\/div><div class=\"ultp-block-item ultp-block-media post-id-17781\"><div class=\"ultp-block-content-wrap\"><div class=\"ultp-block-image ultp-block-image-opacity\"><a href=\"http:\/\/cozinhadave.com\/sv\/kassava\/\"><img decoding=\"async\"  alt=\"kassava\"  src=\"http:\/\/cozinhadave.com\/wp-content\/uploads\/2023\/08\/aipim-2-600x585.jpg\" \/><\/a><\/div><div class=\"ultp-block-content\"><div class=\"ultp-category-grid ultp-category-classic ultp-category-aboveTitle\"><div class=\"ultp-category-in\"><a class=\"ultp-cat-ingredientes\" href=\"http:\/\/cozinhadave.com\/sv\/kategori\/ingredienser\/\">INGREDIENSER<\/a><a class=\"ultp-cat-legumes\" href=\"http:\/\/cozinhadave.com\/sv\/kategori\/ingredienser\/gronsaker\/\">LEGUMEN<\/a><\/div><\/div><h3 class=\"ultp-block-title\"><a href=\"http:\/\/cozinhadave.com\/sv\/kassava\/\">Aipim: Uppt\u00e4ck hemligheterna och l\u00e4ckerheterna i denna brasilianska skatt<\/a><\/h3><div class=\"ultp-block-excerpt\"><p>Ol\u00e1, pessoal! Hoje eu quero falar sobre um ingrediente que \u00e9 uma verdadeira paix\u00e3o nacional: o aipim! Tamb\u00e9m conhecido como mandioca, macaxeira ou cassava, o aipim \u00e9 um alimento extremamente vers\u00e1til e presente em diversas regi\u00f5es do Brasil. Seja em&hellip;<\/p>\n<\/div><div class=\"ultp-block-readmore\"><a aria-label=\"Aipim: Uppt\u00e4ck hemligheterna och l\u00e4ckerheterna i denna brasilianska skatt\" href=\"http:\/\/cozinhadave.com\/sv\/kassava\/\">L\u00e4r dig mer<svg xmlns=\"http:\/\/www.w3.org\/2000\/svg\" fill=\"none\" viewbox=\"0 0 24 24\">\n  <path stroke=\"currentColor\" stroke-linecap=\"round\" stroke-linejoin=\"round\" stroke-width=\"1.5\" d=\"m12 20.5 8.5-8.5m0 0L12 3.5m8.5 8.5h-17\"\/>\n<\/svg>\n<\/a><\/div><\/div><\/div><\/div><\/div><div class=\"ultp-loadmore\"><span class=\"ultp-loadmore-action\" tabindex=\"0\" role=\"button\" data-pages=\"10\" data-pagenum=\"1\"  data-expost=\"\" data-blockid=\"3f3328\" data-blockname=\"ultimate-post_post-list-3\" data-postid=\"21056\" data-selfpostid=\"yes\">Se mer om <span class=\"ultp-spin\"><svg xmlns=\"http:\/\/www.w3.org\/2000\/svg\" fill=\"none\" viewbox=\"0 0 24 24\">\n  <path stroke=\"currentColor\" stroke-linecap=\"round\" stroke-linejoin=\"round\" stroke-width=\"1.5\" d=\"M21 12a9 9 0 0 1-17 4.127M3 12a9 9 0 0 1 17-4.127M20 3v5h-5M4 21v-5h5\"\/>\n<\/svg>\n<\/span><\/span><\/div><\/div><div class=\"pagination-block-html\" aria-hidden=\"true\" style=\"display: none;\"><\/div><\/div><\/div>\n\n\n\n<div class=\"wp-block-uagb-container uagb-block-179d179f\"><\/div>\n<\/div><\/div>","protected":false},"excerpt":{"rendered":"<p>INGREDIENTES Para uma deliciosa receita, \u00e9 sempre necess\u00e1rio escolher os ingredientes mais adequados. Para que isso aconte\u00e7a voc\u00ea dever\u00e1 identificar se os ingredientes s\u00e3o os mais indicados para a receita que vai preparar.&nbsp; Neste espa\u00e7o oferecemos diversos guias gratuitos sobre os mais variados ingredientes, que normalmente utilizamos nas nossas receitas, mas a parte melhor \u00e9&hellip;&nbsp;<\/p>\n<div class=\"read-more-wrapper\"><a href=\"http:\/\/cozinhadave.com\/sv\/ingredienser\/\" class=\"button button-secondary\" rel=\"bookmark\">L\u00e4s mer \"<span class=\"screen-reader-text\">INGREDIENSER<\/span><\/a><\/div>","protected":false},"author":10,"featured_media":0,"parent":0,"menu_order":0,"comment_status":"closed","ping_status":"closed","template":"","meta":{"_uag_custom_page_level_css":"","wprm-recipe-roundup-name":"","wprm-recipe-roundup-description":"","neve_meta_sidebar":"","neve_meta_container":"","neve_meta_enable_content_width":"","neve_meta_content_width":0,"neve_meta_title_alignment":"","neve_meta_author_avatar":"","neve_post_elements_order":"","neve_meta_disable_header":"","neve_meta_disable_footer":"","neve_meta_disable_title":"","neve_meta_reading_time":"","footnotes":""},"class_list":["post-21056","page","type-page","status-publish","hentry"],"uagb_featured_image_src":{"full":false,"thumbnail":false,"medium":false,"medium_large":false,"large":false,"1536x1536":false,"2048x2048":false,"trp-custom-language-flag":false,"ultp_layout_landscape_large":false,"ultp_layout_landscape":false,"ultp_layout_portrait":false,"ultp_layout_square":false,"wprm-metadata-1_1":false,"wprm-metadata-4_3":false,"wprm-metadata-16_9":false,"neve-blog":false},"uagb_author_info":{"display_name":"Paulo RIbeiro","author_link":"http:\/\/cozinhadave.com\/sv\/author\/paulomiguelribeirogmail-com\/"},"uagb_comment_info":0,"uagb_excerpt":"INGREDIENTES Para uma deliciosa receita, \u00e9 sempre necess\u00e1rio escolher os ingredientes mais adequados. Para que isso aconte\u00e7a voc\u00ea dever\u00e1 identificar se os ingredientes s\u00e3o os mais indicados para a receita que vai preparar.&nbsp; Neste espa\u00e7o oferecemos diversos guias gratuitos sobre os mais variados ingredientes, que normalmente utilizamos nas nossas receitas, mas a parte melhor \u00e9&hellip;&nbsp;Ler&hellip;","_links":{"self":[{"href":"http:\/\/cozinhadave.com\/sv\/wp-json\/wp\/v2\/pages\/21056","targetHints":{"allow":["GET"]}}],"collection":[{"href":"http:\/\/cozinhadave.com\/sv\/wp-json\/wp\/v2\/pages"}],"about":[{"href":"http:\/\/cozinhadave.com\/sv\/wp-json\/wp\/v2\/types\/page"}],"author":[{"embeddable":true,"href":"http:\/\/cozinhadave.com\/sv\/wp-json\/wp\/v2\/users\/10"}],"replies":[{"embeddable":true,"href":"http:\/\/cozinhadave.com\/sv\/wp-json\/wp\/v2\/comments?post=21056"}],"version-history":[{"count":0,"href":"http:\/\/cozinhadave.com\/sv\/wp-json\/wp\/v2\/pages\/21056\/revisions"}],"wp:attachment":[{"href":"http:\/\/cozinhadave.com\/sv\/wp-json\/wp\/v2\/media?parent=21056"}],"curies":[{"name":"wp","href":"https:\/\/api.w.org\/{rel}","templated":true}]}}