{"id":4210,"date":"2020-11-15T11:47:56","date_gmt":"2020-11-15T11:47:56","guid":{"rendered":"http:\/\/cozinhadave.com\/?page_id=4210"},"modified":"2022-04-18T08:29:32","modified_gmt":"2022-04-18T08:29:32","slug":"affiliate-disclosure","status":"publish","type":"page","link":"http:\/\/cozinhadave.com\/nl\/affiliate-disclosure\/","title":{"rendered":"Affiliate promotie"},"content":{"rendered":"<section class=\"wp-block-uagb-columns uagb-columns__wrap uagb-columns__background-undefined uagb-columns__stack-mobile uagb-columns__valign-undefined uagb-columns__gap-10 alignundefined uagb-block-1c755a60\"><div class=\"uagb-columns__overlay\"><\/div><div class=\"uagb-columns__inner-wrap uagb-columns__columns-3\">\n<div class=\"wp-block-uagb-column uagb-column__wrap uagb-column__background-undefined uagb-block-03b8b2d1\"><div class=\"uagb-column__overlay\"><\/div><div class=\"uagb-column__inner-wrap\"><\/div><\/div>\n\n\n\n<div class=\"wp-block-uagb-column uagb-column__wrap uagb-column__background-undefined uagb-block-c2637f0a\"><div class=\"uagb-column__overlay\"><\/div><div class=\"uagb-column__inner-wrap\">\n<h2 class=\"has-text-align-center wp-block-heading\">BEKENDMAKING VAN AFFILIATEN<\/h2>\n\n\n\n<p>De website <a href=\"http:\/\/cozinhadave.com\/nl\/\">cozinhadave.com<\/a> U bent aangesloten bij een aantal bedrijven in uw zakelijke niche. Dit is een van de manieren waarop we ons werk voortdurend kunnen ondersteunen en de kwaliteit kunnen verbeteren van de inhoud die we op onze website en op ons YouTube-kanaal aanbieden.<\/p>\n\n\n\n<p>Affiliate links werken als volgt: telkens wanneer een websitebezoeker op de link klikt, wordt hij doorgestuurd naar de affiliate website (bijvoorbeeld Amazon.com.br) en naar de website wanneer hij een artikel koopt, <a href=\"http:\/\/cozinhadave.com\/nl\/\">cozinhadave.com<\/a> u ontvangt een kleine commissie op de verkoop van dat\/de artikel(en), zonder dat de koper schade ondervindt wat betreft het te betalen bedrag, aangezien hij altijd het normale bedrag betaalt, of zelfs lagere bedragen als er exclusieve promoties zijn.<\/p>\n\n\n\n<p><\/p>\n\n\n\n<p>Daarnaast informeren wij u dat cuisinedave.com deelneemt aan het Amazon Associates-programma, een bemiddelingsdienst tussen Amazon en klanten, die betaalt voor het opnemen van links naar de Amazon-website en aangesloten websites.<\/p>\n\n\n\n<p>Laatste beoordeling gemaakt op 23-01-2021<\/p>\n<\/div><\/div>\n\n\n\n<div class=\"wp-block-uagb-column uagb-column__wrap uagb-column__background-undefined uagb-block-8d13cf53\"><div class=\"uagb-column__overlay\"><\/div><div class=\"uagb-column__inner-wrap\"><\/div><\/div>\n<\/div><\/section>","protected":false},"excerpt":{"rendered":"<p>DIVULGA\u00c7\u00c3O DE AFILIADOS O site cozinhadave.com \u00e9 afiliado de algumas empresas do seu nicho de neg\u00f3cio, esta \u00e9 uma das formas que encontramos para apoiar o nosso trabalho de forma cont\u00ednua e melhorar a qualidade do conte\u00fado que oferecemos no nosso website, bem como no nosso canal de Youtube. O links de afiliados funcionam da&hellip;&nbsp;<\/p>\n<div class=\"read-more-wrapper\"><a href=\"http:\/\/cozinhadave.com\/nl\/affiliate-disclosure\/\" class=\"button button-secondary\" rel=\"bookmark\">Lees meer \"<span class=\"screen-reader-text\">Affiliate promotie<\/span><\/a><\/div>","protected":false},"author":1,"featured_media":0,"parent":0,"menu_order":0,"comment_status":"closed","ping_status":"closed","template":"elementor_theme","meta":{"_uag_custom_page_level_css":"","wprm-recipe-roundup-name":"","wprm-recipe-roundup-description":"","neve_meta_sidebar":"","neve_meta_container":"","neve_meta_enable_content_width":"","neve_meta_content_width":0,"neve_meta_title_alignment":"","neve_meta_author_avatar":"","neve_post_elements_order":"","neve_meta_disable_header":"","neve_meta_disable_footer":"","neve_meta_disable_title":"","neve_meta_reading_time":"","footnotes":""},"class_list":["post-4210","page","type-page","status-publish","hentry"],"uagb_featured_image_src":{"full":false,"thumbnail":false,"medium":false,"medium_large":false,"large":false,"1536x1536":false,"2048x2048":false,"trp-custom-language-flag":false,"ultp_layout_landscape_large":false,"ultp_layout_landscape":false,"ultp_layout_portrait":false,"ultp_layout_square":false,"wprm-metadata-1_1":false,"wprm-metadata-4_3":false,"wprm-metadata-16_9":false,"neve-blog":false},"uagb_author_info":{"display_name":"cozinhadave","author_link":"http:\/\/cozinhadave.com\/nl\/author\/cozinhadave\/"},"uagb_comment_info":0,"uagb_excerpt":"DIVULGA\u00c7\u00c3O DE AFILIADOS O site cozinhadave.com \u00e9 afiliado de algumas empresas do seu nicho de neg\u00f3cio, esta \u00e9 uma das formas que encontramos para apoiar o nosso trabalho de forma cont\u00ednua e melhorar a qualidade do conte\u00fado que oferecemos no nosso website, bem como no nosso canal de Youtube. O links de afiliados funcionam da&hellip;&nbsp;Ler&hellip;","_links":{"self":[{"href":"http:\/\/cozinhadave.com\/nl\/wp-json\/wp\/v2\/pages\/4210","targetHints":{"allow":["GET"]}}],"collection":[{"href":"http:\/\/cozinhadave.com\/nl\/wp-json\/wp\/v2\/pages"}],"about":[{"href":"http:\/\/cozinhadave.com\/nl\/wp-json\/wp\/v2\/types\/page"}],"author":[{"embeddable":true,"href":"http:\/\/cozinhadave.com\/nl\/wp-json\/wp\/v2\/users\/1"}],"replies":[{"embeddable":true,"href":"http:\/\/cozinhadave.com\/nl\/wp-json\/wp\/v2\/comments?post=4210"}],"version-history":[{"count":0,"href":"http:\/\/cozinhadave.com\/nl\/wp-json\/wp\/v2\/pages\/4210\/revisions"}],"wp:attachment":[{"href":"http:\/\/cozinhadave.com\/nl\/wp-json\/wp\/v2\/media?parent=4210"}],"curies":[{"name":"wp","href":"https:\/\/api.w.org\/{rel}","templated":true}]}}