{"id":21097,"date":"2024-05-05T12:10:30","date_gmt":"2024-05-05T12:10:30","guid":{"rendered":"http:\/\/cozinhadave.com\/?page_id=21097"},"modified":"2024-05-05T12:32:23","modified_gmt":"2024-05-05T12:32:23","slug":"curiosa","status":"publish","type":"page","link":"http:\/\/cozinhadave.com\/nl\/curiosa\/","title":{"rendered":"CURIOSITEITEN"},"content":{"rendered":"<div class=\"wp-block-uagb-advanced-heading uagb-block-ca604257\"><h2 class=\"uagb-heading-text\">CURIOSITEITEN<\/h2><\/div>\n\n\n\n<div class=\"wp-block-uagb-container uagb-block-26a8be47 alignfull uagb-is-root-container\"><div class=\"uagb-container-inner-blocks-wrap\">\n<div class=\"wp-block-uagb-container uagb-block-71bdc037\"><\/div>\n\n\n\n<div class=\"wp-block-uagb-container uagb-block-46bd2a80\">\n<p>Hier vind je een fascinerende verzameling intrigerende en verrassende curiosa met betrekking tot de wereld van de gastronomie. <\/p>\n\n\n\n<p>Van historische feiten over iconische gerechten tot weinig bekende geheimen over veelgebruikte ingredi\u00ebnten, elk artikel is een spannende reis door het culinaire universum. <\/p>\n\n\n\n<p>Maak je klaar om betoverd en ge\u00efnspireerd te worden door de curiositeiten die de backstage en de eigenaardigheden achter de smaken waar we van houden onthullen. <\/p>\n\n\n\n<p>Verken onze selectie artikelen en dompel jezelf onder in een wereld van culinaire ontdekkingen die je nieuwsgierigheid zullen prikkelen en je horizon in de keuken zullen verbreden.<\/p>\n\n\n<div  class=\"wp-block-ultimate-post-advanced-search ultp-block-14786a\"><div class=\"ultp-block-wrapper\"><div class=\"ultp-search-container ultp-search-frontend\"  data-ajax=\"1\" data-gosearch=\"1\" data-enablenewtab=\"\" data-blockid=\"14786a\" \n                    data-image=\"1\"  data-author= \"data-date=\"\"\" data-excerpt=\"\" data-excerptlimit=\"25\" data-allresult=\"\" data-catenable=\"\"  data-postno=\"3\"  data-noresultext=\"N\u00e3o foram encontrados resultados\"   data-popupposition=\"right\" data-searchposttype=\"\"><div class=\"ultp-searchform-content ultp-searchform-input1\"><div class=\"ultp-search-inputwrap\"> <input type=\"text\" value=\"\" class=\"ultp-searchres-input\"  placeholder=\"Schrijf hier wat je zoekt\"\/> <span class=\"ultp-search-clear\" data-blockid=\"14786a\"><svg xmlns=\"http:\/\/www.w3.org\/2000\/svg\" fill=\"none\" viewbox=\"0 0 24 24\">\n  <path stroke=\"currentColor\" stroke-linecap=\"round\" stroke-width=\"1.5\" d=\"m6 6 6 6m0 0 6 6m-6-6 6-6m-6 6-6 6\"\/>\n<\/svg>\n<\/span> <\/div><div class=\"ultp-search-button\"><svg xmlns=\"http:\/\/www.w3.org\/2000\/svg\" fill=\"none\" viewbox=\"0 0 24 24\">\n  <path stroke=\"currentColor\" stroke-linecap=\"round\" stroke-linejoin=\"round\" stroke-width=\"1.5\" d=\"M11 19a8 8 0 1 0 0-16 8 8 0 0 0 0 16Zm10 2-4.35-4.35\"\/>\n<\/svg>\n<span class=\"ultp-search-button__text\"> Zoek op <\/span><\/div><\/div><\/div><\/div><\/div><\/div>\n\n\n\n<div class=\"wp-block-uagb-container uagb-block-59e8365b\"><\/div>\n<\/div><\/div>\n\n\n\n<div class=\"nv-cv-d nv-cv-m wp-block-uagb-container uagb-block-bb890383 alignfull uagb-is-root-container\"><div class=\"uagb-container-inner-blocks-wrap\">\n<div class=\"wp-block-uagb-container uagb-block-07f24e17\"><\/div>\n\n\n\n<div class=\"wp-block-uagb-container uagb-block-894989ec\"><div  class=\"ultp-post-grid-block wp-block-ultimate-post-post-list-3 ultp-block-90be0d\"><div class=\"ultp-block-wrapper\"><div class=\"ultp-loading\"><div class=\"ultp-loading-blocks\" style=\"width:100%;height:100%;\"><div style=\"left: 0;top: 0;animation-delay:0s;\"><\/div><div style=\"left: 21px;top: 0;animation-delay:0.125s;\"><\/div><div style=\"left: 42px;top: 0;animation-delay:0.25s;\"><\/div><div style=\"left: 0;top: 21px;animation-delay:0.875s;\"><\/div><div style=\"left: 42px;top: 21px;animation-delay:0.375s;\"><\/div><div style=\"left: 0;top: 42px;animation-delay:0.75s;\"><\/div><div style=\"left: 42px;top: 42px;animation-delay:0.625s;\"><\/div><div style=\"left: 21px;top: 42px;animation-delay:0.5s;\"><\/div><\/div><\/div><div class=\"ultp-heading-filter\"><div class=\"ultp-heading-filter-in\"><div class=\"ultp-filter-navigation\"><\/div><\/div><\/div><div class=\"ultp-block-items-wrap ultp-block-row ultp-block-column-1 ultp-block-content-middle ultp-layout1\"><div class=\"ultp-block-item ultp-block-media post-id-16446\"><div class=\"ultp-block-content-wrap\"><div class=\"ultp-block-image ultp-block-image-opacity\"><a href=\"http:\/\/cozinhadave.com\/nl\/waarom-de-magnetron-het-bord-verwarmt-en-niet-het-voedsel\/\"><img decoding=\"async\"  alt=\"Waarom de magnetron het bord verwarmt en niet het voedsel\"  src=\"http:\/\/cozinhadave.com\/wp-content\/uploads\/2023\/08\/image-3-600x600.png\" \/><\/a><\/div><div class=\"ultp-block-content\"><div class=\"ultp-category-grid ultp-category-classic ultp-category-aboveTitle\"><div class=\"ultp-category-in\"><a class=\"ultp-cat-curiosidades\" href=\"http:\/\/cozinhadave.com\/nl\/categorie\/curiosa\/\">CURIOSITEITEN<\/a><\/div><\/div><h3 class=\"ultp-block-title\"><a href=\"http:\/\/cozinhadave.com\/nl\/waarom-de-magnetron-het-bord-verwarmt-en-niet-het-voedsel\/\">Waarom de magnetron het bord verwarmt en niet het voedsel<\/a><\/h3><div class=\"ultp-block-excerpt\"><p>Waarom de magnetron het bord verwarmt en niet het voedsel Heeft u zich ooit afgevraagd waarom de magnetron het bord verwarmt en niet het voedsel? Als dat zo is, ben je niet de enige die zich dat afvraagt. Ik heb mezelf deze vraag ook gesteld...<\/p>\n<\/div><div class=\"ultp-block-readmore\"><a aria-label=\"Waarom de magnetron het bord verwarmt en niet het voedsel\" href=\"http:\/\/cozinhadave.com\/nl\/waarom-de-magnetron-het-bord-verwarmt-en-niet-het-voedsel\/\">Meer leren<svg xmlns=\"http:\/\/www.w3.org\/2000\/svg\" fill=\"none\" viewbox=\"0 0 24 24\">\n  <path stroke=\"currentColor\" stroke-linecap=\"round\" stroke-linejoin=\"round\" stroke-width=\"1.5\" d=\"m12 20.5 8.5-8.5m0 0L12 3.5m8.5 8.5h-17\"\/>\n<\/svg>\n<\/a><\/div><\/div><\/div><\/div><div class=\"ultp-block-item ultp-block-media post-id-20063\"><div class=\"ultp-block-content-wrap\"><div class=\"ultp-block-image ultp-block-image-opacity\"><a href=\"http:\/\/cozinhadave.com\/nl\/qual-o-nome-da-uva-roxa\/\"><img decoding=\"async\"  alt=\"Paarse druif\"  src=\"http:\/\/cozinhadave.com\/wp-content\/uploads\/2023\/09\/Uva-roxa4-600x585.jpg\" \/><\/a><\/div><div class=\"ultp-block-content\"><div class=\"ultp-category-grid ultp-category-classic ultp-category-aboveTitle\"><div class=\"ultp-category-in\"><a class=\"ultp-cat-curiosidades\" href=\"http:\/\/cozinhadave.com\/nl\/categorie\/curiosa\/\">CURIOSITEITEN<\/a><\/div><\/div><h3 class=\"ultp-block-title\"><a href=\"http:\/\/cozinhadave.com\/nl\/qual-o-nome-da-uva-roxa\/\">Qual o nome da uva roxa? Desvendamos esse segredo para voc\u00ea!<\/a><\/h3><div class=\"ultp-block-excerpt\"><p>Voc\u00ea j\u00e1 se perguntou qual \u00e9 o nome daquela uva roxa deliciosa que aparece em vinhos, receitas e lanches? N\u00f3s entendemos a sua curiosidade e estamos aqui para resolver esse mist\u00e9rio. Prepare-se para descobrir o nome da uva roxa e&hellip;<\/p>\n<\/div><div class=\"ultp-block-readmore\"><a aria-label=\"Qual o nome da uva roxa? Desvendamos esse segredo para voc\u00ea!\" href=\"http:\/\/cozinhadave.com\/nl\/qual-o-nome-da-uva-roxa\/\">Meer leren<svg xmlns=\"http:\/\/www.w3.org\/2000\/svg\" fill=\"none\" viewbox=\"0 0 24 24\">\n  <path stroke=\"currentColor\" stroke-linecap=\"round\" stroke-linejoin=\"round\" stroke-width=\"1.5\" d=\"m12 20.5 8.5-8.5m0 0L12 3.5m8.5 8.5h-17\"\/>\n<\/svg>\n<\/a><\/div><\/div><\/div><\/div><div class=\"ultp-block-item ultp-block-media post-id-17467\"><div class=\"ultp-block-content-wrap\"><div class=\"ultp-block-image ultp-block-image-opacity\"><a href=\"http:\/\/cozinhadave.com\/nl\/pode-usar-saco-de-assar-na-airfryer\/\"><img decoding=\"async\"  alt=\"airfryer zak\"  src=\"http:\/\/cozinhadave.com\/wp-content\/uploads\/2023\/08\/saco-de-assar-na-airfryer-600x576.jpg\" \/><\/a><\/div><div class=\"ultp-block-content\"><div class=\"ultp-category-grid ultp-category-classic ultp-category-aboveTitle\"><div class=\"ultp-category-in\"><a class=\"ultp-cat-curiosidades\" href=\"http:\/\/cozinhadave.com\/nl\/categorie\/curiosa\/\">CURIOSITEITEN<\/a><\/div><\/div><h3 class=\"ultp-block-title\"><a href=\"http:\/\/cozinhadave.com\/nl\/pode-usar-saco-de-assar-na-airfryer\/\">Kun je een braadzak gebruiken in de airfryer? Ontdek het nu en win!<\/a><\/h3><div class=\"ultp-block-excerpt\"><p>Se voc\u00ea \u00e9 daquelas pessoas que adoram preparar alimentos na airfryer, mas fica com receio de utilizar o saco de assar, eu tenho uma boa not\u00edcia pra voc\u00ea: \u00e9 poss\u00edvel sim usar o saco de assar na airfryer! E o&hellip;<\/p>\n<\/div><div class=\"ultp-block-readmore\"><a aria-label=\"Kun je een braadzak gebruiken in de airfryer? Ontdek het nu en win!\" href=\"http:\/\/cozinhadave.com\/nl\/pode-usar-saco-de-assar-na-airfryer\/\">Meer leren<svg xmlns=\"http:\/\/www.w3.org\/2000\/svg\" fill=\"none\" viewbox=\"0 0 24 24\">\n  <path stroke=\"currentColor\" stroke-linecap=\"round\" stroke-linejoin=\"round\" stroke-width=\"1.5\" d=\"m12 20.5 8.5-8.5m0 0L12 3.5m8.5 8.5h-17\"\/>\n<\/svg>\n<\/a><\/div><\/div><\/div><\/div><div class=\"ultp-block-item ultp-block-media post-id-16600\"><div class=\"ultp-block-content-wrap\"><div class=\"ultp-block-image ultp-block-image-opacity\"><a href=\"http:\/\/cozinhadave.com\/nl\/como-esquentar-a-comida-na-airfryer\/\"><img decoding=\"async\"  alt=\"Hoe voedsel opwarmen in de airfryer\"  src=\"http:\/\/cozinhadave.com\/wp-content\/uploads\/2023\/08\/Como-esquentar-a-comida-na-airfryer-600x576.jpg\" \/><\/a><\/div><div class=\"ultp-block-content\"><div class=\"ultp-category-grid ultp-category-classic ultp-category-aboveTitle\"><div class=\"ultp-category-in\"><a class=\"ultp-cat-curiosidades\" href=\"http:\/\/cozinhadave.com\/nl\/categorie\/curiosa\/\">CURIOSITEITEN<\/a><\/div><\/div><h3 class=\"ultp-block-title\"><a href=\"http:\/\/cozinhadave.com\/nl\/como-esquentar-a-comida-na-airfryer\/\">Voedsel verwarmen in de airfryer: onfeilbare tips voor het dagelijks leven<\/a><\/h3><div class=\"ultp-block-excerpt\"><p>Se voc\u00ea \u00e9 como eu, adora comida quente e crocante. Mas, \u00e0s vezes, o tempo \u00e9 curto e recorrer ao micro-ondas pode deixar a comida murcha e sem sabor. \u00c9 a\u00ed que a airfryer entra em cena. Al\u00e9m de cozinhar&hellip;<\/p>\n<\/div><div class=\"ultp-block-readmore\"><a aria-label=\"Voedsel verwarmen in de airfryer: onfeilbare tips voor het dagelijks leven\" href=\"http:\/\/cozinhadave.com\/nl\/como-esquentar-a-comida-na-airfryer\/\">Meer leren<svg xmlns=\"http:\/\/www.w3.org\/2000\/svg\" fill=\"none\" viewbox=\"0 0 24 24\">\n  <path stroke=\"currentColor\" stroke-linecap=\"round\" stroke-linejoin=\"round\" stroke-width=\"1.5\" d=\"m12 20.5 8.5-8.5m0 0L12 3.5m8.5 8.5h-17\"\/>\n<\/svg>\n<\/a><\/div><\/div><\/div><\/div><div class=\"ultp-block-item ultp-block-media post-id-18293\"><div class=\"ultp-block-content-wrap\"><div class=\"ultp-block-image ultp-block-image-opacity\"><a href=\"http:\/\/cozinhadave.com\/nl\/e-verdade-que-forno-eletrico-gasta-muita-energia\/\"><img decoding=\"async\"  alt=\"Het is waar dat elektrische ovens veel energie verbruiken\"  src=\"http:\/\/cozinhadave.com\/wp-content\/uploads\/2023\/08\/E-verdade-que-forno-eletrico-gasta-muita-energia-600x600.jpg\" \/><\/a><\/div><div class=\"ultp-block-content\"><div class=\"ultp-category-grid ultp-category-classic ultp-category-aboveTitle\"><div class=\"ultp-category-in\"><a class=\"ultp-cat-curiosidades\" href=\"http:\/\/cozinhadave.com\/nl\/categorie\/curiosa\/\">CURIOSITEITEN<\/a><\/div><\/div><h3 class=\"ultp-block-title\"><a href=\"http:\/\/cozinhadave.com\/nl\/e-verdade-que-forno-eletrico-gasta-muita-energia\/\">Is het waar dat een elektrische oven veel energie verbruikt? Ontdek het hier!<\/a><\/h3><div class=\"ultp-block-excerpt\"><p>Voc\u00ea j\u00e1 ouviu falar que forno el\u00e9trico gasta muita energia? N\u00f3s entendemos como essa afirma\u00e7\u00e3o pode ser preocupante, especialmente para aqueles que gostam de cozinhar e assar frequentemente em casa. Por isso, decidimos investigar e trazer informa\u00e7\u00f5es concretas sobre o&hellip;<\/p>\n<\/div><div class=\"ultp-block-readmore\"><a aria-label=\"Is het waar dat een elektrische oven veel energie verbruikt? Ontdek het hier!\" href=\"http:\/\/cozinhadave.com\/nl\/e-verdade-que-forno-eletrico-gasta-muita-energia\/\">Meer leren<svg xmlns=\"http:\/\/www.w3.org\/2000\/svg\" fill=\"none\" viewbox=\"0 0 24 24\">\n  <path stroke=\"currentColor\" stroke-linecap=\"round\" stroke-linejoin=\"round\" stroke-width=\"1.5\" d=\"m12 20.5 8.5-8.5m0 0L12 3.5m8.5 8.5h-17\"\/>\n<\/svg>\n<\/a><\/div><\/div><\/div><\/div><div class=\"ultp-block-item ultp-block-media post-id-17491\"><div class=\"ultp-block-content-wrap\"><div class=\"ultp-block-image ultp-block-image-opacity\"><a href=\"http:\/\/cozinhadave.com\/nl\/melhor-forno-para-assar-pao-eletrico-ou-a-gas\/\"><img decoding=\"async\"  alt=\"Qual o melhor forno para assar p\u00e3o el\u00e9trico ou a g\u00e1s\"  src=\"http:\/\/cozinhadave.com\/wp-content\/uploads\/2023\/08\/Qual-o-melhor-forno-para-assar-pao-eletrico-ou-a-gas-600x576.jpg\" \/><\/a><\/div><div class=\"ultp-block-content\"><div class=\"ultp-category-grid ultp-category-classic ultp-category-aboveTitle\"><div class=\"ultp-category-in\"><a class=\"ultp-cat-curiosidades\" href=\"http:\/\/cozinhadave.com\/nl\/categorie\/curiosa\/\">CURIOSITEITEN<\/a><\/div><\/div><h3 class=\"ultp-block-title\"><a href=\"http:\/\/cozinhadave.com\/nl\/melhor-forno-para-assar-pao-eletrico-ou-a-gas\/\">Qual o melhor forno para assar p\u00e3o el\u00e9trico ou a g\u00e1s: Descubra aqui!<\/a><\/h3><div class=\"ultp-block-excerpt\"><p>Hey pessoal, tudo bem? Se voc\u00ea est\u00e1 pensando em assar p\u00e3o em casa, provavelmente j\u00e1 se perguntou: qual o melhor forno para usar, el\u00e9trico ou a g\u00e1s? Qual o melhor forno para assar p\u00e3o el\u00e9trico ou a g\u00e1s: Descubra aqui!&hellip;<\/p>\n<\/div><div class=\"ultp-block-readmore\"><a aria-label=\"Qual o melhor forno para assar p\u00e3o el\u00e9trico ou a g\u00e1s: Descubra aqui!\" href=\"http:\/\/cozinhadave.com\/nl\/melhor-forno-para-assar-pao-eletrico-ou-a-gas\/\">Meer leren<svg xmlns=\"http:\/\/www.w3.org\/2000\/svg\" fill=\"none\" viewbox=\"0 0 24 24\">\n  <path stroke=\"currentColor\" stroke-linecap=\"round\" stroke-linejoin=\"round\" stroke-width=\"1.5\" d=\"m12 20.5 8.5-8.5m0 0L12 3.5m8.5 8.5h-17\"\/>\n<\/svg>\n<\/a><\/div><\/div><\/div><\/div><div class=\"ultp-block-item ultp-block-media post-id-16306\"><div class=\"ultp-block-content-wrap\"><div class=\"ultp-block-image ultp-block-image-opacity\"><a href=\"http:\/\/cozinhadave.com\/nl\/je-kunt-groenten-opwarmen-in-de-magnetron\/\"><img decoding=\"async\"  alt=\"Kun je groenten opwarmen in de magnetron?\"  src=\"http:\/\/cozinhadave.com\/wp-content\/uploads\/2023\/08\/Pode-esquentar-legumes-no-microondas-1-600x600.jpg\" \/><\/a><\/div><div class=\"ultp-block-content\"><div class=\"ultp-category-grid ultp-category-classic ultp-category-aboveTitle\"><div class=\"ultp-category-in\"><a class=\"ultp-cat-curiosidades\" href=\"http:\/\/cozinhadave.com\/nl\/categorie\/curiosa\/\">CURIOSITEITEN<\/a><\/div><\/div><h3 class=\"ultp-block-title\"><a href=\"http:\/\/cozinhadave.com\/nl\/je-kunt-groenten-opwarmen-in-de-magnetron\/\">Kun je groenten opwarmen in de magnetron?<\/a><\/h3><div class=\"ultp-block-excerpt\"><p>Pode esquentar legumes no microondas Voc\u00ea j\u00e1 se perguntou se \u00e9&nbsp;seguro esquentar legumes&nbsp;no micro-ondas? Eu tamb\u00e9m, e ao mergulhar nessa quest\u00e3o, descobri muitos fatos surpreendentes. Neste artigo, vou compartilhar o que aprendi sobre os&nbsp;benef\u00edcios, as&nbsp;t\u00e9cnicas corretas&nbsp;e as&nbsp;precau\u00e7\u00f5es&nbsp;a serem tomadas ao&nbsp;aquecer&hellip;<\/p>\n<\/div><div class=\"ultp-block-readmore\"><a aria-label=\"Kun je groenten opwarmen in de magnetron?\" href=\"http:\/\/cozinhadave.com\/nl\/je-kunt-groenten-opwarmen-in-de-magnetron\/\">Meer leren<svg xmlns=\"http:\/\/www.w3.org\/2000\/svg\" fill=\"none\" viewbox=\"0 0 24 24\">\n  <path stroke=\"currentColor\" stroke-linecap=\"round\" stroke-linejoin=\"round\" stroke-width=\"1.5\" d=\"m12 20.5 8.5-8.5m0 0L12 3.5m8.5 8.5h-17\"\/>\n<\/svg>\n<\/a><\/div><\/div><\/div><\/div><div class=\"ultp-block-item ultp-block-media post-id-18315\"><div class=\"ultp-block-content-wrap\"><div class=\"ultp-block-image ultp-block-image-opacity\"><a href=\"http:\/\/cozinhadave.com\/nl\/hoeveel-een-elektrische-oven-per-dag-verbruikt\/\"><img decoding=\"async\"  alt=\"Hoeveel een elektrische oven per dag uitgeeft\"  src=\"http:\/\/cozinhadave.com\/wp-content\/uploads\/2023\/08\/Quanto-gasta-um-forno-eletrico-por-dia-600x600.jpg\" \/><\/a><\/div><div class=\"ultp-block-content\"><div class=\"ultp-category-grid ultp-category-classic ultp-category-aboveTitle\"><div class=\"ultp-category-in\"><a class=\"ultp-cat-curiosidades\" href=\"http:\/\/cozinhadave.com\/nl\/categorie\/curiosa\/\">CURIOSITEITEN<\/a><\/div><\/div><h3 class=\"ultp-block-title\"><a href=\"http:\/\/cozinhadave.com\/nl\/hoeveel-een-elektrische-oven-per-dag-verbruikt\/\">Hoeveel een elektrische oven per dag besteedt: ontdek en bespaar!<\/a><\/h3><div class=\"ultp-block-excerpt\"><p>Voc\u00ea j\u00e1 parou para pensar em quanto dinheiro gasta por dia usando seu forno el\u00e9trico? Saber o consumo de energia desse eletrodom\u00e9stico \u00e9 importante para controlar sua conta de luz e encontrar formas de economizar. Quanto Gasta um Forno El\u00e9trico&hellip;<\/p>\n<\/div><div class=\"ultp-block-readmore\"><a aria-label=\"Hoeveel een elektrische oven per dag besteedt: ontdek en bespaar!\" href=\"http:\/\/cozinhadave.com\/nl\/hoeveel-een-elektrische-oven-per-dag-verbruikt\/\">Meer leren<svg xmlns=\"http:\/\/www.w3.org\/2000\/svg\" fill=\"none\" viewbox=\"0 0 24 24\">\n  <path stroke=\"currentColor\" stroke-linecap=\"round\" stroke-linejoin=\"round\" stroke-width=\"1.5\" d=\"m12 20.5 8.5-8.5m0 0L12 3.5m8.5 8.5h-17\"\/>\n<\/svg>\n<\/a><\/div><\/div><\/div><\/div><div class=\"ultp-block-item ultp-block-media post-id-18597\"><div class=\"ultp-block-content-wrap\"><div class=\"ultp-block-image ultp-block-image-opacity\"><a href=\"http:\/\/cozinhadave.com\/nl\/invencao-e-evolucao-do-sushi\/\"><img decoding=\"async\"  alt=\"Wetenswaardigheden over de uitvinding en evolutie van sushi\"  src=\"http:\/\/cozinhadave.com\/wp-content\/uploads\/2023\/08\/Fatos-curiosos-sobre-a-invencao-e-evolucao-do-sushi-600x600.jpg\" \/><\/a><\/div><div class=\"ultp-block-content\"><div class=\"ultp-category-grid ultp-category-classic ultp-category-aboveTitle\"><div class=\"ultp-category-in\"><a class=\"ultp-cat-curiosidades\" href=\"http:\/\/cozinhadave.com\/nl\/categorie\/curiosa\/\">CURIOSITEITEN<\/a><\/div><\/div><h3 class=\"ultp-block-title\"><a href=\"http:\/\/cozinhadave.com\/nl\/invencao-e-evolucao-do-sushi\/\">Wetenswaardigheden over de uitvinding en evolutie van sushi<\/a><\/h3><div class=\"ultp-block-excerpt\"><p>N\u00e3o h\u00e1 d\u00favidas de que o sushi \u00e9 um dos pratos mais populares em todo o mundo. Mas voc\u00ea sabia que essa iguaria japonesa tem uma hist\u00f3ria fascinante? Desde suas origens humildes at\u00e9 sua dissemina\u00e7\u00e3o global, o sushi evoluiu muito&hellip;<\/p>\n<\/div><div class=\"ultp-block-readmore\"><a aria-label=\"Wetenswaardigheden over de uitvinding en evolutie van sushi\" href=\"http:\/\/cozinhadave.com\/nl\/invencao-e-evolucao-do-sushi\/\">Meer leren<svg xmlns=\"http:\/\/www.w3.org\/2000\/svg\" fill=\"none\" viewbox=\"0 0 24 24\">\n  <path stroke=\"currentColor\" stroke-linecap=\"round\" stroke-linejoin=\"round\" stroke-width=\"1.5\" d=\"m12 20.5 8.5-8.5m0 0L12 3.5m8.5 8.5h-17\"\/>\n<\/svg>\n<\/a><\/div><\/div><\/div><\/div><div class=\"ultp-block-item ultp-block-media post-id-16624\"><div class=\"ultp-block-content-wrap\"><div class=\"ultp-block-image ultp-block-image-opacity\"><a href=\"http:\/\/cozinhadave.com\/nl\/pode-esquentar-feijao-na-airfryer\/\"><img decoding=\"async\"  alt=\"Je kunt bonen opwarmen in de airfryer\"  src=\"http:\/\/cozinhadave.com\/wp-content\/uploads\/2023\/08\/Pode-esquentar-feijao-na-airfryer-600x576.jpg\" \/><\/a><\/div><div class=\"ultp-block-content\"><div class=\"ultp-category-grid ultp-category-classic ultp-category-aboveTitle\"><div class=\"ultp-category-in\"><a class=\"ultp-cat-curiosidades\" href=\"http:\/\/cozinhadave.com\/nl\/categorie\/curiosa\/\">CURIOSITEITEN<\/a><\/div><\/div><h3 class=\"ultp-block-title\"><a href=\"http:\/\/cozinhadave.com\/nl\/pode-esquentar-feijao-na-airfryer\/\">Kun je bonen opwarmen in de airfryer? Ontdek hier het antwoord!<\/a><\/h3><div class=\"ultp-block-excerpt\"><p>Ol\u00e1, pessoal! Sou um apreciador da culin\u00e1ria e hoje vamos descobrir se \u00e9 poss\u00edvel esquentar feij\u00e3o na airfryer. Sabemos que o feij\u00e3o \u00e9 um prato t\u00edpico e muito consumido no Brasil, por isso, nada melhor do que aprender uma maneira&hellip;<\/p>\n<\/div><div class=\"ultp-block-readmore\"><a aria-label=\"Kun je bonen opwarmen in de airfryer? Ontdek hier het antwoord!\" href=\"http:\/\/cozinhadave.com\/nl\/pode-esquentar-feijao-na-airfryer\/\">Meer leren<svg xmlns=\"http:\/\/www.w3.org\/2000\/svg\" fill=\"none\" viewbox=\"0 0 24 24\">\n  <path stroke=\"currentColor\" stroke-linecap=\"round\" stroke-linejoin=\"round\" stroke-width=\"1.5\" d=\"m12 20.5 8.5-8.5m0 0L12 3.5m8.5 8.5h-17\"\/>\n<\/svg>\n<\/a><\/div><\/div><\/div><\/div><\/div><div class=\"ultp-loadmore\"><span class=\"ultp-loadmore-action\" tabindex=\"0\" role=\"button\" data-pages=\"13\" data-pagenum=\"1\"  data-expost=\"\" data-blockid=\"90be0d\" data-blockname=\"ultimate-post_post-list-3\" data-postid=\"21097\" data-selfpostid=\"yes\">Meer zien <span class=\"ultp-spin\"><svg xmlns=\"http:\/\/www.w3.org\/2000\/svg\" fill=\"none\" viewbox=\"0 0 24 24\">\n  <path stroke=\"currentColor\" stroke-linecap=\"round\" stroke-linejoin=\"round\" stroke-width=\"1.5\" d=\"M21 12a9 9 0 0 1-17 4.127M3 12a9 9 0 0 1 17-4.127M20 3v5h-5M4 21v-5h5\"\/>\n<\/svg>\n<\/span><\/span><\/div><\/div><div class=\"pagination-block-html\" aria-hidden=\"true\" style=\"display: none;\"><\/div><\/div><\/div>\n\n\n\n<div class=\"wp-block-uagb-container uagb-block-179d179f\"><\/div>\n<\/div><\/div>","protected":false},"excerpt":{"rendered":"<p>CURIOSIDADES Aqui, voc\u00ea encontrar\u00e1 uma cole\u00e7\u00e3o fascinante de curiosidades intrigantes e surpreendentes relacionadas ao mundo da gastronomia. Desde fatos hist\u00f3ricos sobre pratos ic\u00f4nicos at\u00e9 segredos pouco conhecidos sobre ingredientes comuns, cada artigo \u00e9 uma viagem emocionante pelo universo da culin\u00e1ria. Prepare-se para se encantar e se inspirar com as curiosidades que revelam os bastidores e&hellip;&nbsp;<\/p>\n<div class=\"read-more-wrapper\"><a href=\"http:\/\/cozinhadave.com\/nl\/curiosa\/\" class=\"button button-secondary\" rel=\"bookmark\">Lees meer \"<span class=\"screen-reader-text\">CURIOSITEITEN<\/span><\/a><\/div>","protected":false},"author":10,"featured_media":0,"parent":0,"menu_order":0,"comment_status":"closed","ping_status":"closed","template":"","meta":{"_uag_custom_page_level_css":"","wprm-recipe-roundup-name":"","wprm-recipe-roundup-description":"","neve_meta_sidebar":"","neve_meta_container":"","neve_meta_enable_content_width":"","neve_meta_content_width":0,"neve_meta_title_alignment":"","neve_meta_author_avatar":"","neve_post_elements_order":"","neve_meta_disable_header":"","neve_meta_disable_footer":"","neve_meta_disable_title":"","neve_meta_reading_time":"","footnotes":""},"class_list":["post-21097","page","type-page","status-publish","hentry"],"uagb_featured_image_src":{"full":false,"thumbnail":false,"medium":false,"medium_large":false,"large":false,"1536x1536":false,"2048x2048":false,"trp-custom-language-flag":false,"ultp_layout_landscape_large":false,"ultp_layout_landscape":false,"ultp_layout_portrait":false,"ultp_layout_square":false,"wprm-metadata-1_1":false,"wprm-metadata-4_3":false,"wprm-metadata-16_9":false,"neve-blog":false},"uagb_author_info":{"display_name":"Paulo RIbeiro","author_link":"http:\/\/cozinhadave.com\/nl\/author\/paulomiguelribeirogmail-com\/"},"uagb_comment_info":0,"uagb_excerpt":"CURIOSIDADES Aqui, voc\u00ea encontrar\u00e1 uma cole\u00e7\u00e3o fascinante de curiosidades intrigantes e surpreendentes relacionadas ao mundo da gastronomia. Desde fatos hist\u00f3ricos sobre pratos ic\u00f4nicos at\u00e9 segredos pouco conhecidos sobre ingredientes comuns, cada artigo \u00e9 uma viagem emocionante pelo universo da culin\u00e1ria. Prepare-se para se encantar e se inspirar com as curiosidades que revelam os bastidores e&hellip;&nbsp;Ler&hellip;","_links":{"self":[{"href":"http:\/\/cozinhadave.com\/nl\/wp-json\/wp\/v2\/pages\/21097","targetHints":{"allow":["GET"]}}],"collection":[{"href":"http:\/\/cozinhadave.com\/nl\/wp-json\/wp\/v2\/pages"}],"about":[{"href":"http:\/\/cozinhadave.com\/nl\/wp-json\/wp\/v2\/types\/page"}],"author":[{"embeddable":true,"href":"http:\/\/cozinhadave.com\/nl\/wp-json\/wp\/v2\/users\/10"}],"replies":[{"embeddable":true,"href":"http:\/\/cozinhadave.com\/nl\/wp-json\/wp\/v2\/comments?post=21097"}],"version-history":[{"count":0,"href":"http:\/\/cozinhadave.com\/nl\/wp-json\/wp\/v2\/pages\/21097\/revisions"}],"wp:attachment":[{"href":"http:\/\/cozinhadave.com\/nl\/wp-json\/wp\/v2\/media?parent=21097"}],"curies":[{"name":"wp","href":"https:\/\/api.w.org\/{rel}","templated":true}]}}