{"id":21098,"date":"2024-05-05T12:21:00","date_gmt":"2024-05-05T12:21:00","guid":{"rendered":"http:\/\/cozinhadave.com\/?page_id=21098"},"modified":"2024-05-05T12:30:53","modified_gmt":"2024-05-05T12:30:53","slug":"tips-and-tricks","status":"publish","type":"page","link":"http:\/\/cozinhadave.com\/en\/tips-and-tricks\/","title":{"rendered":"TIPS AND TRICKS"},"content":{"rendered":"<div class=\"wp-block-uagb-advanced-heading uagb-block-ca604257\"><h2 class=\"uagb-heading-text\">TIPS AND TRICKS<\/h2><\/div>\n\n\n\n<div class=\"wp-block-uagb-container uagb-block-26a8be47 alignfull uagb-is-root-container\"><div class=\"uagb-container-inner-blocks-wrap\">\n<div class=\"wp-block-uagb-container uagb-block-71bdc037\"><\/div>\n\n\n\n<div class=\"wp-block-uagb-container uagb-block-46bd2a80\">\n<p>Here you will find a variety of valuable tricks and tips awaiting those who wish to embark on the culinary learning journey. <\/p>\n\n\n\n<p>Discover essential secrets, from efficient techniques for chopping vegetables to creative suggestions for seasoning dishes, all designed to help those new to cooking feel confident and inspired. <\/p>\n\n\n\n<p>With clear and practical guidelines, this page is an essential resource for anyone looking to improve their skills in the kitchen and venture into new gastronomic experiences. <\/p>\n\n\n\n<p>Explore the articles and take the first steps towards a delicious journey full of culinary discoveries!<\/p>\n\n\n<div  class=\"wp-block-ultimate-post-advanced-search ultp-block-b0bbec\"><div class=\"ultp-block-wrapper\"><div class=\"ultp-search-container ultp-search-frontend\"  data-ajax=\"1\" data-gosearch=\"1\" data-enablenewtab=\"\" data-blockid=\"b0bbec\" \n                    data-image=\"1\"  data-author= \"data-date=\"\"\" data-excerpt=\"\" data-excerptlimit=\"25\" data-allresult=\"\" data-catenable=\"\"  data-postno=\"3\"  data-noresultext=\"N\u00e3o foram encontrados resultados\"   data-popupposition=\"right\" data-searchposttype=\"\"><div class=\"ultp-searchform-content ultp-searchform-input1\"><div class=\"ultp-search-inputwrap\"> <input type=\"text\" value=\"\" class=\"ultp-searchres-input\"  placeholder=\"Write here what you want to look for...\"\/> <span class=\"ultp-search-clear\" data-blockid=\"b0bbec\"><svg xmlns=\"http:\/\/www.w3.org\/2000\/svg\" fill=\"none\" viewbox=\"0 0 24 24\">\n  <path stroke=\"currentColor\" stroke-linecap=\"round\" stroke-width=\"1.5\" d=\"m6 6 6 6m0 0 6 6m-6-6 6-6m-6 6-6 6\"\/>\n<\/svg>\n<\/span> <\/div><div class=\"ultp-search-button\"><svg xmlns=\"http:\/\/www.w3.org\/2000\/svg\" fill=\"none\" viewbox=\"0 0 24 24\">\n  <path stroke=\"currentColor\" stroke-linecap=\"round\" stroke-linejoin=\"round\" stroke-width=\"1.5\" d=\"M11 19a8 8 0 1 0 0-16 8 8 0 0 0 0 16Zm10 2-4.35-4.35\"\/>\n<\/svg>\n<span class=\"ultp-search-button__text\"> Search <\/span><\/div><\/div><\/div><\/div><\/div><\/div>\n\n\n\n<div class=\"wp-block-uagb-container uagb-block-59e8365b\"><\/div>\n<\/div><\/div>\n\n\n\n<div class=\"nv-cv-m wp-block-uagb-container uagb-block-bb890383 alignfull uagb-is-root-container\"><div class=\"uagb-container-inner-blocks-wrap\">\n<div class=\"wp-block-uagb-container uagb-block-07f24e17\"><\/div>\n\n\n\n<div class=\"wp-block-uagb-container uagb-block-894989ec\"><div  class=\"ultp-post-grid-block wp-block-ultimate-post-post-list-3 ultp-block-462144\"><div class=\"ultp-block-wrapper\"><div class=\"ultp-loading\"><div class=\"ultp-loading-blocks\" style=\"width:100%;height:100%;\"><div style=\"left: 0;top: 0;animation-delay:0s;\"><\/div><div style=\"left: 21px;top: 0;animation-delay:0.125s;\"><\/div><div style=\"left: 42px;top: 0;animation-delay:0.25s;\"><\/div><div style=\"left: 0;top: 21px;animation-delay:0.875s;\"><\/div><div style=\"left: 42px;top: 21px;animation-delay:0.375s;\"><\/div><div style=\"left: 0;top: 42px;animation-delay:0.75s;\"><\/div><div style=\"left: 42px;top: 42px;animation-delay:0.625s;\"><\/div><div style=\"left: 21px;top: 42px;animation-delay:0.5s;\"><\/div><\/div><\/div><div class=\"ultp-heading-filter\"><div class=\"ultp-heading-filter-in\"><div class=\"ultp-filter-navigation\"><\/div><\/div><\/div><div class=\"ultp-block-items-wrap ultp-block-row ultp-block-column-1 ultp-block-content-middle ultp-layout1\"><div class=\"ultp-block-item ultp-block-media post-id-12788\"><div class=\"ultp-block-content-wrap\"><div class=\"ultp-block-image ultp-block-image-opacity\"><a href=\"http:\/\/cozinhadave.com\/en\/microwave-cooked-potatoes\/\"><img decoding=\"async\"  alt=\"How to Cook Potatoes in the Microwave\"  src=\"http:\/\/cozinhadave.com\/wp-content\/uploads\/2022\/08\/Como-fazer-batatas-cozidas-no-microondas.webp\" \/><\/a><\/div><div class=\"ultp-block-content\"><div class=\"ultp-category-grid ultp-category-classic ultp-category-aboveTitle\"><div class=\"ultp-category-in\"><a class=\"ultp-cat-truques-dicas\" href=\"http:\/\/cozinhadave.com\/en\/category\/tricks-tips\/\">TIPS &amp; TRICKS<\/a><a class=\"ultp-cat-acompanhamentos\" href=\"http:\/\/cozinhadave.com\/en\/category\/recipes-2\/side-dishes\/\">SIDE DISHES<\/a><\/div><\/div><h3 class=\"ultp-block-title\"><a href=\"http:\/\/cozinhadave.com\/en\/microwave-cooked-potatoes\/\">How to Make Microwave Potatoes Quick and Easy<\/a><\/h3><div class=\"ultp-block-excerpt\"><p>Do you love boiled potatoes but don't have time to cook them in a pot? Don't worry, the microwave is our friend and will save us! In this article, I'll show you how to make baked potatoes in the microwave quickly and...<\/p>\n<\/div><div class=\"ultp-block-readmore\"><a aria-label=\"How to Make Microwave Potatoes Quick and Easy\" href=\"http:\/\/cozinhadave.com\/en\/microwave-cooked-potatoes\/\">Learn More<svg xmlns=\"http:\/\/www.w3.org\/2000\/svg\" fill=\"none\" viewbox=\"0 0 24 24\">\n  <path stroke=\"currentColor\" stroke-linecap=\"round\" stroke-linejoin=\"round\" stroke-width=\"1.5\" d=\"m12 20.5 8.5-8.5m0 0L12 3.5m8.5 8.5h-17\"\/>\n<\/svg>\n<\/a><\/div><\/div><\/div><\/div><div class=\"ultp-block-item ultp-block-media post-id-17940\"><div class=\"ultp-block-content-wrap\"><div class=\"ultp-block-image ultp-block-image-opacity\"><a href=\"http:\/\/cozinhadave.com\/en\/how-to-fry-potatoes-in-the-airfryer\/\"><img decoding=\"async\"  alt=\"How to fry potatoes in the airfryer\"  src=\"http:\/\/cozinhadave.com\/wp-content\/uploads\/2023\/08\/Como-fritar-batata-na-airfryer-600x576.jpg\" \/><\/a><\/div><div class=\"ultp-block-content\"><div class=\"ultp-category-grid ultp-category-classic ultp-category-aboveTitle\"><div class=\"ultp-category-in\"><a class=\"ultp-cat-truques-dicas\" href=\"http:\/\/cozinhadave.com\/en\/category\/tricks-tips\/\">TIPS &amp; TRICKS<\/a><a class=\"ultp-cat-acompanhamentos\" href=\"http:\/\/cozinhadave.com\/en\/category\/recipes-2\/side-dishes\/\">SIDE DISHES<\/a><\/div><\/div><h3 class=\"ultp-block-title\"><a href=\"http:\/\/cozinhadave.com\/en\/how-to-fry-potatoes-in-the-airfryer\/\">How to Fry Potatoes in the Airfryer: Tips and Practical Steps!<\/a><\/h3><div class=\"ultp-block-excerpt\"><p>Hello, reader! If you're a fan of French fries but don't want to give up healthy eating, the Airfryer could be the solution! In this article, I, a lover of French fries, share with you tips and a step-by-step...<\/p>\n<\/div><div class=\"ultp-block-readmore\"><a aria-label=\"How to Fry Potatoes in the Airfryer: Tips and Practical Steps!\" href=\"http:\/\/cozinhadave.com\/en\/how-to-fry-potatoes-in-the-airfryer\/\">Learn More<svg xmlns=\"http:\/\/www.w3.org\/2000\/svg\" fill=\"none\" viewbox=\"0 0 24 24\">\n  <path stroke=\"currentColor\" stroke-linecap=\"round\" stroke-linejoin=\"round\" stroke-width=\"1.5\" d=\"m12 20.5 8.5-8.5m0 0L12 3.5m8.5 8.5h-17\"\/>\n<\/svg>\n<\/a><\/div><\/div><\/div><\/div><div class=\"ultp-block-item ultp-block-media post-id-13401\"><div class=\"ultp-block-content-wrap\"><div class=\"ultp-block-image ultp-block-image-opacity\"><a href=\"http:\/\/cozinhadave.com\/en\/how-to-make-broccoli-in-the-microwave\/\"><img decoding=\"async\"  alt=\"How to cook broccoli in the microwave\"  src=\"http:\/\/cozinhadave.com\/wp-content\/uploads\/2022\/08\/Como-fazer-brocolis-no-microondas-2-600x600.webp\" \/><\/a><\/div><div class=\"ultp-block-content\"><div class=\"ultp-category-grid ultp-category-classic ultp-category-aboveTitle\"><div class=\"ultp-category-in\"><a class=\"ultp-cat-truques-dicas\" href=\"http:\/\/cozinhadave.com\/en\/category\/tricks-tips\/\">TIPS &amp; TRICKS<\/a><a class=\"ultp-cat-acompanhamentos\" href=\"http:\/\/cozinhadave.com\/en\/category\/recipes-2\/side-dishes\/\">SIDE DISHES<\/a><\/div><\/div><h3 class=\"ultp-block-title\"><a href=\"http:\/\/cozinhadave.com\/en\/how-to-make-broccoli-in-the-microwave\/\">How to make broccoli in the microwave in just 2 minutes<\/a><\/h3><div class=\"ultp-block-excerpt\"><p>Who doesn't like broccoli? I think this vegetable is delicious, and best of all, it's super easy and quick to prepare in the microwave. If you've never prepared broccoli in the microwave, check out this simple recipe...<\/p>\n<\/div><div class=\"ultp-block-readmore\"><a aria-label=\"How to make broccoli in the microwave in just 2 minutes\" href=\"http:\/\/cozinhadave.com\/en\/how-to-make-broccoli-in-the-microwave\/\">Learn More<svg xmlns=\"http:\/\/www.w3.org\/2000\/svg\" fill=\"none\" viewbox=\"0 0 24 24\">\n  <path stroke=\"currentColor\" stroke-linecap=\"round\" stroke-linejoin=\"round\" stroke-width=\"1.5\" d=\"m12 20.5 8.5-8.5m0 0L12 3.5m8.5 8.5h-17\"\/>\n<\/svg>\n<\/a><\/div><\/div><\/div><\/div><div class=\"ultp-block-item ultp-block-media post-id-20839\"><div class=\"ultp-block-content-wrap\"><div class=\"ultp-block-image ultp-block-image-opacity\"><a href=\"http:\/\/cozinhadave.com\/en\/how-to-make-couscous-in-the-microwave\/\"><img decoding=\"async\"  alt=\"how to cook couscous in the microwave\"  src=\"http:\/\/cozinhadave.com\/wp-content\/uploads\/2023\/11\/como-cozinhar-cuscuz-no-microondas-600x585.jpg\" \/><\/a><\/div><div class=\"ultp-block-content\"><div class=\"ultp-category-grid ultp-category-classic ultp-category-aboveTitle\"><div class=\"ultp-category-in\"><a class=\"ultp-cat-truques-dicas\" href=\"http:\/\/cozinhadave.com\/en\/category\/tricks-tips\/\">TIPS &amp; TRICKS<\/a><a class=\"ultp-cat-lanches\" href=\"http:\/\/cozinhadave.com\/en\/category\/recipes-2\/lanches\/\">LUNCHES<\/a><\/div><\/div><h3 class=\"ultp-block-title\"><a href=\"http:\/\/cozinhadave.com\/en\/how-to-make-couscous-in-the-microwave\/\">How to make couscous in the microwave in just 3 minutes!<\/a><\/h3><div class=\"ultp-block-excerpt\"><p>Today I'm going to share with you a practical and tasty recipe for making couscous in the microwave. In addition to the traditional recipe, I'm going to show you how to make corn couscous, tapioca couscous and rice couscous using only the microwave. \u00c9...<\/p>\n<\/div><div class=\"ultp-block-readmore\"><a aria-label=\"How to make couscous in the microwave in just 3 minutes!\" href=\"http:\/\/cozinhadave.com\/en\/how-to-make-couscous-in-the-microwave\/\">Learn More<svg xmlns=\"http:\/\/www.w3.org\/2000\/svg\" fill=\"none\" viewbox=\"0 0 24 24\">\n  <path stroke=\"currentColor\" stroke-linecap=\"round\" stroke-linejoin=\"round\" stroke-width=\"1.5\" d=\"m12 20.5 8.5-8.5m0 0L12 3.5m8.5 8.5h-17\"\/>\n<\/svg>\n<\/a><\/div><\/div><\/div><\/div><div class=\"ultp-block-item ultp-block-media post-id-15192\"><div class=\"ultp-block-content-wrap\"><div class=\"ultp-block-image ultp-block-image-opacity\"><a href=\"http:\/\/cozinhadave.com\/en\/how-to-cook-sweet-potatoes-in-the-microwave\/\"><img decoding=\"async\"  alt=\"how to cook sweet potatoes in the microwave\"  src=\"http:\/\/cozinhadave.com\/wp-content\/uploads\/2023\/02\/como-cozinhar-batata-doce-no-micro-ondas-2-600x600.jpg\" \/><\/a><\/div><div class=\"ultp-block-content\"><div class=\"ultp-category-grid ultp-category-classic ultp-category-aboveTitle\"><div class=\"ultp-category-in\"><a class=\"ultp-cat-truques-dicas\" href=\"http:\/\/cozinhadave.com\/en\/category\/tricks-tips\/\">TIPS &amp; TRICKS<\/a><a class=\"ultp-cat-acompanhamentos\" href=\"http:\/\/cozinhadave.com\/en\/category\/recipes-2\/side-dishes\/\">SIDE DISHES<\/a><a class=\"ultp-cat-lanches\" href=\"http:\/\/cozinhadave.com\/en\/category\/recipes-2\/lanches\/\">LUNCHES<\/a><\/div><\/div><h3 class=\"ultp-block-title\"><a href=\"http:\/\/cozinhadave.com\/en\/how-to-cook-sweet-potatoes-in-the-microwave\/\">How to cook sweet potatoes in the microwave in less than 5 minutes<\/a><\/h3><div class=\"ultp-block-excerpt\"><p>Sweet potatoes are a versatile and nutritious food that can be incorporated into many different dishes. However, cooking it can be a time-consuming and laborious task. Fortunately, there is a quick and easy solution for those days when you need\u2026<\/p>\n<\/div><div class=\"ultp-block-readmore\"><a aria-label=\"How to cook sweet potatoes in the microwave in less than 5 minutes\" href=\"http:\/\/cozinhadave.com\/en\/how-to-cook-sweet-potatoes-in-the-microwave\/\">Learn More<svg xmlns=\"http:\/\/www.w3.org\/2000\/svg\" fill=\"none\" viewbox=\"0 0 24 24\">\n  <path stroke=\"currentColor\" stroke-linecap=\"round\" stroke-linejoin=\"round\" stroke-width=\"1.5\" d=\"m12 20.5 8.5-8.5m0 0L12 3.5m8.5 8.5h-17\"\/>\n<\/svg>\n<\/a><\/div><\/div><\/div><\/div><div class=\"ultp-block-item ultp-block-media post-id-15316\"><div class=\"ultp-block-content-wrap\"><div class=\"ultp-block-image ultp-block-image-opacity\"><a href=\"http:\/\/cozinhadave.com\/en\/microwave-mug-pudding\/\"><img decoding=\"async\"  alt=\"pudding in microwave mug\"  src=\"http:\/\/cozinhadave.com\/wp-content\/uploads\/2023\/02\/pudim-na-caneca-de-microondas-600x600.jpg\" \/><\/a><\/div><div class=\"ultp-block-content\"><div class=\"ultp-category-grid ultp-category-classic ultp-category-aboveTitle\"><div class=\"ultp-category-in\"><a class=\"ultp-cat-truques-dicas\" href=\"http:\/\/cozinhadave.com\/en\/category\/tricks-tips\/\">TIPS &amp; TRICKS<\/a><a class=\"ultp-cat-doces-sobremesas\" href=\"http:\/\/cozinhadave.com\/en\/category\/recipes-2\/sweet-desserts\/\">DESSERTS<\/a><\/div><\/div><h3 class=\"ultp-block-title\"><a href=\"http:\/\/cozinhadave.com\/en\/microwave-mug-pudding\/\">Master the art of making microwave mug pudding and impress your friends<\/a><\/h3><div class=\"ultp-block-excerpt\"><p>Ever wish you could make a dessert that would impress your friends and family, but without all the hard work of baking or dealing with complicated recipes? Look no further than this delicious microwave mug pudding! Everything\u2026<\/p>\n<\/div><div class=\"ultp-block-readmore\"><a aria-label=\"Master the art of making microwave mug pudding and impress your friends\" href=\"http:\/\/cozinhadave.com\/en\/microwave-mug-pudding\/\">Learn More<svg xmlns=\"http:\/\/www.w3.org\/2000\/svg\" fill=\"none\" viewbox=\"0 0 24 24\">\n  <path stroke=\"currentColor\" stroke-linecap=\"round\" stroke-linejoin=\"round\" stroke-width=\"1.5\" d=\"m12 20.5 8.5-8.5m0 0L12 3.5m8.5 8.5h-17\"\/>\n<\/svg>\n<\/a><\/div><\/div><\/div><\/div><div class=\"ultp-block-item ultp-block-media post-id-12768\"><div class=\"ultp-block-content-wrap\"><div class=\"ultp-block-image ultp-block-image-opacity\"><a href=\"http:\/\/cozinhadave.com\/en\/cooking-beets-in-the-microwave\/\"><img decoding=\"async\"  alt=\"How to cook beets in the microwave in just 10 minutes!\"  src=\"http:\/\/cozinhadave.com\/wp-content\/uploads\/2022\/08\/Como-cozinhar-beterraba-no-micro-ondas-em-apenas-10-minutos-3.webp\" \/><\/a><\/div><div class=\"ultp-block-content\"><div class=\"ultp-category-grid ultp-category-classic ultp-category-aboveTitle\"><div class=\"ultp-category-in\"><a class=\"ultp-cat-truques-dicas\" href=\"http:\/\/cozinhadave.com\/en\/category\/tricks-tips\/\">TIPS &amp; TRICKS<\/a><a class=\"ultp-cat-acompanhamentos\" href=\"http:\/\/cozinhadave.com\/en\/category\/recipes-2\/side-dishes\/\">SIDE DISHES<\/a><\/div><\/div><h3 class=\"ultp-block-title\"><a href=\"http:\/\/cozinhadave.com\/en\/cooking-beets-in-the-microwave\/\">How to cook beets in the microwave in just 10 minutes!<\/a><\/h3><div class=\"ultp-block-excerpt\"><p>How to cook beet in the microwave in just 10 minutes! If you're like me, then you love beets, but you don't always want to spend more than 30 minutes cooking them in a conventional saucepan. So today I'm going to show you how to cook...<\/p>\n<\/div><div class=\"ultp-block-readmore\"><a aria-label=\"How to cook beets in the microwave in just 10 minutes!\" href=\"http:\/\/cozinhadave.com\/en\/cooking-beets-in-the-microwave\/\">Learn More<svg xmlns=\"http:\/\/www.w3.org\/2000\/svg\" fill=\"none\" viewbox=\"0 0 24 24\">\n  <path stroke=\"currentColor\" stroke-linecap=\"round\" stroke-linejoin=\"round\" stroke-width=\"1.5\" d=\"m12 20.5 8.5-8.5m0 0L12 3.5m8.5 8.5h-17\"\/>\n<\/svg>\n<\/a><\/div><\/div><\/div><\/div><div class=\"ultp-block-item ultp-block-media post-id-13414\"><div class=\"ultp-block-content-wrap\"><div class=\"ultp-block-image ultp-block-image-opacity\"><a href=\"http:\/\/cozinhadave.com\/en\/microwave-sweet-potato-chip-recipe\/\"><img decoding=\"async\"  alt=\"Microwave sweet potato chips recipe\"  src=\"http:\/\/cozinhadave.com\/wp-content\/uploads\/2022\/08\/Receita-de-chips-de-batata-doce-no-microondas-2-600x600.webp\" \/><\/a><\/div><div class=\"ultp-block-content\"><div class=\"ultp-category-grid ultp-category-classic ultp-category-aboveTitle\"><div class=\"ultp-category-in\"><a class=\"ultp-cat-truques-dicas\" href=\"http:\/\/cozinhadave.com\/en\/category\/tricks-tips\/\">TIPS &amp; TRICKS<\/a><a class=\"ultp-cat-lanches\" href=\"http:\/\/cozinhadave.com\/en\/category\/recipes-2\/lanches\/\">LUNCHES<\/a><\/div><\/div><h3 class=\"ultp-block-title\"><a href=\"http:\/\/cozinhadave.com\/en\/microwave-sweet-potato-chip-recipe\/\">Microwave sweet potato chips recipe\u00a0<\/a><\/h3><div class=\"ultp-block-excerpt\"><p>Recipe for sweet potato chips in the microwave Are you looking for a healthy snack alternative that you can make in the microwave? Sweet potatoes make a great choice, and with this easy recipe, you can eat potato chips...<\/p>\n<\/div><div class=\"ultp-block-readmore\"><a aria-label=\"Microwave sweet potato chips recipe\u00a0\" href=\"http:\/\/cozinhadave.com\/en\/microwave-sweet-potato-chip-recipe\/\">Learn More<svg xmlns=\"http:\/\/www.w3.org\/2000\/svg\" fill=\"none\" viewbox=\"0 0 24 24\">\n  <path stroke=\"currentColor\" stroke-linecap=\"round\" stroke-linejoin=\"round\" stroke-width=\"1.5\" d=\"m12 20.5 8.5-8.5m0 0L12 3.5m8.5 8.5h-17\"\/>\n<\/svg>\n<\/a><\/div><\/div><\/div><\/div><div class=\"ultp-block-item ultp-block-media post-id-11607\"><div class=\"ultp-block-content-wrap\"><div class=\"ultp-block-image ultp-block-image-opacity\"><a href=\"http:\/\/cozinhadave.com\/en\/how-to-cook-egg-in-the-microwave\/\"><img decoding=\"async\"  alt=\"how to cook eggs in the microwave\"  src=\"http:\/\/cozinhadave.com\/wp-content\/uploads\/2022\/04\/como-cozinhar-ovo-no-micro-ondas.jpg\" \/><\/a><\/div><div class=\"ultp-block-content\"><div class=\"ultp-category-grid ultp-category-classic ultp-category-aboveTitle\"><div class=\"ultp-category-in\"><a class=\"ultp-cat-truques-dicas\" href=\"http:\/\/cozinhadave.com\/en\/category\/tricks-tips\/\">TIPS &amp; TRICKS<\/a><a class=\"ultp-cat-acompanhamentos\" href=\"http:\/\/cozinhadave.com\/en\/category\/recipes-2\/side-dishes\/\">SIDE DISHES<\/a><\/div><\/div><h3 class=\"ultp-block-title\"><a href=\"http:\/\/cozinhadave.com\/en\/how-to-cook-egg-in-the-microwave\/\">How to cook egg in the microwave<\/a><\/h3><div class=\"ultp-block-excerpt\"><p>Looking for a quick and healthy way to cook eggs in the microwave? Well, you&#039;ve come to the right place! In this article, we will share with our readers two exclusive tips on how to cook eggs in the microwave! How to cook eggs in the microwave In the article\u2026<\/p>\n<\/div><div class=\"ultp-block-readmore\"><a aria-label=\"How to cook egg in the microwave\" href=\"http:\/\/cozinhadave.com\/en\/how-to-cook-egg-in-the-microwave\/\">Learn More<svg xmlns=\"http:\/\/www.w3.org\/2000\/svg\" fill=\"none\" viewbox=\"0 0 24 24\">\n  <path stroke=\"currentColor\" stroke-linecap=\"round\" stroke-linejoin=\"round\" stroke-width=\"1.5\" d=\"m12 20.5 8.5-8.5m0 0L12 3.5m8.5 8.5h-17\"\/>\n<\/svg>\n<\/a><\/div><\/div><\/div><\/div><div class=\"ultp-block-item ultp-block-media post-id-8981\"><div class=\"ultp-block-content-wrap\"><div class=\"ultp-block-image ultp-block-image-opacity\"><a href=\"http:\/\/cozinhadave.com\/en\/10-common-mistakes-when-preparing-a-recipe\/\"><img decoding=\"async\"  alt=\"10 Common Mistakes When Preparing a Recipe\"  src=\"http:\/\/cozinhadave.com\/wp-content\/uploads\/2022\/01\/10-Erros-comuns-quando-preparamos-uma-receita-2.webp\" \/><\/a><\/div><div class=\"ultp-block-content\"><div class=\"ultp-category-grid ultp-category-classic ultp-category-aboveTitle\"><div class=\"ultp-category-in\"><a class=\"ultp-cat-truques-dicas\" href=\"http:\/\/cozinhadave.com\/en\/category\/tricks-tips\/\">TIPS &amp; TRICKS<\/a><\/div><\/div><h3 class=\"ultp-block-title\"><a href=\"http:\/\/cozinhadave.com\/en\/10-common-mistakes-when-preparing-a-recipe\/\">10 Common Mistakes When Preparing a Recipe<\/a><\/h3><div class=\"ultp-block-excerpt\"><p>Have you ever prepared a meal for friends and it didn't turn out as you'd hoped? If so, then check out the 10 common mistakes when preparing a recipe. 10 common mistakes when preparing a recipe Whether you're just learning to cook or you've already...<\/p>\n<\/div><div class=\"ultp-block-readmore\"><a aria-label=\"10 Common Mistakes When Preparing a Recipe\" href=\"http:\/\/cozinhadave.com\/en\/10-common-mistakes-when-preparing-a-recipe\/\">Learn More<svg xmlns=\"http:\/\/www.w3.org\/2000\/svg\" fill=\"none\" viewbox=\"0 0 24 24\">\n  <path stroke=\"currentColor\" stroke-linecap=\"round\" stroke-linejoin=\"round\" stroke-width=\"1.5\" d=\"m12 20.5 8.5-8.5m0 0L12 3.5m8.5 8.5h-17\"\/>\n<\/svg>\n<\/a><\/div><\/div><\/div><\/div><\/div><div class=\"ultp-loadmore\"><span class=\"ultp-loadmore-action\" tabindex=\"0\" role=\"button\" data-pages=\"2\" data-pagenum=\"1\"  data-expost=\"\" data-blockid=\"462144\" data-blockname=\"ultimate-post_post-list-3\" data-postid=\"21098\" data-selfpostid=\"yes\">See more <span class=\"ultp-spin\"><svg xmlns=\"http:\/\/www.w3.org\/2000\/svg\" fill=\"none\" viewbox=\"0 0 24 24\">\n  <path stroke=\"currentColor\" stroke-linecap=\"round\" stroke-linejoin=\"round\" stroke-width=\"1.5\" d=\"M21 12a9 9 0 0 1-17 4.127M3 12a9 9 0 0 1 17-4.127M20 3v5h-5M4 21v-5h5\"\/>\n<\/svg>\n<\/span><\/span><\/div><\/div><div class=\"pagination-block-html\" aria-hidden=\"true\" style=\"display: none;\"><\/div><\/div><\/div>\n\n\n\n<div class=\"wp-block-uagb-container uagb-block-179d179f\"><\/div>\n<\/div><\/div>","protected":false},"excerpt":{"rendered":"<p>TRUQUES E DICAS Aqui voc\u00ea vai encontrar uma variedade de truques e dicas valiosas aguardam aqueles que desejam embarcar na jornada de aprendizado culin\u00e1rio. Descubra segredos essenciais, desde t\u00e9cnicas eficientes para cortar legumes at\u00e9 sugest\u00f5es criativas para temperar pratos, tudo projetado para ajudar os iniciantes na arte da culin\u00e1ria a se sentirem confiantes e inspirados.&hellip;&nbsp;<\/p>\n<div class=\"read-more-wrapper\"><a href=\"http:\/\/cozinhadave.com\/en\/tips-and-tricks\/\" class=\"button button-secondary\" rel=\"bookmark\">Read more &quot;<span class=\"screen-reader-text\">TIPS AND TRICKS<\/span><\/a><\/div>","protected":false},"author":10,"featured_media":0,"parent":0,"menu_order":0,"comment_status":"closed","ping_status":"closed","template":"","meta":{"_uag_custom_page_level_css":"","wprm-recipe-roundup-name":"","wprm-recipe-roundup-description":"","neve_meta_sidebar":"","neve_meta_container":"","neve_meta_enable_content_width":"","neve_meta_content_width":0,"neve_meta_title_alignment":"","neve_meta_author_avatar":"","neve_post_elements_order":"","neve_meta_disable_header":"","neve_meta_disable_footer":"","neve_meta_disable_title":"","neve_meta_reading_time":"","footnotes":""},"class_list":["post-21098","page","type-page","status-publish","hentry"],"uagb_featured_image_src":{"full":false,"thumbnail":false,"medium":false,"medium_large":false,"large":false,"1536x1536":false,"2048x2048":false,"trp-custom-language-flag":false,"ultp_layout_landscape_large":false,"ultp_layout_landscape":false,"ultp_layout_portrait":false,"ultp_layout_square":false,"wprm-metadata-1_1":false,"wprm-metadata-4_3":false,"wprm-metadata-16_9":false,"neve-blog":false},"uagb_author_info":{"display_name":"Paulo RIbeiro","author_link":"http:\/\/cozinhadave.com\/en\/author\/paulomiguelribeirogmail-com\/"},"uagb_comment_info":0,"uagb_excerpt":"TRUQUES E DICAS Aqui voc\u00ea vai encontrar uma variedade de truques e dicas valiosas aguardam aqueles que desejam embarcar na jornada de aprendizado culin\u00e1rio. Descubra segredos essenciais, desde t\u00e9cnicas eficientes para cortar legumes at\u00e9 sugest\u00f5es criativas para temperar pratos, tudo projetado para ajudar os iniciantes na arte da culin\u00e1ria a se sentirem confiantes e inspirados.&hellip;&nbsp;Ler&hellip;","_links":{"self":[{"href":"http:\/\/cozinhadave.com\/en\/wp-json\/wp\/v2\/pages\/21098","targetHints":{"allow":["GET"]}}],"collection":[{"href":"http:\/\/cozinhadave.com\/en\/wp-json\/wp\/v2\/pages"}],"about":[{"href":"http:\/\/cozinhadave.com\/en\/wp-json\/wp\/v2\/types\/page"}],"author":[{"embeddable":true,"href":"http:\/\/cozinhadave.com\/en\/wp-json\/wp\/v2\/users\/10"}],"replies":[{"embeddable":true,"href":"http:\/\/cozinhadave.com\/en\/wp-json\/wp\/v2\/comments?post=21098"}],"version-history":[{"count":0,"href":"http:\/\/cozinhadave.com\/en\/wp-json\/wp\/v2\/pages\/21098\/revisions"}],"wp:attachment":[{"href":"http:\/\/cozinhadave.com\/en\/wp-json\/wp\/v2\/media?parent=21098"}],"curies":[{"name":"wp","href":"https:\/\/api.w.org\/{rel}","templated":true}]}}