{"id":141,"date":"2019-08-20T06:03:37","date_gmt":"2019-08-20T06:03:37","guid":{"rendered":"https:\/\/websitedemos.net\/nutritionist-02-wip\/?page_id=141"},"modified":"2024-06-08T18:53:27","modified_gmt":"2024-06-08T18:53:27","slug":"who-we-are","status":"publish","type":"page","link":"http:\/\/cozinhadave.com\/en\/who-we-are\/","title":{"rendered":"About us"},"content":{"rendered":"<div class=\"wp-block-uagb-container uagb-block-bdc10053 alignfull uagb-is-root-container\"><div class=\"uagb-container-inner-blocks-wrap\">\n<div class=\"wp-block-uagb-container uagb-block-cfdd1cbf\"><\/div>\n\n\n\n<div class=\"wp-block-uagb-container uagb-block-c9575796\"><div class=\"wp-block-image\">\n<figure class=\"aligncenter size-full is-resized\"><img loading=\"lazy\" decoding=\"async\" width=\"400\" height=\"400\" src=\"http:\/\/cozinhadave.com\/wp-content\/uploads\/2022\/02\/veronica.png\" alt=\"\" class=\"wp-image-10122\" style=\"width:300px\" srcset=\"http:\/\/cozinhadave.com\/wp-content\/uploads\/2022\/02\/veronica.png 400w, http:\/\/cozinhadave.com\/wp-content\/uploads\/2022\/02\/veronica-300x300.png 300w, http:\/\/cozinhadave.com\/wp-content\/uploads\/2022\/02\/veronica-150x150.png 150w\" sizes=\"auto, (max-width: 400px) 100vw, 400px\" \/><\/figure>\n<\/div>\n\n\n<h2 class=\"wp-block-heading\">Hi, I'm Veronica<\/h2>\n\n\n\n<p>Hi, I'm Ver\u00f4nica Ribeiro, a Brazilian with a passion for food and cooking. Since I was young, I've always loved cooking and sharing my recipes with my family and friends. <\/p>\n\n\n\n<p>My love of cooking began at an early age and has developed over the years into a passion that allows me to express my creativity and share happy moments with the people I love.<\/p>\n\n\n\n<p>In 2009, I moved to Portugal, where I married my husband Paulo. Here, I discovered a new culture and a rich culinary heritage that inspired me to learn new recipes and techniques. <\/p>\n\n\n\n<p>Over time, I began to share my experiences and recipes with friends and family, who always encouraged me to keep going.<\/p>\n\n\n\n<p>In 2020, I decided to create the <a href=\"http:\/\/cozinhadave.com\/en\/\" data-type=\"link\" data-id=\"http:\/\/cozinhadave.com\">Cozinhadave.com<\/a> and a recipe channel on <a href=\"https:\/\/www.youtube.com\/channel\/UCnUrXVYh2qurSJJBM2rJfyg\" data-type=\"link\" data-id=\"https:\/\/www.youtube.com\/channel\/UCnUrXVYh2qurSJJBM2rJfyg\" target=\"_blank\" rel=\"noopener\">YouTube<\/a>where I can share my Luso-Brazilian and other delicious recipes with a wider audience. <\/p>\n\n\n\n<p>My aim is to show that cooking can be a way of bringing people and cultures together, and that food can be a link that connects us.<\/p>\n\n\n\n<p>My husband Paulo is my partner in every way. He's the camera man, the video editor and the marketing and PR person.<\/p>\n\n\n\n<p> Together, we are working hard to create high-quality content that, above all, offers great value to our audience.<\/p>\n\n\n\n<h2 class=\"wp-block-heading\">YouTube channel presentation video<\/h2>\n\n\n\n<figure class=\"wp-block-embed is-provider-youtube wp-block-embed-youtube\"><div class=\"wp-block-embed__wrapper\">\n<div class=\"nv-iframe-embed\"><iframe loading=\"lazy\" title=\"Welcome to the channel A Cozinha da V\u00ea\" width=\"1200\" height=\"675\" src=\"https:\/\/www.youtube.com\/embed\/eRXSqQtYJd4?feature=oembed\" frameborder=\"0\" allow=\"accelerometer; autoplay; clipboard-write; encrypted-media; gyroscope; picture-in-picture; web-share\" referrerpolicy=\"strict-origin-when-cross-origin\" allowfullscreen><\/iframe><\/div>\n<\/div><\/figure>\n\n\n\n<h2 class=\"wp-block-heading\">Copyright and use of content<\/h2>\n\n\n\n<p>All photographs on the site are the property of \"A Cozinha da V\u00ea\" and are protected by copyright. <\/p>\n\n\n\n<p>Although we don't mind our photos being republished on other sites, as long as the author is credited with a link to cozinhadave.com, <strong>we do not authorize the republication of all or part of any recipe on our site.<\/strong><\/p>\n\n\n\n<h2 class=\"wp-block-heading\">About the Comments<\/h2>\n\n\n\n<p>Comments and recipe reviews are always welcome and appreciated. However, we do not tolerate the use of offensive language or copyright infringement.<\/p>\n\n\n\n<h2 class=\"wp-block-heading\">About the team<\/h2>\n\n\n\n<p>I'm the main actress in the project, and my husband Paulo is the cameraman, editor and promoter of the videos. <\/p>\n\n\n\n<p>Together, we are working to create content that is fun, practical and easy to follow.<\/p>\n\n\n\n<h2 class=\"wp-block-heading\">Objectives<\/h2>\n\n\n\n<p>Our goal is to create a website and a recipe channel that are useful and enjoyable for our visitors. <\/p>\n\n\n\n<p>We hope you enjoy what we do and share our recipes with your friends and family.<\/p>\n\n\n\n<h2 class=\"wp-block-heading\">Contact<\/h2>\n\n\n\n<p>If you have any questions or suggestions, please don't hesitate to contact us. <a href=\"http:\/\/cozinhadave.com\/en\/contact\/\">contact us<\/a>. <\/p>\n\n\n\n<p>We are always available to listen to your opinions and improve our content.<\/p>\n\n\n\n<h2 class=\"wp-block-heading\">Copyright<\/h2>\n\n\n\n<p>All rights reserved. <\/p>\n\n\n\n<p>No part of this blog may be reproduced or used in any form or by any means, electronic or mechanical, including but not limited to photocopying, recording, or by any information storage and retrieval system without the prior written permission of the author.<\/p>\n<\/div>\n\n\n\n<div class=\"wp-block-uagb-container uagb-block-27a4cf1a\"><\/div>\n<\/div><\/div>","protected":false},"excerpt":{"rendered":"<p>Ol\u00e1, eu sou a Ver\u00f4nica Ol\u00e1, eu sou Ver\u00f4nica Ribeiro, uma brasileira apaixonada por comida e culin\u00e1ria. Desde jovem, eu sempre amei cozinhar e compartilhar minhas receitas com a minha fam\u00edlia e amigos. Meu amor pela cozinha come\u00e7ou muito cedo e se desenvolveu ao longo dos anos, tornando-se uma paix\u00e3o que me permite expressar minha&hellip;&nbsp;<\/p>\n<div class=\"read-more-wrapper\"><a href=\"http:\/\/cozinhadave.com\/en\/who-we-are\/\" class=\"button button-secondary\" rel=\"bookmark\">Read more &quot;<span class=\"screen-reader-text\">About us<\/span><\/a><\/div>","protected":false},"author":1,"featured_media":0,"parent":0,"menu_order":0,"comment_status":"closed","ping_status":"closed","template":"","meta":{"_uag_custom_page_level_css":"","wprm-recipe-roundup-name":"","wprm-recipe-roundup-description":"","neve_meta_sidebar":"","neve_meta_container":"","neve_meta_enable_content_width":"","neve_meta_content_width":0,"neve_meta_title_alignment":"","neve_meta_author_avatar":"","neve_post_elements_order":"","neve_meta_disable_header":"","neve_meta_disable_footer":"","neve_meta_disable_title":"","neve_meta_reading_time":"","footnotes":""},"class_list":["post-141","page","type-page","status-publish","hentry"],"uagb_featured_image_src":{"full":false,"thumbnail":false,"medium":false,"medium_large":false,"large":false,"1536x1536":false,"2048x2048":false,"trp-custom-language-flag":false,"ultp_layout_landscape_large":false,"ultp_layout_landscape":false,"ultp_layout_portrait":false,"ultp_layout_square":false,"wprm-metadata-1_1":false,"wprm-metadata-4_3":false,"wprm-metadata-16_9":false,"neve-blog":false},"uagb_author_info":{"display_name":"cozinhadave","author_link":"http:\/\/cozinhadave.com\/en\/author\/cozinhadave\/"},"uagb_comment_info":0,"uagb_excerpt":"Ol\u00e1, eu sou a Ver\u00f4nica Ol\u00e1, eu sou Ver\u00f4nica Ribeiro, uma brasileira apaixonada por comida e culin\u00e1ria. Desde jovem, eu sempre amei cozinhar e compartilhar minhas receitas com a minha fam\u00edlia e amigos. Meu amor pela cozinha come\u00e7ou muito cedo e se desenvolveu ao longo dos anos, tornando-se uma paix\u00e3o que me permite expressar minha&hellip;&nbsp;Ler&hellip;","_links":{"self":[{"href":"http:\/\/cozinhadave.com\/en\/wp-json\/wp\/v2\/pages\/141","targetHints":{"allow":["GET"]}}],"collection":[{"href":"http:\/\/cozinhadave.com\/en\/wp-json\/wp\/v2\/pages"}],"about":[{"href":"http:\/\/cozinhadave.com\/en\/wp-json\/wp\/v2\/types\/page"}],"author":[{"embeddable":true,"href":"http:\/\/cozinhadave.com\/en\/wp-json\/wp\/v2\/users\/1"}],"replies":[{"embeddable":true,"href":"http:\/\/cozinhadave.com\/en\/wp-json\/wp\/v2\/comments?post=141"}],"version-history":[{"count":0,"href":"http:\/\/cozinhadave.com\/en\/wp-json\/wp\/v2\/pages\/141\/revisions"}],"wp:attachment":[{"href":"http:\/\/cozinhadave.com\/en\/wp-json\/wp\/v2\/media?parent=141"}],"curies":[{"name":"wp","href":"https:\/\/api.w.org\/{rel}","templated":true}]}}