{"id":4210,"date":"2020-11-15T11:47:56","date_gmt":"2020-11-15T11:47:56","guid":{"rendered":"http:\/\/cozinhadave.com\/?page_id=4210"},"modified":"2022-04-18T08:29:32","modified_gmt":"2022-04-18T08:29:32","slug":"affiliate-offenlegung","status":"publish","type":"page","link":"http:\/\/cozinhadave.com\/de\/affiliate-offenlegung\/","title":{"rendered":"Offenlegung von verbundenen Unternehmen"},"content":{"rendered":"<section class=\"wp-block-uagb-columns uagb-columns__wrap uagb-columns__background-undefined uagb-columns__stack-mobile uagb-columns__valign-undefined uagb-columns__gap-10 alignundefined uagb-block-1c755a60\"><div class=\"uagb-columns__overlay\"><\/div><div class=\"uagb-columns__inner-wrap uagb-columns__columns-3\">\n<div class=\"wp-block-uagb-column uagb-column__wrap uagb-column__background-undefined uagb-block-03b8b2d1\"><div class=\"uagb-column__overlay\"><\/div><div class=\"uagb-column__inner-wrap\"><\/div><\/div>\n\n\n\n<div class=\"wp-block-uagb-column uagb-column__wrap uagb-column__background-undefined uagb-block-c2637f0a\"><div class=\"uagb-column__overlay\"><\/div><div class=\"uagb-column__inner-wrap\">\n<h2 class=\"has-text-align-center wp-block-heading\">AFFILIATE OFFENLEGUNG<\/h2>\n\n\n\n<p>Die Webseite <a href=\"http:\/\/cozinhadave.com\/de\/\">Cozinhadave.com<\/a> ein Tochterunternehmen einiger Unternehmen in seiner Gesch\u00e4ftsnische ist, ist dies eine der M\u00f6glichkeiten, wie wir unsere Arbeit kontinuierlich unterst\u00fctzen und die Qualit\u00e4t der Inhalte, die wir auf unserer Website sowie auf unserem Youtube-Kanal anbieten, verbessern k\u00f6nnen.<\/p>\n\n\n\n<p>Affiliate-Links funktionieren wie folgt: Wenn ein Website-Besucher auf den Link klickt, wird er auf die Affiliate-Website (z. B. Amazon.com.br) und auf die Website weitergeleitet, wenn er einen Artikel kauft. <a href=\"http:\/\/cozinhadave.com\/de\/\">Cozinhadave.com<\/a> Beim Verkauf dieses Artikels\/dieser Artikel erhalten Sie eine kleine Provision, ohne dass der K\u00e4ufer in der H\u00f6he des zu zahlenden Betrags gesch\u00e4digt wird, da er immer den normalen Betrag zahlt, bei exklusiven Aktionen sogar niedrigere Betr\u00e4ge.<\/p>\n\n\n\n<p><\/p>\n\n\n\n<p>Dar\u00fcber hinaus informieren wir Sie dar\u00fcber, dass Cozinhadave.com am Amazon-Partnerprogramm teilnimmt, einem Vermittlungsdienst zwischen Amazon und Kunden, der die Aufnahme von Links zur Amazon-Website und verbundenen Websites verg\u00fctet.<\/p>\n\n\n\n<p>Zuletzt \u00fcberarbeitet am 23.01.2021<\/p>\n<\/div><\/div>\n\n\n\n<div class=\"wp-block-uagb-column uagb-column__wrap uagb-column__background-undefined uagb-block-8d13cf53\"><div class=\"uagb-column__overlay\"><\/div><div class=\"uagb-column__inner-wrap\"><\/div><\/div>\n<\/div><\/section>","protected":false},"excerpt":{"rendered":"<p>DIVULGA\u00c7\u00c3O DE AFILIADOS O site cozinhadave.com \u00e9 afiliado de algumas empresas do seu nicho de neg\u00f3cio, esta \u00e9 uma das formas que encontramos para apoiar o nosso trabalho de forma cont\u00ednua e melhorar a qualidade do conte\u00fado que oferecemos no nosso website, bem como no nosso canal de Youtube. O links de afiliados funcionam da&hellip;&nbsp;<\/p>\n<div class=\"read-more-wrapper\"><a href=\"http:\/\/cozinhadave.com\/de\/affiliate-offenlegung\/\" class=\"button button-secondary\" rel=\"bookmark\">Mehr lesen \"<span class=\"screen-reader-text\">Offenlegung von verbundenen Unternehmen<\/span><\/a><\/div>","protected":false},"author":1,"featured_media":0,"parent":0,"menu_order":0,"comment_status":"closed","ping_status":"closed","template":"elementor_theme","meta":{"_uag_custom_page_level_css":"","wprm-recipe-roundup-name":"","wprm-recipe-roundup-description":"","neve_meta_sidebar":"","neve_meta_container":"","neve_meta_enable_content_width":"","neve_meta_content_width":0,"neve_meta_title_alignment":"","neve_meta_author_avatar":"","neve_post_elements_order":"","neve_meta_disable_header":"","neve_meta_disable_footer":"","neve_meta_disable_title":"","neve_meta_reading_time":"","footnotes":""},"class_list":["post-4210","page","type-page","status-publish","hentry"],"uagb_featured_image_src":{"full":false,"thumbnail":false,"medium":false,"medium_large":false,"large":false,"1536x1536":false,"2048x2048":false,"trp-custom-language-flag":false,"ultp_layout_landscape_large":false,"ultp_layout_landscape":false,"ultp_layout_portrait":false,"ultp_layout_square":false,"wprm-metadata-1_1":false,"wprm-metadata-4_3":false,"wprm-metadata-16_9":false,"neve-blog":false},"uagb_author_info":{"display_name":"cozinhadave","author_link":"http:\/\/cozinhadave.com\/de\/author\/cozinhadave\/"},"uagb_comment_info":0,"uagb_excerpt":"DIVULGA\u00c7\u00c3O DE AFILIADOS O site cozinhadave.com \u00e9 afiliado de algumas empresas do seu nicho de neg\u00f3cio, esta \u00e9 uma das formas que encontramos para apoiar o nosso trabalho de forma cont\u00ednua e melhorar a qualidade do conte\u00fado que oferecemos no nosso website, bem como no nosso canal de Youtube. O links de afiliados funcionam da&hellip;&nbsp;Ler&hellip;","_links":{"self":[{"href":"http:\/\/cozinhadave.com\/de\/wp-json\/wp\/v2\/pages\/4210","targetHints":{"allow":["GET"]}}],"collection":[{"href":"http:\/\/cozinhadave.com\/de\/wp-json\/wp\/v2\/pages"}],"about":[{"href":"http:\/\/cozinhadave.com\/de\/wp-json\/wp\/v2\/types\/page"}],"author":[{"embeddable":true,"href":"http:\/\/cozinhadave.com\/de\/wp-json\/wp\/v2\/users\/1"}],"replies":[{"embeddable":true,"href":"http:\/\/cozinhadave.com\/de\/wp-json\/wp\/v2\/comments?post=4210"}],"version-history":[{"count":0,"href":"http:\/\/cozinhadave.com\/de\/wp-json\/wp\/v2\/pages\/4210\/revisions"}],"wp:attachment":[{"href":"http:\/\/cozinhadave.com\/de\/wp-json\/wp\/v2\/media?parent=4210"}],"curies":[{"name":"wp","href":"https:\/\/api.w.org\/{rel}","templated":true}]}}