{"id":21193,"date":"2024-07-02T08:28:02","date_gmt":"2024-07-02T08:28:02","guid":{"rendered":"http:\/\/cozinhadave.com\/?page_id=21193"},"modified":"2024-07-02T10:15:45","modified_gmt":"2024-07-02T10:15:45","slug":"rezepte","status":"publish","type":"page","link":"http:\/\/cozinhadave.com\/de\/rezepte\/","title":{"rendered":"ERL\u00d6SE"},"content":{"rendered":"<div class=\"wp-block-uagb-advanced-heading uagb-block-ca604257\"><h2 class=\"uagb-heading-text\">Kulinarische Rezepte<\/h2><p class=\"uagb-desc-text\">Entdecken Sie unsere Kochrezepte<\/p><\/div>\n\n\n\n<div class=\"wp-block-uagb-container uagb-block-26a8be47 alignfull uagb-is-root-container\"><div class=\"uagb-container-inner-blocks-wrap\">\n<div class=\"wp-block-uagb-container uagb-block-71bdc037\"><\/div>\n\n\n\n<div class=\"wp-block-uagb-container uagb-block-46bd2a80\">\n<p>Unverbl\u00fcmt; einfach echtes Essen. St\u00f6bern Sie in Hunderten einfacher Rezepte mit einfachen, echten Lebensmittelzutaten. Sie werden selbst den w\u00e4hlerischsten Essern gefallen!&nbsp;<\/p>\n\n\n\n<p>Es umfasst Optionen f\u00fcr alle Arten von Rezepten, mit Schwerpunkt auf der portugiesisch-brasilianischen K\u00fcche. Diese Rezepte werden rigoros getestet, sodass Sie am Ende immer fehlerfreie Ergebnisse erhalten. Mit Schritt-f\u00fcr-Schritt-Fotos und Videos erhalten Sie die n\u00f6tige Unterst\u00fctzung.<\/p>\n\n\n<div  class=\"wp-block-ultimate-post-advanced-search ultp-block-f6cd4a\"><div class=\"ultp-block-wrapper\"><div class=\"ultp-search-container ultp-search-frontend\"  data-ajax=\"1\" data-gosearch=\"1\" data-enablenewtab=\"\" data-blockid=\"f6cd4a\" \n                    data-image=\"1\"  data-author= \"data-date=\"\"\" data-excerpt=\"1\" data-excerptlimit=\"25\" data-allresult=\"1\" data-catenable=\"\"  data-postno=\"3\"  data-noresultext=\"N\u00e3o foram encontrados resultados\"  data-viewmoretext=\"View More Results\"  data-popupposition=\"right\" data-searchposttype=\"\"><div class=\"ultp-searchform-content ultp-searchform-input1\"><div class=\"ultp-search-inputwrap\"> <input type=\"text\" value=\"\" class=\"ultp-searchres-input\"  placeholder=\"Rezepte suchen\"\/> <span class=\"ultp-search-clear\" data-blockid=\"f6cd4a\"><svg xmlns=\"http:\/\/www.w3.org\/2000\/svg\" fill=\"none\" viewbox=\"0 0 24 24\">\n  <path stroke=\"currentColor\" stroke-linecap=\"round\" stroke-width=\"1.5\" d=\"m6 6 6 6m0 0 6 6m-6-6 6-6m-6 6-6 6\"\/>\n<\/svg>\n<\/span> <\/div><div class=\"ultp-search-button\"><svg xmlns=\"http:\/\/www.w3.org\/2000\/svg\" fill=\"none\" viewbox=\"0 0 24 24\">\n  <path stroke=\"currentColor\" stroke-linecap=\"round\" stroke-linejoin=\"round\" stroke-width=\"1.5\" d=\"M11 19a8 8 0 1 0 0-16 8 8 0 0 0 0 16Zm10 2-4.35-4.35\"\/>\n<\/svg>\n<span class=\"ultp-search-button__text\"> Suche <\/span><\/div><\/div><\/div><\/div><\/div><\/div>\n\n\n\n<div class=\"wp-block-uagb-container uagb-block-59e8365b\"><\/div>\n<\/div><\/div>\n\n\n\n<div class=\"wp-block-uagb-container uagb-block-bb890383 alignfull uagb-is-root-container\"><div class=\"uagb-container-inner-blocks-wrap\">\n<div class=\"wp-block-uagb-container uagb-block-07f24e17\"><\/div>\n\n\n\n<div class=\"wp-block-uagb-container uagb-block-894989ec\"><div  class=\"ultp-post-grid-block wp-block-ultimate-post-post-list-3 ultp-block-e931a7\"><div class=\"ultp-block-wrapper\"><div class=\"ultp-loading\"><div class=\"ultp-loading-blocks\" style=\"width:100%;height:100%;\"><div style=\"left: 0;top: 0;animation-delay:0s;\"><\/div><div style=\"left: 21px;top: 0;animation-delay:0.125s;\"><\/div><div style=\"left: 42px;top: 0;animation-delay:0.25s;\"><\/div><div style=\"left: 0;top: 21px;animation-delay:0.875s;\"><\/div><div style=\"left: 42px;top: 21px;animation-delay:0.375s;\"><\/div><div style=\"left: 0;top: 42px;animation-delay:0.75s;\"><\/div><div style=\"left: 42px;top: 42px;animation-delay:0.625s;\"><\/div><div style=\"left: 21px;top: 42px;animation-delay:0.5s;\"><\/div><\/div><\/div><div class=\"ultp-heading-filter\"><div class=\"ultp-heading-filter-in\"><div class=\"ultp-filter-navigation\"><div class=\"ultp-filter-wrap\" data-taxtype=\"category\" data-blockid=\"e931a7\" data-blockname=\"ultimate-post_post-list-3\" data-postid=\"21193\"data-selfpostid=\"yes\"><ul  data-name=\"More\"><li class=\"filter-item\"><a class=\"filter-active\" data-taxonomy=\"\" href=\"#\">ALLE<\/a><\/li><li class=\"filter-item\"><a data-taxonomy=\"bebidas\" href=\"#\">GETR\u00c4NKE<\/a><\/li><li class=\"filter-item\"><a data-taxonomy=\"pratos-principais\" href=\"#\">HAUPTGERICHTE<\/a><\/li><li class=\"filter-item\"><a data-taxonomy=\"petiscos\" href=\"#\">SALZIGE SNACKS<\/a><\/li><li class=\"filter-item\"><a data-taxonomy=\"doces-sobremesas\" href=\"#\">DESSERTS<\/a><\/li><li class=\"filter-item\"><a data-taxonomy=\"acompanhamentos\" href=\"#\">BEILAGEN<\/a><\/li><li class=\"filter-item\"><a data-taxonomy=\"sopas\" href=\"#\">SUPPEN<\/a><\/li><li class=\"filter-item\"><a data-taxonomy=\"saladas\" href=\"#\">SALATE<\/a><\/li><li class=\"filter-item\"><a data-taxonomy=\"molhos-cremes\" href=\"#\">SEELEN<\/a><\/li><li class=\"filter-item\"><a data-taxonomy=\"massas\" href=\"#\">TEIGE<\/a><\/li><li class=\"filter-item\"><a data-taxonomy=\"comidas-saudaveis\" href=\"#\">GESUNDES ESSEN<\/a><\/li><li class=\"filter-item\"><a data-taxonomy=\"low-carb\" href=\"#\">WENIG KOHLEHYDRATE<\/a><\/li><\/ul><\/div><\/div><\/div><\/div><div class=\"ultp-block-items-wrap ultp-block-row ultp-block-column-1 ultp-block-content-middle ultp-layout1\"><div class=\"ultp-block-item ultp-block-media post-id-11754\"><div class=\"ultp-block-content-wrap\"><div class=\"ultp-block-image ultp-block-image-opacity\"><a href=\"http:\/\/cozinhadave.com\/de\/geriebener-rubensalat\/\"><img decoding=\"async\"  alt=\"Rezept f\u00fcr geriebenen Rote-Bete-Salat\"  src=\"http:\/\/cozinhadave.com\/wp-content\/uploads\/2022\/05\/Salada-de-beterraba-ralada-800x800-1.webp\" \/><\/a><\/div><div class=\"ultp-block-content\"><div class=\"ultp-category-grid ultp-category-classic ultp-category-aboveTitle\"><div class=\"ultp-category-in\"><a class=\"ultp-cat-saladas\" href=\"http:\/\/cozinhadave.com\/de\/kategorie\/rezepte\/salate\/\">SALATE<\/a><\/div><\/div><h3 class=\"ultp-block-title\"><a href=\"http:\/\/cozinhadave.com\/de\/geriebener-rubensalat\/\">geriebener R\u00fcbensalat<\/a><\/h3><div class=\"ultp-block-excerpt\"><p>Esta salada de beterraba ralada \u00e9 perfeita para aqueles que querem uma refei\u00e7\u00e3o saud\u00e1vel e saborosa, mas n\u00e3o t\u00eam muito tempo para cozinhar. As beterrabas podem ser raladas facilmente antes do tempo, e a salada se junta em minutos. Al\u00e9m&hellip;<\/p>\n<\/div><div class=\"ultp-block-readmore\"><a aria-label=\"geriebener R\u00fcbensalat\" href=\"http:\/\/cozinhadave.com\/de\/geriebener-rubensalat\/\">Mehr erfahren<svg xmlns=\"http:\/\/www.w3.org\/2000\/svg\" fill=\"none\" viewbox=\"0 0 24 24\">\n  <path stroke=\"currentColor\" stroke-linecap=\"round\" stroke-linejoin=\"round\" stroke-width=\"1.5\" d=\"m12 20.5 8.5-8.5m0 0L12 3.5m8.5 8.5h-17\"\/>\n<\/svg>\n<\/a><\/div><\/div><\/div><\/div><div class=\"ultp-block-item ultp-block-media post-id-13666\"><div class=\"ultp-block-content-wrap\"><div class=\"ultp-block-image ultp-block-image-opacity\"><a href=\"http:\/\/cozinhadave.com\/de\/manioksuppe-mit-linguica-rezept\/\"><img decoding=\"async\"  alt=\"Rezept f\u00fcr Manioksuppe mit Wurst\"  src=\"http:\/\/cozinhadave.com\/wp-content\/uploads\/2022\/09\/019-Receita-de-sopa-de-mandioca-com-linguica-2-1-600x600.webp\" \/><\/a><\/div><div class=\"ultp-block-content\"><div class=\"ultp-category-grid ultp-category-classic ultp-category-aboveTitle\"><div class=\"ultp-category-in\"><a class=\"ultp-cat-sopas\" href=\"http:\/\/cozinhadave.com\/de\/kategorie\/rezepte\/suppen\/\">SUPPEN<\/a><\/div><\/div><h3 class=\"ultp-block-title\"><a href=\"http:\/\/cozinhadave.com\/de\/manioksuppe-mit-linguica-rezept\/\">Rezept f\u00fcr Manioksuppe mit Wurst<\/a><\/h3><div class=\"ultp-block-excerpt\"><p>A receita de sopa de mandioca com lingui\u00e7a \u00e9 uma receita deliciosa, especialmente para os dias mais frios. A combina\u00e7\u00e3o desses ingredientes traz um sabor incr\u00edvel, al\u00e9m de tamb\u00e9m ser muito nutritiva. Para completar, trata-se de uma op\u00e7\u00e3o bastante vers\u00e1til.&hellip;<\/p>\n<\/div><div class=\"ultp-block-readmore\"><a aria-label=\"Rezept f\u00fcr Manioksuppe mit Wurst\" href=\"http:\/\/cozinhadave.com\/de\/manioksuppe-mit-linguica-rezept\/\">Mehr erfahren<svg xmlns=\"http:\/\/www.w3.org\/2000\/svg\" fill=\"none\" viewbox=\"0 0 24 24\">\n  <path stroke=\"currentColor\" stroke-linecap=\"round\" stroke-linejoin=\"round\" stroke-width=\"1.5\" d=\"m12 20.5 8.5-8.5m0 0L12 3.5m8.5 8.5h-17\"\/>\n<\/svg>\n<\/a><\/div><\/div><\/div><\/div><div class=\"ultp-block-item ultp-block-media post-id-3603\"><div class=\"ultp-block-content-wrap\"><div class=\"ultp-block-image ultp-block-image-opacity\"><a href=\"http:\/\/cozinhadave.com\/de\/creme-of-the-sky-rezept\/\"><img decoding=\"async\"  alt=\"Erfahren Sie, wie man ein Rezept f\u00fcr Natas do C\u00e9u zubereitet\"  src=\"http:\/\/cozinhadave.com\/wp-content\/uploads\/2020\/09\/Natas-do-ceu-blog.jpg\" \/><\/a><\/div><div class=\"ultp-block-content\"><div class=\"ultp-category-grid ultp-category-classic ultp-category-aboveTitle\"><div class=\"ultp-category-in\"><a class=\"ultp-cat-doces-sobremesas\" href=\"http:\/\/cozinhadave.com\/de\/kategorie\/rezepte\/susspeisen\/\">DESSERTS<\/a><\/div><\/div><h3 class=\"ultp-block-title\"><a href=\"http:\/\/cozinhadave.com\/de\/creme-of-the-sky-rezept\/\">Erfahren Sie, wie man ein Rezept f\u00fcr Natas do C\u00e9u zubereitet<\/a><\/h3><div class=\"ultp-block-excerpt\"><p>Voc\u00ea gosta de uma sobremesa que se desfaz na boca? Eu adoro Hoje voc\u00ea vai conhecer a receita de natas do c\u00e9u, que \u00e9 uma sobremesa portuguesa maravilhosa. Venha dai conferir! Receita de natas do c\u00e9u Assim hoje decidi mostrar&hellip;<\/p>\n<\/div><div class=\"ultp-block-readmore\"><a aria-label=\"Erfahren Sie, wie man ein Rezept f\u00fcr Natas do C\u00e9u zubereitet\" href=\"http:\/\/cozinhadave.com\/de\/creme-of-the-sky-rezept\/\">Mehr erfahren<svg xmlns=\"http:\/\/www.w3.org\/2000\/svg\" fill=\"none\" viewbox=\"0 0 24 24\">\n  <path stroke=\"currentColor\" stroke-linecap=\"round\" stroke-linejoin=\"round\" stroke-width=\"1.5\" d=\"m12 20.5 8.5-8.5m0 0L12 3.5m8.5 8.5h-17\"\/>\n<\/svg>\n<\/a><\/div><\/div><\/div><\/div><div class=\"ultp-block-item ultp-block-media post-id-13098\"><div class=\"ultp-block-content-wrap\"><div class=\"ultp-block-image ultp-block-image-opacity\"><a href=\"http:\/\/cozinhadave.com\/de\/rezept-fur-erbsensuppe-im-schnellkochtopf\/\"><img decoding=\"async\"  alt=\"Rezept f\u00fcr Erbsensuppe im Schnellkochtopf\"  src=\"http:\/\/cozinhadave.com\/wp-content\/uploads\/2022\/08\/receita-de-sopa-de-ervilha-na-panela-de-pressao-2-600x600.webp\" \/><\/a><\/div><div class=\"ultp-block-content\"><div class=\"ultp-category-grid ultp-category-classic ultp-category-aboveTitle\"><div class=\"ultp-category-in\"><a class=\"ultp-cat-sopas\" href=\"http:\/\/cozinhadave.com\/de\/kategorie\/rezepte\/suppen\/\">SUPPEN<\/a><\/div><\/div><h3 class=\"ultp-block-title\"><a href=\"http:\/\/cozinhadave.com\/de\/rezept-fur-erbsensuppe-im-schnellkochtopf\/\">Rezept f\u00fcr Erbsensuppe im Schnellkochtopf<\/a><\/h3><div class=\"ultp-block-excerpt\"><p>Primeiramente, posso te garantir que essa receita de sopa de ervilha na panela de press\u00e3o \u00e9 super simples de fazer. Dito isso, convenhamos que uma sopinha vai bem em qualquer situa\u00e7\u00e3o, n\u00e3o \u00e9 mesmo? Por isso hoje separamos uma especial\u00edssima&hellip;<\/p>\n<\/div><div class=\"ultp-block-readmore\"><a aria-label=\"Rezept f\u00fcr Erbsensuppe im Schnellkochtopf\" href=\"http:\/\/cozinhadave.com\/de\/rezept-fur-erbsensuppe-im-schnellkochtopf\/\">Mehr erfahren<svg xmlns=\"http:\/\/www.w3.org\/2000\/svg\" fill=\"none\" viewbox=\"0 0 24 24\">\n  <path stroke=\"currentColor\" stroke-linecap=\"round\" stroke-linejoin=\"round\" stroke-width=\"1.5\" d=\"m12 20.5 8.5-8.5m0 0L12 3.5m8.5 8.5h-17\"\/>\n<\/svg>\n<\/a><\/div><\/div><\/div><\/div><div class=\"ultp-block-item ultp-block-media post-id-14769\"><div class=\"ultp-block-content-wrap\"><div class=\"ultp-block-image ultp-block-image-opacity\"><a href=\"http:\/\/cozinhadave.com\/de\/roastbeef-salat\/\"><img decoding=\"async\"  alt=\"Roastbeef Salat\"  src=\"http:\/\/cozinhadave.com\/wp-content\/uploads\/2023\/01\/059-salada-de-rosbife-600x600.webp\" \/><\/a><\/div><div class=\"ultp-block-content\"><div class=\"ultp-category-grid ultp-category-classic ultp-category-aboveTitle\"><div class=\"ultp-category-in\"><a class=\"ultp-cat-saladas\" href=\"http:\/\/cozinhadave.com\/de\/kategorie\/rezepte\/salate\/\">SALATE<\/a><a class=\"ultp-cat-dieta\" href=\"http:\/\/cozinhadave.com\/de\/kategorie\/diat\/\">DIET<\/a><\/div><\/div><h3 class=\"ultp-block-title\"><a href=\"http:\/\/cozinhadave.com\/de\/roastbeef-salat\/\">Salat aus gebratenem Rindfleisch<\/a><\/h3><div class=\"ultp-block-excerpt\"><p>Hoje voc\u00ea vai aprender a fazer uma salada de rosbife. Esse prato \u00e9 ideal para quem est\u00e1 de dieta e precisa de uma fonte confi\u00e1vel de nutrientes e vitaminas. Isso porque ele re\u00fane v\u00e1rios ingredientes que fazem bem para a&hellip;<\/p>\n<\/div><div class=\"ultp-block-readmore\"><a aria-label=\"Salat aus gebratenem Rindfleisch\" href=\"http:\/\/cozinhadave.com\/de\/roastbeef-salat\/\">Mehr erfahren<svg xmlns=\"http:\/\/www.w3.org\/2000\/svg\" fill=\"none\" viewbox=\"0 0 24 24\">\n  <path stroke=\"currentColor\" stroke-linecap=\"round\" stroke-linejoin=\"round\" stroke-width=\"1.5\" d=\"m12 20.5 8.5-8.5m0 0L12 3.5m8.5 8.5h-17\"\/>\n<\/svg>\n<\/a><\/div><\/div><\/div><\/div><div class=\"ultp-block-item ultp-block-media post-id-4125\"><div class=\"ultp-block-content-wrap\"><div class=\"ultp-block-image ultp-block-image-opacity\"><a href=\"http:\/\/cozinhadave.com\/de\/kohlenhydratarmer-kokoskeks\/\"><img decoding=\"async\"  alt=\"kohlenhydratarme Kokospl\u00e4tzchen\"  src=\"http:\/\/cozinhadave.com\/wp-content\/uploads\/2020\/11\/Biscoitos-de-Coco-FIT-IG.jpg\" \/><\/a><\/div><div class=\"ultp-block-content\"><div class=\"ultp-category-grid ultp-category-classic ultp-category-aboveTitle\"><div class=\"ultp-category-in\"><a class=\"ultp-cat-comidas-saudaveis\" href=\"http:\/\/cozinhadave.com\/de\/kategorie\/rezepte\/gesundes-essen-2\/\">GESUNDES ESSEN<\/a><\/div><\/div><h3 class=\"ultp-block-title\"><a href=\"http:\/\/cozinhadave.com\/de\/kohlenhydratarmer-kokoskeks\/\">Low Carb Kokospl\u00e4tzchen<\/a><\/h3><div class=\"ultp-block-excerpt\"><p>Biscoito de C\u00f4co Low Carb Quem n\u00e3o ama um delicioso de biscoito de c\u00f4co Low Carb , que para al\u00e9m de ser muito f\u00e1cil e r\u00e1pido de fazer e daquelas receitas que ajudam a emagrecer e s\u00e3o 100% saud\u00e1veis! Este&hellip;<\/p>\n<\/div><div class=\"ultp-block-readmore\"><a aria-label=\"Low Carb Kokospl\u00e4tzchen\" href=\"http:\/\/cozinhadave.com\/de\/kohlenhydratarmer-kokoskeks\/\">Mehr erfahren<svg xmlns=\"http:\/\/www.w3.org\/2000\/svg\" fill=\"none\" viewbox=\"0 0 24 24\">\n  <path stroke=\"currentColor\" stroke-linecap=\"round\" stroke-linejoin=\"round\" stroke-width=\"1.5\" d=\"m12 20.5 8.5-8.5m0 0L12 3.5m8.5 8.5h-17\"\/>\n<\/svg>\n<\/a><\/div><\/div><\/div><\/div><div class=\"ultp-block-item ultp-block-media post-id-11679\"><div class=\"ultp-block-content-wrap\"><div class=\"ultp-block-image ultp-block-image-opacity\"><a href=\"http:\/\/cozinhadave.com\/de\/hahnchensalat-gerauchert\/\"><img decoding=\"async\"  alt=\"Rezept f\u00fcr ger\u00e4ucherten H\u00fchnersalat\"  src=\"http:\/\/cozinhadave.com\/wp-content\/uploads\/2022\/05\/Salada-de-frango-defumado-blog.webp\" \/><\/a><\/div><div class=\"ultp-block-content\"><div class=\"ultp-category-grid ultp-category-classic ultp-category-aboveTitle\"><div class=\"ultp-category-in\"><a class=\"ultp-cat-saladas\" href=\"http:\/\/cozinhadave.com\/de\/kategorie\/rezepte\/salate\/\">SALATE<\/a><\/div><\/div><h3 class=\"ultp-block-title\"><a href=\"http:\/\/cozinhadave.com\/de\/hahnchensalat-gerauchert\/\">H\u00e4hnchensalat ger\u00e4uchert<\/a><\/h3><div class=\"ultp-block-excerpt\"><p>Voc\u00ea adora salada de frango defumado? Eu sei que amo! \u00c9 a mistura perfeita de frango suculento e defumado com um molho cremoso. Mas e se eu lhe dissesse que voc\u00ea poderia fazer sua pr\u00f3pria salada de frango defumado em&hellip;<\/p>\n<\/div><div class=\"ultp-block-readmore\"><a aria-label=\"H\u00e4hnchensalat ger\u00e4uchert\" href=\"http:\/\/cozinhadave.com\/de\/hahnchensalat-gerauchert\/\">Mehr erfahren<svg xmlns=\"http:\/\/www.w3.org\/2000\/svg\" fill=\"none\" viewbox=\"0 0 24 24\">\n  <path stroke=\"currentColor\" stroke-linecap=\"round\" stroke-linejoin=\"round\" stroke-width=\"1.5\" d=\"m12 20.5 8.5-8.5m0 0L12 3.5m8.5 8.5h-17\"\/>\n<\/svg>\n<\/a><\/div><\/div><\/div><\/div><div class=\"ultp-block-item ultp-block-media post-id-5611\"><div class=\"ultp-block-content-wrap\"><div class=\"ultp-block-image ultp-block-image-opacity\"><a href=\"http:\/\/cozinhadave.com\/de\/traditionelles-einfach-zuzubereitendes-garnelen-moqueca\/\"><img decoding=\"async\"  alt=\"einfache Garnelen-Moqueca\"  src=\"http:\/\/cozinhadave.com\/wp-content\/uploads\/2021\/02\/Moqueca-de-camarao.jpg\" \/><\/a><\/div><div class=\"ultp-block-content\"><div class=\"ultp-category-grid ultp-category-classic ultp-category-aboveTitle\"><div class=\"ultp-category-in\"><a class=\"ultp-cat-pratos-principais\" href=\"http:\/\/cozinhadave.com\/de\/kategorie\/rezepte\/fische\/\">HAUPTGERICHTE<\/a><\/div><\/div><h3 class=\"ultp-block-title\"><a href=\"http:\/\/cozinhadave.com\/de\/traditionelles-einfach-zuzubereitendes-garnelen-moqueca\/\">Traditionelle Garnelen-Moqueca, einfach zuzubereiten<\/a><\/h3><div class=\"ultp-block-excerpt\"><p>A moqueca de camar\u00e3o tradicional \u00e9 um prato regional t\u00edpico do nordeste do Brasil, venha descobrir uma receita inesquec\u00edvel. Moqueca de Camar\u00e3o Tradicional, Simples de Fazer Voc\u00ea \u00e9 daqueles que gosta de um prato bem tropical nordestino com sabor ao&hellip;<\/p>\n<\/div><div class=\"ultp-block-readmore\"><a aria-label=\"Traditionelle Garnelen-Moqueca, einfach zuzubereiten\" href=\"http:\/\/cozinhadave.com\/de\/traditionelles-einfach-zuzubereitendes-garnelen-moqueca\/\">Mehr erfahren<svg xmlns=\"http:\/\/www.w3.org\/2000\/svg\" fill=\"none\" viewbox=\"0 0 24 24\">\n  <path stroke=\"currentColor\" stroke-linecap=\"round\" stroke-linejoin=\"round\" stroke-width=\"1.5\" d=\"m12 20.5 8.5-8.5m0 0L12 3.5m8.5 8.5h-17\"\/>\n<\/svg>\n<\/a><\/div><\/div><\/div><\/div><div class=\"ultp-block-item ultp-block-media post-id-13092\"><div class=\"ultp-block-content-wrap\"><div class=\"ultp-block-image ultp-block-image-opacity\"><a href=\"http:\/\/cozinhadave.com\/de\/rezept-fur-erbsensuppe-mit-calabresa\/\"><img decoding=\"async\"  alt=\"Rezept f\u00fcr Erbsensuppe mit Calabresa\"  src=\"http:\/\/cozinhadave.com\/wp-content\/uploads\/2022\/08\/receita-de-sopa-de-ervilha-com-calabresa-2-600x600.webp\" \/><\/a><\/div><div class=\"ultp-block-content\"><div class=\"ultp-category-grid ultp-category-classic ultp-category-aboveTitle\"><div class=\"ultp-category-in\"><a class=\"ultp-cat-sopas\" href=\"http:\/\/cozinhadave.com\/de\/kategorie\/rezepte\/suppen\/\">SUPPEN<\/a><\/div><\/div><h3 class=\"ultp-block-title\"><a href=\"http:\/\/cozinhadave.com\/de\/rezept-fur-erbsensuppe-mit-calabresa\/\">Rezept f\u00fcr Erbsensuppe mit Calabresa<\/a><\/h3><div class=\"ultp-block-excerpt\"><p>Uma deliciosa receita de sopa de ervilha com calabresa vai deixar o seu dia ainda melhor, pode ter certeza! Esse prato \u00e9 ideal nessa \u00e9poca do ano e pode ser servido como acompanhamento ou ainda refei\u00e7\u00e3o principal. Ent\u00e3o, seja durante&hellip;<\/p>\n<\/div><div class=\"ultp-block-readmore\"><a aria-label=\"Rezept f\u00fcr Erbsensuppe mit Calabresa\" href=\"http:\/\/cozinhadave.com\/de\/rezept-fur-erbsensuppe-mit-calabresa\/\">Mehr erfahren<svg xmlns=\"http:\/\/www.w3.org\/2000\/svg\" fill=\"none\" viewbox=\"0 0 24 24\">\n  <path stroke=\"currentColor\" stroke-linecap=\"round\" stroke-linejoin=\"round\" stroke-width=\"1.5\" d=\"m12 20.5 8.5-8.5m0 0L12 3.5m8.5 8.5h-17\"\/>\n<\/svg>\n<\/a><\/div><\/div><\/div><\/div><div class=\"ultp-block-item ultp-block-media post-id-14763\"><div class=\"ultp-block-content-wrap\"><div class=\"ultp-block-image ultp-block-image-opacity\"><a href=\"http:\/\/cozinhadave.com\/de\/linsensalat-mit-tahini\/\"><img decoding=\"async\"  alt=\"Linsensalat mit Tahini\"  src=\"http:\/\/cozinhadave.com\/wp-content\/uploads\/2023\/01\/058-salada-de-lentilhas-com-tahine-600x600.webp\" \/><\/a><\/div><div class=\"ultp-block-content\"><div class=\"ultp-category-grid ultp-category-classic ultp-category-aboveTitle\"><div class=\"ultp-category-in\"><a class=\"ultp-cat-saladas\" href=\"http:\/\/cozinhadave.com\/de\/kategorie\/rezepte\/salate\/\">SALATE<\/a><\/div><\/div><h3 class=\"ultp-block-title\"><a href=\"http:\/\/cozinhadave.com\/de\/linsensalat-mit-tahini\/\">Linsensalat mit Tahini<\/a><\/h3><div class=\"ultp-block-excerpt\"><p>Uma refei\u00e7\u00e3o completa, saborosa e nutritiva. \u00c9 assim que podemos definir a salada de lentilhas com tahine. Esse \u00e9 um prato perfeito para ocasi\u00f5es especiais como, por exemplo, o final de ano. Mesmo sendo um pouco mais trabalhosa de fazer,&hellip;<\/p>\n<\/div><div class=\"ultp-block-readmore\"><a aria-label=\"Linsensalat mit Tahini\" href=\"http:\/\/cozinhadave.com\/de\/linsensalat-mit-tahini\/\">Mehr erfahren<svg xmlns=\"http:\/\/www.w3.org\/2000\/svg\" fill=\"none\" viewbox=\"0 0 24 24\">\n  <path stroke=\"currentColor\" stroke-linecap=\"round\" stroke-linejoin=\"round\" stroke-width=\"1.5\" d=\"m12 20.5 8.5-8.5m0 0L12 3.5m8.5 8.5h-17\"\/>\n<\/svg>\n<\/a><\/div><\/div><\/div><\/div><\/div><div class=\"ultp-loadmore\"><span class=\"ultp-loadmore-action\" tabindex=\"0\" role=\"button\" data-pages=\"21\" data-pagenum=\"1\"  data-expost=\"\" data-blockid=\"e931a7\" data-blockname=\"ultimate-post_post-list-3\" data-postid=\"21193\" data-selfpostid=\"yes\">Mehr sehen <span class=\"ultp-spin\"><svg xmlns=\"http:\/\/www.w3.org\/2000\/svg\" fill=\"none\" viewbox=\"0 0 24 24\">\n  <path stroke=\"currentColor\" stroke-linecap=\"round\" stroke-linejoin=\"round\" stroke-width=\"1.5\" d=\"M21 12a9 9 0 0 1-17 4.127M3 12a9 9 0 0 1 17-4.127M20 3v5h-5M4 21v-5h5\"\/>\n<\/svg>\n<\/span><\/span><\/div><\/div><div class=\"pagination-block-html\" aria-hidden=\"true\" style=\"display: none;\"><\/div><\/div><\/div>\n\n\n\n<div class=\"wp-block-uagb-container uagb-block-179d179f\"><\/div>\n<\/div><\/div>","protected":false},"excerpt":{"rendered":"<p>RECEITAS DE CULIN\u00c1RIA Confira as nossas receitas de culin\u00e1ria Sem rodeios; apenas comida verdadeira. Procure centenas de receitas f\u00e1ceis, utilizando ingredientes alimentares simples e reais. Ir\u00e3o agradar at\u00e9 aos mais exigentes dos comedores!&nbsp; Inclui op\u00e7\u00f5es de todo o tipos de receitas, sendo o foco na culin\u00e1ria luso-brasileira. Estas receitas s\u00e3o rigorosamente testadas, de modo a&hellip;&nbsp;<\/p>\n<div class=\"read-more-wrapper\"><a href=\"http:\/\/cozinhadave.com\/de\/rezepte\/\" class=\"button button-secondary\" rel=\"bookmark\">Mehr lesen \"<span class=\"screen-reader-text\">ERL\u00d6SE<\/span><\/a><\/div>","protected":false},"author":10,"featured_media":0,"parent":0,"menu_order":0,"comment_status":"closed","ping_status":"closed","template":"","meta":{"_uag_custom_page_level_css":"","wprm-recipe-roundup-name":"","wprm-recipe-roundup-description":"","neve_meta_sidebar":"","neve_meta_container":"","neve_meta_enable_content_width":"","neve_meta_content_width":0,"neve_meta_title_alignment":"","neve_meta_author_avatar":"","neve_post_elements_order":"","neve_meta_disable_header":"","neve_meta_disable_footer":"","neve_meta_disable_title":"","neve_meta_reading_time":"","footnotes":""},"class_list":["post-21193","page","type-page","status-publish","hentry"],"uagb_featured_image_src":{"full":false,"thumbnail":false,"medium":false,"medium_large":false,"large":false,"1536x1536":false,"2048x2048":false,"trp-custom-language-flag":false,"ultp_layout_landscape_large":false,"ultp_layout_landscape":false,"ultp_layout_portrait":false,"ultp_layout_square":false,"wprm-metadata-1_1":false,"wprm-metadata-4_3":false,"wprm-metadata-16_9":false,"neve-blog":false},"uagb_author_info":{"display_name":"Paulo RIbeiro","author_link":"http:\/\/cozinhadave.com\/de\/author\/paulomiguelribeirogmail-com\/"},"uagb_comment_info":0,"uagb_excerpt":"RECEITAS DE CULIN\u00c1RIA Confira as nossas receitas de culin\u00e1ria Sem rodeios; apenas comida verdadeira. Procure centenas de receitas f\u00e1ceis, utilizando ingredientes alimentares simples e reais. Ir\u00e3o agradar at\u00e9 aos mais exigentes dos comedores!&nbsp; Inclui op\u00e7\u00f5es de todo o tipos de receitas, sendo o foco na culin\u00e1ria luso-brasileira. Estas receitas s\u00e3o rigorosamente testadas, de modo a&hellip;&nbsp;Ler&hellip;","_links":{"self":[{"href":"http:\/\/cozinhadave.com\/de\/wp-json\/wp\/v2\/pages\/21193","targetHints":{"allow":["GET"]}}],"collection":[{"href":"http:\/\/cozinhadave.com\/de\/wp-json\/wp\/v2\/pages"}],"about":[{"href":"http:\/\/cozinhadave.com\/de\/wp-json\/wp\/v2\/types\/page"}],"author":[{"embeddable":true,"href":"http:\/\/cozinhadave.com\/de\/wp-json\/wp\/v2\/users\/10"}],"replies":[{"embeddable":true,"href":"http:\/\/cozinhadave.com\/de\/wp-json\/wp\/v2\/comments?post=21193"}],"version-history":[{"count":0,"href":"http:\/\/cozinhadave.com\/de\/wp-json\/wp\/v2\/pages\/21193\/revisions"}],"wp:attachment":[{"href":"http:\/\/cozinhadave.com\/de\/wp-json\/wp\/v2\/media?parent=21193"}],"curies":[{"name":"wp","href":"https:\/\/api.w.org\/{rel}","templated":true}]}}