{"id":4210,"date":"2020-11-15T11:47:56","date_gmt":"2020-11-15T11:47:56","guid":{"rendered":"http:\/\/cozinhadave.com\/?page_id=4210"},"modified":"2022-04-18T08:29:32","modified_gmt":"2022-04-18T08:29:32","slug":"affiliate-disclosure","status":"publish","type":"page","link":"http:\/\/cozinhadave.com\/da\/affiliate-disclosure\/","title":{"rendered":"Affiliate-kampagne"},"content":{"rendered":"<section class=\"wp-block-uagb-columns uagb-columns__wrap uagb-columns__background-undefined uagb-columns__stack-mobile uagb-columns__valign-undefined uagb-columns__gap-10 alignundefined uagb-block-1c755a60\"><div class=\"uagb-columns__overlay\"><\/div><div class=\"uagb-columns__inner-wrap uagb-columns__columns-3\">\n<div class=\"wp-block-uagb-column uagb-column__wrap uagb-column__background-undefined uagb-block-03b8b2d1\"><div class=\"uagb-column__overlay\"><\/div><div class=\"uagb-column__inner-wrap\"><\/div><\/div>\n\n\n\n<div class=\"wp-block-uagb-column uagb-column__wrap uagb-column__background-undefined uagb-block-c2637f0a\"><div class=\"uagb-column__overlay\"><\/div><div class=\"uagb-column__inner-wrap\">\n<h2 class=\"has-text-align-center wp-block-heading\">AFFILIATE-PROMOVERING<\/h2>\n\n\n\n<p>Hjemmesiden <a href=\"http:\/\/cozinhadave.com\/da\/\">Cozinhadave.com<\/a> er tilknyttet nogle virksomheder i sin forretningsniche, og det er en af de m\u00e5der, vi har fundet frem til for at st\u00f8tte vores arbejde l\u00f8bende og forbedre kvaliteten af det indhold, vi tilbyder p\u00e5 vores hjemmeside og p\u00e5 vores YouTube-kanal.<\/p>\n\n\n\n<p>Affiliate-links fungerer p\u00e5 f\u00f8lgende m\u00e5de: N\u00e5r en bes\u00f8gende klikker p\u00e5 linket, omdirigeres vedkommende til affiliate-siden (f.eks. Amazon.com.br) og tilbage til siden, n\u00e5r vedkommende k\u00f8ber en vare, <a href=\"http:\/\/cozinhadave.com\/da\/\">Cozinhadave.com<\/a> vil modtage en lille provision p\u00e5 salget af varen\/varerne, uden at k\u00f8beren straffes med hensyn til det bel\u00f8b, der skal betales, da de altid vil betale det normale bel\u00f8b eller endda lavere bel\u00f8b, n\u00e5r der er eksklusive kampagner.<\/p>\n\n\n\n<p><\/p>\n\n\n\n<p>Derudover vil vi gerne informere dig om, at cozinhadave.com deltager i Amazons tilknyttede program, en formidlingstjeneste mellem Amazon og dets kunder, som afl\u00f8nner inddragelsen af links til Amazons websted og tilknyttede websteder.<\/p>\n\n\n\n<p>Sidst revideret den 23\/01\/2021<\/p>\n<\/div><\/div>\n\n\n\n<div class=\"wp-block-uagb-column uagb-column__wrap uagb-column__background-undefined uagb-block-8d13cf53\"><div class=\"uagb-column__overlay\"><\/div><div class=\"uagb-column__inner-wrap\"><\/div><\/div>\n<\/div><\/section>","protected":false},"excerpt":{"rendered":"<p>DIVULGA\u00c7\u00c3O DE AFILIADOS O site cozinhadave.com \u00e9 afiliado de algumas empresas do seu nicho de neg\u00f3cio, esta \u00e9 uma das formas que encontramos para apoiar o nosso trabalho de forma cont\u00ednua e melhorar a qualidade do conte\u00fado que oferecemos no nosso website, bem como no nosso canal de Youtube. O links de afiliados funcionam da&hellip;&nbsp;<\/p>\n<div class=\"read-more-wrapper\"><a href=\"http:\/\/cozinhadave.com\/da\/affiliate-disclosure\/\" class=\"button button-secondary\" rel=\"bookmark\">L\u00e6s mere &quot;<span class=\"screen-reader-text\">Affiliate-kampagne<\/span><\/a><\/div>","protected":false},"author":1,"featured_media":0,"parent":0,"menu_order":0,"comment_status":"closed","ping_status":"closed","template":"elementor_theme","meta":{"_uag_custom_page_level_css":"","wprm-recipe-roundup-name":"","wprm-recipe-roundup-description":"","neve_meta_sidebar":"","neve_meta_container":"","neve_meta_enable_content_width":"","neve_meta_content_width":0,"neve_meta_title_alignment":"","neve_meta_author_avatar":"","neve_post_elements_order":"","neve_meta_disable_header":"","neve_meta_disable_footer":"","neve_meta_disable_title":"","neve_meta_reading_time":"","footnotes":""},"class_list":["post-4210","page","type-page","status-publish","hentry"],"uagb_featured_image_src":{"full":false,"thumbnail":false,"medium":false,"medium_large":false,"large":false,"1536x1536":false,"2048x2048":false,"trp-custom-language-flag":false,"ultp_layout_landscape_large":false,"ultp_layout_landscape":false,"ultp_layout_portrait":false,"ultp_layout_square":false,"wprm-metadata-1_1":false,"wprm-metadata-4_3":false,"wprm-metadata-16_9":false,"neve-blog":false},"uagb_author_info":{"display_name":"cozinhadave","author_link":"http:\/\/cozinhadave.com\/da\/author\/cozinhadave\/"},"uagb_comment_info":0,"uagb_excerpt":"DIVULGA\u00c7\u00c3O DE AFILIADOS O site cozinhadave.com \u00e9 afiliado de algumas empresas do seu nicho de neg\u00f3cio, esta \u00e9 uma das formas que encontramos para apoiar o nosso trabalho de forma cont\u00ednua e melhorar a qualidade do conte\u00fado que oferecemos no nosso website, bem como no nosso canal de Youtube. O links de afiliados funcionam da&hellip;&nbsp;Ler&hellip;","_links":{"self":[{"href":"http:\/\/cozinhadave.com\/da\/wp-json\/wp\/v2\/pages\/4210","targetHints":{"allow":["GET"]}}],"collection":[{"href":"http:\/\/cozinhadave.com\/da\/wp-json\/wp\/v2\/pages"}],"about":[{"href":"http:\/\/cozinhadave.com\/da\/wp-json\/wp\/v2\/types\/page"}],"author":[{"embeddable":true,"href":"http:\/\/cozinhadave.com\/da\/wp-json\/wp\/v2\/users\/1"}],"replies":[{"embeddable":true,"href":"http:\/\/cozinhadave.com\/da\/wp-json\/wp\/v2\/comments?post=4210"}],"version-history":[{"count":0,"href":"http:\/\/cozinhadave.com\/da\/wp-json\/wp\/v2\/pages\/4210\/revisions"}],"wp:attachment":[{"href":"http:\/\/cozinhadave.com\/da\/wp-json\/wp\/v2\/media?parent=4210"}],"curies":[{"name":"wp","href":"https:\/\/api.w.org\/{rel}","templated":true}]}}