{"id":21056,"date":"2024-05-04T19:42:44","date_gmt":"2024-05-04T19:42:44","guid":{"rendered":"http:\/\/cozinhadave.com\/?page_id=21056"},"modified":"2024-05-05T12:28:55","modified_gmt":"2024-05-05T12:28:55","slug":"ingredienser","status":"publish","type":"page","link":"http:\/\/cozinhadave.com\/da\/ingredienser\/","title":{"rendered":"INGREDIENSER"},"content":{"rendered":"<div class=\"wp-block-uagb-advanced-heading uagb-block-ca604257\"><h2 class=\"uagb-heading-text\">INGREDIENSER<\/h2><\/div>\n\n\n\n<div class=\"wp-block-uagb-container uagb-block-26a8be47 alignfull uagb-is-root-container\"><div class=\"uagb-container-inner-blocks-wrap\">\n<div class=\"wp-block-uagb-container uagb-block-71bdc037\"><\/div>\n\n\n\n<div class=\"wp-block-uagb-container uagb-block-46bd2a80\">\n<p class=\"has-neve-text-color-color has-text-color has-link-color wp-elements-96b20d9dd996dfb8caa09f5c806e99b4\">For at f\u00e5 en l\u00e6kker opskrift skal du altid v\u00e6lge de rigtige ingredienser. For at g\u00f8re det skal du finde ud af, om ingredienserne er de rigtige til den opskrift, du er i gang med at lave.&nbsp;<\/p>\n\n\n\n<p class=\"has-neve-text-color-color has-text-color has-link-color wp-elements-4235dfc56ac7d7634b643e3f4a0e2fe2\">Her tilbyder vi flere gratis guides til de mest varierede ingredienser, som vi normalt bruger i vores opskrifter, men det bedste er, at du fra og med i dag vil forst\u00e5 alle emnerne om ingredienser.<\/p>\n\n\n\n<p class=\"has-neve-text-color-color has-text-color has-link-color wp-elements-3b1cca380c5bf00ef1d1f560de1888d4\">&nbsp;Fra deres historie, hvordan de produceres, deres sundhedsm\u00e6ssige fordele, n\u00e6ringsv\u00e6rdier og selvf\u00f8lgelig hvordan de bruges i de mest popul\u00e6re opskrifter, samt mange andre ting...<\/p>\n\n\n<div  class=\"wp-block-ultimate-post-advanced-search ultp-block-477790\"><div class=\"ultp-block-wrapper\"><div class=\"ultp-search-container ultp-search-frontend\"  data-ajax=\"1\" data-gosearch=\"1\" data-enablenewtab=\"\" data-blockid=\"477790\" \n                    data-image=\"1\"  data-author= \"data-date=\"\"\" data-excerpt=\"\" data-excerptlimit=\"25\" data-allresult=\"\" data-catenable=\"\"  data-postno=\"3\"  data-noresultext=\"N\u00e3o foram encontrados resultados\"   data-popupposition=\"right\" data-searchposttype=\"\"><div class=\"ultp-searchform-content ultp-searchform-input1\"><div class=\"ultp-search-inputwrap\"> <input type=\"text\" value=\"\" class=\"ultp-searchres-input\"  placeholder=\"S\u00f8g efter ingredienser\"\/> <span class=\"ultp-search-clear\" data-blockid=\"477790\"><svg xmlns=\"http:\/\/www.w3.org\/2000\/svg\" fill=\"none\" viewbox=\"0 0 24 24\">\n  <path stroke=\"currentColor\" stroke-linecap=\"round\" stroke-width=\"1.5\" d=\"m6 6 6 6m0 0 6 6m-6-6 6-6m-6 6-6 6\"\/>\n<\/svg>\n<\/span> <\/div><div class=\"ultp-search-button\"><svg xmlns=\"http:\/\/www.w3.org\/2000\/svg\" fill=\"none\" viewbox=\"0 0 24 24\">\n  <path stroke=\"currentColor\" stroke-linecap=\"round\" stroke-linejoin=\"round\" stroke-width=\"1.5\" d=\"M11 19a8 8 0 1 0 0-16 8 8 0 0 0 0 16Zm10 2-4.35-4.35\"\/>\n<\/svg>\n<span class=\"ultp-search-button__text\"> S\u00f8g p\u00e5 <\/span><\/div><\/div><\/div><\/div><\/div><\/div>\n\n\n\n<div class=\"wp-block-uagb-container uagb-block-59e8365b\"><\/div>\n<\/div><\/div>\n\n\n\n<div class=\"nv-cv-d nv-cv-m wp-block-uagb-container uagb-block-bb890383 alignfull uagb-is-root-container\"><div class=\"uagb-container-inner-blocks-wrap\">\n<div class=\"wp-block-uagb-container uagb-block-07f24e17\"><\/div>\n\n\n\n<div class=\"wp-block-uagb-container uagb-block-894989ec\"><div  class=\"ultp-post-grid-block wp-block-ultimate-post-post-list-3 ultp-block-3f3328\"><div class=\"ultp-block-wrapper\"><div class=\"ultp-loading\"><div class=\"ultp-loading-blocks\" style=\"width:100%;height:100%;\"><div style=\"left: 0;top: 0;animation-delay:0s;\"><\/div><div style=\"left: 21px;top: 0;animation-delay:0.125s;\"><\/div><div style=\"left: 42px;top: 0;animation-delay:0.25s;\"><\/div><div style=\"left: 0;top: 21px;animation-delay:0.875s;\"><\/div><div style=\"left: 42px;top: 21px;animation-delay:0.375s;\"><\/div><div style=\"left: 0;top: 42px;animation-delay:0.75s;\"><\/div><div style=\"left: 42px;top: 42px;animation-delay:0.625s;\"><\/div><div style=\"left: 21px;top: 42px;animation-delay:0.5s;\"><\/div><\/div><\/div><div class=\"ultp-heading-filter\"><div class=\"ultp-heading-filter-in\"><div class=\"ultp-filter-navigation\"><div class=\"ultp-filter-wrap\" data-taxtype=\"category\" data-blockid=\"3f3328\" data-blockname=\"ultimate-post_post-list-3\" data-postid=\"21056\"data-selfpostid=\"yes\"><ul class=\"ultp-flex-menu\" data-name=\"More\"><li class=\"filter-item\"><a class=\"filter-active\" data-taxonomy=\"\" href=\"#\">ALLE<\/a><\/li><li class=\"filter-item\"><a data-taxonomy=\"condimentos\" href=\"#\">KONDIMENTER<\/a><\/li><li class=\"filter-item\"><a data-taxonomy=\"frutas\" href=\"#\">FRUGTER<\/a><\/li><li class=\"filter-item\"><a data-taxonomy=\"legumes\" href=\"#\">GR\u00d8NTSAGER<\/a><\/li><li class=\"filter-item\"><a data-taxonomy=\"verduras\" href=\"#\">GR\u00d8NTSAGER<\/a><\/li><li class=\"filter-item\"><a data-taxonomy=\"queijos\" href=\"#\">OST<\/a><\/li><\/ul><\/div><\/div><\/div><\/div><div class=\"ultp-block-items-wrap ultp-block-row ultp-block-column-1 ultp-block-content-middle ultp-layout1\"><div class=\"ultp-block-item ultp-block-media post-id-16784\"><div class=\"ultp-block-content-wrap\"><div class=\"ultp-block-image ultp-block-image-opacity\"><a href=\"http:\/\/cozinhadave.com\/da\/jordbaer-graeskar\/\"><img decoding=\"async\"  alt=\"Gr\u00e6skar med jordb\u00e6r\"  src=\"http:\/\/cozinhadave.com\/wp-content\/uploads\/2023\/08\/Abobora-moranga-600x576.jpg\" \/><\/a><\/div><div class=\"ultp-block-content\"><div class=\"ultp-category-grid ultp-category-classic ultp-category-aboveTitle\"><div class=\"ultp-category-in\"><a class=\"ultp-cat-ingredientes\" href=\"http:\/\/cozinhadave.com\/da\/kategori\/ingredienser\/\">INGREDIENSER<\/a><a class=\"ultp-cat-legumes\" href=\"http:\/\/cozinhadave.com\/da\/kategori\/ingredienser\/grontsager\/\">GR\u00d8NTSAGER<\/a><\/div><\/div><h3 class=\"ultp-block-title\"><a href=\"http:\/\/cozinhadave.com\/da\/jordbaer-graeskar\/\">Strawberry Pumpkin: Revealing Secrets for Delicious Recipes<\/a><\/h3><div class=\"ultp-block-excerpt\"><p>Ol\u00e1 amigos, eu sou uma apaixonado por essa ingrediente de culin\u00e1ria t\u00e3o vers\u00e1til e saborosa, a Ab\u00f3bora Moranga. Neste artigo, vou compartilhar com voc\u00eas alguns dos meus segredos e dicas para preparar receitas deliciosas com essa maravilha da natureza. Se&hellip;<\/p>\n<\/div><div class=\"ultp-block-readmore\"><a aria-label=\"Strawberry Pumpkin: Revealing Secrets for Delicious Recipes\" href=\"http:\/\/cozinhadave.com\/da\/jordbaer-graeskar\/\">F\u00e5 mere at vide<svg xmlns=\"http:\/\/www.w3.org\/2000\/svg\" fill=\"none\" viewbox=\"0 0 24 24\">\n  <path stroke=\"currentColor\" stroke-linecap=\"round\" stroke-linejoin=\"round\" stroke-width=\"1.5\" d=\"m12 20.5 8.5-8.5m0 0L12 3.5m8.5 8.5h-17\"\/>\n<\/svg>\n<\/a><\/div><\/div><\/div><\/div><div class=\"ultp-block-item ultp-block-media post-id-16712\"><div class=\"ultp-block-content-wrap\"><div class=\"ultp-block-image ultp-block-image-opacity\"><a href=\"http:\/\/cozinhadave.com\/da\/mangostan\/\"><img decoding=\"async\"  alt=\"Mangostan\"  src=\"http:\/\/cozinhadave.com\/wp-content\/uploads\/2023\/08\/mangostim-3-600x585.jpg\" \/><\/a><\/div><div class=\"ultp-block-content\"><div class=\"ultp-category-grid ultp-category-classic ultp-category-aboveTitle\"><div class=\"ultp-category-in\"><a class=\"ultp-cat-ingredientes\" href=\"http:\/\/cozinhadave.com\/da\/kategori\/ingredienser\/\">INGREDIENSER<\/a><a class=\"ultp-cat-frutas\" href=\"http:\/\/cozinhadave.com\/da\/kategori\/ingredienser\/frutas\/\">FRUGTER<\/a><\/div><\/div><h3 class=\"ultp-block-title\"><a href=\"http:\/\/cozinhadave.com\/da\/mangostan\/\">Mangosteen: opdag hemmelighederne bag denne eksotiske frugt i Brasilien<\/a><\/h3><div class=\"ultp-block-excerpt\"><p>Como jornalista de reda\u00e7\u00e3o, \u00e9 sempre emocionante descobrir uma nova fruta com um sabor \u00fanico e uma hist\u00f3ria interessante. Recentemente, tive a oportunidade de experimentar o mangostim, uma fruta ex\u00f3tica que est\u00e1 ganhando popularidade no Brasil. \u00c9 uma das frutas&hellip;<\/p>\n<\/div><div class=\"ultp-block-readmore\"><a aria-label=\"Mangosteen: opdag hemmelighederne bag denne eksotiske frugt i Brasilien\" href=\"http:\/\/cozinhadave.com\/da\/mangostan\/\">F\u00e5 mere at vide<svg xmlns=\"http:\/\/www.w3.org\/2000\/svg\" fill=\"none\" viewbox=\"0 0 24 24\">\n  <path stroke=\"currentColor\" stroke-linecap=\"round\" stroke-linejoin=\"round\" stroke-width=\"1.5\" d=\"m12 20.5 8.5-8.5m0 0L12 3.5m8.5 8.5h-17\"\/>\n<\/svg>\n<\/a><\/div><\/div><\/div><\/div><div class=\"ultp-block-item ultp-block-media post-id-17124\"><div class=\"ultp-block-content-wrap\"><div class=\"ultp-block-image ultp-block-image-opacity\"><a href=\"http:\/\/cozinhadave.com\/da\/russisk-bytte\/\"><img decoding=\"async\"  alt=\"russisk estragon\"  src=\"http:\/\/cozinhadave.com\/wp-content\/uploads\/2023\/09\/Estragao-Russo1-600x585.jpg\" \/><\/a><\/div><div class=\"ultp-block-content\"><div class=\"ultp-category-grid ultp-category-classic ultp-category-aboveTitle\"><div class=\"ultp-category-in\"><a class=\"ultp-cat-ingredientes\" href=\"http:\/\/cozinhadave.com\/da\/kategori\/ingredienser\/\">INGREDIENSER<\/a><a class=\"ultp-cat-condimentos\" href=\"http:\/\/cozinhadave.com\/da\/kategori\/ingredienser\/condimentos\/\">KONDIMENTER<\/a><\/div><\/div><h3 class=\"ultp-block-title\"><a href=\"http:\/\/cozinhadave.com\/da\/russisk-bytte\/\">Russisk estragon: Oplev vidunderene ved denne eksotiske ingrediens<\/a><\/h3><div class=\"ultp-block-excerpt\"><p>Ol\u00e1, leitores! Hoje eu quero falar sobre um ingrediente que pode n\u00e3o ser t\u00e3o conhecido, mas que certamente merece destaque na culin\u00e1ria: o estrag\u00e3o russo. Com suas caracter\u00edsticas \u00fanicas de sabor e aroma, esse tempero tem conquistado cada vez mais&hellip;<\/p>\n<\/div><div class=\"ultp-block-readmore\"><a aria-label=\"Russisk estragon: Oplev vidunderene ved denne eksotiske ingrediens\" href=\"http:\/\/cozinhadave.com\/da\/russisk-bytte\/\">F\u00e5 mere at vide<svg xmlns=\"http:\/\/www.w3.org\/2000\/svg\" fill=\"none\" viewbox=\"0 0 24 24\">\n  <path stroke=\"currentColor\" stroke-linecap=\"round\" stroke-linejoin=\"round\" stroke-width=\"1.5\" d=\"m12 20.5 8.5-8.5m0 0L12 3.5m8.5 8.5h-17\"\/>\n<\/svg>\n<\/a><\/div><\/div><\/div><\/div><div class=\"ultp-block-item ultp-block-media post-id-17847\"><div class=\"ultp-block-content-wrap\"><div class=\"ultp-block-image ultp-block-image-opacity\"><a href=\"http:\/\/cozinhadave.com\/da\/xuxu\/\"><img decoding=\"async\"  alt=\"xuxu 4\"  src=\"http:\/\/cozinhadave.com\/wp-content\/uploads\/2023\/08\/xuxu-4-1-600x585.jpg\" \/><\/a><\/div><div class=\"ultp-block-content\"><div class=\"ultp-category-grid ultp-category-classic ultp-category-aboveTitle\"><div class=\"ultp-category-in\"><a class=\"ultp-cat-ingredientes\" href=\"http:\/\/cozinhadave.com\/da\/kategori\/ingredienser\/\">INGREDIENSER<\/a><a class=\"ultp-cat-legumes\" href=\"http:\/\/cozinhadave.com\/da\/kategori\/ingredienser\/grontsager\/\">GR\u00d8NTSAGER<\/a><\/div><\/div><h3 class=\"ultp-block-title\"><a href=\"http:\/\/cozinhadave.com\/da\/xuxu\/\">Xuxu: Den magiske ingrediens, der vil forvandle dine opskrifter<\/a><\/h3><div class=\"ultp-block-excerpt\"><p>Xuxu: O ingrediente m\u00e1gico que vai transformar suas receitas Prepare-se para descobrir o segredo por tr\u00e1s de uma das hortali\u00e7as mais subestimadas do mercado. \u00c9 isso mesmo, estou falando do Xuxu! Se voc\u00ea j\u00e1 torceu o nariz para essa iguaria,&hellip;<\/p>\n<\/div><div class=\"ultp-block-readmore\"><a aria-label=\"Xuxu: Den magiske ingrediens, der vil forvandle dine opskrifter\" href=\"http:\/\/cozinhadave.com\/da\/xuxu\/\">F\u00e5 mere at vide<svg xmlns=\"http:\/\/www.w3.org\/2000\/svg\" fill=\"none\" viewbox=\"0 0 24 24\">\n  <path stroke=\"currentColor\" stroke-linecap=\"round\" stroke-linejoin=\"round\" stroke-width=\"1.5\" d=\"m12 20.5 8.5-8.5m0 0L12 3.5m8.5 8.5h-17\"\/>\n<\/svg>\n<\/a><\/div><\/div><\/div><\/div><div class=\"ultp-block-item ultp-block-media post-id-16807\"><div class=\"ultp-block-content-wrap\"><div class=\"ultp-block-image ultp-block-image-opacity\"><a href=\"http:\/\/cozinhadave.com\/da\/azuki-bonner\/\"><img decoding=\"async\"  alt=\"azuki-b\u00f8nner\"  src=\"http:\/\/cozinhadave.com\/wp-content\/uploads\/2023\/08\/feijao-azuki-600x585.jpg\" \/><\/a><\/div><div class=\"ultp-block-content\"><div class=\"ultp-category-grid ultp-category-classic ultp-category-aboveTitle\"><div class=\"ultp-category-in\"><a class=\"ultp-cat-ingredientes\" href=\"http:\/\/cozinhadave.com\/da\/kategori\/ingredienser\/\">INGREDIENSER<\/a><a class=\"ultp-cat-legumes\" href=\"http:\/\/cozinhadave.com\/da\/kategori\/ingredienser\/grontsager\/\">GR\u00d8NTSAGER<\/a><\/div><\/div><h3 class=\"ultp-block-title\"><a href=\"http:\/\/cozinhadave.com\/da\/azuki-bonner\/\">Azukib\u00f8nner: Delikatessen, der vandt mit hjerte og mine smagsl\u00f8g i Brasilien<\/a><\/h3><div class=\"ultp-block-excerpt\"><p>Feij\u00e3o Azuki: A del\u00edcia que ganhou meu cora\u00e7\u00e3o e paladar no Brasil Desde que cheguei ao Brasil, h\u00e1 alguns anos, tenho experimentado muitas comidas diferentes. Algumas eu adorei, outras nem tanto. Mas, h\u00e1 uma que conquistou completamente meu cora\u00e7\u00e3o e&hellip;<\/p>\n<\/div><div class=\"ultp-block-readmore\"><a aria-label=\"Azukib\u00f8nner: Delikatessen, der vandt mit hjerte og mine smagsl\u00f8g i Brasilien\" href=\"http:\/\/cozinhadave.com\/da\/azuki-bonner\/\">F\u00e5 mere at vide<svg xmlns=\"http:\/\/www.w3.org\/2000\/svg\" fill=\"none\" viewbox=\"0 0 24 24\">\n  <path stroke=\"currentColor\" stroke-linecap=\"round\" stroke-linejoin=\"round\" stroke-width=\"1.5\" d=\"m12 20.5 8.5-8.5m0 0L12 3.5m8.5 8.5h-17\"\/>\n<\/svg>\n<\/a><\/div><\/div><\/div><\/div><div class=\"ultp-block-item ultp-block-media post-id-16749\"><div class=\"ultp-block-content-wrap\"><div class=\"ultp-block-image ultp-block-image-opacity\"><a href=\"http:\/\/cozinhadave.com\/da\/sort-blomme\/\"><img decoding=\"async\"  alt=\"Sort blomme\"  src=\"http:\/\/cozinhadave.com\/wp-content\/uploads\/2023\/08\/Ameixa-preta-600x576.jpg\" \/><\/a><\/div><div class=\"ultp-block-content\"><div class=\"ultp-category-grid ultp-category-classic ultp-category-aboveTitle\"><div class=\"ultp-category-in\"><a class=\"ultp-cat-ingredientes\" href=\"http:\/\/cozinhadave.com\/da\/kategori\/ingredienser\/\">INGREDIENSER<\/a><a class=\"ultp-cat-frutas\" href=\"http:\/\/cozinhadave.com\/da\/kategori\/ingredienser\/frutas\/\">FRUGTER<\/a><\/div><\/div><h3 class=\"ultp-block-title\"><a href=\"http:\/\/cozinhadave.com\/da\/sort-blomme\/\">Sort blomme: den velsmagende og n\u00e6ringsrige hemmelighed, jeg opdagede<\/a><\/h3><div class=\"ultp-block-excerpt\"><p>Ameixa preta: o segredo saboroso e nutritivo que eu descobri Eu sempre fui uma pessoa que adora experimentar novidades na cozinha. Recentemente, eu descobri um novo ingrediente que mudou completamente o sabor das minhas receitas: ameixa preta! N\u00e3o apenas a&hellip;<\/p>\n<\/div><div class=\"ultp-block-readmore\"><a aria-label=\"Sort blomme: den velsmagende og n\u00e6ringsrige hemmelighed, jeg opdagede\" href=\"http:\/\/cozinhadave.com\/da\/sort-blomme\/\">F\u00e5 mere at vide<svg xmlns=\"http:\/\/www.w3.org\/2000\/svg\" fill=\"none\" viewbox=\"0 0 24 24\">\n  <path stroke=\"currentColor\" stroke-linecap=\"round\" stroke-linejoin=\"round\" stroke-width=\"1.5\" d=\"m12 20.5 8.5-8.5m0 0L12 3.5m8.5 8.5h-17\"\/>\n<\/svg>\n<\/a><\/div><\/div><\/div><\/div><div class=\"ultp-block-item ultp-block-media post-id-17933\"><div class=\"ultp-block-content-wrap\"><div class=\"ultp-block-image ultp-block-image-opacity\"><a href=\"http:\/\/cozinhadave.com\/da\/ananas\/\"><img decoding=\"async\"  alt=\"Ananas\"  src=\"http:\/\/cozinhadave.com\/wp-content\/uploads\/2023\/08\/Ananas-600x576.jpg\" \/><\/a><\/div><div class=\"ultp-block-content\"><div class=\"ultp-category-grid ultp-category-classic ultp-category-aboveTitle\"><div class=\"ultp-category-in\"><a class=\"ultp-cat-frutas\" href=\"http:\/\/cozinhadave.com\/da\/kategori\/ingredienser\/frutas\/\">FRUGTER<\/a><a class=\"ultp-cat-ingredientes\" href=\"http:\/\/cozinhadave.com\/da\/kategori\/ingredienser\/\">INGREDIENSER<\/a><\/div><\/div><h3 class=\"ultp-block-title\"><a href=\"http:\/\/cozinhadave.com\/da\/ananas\/\">Ananas: Jeg opdagede de utrolige fordele ved denne tropiske frugt.<\/a><\/h3><div class=\"ultp-block-excerpt\"><p>Anan\u00e1s: Eu descobri os incr\u00edveis benef\u00edcios desta fruta tropical Voc\u00ea j\u00e1 experimentou o Anan\u00e1s? Eu sou uma pessoa muito interessada em ingredientes culin\u00e1rios e recentemente descobri os benef\u00edcios surpreendentes desta fruta tropical. Estou animada para compartilhar com voc\u00ea as propriedades&hellip;<\/p>\n<\/div><div class=\"ultp-block-readmore\"><a aria-label=\"Ananas: Jeg opdagede de utrolige fordele ved denne tropiske frugt.\" href=\"http:\/\/cozinhadave.com\/da\/ananas\/\">F\u00e5 mere at vide<svg xmlns=\"http:\/\/www.w3.org\/2000\/svg\" fill=\"none\" viewbox=\"0 0 24 24\">\n  <path stroke=\"currentColor\" stroke-linecap=\"round\" stroke-linejoin=\"round\" stroke-width=\"1.5\" d=\"m12 20.5 8.5-8.5m0 0L12 3.5m8.5 8.5h-17\"\/>\n<\/svg>\n<\/a><\/div><\/div><\/div><\/div><div class=\"ultp-block-item ultp-block-media post-id-16833\"><div class=\"ultp-block-content-wrap\"><div class=\"ultp-block-image ultp-block-image-opacity\"><a href=\"http:\/\/cozinhadave.com\/da\/artiskok\/\"><img decoding=\"async\"  alt=\"artiskok\"  src=\"http:\/\/cozinhadave.com\/wp-content\/uploads\/2023\/08\/alcachofra-1-600x585.jpg\" \/><\/a><\/div><div class=\"ultp-block-content\"><div class=\"ultp-category-grid ultp-category-classic ultp-category-aboveTitle\"><div class=\"ultp-category-in\"><a class=\"ultp-cat-ingredientes\" href=\"http:\/\/cozinhadave.com\/da\/kategori\/ingredienser\/\">INGREDIENSER<\/a><a class=\"ultp-cat-legumes\" href=\"http:\/\/cozinhadave.com\/da\/kategori\/ingredienser\/grontsager\/\">GR\u00d8NTSAGER<\/a><\/div><\/div><h3 class=\"ultp-block-title\"><a href=\"http:\/\/cozinhadave.com\/da\/artiskok\/\">Opdag artiskokkens hemmeligheder: Fordele og l\u00e6kkerier!<\/a><\/h3><div class=\"ultp-block-excerpt\"><p>Descubra os Segredos da Alcachofra: Benef\u00edcios e Del\u00edcias! Ol\u00e1, meus queridos leitores! Hoje vamos falar sobre um dos meus alimentos favoritos: a alcachofra! Essa planta comest\u00edvel \u00e9 conhecida n\u00e3o s\u00f3 pelo seu sabor \u00fanico e versatilidade na culin\u00e1ria, mas tamb\u00e9m&hellip;<\/p>\n<\/div><div class=\"ultp-block-readmore\"><a aria-label=\"Opdag artiskokkens hemmeligheder: Fordele og l\u00e6kkerier!\" href=\"http:\/\/cozinhadave.com\/da\/artiskok\/\">F\u00e5 mere at vide<svg xmlns=\"http:\/\/www.w3.org\/2000\/svg\" fill=\"none\" viewbox=\"0 0 24 24\">\n  <path stroke=\"currentColor\" stroke-linecap=\"round\" stroke-linejoin=\"round\" stroke-width=\"1.5\" d=\"m12 20.5 8.5-8.5m0 0L12 3.5m8.5 8.5h-17\"\/>\n<\/svg>\n<\/a><\/div><\/div><\/div><\/div><div class=\"ultp-block-item ultp-block-media post-id-17208\"><div class=\"ultp-block-content-wrap\"><div class=\"ultp-block-image ultp-block-image-opacity\"><a href=\"http:\/\/cozinhadave.com\/da\/chutney\/\"><img decoding=\"async\"  alt=\"chutney\"  src=\"http:\/\/cozinhadave.com\/wp-content\/uploads\/2023\/09\/chutney-1-600x585.jpg\" \/><\/a><\/div><div class=\"ultp-block-content\"><div class=\"ultp-category-grid ultp-category-classic ultp-category-aboveTitle\"><div class=\"ultp-category-in\"><a class=\"ultp-cat-ingredientes\" href=\"http:\/\/cozinhadave.com\/da\/kategori\/ingredienser\/\">INGREDIENSER<\/a><a class=\"ultp-cat-condimentos\" href=\"http:\/\/cozinhadave.com\/da\/kategori\/ingredienser\/condimentos\/\">KONDIMENTER<\/a><\/div><\/div><h3 class=\"ultp-block-title\"><a href=\"http:\/\/cozinhadave.com\/da\/chutney\/\">Chutney: delikatessen, der har erobret brasilianernes smagsl\u00f8g!<\/a><\/h3><div class=\"ultp-block-excerpt\"><p>Ol\u00e1, pessoal! Eu sou uma jornalista apaixonada por gastronomia e hoje estou aqui para falar sobre um molho que est\u00e1 fazendo sucesso entre os brasileiros: o chutney. Chutney: a del\u00edcia que conquistou o paladar dos brasileiros! Se voc\u00ea ainda n\u00e3o&hellip;<\/p>\n<\/div><div class=\"ultp-block-readmore\"><a aria-label=\"Chutney: delikatessen, der har erobret brasilianernes smagsl\u00f8g!\" href=\"http:\/\/cozinhadave.com\/da\/chutney\/\">F\u00e5 mere at vide<svg xmlns=\"http:\/\/www.w3.org\/2000\/svg\" fill=\"none\" viewbox=\"0 0 24 24\">\n  <path stroke=\"currentColor\" stroke-linecap=\"round\" stroke-linejoin=\"round\" stroke-width=\"1.5\" d=\"m12 20.5 8.5-8.5m0 0L12 3.5m8.5 8.5h-17\"\/>\n<\/svg>\n<\/a><\/div><\/div><\/div><\/div><div class=\"ultp-block-item ultp-block-media post-id-17927\"><div class=\"ultp-block-content-wrap\"><div class=\"ultp-block-image ultp-block-image-opacity\"><a href=\"http:\/\/cozinhadave.com\/da\/brod-frugt\/\"><img decoding=\"async\"  alt=\"br\u00f8d frugt\"  src=\"http:\/\/cozinhadave.com\/wp-content\/uploads\/2023\/08\/fruta-pao-600x585.jpg\" \/><\/a><\/div><div class=\"ultp-block-content\"><div class=\"ultp-category-grid ultp-category-classic ultp-category-aboveTitle\"><div class=\"ultp-category-in\"><a class=\"ultp-cat-ingredientes\" href=\"http:\/\/cozinhadave.com\/da\/kategori\/ingredienser\/\">INGREDIENSER<\/a><a class=\"ultp-cat-frutas\" href=\"http:\/\/cozinhadave.com\/da\/kategori\/ingredienser\/frutas\/\">FRUGTER<\/a><\/div><\/div><h3 class=\"ultp-block-title\"><a href=\"http:\/\/cozinhadave.com\/da\/brod-frugt\/\">Br\u00f8dfrugt: Udforsk mine velsmagende eventyr rundt om i Brasilien<\/a><\/h3><div class=\"ultp-block-excerpt\"><p>Se voc\u00ea acha que j\u00e1 experimentou todas as frutas poss\u00edveis no Brasil, deixe-me apresentar a voc\u00ea a fruta p\u00e3o. Eu, como entusiasta da culin\u00e1ria, fui apresentado a essa fruta pelos meus amigos nordestinos e me apaixonei pelo sabor \u00fanico e&hellip;<\/p>\n<\/div><div class=\"ultp-block-readmore\"><a aria-label=\"Br\u00f8dfrugt: Udforsk mine velsmagende eventyr rundt om i Brasilien\" href=\"http:\/\/cozinhadave.com\/da\/brod-frugt\/\">F\u00e5 mere at vide<svg xmlns=\"http:\/\/www.w3.org\/2000\/svg\" fill=\"none\" viewbox=\"0 0 24 24\">\n  <path stroke=\"currentColor\" stroke-linecap=\"round\" stroke-linejoin=\"round\" stroke-width=\"1.5\" d=\"m12 20.5 8.5-8.5m0 0L12 3.5m8.5 8.5h-17\"\/>\n<\/svg>\n<\/a><\/div><\/div><\/div><\/div><\/div><div class=\"ultp-loadmore\"><span class=\"ultp-loadmore-action\" tabindex=\"0\" role=\"button\" data-pages=\"10\" data-pagenum=\"1\"  data-expost=\"\" data-blockid=\"3f3328\" data-blockname=\"ultimate-post_post-list-3\" data-postid=\"21056\" data-selfpostid=\"yes\">Se mere <span class=\"ultp-spin\"><svg xmlns=\"http:\/\/www.w3.org\/2000\/svg\" fill=\"none\" viewbox=\"0 0 24 24\">\n  <path stroke=\"currentColor\" stroke-linecap=\"round\" stroke-linejoin=\"round\" stroke-width=\"1.5\" d=\"M21 12a9 9 0 0 1-17 4.127M3 12a9 9 0 0 1 17-4.127M20 3v5h-5M4 21v-5h5\"\/>\n<\/svg>\n<\/span><\/span><\/div><\/div><div class=\"pagination-block-html\" aria-hidden=\"true\" style=\"display: none;\"><\/div><\/div><\/div>\n\n\n\n<div class=\"wp-block-uagb-container uagb-block-179d179f\"><\/div>\n<\/div><\/div>","protected":false},"excerpt":{"rendered":"<p>INGREDIENTES Para uma deliciosa receita, \u00e9 sempre necess\u00e1rio escolher os ingredientes mais adequados. Para que isso aconte\u00e7a voc\u00ea dever\u00e1 identificar se os ingredientes s\u00e3o os mais indicados para a receita que vai preparar.&nbsp; Neste espa\u00e7o oferecemos diversos guias gratuitos sobre os mais variados ingredientes, que normalmente utilizamos nas nossas receitas, mas a parte melhor \u00e9&hellip;&nbsp;<\/p>\n<div class=\"read-more-wrapper\"><a href=\"http:\/\/cozinhadave.com\/da\/ingredienser\/\" class=\"button button-secondary\" rel=\"bookmark\">L\u00e6s mere &quot;<span class=\"screen-reader-text\">INGREDIENSER<\/span><\/a><\/div>","protected":false},"author":10,"featured_media":0,"parent":0,"menu_order":0,"comment_status":"closed","ping_status":"closed","template":"","meta":{"_uag_custom_page_level_css":"","wprm-recipe-roundup-name":"","wprm-recipe-roundup-description":"","neve_meta_sidebar":"","neve_meta_container":"","neve_meta_enable_content_width":"","neve_meta_content_width":0,"neve_meta_title_alignment":"","neve_meta_author_avatar":"","neve_post_elements_order":"","neve_meta_disable_header":"","neve_meta_disable_footer":"","neve_meta_disable_title":"","neve_meta_reading_time":"","footnotes":""},"class_list":["post-21056","page","type-page","status-publish","hentry"],"uagb_featured_image_src":{"full":false,"thumbnail":false,"medium":false,"medium_large":false,"large":false,"1536x1536":false,"2048x2048":false,"trp-custom-language-flag":false,"ultp_layout_landscape_large":false,"ultp_layout_landscape":false,"ultp_layout_portrait":false,"ultp_layout_square":false,"wprm-metadata-1_1":false,"wprm-metadata-4_3":false,"wprm-metadata-16_9":false,"neve-blog":false},"uagb_author_info":{"display_name":"Paulo RIbeiro","author_link":"http:\/\/cozinhadave.com\/da\/author\/paulomiguelribeirogmail-com\/"},"uagb_comment_info":0,"uagb_excerpt":"INGREDIENTES Para uma deliciosa receita, \u00e9 sempre necess\u00e1rio escolher os ingredientes mais adequados. Para que isso aconte\u00e7a voc\u00ea dever\u00e1 identificar se os ingredientes s\u00e3o os mais indicados para a receita que vai preparar.&nbsp; Neste espa\u00e7o oferecemos diversos guias gratuitos sobre os mais variados ingredientes, que normalmente utilizamos nas nossas receitas, mas a parte melhor \u00e9&hellip;&nbsp;Ler&hellip;","_links":{"self":[{"href":"http:\/\/cozinhadave.com\/da\/wp-json\/wp\/v2\/pages\/21056","targetHints":{"allow":["GET"]}}],"collection":[{"href":"http:\/\/cozinhadave.com\/da\/wp-json\/wp\/v2\/pages"}],"about":[{"href":"http:\/\/cozinhadave.com\/da\/wp-json\/wp\/v2\/types\/page"}],"author":[{"embeddable":true,"href":"http:\/\/cozinhadave.com\/da\/wp-json\/wp\/v2\/users\/10"}],"replies":[{"embeddable":true,"href":"http:\/\/cozinhadave.com\/da\/wp-json\/wp\/v2\/comments?post=21056"}],"version-history":[{"count":0,"href":"http:\/\/cozinhadave.com\/da\/wp-json\/wp\/v2\/pages\/21056\/revisions"}],"wp:attachment":[{"href":"http:\/\/cozinhadave.com\/da\/wp-json\/wp\/v2\/media?parent=21056"}],"curies":[{"name":"wp","href":"https:\/\/api.w.org\/{rel}","templated":true}]}}